{"id":7754,"date":"2026-01-14T15:29:54","date_gmt":"2026-01-14T08:29:54","guid":{"rendered":"https:\/\/quando.com.vn\/?post_type=product&#038;p=7754"},"modified":"2026-01-14T16:11:02","modified_gmt":"2026-01-14T09:11:02","slug":"dong-ho-luu-luong-dien-tu-fmc240","status":"publish","type":"product","link":"https:\/\/quando.com.vn\/en\/product\/dong-ho-luu-luong-dien-tu-fmc240\/","title":{"rendered":"\u0110\u1ed3ng h\u1ed3 l\u01b0u l\u01b0\u1ee3ng n\u01b0\u1edbc \u0111i\u1ec7n t\u1eeb FMC240"},"content":{"rendered":"<p>\u0110\u1ed3ng h\u1ed3 l\u01b0u l\u01b0\u1ee3ng n\u01b0\u1edbc \u0111i\u1ec7n t\u1eeb FMC240 (Electronic Water Meter) \u0111\u01b0\u1ee3c thi\u1ebft k\u1ebf \u0111\u1ec3 \u0111o l\u01b0u l\u01b0\u1ee3ng n\u01b0\u1edbc v\u00e0 c\u00e1c ch\u1ea5t l\u1ecfng c\u00f3 kh\u1ea3 n\u0103ng d\u1eabn \u0111i\u1ec7n. Thi\u1ebft b\u1ecb ho\u1ea1t \u0111\u1ed9ng d\u1ef1a tr\u00ean \u0111\u1ecbnh lu\u1eadt c\u1ea3m \u1ee9ng \u0111i\u1ec7n t\u1eeb Faraday, cho ph\u00e9p \u0111o l\u01b0u l\u01b0\u1ee3ng ch\u00ednh x\u00e1c m\u00e0 kh\u00f4ng c\u1ea7n c\u00e1c b\u1ed9 ph\u1eadn chuy\u1ec3n \u0111\u1ed9ng nh\u01b0 c\u00e1nh qu\u1ea1t, turbine hay \u1ed5 bi.<\/p>\n<p>Nh\u1edd c\u1ea5u tr\u00fac kh\u00f4ng c\u01a1 kh\u00ed, FMC240 lo\u1ea1i b\u1ecf ho\u00e0n to\u00e0n c\u00e1c v\u1ea5n \u0111\u1ec1 li\u00ean quan \u0111\u1ebfn m\u00e0i m\u00f2n, k\u1eb9t c\u01a1 c\u1ea5u ho\u1eb7c suy gi\u1ea3m \u0111\u1ed9 ch\u00ednh x\u00e1c theo th\u1eddi gian. \u0110i\u1ec1u n\u00e0y gi\u00fap \u0111\u1ed3ng h\u1ed3 ho\u1ea1t \u0111\u1ed9ng \u1ed5n \u0111\u1ecbnh l\u00e2u d\u00e0i v\u00e0 gi\u1ea3m chi ph\u00ed b\u1ea3o tr\u00ec.<\/p>\n<h4><strong>\u01afu \u0111i\u1ec3m n\u1ed5i b\u1eadt<\/strong><\/h4>\n<p>&#8211; Kh\u00f4ng c\u00f3 b\u1ed9 ph\u1eadn chuy\u1ec3n \u0111\u1ed9ng, tu\u1ed5i th\u1ecd cao<br \/>\n&#8211; \u0110\u1ed9 ch\u00ednh x\u00e1c \u1ed5n \u0111\u1ecbnh, l\u1eb7p l\u1ea1i t\u1ed1t<br \/>\n&#8211; Kh\u1ea3 n\u0103ng ch\u1ed1ng nhi\u1ec5u m\u1ea1nh, hi\u1ec3n th\u1ecb l\u01b0u l\u01b0\u1ee3ng \u1ed5n \u0111\u1ecbnh<br \/>\n&#8211; T\u00edch h\u1ee3p kh\u1ea3 n\u0103ng ch\u1ed1ng s\u00e9t, ph\u00f9 h\u1ee3p khu v\u1ef1c d\u1ec5 c\u00f3 gi\u00f4ng s\u00e9t<br \/>\n&#8211; V\u1eadt li\u1ec7u \u0111i\u1ec7n c\u1ef1c v\u00e0 l\u1edbp l\u00f3t \u0111a d\u1ea1ng, ph\u00f9 h\u1ee3p nhi\u1ec1u m\u00f4i ch\u1ea5t<br \/>\n&#8211; C\u00f3 phi\u00ean b\u1ea3n compact ho\u1eb7c remote cho nhi\u1ec1u \u0111i\u1ec1u ki\u1ec7n l\u1eafp \u0111\u1eb7t<\/p>\n<h4><strong>Nguy\u00ean l\u00fd \u0111o l\u01b0u l\u01b0\u1ee3ng \u0111i\u1ec7n t\u1eeb<\/strong><\/h4>\n<p>Khi ch\u1ea5t l\u1ecfng d\u1eabn \u0111i\u1ec7n ch\u1ea3y qua \u1ed1ng \u0111o v\u00e0 c\u1eaft t\u1eeb tr\u01b0\u1eddng do cu\u1ed9n d\u00e2y t\u1ea1o ra, m\u1ed9t \u0111i\u1ec7n \u00e1p c\u1ea3m \u1ee9ng s\u1ebd xu\u1ea5t hi\u1ec7n tr\u00ean hai \u0111i\u1ec7n c\u1ef1c \u0111\u1eb7t \u0111\u1ed1i di\u1ec7n nhau. \u0110i\u1ec7n \u00e1p n\u00e0y t\u1ef7 l\u1ec7 thu\u1eadn v\u1edbi v\u1eadn t\u1ed1c d\u00f2ng ch\u1ea3y, t\u1eeb \u0111\u00f3 b\u1ed9 chuy\u1ec3n \u0111\u1ed5i s\u1ebd t\u00ednh to\u00e1n v\u00e0 hi\u1ec3n th\u1ecb l\u01b0u l\u01b0\u1ee3ng.<\/p>\n<p>\u0110i\u1ec1u ki\u1ec7n b\u1eaft bu\u1ed9c c\u1ee7a ph\u01b0\u01a1ng ph\u00e1p \u0111o n\u00e0y l\u00e0 m\u00f4i ch\u1ea5t ph\u1ea3i c\u00f3 \u0111\u1ed9 d\u1eabn \u0111i\u1ec7n t\u1ed1i thi\u1ec3u l\u1edbn h\u01a1n 5\u03bcS\/cm. C\u00e1c ch\u1ea5t l\u1ecfng kh\u00f4ng d\u1eabn \u0111i\u1ec7n nh\u01b0 d\u1ea7u ho\u1eb7c dung m\u00f4i h\u1eefu c\u01a1 kh\u00f4ng th\u1ec3 \u0111o b\u1eb1ng \u0111\u1ed3ng h\u1ed3 \u0111i\u1ec7n t\u1eeb.<\/p>\n<p><img loading=\"lazy\" class=\"aligncenter size-full wp-image-7760\" src=\"https:\/\/quando.com.vn\/wp-content\/uploads\/2026\/01\/FMC240-magflow_content.webp\" alt=\"\u0111\u1ed3ng h\u1ed3 \u0111o l\u01b0u l\u01b0\u1ee3ng n\u01b0\u1edbc \u0111i\u1ec7n t\u1eeb  FCM240\" width=\"1000\" height=\"500\" srcset=\"https:\/\/quando.com.vn\/wp-content\/uploads\/2026\/01\/FMC240-magflow_content.webp 1000w, https:\/\/quando.com.vn\/wp-content\/uploads\/2026\/01\/FMC240-magflow_content-300x150.webp 300w, https:\/\/quando.com.vn\/wp-content\/uploads\/2026\/01\/FMC240-magflow_content-768x384.webp 768w, https:\/\/quando.com.vn\/wp-content\/uploads\/2026\/01\/FMC240-magflow_content-18x9.webp 18w\" sizes=\"(max-width: 1000px) 100vw, 1000px\" \/><\/p>\n<h4><strong>Th\u00f4ng s\u1ed1 k\u1ef9 thu\u1eadt<\/strong><\/h4>\n<table>\n<tbody>\n<tr>\n<td>Model<\/td>\n<td>FMC240<\/td>\n<\/tr>\n<tr>\n<td>\u0110\u01b0\u1eddng k\u00ednh danh \u0111\u1ecbnh<\/td>\n<td>DN15 ~ DN1000<\/td>\n<\/tr>\n<tr>\n<td>\u00c1p su\u1ea5t danh \u0111\u1ecbnh<\/td>\n<td>DN15\u2013DN250: PN \u22641.6MPa<br \/>\nDN300\u2013DN1000: PN \u22641.0MPa<\/td>\n<\/tr>\n<tr>\n<td>C\u1ea5p ch\u00ednh x\u00e1c<\/td>\n<td>Class 2<\/td>\n<\/tr>\n<tr>\n<td>\u0110\u1ed9 l\u1eb7p l\u1ea1i<\/td>\n<td>0.16%<\/td>\n<\/tr>\n<tr>\n<td>\u0110\u1ed9 d\u1eabn \u0111i\u1ec7n y\u00eau c\u1ea7u<\/td>\n<td>T\u1ed1i thi\u1ec3u 5\u03bcS\/cm (khuy\u1ebfn ngh\u1ecb &gt;30\u03bcS\/cm)<\/td>\n<\/tr>\n<tr>\n<td>V\u1eadt li\u1ec7u l\u1edbp l\u00f3t<\/td>\n<td>Neoprene (CR), PU, PTFE (F4), PFEP (F46), PFA<\/td>\n<\/tr>\n<tr>\n<td>V\u1eadt li\u1ec7u \u0111i\u1ec7n c\u1ef1c<\/td>\n<td>316L, Hastelloy C\/B, Titanium, Tantalum, Platinum<\/td>\n<\/tr>\n<tr>\n<td>Nhi\u1ec7t \u0111\u1ed9 m\u00f4i ch\u1ea5t<\/td>\n<td>Neoprene: -10\u2026+70\u2103<br \/>\nPU: -10\u2026+60\u2103<br \/>\nPTFE\/FEP: -10\u2026+120\u2103<br \/>\nPFA: -10\u2026+120\u2103<\/td>\n<\/tr>\n<tr>\n<td>Ngu\u1ed3n c\u1ea5p<\/td>\n<td>220VAC ho\u1eb7c 24VDC<\/td>\n<\/tr>\n<tr>\n<td>Ki\u1ec3u l\u1eafp<\/td>\n<td>Compact \/ Remote<\/td>\n<\/tr>\n<tr>\n<td>C\u1ea5p b\u1ea3o v\u1ec7<\/td>\n<td>IP65, IP68 (remote)<\/td>\n<\/tr>\n<tr>\n<td>Ti\u00eau chu\u1ea9n<\/td>\n<td>JB\/T 9248-2015<\/td>\n<\/tr>\n<\/tbody>\n<\/table>\n<h4><strong>\u1ee8ng d\u1ee5ng \u0111\u1ed3ng h\u1ed3 l\u01b0u l\u01b0\u1ee3ng n\u01b0\u1edbc \u0111i\u1ec7n t\u1eeb FMC240<\/strong><\/h4>\n<p>&#8211; H\u1ec7 th\u1ed1ng c\u1ea5p n\u01b0\u1edbc sinh ho\u1ea1t<br \/>\n&#8211; Nh\u00e0 m\u00e1y x\u1eed l\u00fd n\u01b0\u1edbc v\u00e0 n\u01b0\u1edbc th\u1ea3i<br \/>\n&#8211; \u0110o l\u01b0u l\u01b0\u1ee3ng n\u01b0\u1edbc c\u00f4ng nghi\u1ec7p<br \/>\n&#8211; Ng\u00e0nh h\u00f3a ch\u1ea5t, th\u1ef1c ph\u1ea9m, gi\u1ea5y<br \/>\n&#8211; H\u1ec7 th\u1ed1ng \u0111\u01b0\u1eddng \u1ed1ng l\u1edbn DN \u0111\u1ebfn 1000<\/p>\n<p>FMC240 l\u00e0 gi\u1ea3i ph\u00e1p \u0111o l\u01b0u l\u01b0\u1ee3ng n\u01b0\u1edbc \u0111i\u1ec7n t\u1eeb \u0111\u00e1ng tin c\u1eady, ph\u00f9 h\u1ee3p cho c\u00e1c h\u1ec7 th\u1ed1ng y\u00eau c\u1ea7u \u0111\u1ed9 b\u1ec1n cao, \u0111\u1ed9 ch\u00ednh x\u00e1c \u1ed5n \u0111\u1ecbnh v\u00e0 chi ph\u00ed v\u1eadn h\u00e0nh th\u1ea5p.<\/p>","protected":false},"excerpt":{"rendered":"<p>&#8211; \u0110\u1ed3ng h\u1ed3 \u0111o l\u01b0u l\u01b0\u1ee3ng theo \u0111\u1ecbnh lu\u1eadt Faraday<br \/>\n&#8211; Kh\u00f4ng b\u1ed9 ph\u1eadn chuy\u1ec3n \u0111\u1ed9ng, kh\u00f4ng m\u00e0i m\u00f2n c\u01a1 kh\u00ed<br \/>\n&#8211; \u0110\u1ed9 \u1ed5n \u0111\u1ecbnh cao, ch\u1ed1ng nhi\u1ec5u v\u00e0 ch\u1ed1ng s\u00e9t t\u1ed1t<br \/>\n&#8211; D\u1ea3i \u0111\u01b0\u1eddng k\u00ednh r\u1ed9ng t\u1eeb DN15 \u0111\u1ebfn DN1000<br \/>\n&#8211; Ph\u00f9 h\u1ee3p h\u1ec7 th\u1ed1ng c\u1ea5p n\u01b0\u1edbc v\u00e0 c\u00f4ng nghi\u1ec7p<\/p>","protected":false},"featured_media":7758,"template":"","meta":[],"product_cat":[576,507],"product_tag":[],"acf":[],"yoast_head":"<!-- This site is optimized with the Yoast SEO Premium plugin v18.4 (Yoast SEO v18.6) - https:\/\/yoast.com\/wordpress\/plugins\/seo\/ -->\n<title>\u0110\u1ed3ng h\u1ed3 l\u01b0u l\u01b0\u1ee3ng n\u01b0\u1edbc \u0111i\u1ec7n t\u1eeb FMC240 - QUANDO<\/title>\n<meta name=\"description\" content=\"\u0110\u1ed3ng h\u1ed3 l\u01b0u l\u01b0\u1ee3ng n\u01b0\u1edbc \u0111i\u1ec7n t\u1eeb FMC240 theo \u0111\u1ecbnh lu\u1eadt Faraday, kh\u00f4ng c\u00f3 b\u1ed9 ph\u1eadn c\u01a1 kh\u00ed, \u0111\u1ed9 b\u1ec1n cao, \u0111o ch\u00ednh x\u00e1c cho n\u01b0\u1edbc v\u00e0 ch\u1ea5t l\u1ecfng d\u1eabn \u0111i\u1ec7n, ph\u00f9 h\u1ee3p h\u1ec7 th\u1ed1ng c\u1ea5p n\u01b0\u1edbc v\u00e0 c\u00f4ng nghi\u1ec7p.\" \/>\n<meta name=\"robots\" content=\"index, follow, max-snippet:-1, max-image-preview:large, max-video-preview:-1\" \/>\n<link rel=\"canonical\" href=\"https:\/\/quando.com.vn\/en\/product\/dong-ho-luu-luong-dien-tu-fmc240\/\" \/>\n<meta property=\"og:locale\" content=\"en_US\" \/>\n<meta property=\"og:type\" content=\"article\" \/>\n<meta property=\"og:title\" content=\"\u0110\u1ed3ng h\u1ed3 l\u01b0u l\u01b0\u1ee3ng n\u01b0\u1edbc \u0111i\u1ec7n t\u1eeb FMC240\" \/>\n<meta property=\"og:description\" content=\"\u0110\u1ed3ng h\u1ed3 l\u01b0u l\u01b0\u1ee3ng n\u01b0\u1edbc \u0111i\u1ec7n t\u1eeb FMC240 theo \u0111\u1ecbnh lu\u1eadt Faraday, kh\u00f4ng c\u00f3 b\u1ed9 ph\u1eadn c\u01a1 kh\u00ed, \u0111\u1ed9 b\u1ec1n cao, \u0111o ch\u00ednh x\u00e1c cho n\u01b0\u1edbc v\u00e0 ch\u1ea5t l\u1ecfng d\u1eabn \u0111i\u1ec7n, ph\u00f9 h\u1ee3p h\u1ec7 th\u1ed1ng c\u1ea5p n\u01b0\u1edbc v\u00e0 c\u00f4ng nghi\u1ec7p.\" \/>\n<meta property=\"og:url\" content=\"https:\/\/quando.com.vn\/en\/product\/dong-ho-luu-luong-dien-tu-fmc240\/\" \/>\n<meta property=\"og:site_name\" content=\"QUANDO\" \/>\n<meta property=\"article:modified_time\" content=\"2026-01-14T09:11:02+00:00\" \/>\n<meta name=\"twitter:card\" content=\"summary_large_image\" \/>\n<meta name=\"twitter:image\" content=\"https:\/\/quando.com.vn\/wp-content\/uploads\/2026\/01\/FMC240-magflow.webp\" \/>\n<meta name=\"twitter:label1\" content=\"Est. reading time\" \/>\n\t<meta name=\"twitter:data1\" content=\"3 minutes\" \/>\n<script type=\"application\/ld+json\" class=\"yoast-schema-graph\">{\"@context\":\"https:\/\/schema.org\",\"@graph\":[{\"@type\":\"WebSite\",\"@id\":\"https:\/\/quando.com.vn\/en\/#website\",\"url\":\"https:\/\/quando.com.vn\/en\/\",\"name\":\"QUANDO\",\"description\":\"\",\"potentialAction\":[{\"@type\":\"SearchAction\",\"target\":{\"@type\":\"EntryPoint\",\"urlTemplate\":\"https:\/\/quando.com.vn\/en\/?s={search_term_string}\"},\"query-input\":\"required name=search_term_string\"}],\"inLanguage\":\"en-US\"},{\"@type\":\"ImageObject\",\"@id\":\"https:\/\/quando.com.vn\/san-pham\/dong-ho-luu-luong-dien-tu-fmc240\/#primaryimage\",\"inLanguage\":\"en-US\",\"url\":\"https:\/\/quando.com.vn\/wp-content\/uploads\/2026\/01\/FMC240-magflow.webp\",\"contentUrl\":\"https:\/\/quando.com.vn\/wp-content\/uploads\/2026\/01\/FMC240-magflow.webp\",\"width\":1000,\"height\":1000,\"caption\":\"\u0111\u1ed3ng h\u1ed3 \u0111o l\u01b0u l\u01b0\u1ee3ng n\u01b0\u1edbc FCM240\"},{\"@type\":\"WebPage\",\"@id\":\"https:\/\/quando.com.vn\/san-pham\/dong-ho-luu-luong-dien-tu-fmc240\/#webpage\",\"url\":\"https:\/\/quando.com.vn\/san-pham\/dong-ho-luu-luong-dien-tu-fmc240\/\",\"name\":\"\u0110\u1ed3ng h\u1ed3 l\u01b0u l\u01b0\u1ee3ng n\u01b0\u1edbc \u0111i\u1ec7n t\u1eeb FMC240 - QUANDO\",\"isPartOf\":{\"@id\":\"https:\/\/quando.com.vn\/en\/#website\"},\"primaryImageOfPage\":{\"@id\":\"https:\/\/quando.com.vn\/san-pham\/dong-ho-luu-luong-dien-tu-fmc240\/#primaryimage\"},\"datePublished\":\"2026-01-14T08:29:54+00:00\",\"dateModified\":\"2026-01-14T09:11:02+00:00\",\"description\":\"\u0110\u1ed3ng h\u1ed3 l\u01b0u l\u01b0\u1ee3ng n\u01b0\u1edbc \u0111i\u1ec7n t\u1eeb FMC240 theo \u0111\u1ecbnh lu\u1eadt Faraday, kh\u00f4ng c\u00f3 b\u1ed9 ph\u1eadn c\u01a1 kh\u00ed, \u0111\u1ed9 b\u1ec1n cao, \u0111o ch\u00ednh x\u00e1c cho n\u01b0\u1edbc v\u00e0 ch\u1ea5t l\u1ecfng d\u1eabn \u0111i\u1ec7n, ph\u00f9 h\u1ee3p h\u1ec7 th\u1ed1ng c\u1ea5p n\u01b0\u1edbc v\u00e0 c\u00f4ng nghi\u1ec7p.\",\"breadcrumb\":{\"@id\":\"https:\/\/quando.com.vn\/san-pham\/dong-ho-luu-luong-dien-tu-fmc240\/#breadcrumb\"},\"inLanguage\":\"en-US\",\"potentialAction\":[{\"@type\":\"ReadAction\",\"target\":[\"https:\/\/quando.com.vn\/san-pham\/dong-ho-luu-luong-dien-tu-fmc240\/\"]}]},{\"@type\":\"BreadcrumbList\",\"@id\":\"https:\/\/quando.com.vn\/san-pham\/dong-ho-luu-luong-dien-tu-fmc240\/#breadcrumb\",\"itemListElement\":[{\"@type\":\"ListItem\",\"position\":1,\"name\":\"Trang ch\u1ee7\",\"item\":\"https:\/\/quando.com.vn\/\"},{\"@type\":\"ListItem\",\"position\":2,\"name\":\"S\u1ea3n ph\u1ea9m\",\"item\":\"https:\/\/quando.com.vn\/san-pham\/\"},{\"@type\":\"ListItem\",\"position\":3,\"name\":\"\u0110\u1ed3ng h\u1ed3 l\u01b0u l\u01b0\u1ee3ng n\u01b0\u1edbc \u0111i\u1ec7n t\u1eeb FMC240\"}]}]}<\/script>\n<!-- \/ Yoast SEO Premium plugin. -->","yoast_head_json":{"title":"\u0110\u1ed3ng h\u1ed3 l\u01b0u l\u01b0\u1ee3ng n\u01b0\u1edbc \u0111i\u1ec7n t\u1eeb FMC240 - QUANDO","description":"\u0110\u1ed3ng h\u1ed3 l\u01b0u l\u01b0\u1ee3ng n\u01b0\u1edbc \u0111i\u1ec7n t\u1eeb FMC240 theo \u0111\u1ecbnh lu\u1eadt Faraday, kh\u00f4ng c\u00f3 b\u1ed9 ph\u1eadn c\u01a1 kh\u00ed, \u0111\u1ed9 b\u1ec1n cao, \u0111o ch\u00ednh x\u00e1c cho n\u01b0\u1edbc v\u00e0 ch\u1ea5t l\u1ecfng d\u1eabn \u0111i\u1ec7n, ph\u00f9 h\u1ee3p h\u1ec7 th\u1ed1ng c\u1ea5p n\u01b0\u1edbc v\u00e0 c\u00f4ng nghi\u1ec7p.","robots":{"index":"index","follow":"follow","max-snippet":"max-snippet:-1","max-image-preview":"max-image-preview:large","max-video-preview":"max-video-preview:-1"},"canonical":"https:\/\/quando.com.vn\/en\/product\/dong-ho-luu-luong-dien-tu-fmc240\/","og_locale":"en_US","og_type":"article","og_title":"\u0110\u1ed3ng h\u1ed3 l\u01b0u l\u01b0\u1ee3ng n\u01b0\u1edbc \u0111i\u1ec7n t\u1eeb FMC240","og_description":"\u0110\u1ed3ng h\u1ed3 l\u01b0u l\u01b0\u1ee3ng n\u01b0\u1edbc \u0111i\u1ec7n t\u1eeb FMC240 theo \u0111\u1ecbnh lu\u1eadt Faraday, kh\u00f4ng c\u00f3 b\u1ed9 ph\u1eadn c\u01a1 kh\u00ed, \u0111\u1ed9 b\u1ec1n cao, \u0111o ch\u00ednh x\u00e1c cho n\u01b0\u1edbc v\u00e0 ch\u1ea5t l\u1ecfng d\u1eabn \u0111i\u1ec7n, ph\u00f9 h\u1ee3p h\u1ec7 th\u1ed1ng c\u1ea5p n\u01b0\u1edbc v\u00e0 c\u00f4ng nghi\u1ec7p.","og_url":"https:\/\/quando.com.vn\/en\/product\/dong-ho-luu-luong-dien-tu-fmc240\/","og_site_name":"QUANDO","article_modified_time":"2026-01-14T09:11:02+00:00","twitter_card":"summary_large_image","twitter_image":"https:\/\/quando.com.vn\/wp-content\/uploads\/2026\/01\/FMC240-magflow.webp","twitter_misc":{"Est. reading time":"3 minutes"},"schema":{"@context":"https:\/\/schema.org","@graph":[{"@type":"WebSite","@id":"https:\/\/quando.com.vn\/en\/#website","url":"https:\/\/quando.com.vn\/en\/","name":"QUANDO","description":"","potentialAction":[{"@type":"SearchAction","target":{"@type":"EntryPoint","urlTemplate":"https:\/\/quando.com.vn\/en\/?s={search_term_string}"},"query-input":"required name=search_term_string"}],"inLanguage":"en-US"},{"@type":"ImageObject","@id":"https:\/\/quando.com.vn\/san-pham\/dong-ho-luu-luong-dien-tu-fmc240\/#primaryimage","inLanguage":"en-US","url":"https:\/\/quando.com.vn\/wp-content\/uploads\/2026\/01\/FMC240-magflow.webp","contentUrl":"https:\/\/quando.com.vn\/wp-content\/uploads\/2026\/01\/FMC240-magflow.webp","width":1000,"height":1000,"caption":"\u0111\u1ed3ng h\u1ed3 \u0111o l\u01b0u l\u01b0\u1ee3ng n\u01b0\u1edbc FCM240"},{"@type":"WebPage","@id":"https:\/\/quando.com.vn\/san-pham\/dong-ho-luu-luong-dien-tu-fmc240\/#webpage","url":"https:\/\/quando.com.vn\/san-pham\/dong-ho-luu-luong-dien-tu-fmc240\/","name":"\u0110\u1ed3ng h\u1ed3 l\u01b0u l\u01b0\u1ee3ng n\u01b0\u1edbc \u0111i\u1ec7n t\u1eeb FMC240 - QUANDO","isPartOf":{"@id":"https:\/\/quando.com.vn\/en\/#website"},"primaryImageOfPage":{"@id":"https:\/\/quando.com.vn\/san-pham\/dong-ho-luu-luong-dien-tu-fmc240\/#primaryimage"},"datePublished":"2026-01-14T08:29:54+00:00","dateModified":"2026-01-14T09:11:02+00:00","description":"\u0110\u1ed3ng h\u1ed3 l\u01b0u l\u01b0\u1ee3ng n\u01b0\u1edbc \u0111i\u1ec7n t\u1eeb FMC240 theo \u0111\u1ecbnh lu\u1eadt Faraday, kh\u00f4ng c\u00f3 b\u1ed9 ph\u1eadn c\u01a1 kh\u00ed, \u0111\u1ed9 b\u1ec1n cao, \u0111o ch\u00ednh x\u00e1c cho n\u01b0\u1edbc v\u00e0 ch\u1ea5t l\u1ecfng d\u1eabn \u0111i\u1ec7n, ph\u00f9 h\u1ee3p h\u1ec7 th\u1ed1ng c\u1ea5p n\u01b0\u1edbc v\u00e0 c\u00f4ng nghi\u1ec7p.","breadcrumb":{"@id":"https:\/\/quando.com.vn\/san-pham\/dong-ho-luu-luong-dien-tu-fmc240\/#breadcrumb"},"inLanguage":"en-US","potentialAction":[{"@type":"ReadAction","target":["https:\/\/quando.com.vn\/san-pham\/dong-ho-luu-luong-dien-tu-fmc240\/"]}]},{"@type":"BreadcrumbList","@id":"https:\/\/quando.com.vn\/san-pham\/dong-ho-luu-luong-dien-tu-fmc240\/#breadcrumb","itemListElement":[{"@type":"ListItem","position":1,"name":"Trang ch\u1ee7","item":"https:\/\/quando.com.vn\/"},{"@type":"ListItem","position":2,"name":"S\u1ea3n ph\u1ea9m","item":"https:\/\/quando.com.vn\/san-pham\/"},{"@type":"ListItem","position":3,"name":"\u0110\u1ed3ng h\u1ed3 l\u01b0u l\u01b0\u1ee3ng n\u01b0\u1edbc \u0111i\u1ec7n t\u1eeb FMC240"}]}]}},"_links":{"self":[{"href":"https:\/\/quando.com.vn\/en\/wp-json\/wp\/v2\/product\/7754"}],"collection":[{"href":"https:\/\/quando.com.vn\/en\/wp-json\/wp\/v2\/product"}],"about":[{"href":"https:\/\/quando.com.vn\/en\/wp-json\/wp\/v2\/types\/product"}],"wp:featuredmedia":[{"embeddable":true,"href":"https:\/\/quando.com.vn\/en\/wp-json\/wp\/v2\/media\/7758"}],"wp:attachment":[{"href":"https:\/\/quando.com.vn\/en\/wp-json\/wp\/v2\/media?parent=7754"}],"wp:term":[{"taxonomy":"product_cat","embeddable":true,"href":"https:\/\/quando.com.vn\/en\/wp-json\/wp\/v2\/product_cat?post=7754"},{"taxonomy":"product_tag","embeddable":true,"href":"https:\/\/quando.com.vn\/en\/wp-json\/wp\/v2\/product_tag?post=7754"}],"curies":[{"name":"wp","href":"https:\/\/api.w.org\/{rel}","templated":true}]}}