{"id":7745,"date":"2026-01-07T14:51:22","date_gmt":"2026-01-07T07:51:22","guid":{"rendered":"https:\/\/quando.com.vn\/?post_type=product&#038;p=7745"},"modified":"2026-01-07T16:35:40","modified_gmt":"2026-01-07T09:35:40","slug":"cam-bien-luu-luong-khi-kieu-thermal-mass-ftm94-ftm95","status":"publish","type":"product","link":"https:\/\/quando.com.vn\/en\/product\/cam-bien-luu-luong-khi-kieu-thermal-mass-ftm94-ftm95\/","title":{"rendered":"C\u1ea3m bi\u1ebfn l\u01b0u l\u01b0\u1ee3ng kh\u00ed FTM94 FTM95 ch\u00ednh x\u00e1c cao"},"content":{"rendered":"<p>C<strong>\u1ea3m bi\u1ebfn l\u01b0u l\u01b0\u1ee3ng kh\u00ed FTM94 FTM95 ch\u00ednh x\u00e1c cao<\/strong> l\u00e0 d\u00f2ng c\u1ea3m bi\u1ebfn \u0111o l\u01b0u l\u01b0\u1ee3ng kh\u00ed ki\u1ec3u nhi\u1ec7t \u0111\u1ed9 kh\u1ed1i (thermal mass) thi\u1ebft k\u1ebf chuy\u00ean d\u00f9ng cho c\u00e1c \u1ee9ng d\u1ee5ng c\u00f4ng nghi\u1ec7p y\u00eau c\u1ea7u \u0111\u1ed9 ch\u00ednh x\u00e1c cao, m\u00f4i tr\u01b0\u1eddng b\u1ee5i, \u0103n m\u00f2n, nhi\u1ec7t \u0111\u1ed9 v\u00e0 \u00e1p su\u1ea5t cao. Thi\u1ebft b\u1ecb c\u00f3 th\u1ec3 \u0111o v\u1eadn t\u1ed1c kh\u00ed l\u00ean \u0111\u1ebfn 120 m\/s v\u00e0 h\u1ed7 tr\u1ee3 nhi\u1ec1u \u0111\u01a1n v\u1ecb \u0111o nh\u01b0 m\/s, Nm\u00b3\/h, L\/min, m\u00b3\/min\u2026<\/p>\n<p>V\u1edbi \u0111\u1ea7u d\u00f2 b\u1eb1ng th\u00e9p kh\u00f4ng g\u1ec9 chu\u1ea9n IP67 v\u00e0 h\u1ed9p b\u1ea3o v\u1ec7 IP65, FTM94\/95 c\u00f3 th\u1ec3 l\u1eafp \u0111\u1eb7t trong m\u00f4i tr\u01b0\u1eddng kh\u1eafc nghi\u1ec7t. Thi\u1ebft b\u1ecb t\u00edch h\u1ee3p m\u00e0n h\u00ecnh LCD hi\u1ec3n th\u1ecb \u0111\u1ed3ng th\u1eddi v\u1eadn t\u1ed1c, nhi\u1ec7t \u0111\u1ed9 v\u00e0 l\u01b0u l\u01b0\u1ee3ng t\u00edch l\u0169y (tu\u1ef3 ch\u1ecdn).<\/p>\n<p><img loading=\"lazy\" class=\"aligncenter size-full wp-image-7748\" src=\"https:\/\/quando.com.vn\/wp-content\/uploads\/2026\/01\/eyc-tech-with-logo-ftm9495-20231114_principle.webp\" alt=\"c\u1ea3m bi\u1ebfn l\u01b0u l\u01b0\u1ee3ng kh\u00ed FTM94 FTM95\" width=\"1014\" height=\"359\" srcset=\"https:\/\/quando.com.vn\/wp-content\/uploads\/2026\/01\/eyc-tech-with-logo-ftm9495-20231114_principle.webp 1014w, https:\/\/quando.com.vn\/wp-content\/uploads\/2026\/01\/eyc-tech-with-logo-ftm9495-20231114_principle-300x106.webp 300w, https:\/\/quando.com.vn\/wp-content\/uploads\/2026\/01\/eyc-tech-with-logo-ftm9495-20231114_principle-768x272.webp 768w, https:\/\/quando.com.vn\/wp-content\/uploads\/2026\/01\/eyc-tech-with-logo-ftm9495-20231114_principle-18x6.webp 18w\" sizes=\"(max-width: 1014px) 100vw, 1014px\" \/><\/p>\n<h4><strong>Th\u00f4ng s\u1ed1 k\u1ef9 thu\u1eadt<\/strong><\/h4>\n<table>\n<tbody>\n<tr>\n<td>Model<\/td>\n<td>FTM94 \/ FTM95<\/td>\n<\/tr>\n<tr>\n<td>Sensor type<\/td>\n<td>Pt20 \/ Pt300 (Air velocity), Pt1000 (Temperature)<\/td>\n<\/tr>\n<tr>\n<td>Measuring range<\/td>\n<td>0 &#8230; 120 Nm\/s<\/td>\n<\/tr>\n<tr>\n<td>Accuracy<\/td>\n<td>0\u201340 m\/s: \u00b1(1% of mv + 0.5 m\/s)<br \/>\n40\u201360 m\/s: \u00b1(1% of mv + 1 m\/s)<br \/>\n90\u2013120 m\/s: \u00b1(1% of mv + 1.5 m\/s)<\/td>\n<\/tr>\n<tr>\n<td>Output<\/td>\n<td>4 &#8230; 20 mA \/ 0 &#8230; 10 V \/ RS-485 \/ Impulse<\/td>\n<\/tr>\n<tr>\n<td>IP rating<\/td>\n<td>IP67 (Probe) \/ IP65 (Housing)<\/td>\n<\/tr>\n<\/tbody>\n<\/table>\n<h4>\u0110\u1eb7c \u0111i\u1ec3m n\u1ed5i b\u1eadt<\/h4>\n<p>&#8211; Thi\u1ebft k\u1ebf c\u00f4ng nghi\u1ec7p, c\u1ea3m bi\u1ebfn nh\u1eadp kh\u1ea9u, ch\u00ednh x\u00e1c cao, \u0111\u1ed9 \u1ed5n \u0111\u1ecbnh d\u00e0i h\u1ea1n<br \/>\n&#8211; V\u1eadn h\u00e0nh \u1ed5n \u0111\u1ecbnh trong m\u00f4i tr\u01b0\u1eddng b\u1ee5i, kh\u00ed th\u1ea3i, \u0103n m\u00f2n nh\u1eb9<br \/>\n&#8211; H\u1ed7 tr\u1ee3 nhi\u1ec1u \u0111\u1ea1i l\u01b0\u1ee3ng \u0111o: m\/s, ft\/s, Nm\u00b3\/h, Nm\/s, L\/min, m\u00b3\/min<br \/>\n&#8211; Hi\u1ec3n th\u1ecb LCD \u0111o v\u1eadn t\u1ed1c kh\u00ed, nhi\u1ec7t \u0111\u1ed9 v\u00e0 l\u01b0u l\u01b0\u1ee3ng t\u00edch l\u0169y (tu\u1ef3 ch\u1ecdn)<br \/>\n&#8211; V\u1ecf c\u1ea3m bi\u1ebfn b\u1eb1ng th\u00e9p kh\u00f4ng g\u1ec9 chu\u1ea9n IP67 \u2013 th\u00edch h\u1ee3p nhi\u1ec1u m\u00f4i tr\u01b0\u1eddng kh\u1eafc nghi\u1ec7t<br \/>\n&#8211; D\u1ec5 l\u1eafp \u0111\u1eb7t v\u00e0 hi\u1ec7u chu\u1ea9n<\/p>\n<h4><strong>\u1ee8ng d\u1ee5ng c\u1ea3m bi\u1ebfn l\u01b0u l\u01b0\u1ee3ng kh\u00ed FTM94 FTM95 ch\u00ednh x\u00e1c cao<\/strong><\/h4>\n<p>&#8211; Gi\u00e1m s\u00e1t kh\u00ed th\u1ea3i c\u00f4ng nghi\u1ec7p<br \/>\n&#8211; M\u00f4i tr\u01b0\u1eddng c\u00f3 b\u1ee5i ho\u1eb7c kh\u00ed \u0103n m\u00f2n nh\u1eb9<br \/>\n&#8211; Gi\u00e1m s\u00e1t d\u00f2ng kh\u00ed cho bu\u1ed3ng \u0111\u1ed1t, feeder<br \/>\n&#8211; Ng\u00e0nh c\u00f4ng nghi\u1ec7p sinh h\u1ecdc (biotech)<br \/>\n&#8211; T\u00ednh to\u00e1n l\u01b0\u1ee3ng kh\u00ed h\u00fat v\u00e0o\/tho\u00e1t ra trong nh\u00e0 x\u01b0\u1edfng<br \/>\n&#8211; Nh\u00e0 m\u00e1y, h\u1ec7 th\u1ed1ng th\u00f4ng gi\u00f3, ph\u00f2ng th\u00ed nghi\u1ec7m, d\u00e2y chuy\u1ec1n s\u1ea3n xu\u1ea5t<\/p>\n<p><img loading=\"lazy\" class=\"aligncenter size-full wp-image-7746\" src=\"https:\/\/quando.com.vn\/wp-content\/uploads\/2026\/01\/eyc-tech-with-logo-ftm9495-20231114_dimension.webp\" alt=\"c\u1ea3m bi\u1ebfn l\u01b0u l\u01b0\u1ee3ng kh\u00ed FTM94 FTM95\" width=\"825\" height=\"630\" srcset=\"https:\/\/quando.com.vn\/wp-content\/uploads\/2026\/01\/eyc-tech-with-logo-ftm9495-20231114_dimension.webp 825w, https:\/\/quando.com.vn\/wp-content\/uploads\/2026\/01\/eyc-tech-with-logo-ftm9495-20231114_dimension-300x229.webp 300w, https:\/\/quando.com.vn\/wp-content\/uploads\/2026\/01\/eyc-tech-with-logo-ftm9495-20231114_dimension-768x586.webp 768w, https:\/\/quando.com.vn\/wp-content\/uploads\/2026\/01\/eyc-tech-with-logo-ftm9495-20231114_dimension-16x12.webp 16w\" sizes=\"(max-width: 825px) 100vw, 825px\" \/><\/p>\n<p><img loading=\"lazy\" class=\"aligncenter size-full wp-image-7747\" src=\"https:\/\/quando.com.vn\/wp-content\/uploads\/2026\/01\/eyc-tech-with-logo-ftm9495-20231114_order.webp\" alt=\"\" width=\"1044\" height=\"240\" srcset=\"https:\/\/quando.com.vn\/wp-content\/uploads\/2026\/01\/eyc-tech-with-logo-ftm9495-20231114_order.webp 1044w, https:\/\/quando.com.vn\/wp-content\/uploads\/2026\/01\/eyc-tech-with-logo-ftm9495-20231114_order-300x69.webp 300w, https:\/\/quando.com.vn\/wp-content\/uploads\/2026\/01\/eyc-tech-with-logo-ftm9495-20231114_order-1024x235.webp 1024w, https:\/\/quando.com.vn\/wp-content\/uploads\/2026\/01\/eyc-tech-with-logo-ftm9495-20231114_order-768x177.webp 768w, https:\/\/quando.com.vn\/wp-content\/uploads\/2026\/01\/eyc-tech-with-logo-ftm9495-20231114_order-18x4.webp 18w\" sizes=\"(max-width: 1044px) 100vw, 1044px\" \/><\/p>","protected":false},"excerpt":{"rendered":"<p>&#8211; C\u1ea3m bi\u1ebfn l\u01b0u l\u01b0\u1ee3ng kh\u00ed d\u1ea1ng nhi\u1ec7t \u0111\u1ed9 kh\u1ed1i (thermal mass) ch\u00ednh x\u00e1c cao<br \/>\n&#8211; D\u1ea3i \u0111o r\u1ed9ng t\u1edbi 120 m\/s \u2013 ch\u1ecbu \u0111\u01b0\u1ee3c nhi\u1ec7t \u0111\u1ed9, \u00e1p su\u1ea5t, b\u1ee5i, \u0103n m\u00f2n<br \/>\n&#8211; \u0110\u1ea7u ra \u0111a d\u1ea1ng: analog, RS-485, xung (impulse)<br \/>\n&#8211; V\u1ecf c\u1ea3m bi\u1ebfn IP67, v\u1ecf h\u1ed9p IP65 \u2013 d\u00f9ng \u0111\u01b0\u1ee3c ngo\u00e0i tr\u1eddi<br \/>\n&#8211; Hi\u1ec3n th\u1ecb LCD v\u1eadn t\u1ed1c kh\u00ed, nhi\u1ec7t \u0111\u1ed9 v\u00e0 t\u1ed5ng l\u01b0u l\u01b0\u1ee3ng (tu\u1ef3 ch\u1ecdn)<\/p>","protected":false},"featured_media":7749,"template":"","meta":[],"product_cat":[574,575],"product_tag":[],"acf":[],"yoast_head":"<!-- This site is optimized with the Yoast SEO Premium plugin v18.4 (Yoast SEO v18.6) - https:\/\/yoast.com\/wordpress\/plugins\/seo\/ -->\n<title>C\u1ea3m bi\u1ebfn l\u01b0u l\u01b0\u1ee3ng kh\u00ed FTM94 FTM95 ch\u00ednh x\u00e1c cao - QUANDO<\/title>\n<meta name=\"description\" content=\"c\u1ea3m bi\u1ebfn l\u01b0u l\u01b0\u1ee3ng kh\u00ed FTM94 FTM95 \u0111o ch\u00ednh x\u00e1c \u0111\u1ebfn 120 m\/s, ch\u1ecbu \u0111\u01b0\u1ee3c b\u1ee5i, \u0103n m\u00f2n, nhi\u1ec7t \u0111\u1ed9 v\u00e0 \u00e1p su\u1ea5t cao. C\u00f3 m\u00e0n h\u00ecnh LCD hi\u1ec3n th\u1ecb v\u1eadn t\u1ed1c, nhi\u1ec7t \u0111\u1ed9 v\u00e0 l\u01b0u l\u01b0\u1ee3ng t\u00edch l\u0169y.\" \/>\n<meta name=\"robots\" content=\"index, follow, max-snippet:-1, max-image-preview:large, max-video-preview:-1\" \/>\n<link rel=\"canonical\" href=\"https:\/\/quando.com.vn\/en\/product\/cam-bien-luu-luong-khi-kieu-thermal-mass-ftm94-ftm95\/\" \/>\n<meta property=\"og:locale\" content=\"en_US\" \/>\n<meta property=\"og:type\" content=\"article\" \/>\n<meta property=\"og:title\" content=\"C\u1ea3m bi\u1ebfn l\u01b0u l\u01b0\u1ee3ng kh\u00ed FTM94 FTM95 ch\u00ednh x\u00e1c cao\" \/>\n<meta property=\"og:description\" content=\"c\u1ea3m bi\u1ebfn l\u01b0u l\u01b0\u1ee3ng kh\u00ed FTM94 FTM95 \u0111o ch\u00ednh x\u00e1c \u0111\u1ebfn 120 m\/s, ch\u1ecbu \u0111\u01b0\u1ee3c b\u1ee5i, \u0103n m\u00f2n, nhi\u1ec7t \u0111\u1ed9 v\u00e0 \u00e1p su\u1ea5t cao. C\u00f3 m\u00e0n h\u00ecnh LCD hi\u1ec3n th\u1ecb v\u1eadn t\u1ed1c, nhi\u1ec7t \u0111\u1ed9 v\u00e0 l\u01b0u l\u01b0\u1ee3ng t\u00edch l\u0169y.\" \/>\n<meta property=\"og:url\" content=\"https:\/\/quando.com.vn\/en\/product\/cam-bien-luu-luong-khi-kieu-thermal-mass-ftm94-ftm95\/\" \/>\n<meta property=\"og:site_name\" content=\"QUANDO\" \/>\n<meta property=\"article:modified_time\" content=\"2026-01-07T09:35:40+00:00\" \/>\n<meta name=\"twitter:card\" content=\"summary_large_image\" \/>\n<meta name=\"twitter:image\" content=\"https:\/\/quando.com.vn\/wp-content\/uploads\/2026\/01\/eyc-tech-with-logo-ftm9495-20231114_product.webp\" \/>\n<meta name=\"twitter:label1\" content=\"Est. reading time\" \/>\n\t<meta name=\"twitter:data1\" content=\"3 minutes\" \/>\n<script type=\"application\/ld+json\" class=\"yoast-schema-graph\">{\"@context\":\"https:\/\/schema.org\",\"@graph\":[{\"@type\":\"WebSite\",\"@id\":\"https:\/\/quando.com.vn\/en\/#website\",\"url\":\"https:\/\/quando.com.vn\/en\/\",\"name\":\"QUANDO\",\"description\":\"\",\"potentialAction\":[{\"@type\":\"SearchAction\",\"target\":{\"@type\":\"EntryPoint\",\"urlTemplate\":\"https:\/\/quando.com.vn\/en\/?s={search_term_string}\"},\"query-input\":\"required name=search_term_string\"}],\"inLanguage\":\"en-US\"},{\"@type\":\"ImageObject\",\"@id\":\"https:\/\/quando.com.vn\/san-pham\/cam-bien-luu-luong-khi-kieu-thermal-mass-ftm94-ftm95\/#primaryimage\",\"inLanguage\":\"en-US\",\"url\":\"https:\/\/quando.com.vn\/wp-content\/uploads\/2026\/01\/eyc-tech-with-logo-ftm9495-20231114_product.webp\",\"contentUrl\":\"https:\/\/quando.com.vn\/wp-content\/uploads\/2026\/01\/eyc-tech-with-logo-ftm9495-20231114_product.webp\",\"width\":958,\"height\":354,\"caption\":\"c\u1ea3m bi\u1ebfn l\u01b0u l\u01b0\u1ee3ng kh\u00ed FTM94 FTM95\"},{\"@type\":\"WebPage\",\"@id\":\"https:\/\/quando.com.vn\/san-pham\/cam-bien-luu-luong-khi-kieu-thermal-mass-ftm94-ftm95\/#webpage\",\"url\":\"https:\/\/quando.com.vn\/san-pham\/cam-bien-luu-luong-khi-kieu-thermal-mass-ftm94-ftm95\/\",\"name\":\"C\u1ea3m bi\u1ebfn l\u01b0u l\u01b0\u1ee3ng kh\u00ed FTM94 FTM95 ch\u00ednh x\u00e1c cao - QUANDO\",\"isPartOf\":{\"@id\":\"https:\/\/quando.com.vn\/en\/#website\"},\"primaryImageOfPage\":{\"@id\":\"https:\/\/quando.com.vn\/san-pham\/cam-bien-luu-luong-khi-kieu-thermal-mass-ftm94-ftm95\/#primaryimage\"},\"datePublished\":\"2026-01-07T07:51:22+00:00\",\"dateModified\":\"2026-01-07T09:35:40+00:00\",\"description\":\"c\u1ea3m bi\u1ebfn l\u01b0u l\u01b0\u1ee3ng kh\u00ed FTM94 FTM95 \u0111o ch\u00ednh x\u00e1c \u0111\u1ebfn 120 m\/s, ch\u1ecbu \u0111\u01b0\u1ee3c b\u1ee5i, \u0103n m\u00f2n, nhi\u1ec7t \u0111\u1ed9 v\u00e0 \u00e1p su\u1ea5t cao. C\u00f3 m\u00e0n h\u00ecnh LCD hi\u1ec3n th\u1ecb v\u1eadn t\u1ed1c, nhi\u1ec7t \u0111\u1ed9 v\u00e0 l\u01b0u l\u01b0\u1ee3ng t\u00edch l\u0169y.\",\"breadcrumb\":{\"@id\":\"https:\/\/quando.com.vn\/san-pham\/cam-bien-luu-luong-khi-kieu-thermal-mass-ftm94-ftm95\/#breadcrumb\"},\"inLanguage\":\"en-US\",\"potentialAction\":[{\"@type\":\"ReadAction\",\"target\":[\"https:\/\/quando.com.vn\/san-pham\/cam-bien-luu-luong-khi-kieu-thermal-mass-ftm94-ftm95\/\"]}]},{\"@type\":\"BreadcrumbList\",\"@id\":\"https:\/\/quando.com.vn\/san-pham\/cam-bien-luu-luong-khi-kieu-thermal-mass-ftm94-ftm95\/#breadcrumb\",\"itemListElement\":[{\"@type\":\"ListItem\",\"position\":1,\"name\":\"Trang ch\u1ee7\",\"item\":\"https:\/\/quando.com.vn\/\"},{\"@type\":\"ListItem\",\"position\":2,\"name\":\"S\u1ea3n ph\u1ea9m\",\"item\":\"https:\/\/quando.com.vn\/san-pham\/\"},{\"@type\":\"ListItem\",\"position\":3,\"name\":\"C\u1ea3m bi\u1ebfn l\u01b0u l\u01b0\u1ee3ng kh\u00ed FTM94 FTM95 ch\u00ednh x\u00e1c cao\"}]}]}<\/script>\n<!-- \/ Yoast SEO Premium plugin. -->","yoast_head_json":{"title":"C\u1ea3m bi\u1ebfn l\u01b0u l\u01b0\u1ee3ng kh\u00ed FTM94 FTM95 ch\u00ednh x\u00e1c cao - QUANDO","description":"c\u1ea3m bi\u1ebfn l\u01b0u l\u01b0\u1ee3ng kh\u00ed FTM94 FTM95 \u0111o ch\u00ednh x\u00e1c \u0111\u1ebfn 120 m\/s, ch\u1ecbu \u0111\u01b0\u1ee3c b\u1ee5i, \u0103n m\u00f2n, nhi\u1ec7t \u0111\u1ed9 v\u00e0 \u00e1p su\u1ea5t cao. C\u00f3 m\u00e0n h\u00ecnh LCD hi\u1ec3n th\u1ecb v\u1eadn t\u1ed1c, nhi\u1ec7t \u0111\u1ed9 v\u00e0 l\u01b0u l\u01b0\u1ee3ng t\u00edch l\u0169y.","robots":{"index":"index","follow":"follow","max-snippet":"max-snippet:-1","max-image-preview":"max-image-preview:large","max-video-preview":"max-video-preview:-1"},"canonical":"https:\/\/quando.com.vn\/en\/product\/cam-bien-luu-luong-khi-kieu-thermal-mass-ftm94-ftm95\/","og_locale":"en_US","og_type":"article","og_title":"C\u1ea3m bi\u1ebfn l\u01b0u l\u01b0\u1ee3ng kh\u00ed FTM94 FTM95 ch\u00ednh x\u00e1c cao","og_description":"c\u1ea3m bi\u1ebfn l\u01b0u l\u01b0\u1ee3ng kh\u00ed FTM94 FTM95 \u0111o ch\u00ednh x\u00e1c \u0111\u1ebfn 120 m\/s, ch\u1ecbu \u0111\u01b0\u1ee3c b\u1ee5i, \u0103n m\u00f2n, nhi\u1ec7t \u0111\u1ed9 v\u00e0 \u00e1p su\u1ea5t cao. C\u00f3 m\u00e0n h\u00ecnh LCD hi\u1ec3n th\u1ecb v\u1eadn t\u1ed1c, nhi\u1ec7t \u0111\u1ed9 v\u00e0 l\u01b0u l\u01b0\u1ee3ng t\u00edch l\u0169y.","og_url":"https:\/\/quando.com.vn\/en\/product\/cam-bien-luu-luong-khi-kieu-thermal-mass-ftm94-ftm95\/","og_site_name":"QUANDO","article_modified_time":"2026-01-07T09:35:40+00:00","twitter_card":"summary_large_image","twitter_image":"https:\/\/quando.com.vn\/wp-content\/uploads\/2026\/01\/eyc-tech-with-logo-ftm9495-20231114_product.webp","twitter_misc":{"Est. reading time":"3 minutes"},"schema":{"@context":"https:\/\/schema.org","@graph":[{"@type":"WebSite","@id":"https:\/\/quando.com.vn\/en\/#website","url":"https:\/\/quando.com.vn\/en\/","name":"QUANDO","description":"","potentialAction":[{"@type":"SearchAction","target":{"@type":"EntryPoint","urlTemplate":"https:\/\/quando.com.vn\/en\/?s={search_term_string}"},"query-input":"required name=search_term_string"}],"inLanguage":"en-US"},{"@type":"ImageObject","@id":"https:\/\/quando.com.vn\/san-pham\/cam-bien-luu-luong-khi-kieu-thermal-mass-ftm94-ftm95\/#primaryimage","inLanguage":"en-US","url":"https:\/\/quando.com.vn\/wp-content\/uploads\/2026\/01\/eyc-tech-with-logo-ftm9495-20231114_product.webp","contentUrl":"https:\/\/quando.com.vn\/wp-content\/uploads\/2026\/01\/eyc-tech-with-logo-ftm9495-20231114_product.webp","width":958,"height":354,"caption":"c\u1ea3m bi\u1ebfn l\u01b0u l\u01b0\u1ee3ng kh\u00ed FTM94 FTM95"},{"@type":"WebPage","@id":"https:\/\/quando.com.vn\/san-pham\/cam-bien-luu-luong-khi-kieu-thermal-mass-ftm94-ftm95\/#webpage","url":"https:\/\/quando.com.vn\/san-pham\/cam-bien-luu-luong-khi-kieu-thermal-mass-ftm94-ftm95\/","name":"C\u1ea3m bi\u1ebfn l\u01b0u l\u01b0\u1ee3ng kh\u00ed FTM94 FTM95 ch\u00ednh x\u00e1c cao - QUANDO","isPartOf":{"@id":"https:\/\/quando.com.vn\/en\/#website"},"primaryImageOfPage":{"@id":"https:\/\/quando.com.vn\/san-pham\/cam-bien-luu-luong-khi-kieu-thermal-mass-ftm94-ftm95\/#primaryimage"},"datePublished":"2026-01-07T07:51:22+00:00","dateModified":"2026-01-07T09:35:40+00:00","description":"c\u1ea3m bi\u1ebfn l\u01b0u l\u01b0\u1ee3ng kh\u00ed FTM94 FTM95 \u0111o ch\u00ednh x\u00e1c \u0111\u1ebfn 120 m\/s, ch\u1ecbu \u0111\u01b0\u1ee3c b\u1ee5i, \u0103n m\u00f2n, nhi\u1ec7t \u0111\u1ed9 v\u00e0 \u00e1p su\u1ea5t cao. C\u00f3 m\u00e0n h\u00ecnh LCD hi\u1ec3n th\u1ecb v\u1eadn t\u1ed1c, nhi\u1ec7t \u0111\u1ed9 v\u00e0 l\u01b0u l\u01b0\u1ee3ng t\u00edch l\u0169y.","breadcrumb":{"@id":"https:\/\/quando.com.vn\/san-pham\/cam-bien-luu-luong-khi-kieu-thermal-mass-ftm94-ftm95\/#breadcrumb"},"inLanguage":"en-US","potentialAction":[{"@type":"ReadAction","target":["https:\/\/quando.com.vn\/san-pham\/cam-bien-luu-luong-khi-kieu-thermal-mass-ftm94-ftm95\/"]}]},{"@type":"BreadcrumbList","@id":"https:\/\/quando.com.vn\/san-pham\/cam-bien-luu-luong-khi-kieu-thermal-mass-ftm94-ftm95\/#breadcrumb","itemListElement":[{"@type":"ListItem","position":1,"name":"Trang ch\u1ee7","item":"https:\/\/quando.com.vn\/"},{"@type":"ListItem","position":2,"name":"S\u1ea3n ph\u1ea9m","item":"https:\/\/quando.com.vn\/san-pham\/"},{"@type":"ListItem","position":3,"name":"C\u1ea3m bi\u1ebfn l\u01b0u l\u01b0\u1ee3ng kh\u00ed FTM94 FTM95 ch\u00ednh x\u00e1c cao"}]}]}},"_links":{"self":[{"href":"https:\/\/quando.com.vn\/en\/wp-json\/wp\/v2\/product\/7745"}],"collection":[{"href":"https:\/\/quando.com.vn\/en\/wp-json\/wp\/v2\/product"}],"about":[{"href":"https:\/\/quando.com.vn\/en\/wp-json\/wp\/v2\/types\/product"}],"wp:featuredmedia":[{"embeddable":true,"href":"https:\/\/quando.com.vn\/en\/wp-json\/wp\/v2\/media\/7749"}],"wp:attachment":[{"href":"https:\/\/quando.com.vn\/en\/wp-json\/wp\/v2\/media?parent=7745"}],"wp:term":[{"taxonomy":"product_cat","embeddable":true,"href":"https:\/\/quando.com.vn\/en\/wp-json\/wp\/v2\/product_cat?post=7745"},{"taxonomy":"product_tag","embeddable":true,"href":"https:\/\/quando.com.vn\/en\/wp-json\/wp\/v2\/product_tag?post=7745"}],"curies":[{"name":"wp","href":"https:\/\/api.w.org\/{rel}","templated":true}]}}