{"id":7737,"date":"2026-01-07T14:23:26","date_gmt":"2026-01-07T07:23:26","guid":{"rendered":"https:\/\/quando.com.vn\/?post_type=product&#038;p=7737"},"modified":"2026-01-07T16:36:56","modified_gmt":"2026-01-07T09:36:56","slug":"cam-bien-luu-luong-khi-fdm06-p","status":"publish","type":"product","link":"https:\/\/quando.com.vn\/en\/product\/cam-bien-luu-luong-khi-fdm06-p\/","title":{"rendered":"C\u1ea3m bi\u1ebfn l\u01b0u l\u01b0\u1ee3ng kh\u00ed ki\u1ec3u thermal mass FDM06-P"},"content":{"rendered":"<p><strong>C\u1ea3m bi\u1ebfn l\u01b0u l\u01b0\u1ee3ng kh\u00ed ki\u1ec3u thermal mass FDM06-P<\/strong>\u00a0 l\u00e0 b\u1ed9 truy\u1ec1n l\u01b0u l\u01b0\u1ee3ng d\u1ea1ng kh\u1ed1i nhi\u1ec7t (thermal mass) s\u1eed d\u1ee5ng c\u1ea3m bi\u1ebfn d\u00e2y nhi\u1ec7t n\u00f3ng (hot-wire sensor), c\u00f3 kh\u1ea3 n\u0103ng \u0111o l\u01b0u l\u01b0\u1ee3ng kh\u00ed m\u1ed9t c\u00e1ch ch\u00ednh x\u00e1c m\u00e0 kh\u00f4ng c\u1ea7n b\u00f9 nhi\u1ec7t \u0111\u1ed9 ho\u1eb7c \u00e1p su\u1ea5t. V\u1edbi kh\u1ea3 n\u0103ng ph\u00e1t hi\u1ec7n c\u00e1c thay \u0111\u1ed5i nh\u1ecf trong d\u00f2ng kh\u00ed, FDM06-P l\u00e0 l\u1ef1a ch\u1ecdn t\u1ed1i \u01b0u cho h\u1ec7 th\u1ed1ng kh\u00ed n\u00e9n, gi\u00e1m s\u00e1t r\u00f2 r\u1ec9 v\u00e0 qu\u1ea3n l\u00fd ti\u00eau th\u1ee5 n\u0103ng l\u01b0\u1ee3ng th\u00f4ng minh.<\/p>\n<p>Thi\u1ebft b\u1ecb h\u1ed7 tr\u1ee3 \u0111a d\u1ea1ng lo\u1ea1i kh\u00ed nh\u01b0 N2, CO2, Ar\u2026 v\u00e0 cung c\u1ea5p \u0111\u1ea7u ra analog (4-20 mA \/ 0-10 V), relay c\u1ea3nh b\u00e1o v\u00e0 giao ti\u1ebfp RS-485. V\u1ecf b\u1ea3o v\u1ec7 IP65 ph\u00f9 h\u1ee3p l\u1eafp \u0111\u1eb7t c\u00f4ng nghi\u1ec7p trong m\u00f4i tr\u01b0\u1eddng kh\u1eafc nghi\u1ec7t.<\/p>\n<p><img loading=\"lazy\" class=\"aligncenter size-full wp-image-7741\" src=\"https:\/\/quando.com.vn\/wp-content\/uploads\/2026\/01\/eyc-tech-fdm06-p-all-airflow-principle-.png\" alt=\"C\u1ea3m bi\u1ebfn l\u01b0u l\u01b0\u1ee3ng kh\u00ed ki\u1ec3u thermal mass FDM06-P\" width=\"670\" height=\"639\" srcset=\"https:\/\/quando.com.vn\/wp-content\/uploads\/2026\/01\/eyc-tech-fdm06-p-all-airflow-principle-.png 670w, https:\/\/quando.com.vn\/wp-content\/uploads\/2026\/01\/eyc-tech-fdm06-p-all-airflow-principle--300x286.png 300w, https:\/\/quando.com.vn\/wp-content\/uploads\/2026\/01\/eyc-tech-fdm06-p-all-airflow-principle--13x12.png 13w\" sizes=\"(max-width: 670px) 100vw, 670px\" \/><\/p>\n<h4>Th\u00f4ng s\u1ed1 k\u1ef9 thu\u1eadt<\/h4>\n<table>\n<tbody>\n<tr>\n<td>Model<\/td>\n<td>FDM06-P<\/td>\n<\/tr>\n<tr>\n<td>Sensor type<\/td>\n<td>Hot-wire sensor<\/td>\n<\/tr>\n<tr>\n<td>Turndown ratio<\/td>\n<td>100:1<\/td>\n<\/tr>\n<tr>\n<td>Measuring range<\/td>\n<td>0.5 &#8230; 60 m\/s<\/td>\n<\/tr>\n<tr>\n<td>Accuracy<\/td>\n<td>\u00b1(1.5% of mv + 0.8 m\/s)<\/td>\n<\/tr>\n<tr>\n<td>Output<\/td>\n<td>4 &#8230; 20 mA \/ 0 &#8230; 10 V \/ Relay \/ RS-485<\/td>\n<\/tr>\n<tr>\n<td>IP rating<\/td>\n<td>IP65<\/td>\n<\/tr>\n<tr>\n<td>Pressure resistance<\/td>\n<td>16 bar<\/td>\n<\/tr>\n<\/tbody>\n<\/table>\n<h4><strong>\u0110\u1eb7c \u0111i\u1ec3m n\u1ed5i b\u1eadt<\/strong><\/h4>\n<p>&#8211; \u0110\u1ed9 nh\u1ea1y cao, t\u1ed5n th\u1ea5t \u00e1p th\u1ea5p, ph\u00e1t hi\u1ec7n l\u01b0u l\u01b0\u1ee3ng c\u1ef1c nh\u1ecf<br \/>\n&#8211; Kh\u00f4ng c\u1ea7n b\u00f9 \u00e1p ho\u1eb7c nhi\u1ec7t \u2013 xu\u1ea5t t\u00edn hi\u1ec7u tr\u1ef1c ti\u1ebfp<br \/>\n&#8211; \u0110a d\u1ea1ng k\u00edch th\u01b0\u1edbc k\u1ebft n\u1ed1i: t\u1eeb 1\u2033 \u0111\u1ebfn 40\u2033<br \/>\n&#8211; H\u1ed7 tr\u1ee3 \u0111\u1ea7u ra analog, relay c\u1ea3nh b\u00e1o, RS-485<br \/>\n&#8211; Ph\u00f9 h\u1ee3p nhi\u1ec1u lo\u1ea1i kh\u00ed: N2, Ar, CO2, v.v.<\/p>\n<h4><strong>\u1ee8ng d\u1ee5ng c\u1ea3m bi\u1ebfn l\u01b0u l\u01b0\u1ee3ng kh\u00ed ki\u1ec3u thermal mass FDM06-P<\/strong><\/h4>\n<p>&#8211; Qu\u1ea3n l\u00fd h\u1ec7 th\u1ed1ng kh\u00ed n\u00e9n<br \/>\n&#8211; T\u1ed1i \u01b0u hi\u1ec7u su\u1ea5t m\u00e1y n\u00e9n kh\u00ed, thi\u1ebft b\u1ecb kh\u00ed n\u00e9n<br \/>\n&#8211; Ki\u1ec3m so\u00e1t l\u01b0u l\u01b0\u1ee3ng m\u00e1y s\u1ea5y kh\u00ed<br \/>\n&#8211; Gi\u00e1m s\u00e1t ti\u00eau th\u1ee5 kh\u00ed c\u00f4ng nghi\u1ec7p (CO2, N2, Ar&#8230;)<br \/>\n&#8211; Ph\u00e1t hi\u1ec7n v\u00e0 c\u1ea3nh b\u00e1o r\u00f2 r\u1ec9 \u0111\u01b0\u1eddng \u1ed1ng kh\u00ed<br \/>\n&#8211; Gi\u00e1m s\u00e1t l\u01b0u l\u01b0\u1ee3ng HVAC, ph\u00f2ng s\u1ea1ch<br \/>\n&#8211; Qu\u1ea3n l\u00fd n\u0103ng l\u01b0\u1ee3ng trong s\u1ea3n xu\u1ea5t th\u00f4ng minh<br \/>\n&#8211; Gi\u00e1m s\u00e1t kh\u00ed trong d\u01b0\u1ee3c ph\u1ea9m, th\u1ef1c ph\u1ea9m, ph\u00f2ng th\u00ed nghi\u1ec7m<\/p>\n<p><img loading=\"lazy\" class=\"aligncenter size-full wp-image-7739\" src=\"https:\/\/quando.com.vn\/wp-content\/uploads\/2026\/01\/eyc-tech-fdm06-p-all-airflow-dimension-.png\" alt=\"C\u1ea3m bi\u1ebfn l\u01b0u l\u01b0\u1ee3ng kh\u00ed fdm06-p\" width=\"1393\" height=\"1830\" srcset=\"https:\/\/quando.com.vn\/wp-content\/uploads\/2026\/01\/eyc-tech-fdm06-p-all-airflow-dimension-.png 1393w, https:\/\/quando.com.vn\/wp-content\/uploads\/2026\/01\/eyc-tech-fdm06-p-all-airflow-dimension--228x300.png 228w, https:\/\/quando.com.vn\/wp-content\/uploads\/2026\/01\/eyc-tech-fdm06-p-all-airflow-dimension--779x1024.png 779w, https:\/\/quando.com.vn\/wp-content\/uploads\/2026\/01\/eyc-tech-fdm06-p-all-airflow-dimension--768x1009.png 768w, https:\/\/quando.com.vn\/wp-content\/uploads\/2026\/01\/eyc-tech-fdm06-p-all-airflow-dimension--1169x1536.png 1169w, https:\/\/quando.com.vn\/wp-content\/uploads\/2026\/01\/eyc-tech-fdm06-p-all-airflow-dimension--9x12.png 9w, https:\/\/quando.com.vn\/wp-content\/uploads\/2026\/01\/eyc-tech-fdm06-p-all-airflow-dimension--300x394.png 300w\" sizes=\"(max-width: 1393px) 100vw, 1393px\" \/><\/p>\n<p><img loading=\"lazy\" class=\"aligncenter size-full wp-image-7742\" src=\"https:\/\/quando.com.vn\/wp-content\/uploads\/2026\/01\/eyc-tech-fdm06-p-all-airflow-spec.png\" alt=\"\" width=\"1310\" height=\"1289\" srcset=\"https:\/\/quando.com.vn\/wp-content\/uploads\/2026\/01\/eyc-tech-fdm06-p-all-airflow-spec.png 1310w, https:\/\/quando.com.vn\/wp-content\/uploads\/2026\/01\/eyc-tech-fdm06-p-all-airflow-spec-300x295.png 300w, https:\/\/quando.com.vn\/wp-content\/uploads\/2026\/01\/eyc-tech-fdm06-p-all-airflow-spec-1024x1008.png 1024w, https:\/\/quando.com.vn\/wp-content\/uploads\/2026\/01\/eyc-tech-fdm06-p-all-airflow-spec-768x756.png 768w, https:\/\/quando.com.vn\/wp-content\/uploads\/2026\/01\/eyc-tech-fdm06-p-all-airflow-spec-12x12.png 12w\" sizes=\"(max-width: 1310px) 100vw, 1310px\" \/><img loading=\"lazy\" class=\"aligncenter size-full wp-image-7740\" src=\"https:\/\/quando.com.vn\/wp-content\/uploads\/2026\/01\/eyc-tech-fdm06-p-all-airflow-ordering.webp\" alt=\"\" width=\"887\" height=\"385\" srcset=\"https:\/\/quando.com.vn\/wp-content\/uploads\/2026\/01\/eyc-tech-fdm06-p-all-airflow-ordering.webp 887w, https:\/\/quando.com.vn\/wp-content\/uploads\/2026\/01\/eyc-tech-fdm06-p-all-airflow-ordering-300x130.webp 300w, https:\/\/quando.com.vn\/wp-content\/uploads\/2026\/01\/eyc-tech-fdm06-p-all-airflow-ordering-768x333.webp 768w, https:\/\/quando.com.vn\/wp-content\/uploads\/2026\/01\/eyc-tech-fdm06-p-all-airflow-ordering-18x8.webp 18w\" sizes=\"(max-width: 887px) 100vw, 887px\" \/><\/p>\n<p>&nbsp;<\/p>","protected":false},"excerpt":{"rendered":"<p>&#8211; C\u1ea3m bi\u1ebfn ki\u1ec3u d\u00e2y nhi\u1ec7t n\u00f3ng \u2013 \u0111o l\u01b0u l\u01b0\u1ee3ng kh\u00ed ch\u00ednh x\u00e1c cao<br \/>\n&#8211; Kh\u00f4ng c\u1ea7n b\u00f9 \u00e1p su\u1ea5t hay nhi\u1ec7t \u0111\u1ed9 \u2013 xu\u1ea5t t\u00edn hi\u1ec7u l\u01b0u l\u01b0\u1ee3ng tr\u1ef1c ti\u1ebfp<br \/>\n&#8211; D\u1ea3i \u0111o r\u1ed9ng \u2013 t\u1ec9 l\u1ec7 turndown l\u00ean t\u1edbi 100:1<br \/>\n&#8211; L\u1eafp \u0111\u1eb7t d\u1ec5 d\u00e0ng, d\u00f9ng cho nhi\u1ec1u lo\u1ea1i kh\u00ed nh\u01b0 N2, CO2, Ar\u2026<br \/>\n&#8211; \u0110\u1ea7u ra linh ho\u1ea1t: 4-20mA, 0-10V, relay, RS-485<\/p>","protected":false},"featured_media":7738,"template":"","meta":[],"product_cat":[574,575],"product_tag":[],"acf":[],"yoast_head":"<!-- This site is optimized with the Yoast SEO Premium plugin v18.4 (Yoast SEO v18.6) - https:\/\/yoast.com\/wordpress\/plugins\/seo\/ -->\n<title>C\u1ea3m bi\u1ebfn l\u01b0u l\u01b0\u1ee3ng kh\u00ed ki\u1ec3u thermal mass FDM06-P - QUANDO<\/title>\n<meta name=\"description\" content=\"FDM06-P l\u00e0 c\u1ea3m bi\u1ebfn l\u01b0u l\u01b0\u1ee3ng kh\u00ed ki\u1ec3u thermal mass, \u0111o tr\u1ef1c ti\u1ebfp kh\u00f4ng c\u1ea7n b\u00f9 \u00e1p ho\u1eb7c nhi\u1ec7t \u0111\u1ed9, \u0111\u1ed9 nh\u1ea1y cao, ph\u00f9 h\u1ee3p kh\u00ed n\u00e9n, CO2, N2... v\u1edbi \u0111\u1ea7u ra analog, relay, RS-485, IP65.\" \/>\n<meta name=\"robots\" content=\"index, follow, max-snippet:-1, max-image-preview:large, max-video-preview:-1\" \/>\n<link rel=\"canonical\" href=\"https:\/\/quando.com.vn\/en\/product\/cam-bien-luu-luong-khi-fdm06-p\/\" \/>\n<meta property=\"og:locale\" content=\"en_US\" \/>\n<meta property=\"og:type\" content=\"article\" \/>\n<meta property=\"og:title\" content=\"C\u1ea3m bi\u1ebfn l\u01b0u l\u01b0\u1ee3ng kh\u00ed ki\u1ec3u thermal mass FDM06-P\" \/>\n<meta property=\"og:description\" content=\"FDM06-P l\u00e0 c\u1ea3m bi\u1ebfn l\u01b0u l\u01b0\u1ee3ng kh\u00ed ki\u1ec3u thermal mass, \u0111o tr\u1ef1c ti\u1ebfp kh\u00f4ng c\u1ea7n b\u00f9 \u00e1p ho\u1eb7c nhi\u1ec7t \u0111\u1ed9, \u0111\u1ed9 nh\u1ea1y cao, ph\u00f9 h\u1ee3p kh\u00ed n\u00e9n, CO2, N2... v\u1edbi \u0111\u1ea7u ra analog, relay, RS-485, IP65.\" \/>\n<meta property=\"og:url\" content=\"https:\/\/quando.com.vn\/en\/product\/cam-bien-luu-luong-khi-fdm06-p\/\" \/>\n<meta property=\"og:site_name\" content=\"QUANDO\" \/>\n<meta property=\"article:modified_time\" content=\"2026-01-07T09:36:56+00:00\" \/>\n<meta name=\"twitter:card\" content=\"summary_large_image\" \/>\n<meta name=\"twitter:image\" content=\"https:\/\/quando.com.vn\/wp-content\/uploads\/2026\/01\/eyc-tech-fdm06-p-all-airflow-500x500-1.webp\" \/>\n<meta name=\"twitter:label1\" content=\"Est. reading time\" \/>\n\t<meta name=\"twitter:data1\" content=\"3 minutes\" \/>\n<script type=\"application\/ld+json\" class=\"yoast-schema-graph\">{\"@context\":\"https:\/\/schema.org\",\"@graph\":[{\"@type\":\"WebSite\",\"@id\":\"https:\/\/quando.com.vn\/en\/#website\",\"url\":\"https:\/\/quando.com.vn\/en\/\",\"name\":\"QUANDO\",\"description\":\"\",\"potentialAction\":[{\"@type\":\"SearchAction\",\"target\":{\"@type\":\"EntryPoint\",\"urlTemplate\":\"https:\/\/quando.com.vn\/en\/?s={search_term_string}\"},\"query-input\":\"required name=search_term_string\"}],\"inLanguage\":\"en-US\"},{\"@type\":\"ImageObject\",\"@id\":\"https:\/\/quando.com.vn\/san-pham\/cam-bien-luu-luong-khi-fdm06-p\/#primaryimage\",\"inLanguage\":\"en-US\",\"url\":\"https:\/\/quando.com.vn\/wp-content\/uploads\/2026\/01\/eyc-tech-fdm06-p-all-airflow-500x500-1.webp\",\"contentUrl\":\"https:\/\/quando.com.vn\/wp-content\/uploads\/2026\/01\/eyc-tech-fdm06-p-all-airflow-500x500-1.webp\",\"width\":500,\"height\":500,\"caption\":\"FDM06-P Thermal Mass Flow Transmitter\"},{\"@type\":\"WebPage\",\"@id\":\"https:\/\/quando.com.vn\/san-pham\/cam-bien-luu-luong-khi-fdm06-p\/#webpage\",\"url\":\"https:\/\/quando.com.vn\/san-pham\/cam-bien-luu-luong-khi-fdm06-p\/\",\"name\":\"C\u1ea3m bi\u1ebfn l\u01b0u l\u01b0\u1ee3ng kh\u00ed ki\u1ec3u thermal mass FDM06-P - QUANDO\",\"isPartOf\":{\"@id\":\"https:\/\/quando.com.vn\/en\/#website\"},\"primaryImageOfPage\":{\"@id\":\"https:\/\/quando.com.vn\/san-pham\/cam-bien-luu-luong-khi-fdm06-p\/#primaryimage\"},\"datePublished\":\"2026-01-07T07:23:26+00:00\",\"dateModified\":\"2026-01-07T09:36:56+00:00\",\"description\":\"FDM06-P l\u00e0 c\u1ea3m bi\u1ebfn l\u01b0u l\u01b0\u1ee3ng kh\u00ed ki\u1ec3u thermal mass, \u0111o tr\u1ef1c ti\u1ebfp kh\u00f4ng c\u1ea7n b\u00f9 \u00e1p ho\u1eb7c nhi\u1ec7t \u0111\u1ed9, \u0111\u1ed9 nh\u1ea1y cao, ph\u00f9 h\u1ee3p kh\u00ed n\u00e9n, CO2, N2... v\u1edbi \u0111\u1ea7u ra analog, relay, RS-485, IP65.\",\"breadcrumb\":{\"@id\":\"https:\/\/quando.com.vn\/san-pham\/cam-bien-luu-luong-khi-fdm06-p\/#breadcrumb\"},\"inLanguage\":\"en-US\",\"potentialAction\":[{\"@type\":\"ReadAction\",\"target\":[\"https:\/\/quando.com.vn\/san-pham\/cam-bien-luu-luong-khi-fdm06-p\/\"]}]},{\"@type\":\"BreadcrumbList\",\"@id\":\"https:\/\/quando.com.vn\/san-pham\/cam-bien-luu-luong-khi-fdm06-p\/#breadcrumb\",\"itemListElement\":[{\"@type\":\"ListItem\",\"position\":1,\"name\":\"Trang ch\u1ee7\",\"item\":\"https:\/\/quando.com.vn\/\"},{\"@type\":\"ListItem\",\"position\":2,\"name\":\"S\u1ea3n ph\u1ea9m\",\"item\":\"https:\/\/quando.com.vn\/san-pham\/\"},{\"@type\":\"ListItem\",\"position\":3,\"name\":\"C\u1ea3m bi\u1ebfn l\u01b0u l\u01b0\u1ee3ng kh\u00ed ki\u1ec3u thermal mass FDM06-P\"}]}]}<\/script>\n<!-- \/ Yoast SEO Premium plugin. -->","yoast_head_json":{"title":"C\u1ea3m bi\u1ebfn l\u01b0u l\u01b0\u1ee3ng kh\u00ed ki\u1ec3u thermal mass FDM06-P - QUANDO","description":"FDM06-P l\u00e0 c\u1ea3m bi\u1ebfn l\u01b0u l\u01b0\u1ee3ng kh\u00ed ki\u1ec3u thermal mass, \u0111o tr\u1ef1c ti\u1ebfp kh\u00f4ng c\u1ea7n b\u00f9 \u00e1p ho\u1eb7c nhi\u1ec7t \u0111\u1ed9, \u0111\u1ed9 nh\u1ea1y cao, ph\u00f9 h\u1ee3p kh\u00ed n\u00e9n, CO2, N2... v\u1edbi \u0111\u1ea7u ra analog, relay, RS-485, IP65.","robots":{"index":"index","follow":"follow","max-snippet":"max-snippet:-1","max-image-preview":"max-image-preview:large","max-video-preview":"max-video-preview:-1"},"canonical":"https:\/\/quando.com.vn\/en\/product\/cam-bien-luu-luong-khi-fdm06-p\/","og_locale":"en_US","og_type":"article","og_title":"C\u1ea3m bi\u1ebfn l\u01b0u l\u01b0\u1ee3ng kh\u00ed ki\u1ec3u thermal mass FDM06-P","og_description":"FDM06-P l\u00e0 c\u1ea3m bi\u1ebfn l\u01b0u l\u01b0\u1ee3ng kh\u00ed ki\u1ec3u thermal mass, \u0111o tr\u1ef1c ti\u1ebfp kh\u00f4ng c\u1ea7n b\u00f9 \u00e1p ho\u1eb7c nhi\u1ec7t \u0111\u1ed9, \u0111\u1ed9 nh\u1ea1y cao, ph\u00f9 h\u1ee3p kh\u00ed n\u00e9n, CO2, N2... v\u1edbi \u0111\u1ea7u ra analog, relay, RS-485, IP65.","og_url":"https:\/\/quando.com.vn\/en\/product\/cam-bien-luu-luong-khi-fdm06-p\/","og_site_name":"QUANDO","article_modified_time":"2026-01-07T09:36:56+00:00","twitter_card":"summary_large_image","twitter_image":"https:\/\/quando.com.vn\/wp-content\/uploads\/2026\/01\/eyc-tech-fdm06-p-all-airflow-500x500-1.webp","twitter_misc":{"Est. reading time":"3 minutes"},"schema":{"@context":"https:\/\/schema.org","@graph":[{"@type":"WebSite","@id":"https:\/\/quando.com.vn\/en\/#website","url":"https:\/\/quando.com.vn\/en\/","name":"QUANDO","description":"","potentialAction":[{"@type":"SearchAction","target":{"@type":"EntryPoint","urlTemplate":"https:\/\/quando.com.vn\/en\/?s={search_term_string}"},"query-input":"required name=search_term_string"}],"inLanguage":"en-US"},{"@type":"ImageObject","@id":"https:\/\/quando.com.vn\/san-pham\/cam-bien-luu-luong-khi-fdm06-p\/#primaryimage","inLanguage":"en-US","url":"https:\/\/quando.com.vn\/wp-content\/uploads\/2026\/01\/eyc-tech-fdm06-p-all-airflow-500x500-1.webp","contentUrl":"https:\/\/quando.com.vn\/wp-content\/uploads\/2026\/01\/eyc-tech-fdm06-p-all-airflow-500x500-1.webp","width":500,"height":500,"caption":"FDM06-P Thermal Mass Flow Transmitter"},{"@type":"WebPage","@id":"https:\/\/quando.com.vn\/san-pham\/cam-bien-luu-luong-khi-fdm06-p\/#webpage","url":"https:\/\/quando.com.vn\/san-pham\/cam-bien-luu-luong-khi-fdm06-p\/","name":"C\u1ea3m bi\u1ebfn l\u01b0u l\u01b0\u1ee3ng kh\u00ed ki\u1ec3u thermal mass FDM06-P - QUANDO","isPartOf":{"@id":"https:\/\/quando.com.vn\/en\/#website"},"primaryImageOfPage":{"@id":"https:\/\/quando.com.vn\/san-pham\/cam-bien-luu-luong-khi-fdm06-p\/#primaryimage"},"datePublished":"2026-01-07T07:23:26+00:00","dateModified":"2026-01-07T09:36:56+00:00","description":"FDM06-P l\u00e0 c\u1ea3m bi\u1ebfn l\u01b0u l\u01b0\u1ee3ng kh\u00ed ki\u1ec3u thermal mass, \u0111o tr\u1ef1c ti\u1ebfp kh\u00f4ng c\u1ea7n b\u00f9 \u00e1p ho\u1eb7c nhi\u1ec7t \u0111\u1ed9, \u0111\u1ed9 nh\u1ea1y cao, ph\u00f9 h\u1ee3p kh\u00ed n\u00e9n, CO2, N2... v\u1edbi \u0111\u1ea7u ra analog, relay, RS-485, IP65.","breadcrumb":{"@id":"https:\/\/quando.com.vn\/san-pham\/cam-bien-luu-luong-khi-fdm06-p\/#breadcrumb"},"inLanguage":"en-US","potentialAction":[{"@type":"ReadAction","target":["https:\/\/quando.com.vn\/san-pham\/cam-bien-luu-luong-khi-fdm06-p\/"]}]},{"@type":"BreadcrumbList","@id":"https:\/\/quando.com.vn\/san-pham\/cam-bien-luu-luong-khi-fdm06-p\/#breadcrumb","itemListElement":[{"@type":"ListItem","position":1,"name":"Trang ch\u1ee7","item":"https:\/\/quando.com.vn\/"},{"@type":"ListItem","position":2,"name":"S\u1ea3n ph\u1ea9m","item":"https:\/\/quando.com.vn\/san-pham\/"},{"@type":"ListItem","position":3,"name":"C\u1ea3m bi\u1ebfn l\u01b0u l\u01b0\u1ee3ng kh\u00ed ki\u1ec3u thermal mass FDM06-P"}]}]}},"_links":{"self":[{"href":"https:\/\/quando.com.vn\/en\/wp-json\/wp\/v2\/product\/7737"}],"collection":[{"href":"https:\/\/quando.com.vn\/en\/wp-json\/wp\/v2\/product"}],"about":[{"href":"https:\/\/quando.com.vn\/en\/wp-json\/wp\/v2\/types\/product"}],"wp:featuredmedia":[{"embeddable":true,"href":"https:\/\/quando.com.vn\/en\/wp-json\/wp\/v2\/media\/7738"}],"wp:attachment":[{"href":"https:\/\/quando.com.vn\/en\/wp-json\/wp\/v2\/media?parent=7737"}],"wp:term":[{"taxonomy":"product_cat","embeddable":true,"href":"https:\/\/quando.com.vn\/en\/wp-json\/wp\/v2\/product_cat?post=7737"},{"taxonomy":"product_tag","embeddable":true,"href":"https:\/\/quando.com.vn\/en\/wp-json\/wp\/v2\/product_tag?post=7737"}],"curies":[{"name":"wp","href":"https:\/\/api.w.org\/{rel}","templated":true}]}}