{"id":7716,"date":"2025-12-16T09:36:11","date_gmt":"2025-12-16T02:36:11","guid":{"rendered":"https:\/\/quando.com.vn\/?post_type=product&#038;p=7716"},"modified":"2026-01-07T16:38:34","modified_gmt":"2026-01-07T09:38:34","slug":"bo-hien-thi-dieu-khien-sup-2100","status":"publish","type":"product","link":"https:\/\/quando.com.vn\/en\/product\/bo-hien-thi-dieu-khien-sup-2100\/","title":{"rendered":"B\u1ed9 hi\u1ec3n th\u1ecb \u0111i\u1ec1u khi\u1ec3n SUP-2100"},"content":{"rendered":"<h3>SUP-2100 \u2013 B\u1ed9 hi\u1ec3n th\u1ecb \u0111i\u1ec1u khi\u1ec3n<\/h3>\n<p>SUP-2100 l\u00e0 b\u1ed9 hi\u1ec3n th\u1ecb \u0111i\u1ec1u khi\u1ec3n (Single-loop Digital Display Controller) s\u1eed d\u1ee5ng c\u00f4ng ngh\u1ec7 \u0111\u00f3ng g\u00f3i SMD t\u1ef1 \u0111\u1ed9ng, mang l\u1ea1i kh\u1ea3 n\u0103ng ch\u1ed1ng nhi\u1ec5u cao v\u00e0 \u0111\u1ed9 \u1ed5n \u0111\u1ecbnh l\u00e2u d\u00e0i. Thi\u1ebft b\u1ecb \u0111\u01b0\u1ee3c trang b\u1ecb m\u00e0n h\u00ecnh LED k\u00e9p 4 ch\u1eef s\u1ed1, cho ph\u00e9p hi\u1ec3n th\u1ecb \u0111\u1ed3ng th\u1eddi nhi\u1ec1u th\u00f4ng tin \u0111o.<\/p>\n<p>SUP-2100 c\u00f3 th\u1ec3 k\u1ebft h\u1ee3p v\u1edbi nhi\u1ec1u lo\u1ea1i c\u1ea3m bi\u1ebfn v\u00e0 transmitter kh\u00e1c nhau \u0111\u1ec3 hi\u1ec3n th\u1ecb c\u00e1c \u0111\u1ea1i l\u01b0\u1ee3ng v\u1eadt l\u00fd nh\u01b0 nhi\u1ec7t \u0111\u1ed9, \u00e1p su\u1ea5t, m\u1ee9c ch\u1ea5t l\u1ecfng, t\u1ed1c \u0111\u1ed9, l\u1ef1c v\u00e0 c\u00e1c t\u00edn hi\u1ec7u c\u00f4ng nghi\u1ec7p kh\u00e1c. Ngo\u00e0i ch\u1ee9c n\u0103ng hi\u1ec3n th\u1ecb, thi\u1ebft b\u1ecb c\u00f2n h\u1ed7 tr\u1ee3 c\u1ea3nh b\u00e1o, truy\u1ec1n t\u00edn hi\u1ec7u analog v\u00e0 giao ti\u1ebfp truy\u1ec1n th\u00f4ng.<\/p>\n<h4>\u01afu \u0111i\u1ec3m n\u1ed5i b\u1eadt<\/h4>\n<p>&#8211; M\u00e0n h\u00ecnh LED k\u00e9p 4 ch\u1eef s\u1ed1, hi\u1ec3n th\u1ecb r\u00f5 r\u00e0ng v\u00e0 tr\u1ef1c quan<br \/>\n&#8211; \u0110\u1ed9 ch\u00ednh x\u00e1c \u0111o cao \u00b10.2%FS<br \/>\n&#8211; H\u1ed7 tr\u1ee3 nhi\u1ec1u chu\u1ea9n t\u00edn hi\u1ec7u analog \u0111\u1ea7u v\u00e0o\/ra<br \/>\n&#8211; C\u00f3 relay c\u1ea3nh b\u00e1o ng\u01b0\u1ee1ng tr\u00ean v\u00e0 d\u01b0\u1edbi<br \/>\n&#8211; L\u1eafp \u0111\u1eb7t d\u1ea1ng snap-in ti\u00eau chu\u1ea9n, d\u1ec5 thay th\u1ebf<br \/>\n&#8211; Nhi\u1ec1u k\u00edch th\u01b0\u1edbc m\u1eb7t, linh ho\u1ea1t cho t\u1ee7 \u0111i\u1ec7n<\/p>\n<h4><strong>Ch\u1ee9c n\u0103ng v\u00e0 kh\u1ea3 n\u0103ng m\u1edf r\u1ed9ng<\/strong><\/h4>\n<p>SUP-2100 h\u1ed7 tr\u1ee3 truy\u1ec1n t\u00edn hi\u1ec7u analog 4\u201320mA, \u0111i\u1ec7n \u00e1p v\u00e0 d\u00f2ng \u0111i\u1ec7n, \u0111\u1ed3ng th\u1eddi cung c\u1ea5p ng\u00f5 ra relay cho c\u00e1c ch\u1ee9c n\u0103ng c\u1ea3nh b\u00e1o ho\u1eb7c \u0111i\u1ec1u khi\u1ec3n. Ngo\u00e0i ra, thi\u1ebft b\u1ecb c\u00f2n t\u00edch h\u1ee3p c\u1ed5ng RS232 \u0111\u1ec3 in d\u1eef li\u1ec7u \u0111o theo ch\u1ebf \u0111\u1ed9 th\u1ee7 c\u00f4ng, \u0111\u1ecbnh k\u1ef3 ho\u1eb7c khi c\u00f3 c\u1ea3nh b\u00e1o.<\/p>\n<h4><strong>Th\u00f4ng s\u1ed1 k\u1ef9 thu\u1eadt<\/strong><\/h4>\n<table>\n<tbody>\n<tr>\n<td>S\u1ea3n ph\u1ea9m<\/td>\n<td>B\u1ed9 hi\u1ec3n th\u1ecb \u0111i\u1ec1u khi\u1ec3n<\/td>\n<\/tr>\n<tr>\n<td>Model<\/td>\n<td>SUP-2100<\/td>\n<\/tr>\n<tr>\n<td>\u0110\u1ed9 ch\u00ednh x\u00e1c<\/td>\n<td>\u00b10.2%FS<\/td>\n<\/tr>\n<tr>\n<td>K\u00edch th\u01b0\u1edbc m\u1eb7t<\/td>\n<td>A: 160\u00d780mm; B: 80\u00d7160mm; C: 96\u00d796mm; D: 96\u00d748mm;<br \/>\nE: 48\u00d796mm; F: 72\u00d772mm; H: 48\u00d748mm;<br \/>\nK: 160\u00d780mm; L: 80\u00d7160mm; M: 96\u00d796mm<\/td>\n<\/tr>\n<tr>\n<td>Ng\u00f5 ra truy\u1ec1n<\/td>\n<td>4\u201320mA, 1\u20135V, 0\u201310mA, 0\u20135V, 0\u201320mA, 0\u201310V<\/td>\n<\/tr>\n<tr>\n<td>Ng\u00f5 ra c\u1ea3nh b\u00e1o<\/td>\n<td>Relay c\u1ea3nh b\u00e1o ng\u01b0\u1ee1ng tr\u00ean\/d\u01b0\u1edbi<\/td>\n<\/tr>\n<tr>\n<td>Giao ti\u1ebfp<\/td>\n<td>RS232 (in d\u1eef li\u1ec7u)<\/td>\n<\/tr>\n<tr>\n<td>Ngu\u1ed3n c\u1ea5p<\/td>\n<td>AC\/DC 100\u2013240V; DC 12\u201336V<\/td>\n<\/tr>\n<tr>\n<td>Nhi\u1ec7t \u0111\u1ed9 l\u00e0m vi\u1ec7c<\/td>\n<td>-10 ~ 50 \u2103 (kh\u00f4ng ng\u01b0ng t\u1ee5)<\/td>\n<\/tr>\n<\/tbody>\n<\/table>\n<h4>\u1ee8ng d\u1ee5ng<\/h4>\n<p>&#8211; Hi\u1ec3n th\u1ecb v\u00e0 gi\u00e1m s\u00e1t nhi\u1ec7t \u0111\u1ed9, \u00e1p su\u1ea5t, m\u1ee9c<br \/>\n&#8211; T\u1ee7 \u0111i\u1ec1u khi\u1ec3n c\u00f4ng nghi\u1ec7p v\u00e0 h\u1ec7 th\u1ed1ng OEM<br \/>\n&#8211; D\u00e2y chuy\u1ec1n s\u1ea3n xu\u1ea5t, l\u00f2 nhi\u1ec7t, b\u1ed3n ch\u1ee9a<br \/>\n&#8211; H\u1ec7 th\u1ed1ng HVAC, x\u1eed l\u00fd n\u01b0\u1edbc<br \/>\n&#8211; \u1ee8ng d\u1ee5ng c\u1ea7n hi\u1ec3n th\u1ecb v\u00e0 c\u1ea3nh b\u00e1o t\u1ea1i ch\u1ed7<\/p>\n<p>SUP-2100 l\u00e0 gi\u1ea3i ph\u00e1p hi\u1ec3n th\u1ecb v\u00e0 \u0111i\u1ec1u khi\u1ec3n linh ho\u1ea1t, ph\u00f9 h\u1ee3p cho nhi\u1ec1u ng\u00e0nh c\u00f4ng nghi\u1ec7p nh\u1edd kh\u1ea3 n\u0103ng t\u01b0\u01a1ng th\u00edch cao, \u0111\u1ed9 ch\u00ednh x\u00e1c t\u1ed1t v\u00e0 thi\u1ebft k\u1ebf d\u1ec5 l\u1eafp \u0111\u1eb7t.<\/p>","protected":false},"excerpt":{"rendered":"<p>&#8211; B\u1ed9 hi\u1ec3n th\u1ecb \u0111i\u1ec1u khi\u1ec3n v\u1edbi LED k\u00e9p 4 ch\u1eef s\u1ed1<br \/>\n&#8211; \u0110\u1ed9 ch\u00ednh x\u00e1c cao \u00b10.2%FS<br \/>\n&#8211; H\u1ed7 tr\u1ee3 nhi\u1ec1u t\u00edn hi\u1ec7u analog v\u00e0 relay c\u1ea3nh b\u00e1o<br \/>\n&#8211; L\u1eafp \u0111\u1eb7t snap-in ti\u00eau chu\u1ea9n, nhi\u1ec1u k\u00edch th\u01b0\u1edbc m\u1eb7t<br \/>\n&#8211; Ph\u00f9 h\u1ee3p hi\u1ec3n th\u1ecb nhi\u1ec7t \u0111\u1ed9, \u00e1p su\u1ea5t, m\u1ee9c v\u00e0 l\u01b0u l\u01b0\u1ee3ng<\/p>","protected":false},"featured_media":7718,"template":"","meta":[],"product_cat":[572,573],"product_tag":[],"acf":[],"yoast_head":"<!-- This site is optimized with the Yoast SEO Premium plugin v18.4 (Yoast SEO v18.6) - https:\/\/yoast.com\/wordpress\/plugins\/seo\/ -->\n<title>B\u1ed9 hi\u1ec3n th\u1ecb \u0111i\u1ec1u khi\u1ec3n SUP-2100 - QUANDO<\/title>\n<meta name=\"description\" content=\"B\u1ed9 hi\u1ec3n th\u1ecb \u0111i\u1ec1u khi\u1ec3n SUP-2100 l\u00e0 b\u1ed9 hi\u1ec3n th\u1ecb \u0111i\u1ec1u khi\u1ec3n m\u00e0n h\u00ecnh LED k\u00e9p 4 s\u1ed1, \u0111\u1ed9 ch\u00ednh x\u00e1c \u00b10.2%FS, h\u1ed7 tr\u1ee3 nhi\u1ec1u t\u00edn hi\u1ec7u v\u00e0o\/ra, c\u1ea3nh b\u00e1o relay v\u00e0 truy\u1ec1n th\u00f4ng RS232\/RS485, ph\u00f9 h\u1ee3p hi\u1ec3n th\u1ecb nhi\u1ec7t \u0111\u1ed9, \u00e1p su\u1ea5t, m\u1ee9c v\u00e0 c\u00e1c \u0111\u1ea1i l\u01b0\u1ee3ng c\u00f4ng nghi\u1ec7p kh\u00e1c.\" \/>\n<meta name=\"robots\" content=\"index, follow, max-snippet:-1, max-image-preview:large, max-video-preview:-1\" \/>\n<link rel=\"canonical\" href=\"https:\/\/quando.com.vn\/en\/product\/bo-hien-thi-dieu-khien-sup-2100\/\" \/>\n<meta property=\"og:locale\" content=\"en_US\" \/>\n<meta property=\"og:type\" content=\"article\" \/>\n<meta property=\"og:title\" content=\"B\u1ed9 hi\u1ec3n th\u1ecb \u0111i\u1ec1u khi\u1ec3n SUP-2100\" \/>\n<meta property=\"og:description\" content=\"B\u1ed9 hi\u1ec3n th\u1ecb \u0111i\u1ec1u khi\u1ec3n SUP-2100 l\u00e0 b\u1ed9 hi\u1ec3n th\u1ecb \u0111i\u1ec1u khi\u1ec3n m\u00e0n h\u00ecnh LED k\u00e9p 4 s\u1ed1, \u0111\u1ed9 ch\u00ednh x\u00e1c \u00b10.2%FS, h\u1ed7 tr\u1ee3 nhi\u1ec1u t\u00edn hi\u1ec7u v\u00e0o\/ra, c\u1ea3nh b\u00e1o relay v\u00e0 truy\u1ec1n th\u00f4ng RS232\/RS485, ph\u00f9 h\u1ee3p hi\u1ec3n th\u1ecb nhi\u1ec7t \u0111\u1ed9, \u00e1p su\u1ea5t, m\u1ee9c v\u00e0 c\u00e1c \u0111\u1ea1i l\u01b0\u1ee3ng c\u00f4ng nghi\u1ec7p kh\u00e1c.\" \/>\n<meta property=\"og:url\" content=\"https:\/\/quando.com.vn\/en\/product\/bo-hien-thi-dieu-khien-sup-2100\/\" \/>\n<meta property=\"og:site_name\" content=\"QUANDO\" \/>\n<meta property=\"article:modified_time\" content=\"2026-01-07T09:38:34+00:00\" \/>\n<meta name=\"twitter:card\" content=\"summary_large_image\" \/>\n<meta name=\"twitter:image\" content=\"https:\/\/quando.com.vn\/wp-content\/uploads\/2025\/12\/Sup-2100-Single-loop-digital-display-controller.webp\" \/>\n<meta name=\"twitter:label1\" content=\"Est. reading time\" \/>\n\t<meta name=\"twitter:data1\" content=\"3 minutes\" \/>\n<script type=\"application\/ld+json\" class=\"yoast-schema-graph\">{\"@context\":\"https:\/\/schema.org\",\"@graph\":[{\"@type\":\"WebSite\",\"@id\":\"https:\/\/quando.com.vn\/en\/#website\",\"url\":\"https:\/\/quando.com.vn\/en\/\",\"name\":\"QUANDO\",\"description\":\"\",\"potentialAction\":[{\"@type\":\"SearchAction\",\"target\":{\"@type\":\"EntryPoint\",\"urlTemplate\":\"https:\/\/quando.com.vn\/en\/?s={search_term_string}\"},\"query-input\":\"required name=search_term_string\"}],\"inLanguage\":\"en-US\"},{\"@type\":\"ImageObject\",\"@id\":\"https:\/\/quando.com.vn\/san-pham\/bo-hien-thi-dieu-khien-sup-2100\/#primaryimage\",\"inLanguage\":\"en-US\",\"url\":\"https:\/\/quando.com.vn\/wp-content\/uploads\/2025\/12\/Sup-2100-Single-loop-digital-display-controller.webp\",\"contentUrl\":\"https:\/\/quando.com.vn\/wp-content\/uploads\/2025\/12\/Sup-2100-Single-loop-digital-display-controller.webp\",\"width\":800,\"height\":800,\"caption\":\"Sup-2100-Single-loop-digital-display\"},{\"@type\":\"WebPage\",\"@id\":\"https:\/\/quando.com.vn\/san-pham\/bo-hien-thi-dieu-khien-sup-2100\/#webpage\",\"url\":\"https:\/\/quando.com.vn\/san-pham\/bo-hien-thi-dieu-khien-sup-2100\/\",\"name\":\"B\u1ed9 hi\u1ec3n th\u1ecb \u0111i\u1ec1u khi\u1ec3n SUP-2100 - QUANDO\",\"isPartOf\":{\"@id\":\"https:\/\/quando.com.vn\/en\/#website\"},\"primaryImageOfPage\":{\"@id\":\"https:\/\/quando.com.vn\/san-pham\/bo-hien-thi-dieu-khien-sup-2100\/#primaryimage\"},\"datePublished\":\"2025-12-16T02:36:11+00:00\",\"dateModified\":\"2026-01-07T09:38:34+00:00\",\"description\":\"B\u1ed9 hi\u1ec3n th\u1ecb \u0111i\u1ec1u khi\u1ec3n SUP-2100 l\u00e0 b\u1ed9 hi\u1ec3n th\u1ecb \u0111i\u1ec1u khi\u1ec3n m\u00e0n h\u00ecnh LED k\u00e9p 4 s\u1ed1, \u0111\u1ed9 ch\u00ednh x\u00e1c \u00b10.2%FS, h\u1ed7 tr\u1ee3 nhi\u1ec1u t\u00edn hi\u1ec7u v\u00e0o\/ra, c\u1ea3nh b\u00e1o relay v\u00e0 truy\u1ec1n th\u00f4ng RS232\/RS485, ph\u00f9 h\u1ee3p hi\u1ec3n th\u1ecb nhi\u1ec7t \u0111\u1ed9, \u00e1p su\u1ea5t, m\u1ee9c v\u00e0 c\u00e1c \u0111\u1ea1i l\u01b0\u1ee3ng c\u00f4ng nghi\u1ec7p kh\u00e1c.\",\"breadcrumb\":{\"@id\":\"https:\/\/quando.com.vn\/san-pham\/bo-hien-thi-dieu-khien-sup-2100\/#breadcrumb\"},\"inLanguage\":\"en-US\",\"potentialAction\":[{\"@type\":\"ReadAction\",\"target\":[\"https:\/\/quando.com.vn\/san-pham\/bo-hien-thi-dieu-khien-sup-2100\/\"]}]},{\"@type\":\"BreadcrumbList\",\"@id\":\"https:\/\/quando.com.vn\/san-pham\/bo-hien-thi-dieu-khien-sup-2100\/#breadcrumb\",\"itemListElement\":[{\"@type\":\"ListItem\",\"position\":1,\"name\":\"Trang ch\u1ee7\",\"item\":\"https:\/\/quando.com.vn\/\"},{\"@type\":\"ListItem\",\"position\":2,\"name\":\"S\u1ea3n ph\u1ea9m\",\"item\":\"https:\/\/quando.com.vn\/san-pham\/\"},{\"@type\":\"ListItem\",\"position\":3,\"name\":\"B\u1ed9 hi\u1ec3n th\u1ecb \u0111i\u1ec1u khi\u1ec3n SUP-2100\"}]}]}<\/script>\n<!-- \/ Yoast SEO Premium plugin. -->","yoast_head_json":{"title":"B\u1ed9 hi\u1ec3n th\u1ecb \u0111i\u1ec1u khi\u1ec3n SUP-2100 - QUANDO","description":"B\u1ed9 hi\u1ec3n th\u1ecb \u0111i\u1ec1u khi\u1ec3n SUP-2100 l\u00e0 b\u1ed9 hi\u1ec3n th\u1ecb \u0111i\u1ec1u khi\u1ec3n m\u00e0n h\u00ecnh LED k\u00e9p 4 s\u1ed1, \u0111\u1ed9 ch\u00ednh x\u00e1c \u00b10.2%FS, h\u1ed7 tr\u1ee3 nhi\u1ec1u t\u00edn hi\u1ec7u v\u00e0o\/ra, c\u1ea3nh b\u00e1o relay v\u00e0 truy\u1ec1n th\u00f4ng RS232\/RS485, ph\u00f9 h\u1ee3p hi\u1ec3n th\u1ecb nhi\u1ec7t \u0111\u1ed9, \u00e1p su\u1ea5t, m\u1ee9c v\u00e0 c\u00e1c \u0111\u1ea1i l\u01b0\u1ee3ng c\u00f4ng nghi\u1ec7p kh\u00e1c.","robots":{"index":"index","follow":"follow","max-snippet":"max-snippet:-1","max-image-preview":"max-image-preview:large","max-video-preview":"max-video-preview:-1"},"canonical":"https:\/\/quando.com.vn\/en\/product\/bo-hien-thi-dieu-khien-sup-2100\/","og_locale":"en_US","og_type":"article","og_title":"B\u1ed9 hi\u1ec3n th\u1ecb \u0111i\u1ec1u khi\u1ec3n SUP-2100","og_description":"B\u1ed9 hi\u1ec3n th\u1ecb \u0111i\u1ec1u khi\u1ec3n SUP-2100 l\u00e0 b\u1ed9 hi\u1ec3n th\u1ecb \u0111i\u1ec1u khi\u1ec3n m\u00e0n h\u00ecnh LED k\u00e9p 4 s\u1ed1, \u0111\u1ed9 ch\u00ednh x\u00e1c \u00b10.2%FS, h\u1ed7 tr\u1ee3 nhi\u1ec1u t\u00edn hi\u1ec7u v\u00e0o\/ra, c\u1ea3nh b\u00e1o relay v\u00e0 truy\u1ec1n th\u00f4ng RS232\/RS485, ph\u00f9 h\u1ee3p hi\u1ec3n th\u1ecb nhi\u1ec7t \u0111\u1ed9, \u00e1p su\u1ea5t, m\u1ee9c v\u00e0 c\u00e1c \u0111\u1ea1i l\u01b0\u1ee3ng c\u00f4ng nghi\u1ec7p kh\u00e1c.","og_url":"https:\/\/quando.com.vn\/en\/product\/bo-hien-thi-dieu-khien-sup-2100\/","og_site_name":"QUANDO","article_modified_time":"2026-01-07T09:38:34+00:00","twitter_card":"summary_large_image","twitter_image":"https:\/\/quando.com.vn\/wp-content\/uploads\/2025\/12\/Sup-2100-Single-loop-digital-display-controller.webp","twitter_misc":{"Est. reading time":"3 minutes"},"schema":{"@context":"https:\/\/schema.org","@graph":[{"@type":"WebSite","@id":"https:\/\/quando.com.vn\/en\/#website","url":"https:\/\/quando.com.vn\/en\/","name":"QUANDO","description":"","potentialAction":[{"@type":"SearchAction","target":{"@type":"EntryPoint","urlTemplate":"https:\/\/quando.com.vn\/en\/?s={search_term_string}"},"query-input":"required name=search_term_string"}],"inLanguage":"en-US"},{"@type":"ImageObject","@id":"https:\/\/quando.com.vn\/san-pham\/bo-hien-thi-dieu-khien-sup-2100\/#primaryimage","inLanguage":"en-US","url":"https:\/\/quando.com.vn\/wp-content\/uploads\/2025\/12\/Sup-2100-Single-loop-digital-display-controller.webp","contentUrl":"https:\/\/quando.com.vn\/wp-content\/uploads\/2025\/12\/Sup-2100-Single-loop-digital-display-controller.webp","width":800,"height":800,"caption":"Sup-2100-Single-loop-digital-display"},{"@type":"WebPage","@id":"https:\/\/quando.com.vn\/san-pham\/bo-hien-thi-dieu-khien-sup-2100\/#webpage","url":"https:\/\/quando.com.vn\/san-pham\/bo-hien-thi-dieu-khien-sup-2100\/","name":"B\u1ed9 hi\u1ec3n th\u1ecb \u0111i\u1ec1u khi\u1ec3n SUP-2100 - QUANDO","isPartOf":{"@id":"https:\/\/quando.com.vn\/en\/#website"},"primaryImageOfPage":{"@id":"https:\/\/quando.com.vn\/san-pham\/bo-hien-thi-dieu-khien-sup-2100\/#primaryimage"},"datePublished":"2025-12-16T02:36:11+00:00","dateModified":"2026-01-07T09:38:34+00:00","description":"B\u1ed9 hi\u1ec3n th\u1ecb \u0111i\u1ec1u khi\u1ec3n SUP-2100 l\u00e0 b\u1ed9 hi\u1ec3n th\u1ecb \u0111i\u1ec1u khi\u1ec3n m\u00e0n h\u00ecnh LED k\u00e9p 4 s\u1ed1, \u0111\u1ed9 ch\u00ednh x\u00e1c \u00b10.2%FS, h\u1ed7 tr\u1ee3 nhi\u1ec1u t\u00edn hi\u1ec7u v\u00e0o\/ra, c\u1ea3nh b\u00e1o relay v\u00e0 truy\u1ec1n th\u00f4ng RS232\/RS485, ph\u00f9 h\u1ee3p hi\u1ec3n th\u1ecb nhi\u1ec7t \u0111\u1ed9, \u00e1p su\u1ea5t, m\u1ee9c v\u00e0 c\u00e1c \u0111\u1ea1i l\u01b0\u1ee3ng c\u00f4ng nghi\u1ec7p kh\u00e1c.","breadcrumb":{"@id":"https:\/\/quando.com.vn\/san-pham\/bo-hien-thi-dieu-khien-sup-2100\/#breadcrumb"},"inLanguage":"en-US","potentialAction":[{"@type":"ReadAction","target":["https:\/\/quando.com.vn\/san-pham\/bo-hien-thi-dieu-khien-sup-2100\/"]}]},{"@type":"BreadcrumbList","@id":"https:\/\/quando.com.vn\/san-pham\/bo-hien-thi-dieu-khien-sup-2100\/#breadcrumb","itemListElement":[{"@type":"ListItem","position":1,"name":"Trang ch\u1ee7","item":"https:\/\/quando.com.vn\/"},{"@type":"ListItem","position":2,"name":"S\u1ea3n ph\u1ea9m","item":"https:\/\/quando.com.vn\/san-pham\/"},{"@type":"ListItem","position":3,"name":"B\u1ed9 hi\u1ec3n th\u1ecb \u0111i\u1ec1u khi\u1ec3n SUP-2100"}]}]}},"_links":{"self":[{"href":"https:\/\/quando.com.vn\/en\/wp-json\/wp\/v2\/product\/7716"}],"collection":[{"href":"https:\/\/quando.com.vn\/en\/wp-json\/wp\/v2\/product"}],"about":[{"href":"https:\/\/quando.com.vn\/en\/wp-json\/wp\/v2\/types\/product"}],"wp:featuredmedia":[{"embeddable":true,"href":"https:\/\/quando.com.vn\/en\/wp-json\/wp\/v2\/media\/7718"}],"wp:attachment":[{"href":"https:\/\/quando.com.vn\/en\/wp-json\/wp\/v2\/media?parent=7716"}],"wp:term":[{"taxonomy":"product_cat","embeddable":true,"href":"https:\/\/quando.com.vn\/en\/wp-json\/wp\/v2\/product_cat?post=7716"},{"taxonomy":"product_tag","embeddable":true,"href":"https:\/\/quando.com.vn\/en\/wp-json\/wp\/v2\/product_tag?post=7716"}],"curies":[{"name":"wp","href":"https:\/\/api.w.org\/{rel}","templated":true}]}}