{"id":7711,"date":"2025-12-16T09:07:35","date_gmt":"2025-12-16T02:07:35","guid":{"rendered":"https:\/\/quando.com.vn\/?post_type=product&#038;p=7711"},"modified":"2025-12-16T09:50:42","modified_gmt":"2025-12-16T02:50:42","slug":"cam-bien-ap-suat-nhiet-do-sup-pd500","status":"publish","type":"product","link":"https:\/\/quando.com.vn\/en\/product\/cam-bien-ap-suat-nhiet-do-sup-pd500\/","title":{"rendered":"C\u1ea3m bi\u1ebfn \u00e1p su\u1ea5t v\u00e0 nhi\u1ec7t \u0111\u1ed9 SUP-PD500"},"content":{"rendered":"<h3>SUP-PD500 \u2013 C\u1ea3m bi\u1ebfn t\u00edch h\u1ee3p \u00e1p su\u1ea5t v\u00e0 nhi\u1ec7t \u0111\u1ed9<\/h3>\n<p>SUP-PD500 l\u00e0 c\u1ea3m bi\u1ebfn t\u00edch h\u1ee3p \u0111o \u0111\u1ed3ng th\u1eddi \u00e1p su\u1ea5t v\u00e0 nhi\u1ec7t \u0111\u1ed9 trong c\u00f9ng m\u1ed9t thi\u1ebft b\u1ecb. V\u1edbi hai ng\u00f5 ra 4\u201320mA \u0111\u1ed9c l\u1eadp, thi\u1ebft b\u1ecb cho ph\u00e9p truy\u1ec1n song song gi\u00e1 tr\u1ecb \u00e1p su\u1ea5t v\u00e0 nhi\u1ec7t \u0111\u1ed9 v\u1ec1 h\u1ec7 th\u1ed1ng PLC, DCS ho\u1eb7c SCADA m\u00e0 kh\u00f4ng c\u1ea7n l\u1eafp th\u00eam c\u1ea3m bi\u1ebfn ri\u00eang bi\u1ec7t.<\/p>\n<p>Thi\u1ebft k\u1ebf n\u00e0y \u0111\u1eb7c bi\u1ec7t ph\u00f9 h\u1ee3p trong c\u00e1c \u1ee9ng d\u1ee5ng kh\u00f4ng gian l\u1eafp \u0111\u1eb7t h\u1ea1n ch\u1ebf ho\u1eb7c c\u00e1c quy tr\u00ecnh y\u00eau c\u1ea7u \u0111o \u00e1p su\u1ea5t v\u00e0 nhi\u1ec7t \u0111\u1ed9 ch\u00ednh x\u00e1c t\u1ea1i c\u00f9ng m\u1ed9t v\u1ecb tr\u00ed \u0111o \u0111\u1ec3 \u0111\u1ea3m b\u1ea3o \u0111\u1ed9 tin c\u1eady c\u1ee7a d\u1eef li\u1ec7u.<\/p>\n<p><img loading=\"lazy\" class=\"aligncenter size-full wp-image-7715\" src=\"https:\/\/quando.com.vn\/wp-content\/uploads\/2025\/12\/SUP-PD500-Pressure-and-temperature-transmitter_4.webp\" alt=\"C\u1ea3m bi\u1ebfn \u00e1p su\u1ea5t &amp; nhi\u1ec7t \u0111\u1ed9 SUP-PD500\" width=\"750\" height=\"650\" srcset=\"https:\/\/quando.com.vn\/wp-content\/uploads\/2025\/12\/SUP-PD500-Pressure-and-temperature-transmitter_4.webp 750w, https:\/\/quando.com.vn\/wp-content\/uploads\/2025\/12\/SUP-PD500-Pressure-and-temperature-transmitter_4-300x260.webp 300w, https:\/\/quando.com.vn\/wp-content\/uploads\/2025\/12\/SUP-PD500-Pressure-and-temperature-transmitter_4-14x12.webp 14w\" sizes=\"(max-width: 750px) 100vw, 750px\" \/><\/p>\n<h4><strong>\u01afu \u0111i\u1ec3m n\u1ed5i b\u1eadt<\/strong><\/h4>\n<p>&#8211; T\u00edch h\u1ee3p 2 c\u1ea3m bi\u1ebfn trong 1 thi\u1ebft b\u1ecb, gi\u1ea3m chi ph\u00ed v\u00e0 \u0111i\u1ec3m l\u1eafp<br \/>\n&#8211; Hai ng\u00f5 ra 4\u201320mA ri\u00eang bi\u1ec7t, d\u1ec5 t\u00edch h\u1ee3p h\u1ec7 \u0111i\u1ec1u khi\u1ec3n<br \/>\n&#8211; D\u1ea3i \u0111o \u00e1p su\u1ea5t r\u1ed9ng t\u1eeb kPa \u0111\u1ebfn 60MPa<br \/>\n&#8211; Thi\u1ebft k\u1ebf nh\u1ecf g\u1ecdn, k\u1ebft n\u1ed1i ren ti\u00eau chu\u1ea9n<br \/>\n&#8211; Gi\u1ea3m sai l\u1ec7ch do \u0111o \u00e1p su\u1ea5t v\u00e0 nhi\u1ec7t \u0111\u1ed9 \u1edf hai v\u1ecb tr\u00ed kh\u00e1c nhau<br \/>\n&#8211; Ph\u00f9 h\u1ee3p cho h\u1ec7 th\u1ed1ng OEM v\u00e0 m\u00e1y c\u00f4ng nghi\u1ec7p<\/p>\n<h4><strong>Nguy\u00ean l\u00fd ho\u1ea1t \u0111\u1ed9ng<\/strong><\/h4>\n<p>SUP-PD500 s\u1eed d\u1ee5ng c\u1ea3m bi\u1ebfn \u00e1p su\u1ea5t piezoresistive k\u1ebft h\u1ee3p v\u1edbi ph\u1ea7n t\u1eed \u0111o nhi\u1ec7t \u0111\u1ed9 t\u00edch h\u1ee3p. \u00c1p su\u1ea5t v\u00e0 nhi\u1ec7t \u0111\u1ed9 c\u1ee7a m\u00f4i ch\u1ea5t \u0111\u01b0\u1ee3c \u0111o \u0111\u1ed3ng th\u1eddi t\u1ea1i c\u00f9ng m\u1ed9t v\u1ecb tr\u00ed. T\u00edn hi\u1ec7u \u0111o \u0111\u01b0\u1ee3c x\u1eed l\u00fd \u0111\u1ed9c l\u1eadp v\u00e0 chuy\u1ec3n \u0111\u1ed5i th\u00e0nh hai t\u00edn hi\u1ec7u d\u00f2ng 4\u201320mA, \u0111\u1ea3m b\u1ea3o truy\u1ec1n d\u1eef li\u1ec7u \u1ed5n \u0111\u1ecbnh v\u00e0 ch\u00ednh x\u00e1c.<\/p>\n<h4><strong>Th\u00f4ng s\u1ed1 k\u1ef9 thu\u1eadt<\/strong><\/h4>\n<table>\n<tbody>\n<tr>\n<td>S\u1ea3n ph\u1ea9m<\/td>\n<td>C\u1ea3m bi\u1ebfn \u00e1p su\u1ea5t &amp; nhi\u1ec7t \u0111\u1ed9<\/td>\n<\/tr>\n<tr>\n<td>Model<\/td>\n<td>SUP-PD500<\/td>\n<\/tr>\n<tr>\n<td>D\u1ea3i \u0111o \u00e1p su\u1ea5t<\/td>\n<td>0 ~ 600 kPa \u2026 60 MPa<\/td>\n<\/tr>\n<tr>\n<td>\u0110\u1ed9 ch\u00ednh x\u00e1c \u00e1p su\u1ea5t<\/td>\n<td>0.5%FS<\/td>\n<\/tr>\n<tr>\n<td>\u0110\u1ed9 ch\u00ednh x\u00e1c nhi\u1ec7t \u0111\u1ed9<\/td>\n<td>2.5%FS<\/td>\n<\/tr>\n<tr>\n<td>Ng\u00f5 ra<\/td>\n<td>2 \u00d7 4\u201320mA (\u00e1p su\u1ea5t + nhi\u1ec7t \u0111\u1ed9)<\/td>\n<\/tr>\n<tr>\n<td>K\u1ebft n\u1ed1i c\u01a1 kh\u00ed<\/td>\n<td>Ren<\/td>\n<\/tr>\n<tr>\n<td>Ngu\u1ed3n c\u1ea5p<\/td>\n<td>12 ~ 30VDC<\/td>\n<\/tr>\n<\/tbody>\n<\/table>\n<h4><strong>\u1ee8ng d\u1ee5ng<\/strong><\/h4>\n<p>&#8211; H\u1ec7 th\u1ed1ng th\u1ee7y l\u1ef1c v\u00e0 kh\u00ed n\u00e9n<br \/>\n&#8211; M\u00e1y n\u00e9n, b\u01a1m c\u00f4ng nghi\u1ec7p<br \/>\n&#8211; Ng\u00e0nh d\u1ea7u kh\u00ed v\u00e0 h\u00f3a ch\u1ea5t<br \/>\n&#8211; Thi\u1ebft b\u1ecb OEM, skid system<br \/>\n&#8211; \u1ee8ng d\u1ee5ng c\u1ea7n \u0111o \u00e1p su\u1ea5t &amp; nhi\u1ec7t \u0111\u1ed9 \u0111\u1ed3ng th\u1eddi<\/p>\n<p>SUP-PD500 l\u00e0 gi\u1ea3i ph\u00e1p l\u00fd t\u01b0\u1edfng cho c\u00e1c h\u1ec7 th\u1ed1ng hi\u1ec7n \u0111\u1ea1i c\u1ea7n t\u1ed1i \u01b0u kh\u00f4ng gian, gi\u1ea3m s\u1ed1 l\u01b0\u1ee3ng c\u1ea3m bi\u1ebfn v\u00e0 \u0111\u1ea3m b\u1ea3o d\u1eef li\u1ec7u \u00e1p su\u1ea5t \u2013 nhi\u1ec7t \u0111\u1ed9 \u0111\u1ed3ng nh\u1ea5t t\u1ea1i c\u00f9ng \u0111i\u1ec3m \u0111o.<\/p>\n<p><a href=\"https:\/\/quando.com.vn\/san-pham\/bo-hien-thi-dieu-khien-sup-2100\/\"><img loading=\"lazy\" class=\"aligncenter size-full wp-image-7713\" src=\"https:\/\/quando.com.vn\/wp-content\/uploads\/2025\/12\/SUP-PD500-Pressure-and-temperature-transmitter_2.webp\" alt=\"\" width=\"790\" height=\"898\" srcset=\"https:\/\/quando.com.vn\/wp-content\/uploads\/2025\/12\/SUP-PD500-Pressure-and-temperature-transmitter_2.webp 790w, https:\/\/quando.com.vn\/wp-content\/uploads\/2025\/12\/SUP-PD500-Pressure-and-temperature-transmitter_2-264x300.webp 264w, https:\/\/quando.com.vn\/wp-content\/uploads\/2025\/12\/SUP-PD500-Pressure-and-temperature-transmitter_2-768x873.webp 768w, https:\/\/quando.com.vn\/wp-content\/uploads\/2025\/12\/SUP-PD500-Pressure-and-temperature-transmitter_2-11x12.webp 11w, https:\/\/quando.com.vn\/wp-content\/uploads\/2025\/12\/SUP-PD500-Pressure-and-temperature-transmitter_2-300x341.webp 300w\" sizes=\"(max-width: 790px) 100vw, 790px\" \/><\/a><\/p>\n<p><a href=\"https:\/\/quando.com.vn\/san-pham\/bo-hien-thi-dieu-khien-sup-2100\/\">\u00a0 \u00a0 \u00a0 <\/a><\/p>\n<p>\u2192 <a href=\"https:\/\/quando.com.vn\/san-pham\/bo-hien-thi-dieu-khien-sup-2100\/\">B\u1ed9 hi\u1ec3n th\u1ecb v\u00e0 \u0111i\u1ec1u khi\u1ec3n SUP-2100<\/a><\/p>\n<p>&nbsp;<\/p>","protected":false},"excerpt":{"rendered":"<p>&#8211; \u0110o \u0111\u1ed3ng th\u1eddi \u00e1p su\u1ea5t v\u00e0 nhi\u1ec7t \u0111\u1ed9 t\u1ea1i c\u00f9ng m\u1ed9t \u0111i\u1ec3m<br \/>\n&#8211; Hai ng\u00f5 ra 4\u201320mA \u0111\u1ed9c l\u1eadp cho \u00e1p su\u1ea5t v\u00e0 nhi\u1ec7t \u0111\u1ed9<br \/>\n&#8211; D\u1ea3i \u0111o \u00e1p su\u1ea5t r\u1ed9ng \u0111\u1ebfn 60MPa<br \/>\n&#8211; Thi\u1ebft k\u1ebf nh\u1ecf g\u1ecdn, ti\u1ebft ki\u1ec7m kh\u00f4ng gian l\u1eafp \u0111\u1eb7t<\/p>","protected":false},"featured_media":7712,"template":"","meta":[],"product_cat":[529,537],"product_tag":[],"acf":[],"yoast_head":"<!-- This site is optimized with the Yoast SEO Premium plugin v18.4 (Yoast SEO v18.6) - https:\/\/yoast.com\/wordpress\/plugins\/seo\/ -->\n<title>C\u1ea3m bi\u1ebfn \u00e1p su\u1ea5t v\u00e0 nhi\u1ec7t \u0111\u1ed9 SUP-PD500 - QUANDO<\/title>\n<meta name=\"description\" content=\"C\u1ea3m bi\u1ebfn \u00e1p su\u1ea5t v\u00e0 nhi\u1ec7t \u0111\u1ed9 SUP-PD500 l\u00e0 c\u1ea3m bi\u1ebfn t\u00edch h\u1ee3p \u0111o \u00e1p su\u1ea5t v\u00e0 nhi\u1ec7t \u0111\u1ed9 t\u1ea1i c\u00f9ng m\u1ed9t v\u1ecb tr\u00ed, v\u1edbi hai ng\u00f5 ra 4\u201320mA \u0111\u1ed9c l\u1eadp, d\u1ea3i \u0111o \u0111\u1ebfn 60MPa, thi\u1ebft k\u1ebf nh\u1ecf g\u1ecdn, ph\u00f9 h\u1ee3p h\u1ec7 th\u1ed1ng c\u00f4ng nghi\u1ec7p y\u00eau c\u1ea7u ti\u1ebft ki\u1ec7m kh\u00f4ng gian v\u00e0 \u0111\u1ed9 ch\u00ednh x\u00e1c cao.\" \/>\n<meta name=\"robots\" content=\"index, follow, max-snippet:-1, max-image-preview:large, max-video-preview:-1\" \/>\n<link rel=\"canonical\" href=\"https:\/\/quando.com.vn\/en\/product\/cam-bien-ap-suat-nhiet-do-sup-pd500\/\" \/>\n<meta property=\"og:locale\" content=\"en_US\" \/>\n<meta property=\"og:type\" content=\"article\" \/>\n<meta property=\"og:title\" content=\"C\u1ea3m bi\u1ebfn \u00e1p su\u1ea5t v\u00e0 nhi\u1ec7t \u0111\u1ed9 SUP-PD500\" \/>\n<meta property=\"og:description\" content=\"C\u1ea3m bi\u1ebfn \u00e1p su\u1ea5t v\u00e0 nhi\u1ec7t \u0111\u1ed9 SUP-PD500 l\u00e0 c\u1ea3m bi\u1ebfn t\u00edch h\u1ee3p \u0111o \u00e1p su\u1ea5t v\u00e0 nhi\u1ec7t \u0111\u1ed9 t\u1ea1i c\u00f9ng m\u1ed9t v\u1ecb tr\u00ed, v\u1edbi hai ng\u00f5 ra 4\u201320mA \u0111\u1ed9c l\u1eadp, d\u1ea3i \u0111o \u0111\u1ebfn 60MPa, thi\u1ebft k\u1ebf nh\u1ecf g\u1ecdn, ph\u00f9 h\u1ee3p h\u1ec7 th\u1ed1ng c\u00f4ng nghi\u1ec7p y\u00eau c\u1ea7u ti\u1ebft ki\u1ec7m kh\u00f4ng gian v\u00e0 \u0111\u1ed9 ch\u00ednh x\u00e1c cao.\" \/>\n<meta property=\"og:url\" content=\"https:\/\/quando.com.vn\/en\/product\/cam-bien-ap-suat-nhiet-do-sup-pd500\/\" \/>\n<meta property=\"og:site_name\" content=\"QUANDO\" \/>\n<meta property=\"article:modified_time\" content=\"2025-12-16T02:50:42+00:00\" \/>\n<meta name=\"twitter:card\" content=\"summary_large_image\" \/>\n<meta name=\"twitter:image\" content=\"https:\/\/quando.com.vn\/wp-content\/uploads\/2025\/12\/SUP-PD500-Pressure-and-temperature-transmitter.webp\" \/>\n<meta name=\"twitter:label1\" content=\"Est. reading time\" \/>\n\t<meta name=\"twitter:data1\" content=\"3 minutes\" \/>\n<script type=\"application\/ld+json\" class=\"yoast-schema-graph\">{\"@context\":\"https:\/\/schema.org\",\"@graph\":[{\"@type\":\"WebSite\",\"@id\":\"https:\/\/quando.com.vn\/en\/#website\",\"url\":\"https:\/\/quando.com.vn\/en\/\",\"name\":\"QUANDO\",\"description\":\"\",\"potentialAction\":[{\"@type\":\"SearchAction\",\"target\":{\"@type\":\"EntryPoint\",\"urlTemplate\":\"https:\/\/quando.com.vn\/en\/?s={search_term_string}\"},\"query-input\":\"required name=search_term_string\"}],\"inLanguage\":\"en-US\"},{\"@type\":\"ImageObject\",\"@id\":\"https:\/\/quando.com.vn\/san-pham\/cam-bien-ap-suat-nhiet-do-sup-pd500\/#primaryimage\",\"inLanguage\":\"en-US\",\"url\":\"https:\/\/quando.com.vn\/wp-content\/uploads\/2025\/12\/SUP-PD500-Pressure-and-temperature-transmitter.webp\",\"contentUrl\":\"https:\/\/quando.com.vn\/wp-content\/uploads\/2025\/12\/SUP-PD500-Pressure-and-temperature-transmitter.webp\",\"width\":800,\"height\":800,\"caption\":\"C\u1ea3m bi\u1ebfn \u00e1p su\u1ea5t & nhi\u1ec7t \u0111\u1ed9 SUP-PD500\"},{\"@type\":\"WebPage\",\"@id\":\"https:\/\/quando.com.vn\/san-pham\/cam-bien-ap-suat-nhiet-do-sup-pd500\/#webpage\",\"url\":\"https:\/\/quando.com.vn\/san-pham\/cam-bien-ap-suat-nhiet-do-sup-pd500\/\",\"name\":\"C\u1ea3m bi\u1ebfn \u00e1p su\u1ea5t v\u00e0 nhi\u1ec7t \u0111\u1ed9 SUP-PD500 - QUANDO\",\"isPartOf\":{\"@id\":\"https:\/\/quando.com.vn\/en\/#website\"},\"primaryImageOfPage\":{\"@id\":\"https:\/\/quando.com.vn\/san-pham\/cam-bien-ap-suat-nhiet-do-sup-pd500\/#primaryimage\"},\"datePublished\":\"2025-12-16T02:07:35+00:00\",\"dateModified\":\"2025-12-16T02:50:42+00:00\",\"description\":\"C\u1ea3m bi\u1ebfn \u00e1p su\u1ea5t v\u00e0 nhi\u1ec7t \u0111\u1ed9 SUP-PD500 l\u00e0 c\u1ea3m bi\u1ebfn t\u00edch h\u1ee3p \u0111o \u00e1p su\u1ea5t v\u00e0 nhi\u1ec7t \u0111\u1ed9 t\u1ea1i c\u00f9ng m\u1ed9t v\u1ecb tr\u00ed, v\u1edbi hai ng\u00f5 ra 4\u201320mA \u0111\u1ed9c l\u1eadp, d\u1ea3i \u0111o \u0111\u1ebfn 60MPa, thi\u1ebft k\u1ebf nh\u1ecf g\u1ecdn, ph\u00f9 h\u1ee3p h\u1ec7 th\u1ed1ng c\u00f4ng nghi\u1ec7p y\u00eau c\u1ea7u ti\u1ebft ki\u1ec7m kh\u00f4ng gian v\u00e0 \u0111\u1ed9 ch\u00ednh x\u00e1c cao.\",\"breadcrumb\":{\"@id\":\"https:\/\/quando.com.vn\/san-pham\/cam-bien-ap-suat-nhiet-do-sup-pd500\/#breadcrumb\"},\"inLanguage\":\"en-US\",\"potentialAction\":[{\"@type\":\"ReadAction\",\"target\":[\"https:\/\/quando.com.vn\/san-pham\/cam-bien-ap-suat-nhiet-do-sup-pd500\/\"]}]},{\"@type\":\"BreadcrumbList\",\"@id\":\"https:\/\/quando.com.vn\/san-pham\/cam-bien-ap-suat-nhiet-do-sup-pd500\/#breadcrumb\",\"itemListElement\":[{\"@type\":\"ListItem\",\"position\":1,\"name\":\"Trang ch\u1ee7\",\"item\":\"https:\/\/quando.com.vn\/\"},{\"@type\":\"ListItem\",\"position\":2,\"name\":\"S\u1ea3n ph\u1ea9m\",\"item\":\"https:\/\/quando.com.vn\/san-pham\/\"},{\"@type\":\"ListItem\",\"position\":3,\"name\":\"C\u1ea3m bi\u1ebfn \u00e1p su\u1ea5t v\u00e0 nhi\u1ec7t \u0111\u1ed9 SUP-PD500\"}]}]}<\/script>\n<!-- \/ Yoast SEO Premium plugin. -->","yoast_head_json":{"title":"C\u1ea3m bi\u1ebfn \u00e1p su\u1ea5t v\u00e0 nhi\u1ec7t \u0111\u1ed9 SUP-PD500 - QUANDO","description":"C\u1ea3m bi\u1ebfn \u00e1p su\u1ea5t v\u00e0 nhi\u1ec7t \u0111\u1ed9 SUP-PD500 l\u00e0 c\u1ea3m bi\u1ebfn t\u00edch h\u1ee3p \u0111o \u00e1p su\u1ea5t v\u00e0 nhi\u1ec7t \u0111\u1ed9 t\u1ea1i c\u00f9ng m\u1ed9t v\u1ecb tr\u00ed, v\u1edbi hai ng\u00f5 ra 4\u201320mA \u0111\u1ed9c l\u1eadp, d\u1ea3i \u0111o \u0111\u1ebfn 60MPa, thi\u1ebft k\u1ebf nh\u1ecf g\u1ecdn, ph\u00f9 h\u1ee3p h\u1ec7 th\u1ed1ng c\u00f4ng nghi\u1ec7p y\u00eau c\u1ea7u ti\u1ebft ki\u1ec7m kh\u00f4ng gian v\u00e0 \u0111\u1ed9 ch\u00ednh x\u00e1c cao.","robots":{"index":"index","follow":"follow","max-snippet":"max-snippet:-1","max-image-preview":"max-image-preview:large","max-video-preview":"max-video-preview:-1"},"canonical":"https:\/\/quando.com.vn\/en\/product\/cam-bien-ap-suat-nhiet-do-sup-pd500\/","og_locale":"en_US","og_type":"article","og_title":"C\u1ea3m bi\u1ebfn \u00e1p su\u1ea5t v\u00e0 nhi\u1ec7t \u0111\u1ed9 SUP-PD500","og_description":"C\u1ea3m bi\u1ebfn \u00e1p su\u1ea5t v\u00e0 nhi\u1ec7t \u0111\u1ed9 SUP-PD500 l\u00e0 c\u1ea3m bi\u1ebfn t\u00edch h\u1ee3p \u0111o \u00e1p su\u1ea5t v\u00e0 nhi\u1ec7t \u0111\u1ed9 t\u1ea1i c\u00f9ng m\u1ed9t v\u1ecb tr\u00ed, v\u1edbi hai ng\u00f5 ra 4\u201320mA \u0111\u1ed9c l\u1eadp, d\u1ea3i \u0111o \u0111\u1ebfn 60MPa, thi\u1ebft k\u1ebf nh\u1ecf g\u1ecdn, ph\u00f9 h\u1ee3p h\u1ec7 th\u1ed1ng c\u00f4ng nghi\u1ec7p y\u00eau c\u1ea7u ti\u1ebft ki\u1ec7m kh\u00f4ng gian v\u00e0 \u0111\u1ed9 ch\u00ednh x\u00e1c cao.","og_url":"https:\/\/quando.com.vn\/en\/product\/cam-bien-ap-suat-nhiet-do-sup-pd500\/","og_site_name":"QUANDO","article_modified_time":"2025-12-16T02:50:42+00:00","twitter_card":"summary_large_image","twitter_image":"https:\/\/quando.com.vn\/wp-content\/uploads\/2025\/12\/SUP-PD500-Pressure-and-temperature-transmitter.webp","twitter_misc":{"Est. reading time":"3 minutes"},"schema":{"@context":"https:\/\/schema.org","@graph":[{"@type":"WebSite","@id":"https:\/\/quando.com.vn\/en\/#website","url":"https:\/\/quando.com.vn\/en\/","name":"QUANDO","description":"","potentialAction":[{"@type":"SearchAction","target":{"@type":"EntryPoint","urlTemplate":"https:\/\/quando.com.vn\/en\/?s={search_term_string}"},"query-input":"required name=search_term_string"}],"inLanguage":"en-US"},{"@type":"ImageObject","@id":"https:\/\/quando.com.vn\/san-pham\/cam-bien-ap-suat-nhiet-do-sup-pd500\/#primaryimage","inLanguage":"en-US","url":"https:\/\/quando.com.vn\/wp-content\/uploads\/2025\/12\/SUP-PD500-Pressure-and-temperature-transmitter.webp","contentUrl":"https:\/\/quando.com.vn\/wp-content\/uploads\/2025\/12\/SUP-PD500-Pressure-and-temperature-transmitter.webp","width":800,"height":800,"caption":"C\u1ea3m bi\u1ebfn \u00e1p su\u1ea5t & nhi\u1ec7t \u0111\u1ed9 SUP-PD500"},{"@type":"WebPage","@id":"https:\/\/quando.com.vn\/san-pham\/cam-bien-ap-suat-nhiet-do-sup-pd500\/#webpage","url":"https:\/\/quando.com.vn\/san-pham\/cam-bien-ap-suat-nhiet-do-sup-pd500\/","name":"C\u1ea3m bi\u1ebfn \u00e1p su\u1ea5t v\u00e0 nhi\u1ec7t \u0111\u1ed9 SUP-PD500 - QUANDO","isPartOf":{"@id":"https:\/\/quando.com.vn\/en\/#website"},"primaryImageOfPage":{"@id":"https:\/\/quando.com.vn\/san-pham\/cam-bien-ap-suat-nhiet-do-sup-pd500\/#primaryimage"},"datePublished":"2025-12-16T02:07:35+00:00","dateModified":"2025-12-16T02:50:42+00:00","description":"C\u1ea3m bi\u1ebfn \u00e1p su\u1ea5t v\u00e0 nhi\u1ec7t \u0111\u1ed9 SUP-PD500 l\u00e0 c\u1ea3m bi\u1ebfn t\u00edch h\u1ee3p \u0111o \u00e1p su\u1ea5t v\u00e0 nhi\u1ec7t \u0111\u1ed9 t\u1ea1i c\u00f9ng m\u1ed9t v\u1ecb tr\u00ed, v\u1edbi hai ng\u00f5 ra 4\u201320mA \u0111\u1ed9c l\u1eadp, d\u1ea3i \u0111o \u0111\u1ebfn 60MPa, thi\u1ebft k\u1ebf nh\u1ecf g\u1ecdn, ph\u00f9 h\u1ee3p h\u1ec7 th\u1ed1ng c\u00f4ng nghi\u1ec7p y\u00eau c\u1ea7u ti\u1ebft ki\u1ec7m kh\u00f4ng gian v\u00e0 \u0111\u1ed9 ch\u00ednh x\u00e1c cao.","breadcrumb":{"@id":"https:\/\/quando.com.vn\/san-pham\/cam-bien-ap-suat-nhiet-do-sup-pd500\/#breadcrumb"},"inLanguage":"en-US","potentialAction":[{"@type":"ReadAction","target":["https:\/\/quando.com.vn\/san-pham\/cam-bien-ap-suat-nhiet-do-sup-pd500\/"]}]},{"@type":"BreadcrumbList","@id":"https:\/\/quando.com.vn\/san-pham\/cam-bien-ap-suat-nhiet-do-sup-pd500\/#breadcrumb","itemListElement":[{"@type":"ListItem","position":1,"name":"Trang ch\u1ee7","item":"https:\/\/quando.com.vn\/"},{"@type":"ListItem","position":2,"name":"S\u1ea3n ph\u1ea9m","item":"https:\/\/quando.com.vn\/san-pham\/"},{"@type":"ListItem","position":3,"name":"C\u1ea3m bi\u1ebfn \u00e1p su\u1ea5t v\u00e0 nhi\u1ec7t \u0111\u1ed9 SUP-PD500"}]}]}},"_links":{"self":[{"href":"https:\/\/quando.com.vn\/en\/wp-json\/wp\/v2\/product\/7711"}],"collection":[{"href":"https:\/\/quando.com.vn\/en\/wp-json\/wp\/v2\/product"}],"about":[{"href":"https:\/\/quando.com.vn\/en\/wp-json\/wp\/v2\/types\/product"}],"wp:featuredmedia":[{"embeddable":true,"href":"https:\/\/quando.com.vn\/en\/wp-json\/wp\/v2\/media\/7712"}],"wp:attachment":[{"href":"https:\/\/quando.com.vn\/en\/wp-json\/wp\/v2\/media?parent=7711"}],"wp:term":[{"taxonomy":"product_cat","embeddable":true,"href":"https:\/\/quando.com.vn\/en\/wp-json\/wp\/v2\/product_cat?post=7711"},{"taxonomy":"product_tag","embeddable":true,"href":"https:\/\/quando.com.vn\/en\/wp-json\/wp\/v2\/product_tag?post=7711"}],"curies":[{"name":"wp","href":"https:\/\/api.w.org\/{rel}","templated":true}]}}