{"id":7708,"date":"2025-12-16T08:48:21","date_gmt":"2025-12-16T01:48:21","guid":{"rendered":"https:\/\/quando.com.vn\/?post_type=product&#038;p=7708"},"modified":"2025-12-16T08:57:15","modified_gmt":"2025-12-16T01:57:15","slug":"cam-bien-chenh-ap-pd536","status":"publish","type":"product","link":"https:\/\/quando.com.vn\/en\/product\/cam-bien-chenh-ap-pd536\/","title":{"rendered":"C\u1ea3m bi\u1ebfn ch\u00eanh \u00e1p m\u1eb7t b\u00edch PD536"},"content":{"rendered":"<h3>PD536 \u2013 C\u1ea3m bi\u1ebfn ch\u00eanh \u00e1p l\u1eafp m\u1eb7t b\u00edch<\/h3>\n<p>PD536 l\u00e0 c\u1ea3m bi\u1ebfn ch\u00eanh \u00e1p (Differential Pressure Transmitter) d\u1ea1ng l\u1eafp m\u1eb7t b\u00edch, \u0111\u01b0\u1ee3c thi\u1ebft k\u1ebf cho c\u00e1c \u1ee9ng d\u1ee5ng \u0111o ch\u00eanh \u00e1p trong m\u00f4i tr\u01b0\u1eddng c\u00f4ng nghi\u1ec7p kh\u1eafc nghi\u1ec7t. Thi\u1ebft b\u1ecb c\u00f3 \u0111\u1ed9 ch\u00ednh x\u00e1c cao v\u00e0 \u0111\u1ed9 \u1ed5n \u0111\u1ecbnh l\u00e2u d\u00e0i, ph\u00f9 h\u1ee3p cho c\u00e1c h\u1ec7 th\u1ed1ng \u0111o l\u01b0u l\u01b0\u1ee3ng, m\u1ee9c ch\u1ea5t l\u1ecfng v\u00e0 \u00e1p su\u1ea5t ch\u00eanh trong \u0111\u01b0\u1eddng \u1ed1ng.<\/p>\n<p>V\u1edbi d\u1ea3i \u0111o linh ho\u1ea1t t\u1eeb kPa \u0111\u1ebfn 3MPa, PD536 \u0111\u00e1p \u1ee9ng t\u1ed1t cho nhi\u1ec1u \u1ee9ng d\u1ee5ng kh\u00e1c nhau trong ng\u00e0nh d\u1ea7u kh\u00ed, h\u00f3a ch\u1ea5t, n\u0103ng l\u01b0\u1ee3ng v\u00e0 x\u1eed l\u00fd n\u01b0\u1edbc. M\u00e0ng \u0111o \u0111\u01b0\u1ee3c ch\u1ebf t\u1ea1o t\u1eeb inox 316L ho\u1eb7c Hastelloy C, gi\u00fap t\u0103ng kh\u1ea3 n\u0103ng ch\u1ed1ng \u0103n m\u00f2n v\u00e0 k\u00e9o d\u00e0i tu\u1ed5i th\u1ecd thi\u1ebft b\u1ecb.<\/p>\n<h4><strong>\u01afu \u0111i\u1ec3m n\u1ed5i b\u1eadt<\/strong><\/h4>\n<p>&#8211; \u0110\u1ed9 ch\u00ednh x\u00e1c cao \u00b10.075%FS, \u0111\u00e1p \u1ee9ng y\u00eau c\u1ea7u \u0111o ch\u00ednh x\u00e1c<br \/>\n&#8211; L\u1eafp \u0111\u1eb7t m\u1eb7t b\u00edch ch\u1eafc ch\u1eafn, ph\u00f9 h\u1ee3p h\u1ec7 th\u1ed1ng \u00e1p su\u1ea5t cao<br \/>\n&#8211; H\u1ed7 tr\u1ee3 t\u00edn hi\u1ec7u 4\u201320mA v\u00e0 giao th\u1ee9c HART<br \/>\n&#8211; V\u1eadt li\u1ec7u m\u00e0ng 316L ho\u1eb7c Hastelloy C ch\u1ed1ng \u0103n m\u00f2n<br \/>\n&#8211; Ho\u1ea1t \u0111\u1ed9ng \u1ed5n \u0111\u1ecbnh trong d\u1ea3i nhi\u1ec7t \u0111\u1ed9 m\u00f4i tr\u01b0\u1eddng r\u1ed9ng<br \/>\n&#8211; V\u1ecf h\u1ee3p kim nh\u00f4m ph\u1ee7 epoxy, c\u1ea5p b\u1ea3o v\u1ec7 IP67<\/p>\n<h4><strong>Nguy\u00ean l\u00fd ho\u1ea1t \u0111\u1ed9ng<\/strong><\/h4>\n<p>C\u1ea3m bi\u1ebfn ch\u00eanh \u00e1p m\u1eb7t b\u00edch PD536 \u0111o s\u1ef1 ch\u00eanh l\u1ec7ch \u00e1p su\u1ea5t gi\u1eefa hai \u0111i\u1ec3m th\u00f4ng qua hai c\u1ed5ng \u00e1p su\u1ea5t cao v\u00e0 th\u1ea5p. S\u1ef1 ch\u00eanh \u00e1p t\u00e1c \u0111\u1ed9ng l\u00ean m\u00e0ng c\u1ea3m bi\u1ebfn, t\u1ea1o ra t\u00edn hi\u1ec7u \u0111i\u1ec7n t\u1ef7 l\u1ec7 v\u1edbi gi\u00e1 tr\u1ecb ch\u00eanh \u00e1p. T\u00edn hi\u1ec7u n\u00e0y \u0111\u01b0\u1ee3c x\u1eed l\u00fd v\u00e0 chuy\u1ec3n \u0111\u1ed5i th\u00e0nh d\u00f2ng \u0111i\u1ec7n 4\u201320mA ho\u1eb7c truy\u1ec1n qua HART v\u1ec1 h\u1ec7 th\u1ed1ng \u0111i\u1ec1u khi\u1ec3n.<\/p>\n<h4><strong>Th\u00f4ng s\u1ed1 k\u1ef9 thu\u1eadt<\/strong><\/h4>\n<table>\n<tbody>\n<tr>\n<td>S\u1ea3n ph\u1ea9m<\/td>\n<td>C\u1ea3m bi\u1ebfn ch\u00eanh \u00e1p<\/td>\n<\/tr>\n<tr>\n<td>Model<\/td>\n<td>PD536<\/td>\n<\/tr>\n<tr>\n<td>D\u1ea3i \u0111o<\/td>\n<td>-100 kPa \u2026 0 ~ 0.1 kPa \u2026 3 MPa<\/td>\n<\/tr>\n<tr>\n<td>\u0110\u1ed9 ch\u00ednh x\u00e1c<\/td>\n<td>\u00b10.075%FS; \u00b10.01%FS<\/td>\n<\/tr>\n<tr>\n<td>Nhi\u1ec7t \u0111\u1ed9 m\u00f4i tr\u01b0\u1eddng<\/td>\n<td>-40 ~ 85 \u2103 (t\u00f9y ch\u1ecdn lo\u1ea1i ch\u1ecbu nhi\u1ec7t cao)<\/td>\n<\/tr>\n<tr>\n<td>Nhi\u1ec7t \u0111\u1ed9 m\u00f4i ch\u1ea5t<\/td>\n<td>-40 ~ 100 \u2103<\/td>\n<\/tr>\n<tr>\n<td>Nhi\u1ec7t \u0111\u1ed9 l\u01b0u tr\u1eef<\/td>\n<td>-50 ~ 85 \u2103<\/td>\n<\/tr>\n<tr>\n<td>Ng\u00f5 ra<\/td>\n<td>4\u201320mA \/ HART<\/td>\n<\/tr>\n<tr>\n<td>V\u1eadt li\u1ec7u m\u00e0ng<\/td>\n<td>Inox 316L, Hastelloy C (t\u00f9y ch\u1ecdn)<\/td>\n<\/tr>\n<tr>\n<td>V\u1ecf thi\u1ebft b\u1ecb<\/td>\n<td>H\u1ee3p kim nh\u00f4m ph\u1ee7 epoxy<\/td>\n<\/tr>\n<tr>\n<td>C\u1ea5p b\u1ea3o v\u1ec7<\/td>\n<td>IP67<\/td>\n<\/tr>\n<tr>\n<td>Kh\u1ed1i l\u01b0\u1ee3ng<\/td>\n<td>3.3 kg<\/td>\n<\/tr>\n<\/tbody>\n<\/table>\n<h4>\u1ee8ng d\u1ee5ng<\/h4>\n<p>&#8211; \u0110o l\u01b0u l\u01b0\u1ee3ng qua orifice, venturi, pitot<br \/>\n&#8211; \u0110o m\u1ee9c ch\u1ea5t l\u1ecfng trong b\u1ed3n k\u00edn<br \/>\n&#8211; \u0110o ch\u00eanh \u00e1p b\u1ed9 l\u1ecdc, trao \u0111\u1ed5i nhi\u1ec7t<br \/>\n&#8211; Ng\u00e0nh d\u1ea7u kh\u00ed, h\u00f3a ch\u1ea5t, \u0111i\u1ec7n n\u0103ng<br \/>\n&#8211; H\u1ec7 th\u1ed1ng h\u01a1i n\u01b0\u1edbc v\u00e0 kh\u00ed n\u00e9n<\/p>\n<p>PD536 l\u00e0 gi\u1ea3i ph\u00e1p \u0111o ch\u00eanh \u00e1p \u0111\u00e1ng tin c\u1eady cho c\u00e1c h\u1ec7 th\u1ed1ng c\u00f4ng nghi\u1ec7p y\u00eau c\u1ea7u \u0111\u1ed9 ch\u00ednh x\u00e1c cao, \u0111\u1ed9 b\u1ec1n v\u00e0 kh\u1ea3 n\u0103ng l\u00e0m vi\u1ec7c \u1ed5n \u0111\u1ecbnh l\u00e2u d\u00e0i.<\/p>","protected":false},"excerpt":{"rendered":"<p>&#8211; C\u1ea3m bi\u1ebfn ch\u00eanh \u00e1p l\u1eafp m\u1eb7t b\u00edch cho h\u1ec7 th\u1ed1ng c\u00f4ng nghi\u1ec7p<br \/>\n&#8211; \u0110\u1ed9 ch\u00ednh x\u00e1c cao \u00b10.075%FS, \u1ed5n \u0111\u1ecbnh l\u00e2u d\u00e0i<br \/>\n&#8211; D\u1ea3i \u0111o r\u1ed9ng t\u1eeb kPa \u0111\u1ebfn 3MPa<br \/>\n&#8211; Ng\u00f5 ra 4\u201320mA, h\u1ed7 tr\u1ee3 HART<br \/>\n&#8211; Ph\u00f9 h\u1ee3p \u0111o l\u01b0u l\u01b0\u1ee3ng, m\u1ee9c v\u00e0 \u00e1p su\u1ea5t ch\u00eanh<\/p>","protected":false},"featured_media":7709,"template":"","meta":[],"product_cat":[529,537],"product_tag":[],"acf":[],"yoast_head":"<!-- This site is optimized with the Yoast SEO Premium plugin v18.4 (Yoast SEO v18.6) - https:\/\/yoast.com\/wordpress\/plugins\/seo\/ -->\n<title>C\u1ea3m bi\u1ebfn ch\u00eanh \u00e1p m\u1eb7t b\u00edch PD536 - QUANDO<\/title>\n<meta name=\"description\" content=\"C\u1ea3m bi\u1ebfn ch\u00eanh \u00e1p m\u1eb7t b\u00edch PD536, \u0111\u1ed9 ch\u00ednh x\u00e1c cao \u00b10.075%FS, d\u1ea3i \u0111o t\u1eeb kPa \u0111\u1ebfn 3MPa, h\u1ed7 tr\u1ee3 4\u201320mA v\u00e0 HART, ph\u00f9 h\u1ee3p \u0111o ch\u00eanh \u00e1p ch\u1ea5t l\u1ecfng, kh\u00ed, h\u01a1i trong c\u00e1c h\u1ec7 th\u1ed1ng c\u00f4ng nghi\u1ec7p n\u1eb7ng.\" \/>\n<meta name=\"robots\" content=\"index, follow, max-snippet:-1, max-image-preview:large, max-video-preview:-1\" \/>\n<link rel=\"canonical\" href=\"https:\/\/quando.com.vn\/en\/product\/cam-bien-chenh-ap-pd536\/\" \/>\n<meta property=\"og:locale\" content=\"en_US\" \/>\n<meta property=\"og:type\" content=\"article\" \/>\n<meta property=\"og:title\" content=\"C\u1ea3m bi\u1ebfn ch\u00eanh \u00e1p m\u1eb7t b\u00edch PD536\" \/>\n<meta property=\"og:description\" content=\"C\u1ea3m bi\u1ebfn ch\u00eanh \u00e1p m\u1eb7t b\u00edch PD536, \u0111\u1ed9 ch\u00ednh x\u00e1c cao \u00b10.075%FS, d\u1ea3i \u0111o t\u1eeb kPa \u0111\u1ebfn 3MPa, h\u1ed7 tr\u1ee3 4\u201320mA v\u00e0 HART, ph\u00f9 h\u1ee3p \u0111o ch\u00eanh \u00e1p ch\u1ea5t l\u1ecfng, kh\u00ed, h\u01a1i trong c\u00e1c h\u1ec7 th\u1ed1ng c\u00f4ng nghi\u1ec7p n\u1eb7ng.\" \/>\n<meta property=\"og:url\" content=\"https:\/\/quando.com.vn\/en\/product\/cam-bien-chenh-ap-pd536\/\" \/>\n<meta property=\"og:site_name\" content=\"QUANDO\" \/>\n<meta property=\"article:modified_time\" content=\"2025-12-16T01:57:15+00:00\" \/>\n<meta name=\"twitter:card\" content=\"summary_large_image\" \/>\n<meta name=\"twitter:image\" content=\"https:\/\/quando.com.vn\/wp-content\/uploads\/2025\/12\/PD536-Flange-mounted-differential-pressure-transmitters-scaled.webp\" \/>\n<meta name=\"twitter:label1\" content=\"Est. reading time\" \/>\n\t<meta name=\"twitter:data1\" content=\"3 minutes\" \/>\n<script type=\"application\/ld+json\" class=\"yoast-schema-graph\">{\"@context\":\"https:\/\/schema.org\",\"@graph\":[{\"@type\":\"WebSite\",\"@id\":\"https:\/\/quando.com.vn\/en\/#website\",\"url\":\"https:\/\/quando.com.vn\/en\/\",\"name\":\"QUANDO\",\"description\":\"\",\"potentialAction\":[{\"@type\":\"SearchAction\",\"target\":{\"@type\":\"EntryPoint\",\"urlTemplate\":\"https:\/\/quando.com.vn\/en\/?s={search_term_string}\"},\"query-input\":\"required name=search_term_string\"}],\"inLanguage\":\"en-US\"},{\"@type\":\"ImageObject\",\"@id\":\"https:\/\/quando.com.vn\/san-pham\/cam-bien-chenh-ap-pd536\/#primaryimage\",\"inLanguage\":\"en-US\",\"url\":\"https:\/\/quando.com.vn\/wp-content\/uploads\/2025\/12\/PD536-Flange-mounted-differential-pressure-transmitters-scaled.webp\",\"contentUrl\":\"https:\/\/quando.com.vn\/wp-content\/uploads\/2025\/12\/PD536-Flange-mounted-differential-pressure-transmitters-scaled.webp\",\"width\":2560,\"height\":2560,\"caption\":\"c\u1ea3m bi\u1ebfn ch\u00eanh \u00e1p PD536\"},{\"@type\":\"WebPage\",\"@id\":\"https:\/\/quando.com.vn\/san-pham\/cam-bien-chenh-ap-pd536\/#webpage\",\"url\":\"https:\/\/quando.com.vn\/san-pham\/cam-bien-chenh-ap-pd536\/\",\"name\":\"C\u1ea3m bi\u1ebfn ch\u00eanh \u00e1p m\u1eb7t b\u00edch PD536 - QUANDO\",\"isPartOf\":{\"@id\":\"https:\/\/quando.com.vn\/en\/#website\"},\"primaryImageOfPage\":{\"@id\":\"https:\/\/quando.com.vn\/san-pham\/cam-bien-chenh-ap-pd536\/#primaryimage\"},\"datePublished\":\"2025-12-16T01:48:21+00:00\",\"dateModified\":\"2025-12-16T01:57:15+00:00\",\"description\":\"C\u1ea3m bi\u1ebfn ch\u00eanh \u00e1p m\u1eb7t b\u00edch PD536, \u0111\u1ed9 ch\u00ednh x\u00e1c cao \u00b10.075%FS, d\u1ea3i \u0111o t\u1eeb kPa \u0111\u1ebfn 3MPa, h\u1ed7 tr\u1ee3 4\u201320mA v\u00e0 HART, ph\u00f9 h\u1ee3p \u0111o ch\u00eanh \u00e1p ch\u1ea5t l\u1ecfng, kh\u00ed, h\u01a1i trong c\u00e1c h\u1ec7 th\u1ed1ng c\u00f4ng nghi\u1ec7p n\u1eb7ng.\",\"breadcrumb\":{\"@id\":\"https:\/\/quando.com.vn\/san-pham\/cam-bien-chenh-ap-pd536\/#breadcrumb\"},\"inLanguage\":\"en-US\",\"potentialAction\":[{\"@type\":\"ReadAction\",\"target\":[\"https:\/\/quando.com.vn\/san-pham\/cam-bien-chenh-ap-pd536\/\"]}]},{\"@type\":\"BreadcrumbList\",\"@id\":\"https:\/\/quando.com.vn\/san-pham\/cam-bien-chenh-ap-pd536\/#breadcrumb\",\"itemListElement\":[{\"@type\":\"ListItem\",\"position\":1,\"name\":\"Trang ch\u1ee7\",\"item\":\"https:\/\/quando.com.vn\/\"},{\"@type\":\"ListItem\",\"position\":2,\"name\":\"S\u1ea3n ph\u1ea9m\",\"item\":\"https:\/\/quando.com.vn\/san-pham\/\"},{\"@type\":\"ListItem\",\"position\":3,\"name\":\"C\u1ea3m bi\u1ebfn ch\u00eanh \u00e1p m\u1eb7t b\u00edch PD536\"}]}]}<\/script>\n<!-- \/ Yoast SEO Premium plugin. -->","yoast_head_json":{"title":"C\u1ea3m bi\u1ebfn ch\u00eanh \u00e1p m\u1eb7t b\u00edch PD536 - QUANDO","description":"C\u1ea3m bi\u1ebfn ch\u00eanh \u00e1p m\u1eb7t b\u00edch PD536, \u0111\u1ed9 ch\u00ednh x\u00e1c cao \u00b10.075%FS, d\u1ea3i \u0111o t\u1eeb kPa \u0111\u1ebfn 3MPa, h\u1ed7 tr\u1ee3 4\u201320mA v\u00e0 HART, ph\u00f9 h\u1ee3p \u0111o ch\u00eanh \u00e1p ch\u1ea5t l\u1ecfng, kh\u00ed, h\u01a1i trong c\u00e1c h\u1ec7 th\u1ed1ng c\u00f4ng nghi\u1ec7p n\u1eb7ng.","robots":{"index":"index","follow":"follow","max-snippet":"max-snippet:-1","max-image-preview":"max-image-preview:large","max-video-preview":"max-video-preview:-1"},"canonical":"https:\/\/quando.com.vn\/en\/product\/cam-bien-chenh-ap-pd536\/","og_locale":"en_US","og_type":"article","og_title":"C\u1ea3m bi\u1ebfn ch\u00eanh \u00e1p m\u1eb7t b\u00edch PD536","og_description":"C\u1ea3m bi\u1ebfn ch\u00eanh \u00e1p m\u1eb7t b\u00edch PD536, \u0111\u1ed9 ch\u00ednh x\u00e1c cao \u00b10.075%FS, d\u1ea3i \u0111o t\u1eeb kPa \u0111\u1ebfn 3MPa, h\u1ed7 tr\u1ee3 4\u201320mA v\u00e0 HART, ph\u00f9 h\u1ee3p \u0111o ch\u00eanh \u00e1p ch\u1ea5t l\u1ecfng, kh\u00ed, h\u01a1i trong c\u00e1c h\u1ec7 th\u1ed1ng c\u00f4ng nghi\u1ec7p n\u1eb7ng.","og_url":"https:\/\/quando.com.vn\/en\/product\/cam-bien-chenh-ap-pd536\/","og_site_name":"QUANDO","article_modified_time":"2025-12-16T01:57:15+00:00","twitter_card":"summary_large_image","twitter_image":"https:\/\/quando.com.vn\/wp-content\/uploads\/2025\/12\/PD536-Flange-mounted-differential-pressure-transmitters-scaled.webp","twitter_misc":{"Est. reading time":"3 minutes"},"schema":{"@context":"https:\/\/schema.org","@graph":[{"@type":"WebSite","@id":"https:\/\/quando.com.vn\/en\/#website","url":"https:\/\/quando.com.vn\/en\/","name":"QUANDO","description":"","potentialAction":[{"@type":"SearchAction","target":{"@type":"EntryPoint","urlTemplate":"https:\/\/quando.com.vn\/en\/?s={search_term_string}"},"query-input":"required name=search_term_string"}],"inLanguage":"en-US"},{"@type":"ImageObject","@id":"https:\/\/quando.com.vn\/san-pham\/cam-bien-chenh-ap-pd536\/#primaryimage","inLanguage":"en-US","url":"https:\/\/quando.com.vn\/wp-content\/uploads\/2025\/12\/PD536-Flange-mounted-differential-pressure-transmitters-scaled.webp","contentUrl":"https:\/\/quando.com.vn\/wp-content\/uploads\/2025\/12\/PD536-Flange-mounted-differential-pressure-transmitters-scaled.webp","width":2560,"height":2560,"caption":"c\u1ea3m bi\u1ebfn ch\u00eanh \u00e1p PD536"},{"@type":"WebPage","@id":"https:\/\/quando.com.vn\/san-pham\/cam-bien-chenh-ap-pd536\/#webpage","url":"https:\/\/quando.com.vn\/san-pham\/cam-bien-chenh-ap-pd536\/","name":"C\u1ea3m bi\u1ebfn ch\u00eanh \u00e1p m\u1eb7t b\u00edch PD536 - QUANDO","isPartOf":{"@id":"https:\/\/quando.com.vn\/en\/#website"},"primaryImageOfPage":{"@id":"https:\/\/quando.com.vn\/san-pham\/cam-bien-chenh-ap-pd536\/#primaryimage"},"datePublished":"2025-12-16T01:48:21+00:00","dateModified":"2025-12-16T01:57:15+00:00","description":"C\u1ea3m bi\u1ebfn ch\u00eanh \u00e1p m\u1eb7t b\u00edch PD536, \u0111\u1ed9 ch\u00ednh x\u00e1c cao \u00b10.075%FS, d\u1ea3i \u0111o t\u1eeb kPa \u0111\u1ebfn 3MPa, h\u1ed7 tr\u1ee3 4\u201320mA v\u00e0 HART, ph\u00f9 h\u1ee3p \u0111o ch\u00eanh \u00e1p ch\u1ea5t l\u1ecfng, kh\u00ed, h\u01a1i trong c\u00e1c h\u1ec7 th\u1ed1ng c\u00f4ng nghi\u1ec7p n\u1eb7ng.","breadcrumb":{"@id":"https:\/\/quando.com.vn\/san-pham\/cam-bien-chenh-ap-pd536\/#breadcrumb"},"inLanguage":"en-US","potentialAction":[{"@type":"ReadAction","target":["https:\/\/quando.com.vn\/san-pham\/cam-bien-chenh-ap-pd536\/"]}]},{"@type":"BreadcrumbList","@id":"https:\/\/quando.com.vn\/san-pham\/cam-bien-chenh-ap-pd536\/#breadcrumb","itemListElement":[{"@type":"ListItem","position":1,"name":"Trang ch\u1ee7","item":"https:\/\/quando.com.vn\/"},{"@type":"ListItem","position":2,"name":"S\u1ea3n ph\u1ea9m","item":"https:\/\/quando.com.vn\/san-pham\/"},{"@type":"ListItem","position":3,"name":"C\u1ea3m bi\u1ebfn ch\u00eanh \u00e1p m\u1eb7t b\u00edch PD536"}]}]}},"_links":{"self":[{"href":"https:\/\/quando.com.vn\/en\/wp-json\/wp\/v2\/product\/7708"}],"collection":[{"href":"https:\/\/quando.com.vn\/en\/wp-json\/wp\/v2\/product"}],"about":[{"href":"https:\/\/quando.com.vn\/en\/wp-json\/wp\/v2\/types\/product"}],"wp:featuredmedia":[{"embeddable":true,"href":"https:\/\/quando.com.vn\/en\/wp-json\/wp\/v2\/media\/7709"}],"wp:attachment":[{"href":"https:\/\/quando.com.vn\/en\/wp-json\/wp\/v2\/media?parent=7708"}],"wp:term":[{"taxonomy":"product_cat","embeddable":true,"href":"https:\/\/quando.com.vn\/en\/wp-json\/wp\/v2\/product_cat?post=7708"},{"taxonomy":"product_tag","embeddable":true,"href":"https:\/\/quando.com.vn\/en\/wp-json\/wp\/v2\/product_tag?post=7708"}],"curies":[{"name":"wp","href":"https:\/\/api.w.org\/{rel}","templated":true}]}}