{"id":7705,"date":"2025-12-16T08:33:13","date_gmt":"2025-12-16T01:33:13","guid":{"rendered":"https:\/\/quando.com.vn\/?post_type=product&#038;p=7705"},"modified":"2025-12-16T08:42:07","modified_gmt":"2025-12-16T01:42:07","slug":"cam-bien-ap-suat-dung-cho-thuc-pham-duoc-pham-sup-p350k","status":"publish","type":"product","link":"https:\/\/quando.com.vn\/en\/product\/cam-bien-ap-suat-dung-cho-thuc-pham-duoc-pham-sup-p350k\/","title":{"rendered":"C\u1ea3m bi\u1ebfn \u00e1p su\u1ea5t d\u00f9ng cho th\u1ef1c ph\u1ea9m v\u00e0 d\u01b0\u1ee3c ph\u1ea9m SUP-P350K"},"content":{"rendered":"<h3>C\u1ea3m bi\u1ebfn \u00e1p su\u1ea5t d\u00f9ng cho th\u1ef1c ph\u1ea9m v\u00e0 d\u01b0\u1ee3c ph\u1ea9m SUP-P350K<\/h3>\n<p>SUP-P350K l\u00e0 c\u1ea3m bi\u1ebfn \u00e1p su\u1ea5t v\u1ec7 sinh (hygienic pressure transmitter) \u0111\u01b0\u1ee3c thi\u1ebft k\u1ebf chuy\u00ean d\u1ee5ng cho c\u00e1c \u1ee9ng d\u1ee5ng y\u00eau c\u1ea7u ti\u00eau chu\u1ea9n v\u1ec7 sinh cao nh\u01b0 th\u1ef1c ph\u1ea9m, \u0111\u1ed3 u\u1ed1ng, d\u01b0\u1ee3c ph\u1ea9m v\u00e0 c\u00f4ng ngh\u1ec7 sinh h\u1ecdc. Thi\u1ebft b\u1ecb s\u1eed d\u1ee5ng c\u1ea3m bi\u1ebfn piezoresistive v\u1edbi m\u00e0ng ti\u1ebfp x\u00fac inox 316L, \u0111\u1ea3m b\u1ea3o an to\u00e0n khi ti\u1ebfp x\u00fac tr\u1ef1c ti\u1ebfp v\u1edbi m\u00f4i ch\u1ea5t.<\/p>\n<p>Kh\u00e1c v\u1edbi c\u00e1c c\u1ea3m bi\u1ebfn \u00e1p su\u1ea5t k\u1ebft n\u1ed1i ren th\u00f4ng th\u01b0\u1eddng, SUP-P350K s\u1eed d\u1ee5ng k\u1ebft n\u1ed1i clamp gi\u00fap b\u1ec1 m\u1eb7t ti\u1ebfp x\u00fac nh\u1eb5n, kh\u00f4ng khe h\u1edf, h\u1ea1n ch\u1ebf t\u00edch t\u1ee5 vi khu\u1ea9n v\u00e0 d\u1ec5 d\u00e0ng v\u1ec7 sinh trong c\u00e1c h\u1ec7 th\u1ed1ng CIP\/SIP.<\/p>\n<p><img loading=\"lazy\" class=\"aligncenter size-full wp-image-7707\" src=\"https:\/\/quando.com.vn\/wp-content\/uploads\/2025\/12\/SUP-P350K-Hygienic-pressure-transmitter_2.webp\" alt=\"C\u1ea3m bi\u1ebfn \u00e1p su\u1ea5t d\u00f9ng cho th\u1ef1c ph\u1ea9m v\u00e0 d\u01b0\u1ee3c ph\u1ea9m SUP-P350K\" width=\"1000\" height=\"1000\" srcset=\"https:\/\/quando.com.vn\/wp-content\/uploads\/2025\/12\/SUP-P350K-Hygienic-pressure-transmitter_2.webp 1000w, https:\/\/quando.com.vn\/wp-content\/uploads\/2025\/12\/SUP-P350K-Hygienic-pressure-transmitter_2-300x300.webp 300w, https:\/\/quando.com.vn\/wp-content\/uploads\/2025\/12\/SUP-P350K-Hygienic-pressure-transmitter_2-150x150.webp 150w, https:\/\/quando.com.vn\/wp-content\/uploads\/2025\/12\/SUP-P350K-Hygienic-pressure-transmitter_2-768x768.webp 768w, https:\/\/quando.com.vn\/wp-content\/uploads\/2025\/12\/SUP-P350K-Hygienic-pressure-transmitter_2-12x12.webp 12w, https:\/\/quando.com.vn\/wp-content\/uploads\/2025\/12\/SUP-P350K-Hygienic-pressure-transmitter_2-100x100.webp 100w\" sizes=\"(max-width: 1000px) 100vw, 1000px\" \/><\/p>\n<h4><strong>\u01afu \u0111i\u1ec3m n\u1ed5i b\u1eadt<\/strong><\/h4>\n<p>&#8211; Thi\u1ebft k\u1ebf v\u1ec7 sinh, \u0111\u00e1p \u1ee9ng y\u00eau c\u1ea7u ng\u00e0nh th\u1ef1c ph\u1ea9m v\u00e0 d\u01b0\u1ee3c ph\u1ea9m<br \/>\n&#8211; K\u1ebft n\u1ed1i clamp d\u1ec5 th\u00e1o l\u1eafp, v\u1ec7 sinh nhanh<br \/>\n&#8211; M\u00e0ng \u0111o inox 316L ch\u1ed1ng \u0103n m\u00f2n nh\u1eb9 v\u00e0 an to\u00e0n v\u1ec7 sinh<br \/>\n&#8211; \u0110\u1ed9 ch\u00ednh x\u00e1c 0.5%FS, \u1ed5n \u0111\u1ecbnh trong v\u1eadn h\u00e0nh li\u00ean t\u1ee5c<br \/>\n&#8211; T\u00edn hi\u1ec7u 4\u201320mA ti\u00eau chu\u1ea9n c\u00f4ng nghi\u1ec7p<br \/>\n&#8211; K\u00edch th\u01b0\u1edbc nh\u1ecf g\u1ecdn, d\u1ec5 l\u1eafp \u0111\u1eb7t trong kh\u00f4ng gian h\u1eb9p<\/p>\n<h4><strong>Nguy\u00ean l\u00fd ho\u1ea1t \u0111\u1ed9ng<\/strong><\/h4>\n<p><strong>C\u1ea3m bi\u1ebfn \u00e1p su\u1ea5t d\u00f9ng cho th\u1ef1c ph\u1ea9m v\u00e0 d\u01b0\u1ee3c ph\u1ea9m SUP-P350K<\/strong> s\u1eed d\u1ee5ng c\u1ea3m bi\u1ebfn \u00e1p su\u1ea5t piezoresistive. Khi \u00e1p su\u1ea5t t\u00e1c \u0111\u1ed9ng l\u00ean m\u00e0ng inox, l\u1ef1c \u0111\u01b0\u1ee3c truy\u1ec1n t\u1edbi ph\u1ea7n t\u1eed c\u1ea3m bi\u1ebfn silicon, t\u1ea1o ra s\u1ef1 thay \u0111\u1ed5i \u0111i\u1ec7n tr\u1edf. T\u00edn hi\u1ec7u n\u00e0y \u0111\u01b0\u1ee3c khu\u1ebfch \u0111\u1ea1i v\u00e0 chuy\u1ec3n \u0111\u1ed5i th\u00e0nh d\u00f2ng \u0111i\u1ec7n 4\u201320mA \u0111\u1ec3 truy\u1ec1n v\u1ec1 PLC, b\u1ed9 hi\u1ec3n th\u1ecb ho\u1eb7c h\u1ec7 SCADA.<\/p>\n<h4>Th\u00f4ng s\u1ed1 k\u1ef9 thu\u1eadt<\/h4>\n<table>\n<tbody>\n<tr>\n<td>S\u1ea3n ph\u1ea9m<\/td>\n<td>C\u1ea3m bi\u1ebfn \u00e1p su\u1ea5t<\/td>\n<\/tr>\n<tr>\n<td>Model<\/td>\n<td>SUP-P350K<\/td>\n<\/tr>\n<tr>\n<td>D\u1ea3i \u0111o<\/td>\n<td>-0.1\u20260\u20263.5 MPa<\/td>\n<\/tr>\n<tr>\n<td>\u0110\u1ed9 ph\u00e2n gi\u1ea3i hi\u1ec3n th\u1ecb<\/td>\n<td>0.5%FS<\/td>\n<\/tr>\n<tr>\n<td>Nhi\u1ec7t \u0111\u1ed9 m\u00f4i tr\u01b0\u1eddng<\/td>\n<td>-10 ~ 85 \u2103<\/td>\n<\/tr>\n<tr>\n<td>Ng\u00f5 ra<\/td>\n<td>4\u201320mA analog<\/td>\n<\/tr>\n<tr>\n<td>Ki\u1ec3u \u00e1p su\u1ea5t<\/td>\n<td>Gauge pressure; Sealed pressure<\/td>\n<\/tr>\n<tr>\n<td>M\u00f4i ch\u1ea5t \u0111o<\/td>\n<td>Ch\u1ea5t l\u1ecfng; Kh\u00ed; D\u1ea7u<\/td>\n<\/tr>\n<tr>\n<td>Qu\u00e1 t\u1ea3i \u00e1p su\u1ea5t<\/td>\n<td>150%FS<\/td>\n<\/tr>\n<tr>\n<td>Ngu\u1ed3n c\u1ea5p<\/td>\n<td>10\u201332VDC<\/td>\n<\/tr>\n<tr>\n<td>K\u1ebft n\u1ed1i c\u01a1 kh\u00ed<\/td>\n<td>Clamp (hygienic)<\/td>\n<\/tr>\n<\/tbody>\n<\/table>\n<h4>\u1ee8ng d\u1ee5ng<\/h4>\n<p>&#8211; Nh\u00e0 m\u00e1y th\u1ef1c ph\u1ea9m v\u00e0 \u0111\u1ed3 u\u1ed1ng<br \/>\n&#8211; Ng\u00e0nh d\u01b0\u1ee3c ph\u1ea9m v\u00e0 c\u00f4ng ngh\u1ec7 sinh h\u1ecdc<br \/>\n&#8211; H\u1ec7 th\u1ed1ng b\u1ed3n ch\u1ee9a, \u0111\u01b0\u1eddng \u1ed1ng v\u1ec7 sinh<br \/>\n&#8211; \u1ee8ng d\u1ee5ng \u0111o \u00e1p su\u1ea5t y\u00eau c\u1ea7u b\u1ec1 m\u1eb7t ti\u1ebfp x\u00fac s\u1ea1ch<\/p>\n<p>SUP-P350K l\u00e0 gi\u1ea3i ph\u00e1p \u0111o \u00e1p su\u1ea5t v\u1ec7 sinh \u0111\u00e1ng tin c\u1eady, gi\u00fap \u0111\u1ea3m b\u1ea3o an to\u00e0n s\u1ea3n ph\u1ea9m, \u0111\u1ed9 ch\u00ednh x\u00e1c \u0111o v\u00e0 tu\u00e2n th\u1ee7 c\u00e1c ti\u00eau chu\u1ea9n v\u1ec7 sinh trong s\u1ea3n xu\u1ea5t hi\u1ec7n \u0111\u1ea1i.<\/p>","protected":false},"excerpt":{"rendered":"<p>&#8211; Thi\u1ebft k\u1ebf v\u1ec7 sinh v\u1edbi k\u1ebft n\u1ed1i clamp ti\u00eau chu\u1ea9n<br \/>\n&#8211; M\u00e0ng inox 316L ph\u00f9 h\u1ee3p th\u1ef1c ph\u1ea9m v\u00e0 d\u01b0\u1ee3c ph\u1ea9m<br \/>\n&#8211; T\u00edn hi\u1ec7u 4\u201320mA d\u1ec5 t\u00edch h\u1ee3p PLC\/SCADA<br \/>\n&#8211; \u0110\u1ed9 ch\u00ednh x\u00e1c 0.5%FS, ho\u1ea1t \u0111\u1ed9ng \u1ed5n \u0111\u1ecbnh<\/p>","protected":false},"featured_media":7706,"template":"","meta":[],"product_cat":[529,537],"product_tag":[],"acf":[],"yoast_head":"<!-- This site is optimized with the Yoast SEO Premium plugin v18.4 (Yoast SEO v18.6) - https:\/\/yoast.com\/wordpress\/plugins\/seo\/ -->\n<title>C\u1ea3m bi\u1ebfn \u00e1p su\u1ea5t d\u00f9ng cho th\u1ef1c ph\u1ea9m v\u00e0 d\u01b0\u1ee3c ph\u1ea9m SUP-P350K - QUANDO<\/title>\n<meta name=\"description\" content=\"C\u1ea3m bi\u1ebfn \u00e1p su\u1ea5t d\u00f9ng cho th\u1ef1c ph\u1ea9m v\u00e0 d\u01b0\u1ee3c ph\u1ea9m SUP-P350K s\u1eed d\u1ee5ng m\u00e0ng inox 316L, k\u1ebft n\u1ed1i clamp, t\u00edn hi\u1ec7u 4\u201320mA, ph\u00f9 h\u1ee3p cho ng\u00e0nh th\u1ef1c ph\u1ea9m, \u0111\u1ed3 u\u1ed1ng, d\u01b0\u1ee3c ph\u1ea9m v\u00e0 c\u00e1c \u1ee9ng d\u1ee5ng y\u00eau c\u1ea7u ti\u00eau chu\u1ea9n v\u1ec7 sinh cao.\" \/>\n<meta name=\"robots\" content=\"index, follow, max-snippet:-1, max-image-preview:large, max-video-preview:-1\" \/>\n<link rel=\"canonical\" href=\"https:\/\/quando.com.vn\/en\/product\/cam-bien-ap-suat-dung-cho-thuc-pham-duoc-pham-sup-p350k\/\" \/>\n<meta property=\"og:locale\" content=\"en_US\" \/>\n<meta property=\"og:type\" content=\"article\" \/>\n<meta property=\"og:title\" content=\"C\u1ea3m bi\u1ebfn \u00e1p su\u1ea5t d\u00f9ng cho th\u1ef1c ph\u1ea9m v\u00e0 d\u01b0\u1ee3c ph\u1ea9m SUP-P350K\" \/>\n<meta property=\"og:description\" content=\"C\u1ea3m bi\u1ebfn \u00e1p su\u1ea5t d\u00f9ng cho th\u1ef1c ph\u1ea9m v\u00e0 d\u01b0\u1ee3c ph\u1ea9m SUP-P350K s\u1eed d\u1ee5ng m\u00e0ng inox 316L, k\u1ebft n\u1ed1i clamp, t\u00edn hi\u1ec7u 4\u201320mA, ph\u00f9 h\u1ee3p cho ng\u00e0nh th\u1ef1c ph\u1ea9m, \u0111\u1ed3 u\u1ed1ng, d\u01b0\u1ee3c ph\u1ea9m v\u00e0 c\u00e1c \u1ee9ng d\u1ee5ng y\u00eau c\u1ea7u ti\u00eau chu\u1ea9n v\u1ec7 sinh cao.\" \/>\n<meta property=\"og:url\" content=\"https:\/\/quando.com.vn\/en\/product\/cam-bien-ap-suat-dung-cho-thuc-pham-duoc-pham-sup-p350k\/\" \/>\n<meta property=\"og:site_name\" content=\"QUANDO\" \/>\n<meta property=\"article:modified_time\" content=\"2025-12-16T01:42:07+00:00\" \/>\n<meta name=\"twitter:card\" content=\"summary_large_image\" \/>\n<meta name=\"twitter:image\" content=\"https:\/\/quando.com.vn\/wp-content\/uploads\/2025\/12\/SUP-P350K-Hygienic-pressure-transmitter.webp\" \/>\n<meta name=\"twitter:label1\" content=\"Est. reading time\" \/>\n\t<meta name=\"twitter:data1\" content=\"3 minutes\" \/>\n<script type=\"application\/ld+json\" class=\"yoast-schema-graph\">{\"@context\":\"https:\/\/schema.org\",\"@graph\":[{\"@type\":\"WebSite\",\"@id\":\"https:\/\/quando.com.vn\/en\/#website\",\"url\":\"https:\/\/quando.com.vn\/en\/\",\"name\":\"QUANDO\",\"description\":\"\",\"potentialAction\":[{\"@type\":\"SearchAction\",\"target\":{\"@type\":\"EntryPoint\",\"urlTemplate\":\"https:\/\/quando.com.vn\/en\/?s={search_term_string}\"},\"query-input\":\"required name=search_term_string\"}],\"inLanguage\":\"en-US\"},{\"@type\":\"ImageObject\",\"@id\":\"https:\/\/quando.com.vn\/san-pham\/cam-bien-ap-suat-dung-cho-thuc-pham-duoc-pham-sup-p350k\/#primaryimage\",\"inLanguage\":\"en-US\",\"url\":\"https:\/\/quando.com.vn\/wp-content\/uploads\/2025\/12\/SUP-P350K-Hygienic-pressure-transmitter.webp\",\"contentUrl\":\"https:\/\/quando.com.vn\/wp-content\/uploads\/2025\/12\/SUP-P350K-Hygienic-pressure-transmitter.webp\",\"width\":800,\"height\":800,\"caption\":\"C\u1ea3m bi\u1ebfn \u00e1p su\u1ea5t d\u00f9ng cho th\u1ef1c ph\u1ea9m v\u00e0 d\u01b0\u1ee3c ph\u1ea9m SUP-P350K\"},{\"@type\":\"WebPage\",\"@id\":\"https:\/\/quando.com.vn\/san-pham\/cam-bien-ap-suat-dung-cho-thuc-pham-duoc-pham-sup-p350k\/#webpage\",\"url\":\"https:\/\/quando.com.vn\/san-pham\/cam-bien-ap-suat-dung-cho-thuc-pham-duoc-pham-sup-p350k\/\",\"name\":\"C\u1ea3m bi\u1ebfn \u00e1p su\u1ea5t d\u00f9ng cho th\u1ef1c ph\u1ea9m v\u00e0 d\u01b0\u1ee3c ph\u1ea9m SUP-P350K - QUANDO\",\"isPartOf\":{\"@id\":\"https:\/\/quando.com.vn\/en\/#website\"},\"primaryImageOfPage\":{\"@id\":\"https:\/\/quando.com.vn\/san-pham\/cam-bien-ap-suat-dung-cho-thuc-pham-duoc-pham-sup-p350k\/#primaryimage\"},\"datePublished\":\"2025-12-16T01:33:13+00:00\",\"dateModified\":\"2025-12-16T01:42:07+00:00\",\"description\":\"C\u1ea3m bi\u1ebfn \u00e1p su\u1ea5t d\u00f9ng cho th\u1ef1c ph\u1ea9m v\u00e0 d\u01b0\u1ee3c ph\u1ea9m SUP-P350K s\u1eed d\u1ee5ng m\u00e0ng inox 316L, k\u1ebft n\u1ed1i clamp, t\u00edn hi\u1ec7u 4\u201320mA, ph\u00f9 h\u1ee3p cho ng\u00e0nh th\u1ef1c ph\u1ea9m, \u0111\u1ed3 u\u1ed1ng, d\u01b0\u1ee3c ph\u1ea9m v\u00e0 c\u00e1c \u1ee9ng d\u1ee5ng y\u00eau c\u1ea7u ti\u00eau chu\u1ea9n v\u1ec7 sinh cao.\",\"breadcrumb\":{\"@id\":\"https:\/\/quando.com.vn\/san-pham\/cam-bien-ap-suat-dung-cho-thuc-pham-duoc-pham-sup-p350k\/#breadcrumb\"},\"inLanguage\":\"en-US\",\"potentialAction\":[{\"@type\":\"ReadAction\",\"target\":[\"https:\/\/quando.com.vn\/san-pham\/cam-bien-ap-suat-dung-cho-thuc-pham-duoc-pham-sup-p350k\/\"]}]},{\"@type\":\"BreadcrumbList\",\"@id\":\"https:\/\/quando.com.vn\/san-pham\/cam-bien-ap-suat-dung-cho-thuc-pham-duoc-pham-sup-p350k\/#breadcrumb\",\"itemListElement\":[{\"@type\":\"ListItem\",\"position\":1,\"name\":\"Trang ch\u1ee7\",\"item\":\"https:\/\/quando.com.vn\/\"},{\"@type\":\"ListItem\",\"position\":2,\"name\":\"S\u1ea3n ph\u1ea9m\",\"item\":\"https:\/\/quando.com.vn\/san-pham\/\"},{\"@type\":\"ListItem\",\"position\":3,\"name\":\"C\u1ea3m bi\u1ebfn \u00e1p su\u1ea5t d\u00f9ng cho th\u1ef1c ph\u1ea9m v\u00e0 d\u01b0\u1ee3c ph\u1ea9m SUP-P350K\"}]}]}<\/script>\n<!-- \/ Yoast SEO Premium plugin. -->","yoast_head_json":{"title":"C\u1ea3m bi\u1ebfn \u00e1p su\u1ea5t d\u00f9ng cho th\u1ef1c ph\u1ea9m v\u00e0 d\u01b0\u1ee3c ph\u1ea9m SUP-P350K - QUANDO","description":"C\u1ea3m bi\u1ebfn \u00e1p su\u1ea5t d\u00f9ng cho th\u1ef1c ph\u1ea9m v\u00e0 d\u01b0\u1ee3c ph\u1ea9m SUP-P350K s\u1eed d\u1ee5ng m\u00e0ng inox 316L, k\u1ebft n\u1ed1i clamp, t\u00edn hi\u1ec7u 4\u201320mA, ph\u00f9 h\u1ee3p cho ng\u00e0nh th\u1ef1c ph\u1ea9m, \u0111\u1ed3 u\u1ed1ng, d\u01b0\u1ee3c ph\u1ea9m v\u00e0 c\u00e1c \u1ee9ng d\u1ee5ng y\u00eau c\u1ea7u ti\u00eau chu\u1ea9n v\u1ec7 sinh cao.","robots":{"index":"index","follow":"follow","max-snippet":"max-snippet:-1","max-image-preview":"max-image-preview:large","max-video-preview":"max-video-preview:-1"},"canonical":"https:\/\/quando.com.vn\/en\/product\/cam-bien-ap-suat-dung-cho-thuc-pham-duoc-pham-sup-p350k\/","og_locale":"en_US","og_type":"article","og_title":"C\u1ea3m bi\u1ebfn \u00e1p su\u1ea5t d\u00f9ng cho th\u1ef1c ph\u1ea9m v\u00e0 d\u01b0\u1ee3c ph\u1ea9m SUP-P350K","og_description":"C\u1ea3m bi\u1ebfn \u00e1p su\u1ea5t d\u00f9ng cho th\u1ef1c ph\u1ea9m v\u00e0 d\u01b0\u1ee3c ph\u1ea9m SUP-P350K s\u1eed d\u1ee5ng m\u00e0ng inox 316L, k\u1ebft n\u1ed1i clamp, t\u00edn hi\u1ec7u 4\u201320mA, ph\u00f9 h\u1ee3p cho ng\u00e0nh th\u1ef1c ph\u1ea9m, \u0111\u1ed3 u\u1ed1ng, d\u01b0\u1ee3c ph\u1ea9m v\u00e0 c\u00e1c \u1ee9ng d\u1ee5ng y\u00eau c\u1ea7u ti\u00eau chu\u1ea9n v\u1ec7 sinh cao.","og_url":"https:\/\/quando.com.vn\/en\/product\/cam-bien-ap-suat-dung-cho-thuc-pham-duoc-pham-sup-p350k\/","og_site_name":"QUANDO","article_modified_time":"2025-12-16T01:42:07+00:00","twitter_card":"summary_large_image","twitter_image":"https:\/\/quando.com.vn\/wp-content\/uploads\/2025\/12\/SUP-P350K-Hygienic-pressure-transmitter.webp","twitter_misc":{"Est. reading time":"3 minutes"},"schema":{"@context":"https:\/\/schema.org","@graph":[{"@type":"WebSite","@id":"https:\/\/quando.com.vn\/en\/#website","url":"https:\/\/quando.com.vn\/en\/","name":"QUANDO","description":"","potentialAction":[{"@type":"SearchAction","target":{"@type":"EntryPoint","urlTemplate":"https:\/\/quando.com.vn\/en\/?s={search_term_string}"},"query-input":"required name=search_term_string"}],"inLanguage":"en-US"},{"@type":"ImageObject","@id":"https:\/\/quando.com.vn\/san-pham\/cam-bien-ap-suat-dung-cho-thuc-pham-duoc-pham-sup-p350k\/#primaryimage","inLanguage":"en-US","url":"https:\/\/quando.com.vn\/wp-content\/uploads\/2025\/12\/SUP-P350K-Hygienic-pressure-transmitter.webp","contentUrl":"https:\/\/quando.com.vn\/wp-content\/uploads\/2025\/12\/SUP-P350K-Hygienic-pressure-transmitter.webp","width":800,"height":800,"caption":"C\u1ea3m bi\u1ebfn \u00e1p su\u1ea5t d\u00f9ng cho th\u1ef1c ph\u1ea9m v\u00e0 d\u01b0\u1ee3c ph\u1ea9m SUP-P350K"},{"@type":"WebPage","@id":"https:\/\/quando.com.vn\/san-pham\/cam-bien-ap-suat-dung-cho-thuc-pham-duoc-pham-sup-p350k\/#webpage","url":"https:\/\/quando.com.vn\/san-pham\/cam-bien-ap-suat-dung-cho-thuc-pham-duoc-pham-sup-p350k\/","name":"C\u1ea3m bi\u1ebfn \u00e1p su\u1ea5t d\u00f9ng cho th\u1ef1c ph\u1ea9m v\u00e0 d\u01b0\u1ee3c ph\u1ea9m SUP-P350K - QUANDO","isPartOf":{"@id":"https:\/\/quando.com.vn\/en\/#website"},"primaryImageOfPage":{"@id":"https:\/\/quando.com.vn\/san-pham\/cam-bien-ap-suat-dung-cho-thuc-pham-duoc-pham-sup-p350k\/#primaryimage"},"datePublished":"2025-12-16T01:33:13+00:00","dateModified":"2025-12-16T01:42:07+00:00","description":"C\u1ea3m bi\u1ebfn \u00e1p su\u1ea5t d\u00f9ng cho th\u1ef1c ph\u1ea9m v\u00e0 d\u01b0\u1ee3c ph\u1ea9m SUP-P350K s\u1eed d\u1ee5ng m\u00e0ng inox 316L, k\u1ebft n\u1ed1i clamp, t\u00edn hi\u1ec7u 4\u201320mA, ph\u00f9 h\u1ee3p cho ng\u00e0nh th\u1ef1c ph\u1ea9m, \u0111\u1ed3 u\u1ed1ng, d\u01b0\u1ee3c ph\u1ea9m v\u00e0 c\u00e1c \u1ee9ng d\u1ee5ng y\u00eau c\u1ea7u ti\u00eau chu\u1ea9n v\u1ec7 sinh cao.","breadcrumb":{"@id":"https:\/\/quando.com.vn\/san-pham\/cam-bien-ap-suat-dung-cho-thuc-pham-duoc-pham-sup-p350k\/#breadcrumb"},"inLanguage":"en-US","potentialAction":[{"@type":"ReadAction","target":["https:\/\/quando.com.vn\/san-pham\/cam-bien-ap-suat-dung-cho-thuc-pham-duoc-pham-sup-p350k\/"]}]},{"@type":"BreadcrumbList","@id":"https:\/\/quando.com.vn\/san-pham\/cam-bien-ap-suat-dung-cho-thuc-pham-duoc-pham-sup-p350k\/#breadcrumb","itemListElement":[{"@type":"ListItem","position":1,"name":"Trang ch\u1ee7","item":"https:\/\/quando.com.vn\/"},{"@type":"ListItem","position":2,"name":"S\u1ea3n ph\u1ea9m","item":"https:\/\/quando.com.vn\/san-pham\/"},{"@type":"ListItem","position":3,"name":"C\u1ea3m bi\u1ebfn \u00e1p su\u1ea5t d\u00f9ng cho th\u1ef1c ph\u1ea9m v\u00e0 d\u01b0\u1ee3c ph\u1ea9m SUP-P350K"}]}]}},"_links":{"self":[{"href":"https:\/\/quando.com.vn\/en\/wp-json\/wp\/v2\/product\/7705"}],"collection":[{"href":"https:\/\/quando.com.vn\/en\/wp-json\/wp\/v2\/product"}],"about":[{"href":"https:\/\/quando.com.vn\/en\/wp-json\/wp\/v2\/types\/product"}],"wp:featuredmedia":[{"embeddable":true,"href":"https:\/\/quando.com.vn\/en\/wp-json\/wp\/v2\/media\/7706"}],"wp:attachment":[{"href":"https:\/\/quando.com.vn\/en\/wp-json\/wp\/v2\/media?parent=7705"}],"wp:term":[{"taxonomy":"product_cat","embeddable":true,"href":"https:\/\/quando.com.vn\/en\/wp-json\/wp\/v2\/product_cat?post=7705"},{"taxonomy":"product_tag","embeddable":true,"href":"https:\/\/quando.com.vn\/en\/wp-json\/wp\/v2\/product_tag?post=7705"}],"curies":[{"name":"wp","href":"https:\/\/api.w.org\/{rel}","templated":true}]}}