{"id":7689,"date":"2025-12-10T13:54:24","date_gmt":"2025-12-10T06:54:24","guid":{"rendered":"https:\/\/quando.com.vn\/?post_type=product&#038;p=7689"},"modified":"2025-12-10T14:12:01","modified_gmt":"2025-12-10T07:12:01","slug":"cam-bien-ap-suat-sup-p300","status":"publish","type":"product","link":"https:\/\/quando.com.vn\/en\/product\/cam-bien-ap-suat-sup-p300\/","title":{"rendered":"C\u1ea3m bi\u1ebfn \u00e1p su\u1ea5t SUP-P300"},"content":{"rendered":"<h3>SUP-P300 \u2013 C\u1ea3m bi\u1ebfn \u00e1p su\u1ea5t k\u00edch th\u01b0\u1edbc nh\u1ecf, \u0111a d\u1ee5ng<\/h3>\n<p>SUP-P300 l\u00e0 c\u1ea3m bi\u1ebfn \u00e1p su\u1ea5t d\u1ea1ng piezoresistive, thi\u1ebft k\u1ebf nh\u1ecf g\u1ecdn v\u1edbi th\u00e2n inox SS304 v\u00e0 m\u00e0ng SS316L cho \u0111\u1ed9 b\u1ec1n cao, ch\u1ed1ng \u0103n m\u00f2n t\u1ed1t. Thi\u1ebft b\u1ecb cung c\u1ea5p nhi\u1ec1u t\u00f9y ch\u1ecdn t\u00edn hi\u1ec7u ng\u00f5 ra nh\u01b0 4\u201320mA, 1\u20135V, 0\u201310V v\u00e0 RS485, ph\u00f9 h\u1ee3p nhi\u1ec1u h\u1ec7 th\u1ed1ng \u0111i\u1ec1u khi\u1ec3n v\u00e0 gi\u00e1m s\u00e1t \u00e1p su\u1ea5t.<\/p>\n<p>C\u1ea3m bi\u1ebfn \u0111\u01b0\u1ee3c \u1ee9ng d\u1ee5ng r\u1ed9ng r\u00e3i trong h\u00e0ng kh\u00f4ng, HVAC, y t\u1ebf, m\u00e1y n\u00e9n kh\u00ed, h\u1ec7 th\u1ed1ng n\u01b0\u1edbc, x\u1eed l\u00fd kh\u00ed \u2013 ch\u1ea5t l\u1ecfng, thi\u1ebft b\u1ecb c\u00f4ng nghi\u1ec7p v\u00e0 c\u00e1c \u1ee9ng d\u1ee5ng t\u1ef1 \u0111\u1ed9ng h\u00f3a c\u1ea7n \u0111\u1ed9 tin c\u1eady cao.<\/p>\n<h4>\u01afu \u0111i\u1ec3m n\u1ed5i b\u1eadt<\/h4>\n<p>&#8211; C\u1ea5u tr\u00fac inox 304\/316L ch\u1eafc ch\u1eafn, ho\u1ea1t \u0111\u1ed9ng t\u1ed1t trong m\u00f4i tr\u01b0\u1eddng kh\u00f4ng \u0103n m\u00f2n m\u1ea1nh<br \/>\n&#8211; Nhi\u1ec1u lo\u1ea1i d\u1ea3i \u0111o t\u1eeb ch\u00e2n kh\u00f4ng (-0.1MPa) \u0111\u1ebfn \u00e1p su\u1ea5t cao 60MPa<br \/>\n&#8211; T\u00edn hi\u1ec7u \u0111\u1ea7u ra \u0111a d\u1ea1ng, d\u1ec5 k\u1ebft n\u1ed1i PLC\/SCADA<br \/>\n&#8211; \u0110\u1ed9 \u1ed5n \u0111\u1ecbnh l\u00e2u d\u00e0i \u00b10.2%FS\/n\u0103m<br \/>\n&#8211; Ch\u1ecbu qu\u00e1 \u00e1p 125\u2013150%FS t\u00f9y d\u1ea3i \u0111o<br \/>\n&#8211; K\u00edch th\u01b0\u1edbc nh\u1ecf g\u1ecdn, l\u1eafp \u0111\u1eb7t nhanh qua ren ti\u00eau chu\u1ea9n<\/p>\n<p><img loading=\"lazy\" class=\"aligncenter size-full wp-image-7694\" src=\"https:\/\/quando.com.vn\/wp-content\/uploads\/2025\/12\/SUP-P300-Pressure-transmitter_5.webp\" alt=\"\" width=\"800\" height=\"728\" srcset=\"https:\/\/quando.com.vn\/wp-content\/uploads\/2025\/12\/SUP-P300-Pressure-transmitter_5.webp 800w, https:\/\/quando.com.vn\/wp-content\/uploads\/2025\/12\/SUP-P300-Pressure-transmitter_5-300x273.webp 300w, https:\/\/quando.com.vn\/wp-content\/uploads\/2025\/12\/SUP-P300-Pressure-transmitter_5-768x699.webp 768w, https:\/\/quando.com.vn\/wp-content\/uploads\/2025\/12\/SUP-P300-Pressure-transmitter_5-13x12.webp 13w\" sizes=\"(max-width: 800px) 100vw, 800px\" \/><\/p>\n<h4><strong>Th\u00f4ng s\u1ed1 k\u1ef9 thu\u1eadt \u2013 SUP-P300<\/strong><\/h4>\n<table>\n<tbody>\n<tr>\n<td>S\u1ea3n ph\u1ea9m<\/td>\n<td>C\u1ea3m bi\u1ebfn \u00e1p su\u1ea5t<\/td>\n<\/tr>\n<tr>\n<td>Model<\/td>\n<td>SUP-P300<\/td>\n<\/tr>\n<tr>\n<td>D\u1ea3i \u0111o<\/td>\n<td>-0.1MPa\u20260 ~ 10kPa \u0111\u1ebfn 60MPa<\/td>\n<\/tr>\n<tr>\n<td>Ki\u1ec3u \u00e1p su\u1ea5t<\/td>\n<td>\u00c1p su\u1ea5t t\u01b0\u01a1ng \u0111\u1ed1i, \u00e1p su\u1ea5t tuy\u1ec7t \u0111\u1ed1i, \u00e1p su\u1ea5t ni\u00eam k\u00edn<\/td>\n<\/tr>\n<tr>\n<td>\u0110\u1ed9 ch\u00ednh x\u00e1c<\/td>\n<td>0.5%FS; t\u00f9y ch\u1ecdn 0.2%FS ho\u1eb7c 0.25%FS<\/td>\n<\/tr>\n<tr>\n<td>T\u00edn hi\u1ec7u ng\u00f5 ra<\/td>\n<td>4\u201320mA; 1\u20135V; 0\u201310V; 0\u20135V; RS485<\/td>\n<\/tr>\n<tr>\n<td>Nhi\u1ec7t \u0111\u1ed9 b\u00f9<\/td>\n<td>-10 ~ 70\u2103<\/td>\n<\/tr>\n<tr>\n<td>Nhi\u1ec7t \u0111\u1ed9 l\u00e0m vi\u1ec7c<\/td>\n<td>-20 ~ 85\u2103<\/td>\n<\/tr>\n<tr>\n<td>Nhi\u1ec7t \u0111\u1ed9 m\u00f4i ch\u1ea5t<\/td>\n<td>-20 ~ 85\u2103<\/td>\n<\/tr>\n<tr>\n<td>Nhi\u1ec7t \u0111\u1ed9 l\u01b0u tr\u1eef<\/td>\n<td>-40 ~ 85\u2103<\/td>\n<\/tr>\n<tr>\n<td>Qu\u00e1 \u00e1p<\/td>\n<td>0.035\u201310MPa (150%FS); 10\u201360MPa (125%FS)<\/td>\n<\/tr>\n<tr>\n<td>\u0110\u1ed9 \u1ed5n \u0111\u1ecbnh l\u00e2u d\u00e0i<\/td>\n<td>\u00b10.2%FS\/n\u0103m<\/td>\n<\/tr>\n<tr>\n<td>Ngu\u1ed3n c\u1ea5p<\/td>\n<td>10\u201332V (4\u201320mA); 12\u201332V (0\u201310V); 8\u201332V (RS485, 1\u20135V, 0\u20135V)<\/td>\n<\/tr>\n<tr>\n<td>C\u1ea5p b\u1ea3o v\u1ec7<\/td>\n<td>IP65<\/td>\n<\/tr>\n<\/tbody>\n<\/table>\n<h4><strong>\u1ee8ng d\u1ee5ng<\/strong><\/h4>\n<p>&#8211; H\u1ec7 th\u1ed1ng HVAC v\u00e0 \u0111i\u1ec1u khi\u1ec3n m\u00f4i tr\u01b0\u1eddng<br \/>\n&#8211; M\u00e1y n\u00e9n kh\u00ed, b\u01a1m, \u0111\u01b0\u1eddng \u1ed1ng c\u00f4ng nghi\u1ec7p<br \/>\n&#8211; Ng\u00e0nh h\u00e0ng kh\u00f4ng \u2013 v\u0169 tr\u1ee5<br \/>\n&#8211; Thi\u1ebft b\u1ecb y t\u1ebf v\u00e0 ph\u00f2ng th\u00ed nghi\u1ec7m<br \/>\n&#8211; T\u1ef1 \u0111\u1ed9ng h\u00f3a c\u00f4ng nghi\u1ec7p v\u00e0 robot<br \/>\n&#8211; \u0110o \u00e1p su\u1ea5t ch\u1ea5t l\u1ecfng, kh\u00ed, d\u1ea7u trong h\u1ec7 th\u1ed1ng gi\u00e1m s\u00e1t<\/p>\n<p>SUP-P300 l\u00e0 l\u1ef1a ch\u1ecdn t\u1ed1i \u01b0u cho c\u00e1c \u1ee9ng d\u1ee5ng c\u1ea7n c\u1ea3m bi\u1ebfn \u00e1p su\u1ea5t nh\u1ecf g\u1ecdn, ch\u00ednh x\u00e1c, \u1ed5n \u0111\u1ecbnh v\u00e0 \u0111a t\u00edn hi\u1ec7u. Thi\u1ebft k\u1ebf c\u00f4ng nghi\u1ec7p ch\u1eafc ch\u1eafn gi\u00fap thi\u1ebft b\u1ecb v\u1eadn h\u00e0nh b\u1ec1n b\u1ec9 trong nhi\u1ec1u m\u00f4i tr\u01b0\u1eddng kh\u00e1c nhau.<\/p>\n<p><img loading=\"lazy\" class=\"aligncenter size-full wp-image-7695\" src=\"https:\/\/quando.com.vn\/wp-content\/uploads\/2025\/12\/SUP-P300-Pressure-transmitter_app.webp\" alt=\"\" width=\"800\" height=\"1189\" srcset=\"https:\/\/quando.com.vn\/wp-content\/uploads\/2025\/12\/SUP-P300-Pressure-transmitter_app.webp 800w, https:\/\/quando.com.vn\/wp-content\/uploads\/2025\/12\/SUP-P300-Pressure-transmitter_app-202x300.webp 202w, https:\/\/quando.com.vn\/wp-content\/uploads\/2025\/12\/SUP-P300-Pressure-transmitter_app-689x1024.webp 689w, https:\/\/quando.com.vn\/wp-content\/uploads\/2025\/12\/SUP-P300-Pressure-transmitter_app-768x1141.webp 768w, https:\/\/quando.com.vn\/wp-content\/uploads\/2025\/12\/SUP-P300-Pressure-transmitter_app-8x12.webp 8w, https:\/\/quando.com.vn\/wp-content\/uploads\/2025\/12\/SUP-P300-Pressure-transmitter_app-300x446.webp 300w\" sizes=\"(max-width: 800px) 100vw, 800px\" \/><\/p>","protected":false},"excerpt":{"rendered":"<p>&#8211; Thi\u1ebft k\u1ebf nh\u1ecf g\u1ecdn, th\u00e2n inox 304 &amp; m\u00e0ng SS316L<br \/>\n&#8211; D\u1ea3i \u0111o r\u1ed9ng t\u1eeb ch\u00e2n kh\u00f4ng \u0111\u1ebfn 60MPa<br \/>\n&#8211; \u0110\u1ed9 ch\u00ednh x\u00e1c 0.5%FS, t\u00f9y ch\u1ecdn 0.2%FS cao c\u1ea5p<br \/>\n&#8211; T\u00edn hi\u1ec7u 4\u201320mA, 1\u20135V, 0\u201310V, RS485 linh ho\u1ea1t<br \/>\n&#8211; \u1ee8ng d\u1ee5ng \u0111a ng\u00e0nh: HVAC, y t\u1ebf, h\u00e0ng kh\u00f4ng, t\u1ef1 \u0111\u1ed9ng h\u00f3a<\/p>","protected":false},"featured_media":7690,"template":"","meta":[],"product_cat":[529,537],"product_tag":[],"acf":[],"yoast_head":"<!-- This site is optimized with the Yoast SEO Premium plugin v18.4 (Yoast SEO v18.6) - https:\/\/yoast.com\/wordpress\/plugins\/seo\/ -->\n<title>C\u1ea3m bi\u1ebfn \u00e1p su\u1ea5t SUP-P300 - QUANDO<\/title>\n<meta name=\"description\" content=\"C\u1ea3m bi\u1ebfn \u00e1p su\u1ea5t SUP-P300 \u0111a d\u1ee5ng, thi\u1ebft k\u1ebf nh\u1ecf g\u1ecdn, m\u00e0ng SS316L, ch\u00ednh x\u00e1c 0.5% \u0111\u1ebfn 0.2% FS, 4\u201320mA, 0\u201310V, RS485, ph\u00f9 h\u1ee3p HVAC...\" \/>\n<meta name=\"robots\" content=\"index, follow, max-snippet:-1, max-image-preview:large, max-video-preview:-1\" \/>\n<link rel=\"canonical\" href=\"https:\/\/quando.com.vn\/en\/product\/cam-bien-ap-suat-sup-p300\/\" \/>\n<meta property=\"og:locale\" content=\"en_US\" \/>\n<meta property=\"og:type\" content=\"article\" \/>\n<meta property=\"og:title\" content=\"C\u1ea3m bi\u1ebfn \u00e1p su\u1ea5t SUP-P300\" \/>\n<meta property=\"og:description\" content=\"C\u1ea3m bi\u1ebfn \u00e1p su\u1ea5t SUP-P300 \u0111a d\u1ee5ng, thi\u1ebft k\u1ebf nh\u1ecf g\u1ecdn, m\u00e0ng SS316L, ch\u00ednh x\u00e1c 0.5% \u0111\u1ebfn 0.2% FS, 4\u201320mA, 0\u201310V, RS485, ph\u00f9 h\u1ee3p HVAC...\" \/>\n<meta property=\"og:url\" content=\"https:\/\/quando.com.vn\/en\/product\/cam-bien-ap-suat-sup-p300\/\" \/>\n<meta property=\"og:site_name\" content=\"QUANDO\" \/>\n<meta property=\"article:modified_time\" content=\"2025-12-10T07:12:01+00:00\" \/>\n<meta name=\"twitter:card\" content=\"summary_large_image\" \/>\n<meta name=\"twitter:image\" content=\"https:\/\/quando.com.vn\/wp-content\/uploads\/2025\/12\/SUP-P300-Pressure-transmitter.webp\" \/>\n<meta name=\"twitter:label1\" content=\"Est. reading time\" \/>\n\t<meta name=\"twitter:data1\" content=\"3 minutes\" \/>\n<script type=\"application\/ld+json\" class=\"yoast-schema-graph\">{\"@context\":\"https:\/\/schema.org\",\"@graph\":[{\"@type\":\"WebSite\",\"@id\":\"https:\/\/quando.com.vn\/en\/#website\",\"url\":\"https:\/\/quando.com.vn\/en\/\",\"name\":\"QUANDO\",\"description\":\"\",\"potentialAction\":[{\"@type\":\"SearchAction\",\"target\":{\"@type\":\"EntryPoint\",\"urlTemplate\":\"https:\/\/quando.com.vn\/en\/?s={search_term_string}\"},\"query-input\":\"required name=search_term_string\"}],\"inLanguage\":\"en-US\"},{\"@type\":\"ImageObject\",\"@id\":\"https:\/\/quando.com.vn\/san-pham\/cam-bien-ap-suat-sup-p300\/#primaryimage\",\"inLanguage\":\"en-US\",\"url\":\"https:\/\/quando.com.vn\/wp-content\/uploads\/2025\/12\/SUP-P300-Pressure-transmitter.webp\",\"contentUrl\":\"https:\/\/quando.com.vn\/wp-content\/uploads\/2025\/12\/SUP-P300-Pressure-transmitter.webp\",\"width\":800,\"height\":800,\"caption\":\"SUP-P300 Pressure transmitter\"},{\"@type\":\"WebPage\",\"@id\":\"https:\/\/quando.com.vn\/san-pham\/cam-bien-ap-suat-sup-p300\/#webpage\",\"url\":\"https:\/\/quando.com.vn\/san-pham\/cam-bien-ap-suat-sup-p300\/\",\"name\":\"C\u1ea3m bi\u1ebfn \u00e1p su\u1ea5t SUP-P300 - QUANDO\",\"isPartOf\":{\"@id\":\"https:\/\/quando.com.vn\/en\/#website\"},\"primaryImageOfPage\":{\"@id\":\"https:\/\/quando.com.vn\/san-pham\/cam-bien-ap-suat-sup-p300\/#primaryimage\"},\"datePublished\":\"2025-12-10T06:54:24+00:00\",\"dateModified\":\"2025-12-10T07:12:01+00:00\",\"description\":\"C\u1ea3m bi\u1ebfn \u00e1p su\u1ea5t SUP-P300 \u0111a d\u1ee5ng, thi\u1ebft k\u1ebf nh\u1ecf g\u1ecdn, m\u00e0ng SS316L, ch\u00ednh x\u00e1c 0.5% \u0111\u1ebfn 0.2% FS, 4\u201320mA, 0\u201310V, RS485, ph\u00f9 h\u1ee3p HVAC...\",\"breadcrumb\":{\"@id\":\"https:\/\/quando.com.vn\/san-pham\/cam-bien-ap-suat-sup-p300\/#breadcrumb\"},\"inLanguage\":\"en-US\",\"potentialAction\":[{\"@type\":\"ReadAction\",\"target\":[\"https:\/\/quando.com.vn\/san-pham\/cam-bien-ap-suat-sup-p300\/\"]}]},{\"@type\":\"BreadcrumbList\",\"@id\":\"https:\/\/quando.com.vn\/san-pham\/cam-bien-ap-suat-sup-p300\/#breadcrumb\",\"itemListElement\":[{\"@type\":\"ListItem\",\"position\":1,\"name\":\"Trang ch\u1ee7\",\"item\":\"https:\/\/quando.com.vn\/\"},{\"@type\":\"ListItem\",\"position\":2,\"name\":\"S\u1ea3n ph\u1ea9m\",\"item\":\"https:\/\/quando.com.vn\/san-pham\/\"},{\"@type\":\"ListItem\",\"position\":3,\"name\":\"C\u1ea3m bi\u1ebfn \u00e1p su\u1ea5t SUP-P300\"}]}]}<\/script>\n<!-- \/ Yoast SEO Premium plugin. -->","yoast_head_json":{"title":"C\u1ea3m bi\u1ebfn \u00e1p su\u1ea5t SUP-P300 - QUANDO","description":"C\u1ea3m bi\u1ebfn \u00e1p su\u1ea5t SUP-P300 \u0111a d\u1ee5ng, thi\u1ebft k\u1ebf nh\u1ecf g\u1ecdn, m\u00e0ng SS316L, ch\u00ednh x\u00e1c 0.5% \u0111\u1ebfn 0.2% FS, 4\u201320mA, 0\u201310V, RS485, ph\u00f9 h\u1ee3p HVAC...","robots":{"index":"index","follow":"follow","max-snippet":"max-snippet:-1","max-image-preview":"max-image-preview:large","max-video-preview":"max-video-preview:-1"},"canonical":"https:\/\/quando.com.vn\/en\/product\/cam-bien-ap-suat-sup-p300\/","og_locale":"en_US","og_type":"article","og_title":"C\u1ea3m bi\u1ebfn \u00e1p su\u1ea5t SUP-P300","og_description":"C\u1ea3m bi\u1ebfn \u00e1p su\u1ea5t SUP-P300 \u0111a d\u1ee5ng, thi\u1ebft k\u1ebf nh\u1ecf g\u1ecdn, m\u00e0ng SS316L, ch\u00ednh x\u00e1c 0.5% \u0111\u1ebfn 0.2% FS, 4\u201320mA, 0\u201310V, RS485, ph\u00f9 h\u1ee3p HVAC...","og_url":"https:\/\/quando.com.vn\/en\/product\/cam-bien-ap-suat-sup-p300\/","og_site_name":"QUANDO","article_modified_time":"2025-12-10T07:12:01+00:00","twitter_card":"summary_large_image","twitter_image":"https:\/\/quando.com.vn\/wp-content\/uploads\/2025\/12\/SUP-P300-Pressure-transmitter.webp","twitter_misc":{"Est. reading time":"3 minutes"},"schema":{"@context":"https:\/\/schema.org","@graph":[{"@type":"WebSite","@id":"https:\/\/quando.com.vn\/en\/#website","url":"https:\/\/quando.com.vn\/en\/","name":"QUANDO","description":"","potentialAction":[{"@type":"SearchAction","target":{"@type":"EntryPoint","urlTemplate":"https:\/\/quando.com.vn\/en\/?s={search_term_string}"},"query-input":"required name=search_term_string"}],"inLanguage":"en-US"},{"@type":"ImageObject","@id":"https:\/\/quando.com.vn\/san-pham\/cam-bien-ap-suat-sup-p300\/#primaryimage","inLanguage":"en-US","url":"https:\/\/quando.com.vn\/wp-content\/uploads\/2025\/12\/SUP-P300-Pressure-transmitter.webp","contentUrl":"https:\/\/quando.com.vn\/wp-content\/uploads\/2025\/12\/SUP-P300-Pressure-transmitter.webp","width":800,"height":800,"caption":"SUP-P300 Pressure transmitter"},{"@type":"WebPage","@id":"https:\/\/quando.com.vn\/san-pham\/cam-bien-ap-suat-sup-p300\/#webpage","url":"https:\/\/quando.com.vn\/san-pham\/cam-bien-ap-suat-sup-p300\/","name":"C\u1ea3m bi\u1ebfn \u00e1p su\u1ea5t SUP-P300 - QUANDO","isPartOf":{"@id":"https:\/\/quando.com.vn\/en\/#website"},"primaryImageOfPage":{"@id":"https:\/\/quando.com.vn\/san-pham\/cam-bien-ap-suat-sup-p300\/#primaryimage"},"datePublished":"2025-12-10T06:54:24+00:00","dateModified":"2025-12-10T07:12:01+00:00","description":"C\u1ea3m bi\u1ebfn \u00e1p su\u1ea5t SUP-P300 \u0111a d\u1ee5ng, thi\u1ebft k\u1ebf nh\u1ecf g\u1ecdn, m\u00e0ng SS316L, ch\u00ednh x\u00e1c 0.5% \u0111\u1ebfn 0.2% FS, 4\u201320mA, 0\u201310V, RS485, ph\u00f9 h\u1ee3p HVAC...","breadcrumb":{"@id":"https:\/\/quando.com.vn\/san-pham\/cam-bien-ap-suat-sup-p300\/#breadcrumb"},"inLanguage":"en-US","potentialAction":[{"@type":"ReadAction","target":["https:\/\/quando.com.vn\/san-pham\/cam-bien-ap-suat-sup-p300\/"]}]},{"@type":"BreadcrumbList","@id":"https:\/\/quando.com.vn\/san-pham\/cam-bien-ap-suat-sup-p300\/#breadcrumb","itemListElement":[{"@type":"ListItem","position":1,"name":"Trang ch\u1ee7","item":"https:\/\/quando.com.vn\/"},{"@type":"ListItem","position":2,"name":"S\u1ea3n ph\u1ea9m","item":"https:\/\/quando.com.vn\/san-pham\/"},{"@type":"ListItem","position":3,"name":"C\u1ea3m bi\u1ebfn \u00e1p su\u1ea5t SUP-P300"}]}]}},"_links":{"self":[{"href":"https:\/\/quando.com.vn\/en\/wp-json\/wp\/v2\/product\/7689"}],"collection":[{"href":"https:\/\/quando.com.vn\/en\/wp-json\/wp\/v2\/product"}],"about":[{"href":"https:\/\/quando.com.vn\/en\/wp-json\/wp\/v2\/types\/product"}],"wp:featuredmedia":[{"embeddable":true,"href":"https:\/\/quando.com.vn\/en\/wp-json\/wp\/v2\/media\/7690"}],"wp:attachment":[{"href":"https:\/\/quando.com.vn\/en\/wp-json\/wp\/v2\/media?parent=7689"}],"wp:term":[{"taxonomy":"product_cat","embeddable":true,"href":"https:\/\/quando.com.vn\/en\/wp-json\/wp\/v2\/product_cat?post=7689"},{"taxonomy":"product_tag","embeddable":true,"href":"https:\/\/quando.com.vn\/en\/wp-json\/wp\/v2\/product_tag?post=7689"}],"curies":[{"name":"wp","href":"https:\/\/api.w.org\/{rel}","templated":true}]}}