{"id":7687,"date":"2025-12-10T13:37:15","date_gmt":"2025-12-10T06:37:15","guid":{"rendered":"https:\/\/quando.com.vn\/?post_type=product&#038;p=7687"},"modified":"2025-12-10T13:44:42","modified_gmt":"2025-12-10T06:44:42","slug":"cam-bien-muc-sieu-am-wsu300","status":"publish","type":"product","link":"https:\/\/quando.com.vn\/en\/product\/cam-bien-muc-sieu-am-wsu300\/","title":{"rendered":"C\u1ea3m bi\u1ebfn m\u1ee9c si\u00eau \u00e2m WSU300"},"content":{"rendered":"<h3>WSU300 \u2013 C\u1ea3m bi\u1ebfn m\u1ee9c si\u00eau \u00e2m kh\u00f4ng ti\u1ebfp x\u00fac<\/h3>\n<p>WSU300 l\u00e0 c\u1ea3m bi\u1ebfn m\u1ee9c si\u00eau \u00e2m s\u1eed d\u1ee5ng c\u00f4ng ngh\u1ec7 s\u00f3ng \u00e2m t\u1ea7n s\u1ed1 cao \u0111\u1ec3 \u0111o kho\u1ea3ng c\u00e1ch \u0111\u1ebfn b\u1ec1 m\u1eb7t ch\u1ea5t l\u1ecfng ho\u1eb7c ch\u1ea5t r\u1eafn m\u00e0 kh\u00f4ng c\u1ea7n ti\u1ebfp x\u00fac tr\u1ef1c ti\u1ebfp. Thi\u1ebft b\u1ecb c\u00f3 kh\u1ea3 n\u0103ng ch\u1ed1ng nhi\u1ec5u m\u1ea1nh, d\u1ec5 c\u00e0i \u0111\u1eb7t, giao ti\u1ebfp Modbus RS485, ph\u00f9 h\u1ee3p trong nhi\u1ec1u \u1ee9ng d\u1ee5ng c\u00f4ng nghi\u1ec7p nh\u01b0 b\u1ec3 n\u01b0\u1edbc, silo, h\u00f3a ch\u1ea5t, x\u1eed l\u00fd n\u01b0\u1edbc th\u1ea3i.<\/p>\n<h4>C\u00e1ch \u0111o m\u1ee9c b\u1eb1ng si\u00eau \u00e2m<\/h4>\n<p>Thi\u1ebft b\u1ecb ph\u00e1t ra s\u00f3ng si\u00eau \u00e2m xu\u1ed1ng b\u1ec1 m\u1eb7t c\u1ea7n \u0111o. S\u00f3ng ph\u1ea3n x\u1ea1 tr\u1edf l\u1ea1i c\u1ea3m bi\u1ebfn v\u00e0 b\u1ed9 x\u1eed l\u00fd s\u1ebd t\u00ednh to\u00e1n th\u1eddi gian truy\u1ec1n \u2013 ph\u1ea3n h\u1ed3i \u0111\u1ec3 x\u00e1c \u0111\u1ecbnh ch\u00ednh x\u00e1c m\u1ee9c ch\u1ea5t l\u1ecfng\/ kho\u1ea3ng c\u00e1ch. Ph\u01b0\u01a1ng ph\u00e1p ho\u00e0n to\u00e0n kh\u00f4ng ti\u1ebfp x\u00fac, an to\u00e0n v\u00e0 b\u1ec1n trong m\u00f4i tr\u01b0\u1eddng \u0103n m\u00f2n ho\u1eb7c b\u1ea9n.<\/p>\n<h4>\u01afu \u0111i\u1ec3m n\u1ed5i b\u1eadt<\/h4>\n<p>&#8211; Kh\u00f4ng ti\u1ebfp x\u00fac v\u1edbi m\u00f4i ch\u1ea5t, ph\u00f9 h\u1ee3p m\u00f4i tr\u01b0\u1eddng \u0103n m\u00f2n v\u00e0 d\u1ec5 c\u00e1u c\u1eb7n<br \/>\n&#8211; Ch\u1ed1ng nhi\u1ec5u m\u1ea1nh, \u0111o \u1ed5n \u0111\u1ecbnh ngay c\u1ea3 khi c\u00f3 b\u1ecdt nh\u1eb9 ho\u1eb7c dao \u0111\u1ed9ng m\u1eb7t n\u01b0\u1edbc<br \/>\n&#8211; T\u00f9y ch\u1ec9nh gi\u1edbi h\u1ea1n tr\u00ean \u2013 d\u01b0\u1edbi, c\u1ea5u h\u00ecnh \u0111\u1ea7u ra linh ho\u1ea1t<br \/>\n&#8211; Sao l\u01b0u \u2013 ph\u1ee5c h\u1ed3i th\u00f4ng s\u1ed1 c\u00e0i \u0111\u1eb7t d\u1ec5 d\u00e0ng<br \/>\n&#8211; T\u00f9y ch\u1ecdn \u0111o t\u0103ng\/gi\u1ea3m: \u0111o kho\u1ea3ng kh\u00f4ng ho\u1eb7c tr\u1ef1c ti\u1ebfp m\u1ef1c ch\u1ea5t l\u1ecfng<br \/>\n&#8211; C\u00f4ng su\u1ea5t ti\u00eau th\u1ee5 th\u1ea5p &lt;1.5W<\/p>\n<h4><strong>Th\u00f4ng s\u1ed1 k\u1ef9 thu\u1eadt \u2013 WSU300<\/strong><\/h4>\n<table>\n<tbody>\n<tr>\n<td>S\u1ea3n ph\u1ea9m<\/td>\n<td>C\u1ea3m bi\u1ebfn m\u1ee9c si\u00eau \u00e2m<\/td>\n<\/tr>\n<tr>\n<td>Model<\/td>\n<td>WSU300<\/td>\n<\/tr>\n<tr>\n<td>D\u1ea3i \u0111o<\/td>\n<td>5m, 10m (t\u00f9y ch\u1ecdn kh\u00e1c theo y\u00eau c\u1ea7u)<\/td>\n<\/tr>\n<tr>\n<td>V\u00f9ng m\u00f9 (Blind zone)<\/td>\n<td>0.35m<\/td>\n<\/tr>\n<tr>\n<td>\u0110\u1ed9 ch\u00ednh x\u00e1c<\/td>\n<td>\u00b10.5% F.S<\/td>\n<\/tr>\n<tr>\n<td>M\u00e0n h\u00ecnh<\/td>\n<td>LCD c\u00f3 \u0111\u00e8n n\u1ec1n<\/td>\n<\/tr>\n<tr>\n<td>Ng\u00f5 ra<\/td>\n<td>4\u201320mA; RS485; 2 r\u01a1-le (t\u00f9y ch\u1ecdn)<\/td>\n<\/tr>\n<tr>\n<td>Bi\u1ebfn \u0111o<\/td>\n<td>M\u1ee9c \/ Kho\u1ea3ng c\u00e1ch<\/td>\n<\/tr>\n<tr>\n<td>Ngu\u1ed3n c\u1ea5p<\/td>\n<td>18\u201328 VDC<\/td>\n<\/tr>\n<tr>\n<td>C\u00f4ng su\u1ea5t ti\u00eau th\u1ee5<\/td>\n<td>&lt; 1.5W<\/td>\n<\/tr>\n<tr>\n<td>C\u1ea5p b\u1ea3o v\u1ec7<\/td>\n<td>IP65 (t\u00f9y ch\u1ecdn cao h\u01a1n)<\/td>\n<\/tr>\n<\/tbody>\n<\/table>\n<h4><strong>\u1ee8ng d\u1ee5ng<\/strong><\/h4>\n<p>&#8211; B\u1ec3 n\u01b0\u1edbc s\u1ea1ch, n\u01b0\u1edbc ng\u1ea7m, n\u01b0\u1edbc th\u1ea3i<br \/>\n&#8211; Silo ch\u1ee9a h\u1ea1t, b\u1ed9t, v\u1eadt li\u1ec7u r\u1eddi<br \/>\n&#8211; B\u1ed3n h\u00f3a ch\u1ea5t \u0103n m\u00f2n, n\u01a1i c\u1ea7n \u0111o kh\u00f4ng ti\u1ebfp x\u00fac<br \/>\n&#8211; B\u1ec3 x\u1eed l\u00fd trong nh\u00e0 m\u00e1y n\u01b0\u1edbc &amp; tr\u1ea1m b\u01a1m<br \/>\n&#8211; \u0110o m\u1ee9c trong c\u00e1c th\u00e1p, tank cao, gi\u1ebfng s\u00e2u<\/p>\n<p>WSU300 l\u00e0 l\u1ef1a ch\u1ecdn l\u00fd t\u01b0\u1edfng cho c\u00e1c \u1ee9ng d\u1ee5ng c\u1ea7n \u0111o m\u1ee9c kh\u00f4ng ti\u1ebfp x\u00fac, an to\u00e0n, \u0111\u1ed9 b\u1ec1n cao v\u00e0 chi ph\u00ed b\u1ea3o tr\u00ec th\u1ea5p. V\u1edbi t\u00edn hi\u1ec7u ti\u00eau chu\u1ea9n c\u00f4ng nghi\u1ec7p v\u00e0 kh\u1ea3 n\u0103ng ch\u1ed1ng nhi\u1ec5u v\u01b0\u1ee3t tr\u1ed9i, thi\u1ebft b\u1ecb d\u1ec5 d\u00e0ng t\u00edch h\u1ee3p v\u00e0o h\u1ec7 th\u1ed1ng PLC, SCADA trong m\u1ecdi ng\u00e0nh c\u00f4ng nghi\u1ec7p.<\/p>","protected":false},"excerpt":{"rendered":"<p>&#8211; C\u1ea3m bi\u1ebfn m\u1ee9c si\u00eau \u00e2m \u0111o kh\u00f4ng ti\u1ebfp x\u00fac, an to\u00e0n<br \/>\n&#8211; D\u1ea3i \u0111o 5\u201310m, blind zone ch\u1ec9 0.35m<br \/>\n&#8211; Ch\u1ed1ng nhi\u1ec5u m\u1ea1nh, \u0111o \u1ed5n \u0111\u1ecbnh<br \/>\n&#8211; T\u00edn hi\u1ec7u 4\u201320mA, RS485 v\u00e0 r\u01a1-le t\u00f9y ch\u1ecdn<br \/>\n&#8211; Hi\u1ec3n th\u1ecb LCD c\u00f3 \u0111\u00e8n n\u1ec1n, c\u1ea5u h\u00ecnh d\u1ec5 d\u00e0ng ngay t\u1ea1i ch\u1ed7<\/p>","protected":false},"featured_media":7688,"template":"","meta":[],"product_cat":[526,536],"product_tag":[],"acf":[],"yoast_head":"<!-- This site is optimized with the Yoast SEO Premium plugin v18.4 (Yoast SEO v18.6) - https:\/\/yoast.com\/wordpress\/plugins\/seo\/ -->\n<title>C\u1ea3m bi\u1ebfn m\u1ee9c si\u00eau \u00e2m WSU300 - QUANDO<\/title>\n<meta name=\"description\" content=\"C\u1ea3m bi\u1ebfn m\u1ee9c si\u00eau \u00e2m WSU300 \u0111o kh\u00f4ng ti\u1ebfp x\u00fac, d\u1ea3i \u0111o \u0111\u1ebfn 10m, ch\u1ed1ng nhi\u1ec5u m\u1ea1nh, hi\u1ec3n th\u1ecb LCD, ng\u00f5 ra 4\u201320mA\/RS485\" \/>\n<meta name=\"robots\" content=\"index, follow, max-snippet:-1, max-image-preview:large, max-video-preview:-1\" \/>\n<link rel=\"canonical\" href=\"https:\/\/quando.com.vn\/en\/product\/cam-bien-muc-sieu-am-wsu300\/\" \/>\n<meta property=\"og:locale\" content=\"en_US\" \/>\n<meta property=\"og:type\" content=\"article\" \/>\n<meta property=\"og:title\" content=\"C\u1ea3m bi\u1ebfn m\u1ee9c si\u00eau \u00e2m WSU300\" \/>\n<meta property=\"og:description\" content=\"C\u1ea3m bi\u1ebfn m\u1ee9c si\u00eau \u00e2m WSU300 \u0111o kh\u00f4ng ti\u1ebfp x\u00fac, d\u1ea3i \u0111o \u0111\u1ebfn 10m, ch\u1ed1ng nhi\u1ec5u m\u1ea1nh, hi\u1ec3n th\u1ecb LCD, ng\u00f5 ra 4\u201320mA\/RS485\" \/>\n<meta property=\"og:url\" content=\"https:\/\/quando.com.vn\/en\/product\/cam-bien-muc-sieu-am-wsu300\/\" \/>\n<meta property=\"og:site_name\" content=\"QUANDO\" \/>\n<meta property=\"article:modified_time\" content=\"2025-12-10T06:44:42+00:00\" \/>\n<meta name=\"twitter:card\" content=\"summary_large_image\" \/>\n<meta name=\"twitter:image\" content=\"https:\/\/quando.com.vn\/wp-content\/uploads\/2025\/12\/WSU300-Ultrasonic-level-transmitter-scaled.webp\" \/>\n<meta name=\"twitter:label1\" content=\"Est. reading time\" \/>\n\t<meta name=\"twitter:data1\" content=\"3 minutes\" \/>\n<script type=\"application\/ld+json\" class=\"yoast-schema-graph\">{\"@context\":\"https:\/\/schema.org\",\"@graph\":[{\"@type\":\"WebSite\",\"@id\":\"https:\/\/quando.com.vn\/en\/#website\",\"url\":\"https:\/\/quando.com.vn\/en\/\",\"name\":\"QUANDO\",\"description\":\"\",\"potentialAction\":[{\"@type\":\"SearchAction\",\"target\":{\"@type\":\"EntryPoint\",\"urlTemplate\":\"https:\/\/quando.com.vn\/en\/?s={search_term_string}\"},\"query-input\":\"required name=search_term_string\"}],\"inLanguage\":\"en-US\"},{\"@type\":\"ImageObject\",\"@id\":\"https:\/\/quando.com.vn\/san-pham\/cam-bien-muc-sieu-am-wsu300\/#primaryimage\",\"inLanguage\":\"en-US\",\"url\":\"https:\/\/quando.com.vn\/wp-content\/uploads\/2025\/12\/WSU300-Ultrasonic-level-transmitter-scaled.webp\",\"contentUrl\":\"https:\/\/quando.com.vn\/wp-content\/uploads\/2025\/12\/WSU300-Ultrasonic-level-transmitter-scaled.webp\",\"width\":2560,\"height\":2560,\"caption\":\"C\u1ea3m bi\u1ebfn m\u1ee9c si\u00eau \u00e2m WSU300\"},{\"@type\":\"WebPage\",\"@id\":\"https:\/\/quando.com.vn\/san-pham\/cam-bien-muc-sieu-am-wsu300\/#webpage\",\"url\":\"https:\/\/quando.com.vn\/san-pham\/cam-bien-muc-sieu-am-wsu300\/\",\"name\":\"C\u1ea3m bi\u1ebfn m\u1ee9c si\u00eau \u00e2m WSU300 - QUANDO\",\"isPartOf\":{\"@id\":\"https:\/\/quando.com.vn\/en\/#website\"},\"primaryImageOfPage\":{\"@id\":\"https:\/\/quando.com.vn\/san-pham\/cam-bien-muc-sieu-am-wsu300\/#primaryimage\"},\"datePublished\":\"2025-12-10T06:37:15+00:00\",\"dateModified\":\"2025-12-10T06:44:42+00:00\",\"description\":\"C\u1ea3m bi\u1ebfn m\u1ee9c si\u00eau \u00e2m WSU300 \u0111o kh\u00f4ng ti\u1ebfp x\u00fac, d\u1ea3i \u0111o \u0111\u1ebfn 10m, ch\u1ed1ng nhi\u1ec5u m\u1ea1nh, hi\u1ec3n th\u1ecb LCD, ng\u00f5 ra 4\u201320mA\/RS485\",\"breadcrumb\":{\"@id\":\"https:\/\/quando.com.vn\/san-pham\/cam-bien-muc-sieu-am-wsu300\/#breadcrumb\"},\"inLanguage\":\"en-US\",\"potentialAction\":[{\"@type\":\"ReadAction\",\"target\":[\"https:\/\/quando.com.vn\/san-pham\/cam-bien-muc-sieu-am-wsu300\/\"]}]},{\"@type\":\"BreadcrumbList\",\"@id\":\"https:\/\/quando.com.vn\/san-pham\/cam-bien-muc-sieu-am-wsu300\/#breadcrumb\",\"itemListElement\":[{\"@type\":\"ListItem\",\"position\":1,\"name\":\"Trang ch\u1ee7\",\"item\":\"https:\/\/quando.com.vn\/\"},{\"@type\":\"ListItem\",\"position\":2,\"name\":\"S\u1ea3n ph\u1ea9m\",\"item\":\"https:\/\/quando.com.vn\/san-pham\/\"},{\"@type\":\"ListItem\",\"position\":3,\"name\":\"C\u1ea3m bi\u1ebfn m\u1ee9c si\u00eau \u00e2m WSU300\"}]}]}<\/script>\n<!-- \/ Yoast SEO Premium plugin. -->","yoast_head_json":{"title":"C\u1ea3m bi\u1ebfn m\u1ee9c si\u00eau \u00e2m WSU300 - QUANDO","description":"C\u1ea3m bi\u1ebfn m\u1ee9c si\u00eau \u00e2m WSU300 \u0111o kh\u00f4ng ti\u1ebfp x\u00fac, d\u1ea3i \u0111o \u0111\u1ebfn 10m, ch\u1ed1ng nhi\u1ec5u m\u1ea1nh, hi\u1ec3n th\u1ecb LCD, ng\u00f5 ra 4\u201320mA\/RS485","robots":{"index":"index","follow":"follow","max-snippet":"max-snippet:-1","max-image-preview":"max-image-preview:large","max-video-preview":"max-video-preview:-1"},"canonical":"https:\/\/quando.com.vn\/en\/product\/cam-bien-muc-sieu-am-wsu300\/","og_locale":"en_US","og_type":"article","og_title":"C\u1ea3m bi\u1ebfn m\u1ee9c si\u00eau \u00e2m WSU300","og_description":"C\u1ea3m bi\u1ebfn m\u1ee9c si\u00eau \u00e2m WSU300 \u0111o kh\u00f4ng ti\u1ebfp x\u00fac, d\u1ea3i \u0111o \u0111\u1ebfn 10m, ch\u1ed1ng nhi\u1ec5u m\u1ea1nh, hi\u1ec3n th\u1ecb LCD, ng\u00f5 ra 4\u201320mA\/RS485","og_url":"https:\/\/quando.com.vn\/en\/product\/cam-bien-muc-sieu-am-wsu300\/","og_site_name":"QUANDO","article_modified_time":"2025-12-10T06:44:42+00:00","twitter_card":"summary_large_image","twitter_image":"https:\/\/quando.com.vn\/wp-content\/uploads\/2025\/12\/WSU300-Ultrasonic-level-transmitter-scaled.webp","twitter_misc":{"Est. reading time":"3 minutes"},"schema":{"@context":"https:\/\/schema.org","@graph":[{"@type":"WebSite","@id":"https:\/\/quando.com.vn\/en\/#website","url":"https:\/\/quando.com.vn\/en\/","name":"QUANDO","description":"","potentialAction":[{"@type":"SearchAction","target":{"@type":"EntryPoint","urlTemplate":"https:\/\/quando.com.vn\/en\/?s={search_term_string}"},"query-input":"required name=search_term_string"}],"inLanguage":"en-US"},{"@type":"ImageObject","@id":"https:\/\/quando.com.vn\/san-pham\/cam-bien-muc-sieu-am-wsu300\/#primaryimage","inLanguage":"en-US","url":"https:\/\/quando.com.vn\/wp-content\/uploads\/2025\/12\/WSU300-Ultrasonic-level-transmitter-scaled.webp","contentUrl":"https:\/\/quando.com.vn\/wp-content\/uploads\/2025\/12\/WSU300-Ultrasonic-level-transmitter-scaled.webp","width":2560,"height":2560,"caption":"C\u1ea3m bi\u1ebfn m\u1ee9c si\u00eau \u00e2m WSU300"},{"@type":"WebPage","@id":"https:\/\/quando.com.vn\/san-pham\/cam-bien-muc-sieu-am-wsu300\/#webpage","url":"https:\/\/quando.com.vn\/san-pham\/cam-bien-muc-sieu-am-wsu300\/","name":"C\u1ea3m bi\u1ebfn m\u1ee9c si\u00eau \u00e2m WSU300 - QUANDO","isPartOf":{"@id":"https:\/\/quando.com.vn\/en\/#website"},"primaryImageOfPage":{"@id":"https:\/\/quando.com.vn\/san-pham\/cam-bien-muc-sieu-am-wsu300\/#primaryimage"},"datePublished":"2025-12-10T06:37:15+00:00","dateModified":"2025-12-10T06:44:42+00:00","description":"C\u1ea3m bi\u1ebfn m\u1ee9c si\u00eau \u00e2m WSU300 \u0111o kh\u00f4ng ti\u1ebfp x\u00fac, d\u1ea3i \u0111o \u0111\u1ebfn 10m, ch\u1ed1ng nhi\u1ec5u m\u1ea1nh, hi\u1ec3n th\u1ecb LCD, ng\u00f5 ra 4\u201320mA\/RS485","breadcrumb":{"@id":"https:\/\/quando.com.vn\/san-pham\/cam-bien-muc-sieu-am-wsu300\/#breadcrumb"},"inLanguage":"en-US","potentialAction":[{"@type":"ReadAction","target":["https:\/\/quando.com.vn\/san-pham\/cam-bien-muc-sieu-am-wsu300\/"]}]},{"@type":"BreadcrumbList","@id":"https:\/\/quando.com.vn\/san-pham\/cam-bien-muc-sieu-am-wsu300\/#breadcrumb","itemListElement":[{"@type":"ListItem","position":1,"name":"Trang ch\u1ee7","item":"https:\/\/quando.com.vn\/"},{"@type":"ListItem","position":2,"name":"S\u1ea3n ph\u1ea9m","item":"https:\/\/quando.com.vn\/san-pham\/"},{"@type":"ListItem","position":3,"name":"C\u1ea3m bi\u1ebfn m\u1ee9c si\u00eau \u00e2m WSU300"}]}]}},"_links":{"self":[{"href":"https:\/\/quando.com.vn\/en\/wp-json\/wp\/v2\/product\/7687"}],"collection":[{"href":"https:\/\/quando.com.vn\/en\/wp-json\/wp\/v2\/product"}],"about":[{"href":"https:\/\/quando.com.vn\/en\/wp-json\/wp\/v2\/types\/product"}],"wp:featuredmedia":[{"embeddable":true,"href":"https:\/\/quando.com.vn\/en\/wp-json\/wp\/v2\/media\/7688"}],"wp:attachment":[{"href":"https:\/\/quando.com.vn\/en\/wp-json\/wp\/v2\/media?parent=7687"}],"wp:term":[{"taxonomy":"product_cat","embeddable":true,"href":"https:\/\/quando.com.vn\/en\/wp-json\/wp\/v2\/product_cat?post=7687"},{"taxonomy":"product_tag","embeddable":true,"href":"https:\/\/quando.com.vn\/en\/wp-json\/wp\/v2\/product_tag?post=7687"}],"curies":[{"name":"wp","href":"https:\/\/api.w.org\/{rel}","templated":true}]}}