{"id":7685,"date":"2025-12-10T11:14:15","date_gmt":"2025-12-10T04:14:15","guid":{"rendered":"https:\/\/quando.com.vn\/?post_type=product&#038;p=7685"},"modified":"2025-12-10T11:21:47","modified_gmt":"2025-12-10T04:21:47","slug":"cam-bien-muc-bun-sup-p260-m2","status":"publish","type":"product","link":"https:\/\/quando.com.vn\/en\/product\/cam-bien-muc-bun-sup-p260-m2\/","title":{"rendered":"C\u1ea3m bi\u1ebfn m\u1ee9c b\u00f9n SUP-P260-M2"},"content":{"rendered":"<h3>SUP-P260-M2 \u2013 C\u1ea3m bi\u1ebfn m\u1ee9c b\u00f9n d\u1ea1ng ch\u00ecm (Slurry Level Sensor)<\/h3>\n<p>SUP-P260-M2 l\u00e0 c\u1ea3m bi\u1ebfn \u0111o m\u1ee9c d\u1ea1ng ch\u00ecm chuy\u00ean d\u00f9ng cho b\u00f9n, n\u01b0\u1edbc th\u1ea3i \u0111\u1eb7c, b\u1ec3 ch\u1ee9a c\u00f3 nhi\u1ec1u t\u1ea1p ch\u1ea5t ho\u1eb7c m\u00f4i tr\u01b0\u1eddng c\u00f3 kh\u1ea3 n\u0103ng g\u00e2y t\u1eafc ngh\u1ebdn. Thi\u1ebft k\u1ebf m\u00e0ng b\u1ea3o v\u1ec7 ch\u1ed1ng va \u0111\u1eadp, kh\u00f4ng b\u1ecb ngh\u1eb9t do ch\u1ea5t r\u1eafn l\u01a1 l\u1eedng, ph\u00f9 h\u1ee3p nh\u00e0 m\u00e1y x\u1eed l\u00fd n\u01b0\u1edbc th\u1ea3i, m\u1ecf kho\u00e1ng s\u1ea3n, h\u00f3a ch\u1ea5t v\u00e0 n\u01b0\u1edbc c\u00f4ng nghi\u1ec7p.<\/p>\n<h4>\u01afu \u0111i\u1ec3m n\u1ed5i b\u1eadt<\/h4>\n<p>&#8211; Ch\u1ed1ng t\u1eafc ngh\u1ebdn, ch\u1ed1ng h\u01b0 h\u1ea1i b\u1edfi c\u00e1c h\u1ea1t r\u1eafn v\u00e0 b\u00f9n \u0111\u1eb7c<br \/>\n&#8211; V\u1eadt li\u1ec7u inox 316 SS b\u1ec1n trong m\u00f4i tr\u01b0\u1eddng kh\u1eafc nghi\u1ec7t, ch\u1ed1ng \u0103n m\u00f2n cao<br \/>\n&#8211; Ren NPT 1\/2 inch h\u1ed7 tr\u1ee3 l\u1eafp v\u00e0o \u1ed1ng d\u1eabn ho\u1eb7c b\u1ea3o v\u1ec7 b\u1edfi \u1ed1ng ch\u1ed1ng xo\u00e1y<br \/>\n&#8211; M\u00e0ng c\u1ea3m bi\u1ebfn \u0111\u01b0\u1ee3c b\u1ea3o v\u1ec7 kh\u1ecfi rung \u0111\u1ed9ng v\u00e0 d\u00f2ng ch\u1ea3y m\u1ea1nh<br \/>\n&#8211; Tr\u1ecdng l\u01b0\u1ee3ng t\u00edch h\u1ee3p gi\u00fap c\u1ea3m bi\u1ebfn \u1ed5n \u0111\u1ecbnh d\u01b0\u1edbi \u0111\u00e1y b\u1ec3<br \/>\n&#8211; T\u01b0\u01a1ng th\u00edch h\u00f3a ch\u1ea5t t\u1ed1t, d\u00f9ng \u0111\u01b0\u1ee3c nhi\u1ec1u \u1ee9ng d\u1ee5ng b\u00f9n \u2013 n\u01b0\u1edbc th\u1ea3i<\/p>\n<p><img loading=\"lazy\" class=\"aligncenter size-full wp-image-7684\" src=\"https:\/\/quando.com.vn\/wp-content\/uploads\/2025\/12\/SUP-P260-M2-Slurry-level-sensor-submersible_app1.webp\" alt=\"SUP-P260-M2-Slurry-level-sensor-submersible\" width=\"790\" height=\"898\" srcset=\"https:\/\/quando.com.vn\/wp-content\/uploads\/2025\/12\/SUP-P260-M2-Slurry-level-sensor-submersible_app1.webp 790w, https:\/\/quando.com.vn\/wp-content\/uploads\/2025\/12\/SUP-P260-M2-Slurry-level-sensor-submersible_app1-264x300.webp 264w, https:\/\/quando.com.vn\/wp-content\/uploads\/2025\/12\/SUP-P260-M2-Slurry-level-sensor-submersible_app1-768x873.webp 768w, https:\/\/quando.com.vn\/wp-content\/uploads\/2025\/12\/SUP-P260-M2-Slurry-level-sensor-submersible_app1-11x12.webp 11w, https:\/\/quando.com.vn\/wp-content\/uploads\/2025\/12\/SUP-P260-M2-Slurry-level-sensor-submersible_app1-300x341.webp 300w\" sizes=\"(max-width: 790px) 100vw, 790px\" \/><\/p>\n<h4>Th\u00f4ng s\u1ed1 k\u1ef9 thu\u1eadt \u2013 SUP-P260-M2<\/h4>\n<table>\n<tbody>\n<tr>\n<td>S\u1ea3n ph\u1ea9m<\/td>\n<td>C\u1ea3m bi\u1ebfn m\u1ee9c b\u00f9n d\u1ea1ng ch\u00ecm<\/td>\n<\/tr>\n<tr>\n<td>Model<\/td>\n<td>SUP-P260-M2<\/td>\n<\/tr>\n<tr>\n<td>D\u1ea3i \u0111o<\/td>\n<td>0.5m ~ 100m<\/td>\n<\/tr>\n<tr>\n<td>Qu\u00e1 \u00e1p<\/td>\n<td>\u2264 2 l\u1ea7n d\u1ea3i \u0111o<\/td>\n<\/tr>\n<tr>\n<td>\u0110\u1ed9 ph\u00e2n gi\u1ea3i<\/td>\n<td>0.5% F.S<\/td>\n<\/tr>\n<tr>\n<td>\u0110\u1ed9 \u1ed5n \u0111\u1ecbnh<\/td>\n<td>\u00b10.2%FS\/n\u0103m<\/td>\n<\/tr>\n<tr>\n<td>T\u00edn hi\u1ec7u ng\u00f5 ra<\/td>\n<td>4\u201320mA<\/td>\n<\/tr>\n<tr>\n<td>Ki\u1ec3u \u00e1p su\u1ea5t<\/td>\n<td>G (\u00e1p su\u1ea5t t\u01b0\u01a1ng \u0111\u1ed1i)<\/td>\n<\/tr>\n<tr>\n<td>Ngu\u1ed3n c\u1ea5p<\/td>\n<td>12\u201330VDC<\/td>\n<\/tr>\n<tr>\n<td>Nhi\u1ec7t \u0111\u1ed9 b\u00f9<\/td>\n<td>\u22642m: 0\u201350\u2103; \u22652m: -10\u201360\u2103<\/td>\n<\/tr>\n<tr>\n<td>Nhi\u1ec7t \u0111\u1ed9 m\u00f4i tr\u01b0\u1eddng<\/td>\n<td>-30\u201365\u2103<\/td>\n<\/tr>\n<tr>\n<td>C\u1ea5p b\u1ea3o v\u1ec7<\/td>\n<td>IP68<\/td>\n<\/tr>\n<\/tbody>\n<\/table>\n<h4>\u1ee8ng d\u1ee5ng<\/h4>\n<p>&#8211; \u0110o m\u1ee9c b\u00f9n trong b\u1ec3 l\u1eafng, b\u1ec3 ch\u1ee9a b\u00f9n \u0111\u1eb7c<br \/>\n&#8211; Nh\u00e0 m\u00e1y x\u1eed l\u00fd n\u01b0\u1edbc th\u1ea3i sinh ho\u1ea1t v\u00e0 c\u00f4ng nghi\u1ec7p<br \/>\n&#8211; H\u1ed3 ch\u1ee9a c\u00f3 nhi\u1ec1u h\u1ea1t l\u01a1 l\u1eedng, ch\u1ea5t r\u1eafn<br \/>\n&#8211; Gi\u1ebfng n\u01b0\u1edbc s\u00e2u, h\u1ed1 thu n\u01b0\u1edbc ng\u1ea7m<br \/>\n&#8211; M\u00f4i tr\u01b0\u1eddng \u0103n m\u00f2n nh\u1eb9 ho\u1eb7c c\u00f3 h\u00f3a ch\u1ea5t c\u00f4ng nghi\u1ec7p<br \/>\n&#8211; \u0110o m\u1ee9c trong b\u1ec3 h\u00f3a ch\u1ea5t n\u1ed3ng \u0111\u1ed9 th\u1ea5p \u2013 trung b\u00ecnh<\/p>\n<p>V\u1edbi kh\u1ea3 n\u0103ng ch\u1ed1ng ngh\u1eb9t, \u0111\u1ed9 b\u1ec1n v\u01b0\u1ee3t tr\u1ed9i v\u00e0 t\u00edn hi\u1ec7u c\u00f4ng nghi\u1ec7p 4\u201320mA \u1ed5n \u0111\u1ecbnh, SUP-P260-M2 l\u00e0 l\u1ef1a ch\u1ecdn t\u1ed1i \u01b0u cho c\u00e1c \u1ee9ng d\u1ee5ng b\u00f9n \u2013 n\u01b0\u1edbc th\u1ea3i c\u1ea7n \u0111\u1ed9 tin c\u1eady cao v\u00e0 v\u1eadn h\u00e0nh l\u00e2u d\u00e0i.<\/p>\n<p><img loading=\"lazy\" class=\"aligncenter size-full wp-image-7686\" src=\"https:\/\/quando.com.vn\/wp-content\/uploads\/2025\/12\/SUP-P260-M2-Slurry-level-sensor-submersible_app2.webp\" alt=\"\" width=\"790\" height=\"775\" srcset=\"https:\/\/quando.com.vn\/wp-content\/uploads\/2025\/12\/SUP-P260-M2-Slurry-level-sensor-submersible_app2.webp 790w, https:\/\/quando.com.vn\/wp-content\/uploads\/2025\/12\/SUP-P260-M2-Slurry-level-sensor-submersible_app2-300x294.webp 300w, https:\/\/quando.com.vn\/wp-content\/uploads\/2025\/12\/SUP-P260-M2-Slurry-level-sensor-submersible_app2-768x753.webp 768w, https:\/\/quando.com.vn\/wp-content\/uploads\/2025\/12\/SUP-P260-M2-Slurry-level-sensor-submersible_app2-12x12.webp 12w\" sizes=\"(max-width: 790px) 100vw, 790px\" \/><\/p>","protected":false},"excerpt":{"rendered":"<p>&#8211; C\u1ea3m bi\u1ebfn m\u1ee9c b\u00f9n d\u1ea1ng ch\u00ecm, ch\u1ed1ng t\u1eafc ngh\u1ebdn hi\u1ec7u qu\u1ea3<br \/>\n&#8211; D\u1ea3i \u0111o 0.5\u2013100m, \u0111\u1ed9 ch\u00ednh x\u00e1c 0.5% F.S<br \/>\n&#8211; V\u1ecf inox 316SS b\u1ec1n trong m\u00f4i tr\u01b0\u1eddng \u0103n m\u00f2n<br \/>\n&#8211; T\u00edn hi\u1ec7u 4\u201320mA<br \/>\n&#8211; Chu\u1ea9n IP68<\/p>","protected":false},"featured_media":7682,"template":"","meta":[],"product_cat":[526,536],"product_tag":[],"acf":[],"yoast_head":"<!-- This site is optimized with the Yoast SEO Premium plugin v18.4 (Yoast SEO v18.6) - https:\/\/yoast.com\/wordpress\/plugins\/seo\/ -->\n<title>C\u1ea3m bi\u1ebfn m\u1ee9c b\u00f9n SUP-P260-M2 - QUANDO<\/title>\n<meta name=\"description\" content=\"C\u1ea3m bi\u1ebfn m\u1ee9c b\u00f9n SUP-P260-M2 thi\u1ebft k\u1ebf ch\u1ed1ng t\u1eafc ngh\u1ebdn, v\u1ecf 316SS b\u1ec1n trong m\u00f4i tr\u01b0\u1eddng kh\u1eafc nghi\u1ec7t, d\u1ea3i \u0111o \u0111\u1ebfn 100m, t\u00edn hi\u1ec7u 4\u201320mA, IP68\" \/>\n<meta name=\"robots\" content=\"index, follow, max-snippet:-1, max-image-preview:large, max-video-preview:-1\" \/>\n<link rel=\"canonical\" href=\"https:\/\/quando.com.vn\/en\/product\/cam-bien-muc-bun-sup-p260-m2\/\" \/>\n<meta property=\"og:locale\" content=\"en_US\" \/>\n<meta property=\"og:type\" content=\"article\" \/>\n<meta property=\"og:title\" content=\"C\u1ea3m bi\u1ebfn m\u1ee9c b\u00f9n SUP-P260-M2\" \/>\n<meta property=\"og:description\" content=\"C\u1ea3m bi\u1ebfn m\u1ee9c b\u00f9n SUP-P260-M2 thi\u1ebft k\u1ebf ch\u1ed1ng t\u1eafc ngh\u1ebdn, v\u1ecf 316SS b\u1ec1n trong m\u00f4i tr\u01b0\u1eddng kh\u1eafc nghi\u1ec7t, d\u1ea3i \u0111o \u0111\u1ebfn 100m, t\u00edn hi\u1ec7u 4\u201320mA, IP68\" \/>\n<meta property=\"og:url\" content=\"https:\/\/quando.com.vn\/en\/product\/cam-bien-muc-bun-sup-p260-m2\/\" \/>\n<meta property=\"og:site_name\" content=\"QUANDO\" \/>\n<meta property=\"article:modified_time\" content=\"2025-12-10T04:21:47+00:00\" \/>\n<meta name=\"twitter:card\" content=\"summary_large_image\" \/>\n<meta name=\"twitter:image\" content=\"https:\/\/quando.com.vn\/wp-content\/uploads\/2025\/12\/SUP-P260-M2-Slurry-level-sensor-submersible.webp\" \/>\n<meta name=\"twitter:label1\" content=\"Est. reading time\" \/>\n\t<meta name=\"twitter:data1\" content=\"3 minutes\" \/>\n<script type=\"application\/ld+json\" class=\"yoast-schema-graph\">{\"@context\":\"https:\/\/schema.org\",\"@graph\":[{\"@type\":\"WebSite\",\"@id\":\"https:\/\/quando.com.vn\/en\/#website\",\"url\":\"https:\/\/quando.com.vn\/en\/\",\"name\":\"QUANDO\",\"description\":\"\",\"potentialAction\":[{\"@type\":\"SearchAction\",\"target\":{\"@type\":\"EntryPoint\",\"urlTemplate\":\"https:\/\/quando.com.vn\/en\/?s={search_term_string}\"},\"query-input\":\"required name=search_term_string\"}],\"inLanguage\":\"en-US\"},{\"@type\":\"ImageObject\",\"@id\":\"https:\/\/quando.com.vn\/san-pham\/cam-bien-muc-bun-sup-p260-m2\/#primaryimage\",\"inLanguage\":\"en-US\",\"url\":\"https:\/\/quando.com.vn\/wp-content\/uploads\/2025\/12\/SUP-P260-M2-Slurry-level-sensor-submersible.webp\",\"contentUrl\":\"https:\/\/quando.com.vn\/wp-content\/uploads\/2025\/12\/SUP-P260-M2-Slurry-level-sensor-submersible.webp\",\"width\":1000,\"height\":1000,\"caption\":\"C\u1ea3m bi\u1ebfn m\u1ee9c b\u00f9n SUP-P260-M2\"},{\"@type\":\"WebPage\",\"@id\":\"https:\/\/quando.com.vn\/san-pham\/cam-bien-muc-bun-sup-p260-m2\/#webpage\",\"url\":\"https:\/\/quando.com.vn\/san-pham\/cam-bien-muc-bun-sup-p260-m2\/\",\"name\":\"C\u1ea3m bi\u1ebfn m\u1ee9c b\u00f9n SUP-P260-M2 - QUANDO\",\"isPartOf\":{\"@id\":\"https:\/\/quando.com.vn\/en\/#website\"},\"primaryImageOfPage\":{\"@id\":\"https:\/\/quando.com.vn\/san-pham\/cam-bien-muc-bun-sup-p260-m2\/#primaryimage\"},\"datePublished\":\"2025-12-10T04:14:15+00:00\",\"dateModified\":\"2025-12-10T04:21:47+00:00\",\"description\":\"C\u1ea3m bi\u1ebfn m\u1ee9c b\u00f9n SUP-P260-M2 thi\u1ebft k\u1ebf ch\u1ed1ng t\u1eafc ngh\u1ebdn, v\u1ecf 316SS b\u1ec1n trong m\u00f4i tr\u01b0\u1eddng kh\u1eafc nghi\u1ec7t, d\u1ea3i \u0111o \u0111\u1ebfn 100m, t\u00edn hi\u1ec7u 4\u201320mA, IP68\",\"breadcrumb\":{\"@id\":\"https:\/\/quando.com.vn\/san-pham\/cam-bien-muc-bun-sup-p260-m2\/#breadcrumb\"},\"inLanguage\":\"en-US\",\"potentialAction\":[{\"@type\":\"ReadAction\",\"target\":[\"https:\/\/quando.com.vn\/san-pham\/cam-bien-muc-bun-sup-p260-m2\/\"]}]},{\"@type\":\"BreadcrumbList\",\"@id\":\"https:\/\/quando.com.vn\/san-pham\/cam-bien-muc-bun-sup-p260-m2\/#breadcrumb\",\"itemListElement\":[{\"@type\":\"ListItem\",\"position\":1,\"name\":\"Trang ch\u1ee7\",\"item\":\"https:\/\/quando.com.vn\/\"},{\"@type\":\"ListItem\",\"position\":2,\"name\":\"S\u1ea3n ph\u1ea9m\",\"item\":\"https:\/\/quando.com.vn\/san-pham\/\"},{\"@type\":\"ListItem\",\"position\":3,\"name\":\"C\u1ea3m bi\u1ebfn m\u1ee9c b\u00f9n SUP-P260-M2\"}]}]}<\/script>\n<!-- \/ Yoast SEO Premium plugin. -->","yoast_head_json":{"title":"C\u1ea3m bi\u1ebfn m\u1ee9c b\u00f9n SUP-P260-M2 - QUANDO","description":"C\u1ea3m bi\u1ebfn m\u1ee9c b\u00f9n SUP-P260-M2 thi\u1ebft k\u1ebf ch\u1ed1ng t\u1eafc ngh\u1ebdn, v\u1ecf 316SS b\u1ec1n trong m\u00f4i tr\u01b0\u1eddng kh\u1eafc nghi\u1ec7t, d\u1ea3i \u0111o \u0111\u1ebfn 100m, t\u00edn hi\u1ec7u 4\u201320mA, IP68","robots":{"index":"index","follow":"follow","max-snippet":"max-snippet:-1","max-image-preview":"max-image-preview:large","max-video-preview":"max-video-preview:-1"},"canonical":"https:\/\/quando.com.vn\/en\/product\/cam-bien-muc-bun-sup-p260-m2\/","og_locale":"en_US","og_type":"article","og_title":"C\u1ea3m bi\u1ebfn m\u1ee9c b\u00f9n SUP-P260-M2","og_description":"C\u1ea3m bi\u1ebfn m\u1ee9c b\u00f9n SUP-P260-M2 thi\u1ebft k\u1ebf ch\u1ed1ng t\u1eafc ngh\u1ebdn, v\u1ecf 316SS b\u1ec1n trong m\u00f4i tr\u01b0\u1eddng kh\u1eafc nghi\u1ec7t, d\u1ea3i \u0111o \u0111\u1ebfn 100m, t\u00edn hi\u1ec7u 4\u201320mA, IP68","og_url":"https:\/\/quando.com.vn\/en\/product\/cam-bien-muc-bun-sup-p260-m2\/","og_site_name":"QUANDO","article_modified_time":"2025-12-10T04:21:47+00:00","twitter_card":"summary_large_image","twitter_image":"https:\/\/quando.com.vn\/wp-content\/uploads\/2025\/12\/SUP-P260-M2-Slurry-level-sensor-submersible.webp","twitter_misc":{"Est. reading time":"3 minutes"},"schema":{"@context":"https:\/\/schema.org","@graph":[{"@type":"WebSite","@id":"https:\/\/quando.com.vn\/en\/#website","url":"https:\/\/quando.com.vn\/en\/","name":"QUANDO","description":"","potentialAction":[{"@type":"SearchAction","target":{"@type":"EntryPoint","urlTemplate":"https:\/\/quando.com.vn\/en\/?s={search_term_string}"},"query-input":"required name=search_term_string"}],"inLanguage":"en-US"},{"@type":"ImageObject","@id":"https:\/\/quando.com.vn\/san-pham\/cam-bien-muc-bun-sup-p260-m2\/#primaryimage","inLanguage":"en-US","url":"https:\/\/quando.com.vn\/wp-content\/uploads\/2025\/12\/SUP-P260-M2-Slurry-level-sensor-submersible.webp","contentUrl":"https:\/\/quando.com.vn\/wp-content\/uploads\/2025\/12\/SUP-P260-M2-Slurry-level-sensor-submersible.webp","width":1000,"height":1000,"caption":"C\u1ea3m bi\u1ebfn m\u1ee9c b\u00f9n SUP-P260-M2"},{"@type":"WebPage","@id":"https:\/\/quando.com.vn\/san-pham\/cam-bien-muc-bun-sup-p260-m2\/#webpage","url":"https:\/\/quando.com.vn\/san-pham\/cam-bien-muc-bun-sup-p260-m2\/","name":"C\u1ea3m bi\u1ebfn m\u1ee9c b\u00f9n SUP-P260-M2 - QUANDO","isPartOf":{"@id":"https:\/\/quando.com.vn\/en\/#website"},"primaryImageOfPage":{"@id":"https:\/\/quando.com.vn\/san-pham\/cam-bien-muc-bun-sup-p260-m2\/#primaryimage"},"datePublished":"2025-12-10T04:14:15+00:00","dateModified":"2025-12-10T04:21:47+00:00","description":"C\u1ea3m bi\u1ebfn m\u1ee9c b\u00f9n SUP-P260-M2 thi\u1ebft k\u1ebf ch\u1ed1ng t\u1eafc ngh\u1ebdn, v\u1ecf 316SS b\u1ec1n trong m\u00f4i tr\u01b0\u1eddng kh\u1eafc nghi\u1ec7t, d\u1ea3i \u0111o \u0111\u1ebfn 100m, t\u00edn hi\u1ec7u 4\u201320mA, IP68","breadcrumb":{"@id":"https:\/\/quando.com.vn\/san-pham\/cam-bien-muc-bun-sup-p260-m2\/#breadcrumb"},"inLanguage":"en-US","potentialAction":[{"@type":"ReadAction","target":["https:\/\/quando.com.vn\/san-pham\/cam-bien-muc-bun-sup-p260-m2\/"]}]},{"@type":"BreadcrumbList","@id":"https:\/\/quando.com.vn\/san-pham\/cam-bien-muc-bun-sup-p260-m2\/#breadcrumb","itemListElement":[{"@type":"ListItem","position":1,"name":"Trang ch\u1ee7","item":"https:\/\/quando.com.vn\/"},{"@type":"ListItem","position":2,"name":"S\u1ea3n ph\u1ea9m","item":"https:\/\/quando.com.vn\/san-pham\/"},{"@type":"ListItem","position":3,"name":"C\u1ea3m bi\u1ebfn m\u1ee9c b\u00f9n SUP-P260-M2"}]}]}},"_links":{"self":[{"href":"https:\/\/quando.com.vn\/en\/wp-json\/wp\/v2\/product\/7685"}],"collection":[{"href":"https:\/\/quando.com.vn\/en\/wp-json\/wp\/v2\/product"}],"about":[{"href":"https:\/\/quando.com.vn\/en\/wp-json\/wp\/v2\/types\/product"}],"wp:featuredmedia":[{"embeddable":true,"href":"https:\/\/quando.com.vn\/en\/wp-json\/wp\/v2\/media\/7682"}],"wp:attachment":[{"href":"https:\/\/quando.com.vn\/en\/wp-json\/wp\/v2\/media?parent=7685"}],"wp:term":[{"taxonomy":"product_cat","embeddable":true,"href":"https:\/\/quando.com.vn\/en\/wp-json\/wp\/v2\/product_cat?post=7685"},{"taxonomy":"product_tag","embeddable":true,"href":"https:\/\/quando.com.vn\/en\/wp-json\/wp\/v2\/product_tag?post=7685"}],"curies":[{"name":"wp","href":"https:\/\/api.w.org\/{rel}","templated":true}]}}