{"id":7662,"date":"2025-12-03T11:53:55","date_gmt":"2025-12-03T04:53:55","guid":{"rendered":"https:\/\/quando.com.vn\/?post_type=product&#038;p=7662"},"modified":"2025-12-03T13:55:19","modified_gmt":"2025-12-03T06:55:19","slug":"bo-hien-thi-luu-luong-dpm04","status":"publish","type":"product","link":"https:\/\/quando.com.vn\/en\/product\/bo-hien-thi-luu-luong-dpm04\/","title":{"rendered":"B\u1ed9 hi\u1ec3n th\u1ecb t\u1ed5ng l\u01b0u l\u01b0\u1ee3ng DPM04"},"content":{"rendered":"<p><strong>B\u1ed9 hi\u1ec3n th\u1ecb t\u1ed5ng l\u01b0u l\u01b0\u1ee3ng DPM04 <\/strong>l\u00e0 b\u1ed9 hi\u1ec3n th\u1ecb t\u1ed5ng l\u01b0u l\u01b0\u1ee3ng c\u00f4ng nghi\u1ec7p v\u1edbi \u0111\u1ed9 ch\u00ednh x\u00e1c cao, h\u1ed7 tr\u1ee3 nhi\u1ec1u lo\u1ea1i t\u00edn hi\u1ec7u \u0111\u1ea7u v\u00e0o v\u00e0 \u0111\u1ea7u ra. Thi\u1ebft b\u1ecb th\u00edch h\u1ee3p cho c\u00e1c \u1ee9ng d\u1ee5ng gi\u00e1m s\u00e1t d\u00f2ng ch\u1ea3y trong ng\u00e0nh x\u1eed l\u00fd n\u01b0\u1edbc, n\u0103ng l\u01b0\u1ee3ng, h\u00f3a ch\u1ea5t, m\u00f4i tr\u01b0\u1eddng, th\u1ef1c ph\u1ea9m v\u00e0 d\u01b0\u1ee3c ph\u1ea9m.<\/p>\n<p><img loading=\"lazy\" class=\"aligncenter size-full wp-image-7666\" src=\"https:\/\/quando.com.vn\/wp-content\/uploads\/2025\/12\/eyc-tech-dpm04-ordering.webp\" alt=\"B\u1ed9 hi\u1ec3n th\u1ecb t\u1ed5ng l\u01b0u l\u01b0\u1ee3ng DPM04_ordering\" width=\"989\" height=\"314\" srcset=\"https:\/\/quando.com.vn\/wp-content\/uploads\/2025\/12\/eyc-tech-dpm04-ordering.webp 989w, https:\/\/quando.com.vn\/wp-content\/uploads\/2025\/12\/eyc-tech-dpm04-ordering-300x95.webp 300w, https:\/\/quando.com.vn\/wp-content\/uploads\/2025\/12\/eyc-tech-dpm04-ordering-768x244.webp 768w, https:\/\/quando.com.vn\/wp-content\/uploads\/2025\/12\/eyc-tech-dpm04-ordering-18x6.webp 18w\" sizes=\"(max-width: 989px) 100vw, 989px\" \/><\/p>\n<h4>\u0110\u1eb7c \u0111i\u1ec3m n\u1ed5i b\u1eadt<\/h4>\n<ul>\n<li>Hi\u1ec3n th\u1ecb l\u01b0u l\u01b0\u1ee3ng t\u1ee9c th\u1eddi (5 ch\u1eef s\u1ed1) v\u00e0 t\u00edch l\u0169y (8 ch\u1eef s\u1ed1), c\u00f3 th\u1ec3 c\u1ea5u h\u00ecnh d\u1ea5u th\u1eadp ph\u00e2n<\/li>\n<li>H\u1ed7 tr\u1ee3 \u0111\u1ea7u v\u00e0o: d\u00f2ng \u0111i\u1ec7n, \u0111i\u1ec7n \u00e1p, t\u1ea7n s\u1ed1, v\u00e0 xung<\/li>\n<li>H\u1ed7 tr\u1ee3 \u0111\u1ea7u ra: d\u00f2ng \u0111i\u1ec7n, \u0111i\u1ec7n \u00e1p, relay v\u00e0 RS-485<\/li>\n<li>\u0110\u1ed9 ch\u00ednh x\u00e1c cao: \u00b10.1% F.S. \u00b11 digit<\/li>\n<li>T\u00edch h\u1ee3p ch\u1ee9c n\u0103ng c\u0103n b\u1eadc hai (Square root) cho t\u00edn hi\u1ec7u analog<\/li>\n<li>C\u00f3 th\u1ec3 c\u1ea5u h\u00ecnh ch\u1ee9c n\u0103ng relay: c\u1ea3nh b\u00e1o m\u1ee9c cao\/th\u1ea5p, tr\u1ec5, h\u1ed3i ti\u1ebfp, v.v.<\/li>\n<li>Ch\u1ee9c n\u0103ng n\u1ed9i suy tuy\u1ebfn t\u00ednh (linear interpolation) gi\u00fap x\u1eed l\u00fd t\u00edn hi\u1ec7u \u0111\u1ea7u v\u00e0o phi tuy\u1ebfn<\/li>\n<\/ul>\n<h4>Th\u00f4ng s\u1ed1 k\u1ef9 thu\u1eadt ch\u00ednh<\/h4>\n<table>\n<tbody>\n<tr>\n<td><strong>Model<\/strong><\/td>\n<td>DPM04<\/td>\n<\/tr>\n<tr>\n<td><strong>Lo\u1ea1i t\u00edn hi\u1ec7u \u0111\u1ea7u v\u00e0o<\/strong><\/td>\n<td>Current \/ Voltage \/ Frequency \/ Pulse<\/td>\n<\/tr>\n<tr>\n<td><strong>Lo\u1ea1i t\u00edn hi\u1ec7u \u0111\u1ea7u ra<\/strong><\/td>\n<td>Current \/ Voltage \/ Relay \/ RS-485<\/td>\n<\/tr>\n<tr>\n<td><strong>\u0110\u1ed9 ch\u00ednh x\u00e1c<\/strong><\/td>\n<td>\u00b10.1% F.S. \u00b11 digit<\/td>\n<\/tr>\n<tr>\n<td><strong>M\u00e0n h\u00ecnh<\/strong><\/td>\n<td>LCD 2 inch (5-digit t\u1ee9c th\u1eddi, 8-digit t\u00edch l\u0169y)<\/td>\n<\/tr>\n<tr>\n<td><strong>C\u1ea5p b\u1ea3o v\u1ec7 m\u1eb7t tr\u01b0\u1edbc<\/strong><\/td>\n<td>IP65<\/td>\n<\/tr>\n<tr>\n<td><strong>Ngu\u1ed3n c\u1ea5p<\/strong><\/td>\n<td>AC 90 &#8230; 250 V \/ DC 24 V<\/td>\n<\/tr>\n<tr>\n<td><strong>Ngu\u1ed3n ph\u1ee5<\/strong><\/td>\n<td>DC 18 &#8230; 26 V \/ 50 mA<\/td>\n<\/tr>\n<\/tbody>\n<\/table>\n<h4>\u1ee8ng d\u1ee5ng \u0111i\u1ec3n h\u00ecnh<\/h4>\n<ul>\n<li>H\u1ec7 th\u1ed1ng t\u1ef1 \u0111\u1ed9ng h\u00f3a nh\u00e0 m\u00e1y<\/li>\n<li>Qu\u1ea3n l\u00fd l\u01b0u l\u01b0\u1ee3ng n\u01b0\u1edbc v\u00e0 x\u1eed l\u00fd n\u01b0\u1edbc th\u1ea3i<\/li>\n<li>Ng\u00e0nh h\u00f3a ch\u1ea5t v\u00e0 c\u00f4ng ngh\u1ec7 m\u00f4i tr\u01b0\u1eddng<\/li>\n<li>Gi\u00e1m s\u00e1t l\u01b0u l\u01b0\u1ee3ng trong ng\u00e0nh n\u0103ng l\u01b0\u1ee3ng v\u00e0 HVAC<\/li>\n<li>\u1ee8ng d\u1ee5ng trong d\u01b0\u1ee3c ph\u1ea9m v\u00e0 th\u1ef1c ph\u1ea9m<\/li>\n<\/ul>\n<p><img loading=\"lazy\" class=\"aligncenter size-full wp-image-7664\" src=\"https:\/\/quando.com.vn\/wp-content\/uploads\/2025\/12\/eyc-tech-dpm04-application.webp\" alt=\"B\u1ed9 hi\u1ec3n th\u1ecb t\u1ed5ng l\u01b0u l\u01b0\u1ee3ng DPM04\" width=\"1021\" height=\"746\" srcset=\"https:\/\/quando.com.vn\/wp-content\/uploads\/2025\/12\/eyc-tech-dpm04-application.webp 1021w, https:\/\/quando.com.vn\/wp-content\/uploads\/2025\/12\/eyc-tech-dpm04-application-300x219.webp 300w, https:\/\/quando.com.vn\/wp-content\/uploads\/2025\/12\/eyc-tech-dpm04-application-768x561.webp 768w, https:\/\/quando.com.vn\/wp-content\/uploads\/2025\/12\/eyc-tech-dpm04-application-16x12.webp 16w\" sizes=\"(max-width: 1021px) 100vw, 1021px\" \/><\/p>\n<p><img loading=\"lazy\" class=\"aligncenter size-full wp-image-7665\" src=\"https:\/\/quando.com.vn\/wp-content\/uploads\/2025\/12\/eyc-tech-dpm04-diagram.webp\" alt=\"\" width=\"742\" height=\"347\" srcset=\"https:\/\/quando.com.vn\/wp-content\/uploads\/2025\/12\/eyc-tech-dpm04-diagram.webp 742w, https:\/\/quando.com.vn\/wp-content\/uploads\/2025\/12\/eyc-tech-dpm04-diagram-300x140.webp 300w, https:\/\/quando.com.vn\/wp-content\/uploads\/2025\/12\/eyc-tech-dpm04-diagram-18x8.webp 18w\" sizes=\"(max-width: 742px) 100vw, 742px\" \/><\/p>\n<p>&nbsp;<\/p>","protected":false},"excerpt":{"rendered":"<p>&#8211; B\u1ed9 hi\u1ec3n th\u1ecb t\u1ed5ng l\u01b0u l\u01b0\u1ee3ng kh\u00ed ho\u1eb7c ch\u1ea5t l\u1ecfng<br \/>\n&#8211; M\u00e0n h\u00ecnh LCD 2 inch, hi\u1ec7n d\u00f2ng ch\u1ea3y t\u1ee9c th\u1eddi v\u00e0 t\u00edch l\u0169y<br \/>\n&#8211; \u0110\u1ea7u v\u00e0o: D\u00f2ng \u0111i\u1ec7n, \u0111i\u1ec7n \u00e1p, t\u1ea7n s\u1ed1, xung<br \/>\n&#8211; \u0110\u1ea7u ra: Analog, relay, RS-485<br \/>\n&#8211; \u0110\u1ed9 ch\u00ednh x\u00e1c cao \u00b10.1% F.S. \u00b11 digit<br \/>\n&#8211; \u1ee8ng d\u1ee5ng trong x\u1eed l\u00fd n\u01b0\u1edbc, h\u00f3a ch\u1ea5t, m\u00f4i tr\u01b0\u1eddng, n\u0103ng l\u01b0\u1ee3ng<\/p>","protected":false},"featured_media":7663,"template":"","meta":[],"product_cat":[569,567],"product_tag":[],"acf":[],"yoast_head":"<!-- This site is optimized with the Yoast SEO Premium plugin v18.4 (Yoast SEO v18.6) - https:\/\/yoast.com\/wordpress\/plugins\/seo\/ -->\n<title>B\u1ed9 hi\u1ec3n th\u1ecb t\u1ed5ng l\u01b0u l\u01b0\u1ee3ng DPM04 - QUANDO<\/title>\n<meta name=\"description\" content=\"B\u1ed9 hi\u1ec3n th\u1ecb t\u1ed5ng l\u01b0u l\u01b0\u1ee3ng DPM04 c\u00f3 \u0111\u1ed9 ch\u00ednh x\u00e1c cao \u00b10.1%, h\u1ed7 tr\u1ee3 \u0111\u1ea7u v\u00e0o d\u00f2ng, \u00e1p, t\u1ea7n s\u1ed1, xung v\u00e0 \u0111\u1ea7u ra analog, relay, RS-485\" \/>\n<meta name=\"robots\" content=\"index, follow, max-snippet:-1, max-image-preview:large, max-video-preview:-1\" \/>\n<link rel=\"canonical\" href=\"https:\/\/quando.com.vn\/en\/product\/bo-hien-thi-luu-luong-dpm04\/\" \/>\n<meta property=\"og:locale\" content=\"en_US\" \/>\n<meta property=\"og:type\" content=\"article\" \/>\n<meta property=\"og:title\" content=\"B\u1ed9 hi\u1ec3n th\u1ecb t\u1ed5ng l\u01b0u l\u01b0\u1ee3ng DPM04\" \/>\n<meta property=\"og:description\" content=\"B\u1ed9 hi\u1ec3n th\u1ecb t\u1ed5ng l\u01b0u l\u01b0\u1ee3ng DPM04 c\u00f3 \u0111\u1ed9 ch\u00ednh x\u00e1c cao \u00b10.1%, h\u1ed7 tr\u1ee3 \u0111\u1ea7u v\u00e0o d\u00f2ng, \u00e1p, t\u1ea7n s\u1ed1, xung v\u00e0 \u0111\u1ea7u ra analog, relay, RS-485\" \/>\n<meta property=\"og:url\" content=\"https:\/\/quando.com.vn\/en\/product\/bo-hien-thi-luu-luong-dpm04\/\" \/>\n<meta property=\"og:site_name\" content=\"QUANDO\" \/>\n<meta property=\"article:modified_time\" content=\"2025-12-03T06:55:19+00:00\" \/>\n<meta name=\"twitter:card\" content=\"summary_large_image\" \/>\n<meta name=\"twitter:image\" content=\"https:\/\/quando.com.vn\/wp-content\/uploads\/2025\/12\/eyc-tech-dpm04-02.webp\" \/>\n<meta name=\"twitter:label1\" content=\"Est. reading time\" \/>\n\t<meta name=\"twitter:data1\" content=\"3 minutes\" \/>\n<script type=\"application\/ld+json\" class=\"yoast-schema-graph\">{\"@context\":\"https:\/\/schema.org\",\"@graph\":[{\"@type\":\"WebSite\",\"@id\":\"https:\/\/quando.com.vn\/en\/#website\",\"url\":\"https:\/\/quando.com.vn\/en\/\",\"name\":\"QUANDO\",\"description\":\"\",\"potentialAction\":[{\"@type\":\"SearchAction\",\"target\":{\"@type\":\"EntryPoint\",\"urlTemplate\":\"https:\/\/quando.com.vn\/en\/?s={search_term_string}\"},\"query-input\":\"required name=search_term_string\"}],\"inLanguage\":\"en-US\"},{\"@type\":\"ImageObject\",\"@id\":\"https:\/\/quando.com.vn\/san-pham\/bo-hien-thi-luu-luong-dpm04\/#primaryimage\",\"inLanguage\":\"en-US\",\"url\":\"https:\/\/quando.com.vn\/wp-content\/uploads\/2025\/12\/eyc-tech-dpm04-02.webp\",\"contentUrl\":\"https:\/\/quando.com.vn\/wp-content\/uploads\/2025\/12\/eyc-tech-dpm04-02.webp\",\"width\":1000,\"height\":1000,\"caption\":\"B\u1ed9 hi\u1ec3n th\u1ecb t\u1ed5ng l\u01b0u l\u01b0\u1ee3ng DPM04\"},{\"@type\":\"WebPage\",\"@id\":\"https:\/\/quando.com.vn\/san-pham\/bo-hien-thi-luu-luong-dpm04\/#webpage\",\"url\":\"https:\/\/quando.com.vn\/san-pham\/bo-hien-thi-luu-luong-dpm04\/\",\"name\":\"B\u1ed9 hi\u1ec3n th\u1ecb t\u1ed5ng l\u01b0u l\u01b0\u1ee3ng DPM04 - QUANDO\",\"isPartOf\":{\"@id\":\"https:\/\/quando.com.vn\/en\/#website\"},\"primaryImageOfPage\":{\"@id\":\"https:\/\/quando.com.vn\/san-pham\/bo-hien-thi-luu-luong-dpm04\/#primaryimage\"},\"datePublished\":\"2025-12-03T04:53:55+00:00\",\"dateModified\":\"2025-12-03T06:55:19+00:00\",\"description\":\"B\u1ed9 hi\u1ec3n th\u1ecb t\u1ed5ng l\u01b0u l\u01b0\u1ee3ng DPM04 c\u00f3 \u0111\u1ed9 ch\u00ednh x\u00e1c cao \u00b10.1%, h\u1ed7 tr\u1ee3 \u0111\u1ea7u v\u00e0o d\u00f2ng, \u00e1p, t\u1ea7n s\u1ed1, xung v\u00e0 \u0111\u1ea7u ra analog, relay, RS-485\",\"breadcrumb\":{\"@id\":\"https:\/\/quando.com.vn\/san-pham\/bo-hien-thi-luu-luong-dpm04\/#breadcrumb\"},\"inLanguage\":\"en-US\",\"potentialAction\":[{\"@type\":\"ReadAction\",\"target\":[\"https:\/\/quando.com.vn\/san-pham\/bo-hien-thi-luu-luong-dpm04\/\"]}]},{\"@type\":\"BreadcrumbList\",\"@id\":\"https:\/\/quando.com.vn\/san-pham\/bo-hien-thi-luu-luong-dpm04\/#breadcrumb\",\"itemListElement\":[{\"@type\":\"ListItem\",\"position\":1,\"name\":\"Trang ch\u1ee7\",\"item\":\"https:\/\/quando.com.vn\/\"},{\"@type\":\"ListItem\",\"position\":2,\"name\":\"S\u1ea3n ph\u1ea9m\",\"item\":\"https:\/\/quando.com.vn\/san-pham\/\"},{\"@type\":\"ListItem\",\"position\":3,\"name\":\"B\u1ed9 hi\u1ec3n th\u1ecb t\u1ed5ng l\u01b0u l\u01b0\u1ee3ng DPM04\"}]}]}<\/script>\n<!-- \/ Yoast SEO Premium plugin. -->","yoast_head_json":{"title":"B\u1ed9 hi\u1ec3n th\u1ecb t\u1ed5ng l\u01b0u l\u01b0\u1ee3ng DPM04 - QUANDO","description":"B\u1ed9 hi\u1ec3n th\u1ecb t\u1ed5ng l\u01b0u l\u01b0\u1ee3ng DPM04 c\u00f3 \u0111\u1ed9 ch\u00ednh x\u00e1c cao \u00b10.1%, h\u1ed7 tr\u1ee3 \u0111\u1ea7u v\u00e0o d\u00f2ng, \u00e1p, t\u1ea7n s\u1ed1, xung v\u00e0 \u0111\u1ea7u ra analog, relay, RS-485","robots":{"index":"index","follow":"follow","max-snippet":"max-snippet:-1","max-image-preview":"max-image-preview:large","max-video-preview":"max-video-preview:-1"},"canonical":"https:\/\/quando.com.vn\/en\/product\/bo-hien-thi-luu-luong-dpm04\/","og_locale":"en_US","og_type":"article","og_title":"B\u1ed9 hi\u1ec3n th\u1ecb t\u1ed5ng l\u01b0u l\u01b0\u1ee3ng DPM04","og_description":"B\u1ed9 hi\u1ec3n th\u1ecb t\u1ed5ng l\u01b0u l\u01b0\u1ee3ng DPM04 c\u00f3 \u0111\u1ed9 ch\u00ednh x\u00e1c cao \u00b10.1%, h\u1ed7 tr\u1ee3 \u0111\u1ea7u v\u00e0o d\u00f2ng, \u00e1p, t\u1ea7n s\u1ed1, xung v\u00e0 \u0111\u1ea7u ra analog, relay, RS-485","og_url":"https:\/\/quando.com.vn\/en\/product\/bo-hien-thi-luu-luong-dpm04\/","og_site_name":"QUANDO","article_modified_time":"2025-12-03T06:55:19+00:00","twitter_card":"summary_large_image","twitter_image":"https:\/\/quando.com.vn\/wp-content\/uploads\/2025\/12\/eyc-tech-dpm04-02.webp","twitter_misc":{"Est. reading time":"3 minutes"},"schema":{"@context":"https:\/\/schema.org","@graph":[{"@type":"WebSite","@id":"https:\/\/quando.com.vn\/en\/#website","url":"https:\/\/quando.com.vn\/en\/","name":"QUANDO","description":"","potentialAction":[{"@type":"SearchAction","target":{"@type":"EntryPoint","urlTemplate":"https:\/\/quando.com.vn\/en\/?s={search_term_string}"},"query-input":"required name=search_term_string"}],"inLanguage":"en-US"},{"@type":"ImageObject","@id":"https:\/\/quando.com.vn\/san-pham\/bo-hien-thi-luu-luong-dpm04\/#primaryimage","inLanguage":"en-US","url":"https:\/\/quando.com.vn\/wp-content\/uploads\/2025\/12\/eyc-tech-dpm04-02.webp","contentUrl":"https:\/\/quando.com.vn\/wp-content\/uploads\/2025\/12\/eyc-tech-dpm04-02.webp","width":1000,"height":1000,"caption":"B\u1ed9 hi\u1ec3n th\u1ecb t\u1ed5ng l\u01b0u l\u01b0\u1ee3ng DPM04"},{"@type":"WebPage","@id":"https:\/\/quando.com.vn\/san-pham\/bo-hien-thi-luu-luong-dpm04\/#webpage","url":"https:\/\/quando.com.vn\/san-pham\/bo-hien-thi-luu-luong-dpm04\/","name":"B\u1ed9 hi\u1ec3n th\u1ecb t\u1ed5ng l\u01b0u l\u01b0\u1ee3ng DPM04 - QUANDO","isPartOf":{"@id":"https:\/\/quando.com.vn\/en\/#website"},"primaryImageOfPage":{"@id":"https:\/\/quando.com.vn\/san-pham\/bo-hien-thi-luu-luong-dpm04\/#primaryimage"},"datePublished":"2025-12-03T04:53:55+00:00","dateModified":"2025-12-03T06:55:19+00:00","description":"B\u1ed9 hi\u1ec3n th\u1ecb t\u1ed5ng l\u01b0u l\u01b0\u1ee3ng DPM04 c\u00f3 \u0111\u1ed9 ch\u00ednh x\u00e1c cao \u00b10.1%, h\u1ed7 tr\u1ee3 \u0111\u1ea7u v\u00e0o d\u00f2ng, \u00e1p, t\u1ea7n s\u1ed1, xung v\u00e0 \u0111\u1ea7u ra analog, relay, RS-485","breadcrumb":{"@id":"https:\/\/quando.com.vn\/san-pham\/bo-hien-thi-luu-luong-dpm04\/#breadcrumb"},"inLanguage":"en-US","potentialAction":[{"@type":"ReadAction","target":["https:\/\/quando.com.vn\/san-pham\/bo-hien-thi-luu-luong-dpm04\/"]}]},{"@type":"BreadcrumbList","@id":"https:\/\/quando.com.vn\/san-pham\/bo-hien-thi-luu-luong-dpm04\/#breadcrumb","itemListElement":[{"@type":"ListItem","position":1,"name":"Trang ch\u1ee7","item":"https:\/\/quando.com.vn\/"},{"@type":"ListItem","position":2,"name":"S\u1ea3n ph\u1ea9m","item":"https:\/\/quando.com.vn\/san-pham\/"},{"@type":"ListItem","position":3,"name":"B\u1ed9 hi\u1ec3n th\u1ecb t\u1ed5ng l\u01b0u l\u01b0\u1ee3ng DPM04"}]}]}},"_links":{"self":[{"href":"https:\/\/quando.com.vn\/en\/wp-json\/wp\/v2\/product\/7662"}],"collection":[{"href":"https:\/\/quando.com.vn\/en\/wp-json\/wp\/v2\/product"}],"about":[{"href":"https:\/\/quando.com.vn\/en\/wp-json\/wp\/v2\/types\/product"}],"wp:featuredmedia":[{"embeddable":true,"href":"https:\/\/quando.com.vn\/en\/wp-json\/wp\/v2\/media\/7663"}],"wp:attachment":[{"href":"https:\/\/quando.com.vn\/en\/wp-json\/wp\/v2\/media?parent=7662"}],"wp:term":[{"taxonomy":"product_cat","embeddable":true,"href":"https:\/\/quando.com.vn\/en\/wp-json\/wp\/v2\/product_cat?post=7662"},{"taxonomy":"product_tag","embeddable":true,"href":"https:\/\/quando.com.vn\/en\/wp-json\/wp\/v2\/product_tag?post=7662"}],"curies":[{"name":"wp","href":"https:\/\/api.w.org\/{rel}","templated":true}]}}