{"id":7651,"date":"2025-12-03T10:46:03","date_gmt":"2025-12-03T03:46:03","guid":{"rendered":"https:\/\/quando.com.vn\/?post_type=product&#038;p=7651"},"modified":"2025-12-03T11:14:11","modified_gmt":"2025-12-03T04:14:11","slug":"cam-bien-nhiet-do-do-am-ths30x","status":"publish","type":"product","link":"https:\/\/quando.com.vn\/en\/product\/cam-bien-nhiet-do-do-am-ths30x\/","title":{"rendered":"C\u1ea3m bi\u1ebfn nhi\u1ec7t \u0111\u1ed9 v\u00e0 \u0111\u1ed9 \u1ea9m \u0111a n\u0103ng THS30X"},"content":{"rendered":"<h3>THS30X Series \u2013 C\u1ea3m bi\u1ebfn nhi\u1ec7t \u0111\u1ed9 &amp; \u0111\u1ed9 \u1ea9m \u0111a n\u0103ng cho \u1ee9ng d\u1ee5ng c\u00f4ng nghi\u1ec7p v\u00e0 m\u00f4i tr\u01b0\u1eddng<\/h3>\n<p><strong>C\u1ea3m bi\u1ebfn nhi\u1ec7t \u0111\u1ed9 v\u00e0 \u0111\u1ed9 \u1ea9m \u0111a n\u0103ng THS30X <\/strong>l\u00e0 d\u00f2ng c\u1ea3m bi\u1ebfn \u0111o nhi\u1ec7t \u0111\u1ed9 &amp; \u0111\u1ed9 \u1ea9m ch\u00ednh x\u00e1c cao c\u1ee7a <strong>eyc-tech<\/strong>, g\u1ed3m c\u00e1c model: <strong>THS301<\/strong> (g\u1eafn t\u01b0\u1eddng), <strong>THS302<\/strong> (\u1ed1ng gi\u00f3), <strong>THS304<\/strong> (ki\u1ec3u remote), v\u00e0 <strong>THS307<\/strong> (ngo\u00e0i tr\u1eddi). Thi\u1ebft k\u1ebf linh ho\u1ea1t, h\u1ed7 tr\u1ee3 c\u1ea3 \u0111\u1ea7u ra analog v\u00e0 RS-485 gi\u00fap thi\u1ebft b\u1ecb d\u1ec5 t\u00edch h\u1ee3p v\u00e0o c\u00e1c h\u1ec7 th\u1ed1ng HVAC, ph\u00f2ng s\u1ea1ch, kho l\u1ea1nh, nh\u00e0 m\u00e1y, nh\u00e0 k\u00ednh v\u00e0 c\u00e1c khu v\u1ef1c ki\u1ec3m so\u00e1t m\u00f4i tr\u01b0\u1eddng kh\u00e1c.<\/p>\n<h4>\u0110\u1eb7c \u0111i\u1ec3m n\u1ed5i b\u1eadt<\/h4>\n<ul>\n<li>C\u1ea3m bi\u1ebfn c\u00f4ng nghi\u1ec7p \u0111\u1ed9 ch\u00ednh x\u00e1c cao v\u00e0 \u1ed5n \u0111\u1ecbnh l\u00e2u d\u00e0i<\/li>\n<li>\u0110o nhi\u1ec7t \u0111\u1ed9 t\u1eeb -40 \u0111\u1ebfn +80\u00b0C, \u0111\u1ed9 \u1ea9m t\u1eeb 0 \u0111\u1ebfn 100% RH<\/li>\n<li>\u0110\u1ed9 ch\u00ednh x\u00e1c: \u00b10.2\u00b0C \/ \u00b11.8% RH<\/li>\n<li>H\u1ed7 tr\u1ee3 2 ng\u00f5 ra analog ho\u1eb7c RS-485 Modbus RTU<\/li>\n<li>T\u00f9y ch\u1ecdn \u0111\u1ea7u ra: Analog + RS-485 \u0111\u1ed3ng th\u1eddi<\/li>\n<li>C\u1ea3m bi\u1ebfn c\u00f3 kh\u1ea3 n\u0103ng b\u00f9 nhi\u1ec7t, hi\u1ec7u chu\u1ea9n tuy\u1ebfn t\u00ednh<\/li>\n<li>H\u1ed7 tr\u1ee3 ph\u1ea7n m\u1ec1m l\u1eadp tr\u00ecnh: c\u1ea5u h\u00ecnh t\u00edn hi\u1ec7u, ghi d\u1eef li\u1ec7u, hi\u1ec7u chu\u1ea9n, bi\u1ec3u \u0111\u1ed3<\/li>\n<li>\u0110\u1ea7u d\u00f2 s\u1eed d\u1ee5ng v\u1eadt li\u1ec7u PC, v\u1ecf b\u1ea3o v\u1ec7 \u0111\u1ea1t IP65<\/li>\n<li>Ngu\u1ed3n c\u1ea5p \u0111a d\u1ea1ng: DC 8\u201335 V ho\u1eb7c AC 12\u201330 V<\/li>\n<\/ul>\n<h4>Th\u00f4ng s\u1ed1 k\u1ef9 thu\u1eadt ch\u00ednh<\/h4>\n<p><img loading=\"lazy\" class=\"aligncenter size-full wp-image-7655\" src=\"https:\/\/quando.com.vn\/wp-content\/uploads\/2025\/12\/Temperature-Humidity-THS30X_spec.png\" alt=\"c\u1ea3m bi\u1ebfn nhi\u1ec7t \u0111\u1ed9 v\u00e0 \u0111\u1ed9 \u1ea9m THS30X\" width=\"1040\" height=\"1006\" srcset=\"https:\/\/quando.com.vn\/wp-content\/uploads\/2025\/12\/Temperature-Humidity-THS30X_spec.png 1040w, https:\/\/quando.com.vn\/wp-content\/uploads\/2025\/12\/Temperature-Humidity-THS30X_spec-300x290.png 300w, https:\/\/quando.com.vn\/wp-content\/uploads\/2025\/12\/Temperature-Humidity-THS30X_spec-1024x991.png 1024w, https:\/\/quando.com.vn\/wp-content\/uploads\/2025\/12\/Temperature-Humidity-THS30X_spec-768x743.png 768w, https:\/\/quando.com.vn\/wp-content\/uploads\/2025\/12\/Temperature-Humidity-THS30X_spec-12x12.png 12w\" sizes=\"(max-width: 1040px) 100vw, 1040px\" \/><\/p>\n<h4>\u1ee8ng d\u1ee5ng \u0111i\u1ec3n h\u00ecnh<\/h4>\n<ul>\n<li>H\u1ec7 th\u1ed1ng HVAC v\u00e0 \u0111i\u1ec1u h\u00f2a kh\u00f4ng kh\u00ed<\/li>\n<li>Ph\u00f2ng s\u1ea1ch, kho l\u1ea1nh, b\u1ec3 l\u1ea1nh, t\u1ee7 m\u00f4i tr\u01b0\u1eddng<\/li>\n<li>Tr\u1ea1m th\u1eddi ti\u1ebft, h\u1ed3 b\u01a1i trong nh\u00e0, nh\u00e0 k\u00ednh<\/li>\n<li>Nh\u00e0 m\u00e1y d\u01b0\u1ee3c ph\u1ea9m, h\u00f3a ch\u1ea5t, th\u1ef1c ph\u1ea9m<\/li>\n<li>C\u01a1 s\u1edf s\u1ea3n xu\u1ea5t, s\u1ea5y c\u00f4ng nghi\u1ec7p, d\u1ec7t may, ch\u0103n nu\u00f4i<\/li>\n<li>Gi\u00e1m s\u00e1t m\u00f4i tr\u01b0\u1eddng trong b\u1ec7nh vi\u1ec7n, ph\u00f2ng th\u00ed nghi\u1ec7m<\/li>\n<\/ul>\n<p><img loading=\"lazy\" class=\"aligncenter size-full wp-image-7656\" src=\"https:\/\/quando.com.vn\/wp-content\/uploads\/2025\/12\/Temperature-Humidity-THS30X_ordering-guide.png\" alt=\"\" width=\"809\" height=\"677\" srcset=\"https:\/\/quando.com.vn\/wp-content\/uploads\/2025\/12\/Temperature-Humidity-THS30X_ordering-guide.png 809w, https:\/\/quando.com.vn\/wp-content\/uploads\/2025\/12\/Temperature-Humidity-THS30X_ordering-guide-300x251.png 300w, https:\/\/quando.com.vn\/wp-content\/uploads\/2025\/12\/Temperature-Humidity-THS30X_ordering-guide-768x643.png 768w, https:\/\/quando.com.vn\/wp-content\/uploads\/2025\/12\/Temperature-Humidity-THS30X_ordering-guide-14x12.png 14w\" sizes=\"(max-width: 809px) 100vw, 809px\" \/><\/p>","protected":false},"excerpt":{"rendered":"<p>&#8211; C\u1ea3m bi\u1ebfn nhi\u1ec7t &amp; \u0111\u1ed9 \u1ea9m \u0111a n\u0103ng<br \/>\n&#8211; D\u1ea3i \u0111o: -40~80\u00b0C \/ 0~100%RH<br \/>\n&#8211; \u0110\u1ed9 ch\u00ednh x\u00e1c: \u00b10.2\u00b0C \/ \u00b11.8%RH<br \/>\n&#8211; \u0110\u1ea7u ra: 4\u201320 mA \/ 0\u201310 V \/ RS-485<br \/>\n&#8211; Nhi\u1ec1u ki\u1ec3u l\u1eafp: g\u1eafn t\u01b0\u1eddng, \u1ed1ng gi\u00f3, ngo\u00e0i tr\u1eddi<br \/>\n&#8211; H\u1ed7 tr\u1ee3 ph\u1ea7n m\u1ec1m l\u1eadp tr\u00ecnh mi\u1ec5n ph\u00ed<\/p>","protected":false},"featured_media":7652,"template":"","meta":[],"product_cat":[565,566,525,523],"product_tag":[],"acf":[],"yoast_head":"<!-- This site is optimized with the Yoast SEO Premium plugin v18.4 (Yoast SEO v18.6) - https:\/\/yoast.com\/wordpress\/plugins\/seo\/ -->\n<title>C\u1ea3m bi\u1ebfn nhi\u1ec7t \u0111\u1ed9 v\u00e0 \u0111\u1ed9 \u1ea9m \u0111a n\u0103ng THS30X - QUANDO<\/title>\n<meta name=\"description\" content=\"C\u1ea3m bi\u1ebfn nhi\u1ec7t \u0111\u1ed9 v\u00e0 \u0111\u1ed9 \u1ea9m \u0111a n\u0103ng THS30X, h\u1ed7 tr\u1ee3 RS-485 &amp; analog, IP65, \u1ee9ng d\u1ee5ng cho HVAC, ph\u00f2ng s\u1ea1ch, nh\u00e0 k\u00ednh, kho l\u1ea1nh, d\u01b0\u1ee3c ph\u1ea9m.\" \/>\n<meta name=\"robots\" content=\"index, follow, max-snippet:-1, max-image-preview:large, max-video-preview:-1\" \/>\n<link rel=\"canonical\" href=\"https:\/\/quando.com.vn\/en\/product\/cam-bien-nhiet-do-do-am-ths30x\/\" \/>\n<meta property=\"og:locale\" content=\"en_US\" \/>\n<meta property=\"og:type\" content=\"article\" \/>\n<meta property=\"og:title\" content=\"C\u1ea3m bi\u1ebfn nhi\u1ec7t \u0111\u1ed9 v\u00e0 \u0111\u1ed9 \u1ea9m \u0111a n\u0103ng THS30X\" \/>\n<meta property=\"og:description\" content=\"C\u1ea3m bi\u1ebfn nhi\u1ec7t \u0111\u1ed9 v\u00e0 \u0111\u1ed9 \u1ea9m \u0111a n\u0103ng THS30X, h\u1ed7 tr\u1ee3 RS-485 &amp; analog, IP65, \u1ee9ng d\u1ee5ng cho HVAC, ph\u00f2ng s\u1ea1ch, nh\u00e0 k\u00ednh, kho l\u1ea1nh, d\u01b0\u1ee3c ph\u1ea9m.\" \/>\n<meta property=\"og:url\" content=\"https:\/\/quando.com.vn\/en\/product\/cam-bien-nhiet-do-do-am-ths30x\/\" \/>\n<meta property=\"og:site_name\" content=\"QUANDO\" \/>\n<meta property=\"article:modified_time\" content=\"2025-12-03T04:14:11+00:00\" \/>\n<meta property=\"og:image\" content=\"https:\/\/quando.com.vn\/wp-content\/uploads\/2025\/12\/Temperature-Humidity-THS30X.png\" \/>\n\t<meta property=\"og:image:width\" content=\"750\" \/>\n\t<meta property=\"og:image:height\" content=\"579\" \/>\n\t<meta property=\"og:image:type\" content=\"image\/png\" \/>\n<meta name=\"twitter:card\" content=\"summary_large_image\" \/>\n<meta name=\"twitter:label1\" content=\"Est. reading time\" \/>\n\t<meta name=\"twitter:data1\" content=\"2 minutes\" \/>\n<script type=\"application\/ld+json\" class=\"yoast-schema-graph\">{\"@context\":\"https:\/\/schema.org\",\"@graph\":[{\"@type\":\"WebSite\",\"@id\":\"https:\/\/quando.com.vn\/en\/#website\",\"url\":\"https:\/\/quando.com.vn\/en\/\",\"name\":\"QUANDO\",\"description\":\"\",\"potentialAction\":[{\"@type\":\"SearchAction\",\"target\":{\"@type\":\"EntryPoint\",\"urlTemplate\":\"https:\/\/quando.com.vn\/en\/?s={search_term_string}\"},\"query-input\":\"required name=search_term_string\"}],\"inLanguage\":\"en-US\"},{\"@type\":\"ImageObject\",\"@id\":\"https:\/\/quando.com.vn\/san-pham\/cam-bien-nhiet-do-do-am-ths30x\/#primaryimage\",\"inLanguage\":\"en-US\",\"url\":\"https:\/\/quando.com.vn\/wp-content\/uploads\/2025\/12\/Temperature-Humidity-THS30X.png\",\"contentUrl\":\"https:\/\/quando.com.vn\/wp-content\/uploads\/2025\/12\/Temperature-Humidity-THS30X.png\",\"width\":750,\"height\":579,\"caption\":\"c\u1ea3m bi\u1ebfn nhi\u1ec7t \u0111\u1ed9 v\u00e0 \u0111\u1ed9 \u1ea9m THS30X\"},{\"@type\":\"WebPage\",\"@id\":\"https:\/\/quando.com.vn\/san-pham\/cam-bien-nhiet-do-do-am-ths30x\/#webpage\",\"url\":\"https:\/\/quando.com.vn\/san-pham\/cam-bien-nhiet-do-do-am-ths30x\/\",\"name\":\"C\u1ea3m bi\u1ebfn nhi\u1ec7t \u0111\u1ed9 v\u00e0 \u0111\u1ed9 \u1ea9m \u0111a n\u0103ng THS30X - QUANDO\",\"isPartOf\":{\"@id\":\"https:\/\/quando.com.vn\/en\/#website\"},\"primaryImageOfPage\":{\"@id\":\"https:\/\/quando.com.vn\/san-pham\/cam-bien-nhiet-do-do-am-ths30x\/#primaryimage\"},\"datePublished\":\"2025-12-03T03:46:03+00:00\",\"dateModified\":\"2025-12-03T04:14:11+00:00\",\"description\":\"C\u1ea3m bi\u1ebfn nhi\u1ec7t \u0111\u1ed9 v\u00e0 \u0111\u1ed9 \u1ea9m \u0111a n\u0103ng THS30X, h\u1ed7 tr\u1ee3 RS-485 & analog, IP65, \u1ee9ng d\u1ee5ng cho HVAC, ph\u00f2ng s\u1ea1ch, nh\u00e0 k\u00ednh, kho l\u1ea1nh, d\u01b0\u1ee3c ph\u1ea9m.\",\"breadcrumb\":{\"@id\":\"https:\/\/quando.com.vn\/san-pham\/cam-bien-nhiet-do-do-am-ths30x\/#breadcrumb\"},\"inLanguage\":\"en-US\",\"potentialAction\":[{\"@type\":\"ReadAction\",\"target\":[\"https:\/\/quando.com.vn\/san-pham\/cam-bien-nhiet-do-do-am-ths30x\/\"]}]},{\"@type\":\"BreadcrumbList\",\"@id\":\"https:\/\/quando.com.vn\/san-pham\/cam-bien-nhiet-do-do-am-ths30x\/#breadcrumb\",\"itemListElement\":[{\"@type\":\"ListItem\",\"position\":1,\"name\":\"Trang ch\u1ee7\",\"item\":\"https:\/\/quando.com.vn\/\"},{\"@type\":\"ListItem\",\"position\":2,\"name\":\"S\u1ea3n ph\u1ea9m\",\"item\":\"https:\/\/quando.com.vn\/san-pham\/\"},{\"@type\":\"ListItem\",\"position\":3,\"name\":\"C\u1ea3m bi\u1ebfn nhi\u1ec7t \u0111\u1ed9 v\u00e0 \u0111\u1ed9 \u1ea9m \u0111a n\u0103ng THS30X\"}]}]}<\/script>\n<!-- \/ Yoast SEO Premium plugin. -->","yoast_head_json":{"title":"C\u1ea3m bi\u1ebfn nhi\u1ec7t \u0111\u1ed9 v\u00e0 \u0111\u1ed9 \u1ea9m \u0111a n\u0103ng THS30X - QUANDO","description":"C\u1ea3m bi\u1ebfn nhi\u1ec7t \u0111\u1ed9 v\u00e0 \u0111\u1ed9 \u1ea9m \u0111a n\u0103ng THS30X, h\u1ed7 tr\u1ee3 RS-485 & analog, IP65, \u1ee9ng d\u1ee5ng cho HVAC, ph\u00f2ng s\u1ea1ch, nh\u00e0 k\u00ednh, kho l\u1ea1nh, d\u01b0\u1ee3c ph\u1ea9m.","robots":{"index":"index","follow":"follow","max-snippet":"max-snippet:-1","max-image-preview":"max-image-preview:large","max-video-preview":"max-video-preview:-1"},"canonical":"https:\/\/quando.com.vn\/en\/product\/cam-bien-nhiet-do-do-am-ths30x\/","og_locale":"en_US","og_type":"article","og_title":"C\u1ea3m bi\u1ebfn nhi\u1ec7t \u0111\u1ed9 v\u00e0 \u0111\u1ed9 \u1ea9m \u0111a n\u0103ng THS30X","og_description":"C\u1ea3m bi\u1ebfn nhi\u1ec7t \u0111\u1ed9 v\u00e0 \u0111\u1ed9 \u1ea9m \u0111a n\u0103ng THS30X, h\u1ed7 tr\u1ee3 RS-485 & analog, IP65, \u1ee9ng d\u1ee5ng cho HVAC, ph\u00f2ng s\u1ea1ch, nh\u00e0 k\u00ednh, kho l\u1ea1nh, d\u01b0\u1ee3c ph\u1ea9m.","og_url":"https:\/\/quando.com.vn\/en\/product\/cam-bien-nhiet-do-do-am-ths30x\/","og_site_name":"QUANDO","article_modified_time":"2025-12-03T04:14:11+00:00","og_image":[{"width":750,"height":579,"url":"https:\/\/quando.com.vn\/wp-content\/uploads\/2025\/12\/Temperature-Humidity-THS30X.png","type":"image\/png"}],"twitter_card":"summary_large_image","twitter_misc":{"Est. reading time":"2 minutes"},"schema":{"@context":"https:\/\/schema.org","@graph":[{"@type":"WebSite","@id":"https:\/\/quando.com.vn\/en\/#website","url":"https:\/\/quando.com.vn\/en\/","name":"QUANDO","description":"","potentialAction":[{"@type":"SearchAction","target":{"@type":"EntryPoint","urlTemplate":"https:\/\/quando.com.vn\/en\/?s={search_term_string}"},"query-input":"required name=search_term_string"}],"inLanguage":"en-US"},{"@type":"ImageObject","@id":"https:\/\/quando.com.vn\/san-pham\/cam-bien-nhiet-do-do-am-ths30x\/#primaryimage","inLanguage":"en-US","url":"https:\/\/quando.com.vn\/wp-content\/uploads\/2025\/12\/Temperature-Humidity-THS30X.png","contentUrl":"https:\/\/quando.com.vn\/wp-content\/uploads\/2025\/12\/Temperature-Humidity-THS30X.png","width":750,"height":579,"caption":"c\u1ea3m bi\u1ebfn nhi\u1ec7t \u0111\u1ed9 v\u00e0 \u0111\u1ed9 \u1ea9m THS30X"},{"@type":"WebPage","@id":"https:\/\/quando.com.vn\/san-pham\/cam-bien-nhiet-do-do-am-ths30x\/#webpage","url":"https:\/\/quando.com.vn\/san-pham\/cam-bien-nhiet-do-do-am-ths30x\/","name":"C\u1ea3m bi\u1ebfn nhi\u1ec7t \u0111\u1ed9 v\u00e0 \u0111\u1ed9 \u1ea9m \u0111a n\u0103ng THS30X - QUANDO","isPartOf":{"@id":"https:\/\/quando.com.vn\/en\/#website"},"primaryImageOfPage":{"@id":"https:\/\/quando.com.vn\/san-pham\/cam-bien-nhiet-do-do-am-ths30x\/#primaryimage"},"datePublished":"2025-12-03T03:46:03+00:00","dateModified":"2025-12-03T04:14:11+00:00","description":"C\u1ea3m bi\u1ebfn nhi\u1ec7t \u0111\u1ed9 v\u00e0 \u0111\u1ed9 \u1ea9m \u0111a n\u0103ng THS30X, h\u1ed7 tr\u1ee3 RS-485 & analog, IP65, \u1ee9ng d\u1ee5ng cho HVAC, ph\u00f2ng s\u1ea1ch, nh\u00e0 k\u00ednh, kho l\u1ea1nh, d\u01b0\u1ee3c ph\u1ea9m.","breadcrumb":{"@id":"https:\/\/quando.com.vn\/san-pham\/cam-bien-nhiet-do-do-am-ths30x\/#breadcrumb"},"inLanguage":"en-US","potentialAction":[{"@type":"ReadAction","target":["https:\/\/quando.com.vn\/san-pham\/cam-bien-nhiet-do-do-am-ths30x\/"]}]},{"@type":"BreadcrumbList","@id":"https:\/\/quando.com.vn\/san-pham\/cam-bien-nhiet-do-do-am-ths30x\/#breadcrumb","itemListElement":[{"@type":"ListItem","position":1,"name":"Trang ch\u1ee7","item":"https:\/\/quando.com.vn\/"},{"@type":"ListItem","position":2,"name":"S\u1ea3n ph\u1ea9m","item":"https:\/\/quando.com.vn\/san-pham\/"},{"@type":"ListItem","position":3,"name":"C\u1ea3m bi\u1ebfn nhi\u1ec7t \u0111\u1ed9 v\u00e0 \u0111\u1ed9 \u1ea9m \u0111a n\u0103ng THS30X"}]}]}},"_links":{"self":[{"href":"https:\/\/quando.com.vn\/en\/wp-json\/wp\/v2\/product\/7651"}],"collection":[{"href":"https:\/\/quando.com.vn\/en\/wp-json\/wp\/v2\/product"}],"about":[{"href":"https:\/\/quando.com.vn\/en\/wp-json\/wp\/v2\/types\/product"}],"wp:featuredmedia":[{"embeddable":true,"href":"https:\/\/quando.com.vn\/en\/wp-json\/wp\/v2\/media\/7652"}],"wp:attachment":[{"href":"https:\/\/quando.com.vn\/en\/wp-json\/wp\/v2\/media?parent=7651"}],"wp:term":[{"taxonomy":"product_cat","embeddable":true,"href":"https:\/\/quando.com.vn\/en\/wp-json\/wp\/v2\/product_cat?post=7651"},{"taxonomy":"product_tag","embeddable":true,"href":"https:\/\/quando.com.vn\/en\/wp-json\/wp\/v2\/product_tag?post=7651"}],"curies":[{"name":"wp","href":"https:\/\/api.w.org\/{rel}","templated":true}]}}