{"id":7649,"date":"2025-11-19T14:40:53","date_gmt":"2025-11-19T07:40:53","guid":{"rendered":"https:\/\/quando.com.vn\/?post_type=product&#038;p=7649"},"modified":"2025-11-19T14:57:05","modified_gmt":"2025-11-19T07:57:05","slug":"cam-bien-nhiet-do-do-am-ths130-ths140","status":"publish","type":"product","link":"https:\/\/quando.com.vn\/en\/product\/cam-bien-nhiet-do-do-am-ths130-ths140\/","title":{"rendered":"C\u1ea3m bi\u1ebfn nhi\u1ec7t \u0111\u1ed9 v\u00e0 \u0111\u1ed9 \u1ea9m THS130 THS140"},"content":{"rendered":"<p><strong>THS130<\/strong> v\u00e0 <strong>THS140<\/strong> l\u00e0 c\u1ea3m bi\u1ebfn \u0111o nhi\u1ec7t \u0111\u1ed9 v\u00e0 \u0111\u1ed9 \u1ea9m t\u1eeb <strong>eyc-tech<\/strong>, thi\u1ebft k\u1ebf chuy\u00ean d\u1ee5ng cho \u1ee9ng d\u1ee5ng HVAC. V\u1edbi c\u1ea5u h\u00ecnh g\u1eafn trong nh\u00e0 (THS130) ho\u1eb7c d\u1ea1ng \u1ed1ng gi\u00f3 (THS140), \u0111\u00e2y l\u00e0 gi\u1ea3i ph\u00e1p kinh t\u1ebf, \u1ed5n \u0111\u1ecbnh v\u00e0 ch\u00ednh x\u00e1c cho h\u1ec7 th\u1ed1ng \u0111i\u1ec1u h\u00f2a, th\u00f4ng gi\u00f3 v\u00e0 gi\u00e1m s\u00e1t m\u00f4i tr\u01b0\u1eddng t\u00f2a nh\u00e0.<\/p>\n<p><img loading=\"lazy\" class=\"aligncenter size-full wp-image-7648\" src=\"https:\/\/quando.com.vn\/wp-content\/uploads\/2025\/11\/eyc-tech-ths130140-duct-type_spec.webp\" alt=\"C\u1ea3m bi\u1ebfn nhi\u1ec7t \u0111\u1ed9 v\u00e0 \u0111\u1ed9 \u1ea9m THS130 THS140\" width=\"788\" height=\"660\" srcset=\"https:\/\/quando.com.vn\/wp-content\/uploads\/2025\/11\/eyc-tech-ths130140-duct-type_spec.webp 788w, https:\/\/quando.com.vn\/wp-content\/uploads\/2025\/11\/eyc-tech-ths130140-duct-type_spec-300x251.webp 300w, https:\/\/quando.com.vn\/wp-content\/uploads\/2025\/11\/eyc-tech-ths130140-duct-type_spec-768x643.webp 768w, https:\/\/quando.com.vn\/wp-content\/uploads\/2025\/11\/eyc-tech-ths130140-duct-type_spec-14x12.webp 14w\" sizes=\"(max-width: 788px) 100vw, 788px\" \/><\/p>\n<h4>\u0110\u1eb7c \u0111i\u1ec3m n\u1ed5i b\u1eadt:<\/h4>\n<ul>\n<li>\u0110o nhi\u1ec7t \u0111\u1ed9 v\u00e0 \u0111\u1ed9 \u1ea9m ch\u00ednh x\u00e1c v\u1edbi \u0111\u1ed9 \u1ed5n \u0111\u1ecbnh d\u00e0i h\u1ea1n<\/li>\n<li>Thi\u1ebft k\u1ebf \u0111\u01a1n gi\u1ea3n, gi\u00e1 th\u00e0nh h\u1ee3p l\u00fd cho c\u00e1c h\u1ec7 th\u1ed1ng s\u1ed1 l\u01b0\u1ee3ng l\u1edbn<\/li>\n<li>\u0110\u1ea7u ra t\u00edn hi\u1ec7u linh ho\u1ea1t: 4\u201320 mA ho\u1eb7c 0\u201310 V<\/li>\n<li>S\u1eed d\u1ee5ng c\u1ea3m bi\u1ebfn MEMS hi\u1ec7n \u0111\u1ea1i, ph\u1ea3n h\u1ed3i nhanh<\/li>\n<li>Thi\u1ebft k\u1ebf \u0111\u1ea1t chu\u1ea9n IP54 \u2013 ch\u1ed1ng b\u1ee5i v\u00e0 h\u01a1i \u1ea9m<\/li>\n<\/ul>\n<h4><img loading=\"lazy\" class=\"aligncenter size-full wp-image-7646\" src=\"https:\/\/quando.com.vn\/wp-content\/uploads\/2025\/11\/eyc-tech-ths130140-duct-type_dimension.webp\" alt=\"C\u1ea3m bi\u1ebfn nhi\u1ec7t \u0111\u1ed9 v\u00e0 \u0111\u1ed9 \u1ea9m THS130 THS140 dimension\" width=\"741\" height=\"558\" srcset=\"https:\/\/quando.com.vn\/wp-content\/uploads\/2025\/11\/eyc-tech-ths130140-duct-type_dimension.webp 741w, https:\/\/quando.com.vn\/wp-content\/uploads\/2025\/11\/eyc-tech-ths130140-duct-type_dimension-300x226.webp 300w, https:\/\/quando.com.vn\/wp-content\/uploads\/2025\/11\/eyc-tech-ths130140-duct-type_dimension-16x12.webp 16w\" sizes=\"(max-width: 741px) 100vw, 741px\" \/><\/h4>\n<p><img loading=\"lazy\" class=\"aligncenter size-full wp-image-7645\" src=\"https:\/\/quando.com.vn\/wp-content\/uploads\/2025\/11\/eyc-tech-ths130140-duct-type_connection.webp\" alt=\"\" width=\"686\" height=\"364\" srcset=\"https:\/\/quando.com.vn\/wp-content\/uploads\/2025\/11\/eyc-tech-ths130140-duct-type_connection.webp 686w, https:\/\/quando.com.vn\/wp-content\/uploads\/2025\/11\/eyc-tech-ths130140-duct-type_connection-300x159.webp 300w, https:\/\/quando.com.vn\/wp-content\/uploads\/2025\/11\/eyc-tech-ths130140-duct-type_connection-18x10.webp 18w\" sizes=\"(max-width: 686px) 100vw, 686px\" \/><img loading=\"lazy\" class=\"aligncenter size-full wp-image-7647\" src=\"https:\/\/quando.com.vn\/wp-content\/uploads\/2025\/11\/eyc-tech-ths130140-duct-type_order.webp\" alt=\"C\u1ea3m bi\u1ebfn nhi\u1ec7t \u0111\u1ed9 v\u00e0 \u0111\u1ed9 \u1ea9m THS130 THS140 order\" width=\"895\" height=\"496\" srcset=\"https:\/\/quando.com.vn\/wp-content\/uploads\/2025\/11\/eyc-tech-ths130140-duct-type_order.webp 895w, https:\/\/quando.com.vn\/wp-content\/uploads\/2025\/11\/eyc-tech-ths130140-duct-type_order-300x166.webp 300w, https:\/\/quando.com.vn\/wp-content\/uploads\/2025\/11\/eyc-tech-ths130140-duct-type_order-768x426.webp 768w, https:\/\/quando.com.vn\/wp-content\/uploads\/2025\/11\/eyc-tech-ths130140-duct-type_order-18x10.webp 18w\" sizes=\"(max-width: 895px) 100vw, 895px\" \/><\/p>\n<p>&nbsp;<\/p>\n<h3>\u1ee8ng d\u1ee5ng \u0111i\u1ec3n h\u00ecnh:<\/h3>\n<ul>\n<li>H\u1ec7 th\u1ed1ng HVAC, \u0111i\u1ec1u h\u00f2a kh\u00f4ng kh\u00ed<\/li>\n<li>Ki\u1ec3m so\u00e1t th\u00f4ng gi\u00f3 m\u00f4i tr\u01b0\u1eddng trong nh\u00e0<\/li>\n<li>Gi\u00e1m s\u00e1t m\u00f4i tr\u01b0\u1eddng t\u00f2a nh\u00e0, kho l\u01b0u tr\u1eef<\/li>\n<li>Nh\u00e0 m\u00e1y, b\u1ec7nh vi\u1ec7n, trung t\u00e2m d\u1eef li\u1ec7u<\/li>\n<li>T\u00f2a nh\u00e0 th\u00f4ng minh, t\u1ef1 \u0111\u1ed9ng h\u00f3a qu\u1ea3n l\u00fd n\u0103ng l\u01b0\u1ee3ng<\/li>\n<\/ul>\n<p>&nbsp;<\/p>","protected":false},"excerpt":{"rendered":"<p>&#8211; C\u1ea3m bi\u1ebfn nhi\u1ec7t \u0111\u1ed9 &amp; \u0111\u1ed9 \u1ea9m d\u1ea1ng t\u01b0\u1eddng ho\u1eb7c \u1ed1ng gi\u00f3<br \/>\n&#8211; Thi\u1ebft k\u1ebf kinh t\u1ebf, l\u00fd t\u01b0\u1edfng cho HVAC<br \/>\n&#8211; D\u1ea3i \u0111o: 0~50\u00b0C \/ 0~100%RH<br \/>\n&#8211; \u0110\u1ed9 ch\u00ednh x\u00e1c: \u00b10.5\u00b0C \/ \u00b13%RH<br \/>\n&#8211; \u0110\u1ea7u ra: 4\u201320 mA \/ 0\u201310 V<br \/>\n&#8211; IP54, \u1ed5n \u0111\u1ecbnh d\u00e0i h\u1ea1n, gi\u00e1 h\u1ee3p l\u00fd<\/p>","protected":false},"featured_media":7644,"template":"","meta":[],"product_cat":[565,566,525,523],"product_tag":[],"acf":[],"yoast_head":"<!-- This site is optimized with the Yoast SEO Premium plugin v18.4 (Yoast SEO v18.6) - https:\/\/yoast.com\/wordpress\/plugins\/seo\/ -->\n<title>C\u1ea3m bi\u1ebfn nhi\u1ec7t \u0111\u1ed9 v\u00e0 \u0111\u1ed9 \u1ea9m THS130 THS140 - QUANDO<\/title>\n<meta name=\"description\" content=\"C\u1ea3m bi\u1ebfn nhi\u1ec7t \u0111\u1ed9 v\u00e0 \u0111\u1ed9 \u1ea9m THS130 THS140 gi\u00e1 kinh t\u1ebf, \u0111\u1ea7u ra 4\u201320 mA \/ 0\u201310 V, d\u00f9ng cho HVAC, \u0111\u1ed9 ch\u00ednh x\u00e1c \u00b10.5\u00b0C \/ \u00b13%RH.\" \/>\n<meta name=\"robots\" content=\"index, follow, max-snippet:-1, max-image-preview:large, max-video-preview:-1\" \/>\n<link rel=\"canonical\" href=\"https:\/\/quando.com.vn\/en\/product\/cam-bien-nhiet-do-do-am-ths130-ths140\/\" \/>\n<meta property=\"og:locale\" content=\"en_US\" \/>\n<meta property=\"og:type\" content=\"article\" \/>\n<meta property=\"og:title\" content=\"C\u1ea3m bi\u1ebfn nhi\u1ec7t \u0111\u1ed9 v\u00e0 \u0111\u1ed9 \u1ea9m THS130 THS140\" \/>\n<meta property=\"og:description\" content=\"C\u1ea3m bi\u1ebfn nhi\u1ec7t \u0111\u1ed9 v\u00e0 \u0111\u1ed9 \u1ea9m THS130 THS140 gi\u00e1 kinh t\u1ebf, \u0111\u1ea7u ra 4\u201320 mA \/ 0\u201310 V, d\u00f9ng cho HVAC, \u0111\u1ed9 ch\u00ednh x\u00e1c \u00b10.5\u00b0C \/ \u00b13%RH.\" \/>\n<meta property=\"og:url\" content=\"https:\/\/quando.com.vn\/en\/product\/cam-bien-nhiet-do-do-am-ths130-ths140\/\" \/>\n<meta property=\"og:site_name\" content=\"QUANDO\" \/>\n<meta property=\"article:modified_time\" content=\"2025-11-19T07:57:05+00:00\" \/>\n<meta name=\"twitter:card\" content=\"summary_large_image\" \/>\n<meta name=\"twitter:image\" content=\"https:\/\/quando.com.vn\/wp-content\/uploads\/2025\/11\/eyc-tech-ths130140-duct-type.webp\" \/>\n<meta name=\"twitter:label1\" content=\"Est. reading time\" \/>\n\t<meta name=\"twitter:data1\" content=\"2 minutes\" \/>\n<script type=\"application\/ld+json\" class=\"yoast-schema-graph\">{\"@context\":\"https:\/\/schema.org\",\"@graph\":[{\"@type\":\"WebSite\",\"@id\":\"https:\/\/quando.com.vn\/en\/#website\",\"url\":\"https:\/\/quando.com.vn\/en\/\",\"name\":\"QUANDO\",\"description\":\"\",\"potentialAction\":[{\"@type\":\"SearchAction\",\"target\":{\"@type\":\"EntryPoint\",\"urlTemplate\":\"https:\/\/quando.com.vn\/en\/?s={search_term_string}\"},\"query-input\":\"required name=search_term_string\"}],\"inLanguage\":\"en-US\"},{\"@type\":\"ImageObject\",\"@id\":\"https:\/\/quando.com.vn\/san-pham\/cam-bien-nhiet-do-do-am-ths130-ths140\/#primaryimage\",\"inLanguage\":\"en-US\",\"url\":\"https:\/\/quando.com.vn\/wp-content\/uploads\/2025\/11\/eyc-tech-ths130140-duct-type.webp\",\"contentUrl\":\"https:\/\/quando.com.vn\/wp-content\/uploads\/2025\/11\/eyc-tech-ths130140-duct-type.webp\",\"width\":500,\"height\":500,\"caption\":\"C\u1ea3m bi\u1ebfn nhi\u1ec7t \u0111\u1ed9 v\u00e0 \u0111\u1ed9 \u1ea9m THS130 THS140 s\u1ea3n ph\u1ea9m\"},{\"@type\":\"WebPage\",\"@id\":\"https:\/\/quando.com.vn\/san-pham\/cam-bien-nhiet-do-do-am-ths130-ths140\/#webpage\",\"url\":\"https:\/\/quando.com.vn\/san-pham\/cam-bien-nhiet-do-do-am-ths130-ths140\/\",\"name\":\"C\u1ea3m bi\u1ebfn nhi\u1ec7t \u0111\u1ed9 v\u00e0 \u0111\u1ed9 \u1ea9m THS130 THS140 - QUANDO\",\"isPartOf\":{\"@id\":\"https:\/\/quando.com.vn\/en\/#website\"},\"primaryImageOfPage\":{\"@id\":\"https:\/\/quando.com.vn\/san-pham\/cam-bien-nhiet-do-do-am-ths130-ths140\/#primaryimage\"},\"datePublished\":\"2025-11-19T07:40:53+00:00\",\"dateModified\":\"2025-11-19T07:57:05+00:00\",\"description\":\"C\u1ea3m bi\u1ebfn nhi\u1ec7t \u0111\u1ed9 v\u00e0 \u0111\u1ed9 \u1ea9m THS130 THS140 gi\u00e1 kinh t\u1ebf, \u0111\u1ea7u ra 4\u201320 mA \/ 0\u201310 V, d\u00f9ng cho HVAC, \u0111\u1ed9 ch\u00ednh x\u00e1c \u00b10.5\u00b0C \/ \u00b13%RH.\",\"breadcrumb\":{\"@id\":\"https:\/\/quando.com.vn\/san-pham\/cam-bien-nhiet-do-do-am-ths130-ths140\/#breadcrumb\"},\"inLanguage\":\"en-US\",\"potentialAction\":[{\"@type\":\"ReadAction\",\"target\":[\"https:\/\/quando.com.vn\/san-pham\/cam-bien-nhiet-do-do-am-ths130-ths140\/\"]}]},{\"@type\":\"BreadcrumbList\",\"@id\":\"https:\/\/quando.com.vn\/san-pham\/cam-bien-nhiet-do-do-am-ths130-ths140\/#breadcrumb\",\"itemListElement\":[{\"@type\":\"ListItem\",\"position\":1,\"name\":\"Trang ch\u1ee7\",\"item\":\"https:\/\/quando.com.vn\/\"},{\"@type\":\"ListItem\",\"position\":2,\"name\":\"S\u1ea3n ph\u1ea9m\",\"item\":\"https:\/\/quando.com.vn\/san-pham\/\"},{\"@type\":\"ListItem\",\"position\":3,\"name\":\"C\u1ea3m bi\u1ebfn nhi\u1ec7t \u0111\u1ed9 v\u00e0 \u0111\u1ed9 \u1ea9m THS130 THS140\"}]}]}<\/script>\n<!-- \/ Yoast SEO Premium plugin. -->","yoast_head_json":{"title":"C\u1ea3m bi\u1ebfn nhi\u1ec7t \u0111\u1ed9 v\u00e0 \u0111\u1ed9 \u1ea9m THS130 THS140 - QUANDO","description":"C\u1ea3m bi\u1ebfn nhi\u1ec7t \u0111\u1ed9 v\u00e0 \u0111\u1ed9 \u1ea9m THS130 THS140 gi\u00e1 kinh t\u1ebf, \u0111\u1ea7u ra 4\u201320 mA \/ 0\u201310 V, d\u00f9ng cho HVAC, \u0111\u1ed9 ch\u00ednh x\u00e1c \u00b10.5\u00b0C \/ \u00b13%RH.","robots":{"index":"index","follow":"follow","max-snippet":"max-snippet:-1","max-image-preview":"max-image-preview:large","max-video-preview":"max-video-preview:-1"},"canonical":"https:\/\/quando.com.vn\/en\/product\/cam-bien-nhiet-do-do-am-ths130-ths140\/","og_locale":"en_US","og_type":"article","og_title":"C\u1ea3m bi\u1ebfn nhi\u1ec7t \u0111\u1ed9 v\u00e0 \u0111\u1ed9 \u1ea9m THS130 THS140","og_description":"C\u1ea3m bi\u1ebfn nhi\u1ec7t \u0111\u1ed9 v\u00e0 \u0111\u1ed9 \u1ea9m THS130 THS140 gi\u00e1 kinh t\u1ebf, \u0111\u1ea7u ra 4\u201320 mA \/ 0\u201310 V, d\u00f9ng cho HVAC, \u0111\u1ed9 ch\u00ednh x\u00e1c \u00b10.5\u00b0C \/ \u00b13%RH.","og_url":"https:\/\/quando.com.vn\/en\/product\/cam-bien-nhiet-do-do-am-ths130-ths140\/","og_site_name":"QUANDO","article_modified_time":"2025-11-19T07:57:05+00:00","twitter_card":"summary_large_image","twitter_image":"https:\/\/quando.com.vn\/wp-content\/uploads\/2025\/11\/eyc-tech-ths130140-duct-type.webp","twitter_misc":{"Est. reading time":"2 minutes"},"schema":{"@context":"https:\/\/schema.org","@graph":[{"@type":"WebSite","@id":"https:\/\/quando.com.vn\/en\/#website","url":"https:\/\/quando.com.vn\/en\/","name":"QUANDO","description":"","potentialAction":[{"@type":"SearchAction","target":{"@type":"EntryPoint","urlTemplate":"https:\/\/quando.com.vn\/en\/?s={search_term_string}"},"query-input":"required name=search_term_string"}],"inLanguage":"en-US"},{"@type":"ImageObject","@id":"https:\/\/quando.com.vn\/san-pham\/cam-bien-nhiet-do-do-am-ths130-ths140\/#primaryimage","inLanguage":"en-US","url":"https:\/\/quando.com.vn\/wp-content\/uploads\/2025\/11\/eyc-tech-ths130140-duct-type.webp","contentUrl":"https:\/\/quando.com.vn\/wp-content\/uploads\/2025\/11\/eyc-tech-ths130140-duct-type.webp","width":500,"height":500,"caption":"C\u1ea3m bi\u1ebfn nhi\u1ec7t \u0111\u1ed9 v\u00e0 \u0111\u1ed9 \u1ea9m THS130 THS140 s\u1ea3n ph\u1ea9m"},{"@type":"WebPage","@id":"https:\/\/quando.com.vn\/san-pham\/cam-bien-nhiet-do-do-am-ths130-ths140\/#webpage","url":"https:\/\/quando.com.vn\/san-pham\/cam-bien-nhiet-do-do-am-ths130-ths140\/","name":"C\u1ea3m bi\u1ebfn nhi\u1ec7t \u0111\u1ed9 v\u00e0 \u0111\u1ed9 \u1ea9m THS130 THS140 - QUANDO","isPartOf":{"@id":"https:\/\/quando.com.vn\/en\/#website"},"primaryImageOfPage":{"@id":"https:\/\/quando.com.vn\/san-pham\/cam-bien-nhiet-do-do-am-ths130-ths140\/#primaryimage"},"datePublished":"2025-11-19T07:40:53+00:00","dateModified":"2025-11-19T07:57:05+00:00","description":"C\u1ea3m bi\u1ebfn nhi\u1ec7t \u0111\u1ed9 v\u00e0 \u0111\u1ed9 \u1ea9m THS130 THS140 gi\u00e1 kinh t\u1ebf, \u0111\u1ea7u ra 4\u201320 mA \/ 0\u201310 V, d\u00f9ng cho HVAC, \u0111\u1ed9 ch\u00ednh x\u00e1c \u00b10.5\u00b0C \/ \u00b13%RH.","breadcrumb":{"@id":"https:\/\/quando.com.vn\/san-pham\/cam-bien-nhiet-do-do-am-ths130-ths140\/#breadcrumb"},"inLanguage":"en-US","potentialAction":[{"@type":"ReadAction","target":["https:\/\/quando.com.vn\/san-pham\/cam-bien-nhiet-do-do-am-ths130-ths140\/"]}]},{"@type":"BreadcrumbList","@id":"https:\/\/quando.com.vn\/san-pham\/cam-bien-nhiet-do-do-am-ths130-ths140\/#breadcrumb","itemListElement":[{"@type":"ListItem","position":1,"name":"Trang ch\u1ee7","item":"https:\/\/quando.com.vn\/"},{"@type":"ListItem","position":2,"name":"S\u1ea3n ph\u1ea9m","item":"https:\/\/quando.com.vn\/san-pham\/"},{"@type":"ListItem","position":3,"name":"C\u1ea3m bi\u1ebfn nhi\u1ec7t \u0111\u1ed9 v\u00e0 \u0111\u1ed9 \u1ea9m THS130 THS140"}]}]}},"_links":{"self":[{"href":"https:\/\/quando.com.vn\/en\/wp-json\/wp\/v2\/product\/7649"}],"collection":[{"href":"https:\/\/quando.com.vn\/en\/wp-json\/wp\/v2\/product"}],"about":[{"href":"https:\/\/quando.com.vn\/en\/wp-json\/wp\/v2\/types\/product"}],"wp:featuredmedia":[{"embeddable":true,"href":"https:\/\/quando.com.vn\/en\/wp-json\/wp\/v2\/media\/7644"}],"wp:attachment":[{"href":"https:\/\/quando.com.vn\/en\/wp-json\/wp\/v2\/media?parent=7649"}],"wp:term":[{"taxonomy":"product_cat","embeddable":true,"href":"https:\/\/quando.com.vn\/en\/wp-json\/wp\/v2\/product_cat?post=7649"},{"taxonomy":"product_tag","embeddable":true,"href":"https:\/\/quando.com.vn\/en\/wp-json\/wp\/v2\/product_tag?post=7649"}],"curies":[{"name":"wp","href":"https:\/\/api.w.org\/{rel}","templated":true}]}}