{"id":7641,"date":"2025-11-19T13:58:20","date_gmt":"2025-11-19T06:58:20","guid":{"rendered":"https:\/\/quando.com.vn\/?post_type=product&#038;p=7641"},"modified":"2025-11-19T14:34:50","modified_gmt":"2025-11-19T07:34:50","slug":"dong-ho-do-luu-luong-coriolis-mtd-acmc","status":"publish","type":"product","link":"https:\/\/quando.com.vn\/en\/product\/dong-ho-do-luu-luong-coriolis-mtd-acmc\/","title":{"rendered":"\u0110\u1ed3ng h\u1ed3 \u0111o l\u01b0u l\u01b0\u1ee3ng Coriolis MTD-ACMC"},"content":{"rendered":"<h3>\u0110\u1ed3ng h\u1ed3 \u0111o l\u01b0u l\u01b0\u1ee3ng Coriolis MTD-ACMC<\/h3>\n<p>MTD-ACMC l\u00e0 \u0111\u1ed3ng h\u1ed3 \u0111o l\u01b0u l\u01b0\u1ee3ng kh\u1ed1i l\u01b0\u1ee3ng d\u1ea1ng ch\u1eef C, \u1ee9ng d\u1ee5ng c\u00f4ng ngh\u1ec7 Coriolis ti\u00ean ti\u1ebfn \u0111\u1ec3 \u0111o tr\u1ef1c ti\u1ebfp l\u01b0u l\u01b0\u1ee3ng, m\u1eadt \u0111\u1ed9 v\u00e0 nhi\u1ec7t \u0111\u1ed9 d\u00f2ng ch\u1ea3y. Thi\u1ebft k\u1ebf kh\u00f4ng b\u1ed9 ph\u1eadn chuy\u1ec3n \u0111\u1ed9ng, kh\u00f4ng c\u1ea7n b\u1ea3o tr\u00ec, kh\u1ea3 n\u0103ng ch\u1ed1ng nhi\u1ec5u cao v\u00e0 \u0111\u1ed9 ch\u00ednh x\u00e1c tuy\u1ec7t \u0111\u1ed1i, s\u1ea3n ph\u1ea9m l\u00fd t\u01b0\u1edfng cho \u0111o l\u01b0\u1eddng ch\u00ednh x\u00e1c trong c\u00e1c \u0111i\u1ec1u ki\u1ec7n c\u00f4ng nghi\u1ec7p ph\u1ee9c t\u1ea1p.<\/p>\n<p><strong>\u0110\u1eb7c \u0111i\u1ec3m n\u1ed5i b\u1eadt:<\/strong><\/p>\n<p>&#8211; \u0110\u1ed9 ch\u00ednh x\u00e1c cao \u0111\u1ebfn \u00b10.1 %, t\u00f9y ch\u1ecdn \u00b10.15%, \u00b10.2%, \u00b10.5%<br \/>\n&#8211; L\u1eb7p l\u1ea1i tuy\u1ec7t v\u1eddi: t\u1eeb \u00b10.05%<br \/>\n&#8211; Thi\u1ebft k\u1ebf kh\u00f4ng c\u00f3 b\u1ed9 ph\u1eadn chuy\u1ec3n \u0111\u1ed9ng, kh\u00f4ng c\u1ea7n b\u1ea3o tr\u00ec<br \/>\n&#8211; Ch\u1ecbu \u0111\u01b0\u1ee3c \u00e1p su\u1ea5t l\u00ean t\u1edbi 250 bar, nhi\u1ec7t \u0111\u1ed9 t\u1edbi 350\u00b0C<br \/>\n&#8211; T\u00edch h\u1ee3p nhi\u1ec1u giao th\u1ee9c s\u1ed1: RS485 Modbus, HART<br \/>\n&#8211; Th\u00edch h\u1ee3p cho c\u00e1c \u1ee9ng d\u1ee5ng \u0111o l\u01b0u l\u01b0\u1ee3ng, m\u1eadt \u0111\u1ed9, Brix, tr\u1ecdng l\u01b0\u1ee3ng ri\u00eang<br \/>\n&#8211; \u1ee8ng d\u1ee5ng trong c\u00f4ng nghi\u1ec7p h\u00f3a ch\u1ea5t, th\u1ef1c ph\u1ea9m, \u0111\u1ed3 u\u1ed1ng, d\u01b0\u1ee3c ph\u1ea9m, d\u1ea7u kh\u00ed, x\u1eed l\u00fd n\u01b0\u1edbc<\/p>\n<p><strong>\u1ee8ng d\u1ee5ng ti\u00eau bi\u1ec3u:<\/strong><\/p>\n<p>&#8211; \u0110o l\u01b0\u1eddng c\u00e1c ch\u1ea5t l\u1ecfng, kh\u00ed, ch\u1ea5t l\u1ecfng c\u00f3 b\u1ecdt kh\u00ed<br \/>\n&#8211; Dosing, batching, ki\u1ec3m so\u00e1t ph\u1ea3n \u1ee9ng<br \/>\n&#8211; S\u1ea3n xu\u1ea5t bia, r\u01b0\u1ee3u, n\u01b0\u1edbc \u00e9p, s\u1eefa, chocolate<br \/>\n&#8211; D\u1ea7u kh\u00ed: \u0111o hydrocarbon, LPG, tr\u1ea1m n\u1ea1p b\u1ed3n<br \/>\n&#8211; D\u01b0\u1ee3c ph\u1ea9m: chi\u1ebft r\u00f3t dung m\u00f4i, ki\u1ec3m so\u00e1t quy tr\u00ecnh<br \/>\n&#8211; Ng\u00e0nh gi\u1ea5y, x\u1eed l\u00fd n\u01b0\u1edbc, \u0111o b\u00f9n, h\u00f3a ch\u1ea5t<\/p>\n<p><strong>Th\u00f4ng s\u1ed1 k\u1ef9 thu\u1eadt:<\/strong><\/p>\n<table border=\"1\" cellspacing=\"0\" cellpadding=\"6\">\n<tbody>\n<tr>\n<td><strong>Product code<\/strong><\/td>\n<td>MTD-ACMC<\/td>\n<\/tr>\n<tr>\n<td><strong>Nominal Diameter Range<\/strong><\/td>\n<td>DN 50 to 100 (2&#8243; to 4&#8243;)<\/td>\n<\/tr>\n<tr>\n<td><strong>Measuring tube<\/strong><\/td>\n<td>Austenitic stainless steel (316\/316L), others on request<\/td>\n<\/tr>\n<tr>\n<td><strong>Accuracy<\/strong><\/td>\n<td>\u00b10.1 %; \u00b10.15 %; \u00b10.2 %; \u00b10.5 %<\/td>\n<\/tr>\n<tr>\n<td><strong>Repeatability<\/strong><\/td>\n<td>\u00b10.05 %; \u00b10.075 %; \u00b10.1 %; \u00b10.25 %<\/td>\n<\/tr>\n<tr>\n<td><strong>Measuring Range<\/strong><\/td>\n<td>500-200000 kg\/h (1100-440900 lb\/h)<\/td>\n<\/tr>\n<tr>\n<td><strong>Max. Process Pressure<\/strong><\/td>\n<td>250 bar (3626 psi)<\/td>\n<\/tr>\n<tr>\n<td><strong>Medium Temperature Range<\/strong><\/td>\n<td>Integrate: -50~+125\u00b0C; Split: -200~+350\u00b0C<\/td>\n<\/tr>\n<tr>\n<td><strong>Ambient Temperature Range<\/strong><\/td>\n<td>Standard: -20~+55\u00b0C; Optional: -30~+70\u00b0C<\/td>\n<\/tr>\n<tr>\n<td><strong>Outputs<\/strong><\/td>\n<td>4-20 mA, Pulse<\/td>\n<\/tr>\n<tr>\n<td><strong>Digital Communication<\/strong><\/td>\n<td>RS485 Modbus, HART<\/td>\n<\/tr>\n<tr>\n<td><strong>Power Supply<\/strong><\/td>\n<td>DC 18\u201330V, AC 85\u2013250V<\/td>\n<\/tr>\n<tr>\n<td><strong>Process Connections<\/strong><\/td>\n<td>Flanged (Others on request)<\/td>\n<\/tr>\n<tr>\n<td><strong>Degree of Protection<\/strong><\/td>\n<td>IP67<\/td>\n<\/tr>\n<\/tbody>\n<\/table>","protected":false},"excerpt":{"rendered":"<p>&#8211; \u0110\u1ed3ng h\u1ed3 \u0111o l\u01b0u l\u01b0\u1ee3ng Coriolis d\u1ea1ng ch\u1eef C<br \/>\n&#8211; \u0110\u1ed9 ch\u00ednh x\u00e1c cao \u0111\u1ebfn \u00b10.1%, l\u1eb7p l\u1ea1i \u00b10.05%<br \/>\n&#8211; \u0110o l\u01b0u l\u01b0\u1ee3ng, m\u1eadt \u0111\u1ed9, nhi\u1ec7t \u0111\u1ed9 cho ch\u1ea5t l\u1ecfng v\u00e0 kh\u00ed<br \/>\n&#8211; D\u1ea3i l\u01b0u l\u01b0\u1ee3ng t\u1eeb 500 \u0111\u1ebfn 200000 kg\/h<br \/>\n&#8211; \u0110\u01b0\u1eddng k\u00ednh danh ngh\u0129a DN50 \u0111\u1ebfn DN100<\/p>","protected":false},"featured_media":7643,"template":"","meta":[],"product_cat":[500,510],"product_tag":[],"acf":[],"yoast_head":"<!-- This site is optimized with the Yoast SEO Premium plugin v18.4 (Yoast SEO v18.6) - https:\/\/yoast.com\/wordpress\/plugins\/seo\/ -->\n<title>\u0110\u1ed3ng h\u1ed3 \u0111o l\u01b0u l\u01b0\u1ee3ng Coriolis MTD-ACMC - QUANDO<\/title>\n<meta name=\"description\" content=\"\u0110\u1ed3ng h\u1ed3 \u0111o l\u01b0u l\u01b0\u1ee3ng Coriolis MTD-ACMC l\u00e0 \u0111\u1ed3ng h\u1ed3 \u0111o l\u01b0u l\u01b0\u1ee3ng Coriolis d\u1ea1ng ch\u1eef C, \u0111\u1ed9 ch\u00ednh x\u00e1c \u00b10.1%, m\u1eadt \u0111\u1ed9 v\u00e0 nhi\u1ec7t \u0111\u1ed9 ch\u00ednh x\u00e1c cao...\" \/>\n<meta name=\"robots\" content=\"index, follow, max-snippet:-1, max-image-preview:large, max-video-preview:-1\" \/>\n<link rel=\"canonical\" href=\"https:\/\/quando.com.vn\/en\/product\/dong-ho-do-luu-luong-coriolis-mtd-acmc\/\" \/>\n<meta property=\"og:locale\" content=\"en_US\" \/>\n<meta property=\"og:type\" content=\"article\" \/>\n<meta property=\"og:title\" content=\"\u0110\u1ed3ng h\u1ed3 \u0111o l\u01b0u l\u01b0\u1ee3ng Coriolis MTD-ACMC\" \/>\n<meta property=\"og:description\" content=\"\u0110\u1ed3ng h\u1ed3 \u0111o l\u01b0u l\u01b0\u1ee3ng Coriolis MTD-ACMC l\u00e0 \u0111\u1ed3ng h\u1ed3 \u0111o l\u01b0u l\u01b0\u1ee3ng Coriolis d\u1ea1ng ch\u1eef C, \u0111\u1ed9 ch\u00ednh x\u00e1c \u00b10.1%, m\u1eadt \u0111\u1ed9 v\u00e0 nhi\u1ec7t \u0111\u1ed9 ch\u00ednh x\u00e1c cao...\" \/>\n<meta property=\"og:url\" content=\"https:\/\/quando.com.vn\/en\/product\/dong-ho-do-luu-luong-coriolis-mtd-acmc\/\" \/>\n<meta property=\"og:site_name\" content=\"QUANDO\" \/>\n<meta property=\"article:modified_time\" content=\"2025-11-19T07:34:50+00:00\" \/>\n<meta name=\"twitter:card\" content=\"summary_large_image\" \/>\n<meta name=\"twitter:image\" content=\"https:\/\/quando.com.vn\/wp-content\/uploads\/2025\/11\/Coriolis-Mass-Flow-Meter-C-Shape-MTD-ACMC.webp\" \/>\n<meta name=\"twitter:label1\" content=\"Est. reading time\" \/>\n\t<meta name=\"twitter:data1\" content=\"2 minutes\" \/>\n<script type=\"application\/ld+json\" class=\"yoast-schema-graph\">{\"@context\":\"https:\/\/schema.org\",\"@graph\":[{\"@type\":\"WebSite\",\"@id\":\"https:\/\/quando.com.vn\/en\/#website\",\"url\":\"https:\/\/quando.com.vn\/en\/\",\"name\":\"QUANDO\",\"description\":\"\",\"potentialAction\":[{\"@type\":\"SearchAction\",\"target\":{\"@type\":\"EntryPoint\",\"urlTemplate\":\"https:\/\/quando.com.vn\/en\/?s={search_term_string}\"},\"query-input\":\"required name=search_term_string\"}],\"inLanguage\":\"en-US\"},{\"@type\":\"ImageObject\",\"@id\":\"https:\/\/quando.com.vn\/san-pham\/dong-ho-do-luu-luong-coriolis-mtd-acmc\/#primaryimage\",\"inLanguage\":\"en-US\",\"url\":\"https:\/\/quando.com.vn\/wp-content\/uploads\/2025\/11\/Coriolis-Mass-Flow-Meter-C-Shape-MTD-ACMC.webp\",\"contentUrl\":\"https:\/\/quando.com.vn\/wp-content\/uploads\/2025\/11\/Coriolis-Mass-Flow-Meter-C-Shape-MTD-ACMC.webp\",\"width\":1000,\"height\":1000,\"caption\":\"\u0110\u1ed3ng h\u1ed3 \u0111o l\u01b0u l\u01b0\u1ee3ng Coriolis MTD-ACMC\"},{\"@type\":\"WebPage\",\"@id\":\"https:\/\/quando.com.vn\/san-pham\/dong-ho-do-luu-luong-coriolis-mtd-acmc\/#webpage\",\"url\":\"https:\/\/quando.com.vn\/san-pham\/dong-ho-do-luu-luong-coriolis-mtd-acmc\/\",\"name\":\"\u0110\u1ed3ng h\u1ed3 \u0111o l\u01b0u l\u01b0\u1ee3ng Coriolis MTD-ACMC - QUANDO\",\"isPartOf\":{\"@id\":\"https:\/\/quando.com.vn\/en\/#website\"},\"primaryImageOfPage\":{\"@id\":\"https:\/\/quando.com.vn\/san-pham\/dong-ho-do-luu-luong-coriolis-mtd-acmc\/#primaryimage\"},\"datePublished\":\"2025-11-19T06:58:20+00:00\",\"dateModified\":\"2025-11-19T07:34:50+00:00\",\"description\":\"\u0110\u1ed3ng h\u1ed3 \u0111o l\u01b0u l\u01b0\u1ee3ng Coriolis MTD-ACMC l\u00e0 \u0111\u1ed3ng h\u1ed3 \u0111o l\u01b0u l\u01b0\u1ee3ng Coriolis d\u1ea1ng ch\u1eef C, \u0111\u1ed9 ch\u00ednh x\u00e1c \u00b10.1%, m\u1eadt \u0111\u1ed9 v\u00e0 nhi\u1ec7t \u0111\u1ed9 ch\u00ednh x\u00e1c cao...\",\"breadcrumb\":{\"@id\":\"https:\/\/quando.com.vn\/san-pham\/dong-ho-do-luu-luong-coriolis-mtd-acmc\/#breadcrumb\"},\"inLanguage\":\"en-US\",\"potentialAction\":[{\"@type\":\"ReadAction\",\"target\":[\"https:\/\/quando.com.vn\/san-pham\/dong-ho-do-luu-luong-coriolis-mtd-acmc\/\"]}]},{\"@type\":\"BreadcrumbList\",\"@id\":\"https:\/\/quando.com.vn\/san-pham\/dong-ho-do-luu-luong-coriolis-mtd-acmc\/#breadcrumb\",\"itemListElement\":[{\"@type\":\"ListItem\",\"position\":1,\"name\":\"Trang ch\u1ee7\",\"item\":\"https:\/\/quando.com.vn\/\"},{\"@type\":\"ListItem\",\"position\":2,\"name\":\"S\u1ea3n ph\u1ea9m\",\"item\":\"https:\/\/quando.com.vn\/san-pham\/\"},{\"@type\":\"ListItem\",\"position\":3,\"name\":\"\u0110\u1ed3ng h\u1ed3 \u0111o l\u01b0u l\u01b0\u1ee3ng Coriolis MTD-ACMC\"}]}]}<\/script>\n<!-- \/ Yoast SEO Premium plugin. -->","yoast_head_json":{"title":"\u0110\u1ed3ng h\u1ed3 \u0111o l\u01b0u l\u01b0\u1ee3ng Coriolis MTD-ACMC - QUANDO","description":"\u0110\u1ed3ng h\u1ed3 \u0111o l\u01b0u l\u01b0\u1ee3ng Coriolis MTD-ACMC l\u00e0 \u0111\u1ed3ng h\u1ed3 \u0111o l\u01b0u l\u01b0\u1ee3ng Coriolis d\u1ea1ng ch\u1eef C, \u0111\u1ed9 ch\u00ednh x\u00e1c \u00b10.1%, m\u1eadt \u0111\u1ed9 v\u00e0 nhi\u1ec7t \u0111\u1ed9 ch\u00ednh x\u00e1c cao...","robots":{"index":"index","follow":"follow","max-snippet":"max-snippet:-1","max-image-preview":"max-image-preview:large","max-video-preview":"max-video-preview:-1"},"canonical":"https:\/\/quando.com.vn\/en\/product\/dong-ho-do-luu-luong-coriolis-mtd-acmc\/","og_locale":"en_US","og_type":"article","og_title":"\u0110\u1ed3ng h\u1ed3 \u0111o l\u01b0u l\u01b0\u1ee3ng Coriolis MTD-ACMC","og_description":"\u0110\u1ed3ng h\u1ed3 \u0111o l\u01b0u l\u01b0\u1ee3ng Coriolis MTD-ACMC l\u00e0 \u0111\u1ed3ng h\u1ed3 \u0111o l\u01b0u l\u01b0\u1ee3ng Coriolis d\u1ea1ng ch\u1eef C, \u0111\u1ed9 ch\u00ednh x\u00e1c \u00b10.1%, m\u1eadt \u0111\u1ed9 v\u00e0 nhi\u1ec7t \u0111\u1ed9 ch\u00ednh x\u00e1c cao...","og_url":"https:\/\/quando.com.vn\/en\/product\/dong-ho-do-luu-luong-coriolis-mtd-acmc\/","og_site_name":"QUANDO","article_modified_time":"2025-11-19T07:34:50+00:00","twitter_card":"summary_large_image","twitter_image":"https:\/\/quando.com.vn\/wp-content\/uploads\/2025\/11\/Coriolis-Mass-Flow-Meter-C-Shape-MTD-ACMC.webp","twitter_misc":{"Est. reading time":"2 minutes"},"schema":{"@context":"https:\/\/schema.org","@graph":[{"@type":"WebSite","@id":"https:\/\/quando.com.vn\/en\/#website","url":"https:\/\/quando.com.vn\/en\/","name":"QUANDO","description":"","potentialAction":[{"@type":"SearchAction","target":{"@type":"EntryPoint","urlTemplate":"https:\/\/quando.com.vn\/en\/?s={search_term_string}"},"query-input":"required name=search_term_string"}],"inLanguage":"en-US"},{"@type":"ImageObject","@id":"https:\/\/quando.com.vn\/san-pham\/dong-ho-do-luu-luong-coriolis-mtd-acmc\/#primaryimage","inLanguage":"en-US","url":"https:\/\/quando.com.vn\/wp-content\/uploads\/2025\/11\/Coriolis-Mass-Flow-Meter-C-Shape-MTD-ACMC.webp","contentUrl":"https:\/\/quando.com.vn\/wp-content\/uploads\/2025\/11\/Coriolis-Mass-Flow-Meter-C-Shape-MTD-ACMC.webp","width":1000,"height":1000,"caption":"\u0110\u1ed3ng h\u1ed3 \u0111o l\u01b0u l\u01b0\u1ee3ng Coriolis MTD-ACMC"},{"@type":"WebPage","@id":"https:\/\/quando.com.vn\/san-pham\/dong-ho-do-luu-luong-coriolis-mtd-acmc\/#webpage","url":"https:\/\/quando.com.vn\/san-pham\/dong-ho-do-luu-luong-coriolis-mtd-acmc\/","name":"\u0110\u1ed3ng h\u1ed3 \u0111o l\u01b0u l\u01b0\u1ee3ng Coriolis MTD-ACMC - QUANDO","isPartOf":{"@id":"https:\/\/quando.com.vn\/en\/#website"},"primaryImageOfPage":{"@id":"https:\/\/quando.com.vn\/san-pham\/dong-ho-do-luu-luong-coriolis-mtd-acmc\/#primaryimage"},"datePublished":"2025-11-19T06:58:20+00:00","dateModified":"2025-11-19T07:34:50+00:00","description":"\u0110\u1ed3ng h\u1ed3 \u0111o l\u01b0u l\u01b0\u1ee3ng Coriolis MTD-ACMC l\u00e0 \u0111\u1ed3ng h\u1ed3 \u0111o l\u01b0u l\u01b0\u1ee3ng Coriolis d\u1ea1ng ch\u1eef C, \u0111\u1ed9 ch\u00ednh x\u00e1c \u00b10.1%, m\u1eadt \u0111\u1ed9 v\u00e0 nhi\u1ec7t \u0111\u1ed9 ch\u00ednh x\u00e1c cao...","breadcrumb":{"@id":"https:\/\/quando.com.vn\/san-pham\/dong-ho-do-luu-luong-coriolis-mtd-acmc\/#breadcrumb"},"inLanguage":"en-US","potentialAction":[{"@type":"ReadAction","target":["https:\/\/quando.com.vn\/san-pham\/dong-ho-do-luu-luong-coriolis-mtd-acmc\/"]}]},{"@type":"BreadcrumbList","@id":"https:\/\/quando.com.vn\/san-pham\/dong-ho-do-luu-luong-coriolis-mtd-acmc\/#breadcrumb","itemListElement":[{"@type":"ListItem","position":1,"name":"Trang ch\u1ee7","item":"https:\/\/quando.com.vn\/"},{"@type":"ListItem","position":2,"name":"S\u1ea3n ph\u1ea9m","item":"https:\/\/quando.com.vn\/san-pham\/"},{"@type":"ListItem","position":3,"name":"\u0110\u1ed3ng h\u1ed3 \u0111o l\u01b0u l\u01b0\u1ee3ng Coriolis MTD-ACMC"}]}]}},"_links":{"self":[{"href":"https:\/\/quando.com.vn\/en\/wp-json\/wp\/v2\/product\/7641"}],"collection":[{"href":"https:\/\/quando.com.vn\/en\/wp-json\/wp\/v2\/product"}],"about":[{"href":"https:\/\/quando.com.vn\/en\/wp-json\/wp\/v2\/types\/product"}],"wp:featuredmedia":[{"embeddable":true,"href":"https:\/\/quando.com.vn\/en\/wp-json\/wp\/v2\/media\/7643"}],"wp:attachment":[{"href":"https:\/\/quando.com.vn\/en\/wp-json\/wp\/v2\/media?parent=7641"}],"wp:term":[{"taxonomy":"product_cat","embeddable":true,"href":"https:\/\/quando.com.vn\/en\/wp-json\/wp\/v2\/product_cat?post=7641"},{"taxonomy":"product_tag","embeddable":true,"href":"https:\/\/quando.com.vn\/en\/wp-json\/wp\/v2\/product_tag?post=7641"}],"curies":[{"name":"wp","href":"https:\/\/api.w.org\/{rel}","templated":true}]}}