{"id":7638,"date":"2025-11-19T10:58:53","date_gmt":"2025-11-19T03:58:53","guid":{"rendered":"https:\/\/quando.com.vn\/?post_type=product&#038;p=7638"},"modified":"2025-11-19T14:19:41","modified_gmt":"2025-11-19T07:19:41","slug":"coriolis-mass-flow-meter-mtd-acmw","status":"publish","type":"product","link":"https:\/\/quando.com.vn\/en\/product\/coriolis-mass-flow-meter-mtd-acmw\/","title":{"rendered":"\u0110\u1ed3ng h\u1ed3 \u0111o l\u01b0u l\u01b0\u1ee3ng Coriolis MTD-ACMW"},"content":{"rendered":"<p><strong>\u0110\u1ed3ng h\u1ed3 \u0111o l\u01b0u l\u01b0\u1ee3ng Coriolis MTD-ACMW <\/strong>d\u1ea1ng ch\u1eef W mang l\u1ea1i \u0111\u1ed9 ch\u00ednh x\u00e1c \u0111o l\u01b0u l\u01b0\u1ee3ng, m\u1eadt \u0111\u1ed9 v\u00e0 nhi\u1ec7t \u0111\u1ed9 cao nh\u1ea5t trong c\u00e1c \u1ee9ng d\u1ee5ng c\u00f4ng nghi\u1ec7p. Thi\u1ebft k\u1ebf v\u1edbi \u1ed1ng \u0111o c\u00f3 \u0111i\u1ec7n tr\u1edf th\u1ea5p gi\u00fap gi\u1ea3m \u00e1p su\u1ea5t t\u1ed5n hao, m\u1edf r\u1ed9ng t\u1ef7 l\u1ec7 \u0111o v\u00e0 t\u0103ng kh\u1ea3 n\u0103ng ch\u1ed1ng nhi\u1ec5u, ph\u00f9 h\u1ee3p v\u1edbi c\u00e1c m\u00f4i tr\u01b0\u1eddng l\u00e0m vi\u1ec7c ph\u1ee9c t\u1ea1p, \u0111\u00f2i h\u1ecfi \u0111\u1ed9 ch\u00ednh x\u00e1c cao.<\/p>\n<p>S\u1ea3n ph\u1ea9m l\u00fd t\u01b0\u1edfng cho c\u00e1c ng\u00e0nh: d\u1ea7u kh\u00ed, h\u00f3a ch\u1ea5t, th\u1ef1c ph\u1ea9m, d\u01b0\u1ee3c ph\u1ea9m, x\u1eed l\u00fd n\u01b0\u1edbc v\u00e0 gi\u1ea5y &amp; b\u1ed9t gi\u1ea5y.<\/p>\n<p><strong>Th\u00f4ng s\u1ed1 k\u1ef9 thu\u1eadt:<\/strong><\/p>\n<table>\n<tbody>\n<tr>\n<td>Product code<\/td>\n<td>MTD-ACMW<\/td>\n<\/tr>\n<tr>\n<td>Nominal Diameter Range<\/td>\n<td>DN 8 to 250 (5\/16&#8243; to 10&#8243;)<\/td>\n<\/tr>\n<tr>\n<td>Measuring tube<\/td>\n<td>Austenitic stainless steel (316\/316L), and others on request<\/td>\n<\/tr>\n<tr>\n<td>Accuracy<\/td>\n<td>\u00b10.1 %; \u00b10.15 %; \u00b10.2 %; \u00b10.5 %<\/td>\n<\/tr>\n<tr>\n<td>Repeatability<\/td>\n<td>\u00b10.05 %; \u00b10.075 %; \u00b10.1 %; \u00b10.25 %<\/td>\n<\/tr>\n<tr>\n<td>Measuring Range<\/td>\n<td>8\u20131500000 kg\/h (17\u20133306930 lb\/h)<\/td>\n<\/tr>\n<tr>\n<td>Max. Process Pressure<\/td>\n<td>250 bar (3626 psi)<\/td>\n<\/tr>\n<tr>\n<td>Medium Temperature Range<\/td>\n<td>Integrate Type: (-50~+125)\u2103<br \/>\nSplit Type: (-200~+350)\u2103<\/td>\n<\/tr>\n<tr>\n<td>Ambient Temperature Range<\/td>\n<td>Standard: (-20\uff5e+55) \u2103<br \/>\nOptional: (-30\uff5e+70) \u2103<\/td>\n<\/tr>\n<tr>\n<td>Outputs<\/td>\n<td>4-20 mA, Pulse<\/td>\n<\/tr>\n<tr>\n<td>Digital Communication<\/td>\n<td>RS485 Modbus, HART<\/td>\n<\/tr>\n<tr>\n<td>Power Supply<\/td>\n<td>DC (18~30)V, AC (85~250)V<\/td>\n<\/tr>\n<tr>\n<td>Process Connections<\/td>\n<td>Flanged (Others on request)<\/td>\n<\/tr>\n<tr>\n<td>Degree of Protection<\/td>\n<td>IP67<\/td>\n<\/tr>\n<\/tbody>\n<\/table>\n<p><strong>\u0110\u1eb7c \u0111i\u1ec3m n\u1ed5i b\u1eadt:<\/strong><\/p>\n<p>&#8211; \u0110\u1ed9 ch\u00ednh x\u00e1c c\u1ef1c cao \u0111\u1ebfn \u00b10.1%<br \/>\n&#8211; Kh\u00f4ng c\u00f3 b\u1ed9 ph\u1eadn chuy\u1ec3n \u0111\u1ed9ng, kh\u00f4ng y\u00eau c\u1ea7u b\u1ea3o tr\u00ec<br \/>\n&#8211; T\u00edch h\u1ee3p c\u1ea3m bi\u1ebfn \u0111o m\u1eadt \u0111\u1ed9, nhi\u1ec7t \u0111\u1ed9 v\u00e0 l\u01b0u l\u01b0\u1ee3ng trong m\u1ed9t thi\u1ebft b\u1ecb<br \/>\n&#8211; D\u1ea3i \u0111o r\u1ed9ng, x\u1eed l\u00fd \u0111\u01b0\u1ee3c l\u01b0u ch\u1ea5t nh\u1edbt, \u0111a pha, kh\u00f4ng \u0111\u1ed3ng nh\u1ea5t<br \/>\n&#8211; C\u00f3 s\u1eb5n c\u00e1c giao th\u1ee9c s\u1ed1: HART, Modbus&#8230;<br \/>\n&#8211; Hi\u1ec3n th\u1ecb \u0111a ng\u00f4n ng\u1eef: ti\u1ebfng Anh, Ph\u00e1p, T\u00e2y Ban Nha theo y\u00eau c\u1ea7u<\/p>\n<h3><strong>\u1ee8ng d\u1ee5ng \u0111\u1ed3ng h\u1ed3 \u0111o l\u01b0u l\u01b0\u1ee3ng Coriolis MTD-ACMW:<\/strong><\/h3>\n<p>&#8211; Ng\u00e0nh d\u1ea7u kh\u00ed: \u0111o l\u01b0u l\u01b0\u1ee3ng d\u1ea7u, LPG, nhi\u00ean li\u1ec7u<br \/>\n&#8211; H\u00f3a ch\u1ea5t: axit, baz\u01a1, dung m\u00f4i, clo h\u00f3a, l\u01b0u hu\u1ef3nh<br \/>\n&#8211; D\u01b0\u1ee3c ph\u1ea9m: chi\u1ebft xu\u1ea5t, pha tr\u1ed9n dung d\u1ecbch<br \/>\n&#8211; Th\u1ef1c ph\u1ea9m &amp; \u0111\u1ed3 u\u1ed1ng: s\u00f4-c\u00f4-la, m\u1eadt ong, n\u01b0\u1edbc \u00e9p, bia, s\u1eefa, r\u01b0\u1ee3u&#8230;<br \/>\n&#8211; X\u1eed l\u00fd n\u01b0\u1edbc: \u0111o n\u1ed3ng \u0111\u1ed9 b\u00f9n, ch\u1ea5t keo t\u1ee5<br \/>\n&#8211; C\u00f4ng nghi\u1ec7p gi\u1ea5y &amp; b\u1ed9t gi\u1ea5y: gi\u1ea5y th\u00f4, dung d\u1ecbch tr\u00e1ng ph\u1ee7<\/p>","protected":false},"excerpt":{"rendered":"<p>&#8211; \u0110\u1ed9 ch\u00ednh x\u00e1c cao \u0111\u1ebfn \u00b10.1%<br \/>\n&#8211; Kh\u00f4ng c\u00f3 b\u1ed9 ph\u1eadn chuy\u1ec3n \u0111\u1ed9ng, kh\u00f4ng c\u1ea7n b\u1ea3o tr\u00ec<br \/>\n&#8211; \u1ee8ng d\u1ee5ng \u0111\u01b0\u1ee3c v\u1edbi m\u00f4i tr\u01b0\u1eddng \u0103n m\u00f2n, \u0111\u1ed9 nh\u1edbt cao<br \/>\n&#8211; D\u1ea3i \u0111o r\u1ed9ng, kh\u1ea3 n\u0103ng ch\u1ed1ng nhi\u1ec5u t\u1ed1t<br \/>\n&#8211; T\u00edch h\u1ee3p nhi\u1ec1u giao th\u1ee9c truy\u1ec1n th\u00f4ng s\u1ed1<\/p>","protected":false},"featured_media":7640,"template":"","meta":[],"product_cat":[500,510],"product_tag":[],"acf":[],"yoast_head":"<!-- This site is optimized with the Yoast SEO Premium plugin v18.4 (Yoast SEO v18.6) - https:\/\/yoast.com\/wordpress\/plugins\/seo\/ -->\n<title>\u0110\u1ed3ng h\u1ed3 \u0111o l\u01b0u l\u01b0\u1ee3ng Coriolis MTD-ACMW - QUANDO<\/title>\n<meta name=\"description\" content=\"\u0110\u1ed3ng h\u1ed3 \u0111o l\u01b0u l\u01b0\u1ee3ng Coriolis MTD-ACMW d\u1ea1ng W \u0111o ch\u00ednh x\u00e1c cao \u0111\u1ebfn \u00b10.1%, kh\u00f4ng b\u1ed9 ph\u1eadn chuy\u1ec3n \u0111\u1ed9ng, ph\u00f9 h\u1ee3p cho nhi\u1ec1u ng\u00e0nh c\u00f4ng nghi\u1ec7p.\" \/>\n<meta name=\"robots\" content=\"index, follow, max-snippet:-1, max-image-preview:large, max-video-preview:-1\" \/>\n<link rel=\"canonical\" href=\"https:\/\/quando.com.vn\/en\/product\/coriolis-mass-flow-meter-mtd-acmw\/\" \/>\n<meta property=\"og:locale\" content=\"en_US\" \/>\n<meta property=\"og:type\" content=\"article\" \/>\n<meta property=\"og:title\" content=\"\u0110\u1ed3ng h\u1ed3 \u0111o l\u01b0u l\u01b0\u1ee3ng Coriolis MTD-ACMW\" \/>\n<meta property=\"og:description\" content=\"\u0110\u1ed3ng h\u1ed3 \u0111o l\u01b0u l\u01b0\u1ee3ng Coriolis MTD-ACMW d\u1ea1ng W \u0111o ch\u00ednh x\u00e1c cao \u0111\u1ebfn \u00b10.1%, kh\u00f4ng b\u1ed9 ph\u1eadn chuy\u1ec3n \u0111\u1ed9ng, ph\u00f9 h\u1ee3p cho nhi\u1ec1u ng\u00e0nh c\u00f4ng nghi\u1ec7p.\" \/>\n<meta property=\"og:url\" content=\"https:\/\/quando.com.vn\/en\/product\/coriolis-mass-flow-meter-mtd-acmw\/\" \/>\n<meta property=\"og:site_name\" content=\"QUANDO\" \/>\n<meta property=\"article:modified_time\" content=\"2025-11-19T07:19:41+00:00\" \/>\n<meta name=\"twitter:card\" content=\"summary_large_image\" \/>\n<meta name=\"twitter:image\" content=\"https:\/\/quando.com.vn\/wp-content\/uploads\/2025\/11\/Coriolis-Mass-Flow-Meter-W-Shape-MTD-ACMW.webp\" \/>\n<meta name=\"twitter:label1\" content=\"Est. reading time\" \/>\n\t<meta name=\"twitter:data1\" content=\"2 minutes\" \/>\n<script type=\"application\/ld+json\" class=\"yoast-schema-graph\">{\"@context\":\"https:\/\/schema.org\",\"@graph\":[{\"@type\":\"WebSite\",\"@id\":\"https:\/\/quando.com.vn\/en\/#website\",\"url\":\"https:\/\/quando.com.vn\/en\/\",\"name\":\"QUANDO\",\"description\":\"\",\"potentialAction\":[{\"@type\":\"SearchAction\",\"target\":{\"@type\":\"EntryPoint\",\"urlTemplate\":\"https:\/\/quando.com.vn\/en\/?s={search_term_string}\"},\"query-input\":\"required name=search_term_string\"}],\"inLanguage\":\"en-US\"},{\"@type\":\"ImageObject\",\"@id\":\"https:\/\/quando.com.vn\/san-pham\/coriolis-mass-flow-meter-mtd-acmw\/#primaryimage\",\"inLanguage\":\"en-US\",\"url\":\"https:\/\/quando.com.vn\/wp-content\/uploads\/2025\/11\/Coriolis-Mass-Flow-Meter-W-Shape-MTD-ACMW.webp\",\"contentUrl\":\"https:\/\/quando.com.vn\/wp-content\/uploads\/2025\/11\/Coriolis-Mass-Flow-Meter-W-Shape-MTD-ACMW.webp\",\"width\":800,\"height\":800,\"caption\":\"\u0110\u1ed3ng h\u1ed3 \u0111o l\u01b0u l\u01b0\u1ee3ng Coriolis MTD-ACMW\"},{\"@type\":\"WebPage\",\"@id\":\"https:\/\/quando.com.vn\/san-pham\/coriolis-mass-flow-meter-mtd-acmw\/#webpage\",\"url\":\"https:\/\/quando.com.vn\/san-pham\/coriolis-mass-flow-meter-mtd-acmw\/\",\"name\":\"\u0110\u1ed3ng h\u1ed3 \u0111o l\u01b0u l\u01b0\u1ee3ng Coriolis MTD-ACMW - QUANDO\",\"isPartOf\":{\"@id\":\"https:\/\/quando.com.vn\/en\/#website\"},\"primaryImageOfPage\":{\"@id\":\"https:\/\/quando.com.vn\/san-pham\/coriolis-mass-flow-meter-mtd-acmw\/#primaryimage\"},\"datePublished\":\"2025-11-19T03:58:53+00:00\",\"dateModified\":\"2025-11-19T07:19:41+00:00\",\"description\":\"\u0110\u1ed3ng h\u1ed3 \u0111o l\u01b0u l\u01b0\u1ee3ng Coriolis MTD-ACMW d\u1ea1ng W \u0111o ch\u00ednh x\u00e1c cao \u0111\u1ebfn \u00b10.1%, kh\u00f4ng b\u1ed9 ph\u1eadn chuy\u1ec3n \u0111\u1ed9ng, ph\u00f9 h\u1ee3p cho nhi\u1ec1u ng\u00e0nh c\u00f4ng nghi\u1ec7p.\",\"breadcrumb\":{\"@id\":\"https:\/\/quando.com.vn\/san-pham\/coriolis-mass-flow-meter-mtd-acmw\/#breadcrumb\"},\"inLanguage\":\"en-US\",\"potentialAction\":[{\"@type\":\"ReadAction\",\"target\":[\"https:\/\/quando.com.vn\/san-pham\/coriolis-mass-flow-meter-mtd-acmw\/\"]}]},{\"@type\":\"BreadcrumbList\",\"@id\":\"https:\/\/quando.com.vn\/san-pham\/coriolis-mass-flow-meter-mtd-acmw\/#breadcrumb\",\"itemListElement\":[{\"@type\":\"ListItem\",\"position\":1,\"name\":\"Trang ch\u1ee7\",\"item\":\"https:\/\/quando.com.vn\/\"},{\"@type\":\"ListItem\",\"position\":2,\"name\":\"S\u1ea3n ph\u1ea9m\",\"item\":\"https:\/\/quando.com.vn\/san-pham\/\"},{\"@type\":\"ListItem\",\"position\":3,\"name\":\"\u0110\u1ed3ng h\u1ed3 \u0111o l\u01b0u l\u01b0\u1ee3ng Coriolis MTD-ACMW\"}]}]}<\/script>\n<!-- \/ Yoast SEO Premium plugin. -->","yoast_head_json":{"title":"\u0110\u1ed3ng h\u1ed3 \u0111o l\u01b0u l\u01b0\u1ee3ng Coriolis MTD-ACMW - QUANDO","description":"\u0110\u1ed3ng h\u1ed3 \u0111o l\u01b0u l\u01b0\u1ee3ng Coriolis MTD-ACMW d\u1ea1ng W \u0111o ch\u00ednh x\u00e1c cao \u0111\u1ebfn \u00b10.1%, kh\u00f4ng b\u1ed9 ph\u1eadn chuy\u1ec3n \u0111\u1ed9ng, ph\u00f9 h\u1ee3p cho nhi\u1ec1u ng\u00e0nh c\u00f4ng nghi\u1ec7p.","robots":{"index":"index","follow":"follow","max-snippet":"max-snippet:-1","max-image-preview":"max-image-preview:large","max-video-preview":"max-video-preview:-1"},"canonical":"https:\/\/quando.com.vn\/en\/product\/coriolis-mass-flow-meter-mtd-acmw\/","og_locale":"en_US","og_type":"article","og_title":"\u0110\u1ed3ng h\u1ed3 \u0111o l\u01b0u l\u01b0\u1ee3ng Coriolis MTD-ACMW","og_description":"\u0110\u1ed3ng h\u1ed3 \u0111o l\u01b0u l\u01b0\u1ee3ng Coriolis MTD-ACMW d\u1ea1ng W \u0111o ch\u00ednh x\u00e1c cao \u0111\u1ebfn \u00b10.1%, kh\u00f4ng b\u1ed9 ph\u1eadn chuy\u1ec3n \u0111\u1ed9ng, ph\u00f9 h\u1ee3p cho nhi\u1ec1u ng\u00e0nh c\u00f4ng nghi\u1ec7p.","og_url":"https:\/\/quando.com.vn\/en\/product\/coriolis-mass-flow-meter-mtd-acmw\/","og_site_name":"QUANDO","article_modified_time":"2025-11-19T07:19:41+00:00","twitter_card":"summary_large_image","twitter_image":"https:\/\/quando.com.vn\/wp-content\/uploads\/2025\/11\/Coriolis-Mass-Flow-Meter-W-Shape-MTD-ACMW.webp","twitter_misc":{"Est. reading time":"2 minutes"},"schema":{"@context":"https:\/\/schema.org","@graph":[{"@type":"WebSite","@id":"https:\/\/quando.com.vn\/en\/#website","url":"https:\/\/quando.com.vn\/en\/","name":"QUANDO","description":"","potentialAction":[{"@type":"SearchAction","target":{"@type":"EntryPoint","urlTemplate":"https:\/\/quando.com.vn\/en\/?s={search_term_string}"},"query-input":"required name=search_term_string"}],"inLanguage":"en-US"},{"@type":"ImageObject","@id":"https:\/\/quando.com.vn\/san-pham\/coriolis-mass-flow-meter-mtd-acmw\/#primaryimage","inLanguage":"en-US","url":"https:\/\/quando.com.vn\/wp-content\/uploads\/2025\/11\/Coriolis-Mass-Flow-Meter-W-Shape-MTD-ACMW.webp","contentUrl":"https:\/\/quando.com.vn\/wp-content\/uploads\/2025\/11\/Coriolis-Mass-Flow-Meter-W-Shape-MTD-ACMW.webp","width":800,"height":800,"caption":"\u0110\u1ed3ng h\u1ed3 \u0111o l\u01b0u l\u01b0\u1ee3ng Coriolis MTD-ACMW"},{"@type":"WebPage","@id":"https:\/\/quando.com.vn\/san-pham\/coriolis-mass-flow-meter-mtd-acmw\/#webpage","url":"https:\/\/quando.com.vn\/san-pham\/coriolis-mass-flow-meter-mtd-acmw\/","name":"\u0110\u1ed3ng h\u1ed3 \u0111o l\u01b0u l\u01b0\u1ee3ng Coriolis MTD-ACMW - QUANDO","isPartOf":{"@id":"https:\/\/quando.com.vn\/en\/#website"},"primaryImageOfPage":{"@id":"https:\/\/quando.com.vn\/san-pham\/coriolis-mass-flow-meter-mtd-acmw\/#primaryimage"},"datePublished":"2025-11-19T03:58:53+00:00","dateModified":"2025-11-19T07:19:41+00:00","description":"\u0110\u1ed3ng h\u1ed3 \u0111o l\u01b0u l\u01b0\u1ee3ng Coriolis MTD-ACMW d\u1ea1ng W \u0111o ch\u00ednh x\u00e1c cao \u0111\u1ebfn \u00b10.1%, kh\u00f4ng b\u1ed9 ph\u1eadn chuy\u1ec3n \u0111\u1ed9ng, ph\u00f9 h\u1ee3p cho nhi\u1ec1u ng\u00e0nh c\u00f4ng nghi\u1ec7p.","breadcrumb":{"@id":"https:\/\/quando.com.vn\/san-pham\/coriolis-mass-flow-meter-mtd-acmw\/#breadcrumb"},"inLanguage":"en-US","potentialAction":[{"@type":"ReadAction","target":["https:\/\/quando.com.vn\/san-pham\/coriolis-mass-flow-meter-mtd-acmw\/"]}]},{"@type":"BreadcrumbList","@id":"https:\/\/quando.com.vn\/san-pham\/coriolis-mass-flow-meter-mtd-acmw\/#breadcrumb","itemListElement":[{"@type":"ListItem","position":1,"name":"Trang ch\u1ee7","item":"https:\/\/quando.com.vn\/"},{"@type":"ListItem","position":2,"name":"S\u1ea3n ph\u1ea9m","item":"https:\/\/quando.com.vn\/san-pham\/"},{"@type":"ListItem","position":3,"name":"\u0110\u1ed3ng h\u1ed3 \u0111o l\u01b0u l\u01b0\u1ee3ng Coriolis MTD-ACMW"}]}]}},"_links":{"self":[{"href":"https:\/\/quando.com.vn\/en\/wp-json\/wp\/v2\/product\/7638"}],"collection":[{"href":"https:\/\/quando.com.vn\/en\/wp-json\/wp\/v2\/product"}],"about":[{"href":"https:\/\/quando.com.vn\/en\/wp-json\/wp\/v2\/types\/product"}],"wp:featuredmedia":[{"embeddable":true,"href":"https:\/\/quando.com.vn\/en\/wp-json\/wp\/v2\/media\/7640"}],"wp:attachment":[{"href":"https:\/\/quando.com.vn\/en\/wp-json\/wp\/v2\/media?parent=7638"}],"wp:term":[{"taxonomy":"product_cat","embeddable":true,"href":"https:\/\/quando.com.vn\/en\/wp-json\/wp\/v2\/product_cat?post=7638"},{"taxonomy":"product_tag","embeddable":true,"href":"https:\/\/quando.com.vn\/en\/wp-json\/wp\/v2\/product_tag?post=7638"}],"curies":[{"name":"wp","href":"https:\/\/api.w.org\/{rel}","templated":true}]}}