{"id":7632,"date":"2025-11-18T16:40:27","date_gmt":"2025-11-18T09:40:27","guid":{"rendered":"https:\/\/quando.com.vn\/?post_type=product&#038;p=7632"},"modified":"2025-11-18T17:07:46","modified_gmt":"2025-11-18T10:07:46","slug":"man-hinh-led-hien-thi-chat-luong-khong-khi-dmb05","status":"publish","type":"product","link":"https:\/\/quando.com.vn\/en\/product\/man-hinh-led-hien-thi-chat-luong-khong-khi-dmb05\/","title":{"rendered":"M\u00e0n h\u00ecnh LED hi\u1ec3n th\u1ecb ch\u1ea5t l\u01b0\u1ee3ng kh\u00f4ng kh\u00ed DMB05"},"content":{"rendered":"<h3>M\u00e0n h\u00ecnh LED hi\u1ec3n th\u1ecb ch\u1ea5t l\u01b0\u1ee3ng kh\u00f4ng kh\u00ed DMB05<\/h3>\n<p><strong>DMB05<\/strong> l\u00e0 thi\u1ebft b\u1ecb gi\u00e1m s\u00e1t ch\u1ea5t l\u01b0\u1ee3ng kh\u00f4ng kh\u00ed trong nh\u00e0 t\u00edch h\u1ee3p 4 ch\u1ee9c n\u0103ng trong m\u1ed9t thi\u1ebft b\u1ecb duy nh\u1ea5t: <strong>PM2.5, CO\u2082, nhi\u1ec7t \u0111\u1ed9 v\u00e0 \u0111\u1ed9 \u1ea9m<\/strong>. V\u1edbi m\u00e0n h\u00ecnh <strong>LED \u0111\u1ed9 s\u00e1ng cao<\/strong>, c\u00e1c ch\u1ec9 s\u1ed1 \u0111\u01b0\u1ee3c hi\u1ec3n th\u1ecb r\u00f5 r\u00e0ng gi\u00fap ng\u01b0\u1eddi d\u00f9ng d\u1ec5 d\u00e0ng nh\u1eadn bi\u1ebft t\u00ecnh tr\u1ea1ng kh\u00f4ng kh\u00ed trong m\u00f4i tr\u01b0\u1eddng l\u00e0m vi\u1ec7c ho\u1eb7c sinh ho\u1ea1t.<\/p>\n<h4>\u0110\u1eb7c \u0111i\u1ec3m n\u1ed5i b\u1eadt<\/h4>\n<ul>\n<li>\u0110o c\u00f9ng l\u00fac 4 ch\u1ec9 s\u1ed1: PM2.5, CO\u2082, nhi\u1ec7t \u0111\u1ed9 v\u00e0 \u0111\u1ed9 \u1ea9m<\/li>\n<li>Giao ti\u1ebfp RS-485 \u2013 gi\u00e1m s\u00e1t v\u00e0 ghi d\u1eef li\u1ec7u d\u1ec5 d\u00e0ng<\/li>\n<li>M\u00e0n h\u00ecnh LED \u0111\u1ed9 s\u00e1ng cao, hi\u1ec3n th\u1ecb r\u00f5 r\u00e0ng t\u1eeb xa<\/li>\n<li>Bi\u1ec3u t\u01b0\u1ee3ng c\u1ea3m x\u00fac 6 m\u1ee9c cho CO\u2082 \u2013 c\u1ea3nh b\u00e1o tr\u1ef1c quan<\/li>\n<li>Hi\u1ec3n th\u1ecb ch\u1ec9 s\u1ed1 PMV (Predicted Mean Vote) ph\u1ea3n \u00e1nh c\u1ea3m nh\u1eadn nhi\u1ec7t \u0111\u1ed9 c\u01a1 th\u1ec3<\/li>\n<li>Thi\u1ebft k\u1ebf ph\u00f9 h\u1ee3p cho nhi\u1ec1u kh\u00f4ng gian trong nh\u00e0, d\u1ec5 l\u1eafp \u0111\u1eb7t<\/li>\n<\/ul>\n<p><img loading=\"lazy\" class=\"aligncenter size-full wp-image-7635\" src=\"https:\/\/quando.com.vn\/wp-content\/uploads\/2025\/11\/eyc-DMB05-led-display-spec.webp\" alt=\"M\u00e0n h\u00ecnh LED hi\u1ec3n th\u1ecb ch\u1ea5t l\u01b0\u1ee3ng kh\u00f4ng kh\u00ed DMB05\" width=\"953\" height=\"608\" srcset=\"https:\/\/quando.com.vn\/wp-content\/uploads\/2025\/11\/eyc-DMB05-led-display-spec.webp 953w, https:\/\/quando.com.vn\/wp-content\/uploads\/2025\/11\/eyc-DMB05-led-display-spec-300x191.webp 300w, https:\/\/quando.com.vn\/wp-content\/uploads\/2025\/11\/eyc-DMB05-led-display-spec-768x490.webp 768w, https:\/\/quando.com.vn\/wp-content\/uploads\/2025\/11\/eyc-DMB05-led-display-spec-18x12.webp 18w\" sizes=\"(max-width: 953px) 100vw, 953px\" \/><\/p>\n<p><img loading=\"lazy\" class=\"aligncenter wp-image-7634 size-full\" src=\"https:\/\/quando.com.vn\/wp-content\/uploads\/2025\/11\/eyc-DMB05-led-display-co2.webp\" alt=\"M\u00e0n h\u00ecnh LED hi\u1ec3n th\u1ecb CO2\" width=\"980\" height=\"353\" srcset=\"https:\/\/quando.com.vn\/wp-content\/uploads\/2025\/11\/eyc-DMB05-led-display-co2.webp 980w, https:\/\/quando.com.vn\/wp-content\/uploads\/2025\/11\/eyc-DMB05-led-display-co2-300x108.webp 300w, https:\/\/quando.com.vn\/wp-content\/uploads\/2025\/11\/eyc-DMB05-led-display-co2-768x277.webp 768w, https:\/\/quando.com.vn\/wp-content\/uploads\/2025\/11\/eyc-DMB05-led-display-co2-18x6.webp 18w\" sizes=\"(max-width: 980px) 100vw, 980px\" \/><\/p>\n<p><a href=\"https:\/\/quando.com.vn\/san-pham\/cam-bien-nhiet-do-do-am-thr23-gs23-thg03-tgp03\/\"><img loading=\"lazy\" class=\"aligncenter size-full wp-image-7633\" src=\"https:\/\/quando.com.vn\/wp-content\/uploads\/2025\/11\/eyc-DMB05-led-connection.webp\" alt=\"M\u00e0n h\u00ecnh LED hi\u1ec3n th\u1ecb k\u1ebft n\u1ed1i m\u00e1y t\u00ednh\" width=\"696\" height=\"255\" srcset=\"https:\/\/quando.com.vn\/wp-content\/uploads\/2025\/11\/eyc-DMB05-led-connection.webp 696w, https:\/\/quando.com.vn\/wp-content\/uploads\/2025\/11\/eyc-DMB05-led-connection-300x110.webp 300w, https:\/\/quando.com.vn\/wp-content\/uploads\/2025\/11\/eyc-DMB05-led-connection-18x7.webp 18w\" sizes=\"(max-width: 696px) 100vw, 696px\" \/><\/a><\/p>\n<h4>\u1ee8ng d\u1ee5ng \u0111i\u1ec3n h\u00ecnh<\/h4>\n<ul>\n<li>Nh\u00e0 m\u00e1y, x\u01b0\u1edfng s\u1ea3n xu\u1ea5t<\/li>\n<li>Ph\u00f2ng m\u00e1y ch\u1ee7 IDC, ph\u00f2ng s\u1ea1ch, ph\u00f2ng th\u00ed nghi\u1ec7m<\/li>\n<li>Nh\u00e0 k\u00ednh, n\u00f4ng nghi\u1ec7p trong nh\u00e0<\/li>\n<li>B\u1ec7nh vi\u1ec7n, th\u01b0 vi\u1ec7n, trung t\u00e2m th\u01b0\u01a1ng m\u1ea1i<\/li>\n<li>V\u0103n ph\u00f2ng, kh\u00e1ch s\u1ea1n, nh\u00e0 h\u00e0ng<\/li>\n<li>Ng\u00e2n h\u00e0ng, c\u01a1 s\u1edf h\u00e0nh ch\u00ednh, kho b\u1ea3o qu\u1ea3n<\/li>\n<\/ul>\n<p><strong>DMB05<\/strong> l\u00e0 gi\u1ea3i ph\u00e1p l\u00fd t\u01b0\u1edfng cho c\u00e1c m\u00f4i tr\u01b0\u1eddng c\u1ea7n theo d\u00f5i ch\u1ea5t l\u01b0\u1ee3ng kh\u00f4ng kh\u00ed ch\u00ednh x\u00e1c v\u00e0 hi\u1ec3n th\u1ecb tr\u1ef1c quan \u0111\u1ec3 ng\u01b0\u1eddi d\u00f9ng nh\u1eadn bi\u1ebft v\u00e0 \u0111i\u1ec1u ch\u1ec9nh h\u1ec7 th\u1ed1ng th\u00f4ng gi\u00f3, \u0111i\u1ec1u h\u00f2a ho\u1eb7c c\u1ea3nh b\u00e1o s\u1edbm k\u1ecbp th\u1eddi.<\/p>\n<p>&nbsp;<\/p>","protected":false},"excerpt":{"rendered":"<p>&#8211; Thi\u1ebft b\u1ecb \u0111o 4 trong 1: PM2.5, CO\u2082, nhi\u1ec7t \u0111\u1ed9, \u0111\u1ed9 \u1ea9m<br \/>\n&#8211; Giao ti\u1ebfp RS-485, gi\u00e1m s\u00e1t th\u1eddi gian th\u1ef1c<br \/>\n&#8211; M\u00e0n h\u00ecnh LED \u0111\u1ed9 s\u00e1ng cao, d\u1ec5 \u0111\u1ecdc<br \/>\n&#8211; Hi\u1ec3n th\u1ecb bi\u1ec3u t\u01b0\u1ee3ng c\u1ea3nh b\u00e1o CO\u2082 theo 6 m\u1ee9c<br \/>\n&#8211; Hi\u1ec3n th\u1ecb ch\u1ec9 s\u1ed1 PMV ph\u1ea3n \u00e1nh c\u1ea3m gi\u00e1c c\u01a1 th\u1ec3<br \/>\n&#8211; D\u00f9ng trong nh\u00e0 m\u00e1y, v\u0103n ph\u00f2ng, b\u1ec7nh vi\u1ec7n, kho l\u1ea1nh<\/p>","protected":false},"featured_media":7636,"template":"","meta":[],"product_cat":[568,565,566,525,567],"product_tag":[],"acf":[],"yoast_head":"<!-- This site is optimized with the Yoast SEO Premium plugin v18.4 (Yoast SEO v18.6) - https:\/\/yoast.com\/wordpress\/plugins\/seo\/ -->\n<title>M\u00e0n h\u00ecnh LED hi\u1ec3n th\u1ecb ch\u1ea5t l\u01b0\u1ee3ng kh\u00f4ng kh\u00ed DMB05 - QUANDO<\/title>\n<meta name=\"description\" content=\"M\u00e0n h\u00ecnh LED hi\u1ec3n th\u1ecb ch\u1ea5t l\u01b0\u1ee3ng kh\u00f4ng kh\u00ed DMB05 lo\u1ea1i 4 trong 1: PM2.5, CO\u2082, nhi\u1ec7t \u0111\u1ed9 &amp; \u0111\u1ed9 \u1ea9m, hi\u1ec3n th\u1ecb LED l\u1edbn, h\u1ed7 tr\u1ee3 RS-485, t\u00edch h\u1ee3p bi\u1ec3u t\u01b0\u1ee3ng c\u1ea3nh b\u00e1o tr\u1ef1c quan.\" \/>\n<meta name=\"robots\" content=\"index, follow, max-snippet:-1, max-image-preview:large, max-video-preview:-1\" \/>\n<link rel=\"canonical\" href=\"https:\/\/quando.com.vn\/en\/product\/man-hinh-led-hien-thi-chat-luong-khong-khi-dmb05\/\" \/>\n<meta property=\"og:locale\" content=\"en_US\" \/>\n<meta property=\"og:type\" content=\"article\" \/>\n<meta property=\"og:title\" content=\"M\u00e0n h\u00ecnh LED hi\u1ec3n th\u1ecb ch\u1ea5t l\u01b0\u1ee3ng kh\u00f4ng kh\u00ed DMB05\" \/>\n<meta property=\"og:description\" content=\"M\u00e0n h\u00ecnh LED hi\u1ec3n th\u1ecb ch\u1ea5t l\u01b0\u1ee3ng kh\u00f4ng kh\u00ed DMB05 lo\u1ea1i 4 trong 1: PM2.5, CO\u2082, nhi\u1ec7t \u0111\u1ed9 &amp; \u0111\u1ed9 \u1ea9m, hi\u1ec3n th\u1ecb LED l\u1edbn, h\u1ed7 tr\u1ee3 RS-485, t\u00edch h\u1ee3p bi\u1ec3u t\u01b0\u1ee3ng c\u1ea3nh b\u00e1o tr\u1ef1c quan.\" \/>\n<meta property=\"og:url\" content=\"https:\/\/quando.com.vn\/en\/product\/man-hinh-led-hien-thi-chat-luong-khong-khi-dmb05\/\" \/>\n<meta property=\"og:site_name\" content=\"QUANDO\" \/>\n<meta property=\"article:modified_time\" content=\"2025-11-18T10:07:46+00:00\" \/>\n<meta name=\"twitter:card\" content=\"summary_large_image\" \/>\n<meta name=\"twitter:image\" content=\"https:\/\/quando.com.vn\/wp-content\/uploads\/2025\/11\/eyc-DMB05-led-display.webp\" \/>\n<meta name=\"twitter:label1\" content=\"Est. reading time\" \/>\n\t<meta name=\"twitter:data1\" content=\"2 minutes\" \/>\n<script type=\"application\/ld+json\" class=\"yoast-schema-graph\">{\"@context\":\"https:\/\/schema.org\",\"@graph\":[{\"@type\":\"WebSite\",\"@id\":\"https:\/\/quando.com.vn\/en\/#website\",\"url\":\"https:\/\/quando.com.vn\/en\/\",\"name\":\"QUANDO\",\"description\":\"\",\"potentialAction\":[{\"@type\":\"SearchAction\",\"target\":{\"@type\":\"EntryPoint\",\"urlTemplate\":\"https:\/\/quando.com.vn\/en\/?s={search_term_string}\"},\"query-input\":\"required name=search_term_string\"}],\"inLanguage\":\"en-US\"},{\"@type\":\"ImageObject\",\"@id\":\"https:\/\/quando.com.vn\/san-pham\/man-hinh-led-hien-thi-chat-luong-khong-khi-dmb05\/#primaryimage\",\"inLanguage\":\"en-US\",\"url\":\"https:\/\/quando.com.vn\/wp-content\/uploads\/2025\/11\/eyc-DMB05-led-display.webp\",\"contentUrl\":\"https:\/\/quando.com.vn\/wp-content\/uploads\/2025\/11\/eyc-DMB05-led-display.webp\",\"width\":991,\"height\":579,\"caption\":\"M\u00e0n h\u00ecnh LED hi\u1ec3n th\u1ecb ch\u1ea5t l\u01b0\u1ee3ng kh\u00f4ng kh\u00ed DMB05\"},{\"@type\":\"WebPage\",\"@id\":\"https:\/\/quando.com.vn\/san-pham\/man-hinh-led-hien-thi-chat-luong-khong-khi-dmb05\/#webpage\",\"url\":\"https:\/\/quando.com.vn\/san-pham\/man-hinh-led-hien-thi-chat-luong-khong-khi-dmb05\/\",\"name\":\"M\u00e0n h\u00ecnh LED hi\u1ec3n th\u1ecb ch\u1ea5t l\u01b0\u1ee3ng kh\u00f4ng kh\u00ed DMB05 - QUANDO\",\"isPartOf\":{\"@id\":\"https:\/\/quando.com.vn\/en\/#website\"},\"primaryImageOfPage\":{\"@id\":\"https:\/\/quando.com.vn\/san-pham\/man-hinh-led-hien-thi-chat-luong-khong-khi-dmb05\/#primaryimage\"},\"datePublished\":\"2025-11-18T09:40:27+00:00\",\"dateModified\":\"2025-11-18T10:07:46+00:00\",\"description\":\"M\u00e0n h\u00ecnh LED hi\u1ec3n th\u1ecb ch\u1ea5t l\u01b0\u1ee3ng kh\u00f4ng kh\u00ed DMB05 lo\u1ea1i 4 trong 1: PM2.5, CO\u2082, nhi\u1ec7t \u0111\u1ed9 & \u0111\u1ed9 \u1ea9m, hi\u1ec3n th\u1ecb LED l\u1edbn, h\u1ed7 tr\u1ee3 RS-485, t\u00edch h\u1ee3p bi\u1ec3u t\u01b0\u1ee3ng c\u1ea3nh b\u00e1o tr\u1ef1c quan.\",\"breadcrumb\":{\"@id\":\"https:\/\/quando.com.vn\/san-pham\/man-hinh-led-hien-thi-chat-luong-khong-khi-dmb05\/#breadcrumb\"},\"inLanguage\":\"en-US\",\"potentialAction\":[{\"@type\":\"ReadAction\",\"target\":[\"https:\/\/quando.com.vn\/san-pham\/man-hinh-led-hien-thi-chat-luong-khong-khi-dmb05\/\"]}]},{\"@type\":\"BreadcrumbList\",\"@id\":\"https:\/\/quando.com.vn\/san-pham\/man-hinh-led-hien-thi-chat-luong-khong-khi-dmb05\/#breadcrumb\",\"itemListElement\":[{\"@type\":\"ListItem\",\"position\":1,\"name\":\"Trang ch\u1ee7\",\"item\":\"https:\/\/quando.com.vn\/\"},{\"@type\":\"ListItem\",\"position\":2,\"name\":\"S\u1ea3n ph\u1ea9m\",\"item\":\"https:\/\/quando.com.vn\/san-pham\/\"},{\"@type\":\"ListItem\",\"position\":3,\"name\":\"M\u00e0n h\u00ecnh LED hi\u1ec3n th\u1ecb ch\u1ea5t l\u01b0\u1ee3ng kh\u00f4ng kh\u00ed DMB05\"}]}]}<\/script>\n<!-- \/ Yoast SEO Premium plugin. -->","yoast_head_json":{"title":"M\u00e0n h\u00ecnh LED hi\u1ec3n th\u1ecb ch\u1ea5t l\u01b0\u1ee3ng kh\u00f4ng kh\u00ed DMB05 - QUANDO","description":"M\u00e0n h\u00ecnh LED hi\u1ec3n th\u1ecb ch\u1ea5t l\u01b0\u1ee3ng kh\u00f4ng kh\u00ed DMB05 lo\u1ea1i 4 trong 1: PM2.5, CO\u2082, nhi\u1ec7t \u0111\u1ed9 & \u0111\u1ed9 \u1ea9m, hi\u1ec3n th\u1ecb LED l\u1edbn, h\u1ed7 tr\u1ee3 RS-485, t\u00edch h\u1ee3p bi\u1ec3u t\u01b0\u1ee3ng c\u1ea3nh b\u00e1o tr\u1ef1c quan.","robots":{"index":"index","follow":"follow","max-snippet":"max-snippet:-1","max-image-preview":"max-image-preview:large","max-video-preview":"max-video-preview:-1"},"canonical":"https:\/\/quando.com.vn\/en\/product\/man-hinh-led-hien-thi-chat-luong-khong-khi-dmb05\/","og_locale":"en_US","og_type":"article","og_title":"M\u00e0n h\u00ecnh LED hi\u1ec3n th\u1ecb ch\u1ea5t l\u01b0\u1ee3ng kh\u00f4ng kh\u00ed DMB05","og_description":"M\u00e0n h\u00ecnh LED hi\u1ec3n th\u1ecb ch\u1ea5t l\u01b0\u1ee3ng kh\u00f4ng kh\u00ed DMB05 lo\u1ea1i 4 trong 1: PM2.5, CO\u2082, nhi\u1ec7t \u0111\u1ed9 & \u0111\u1ed9 \u1ea9m, hi\u1ec3n th\u1ecb LED l\u1edbn, h\u1ed7 tr\u1ee3 RS-485, t\u00edch h\u1ee3p bi\u1ec3u t\u01b0\u1ee3ng c\u1ea3nh b\u00e1o tr\u1ef1c quan.","og_url":"https:\/\/quando.com.vn\/en\/product\/man-hinh-led-hien-thi-chat-luong-khong-khi-dmb05\/","og_site_name":"QUANDO","article_modified_time":"2025-11-18T10:07:46+00:00","twitter_card":"summary_large_image","twitter_image":"https:\/\/quando.com.vn\/wp-content\/uploads\/2025\/11\/eyc-DMB05-led-display.webp","twitter_misc":{"Est. reading time":"2 minutes"},"schema":{"@context":"https:\/\/schema.org","@graph":[{"@type":"WebSite","@id":"https:\/\/quando.com.vn\/en\/#website","url":"https:\/\/quando.com.vn\/en\/","name":"QUANDO","description":"","potentialAction":[{"@type":"SearchAction","target":{"@type":"EntryPoint","urlTemplate":"https:\/\/quando.com.vn\/en\/?s={search_term_string}"},"query-input":"required name=search_term_string"}],"inLanguage":"en-US"},{"@type":"ImageObject","@id":"https:\/\/quando.com.vn\/san-pham\/man-hinh-led-hien-thi-chat-luong-khong-khi-dmb05\/#primaryimage","inLanguage":"en-US","url":"https:\/\/quando.com.vn\/wp-content\/uploads\/2025\/11\/eyc-DMB05-led-display.webp","contentUrl":"https:\/\/quando.com.vn\/wp-content\/uploads\/2025\/11\/eyc-DMB05-led-display.webp","width":991,"height":579,"caption":"M\u00e0n h\u00ecnh LED hi\u1ec3n th\u1ecb ch\u1ea5t l\u01b0\u1ee3ng kh\u00f4ng kh\u00ed DMB05"},{"@type":"WebPage","@id":"https:\/\/quando.com.vn\/san-pham\/man-hinh-led-hien-thi-chat-luong-khong-khi-dmb05\/#webpage","url":"https:\/\/quando.com.vn\/san-pham\/man-hinh-led-hien-thi-chat-luong-khong-khi-dmb05\/","name":"M\u00e0n h\u00ecnh LED hi\u1ec3n th\u1ecb ch\u1ea5t l\u01b0\u1ee3ng kh\u00f4ng kh\u00ed DMB05 - QUANDO","isPartOf":{"@id":"https:\/\/quando.com.vn\/en\/#website"},"primaryImageOfPage":{"@id":"https:\/\/quando.com.vn\/san-pham\/man-hinh-led-hien-thi-chat-luong-khong-khi-dmb05\/#primaryimage"},"datePublished":"2025-11-18T09:40:27+00:00","dateModified":"2025-11-18T10:07:46+00:00","description":"M\u00e0n h\u00ecnh LED hi\u1ec3n th\u1ecb ch\u1ea5t l\u01b0\u1ee3ng kh\u00f4ng kh\u00ed DMB05 lo\u1ea1i 4 trong 1: PM2.5, CO\u2082, nhi\u1ec7t \u0111\u1ed9 & \u0111\u1ed9 \u1ea9m, hi\u1ec3n th\u1ecb LED l\u1edbn, h\u1ed7 tr\u1ee3 RS-485, t\u00edch h\u1ee3p bi\u1ec3u t\u01b0\u1ee3ng c\u1ea3nh b\u00e1o tr\u1ef1c quan.","breadcrumb":{"@id":"https:\/\/quando.com.vn\/san-pham\/man-hinh-led-hien-thi-chat-luong-khong-khi-dmb05\/#breadcrumb"},"inLanguage":"en-US","potentialAction":[{"@type":"ReadAction","target":["https:\/\/quando.com.vn\/san-pham\/man-hinh-led-hien-thi-chat-luong-khong-khi-dmb05\/"]}]},{"@type":"BreadcrumbList","@id":"https:\/\/quando.com.vn\/san-pham\/man-hinh-led-hien-thi-chat-luong-khong-khi-dmb05\/#breadcrumb","itemListElement":[{"@type":"ListItem","position":1,"name":"Trang ch\u1ee7","item":"https:\/\/quando.com.vn\/"},{"@type":"ListItem","position":2,"name":"S\u1ea3n ph\u1ea9m","item":"https:\/\/quando.com.vn\/san-pham\/"},{"@type":"ListItem","position":3,"name":"M\u00e0n h\u00ecnh LED hi\u1ec3n th\u1ecb ch\u1ea5t l\u01b0\u1ee3ng kh\u00f4ng kh\u00ed DMB05"}]}]}},"_links":{"self":[{"href":"https:\/\/quando.com.vn\/en\/wp-json\/wp\/v2\/product\/7632"}],"collection":[{"href":"https:\/\/quando.com.vn\/en\/wp-json\/wp\/v2\/product"}],"about":[{"href":"https:\/\/quando.com.vn\/en\/wp-json\/wp\/v2\/types\/product"}],"wp:featuredmedia":[{"embeddable":true,"href":"https:\/\/quando.com.vn\/en\/wp-json\/wp\/v2\/media\/7636"}],"wp:attachment":[{"href":"https:\/\/quando.com.vn\/en\/wp-json\/wp\/v2\/media?parent=7632"}],"wp:term":[{"taxonomy":"product_cat","embeddable":true,"href":"https:\/\/quando.com.vn\/en\/wp-json\/wp\/v2\/product_cat?post=7632"},{"taxonomy":"product_tag","embeddable":true,"href":"https:\/\/quando.com.vn\/en\/wp-json\/wp\/v2\/product_tag?post=7632"}],"curies":[{"name":"wp","href":"https:\/\/api.w.org\/{rel}","templated":true}]}}