{"id":7625,"date":"2025-11-18T16:05:18","date_gmt":"2025-11-18T09:05:18","guid":{"rendered":"https:\/\/quando.com.vn\/?post_type=product&#038;p=7625"},"modified":"2025-11-18T17:06:07","modified_gmt":"2025-11-18T10:06:07","slug":"cam-bien-nhiet-do-do-am-thr23-gs23-thg03-tgp03","status":"publish","type":"product","link":"https:\/\/quando.com.vn\/en\/product\/cam-bien-nhiet-do-do-am-thr23-gs23-thg03-tgp03\/","title":{"rendered":"C\u1ea3m bi\u1ebfn nhi\u1ec7t \u0111\u1ed9 \u0111\u1ed9 \u1ea9m THR23 GS23 THG03 TGP03"},"content":{"rendered":"<h3>C\u1ea3m bi\u1ebfn nhi\u1ec7t \u0111\u1ed9 \u0111\u1ed9 \u1ea9m THR23 GS23 THG03 TGP03<\/h3>\n<p><strong>THR23 \/ GS23 \/ THG03 \/ TGP03\u00a0<\/strong> l\u00e0 c\u1ea3m bi\u1ebfn \u0111o nhi\u1ec7t \u0111\u1ed9 v\u00e0 \u0111\u1ed9 \u1ea9m trong nh\u00e0 \u0111\u01b0\u1ee3c thi\u1ebft k\u1ebf \u0111\u1eb7c bi\u1ec7t cho c\u00e1c \u1ee9ng d\u1ee5ng trong h\u1ec7 th\u1ed1ng HVAC, qu\u1ea3n l\u00fd t\u00f2a nh\u00e0 (BMS) v\u00e0 ki\u1ec3m so\u00e1t th\u00f4ng gi\u00f3 trong kh\u00f4ng gian k\u00edn. S\u1ea3n ph\u1ea9m c\u00f3 thi\u1ebft k\u1ebf \u0111\u01a1n gi\u1ea3n, t\u00edch h\u1ee3p m\u00e0n h\u00ecnh LCD hi\u1ec3n th\u1ecb, ho\u1ea1t \u0111\u1ed9ng \u1ed5n \u0111\u1ecbnh l\u00e2u d\u00e0i v\u00e0 d\u1ec5 l\u1eafp \u0111\u1eb7t.<\/p>\n<h4>\u0110\u1eb7c \u0111i\u1ec3m n\u1ed5i b\u1eadt<\/h4>\n<ul>\n<li>\u0110o nhi\u1ec7t \u0111\u1ed9 v\u00e0 \u0111\u1ed9 \u1ea9m trong nh\u00e0 v\u1edbi \u0111\u1ed9 ch\u00ednh x\u00e1c cao<\/li>\n<li>Hi\u1ec3n th\u1ecb gi\u00e1 tr\u1ecb th\u1eddi gian th\u1ef1c tr\u00ean LCD<\/li>\n<li>H\u1ed7 tr\u1ee3 \u0111\u1ea7u ra analog (0\u201310 V \/ 4\u201320 mA) v\u00e0 RS-485<\/li>\n<li>Thi\u1ebft k\u1ebf nh\u1ecf g\u1ecdn, d\u1ec5 l\u1eafp \u0111\u1eb7t, d\u1ec5 b\u1ea3o tr\u00ec<\/li>\n<li>\u0110\u1ed9 \u1ed5n \u0111\u1ecbnh cao, ho\u1ea1t \u0111\u1ed9ng b\u1ec1n b\u1ec9 trong m\u00f4i tr\u01b0\u1eddng v\u0103n ph\u00f2ng, c\u00f4ng c\u1ed9ng<\/li>\n<li>D\u1eef li\u1ec7u c\u00f3 th\u1ec3 ghi log v\u00e0 truy\u1ec1n v\u1ec1 m\u00e1y t\u00ednh qua ph\u1ea7n m\u1ec1m RS-485<\/li>\n<\/ul>\n<p><img loading=\"lazy\" class=\"aligncenter size-full wp-image-7629\" src=\"https:\/\/quando.com.vn\/wp-content\/uploads\/2025\/11\/eyc-tech-indoor-humidity-and-temperature-thr23-gs23-thg03-tgp03-display.webp\" alt=\"C\u1ea3m bi\u1ebfn nhi\u1ec7t \u0111\u1ed9 &amp; \u0111\u1ed9 \u1ea9m THR23 GS23 THG03 TGP03 display\" width=\"983\" height=\"527\" srcset=\"https:\/\/quando.com.vn\/wp-content\/uploads\/2025\/11\/eyc-tech-indoor-humidity-and-temperature-thr23-gs23-thg03-tgp03-display.webp 983w, https:\/\/quando.com.vn\/wp-content\/uploads\/2025\/11\/eyc-tech-indoor-humidity-and-temperature-thr23-gs23-thg03-tgp03-display-300x161.webp 300w, https:\/\/quando.com.vn\/wp-content\/uploads\/2025\/11\/eyc-tech-indoor-humidity-and-temperature-thr23-gs23-thg03-tgp03-display-768x412.webp 768w, https:\/\/quando.com.vn\/wp-content\/uploads\/2025\/11\/eyc-tech-indoor-humidity-and-temperature-thr23-gs23-thg03-tgp03-display-18x10.webp 18w\" sizes=\"(max-width: 983px) 100vw, 983px\" \/><\/p>\n<p><img loading=\"lazy\" class=\"aligncenter size-full wp-image-7631\" src=\"https:\/\/quando.com.vn\/wp-content\/uploads\/2025\/11\/eyc-tech-indoor-humidity-and-temperature-thr23-gs23-thg03-tgp03-order.webp\" alt=\"C\u1ea3m bi\u1ebfn nhi\u1ec7t \u0111\u1ed9 &amp; \u0111\u1ed9 \u1ea9m THR23 GS23 THG03 TGP03 spec\" width=\"907\" height=\"465\" srcset=\"https:\/\/quando.com.vn\/wp-content\/uploads\/2025\/11\/eyc-tech-indoor-humidity-and-temperature-thr23-gs23-thg03-tgp03-order.webp 907w, https:\/\/quando.com.vn\/wp-content\/uploads\/2025\/11\/eyc-tech-indoor-humidity-and-temperature-thr23-gs23-thg03-tgp03-order-300x154.webp 300w, https:\/\/quando.com.vn\/wp-content\/uploads\/2025\/11\/eyc-tech-indoor-humidity-and-temperature-thr23-gs23-thg03-tgp03-order-768x394.webp 768w, https:\/\/quando.com.vn\/wp-content\/uploads\/2025\/11\/eyc-tech-indoor-humidity-and-temperature-thr23-gs23-thg03-tgp03-order-18x9.webp 18w\" sizes=\"(max-width: 907px) 100vw, 907px\" \/><\/p>\n<p><img loading=\"lazy\" class=\"aligncenter size-full wp-image-7628\" src=\"https:\/\/quando.com.vn\/wp-content\/uploads\/2025\/11\/eyc-tech-indoor-humidity-and-temperature-thr23-gs23-thg03-tgp03-connection.webp\" alt=\"C\u1ea3m bi\u1ebfn nhi\u1ec7t \u0111\u1ed9 &amp; \u0111\u1ed9 \u1ea9m\" width=\"574\" height=\"538\" srcset=\"https:\/\/quando.com.vn\/wp-content\/uploads\/2025\/11\/eyc-tech-indoor-humidity-and-temperature-thr23-gs23-thg03-tgp03-connection.webp 574w, https:\/\/quando.com.vn\/wp-content\/uploads\/2025\/11\/eyc-tech-indoor-humidity-and-temperature-thr23-gs23-thg03-tgp03-connection-300x281.webp 300w, https:\/\/quando.com.vn\/wp-content\/uploads\/2025\/11\/eyc-tech-indoor-humidity-and-temperature-thr23-gs23-thg03-tgp03-connection-13x12.webp 13w\" sizes=\"(max-width: 574px) 100vw, 574px\" \/><\/p>\n<p><a href=\"https:\/\/quando.com.vn\/san-pham\/man-hinh-led-hien-thi-chat-luong-khong-khi-dmb05\/\"><img loading=\"lazy\" class=\"aligncenter size-full wp-image-7630\" src=\"https:\/\/quando.com.vn\/wp-content\/uploads\/2025\/11\/eyc-tech-indoor-humidity-and-temperature-thr23-gs23-thg03-tgp03-options.webp\" alt=\"C\u1ea3m bi\u1ebfn nhi\u1ec7t \u0111\u1ed9 &amp; \u0111\u1ed9 \u1ea9m t\u00f9y ch\u1ecdn v\u1edbi b\u1ea3ng led hi\u1ec3n th\u1ecb\" width=\"942\" height=\"627\" srcset=\"https:\/\/quando.com.vn\/wp-content\/uploads\/2025\/11\/eyc-tech-indoor-humidity-and-temperature-thr23-gs23-thg03-tgp03-options.webp 942w, https:\/\/quando.com.vn\/wp-content\/uploads\/2025\/11\/eyc-tech-indoor-humidity-and-temperature-thr23-gs23-thg03-tgp03-options-300x200.webp 300w, https:\/\/quando.com.vn\/wp-content\/uploads\/2025\/11\/eyc-tech-indoor-humidity-and-temperature-thr23-gs23-thg03-tgp03-options-768x511.webp 768w, https:\/\/quando.com.vn\/wp-content\/uploads\/2025\/11\/eyc-tech-indoor-humidity-and-temperature-thr23-gs23-thg03-tgp03-options-18x12.webp 18w\" sizes=\"(max-width: 942px) 100vw, 942px\" \/><\/a><\/p>\n<p><a href=\"https:\/\/quando.com.vn\/san-pham\/man-hinh-led-hien-thi-chat-luong-khong-khi-dmb05\/\">DMB05 4-in-1 Multifunction Indoor Air Quality Large LED Display<\/a><\/p>\n<h4><strong>\u1ee8ng d\u1ee5ng \u0111i\u1ec3n h\u00ecnh<\/strong><\/h4>\n<ul>\n<li>H\u1ec7 th\u1ed1ng HVAC, \u0111i\u1ec1u h\u00f2a kh\u00f4ng kh\u00ed<\/li>\n<li>Qu\u1ea3n l\u00fd th\u00f4ng gi\u00f3 t\u00f2a nh\u00e0 v\u00e0 trung t\u00e2m th\u01b0\u01a1ng m\u1ea1i<\/li>\n<li>B\u1ea3o t\u00e0ng, th\u01b0 vi\u1ec7n, m\u00f4i tr\u01b0\u1eddng ki\u1ec3m \u0111\u1ecbnh<\/li>\n<li>Si\u00eau th\u1ecb, trung t\u00e2m d\u1eef li\u1ec7u (Data Center)<\/li>\n<li>X\u01b0\u1edfng s\u1ea3n xu\u1ea5t, kho h\u00e0ng, n\u01a1i c\u00f4ng c\u1ed9ng<\/li>\n<\/ul>\n<p>&nbsp;<\/p>","protected":false},"excerpt":{"rendered":"<p>&#8211; C\u1ea3m bi\u1ebfn nhi\u1ec7t &amp; \u0111\u1ed9 \u1ea9m trong nh\u00e0<br \/>\n&#8211; D\u1ea3i \u0111o: 0~50\u00b0C \/ 0~100%RH<br \/>\n&#8211; \u0110\u1ed9 ch\u00ednh x\u00e1c \u00b10.3\u00b0C \/ \u00b12.5%RH<br \/>\n&#8211; \u0110\u1ea7u ra: 4\u201320 mA \/ 0\u201310 V \/ RS-485<br \/>\n&#8211; C\u00f3 m\u00e0n h\u00ecnh LCD theo d\u00f5i th\u1eddi gian th\u1ef1c<br \/>\n&#8211; D\u1ec5 l\u1eafp \u0111\u1eb7t, IP20, \u1ed5n \u0111\u1ecbnh l\u00e2u d\u00e0i<\/p>","protected":false},"featured_media":7627,"template":"","meta":[],"product_cat":[565,566,525],"product_tag":[],"acf":[],"yoast_head":"<!-- This site is optimized with the Yoast SEO Premium plugin v18.4 (Yoast SEO v18.6) - https:\/\/yoast.com\/wordpress\/plugins\/seo\/ -->\n<title>C\u1ea3m bi\u1ebfn nhi\u1ec7t \u0111\u1ed9 \u0111\u1ed9 \u1ea9m THR23 GS23 THG03 TGP03 - QUANDO<\/title>\n<meta name=\"description\" content=\"C\u1ea3m bi\u1ebfn nhi\u1ec7t \u0111\u1ed9 \u0111\u1ed9 \u1ea9m THR23 GS23 THG03 TGP03 l\u00e0 c\u1ea3m bi\u1ebfn nhi\u1ec7t \u0111\u1ed9 &amp; \u0111\u1ed9 \u1ea9m trong nh\u00e0, t\u00edch h\u1ee3p LCD, \u0111\u1ea7u ra analog ho\u1eb7c RS-485, ph\u00f9 h\u1ee3p h\u1ec7 HVAC, qu\u1ea3n l\u00fd t\u00f2a nh\u00e0\" \/>\n<meta name=\"robots\" content=\"index, follow, max-snippet:-1, max-image-preview:large, max-video-preview:-1\" \/>\n<link rel=\"canonical\" href=\"https:\/\/quando.com.vn\/en\/product\/cam-bien-nhiet-do-do-am-thr23-gs23-thg03-tgp03\/\" \/>\n<meta property=\"og:locale\" content=\"en_US\" \/>\n<meta property=\"og:type\" content=\"article\" \/>\n<meta property=\"og:title\" content=\"C\u1ea3m bi\u1ebfn nhi\u1ec7t \u0111\u1ed9 \u0111\u1ed9 \u1ea9m THR23 GS23 THG03 TGP03\" \/>\n<meta property=\"og:description\" content=\"C\u1ea3m bi\u1ebfn nhi\u1ec7t \u0111\u1ed9 \u0111\u1ed9 \u1ea9m THR23 GS23 THG03 TGP03 l\u00e0 c\u1ea3m bi\u1ebfn nhi\u1ec7t \u0111\u1ed9 &amp; \u0111\u1ed9 \u1ea9m trong nh\u00e0, t\u00edch h\u1ee3p LCD, \u0111\u1ea7u ra analog ho\u1eb7c RS-485, ph\u00f9 h\u1ee3p h\u1ec7 HVAC, qu\u1ea3n l\u00fd t\u00f2a nh\u00e0\" \/>\n<meta property=\"og:url\" content=\"https:\/\/quando.com.vn\/en\/product\/cam-bien-nhiet-do-do-am-thr23-gs23-thg03-tgp03\/\" \/>\n<meta property=\"og:site_name\" content=\"QUANDO\" \/>\n<meta property=\"article:modified_time\" content=\"2025-11-18T10:06:07+00:00\" \/>\n<meta name=\"twitter:card\" content=\"summary_large_image\" \/>\n<meta name=\"twitter:image\" content=\"https:\/\/quando.com.vn\/wp-content\/uploads\/2025\/11\/eyc-tech-indoor-humidity-and-temperature-thr23-gs23-thg03-tgp03.webp\" \/>\n<meta name=\"twitter:label1\" content=\"Est. reading time\" \/>\n\t<meta name=\"twitter:data1\" content=\"2 minutes\" \/>\n<script type=\"application\/ld+json\" class=\"yoast-schema-graph\">{\"@context\":\"https:\/\/schema.org\",\"@graph\":[{\"@type\":\"WebSite\",\"@id\":\"https:\/\/quando.com.vn\/en\/#website\",\"url\":\"https:\/\/quando.com.vn\/en\/\",\"name\":\"QUANDO\",\"description\":\"\",\"potentialAction\":[{\"@type\":\"SearchAction\",\"target\":{\"@type\":\"EntryPoint\",\"urlTemplate\":\"https:\/\/quando.com.vn\/en\/?s={search_term_string}\"},\"query-input\":\"required name=search_term_string\"}],\"inLanguage\":\"en-US\"},{\"@type\":\"ImageObject\",\"@id\":\"https:\/\/quando.com.vn\/san-pham\/cam-bien-nhiet-do-do-am-thr23-gs23-thg03-tgp03\/#primaryimage\",\"inLanguage\":\"en-US\",\"url\":\"https:\/\/quando.com.vn\/wp-content\/uploads\/2025\/11\/eyc-tech-indoor-humidity-and-temperature-thr23-gs23-thg03-tgp03.webp\",\"contentUrl\":\"https:\/\/quando.com.vn\/wp-content\/uploads\/2025\/11\/eyc-tech-indoor-humidity-and-temperature-thr23-gs23-thg03-tgp03.webp\",\"width\":1161,\"height\":591},{\"@type\":\"WebPage\",\"@id\":\"https:\/\/quando.com.vn\/san-pham\/cam-bien-nhiet-do-do-am-thr23-gs23-thg03-tgp03\/#webpage\",\"url\":\"https:\/\/quando.com.vn\/san-pham\/cam-bien-nhiet-do-do-am-thr23-gs23-thg03-tgp03\/\",\"name\":\"C\u1ea3m bi\u1ebfn nhi\u1ec7t \u0111\u1ed9 \u0111\u1ed9 \u1ea9m THR23 GS23 THG03 TGP03 - QUANDO\",\"isPartOf\":{\"@id\":\"https:\/\/quando.com.vn\/en\/#website\"},\"primaryImageOfPage\":{\"@id\":\"https:\/\/quando.com.vn\/san-pham\/cam-bien-nhiet-do-do-am-thr23-gs23-thg03-tgp03\/#primaryimage\"},\"datePublished\":\"2025-11-18T09:05:18+00:00\",\"dateModified\":\"2025-11-18T10:06:07+00:00\",\"description\":\"C\u1ea3m bi\u1ebfn nhi\u1ec7t \u0111\u1ed9 \u0111\u1ed9 \u1ea9m THR23 GS23 THG03 TGP03 l\u00e0 c\u1ea3m bi\u1ebfn nhi\u1ec7t \u0111\u1ed9 & \u0111\u1ed9 \u1ea9m trong nh\u00e0, t\u00edch h\u1ee3p LCD, \u0111\u1ea7u ra analog ho\u1eb7c RS-485, ph\u00f9 h\u1ee3p h\u1ec7 HVAC, qu\u1ea3n l\u00fd t\u00f2a nh\u00e0\",\"breadcrumb\":{\"@id\":\"https:\/\/quando.com.vn\/san-pham\/cam-bien-nhiet-do-do-am-thr23-gs23-thg03-tgp03\/#breadcrumb\"},\"inLanguage\":\"en-US\",\"potentialAction\":[{\"@type\":\"ReadAction\",\"target\":[\"https:\/\/quando.com.vn\/san-pham\/cam-bien-nhiet-do-do-am-thr23-gs23-thg03-tgp03\/\"]}]},{\"@type\":\"BreadcrumbList\",\"@id\":\"https:\/\/quando.com.vn\/san-pham\/cam-bien-nhiet-do-do-am-thr23-gs23-thg03-tgp03\/#breadcrumb\",\"itemListElement\":[{\"@type\":\"ListItem\",\"position\":1,\"name\":\"Trang ch\u1ee7\",\"item\":\"https:\/\/quando.com.vn\/\"},{\"@type\":\"ListItem\",\"position\":2,\"name\":\"S\u1ea3n ph\u1ea9m\",\"item\":\"https:\/\/quando.com.vn\/san-pham\/\"},{\"@type\":\"ListItem\",\"position\":3,\"name\":\"C\u1ea3m bi\u1ebfn nhi\u1ec7t \u0111\u1ed9 \u0111\u1ed9 \u1ea9m THR23 GS23 THG03 TGP03\"}]}]}<\/script>\n<!-- \/ Yoast SEO Premium plugin. -->","yoast_head_json":{"title":"C\u1ea3m bi\u1ebfn nhi\u1ec7t \u0111\u1ed9 \u0111\u1ed9 \u1ea9m THR23 GS23 THG03 TGP03 - QUANDO","description":"C\u1ea3m bi\u1ebfn nhi\u1ec7t \u0111\u1ed9 \u0111\u1ed9 \u1ea9m THR23 GS23 THG03 TGP03 l\u00e0 c\u1ea3m bi\u1ebfn nhi\u1ec7t \u0111\u1ed9 & \u0111\u1ed9 \u1ea9m trong nh\u00e0, t\u00edch h\u1ee3p LCD, \u0111\u1ea7u ra analog ho\u1eb7c RS-485, ph\u00f9 h\u1ee3p h\u1ec7 HVAC, qu\u1ea3n l\u00fd t\u00f2a nh\u00e0","robots":{"index":"index","follow":"follow","max-snippet":"max-snippet:-1","max-image-preview":"max-image-preview:large","max-video-preview":"max-video-preview:-1"},"canonical":"https:\/\/quando.com.vn\/en\/product\/cam-bien-nhiet-do-do-am-thr23-gs23-thg03-tgp03\/","og_locale":"en_US","og_type":"article","og_title":"C\u1ea3m bi\u1ebfn nhi\u1ec7t \u0111\u1ed9 \u0111\u1ed9 \u1ea9m THR23 GS23 THG03 TGP03","og_description":"C\u1ea3m bi\u1ebfn nhi\u1ec7t \u0111\u1ed9 \u0111\u1ed9 \u1ea9m THR23 GS23 THG03 TGP03 l\u00e0 c\u1ea3m bi\u1ebfn nhi\u1ec7t \u0111\u1ed9 & \u0111\u1ed9 \u1ea9m trong nh\u00e0, t\u00edch h\u1ee3p LCD, \u0111\u1ea7u ra analog ho\u1eb7c RS-485, ph\u00f9 h\u1ee3p h\u1ec7 HVAC, qu\u1ea3n l\u00fd t\u00f2a nh\u00e0","og_url":"https:\/\/quando.com.vn\/en\/product\/cam-bien-nhiet-do-do-am-thr23-gs23-thg03-tgp03\/","og_site_name":"QUANDO","article_modified_time":"2025-11-18T10:06:07+00:00","twitter_card":"summary_large_image","twitter_image":"https:\/\/quando.com.vn\/wp-content\/uploads\/2025\/11\/eyc-tech-indoor-humidity-and-temperature-thr23-gs23-thg03-tgp03.webp","twitter_misc":{"Est. reading time":"2 minutes"},"schema":{"@context":"https:\/\/schema.org","@graph":[{"@type":"WebSite","@id":"https:\/\/quando.com.vn\/en\/#website","url":"https:\/\/quando.com.vn\/en\/","name":"QUANDO","description":"","potentialAction":[{"@type":"SearchAction","target":{"@type":"EntryPoint","urlTemplate":"https:\/\/quando.com.vn\/en\/?s={search_term_string}"},"query-input":"required name=search_term_string"}],"inLanguage":"en-US"},{"@type":"ImageObject","@id":"https:\/\/quando.com.vn\/san-pham\/cam-bien-nhiet-do-do-am-thr23-gs23-thg03-tgp03\/#primaryimage","inLanguage":"en-US","url":"https:\/\/quando.com.vn\/wp-content\/uploads\/2025\/11\/eyc-tech-indoor-humidity-and-temperature-thr23-gs23-thg03-tgp03.webp","contentUrl":"https:\/\/quando.com.vn\/wp-content\/uploads\/2025\/11\/eyc-tech-indoor-humidity-and-temperature-thr23-gs23-thg03-tgp03.webp","width":1161,"height":591},{"@type":"WebPage","@id":"https:\/\/quando.com.vn\/san-pham\/cam-bien-nhiet-do-do-am-thr23-gs23-thg03-tgp03\/#webpage","url":"https:\/\/quando.com.vn\/san-pham\/cam-bien-nhiet-do-do-am-thr23-gs23-thg03-tgp03\/","name":"C\u1ea3m bi\u1ebfn nhi\u1ec7t \u0111\u1ed9 \u0111\u1ed9 \u1ea9m THR23 GS23 THG03 TGP03 - QUANDO","isPartOf":{"@id":"https:\/\/quando.com.vn\/en\/#website"},"primaryImageOfPage":{"@id":"https:\/\/quando.com.vn\/san-pham\/cam-bien-nhiet-do-do-am-thr23-gs23-thg03-tgp03\/#primaryimage"},"datePublished":"2025-11-18T09:05:18+00:00","dateModified":"2025-11-18T10:06:07+00:00","description":"C\u1ea3m bi\u1ebfn nhi\u1ec7t \u0111\u1ed9 \u0111\u1ed9 \u1ea9m THR23 GS23 THG03 TGP03 l\u00e0 c\u1ea3m bi\u1ebfn nhi\u1ec7t \u0111\u1ed9 & \u0111\u1ed9 \u1ea9m trong nh\u00e0, t\u00edch h\u1ee3p LCD, \u0111\u1ea7u ra analog ho\u1eb7c RS-485, ph\u00f9 h\u1ee3p h\u1ec7 HVAC, qu\u1ea3n l\u00fd t\u00f2a nh\u00e0","breadcrumb":{"@id":"https:\/\/quando.com.vn\/san-pham\/cam-bien-nhiet-do-do-am-thr23-gs23-thg03-tgp03\/#breadcrumb"},"inLanguage":"en-US","potentialAction":[{"@type":"ReadAction","target":["https:\/\/quando.com.vn\/san-pham\/cam-bien-nhiet-do-do-am-thr23-gs23-thg03-tgp03\/"]}]},{"@type":"BreadcrumbList","@id":"https:\/\/quando.com.vn\/san-pham\/cam-bien-nhiet-do-do-am-thr23-gs23-thg03-tgp03\/#breadcrumb","itemListElement":[{"@type":"ListItem","position":1,"name":"Trang ch\u1ee7","item":"https:\/\/quando.com.vn\/"},{"@type":"ListItem","position":2,"name":"S\u1ea3n ph\u1ea9m","item":"https:\/\/quando.com.vn\/san-pham\/"},{"@type":"ListItem","position":3,"name":"C\u1ea3m bi\u1ebfn nhi\u1ec7t \u0111\u1ed9 \u0111\u1ed9 \u1ea9m THR23 GS23 THG03 TGP03"}]}]}},"_links":{"self":[{"href":"https:\/\/quando.com.vn\/en\/wp-json\/wp\/v2\/product\/7625"}],"collection":[{"href":"https:\/\/quando.com.vn\/en\/wp-json\/wp\/v2\/product"}],"about":[{"href":"https:\/\/quando.com.vn\/en\/wp-json\/wp\/v2\/types\/product"}],"wp:featuredmedia":[{"embeddable":true,"href":"https:\/\/quando.com.vn\/en\/wp-json\/wp\/v2\/media\/7627"}],"wp:attachment":[{"href":"https:\/\/quando.com.vn\/en\/wp-json\/wp\/v2\/media?parent=7625"}],"wp:term":[{"taxonomy":"product_cat","embeddable":true,"href":"https:\/\/quando.com.vn\/en\/wp-json\/wp\/v2\/product_cat?post=7625"},{"taxonomy":"product_tag","embeddable":true,"href":"https:\/\/quando.com.vn\/en\/wp-json\/wp\/v2\/product_tag?post=7625"}],"curies":[{"name":"wp","href":"https:\/\/api.w.org\/{rel}","templated":true}]}}