{"id":7610,"date":"2025-11-14T11:23:27","date_gmt":"2025-11-14T04:23:27","guid":{"rendered":"https:\/\/quando.com.vn\/?post_type=product&#038;p=7610"},"modified":"2025-11-14T12:04:20","modified_gmt":"2025-11-14T05:04:20","slug":"cam-bien-do-duc-supmea-sup-ptu-8010","status":"publish","type":"product","link":"https:\/\/quando.com.vn\/en\/product\/cam-bien-do-duc-supmea-sup-ptu-8010\/","title":{"rendered":"C\u1ea3m bi\u1ebfn \u0111\u1ed9 \u0111\u1ee5c Supmea SUP-PTU-8010"},"content":{"rendered":"<p><strong>C\u1ea3m bi\u1ebfn \u0111\u1ed9 \u0111\u1ee5c Supmea SUP-PTU-8010<\/strong>\u00a0l\u00e0 c\u1ea3m bi\u1ebfn \u0111o \u0111\u1ed9 \u0111\u1ee5c k\u1ef9 thu\u1eadt s\u1ed1 ti\u00ean ti\u1ebfn c\u1ee7a Supmea, s\u1eed d\u1ee5ng c\u00f4ng ngh\u1ec7 h\u1ed3ng ngo\u1ea1i t\u00e1n x\u1ea1 k\u00e9p (Dual-Beam Infrared Scattered Light). Thi\u1ebft b\u1ecb mang l\u1ea1i \u0111\u1ed9 ch\u00ednh x\u00e1c cao, \u1ed5n \u0111\u1ecbnh v\u00e0 kh\u1ea3 n\u0103ng l\u1eb7p l\u1ea1i tuy\u1ec7t v\u1eddi, ph\u00f9 h\u1ee3p gi\u00e1m s\u00e1t \u0111\u1ed9 \u0111\u1ee5c n\u01b0\u1edbc trong x\u1eed l\u00fd n\u01b0\u1edbc, c\u00f4ng nghi\u1ec7p v\u00e0 nu\u00f4i tr\u1ed3ng th\u1ee7y s\u1ea3n.<\/p>\n<h4>Th\u00f4ng s\u1ed1 k\u1ef9 thu\u1eadt<\/h4>\n<table>\n<tbody>\n<tr>\n<td>Product<\/td>\n<td>Turbidity Sensor<\/td>\n<\/tr>\n<tr>\n<td>Model<\/td>\n<td>SUP-PTU-8010<\/td>\n<\/tr>\n<tr>\n<td>Measurement Range<\/td>\n<td>0.01\u20133000 NTU<\/td>\n<\/tr>\n<tr>\n<td>Operating Temperature<\/td>\n<td>0\u201345\u00b0C<\/td>\n<\/tr>\n<tr>\n<td>Pressure Rating<\/td>\n<td>0.4 MPa<\/td>\n<\/tr>\n<tr>\n<td>Thread Type<\/td>\n<td>R1<\/td>\n<\/tr>\n<tr>\n<td>Shell Material Options<\/td>\n<td>Stainless Steel \/ Titanium<\/td>\n<\/tr>\n<tr>\n<td>Electrode Scraper<\/td>\n<td>Optional (Standard: Without)<\/td>\n<\/tr>\n<tr>\n<td>Cable Length<\/td>\n<td>Standard 10m (Custom up to 100m)<\/td>\n<\/tr>\n<tr>\n<td>Output<\/td>\n<td>RS485 (Modbus RTU)<\/td>\n<\/tr>\n<\/tbody>\n<\/table>\n<h4><strong>\u0110\u1eb7c \u0111i\u1ec3m n\u1ed5i b\u1eadt<\/strong><\/h4>\n<p>&#8211; C\u00f4ng ngh\u1ec7 quang h\u1ecdc h\u1ed3ng ngo\u1ea1i t\u00e1n x\u1ea1 k\u00e9p gi\u00fap \u0111o ch\u00ednh x\u00e1c, \u1ed5n \u0111\u1ecbnh v\u00e0 l\u1eb7p l\u1ea1i t\u1ed1t<br \/>\n&#8211; T\u00edch h\u1ee3p ch\u1ee9c n\u0103ng t\u1ef1 l\u00e0m s\u1ea1ch, gi\u1ea3m thi\u1ec3u b\u1ea3o tr\u00ec<br \/>\n&#8211; T\u1ef1 ch\u1ea9n \u0111o\u00e1n th\u00f4ng minh gi\u00fap ph\u00e1t hi\u1ec7n s\u1edbm l\u1ed7i c\u1ea3m bi\u1ebfn<br \/>\n&#8211; Thi\u1ebft k\u1ebf ch\u1ed1ng nhi\u1ec5u cao, truy\u1ec1n t\u00edn hi\u1ec7u xa \u1ed5n \u0111\u1ecbnh<br \/>\n&#8211; L\u1eafp \u0111\u1eb7t d\u1ea1ng plug-and-play, d\u1ec5 t\u00edch h\u1ee3p h\u1ec7 th\u1ed1ng SCADA\/DCS<br \/>\n&#8211; L\u1ef1a ch\u1ecdn v\u1ecf inox ho\u1eb7c titan cho m\u00f4i tr\u01b0\u1eddng n\u01b0\u1edbc m\u1eb7n, \u0103n m\u00f2n cao<br \/>\n&#8211; H\u1ed7 tr\u1ee3 d\u00e2y t\u00edn hi\u1ec7u d\u00e0i t\u1edbi 100m cho l\u1eafp \u0111\u1eb7t linh ho\u1ea1t<\/p>\n<h3>\u1ee8ng d\u1ee5ng c\u1ea3m bi\u1ebfn \u0111\u1ed9 \u0111\u1ee5c Supmea SUP-PTU-8010<\/h3>\n<p>&#8211; Nh\u00e0 m\u00e1y x\u1eed l\u00fd n\u01b0\u1edbc c\u1ea5p (b\u1ec3 l\u1eafng, \u0111\u1ea7u v\u00e0o, \u0111\u1ea7u ra)<br \/>\n&#8211; H\u1ec7 th\u1ed1ng x\u1eed l\u00fd n\u01b0\u1edbc th\u1ea3i c\u00f4ng nghi\u1ec7p v\u00e0 sinh ho\u1ea1t<br \/>\n&#8211; Gi\u00e1m s\u00e1t n\u01b0\u1edbc trong d\u00e2y chuy\u1ec1n s\u1ea3n xu\u1ea5t c\u00f4ng nghi\u1ec7p<br \/>\n&#8211; Ao nu\u00f4i tr\u1ed3ng th\u1ee7y s\u1ea3n, h\u1ed3 sinh h\u1ecdc, b\u1ec3 tu\u1ea7n ho\u00e0n<br \/>\n&#8211; C\u00e1c h\u1ec7 th\u1ed1ng quan tr\u1eafc m\u00f4i tr\u01b0\u1eddng n\u01b0\u1edbc t\u1ef1 \u0111\u1ed9ng<\/p>\n<p><img loading=\"lazy\" class=\"aligncenter size-full wp-image-7612\" src=\"https:\/\/quando.com.vn\/wp-content\/uploads\/2025\/11\/SUP-PTU-8010-Turbidity-Sensor_Dimension.png\" alt=\"c\u1ea3m bi\u1ebfn \u0111o \u0111\u1ed9 \u0111\u1ee5c SUP-PTU-8010-Turbidity-Sensor-dimension\" width=\"1002\" height=\"501\" srcset=\"https:\/\/quando.com.vn\/wp-content\/uploads\/2025\/11\/SUP-PTU-8010-Turbidity-Sensor_Dimension.png 1002w, https:\/\/quando.com.vn\/wp-content\/uploads\/2025\/11\/SUP-PTU-8010-Turbidity-Sensor_Dimension-300x150.png 300w, https:\/\/quando.com.vn\/wp-content\/uploads\/2025\/11\/SUP-PTU-8010-Turbidity-Sensor_Dimension-768x384.png 768w, https:\/\/quando.com.vn\/wp-content\/uploads\/2025\/11\/SUP-PTU-8010-Turbidity-Sensor_Dimension-18x9.png 18w\" sizes=\"(max-width: 1002px) 100vw, 1002px\" \/><\/p>\n<p><img loading=\"lazy\" class=\"aligncenter size-full wp-image-7613\" src=\"https:\/\/quando.com.vn\/wp-content\/uploads\/2025\/11\/SUP-PTU-8010-Turbidity-Sensor_Ordering.png\" alt=\"c\u1ea3m bi\u1ebfn \u0111o \u0111\u1ed9 \u0111\u1ee5c SUP-PTU-8010-Turbidity-Sensor-Ordering\" width=\"1033\" height=\"470\" srcset=\"https:\/\/quando.com.vn\/wp-content\/uploads\/2025\/11\/SUP-PTU-8010-Turbidity-Sensor_Ordering.png 1033w, https:\/\/quando.com.vn\/wp-content\/uploads\/2025\/11\/SUP-PTU-8010-Turbidity-Sensor_Ordering-300x136.png 300w, https:\/\/quando.com.vn\/wp-content\/uploads\/2025\/11\/SUP-PTU-8010-Turbidity-Sensor_Ordering-1024x466.png 1024w, https:\/\/quando.com.vn\/wp-content\/uploads\/2025\/11\/SUP-PTU-8010-Turbidity-Sensor_Ordering-768x349.png 768w, https:\/\/quando.com.vn\/wp-content\/uploads\/2025\/11\/SUP-PTU-8010-Turbidity-Sensor_Ordering-18x8.png 18w\" sizes=\"(max-width: 1033px) 100vw, 1033px\" \/><\/p>\n<p><a href=\"https:\/\/quando.com.vn\/wp-content\/uploads\/2025\/11\/SUP-PTU-8010-Turbidity-Sensor_3.webp\"><img loading=\"lazy\" class=\"aligncenter size-full wp-image-7617\" src=\"https:\/\/quando.com.vn\/wp-content\/uploads\/2025\/11\/SUP-PTU-8010-Turbidity-Sensor_3.webp\" alt=\"\" width=\"790\" height=\"800\" srcset=\"https:\/\/quando.com.vn\/wp-content\/uploads\/2025\/11\/SUP-PTU-8010-Turbidity-Sensor_3.webp 790w, https:\/\/quando.com.vn\/wp-content\/uploads\/2025\/11\/SUP-PTU-8010-Turbidity-Sensor_3-296x300.webp 296w, https:\/\/quando.com.vn\/wp-content\/uploads\/2025\/11\/SUP-PTU-8010-Turbidity-Sensor_3-768x778.webp 768w, https:\/\/quando.com.vn\/wp-content\/uploads\/2025\/11\/SUP-PTU-8010-Turbidity-Sensor_3-12x12.webp 12w, https:\/\/quando.com.vn\/wp-content\/uploads\/2025\/11\/SUP-PTU-8010-Turbidity-Sensor_3-300x304.webp 300w, https:\/\/quando.com.vn\/wp-content\/uploads\/2025\/11\/SUP-PTU-8010-Turbidity-Sensor_3-100x100.webp 100w\" sizes=\"(max-width: 790px) 100vw, 790px\" \/><\/a><\/p>\n<p><img loading=\"lazy\" class=\"aligncenter size-full wp-image-7618\" src=\"https:\/\/quando.com.vn\/wp-content\/uploads\/2025\/11\/SUP-PTU-8010-Turbidity-Sensor_4.webp\" alt=\"\" width=\"790\" height=\"769\" srcset=\"https:\/\/quando.com.vn\/wp-content\/uploads\/2025\/11\/SUP-PTU-8010-Turbidity-Sensor_4.webp 790w, https:\/\/quando.com.vn\/wp-content\/uploads\/2025\/11\/SUP-PTU-8010-Turbidity-Sensor_4-300x292.webp 300w, https:\/\/quando.com.vn\/wp-content\/uploads\/2025\/11\/SUP-PTU-8010-Turbidity-Sensor_4-768x748.webp 768w, https:\/\/quando.com.vn\/wp-content\/uploads\/2025\/11\/SUP-PTU-8010-Turbidity-Sensor_4-12x12.webp 12w\" sizes=\"(max-width: 790px) 100vw, 790px\" \/><\/p>","protected":false},"excerpt":{"rendered":"<p>&#8211; C\u00f4ng ngh\u1ec7 h\u1ed3ng ngo\u1ea1i t\u00e1n x\u1ea1 k\u00e9p ch\u00ednh x\u00e1c cao<br \/>\n&#8211; D\u1ea3i \u0111o r\u1ed9ng 0.01\u20133000 NTU<br \/>\n&#8211; T\u1ef1 l\u00e0m s\u1ea1ch, ch\u1ea9n \u0111o\u00e1n l\u1ed7i t\u1ef1 \u0111\u1ed9ng<br \/>\n&#8211; Giao ti\u1ebfp modbus RS-485<br \/>\n&#8211; V\u1ecf inox ho\u1eb7c titan, ch\u1ecbu m\u00f4i tr\u01b0\u1eddng kh\u1eafc nghi\u1ec7t<\/p>","protected":false},"featured_media":7611,"template":"","meta":[],"product_cat":[561,562],"product_tag":[],"acf":[],"yoast_head":"<!-- This site is optimized with the Yoast SEO Premium plugin v18.4 (Yoast SEO v18.6) - https:\/\/yoast.com\/wordpress\/plugins\/seo\/ -->\n<title>C\u1ea3m bi\u1ebfn \u0111\u1ed9 \u0111\u1ee5c Supmea SUP-PTU-8010 - QUANDO<\/title>\n<meta name=\"description\" content=\"C\u1ea3m bi\u1ebfn \u0111\u1ed9 \u0111\u1ee5c Supmea SUP-PTU-8010, d\u00f9ng c\u00f4ng ngh\u1ec7 h\u1ed3ng ngo\u1ea1i t\u00e1n x\u1ea1 k\u00e9p, \u0111\u1ea7u ra RS485 Modbus, v\u1ecf inox ho\u1eb7c titan, ph\u00f9 h\u1ee3p x\u1eed l\u00fd n\u01b0\u1edbc, nu\u00f4i tr\u1ed3ng th\u1ee7y s\u1ea3n...\" \/>\n<meta name=\"robots\" content=\"index, follow, max-snippet:-1, max-image-preview:large, max-video-preview:-1\" \/>\n<link rel=\"canonical\" href=\"https:\/\/quando.com.vn\/en\/product\/cam-bien-do-duc-supmea-sup-ptu-8010\/\" \/>\n<meta property=\"og:locale\" content=\"en_US\" \/>\n<meta property=\"og:type\" content=\"article\" \/>\n<meta property=\"og:title\" content=\"C\u1ea3m bi\u1ebfn \u0111\u1ed9 \u0111\u1ee5c Supmea SUP-PTU-8010\" \/>\n<meta property=\"og:description\" content=\"C\u1ea3m bi\u1ebfn \u0111\u1ed9 \u0111\u1ee5c Supmea SUP-PTU-8010, d\u00f9ng c\u00f4ng ngh\u1ec7 h\u1ed3ng ngo\u1ea1i t\u00e1n x\u1ea1 k\u00e9p, \u0111\u1ea7u ra RS485 Modbus, v\u1ecf inox ho\u1eb7c titan, ph\u00f9 h\u1ee3p x\u1eed l\u00fd n\u01b0\u1edbc, nu\u00f4i tr\u1ed3ng th\u1ee7y s\u1ea3n...\" \/>\n<meta property=\"og:url\" content=\"https:\/\/quando.com.vn\/en\/product\/cam-bien-do-duc-supmea-sup-ptu-8010\/\" \/>\n<meta property=\"og:site_name\" content=\"QUANDO\" \/>\n<meta property=\"article:modified_time\" content=\"2025-11-14T05:04:20+00:00\" \/>\n<meta name=\"twitter:card\" content=\"summary_large_image\" \/>\n<meta name=\"twitter:image\" content=\"https:\/\/quando.com.vn\/wp-content\/uploads\/2025\/11\/SUP-PTU-8010-Turbidity-Sensor.webp\" \/>\n<meta name=\"twitter:label1\" content=\"Est. reading time\" \/>\n\t<meta name=\"twitter:data1\" content=\"3 minutes\" \/>\n<script type=\"application\/ld+json\" class=\"yoast-schema-graph\">{\"@context\":\"https:\/\/schema.org\",\"@graph\":[{\"@type\":\"WebSite\",\"@id\":\"https:\/\/quando.com.vn\/en\/#website\",\"url\":\"https:\/\/quando.com.vn\/en\/\",\"name\":\"QUANDO\",\"description\":\"\",\"potentialAction\":[{\"@type\":\"SearchAction\",\"target\":{\"@type\":\"EntryPoint\",\"urlTemplate\":\"https:\/\/quando.com.vn\/en\/?s={search_term_string}\"},\"query-input\":\"required name=search_term_string\"}],\"inLanguage\":\"en-US\"},{\"@type\":\"ImageObject\",\"@id\":\"https:\/\/quando.com.vn\/san-pham\/cam-bien-do-duc-supmea-sup-ptu-8010\/#primaryimage\",\"inLanguage\":\"en-US\",\"url\":\"https:\/\/quando.com.vn\/wp-content\/uploads\/2025\/11\/SUP-PTU-8010-Turbidity-Sensor.webp\",\"contentUrl\":\"https:\/\/quando.com.vn\/wp-content\/uploads\/2025\/11\/SUP-PTU-8010-Turbidity-Sensor.webp\",\"width\":600,\"height\":600,\"caption\":\"c\u1ea3m bi\u1ebfn \u0111o \u0111\u1ed9 \u0111\u1ee5c SUP-PTU-8010-Turbidity-Sensor\"},{\"@type\":\"WebPage\",\"@id\":\"https:\/\/quando.com.vn\/san-pham\/cam-bien-do-duc-supmea-sup-ptu-8010\/#webpage\",\"url\":\"https:\/\/quando.com.vn\/san-pham\/cam-bien-do-duc-supmea-sup-ptu-8010\/\",\"name\":\"C\u1ea3m bi\u1ebfn \u0111\u1ed9 \u0111\u1ee5c Supmea SUP-PTU-8010 - QUANDO\",\"isPartOf\":{\"@id\":\"https:\/\/quando.com.vn\/en\/#website\"},\"primaryImageOfPage\":{\"@id\":\"https:\/\/quando.com.vn\/san-pham\/cam-bien-do-duc-supmea-sup-ptu-8010\/#primaryimage\"},\"datePublished\":\"2025-11-14T04:23:27+00:00\",\"dateModified\":\"2025-11-14T05:04:20+00:00\",\"description\":\"C\u1ea3m bi\u1ebfn \u0111\u1ed9 \u0111\u1ee5c Supmea SUP-PTU-8010, d\u00f9ng c\u00f4ng ngh\u1ec7 h\u1ed3ng ngo\u1ea1i t\u00e1n x\u1ea1 k\u00e9p, \u0111\u1ea7u ra RS485 Modbus, v\u1ecf inox ho\u1eb7c titan, ph\u00f9 h\u1ee3p x\u1eed l\u00fd n\u01b0\u1edbc, nu\u00f4i tr\u1ed3ng th\u1ee7y s\u1ea3n...\",\"breadcrumb\":{\"@id\":\"https:\/\/quando.com.vn\/san-pham\/cam-bien-do-duc-supmea-sup-ptu-8010\/#breadcrumb\"},\"inLanguage\":\"en-US\",\"potentialAction\":[{\"@type\":\"ReadAction\",\"target\":[\"https:\/\/quando.com.vn\/san-pham\/cam-bien-do-duc-supmea-sup-ptu-8010\/\"]}]},{\"@type\":\"BreadcrumbList\",\"@id\":\"https:\/\/quando.com.vn\/san-pham\/cam-bien-do-duc-supmea-sup-ptu-8010\/#breadcrumb\",\"itemListElement\":[{\"@type\":\"ListItem\",\"position\":1,\"name\":\"Trang ch\u1ee7\",\"item\":\"https:\/\/quando.com.vn\/\"},{\"@type\":\"ListItem\",\"position\":2,\"name\":\"S\u1ea3n ph\u1ea9m\",\"item\":\"https:\/\/quando.com.vn\/san-pham\/\"},{\"@type\":\"ListItem\",\"position\":3,\"name\":\"C\u1ea3m bi\u1ebfn \u0111\u1ed9 \u0111\u1ee5c Supmea SUP-PTU-8010\"}]}]}<\/script>\n<!-- \/ Yoast SEO Premium plugin. -->","yoast_head_json":{"title":"C\u1ea3m bi\u1ebfn \u0111\u1ed9 \u0111\u1ee5c Supmea SUP-PTU-8010 - QUANDO","description":"C\u1ea3m bi\u1ebfn \u0111\u1ed9 \u0111\u1ee5c Supmea SUP-PTU-8010, d\u00f9ng c\u00f4ng ngh\u1ec7 h\u1ed3ng ngo\u1ea1i t\u00e1n x\u1ea1 k\u00e9p, \u0111\u1ea7u ra RS485 Modbus, v\u1ecf inox ho\u1eb7c titan, ph\u00f9 h\u1ee3p x\u1eed l\u00fd n\u01b0\u1edbc, nu\u00f4i tr\u1ed3ng th\u1ee7y s\u1ea3n...","robots":{"index":"index","follow":"follow","max-snippet":"max-snippet:-1","max-image-preview":"max-image-preview:large","max-video-preview":"max-video-preview:-1"},"canonical":"https:\/\/quando.com.vn\/en\/product\/cam-bien-do-duc-supmea-sup-ptu-8010\/","og_locale":"en_US","og_type":"article","og_title":"C\u1ea3m bi\u1ebfn \u0111\u1ed9 \u0111\u1ee5c Supmea SUP-PTU-8010","og_description":"C\u1ea3m bi\u1ebfn \u0111\u1ed9 \u0111\u1ee5c Supmea SUP-PTU-8010, d\u00f9ng c\u00f4ng ngh\u1ec7 h\u1ed3ng ngo\u1ea1i t\u00e1n x\u1ea1 k\u00e9p, \u0111\u1ea7u ra RS485 Modbus, v\u1ecf inox ho\u1eb7c titan, ph\u00f9 h\u1ee3p x\u1eed l\u00fd n\u01b0\u1edbc, nu\u00f4i tr\u1ed3ng th\u1ee7y s\u1ea3n...","og_url":"https:\/\/quando.com.vn\/en\/product\/cam-bien-do-duc-supmea-sup-ptu-8010\/","og_site_name":"QUANDO","article_modified_time":"2025-11-14T05:04:20+00:00","twitter_card":"summary_large_image","twitter_image":"https:\/\/quando.com.vn\/wp-content\/uploads\/2025\/11\/SUP-PTU-8010-Turbidity-Sensor.webp","twitter_misc":{"Est. reading time":"3 minutes"},"schema":{"@context":"https:\/\/schema.org","@graph":[{"@type":"WebSite","@id":"https:\/\/quando.com.vn\/en\/#website","url":"https:\/\/quando.com.vn\/en\/","name":"QUANDO","description":"","potentialAction":[{"@type":"SearchAction","target":{"@type":"EntryPoint","urlTemplate":"https:\/\/quando.com.vn\/en\/?s={search_term_string}"},"query-input":"required name=search_term_string"}],"inLanguage":"en-US"},{"@type":"ImageObject","@id":"https:\/\/quando.com.vn\/san-pham\/cam-bien-do-duc-supmea-sup-ptu-8010\/#primaryimage","inLanguage":"en-US","url":"https:\/\/quando.com.vn\/wp-content\/uploads\/2025\/11\/SUP-PTU-8010-Turbidity-Sensor.webp","contentUrl":"https:\/\/quando.com.vn\/wp-content\/uploads\/2025\/11\/SUP-PTU-8010-Turbidity-Sensor.webp","width":600,"height":600,"caption":"c\u1ea3m bi\u1ebfn \u0111o \u0111\u1ed9 \u0111\u1ee5c SUP-PTU-8010-Turbidity-Sensor"},{"@type":"WebPage","@id":"https:\/\/quando.com.vn\/san-pham\/cam-bien-do-duc-supmea-sup-ptu-8010\/#webpage","url":"https:\/\/quando.com.vn\/san-pham\/cam-bien-do-duc-supmea-sup-ptu-8010\/","name":"C\u1ea3m bi\u1ebfn \u0111\u1ed9 \u0111\u1ee5c Supmea SUP-PTU-8010 - QUANDO","isPartOf":{"@id":"https:\/\/quando.com.vn\/en\/#website"},"primaryImageOfPage":{"@id":"https:\/\/quando.com.vn\/san-pham\/cam-bien-do-duc-supmea-sup-ptu-8010\/#primaryimage"},"datePublished":"2025-11-14T04:23:27+00:00","dateModified":"2025-11-14T05:04:20+00:00","description":"C\u1ea3m bi\u1ebfn \u0111\u1ed9 \u0111\u1ee5c Supmea SUP-PTU-8010, d\u00f9ng c\u00f4ng ngh\u1ec7 h\u1ed3ng ngo\u1ea1i t\u00e1n x\u1ea1 k\u00e9p, \u0111\u1ea7u ra RS485 Modbus, v\u1ecf inox ho\u1eb7c titan, ph\u00f9 h\u1ee3p x\u1eed l\u00fd n\u01b0\u1edbc, nu\u00f4i tr\u1ed3ng th\u1ee7y s\u1ea3n...","breadcrumb":{"@id":"https:\/\/quando.com.vn\/san-pham\/cam-bien-do-duc-supmea-sup-ptu-8010\/#breadcrumb"},"inLanguage":"en-US","potentialAction":[{"@type":"ReadAction","target":["https:\/\/quando.com.vn\/san-pham\/cam-bien-do-duc-supmea-sup-ptu-8010\/"]}]},{"@type":"BreadcrumbList","@id":"https:\/\/quando.com.vn\/san-pham\/cam-bien-do-duc-supmea-sup-ptu-8010\/#breadcrumb","itemListElement":[{"@type":"ListItem","position":1,"name":"Trang ch\u1ee7","item":"https:\/\/quando.com.vn\/"},{"@type":"ListItem","position":2,"name":"S\u1ea3n ph\u1ea9m","item":"https:\/\/quando.com.vn\/san-pham\/"},{"@type":"ListItem","position":3,"name":"C\u1ea3m bi\u1ebfn \u0111\u1ed9 \u0111\u1ee5c Supmea SUP-PTU-8010"}]}]}},"_links":{"self":[{"href":"https:\/\/quando.com.vn\/en\/wp-json\/wp\/v2\/product\/7610"}],"collection":[{"href":"https:\/\/quando.com.vn\/en\/wp-json\/wp\/v2\/product"}],"about":[{"href":"https:\/\/quando.com.vn\/en\/wp-json\/wp\/v2\/types\/product"}],"wp:featuredmedia":[{"embeddable":true,"href":"https:\/\/quando.com.vn\/en\/wp-json\/wp\/v2\/media\/7611"}],"wp:attachment":[{"href":"https:\/\/quando.com.vn\/en\/wp-json\/wp\/v2\/media?parent=7610"}],"wp:term":[{"taxonomy":"product_cat","embeddable":true,"href":"https:\/\/quando.com.vn\/en\/wp-json\/wp\/v2\/product_cat?post=7610"},{"taxonomy":"product_tag","embeddable":true,"href":"https:\/\/quando.com.vn\/en\/wp-json\/wp\/v2\/product_tag?post=7610"}],"curies":[{"name":"wp","href":"https:\/\/api.w.org\/{rel}","templated":true}]}}