{"id":7581,"date":"2025-09-15T14:12:24","date_gmt":"2025-09-15T07:12:24","guid":{"rendered":"https:\/\/quando.com.vn\/?post_type=product&#038;p=7581"},"modified":"2025-09-15T15:18:58","modified_gmt":"2025-09-15T08:18:58","slug":"cam-bien-nhiet-do-co-man-hinh-led-sup-px202","status":"publish","type":"product","link":"https:\/\/quando.com.vn\/en\/product\/cam-bien-nhiet-do-co-man-hinh-led-sup-px202\/","title":{"rendered":"C\u1ea3m bi\u1ebfn nhi\u1ec7t \u0111\u1ed9 c\u00f3 hi\u1ec3n th\u1ecb SUP-PX202"},"content":{"rendered":"<p><strong>C\u1ea3m bi\u1ebfn nhi\u1ec7t \u0111\u1ed9 c\u00f3 hi\u1ec3n th\u1ecb SUP-PX202<\/strong> c\u1ee7a <a href=\"https:\/\/en.supmea.com\/temperature-sensor\/hirschmann-temperature-sensor\">Supmea<\/a> l\u00e0 c\u1ea3m bi\u1ebfn nhi\u1ec7t \u0111\u1ed9 RTD \u0111\u1ed9 ch\u00ednh x\u00e1c cao, \u0111\u01b0\u1ee3c trang b\u1ecb \u0111\u1ea7u n\u1ed1i Hirschmann n\u1ed5i ti\u1ebfng v\u1ec1 \u0111\u1ed9 ch\u1eafc ch\u1eafn v\u00e0 \u0111\u1ed9 b\u1ec1n. Thi\u1ebft b\u1ecb n\u00e0y mang l\u1ea1i kh\u1ea3 n\u0103ng \u0111o nhi\u1ec7t \u0111\u1ed9 \u1ed5n \u0111\u1ecbnh, \u0111\u00e1ng tin c\u1eady cho nhi\u1ec1u \u1ee9ng d\u1ee5ng c\u00f4ng nghi\u1ec7p.<\/p>\n<h3>\u0110\u1eb7c \u0111i\u1ec3m n\u1ed5i b\u1eadt<\/h3>\n<p>&#8211; C\u1ea5u tr\u00fac t\u00edch h\u1ee3p, \u0111a d\u1ea1ng chu\u1ea9n ren: M20*1.5, M14*1.5, G1\/2, G1\/4, d\u1ec5 l\u1eafp \u0111\u1eb7t<br \/>\n&#8211; D\u1ea3i \u0111o r\u1ed9ng -50\u2103 ~ 200\u2103, \u0111\u1ed9 ch\u00ednh x\u00e1c t\u1edbi 0.5%<br \/>\n&#8211; Hi\u1ec3n th\u1ecb LED k\u1ef9 thu\u1eadt s\u1ed1, tr\u1ef1c quan v\u00e0 d\u1ec5 quan s\u00e1t<br \/>\n&#8211; V\u1ecf b\u1eb1ng inox to\u00e0n b\u1ed9, ch\u1ed1ng \u0103n m\u00f2n, ph\u00f9 h\u1ee3p ch\u1ea5t l\u1ecfng v\u00e0 kh\u00ed c\u00f4ng nghi\u1ec7p<br \/>\n&#8211; \u0110\u1ea7u n\u1ed1i Hirschmann b\u1ec1n b\u1ec9, \u0111\u1ea3m b\u1ea3o k\u1ebft n\u1ed1i nhanh v\u00e0 an to\u00e0n<\/p>\n<h3>Th\u00f4ng s\u1ed1 k\u1ef9 thu\u1eadt<\/h3>\n<table>\n<tbody>\n<tr>\n<td>Product<\/td>\n<td>RTD Temperature sensor with Hirschmann connector<\/td>\n<\/tr>\n<tr>\n<td>Model<\/td>\n<td>SUP-PX202<\/td>\n<\/tr>\n<tr>\n<td>Temperature range<\/td>\n<td>-50\u2103 ~ 200\u2103<\/td>\n<\/tr>\n<tr>\n<td>Accuracy<\/td>\n<td>0.5%<\/td>\n<\/tr>\n<tr>\n<td>Connection thread<\/td>\n<td>M20*1.5, M14*1.5, G1\/2, G1\/4<\/td>\n<\/tr>\n<tr>\n<td>Display<\/td>\n<td>LED digital tube<\/td>\n<\/tr>\n<tr>\n<td>Material<\/td>\n<td>All stainless steel<\/td>\n<\/tr>\n<tr>\n<td>Output<\/td>\n<td>RTD<\/td>\n<\/tr>\n<\/tbody>\n<\/table>\n<h3>\u1ee8ng d\u1ee5ng c\u1ea3m bi\u1ebfn nhi\u1ec7t \u0111\u1ed9 c\u00f3 hi\u1ec3n th\u1ecb SUP-PX202<\/h3>\n<p>&#8211; Ng\u00e0nh th\u1ef1c ph\u1ea9m &amp; \u0111\u1ed3 u\u1ed1ng: gi\u00e1m s\u00e1t nhi\u1ec7t \u0111\u1ed9 d\u00e2y chuy\u1ec1n s\u1ea3n xu\u1ea5t<br \/>\n&#8211; D\u01b0\u1ee3c ph\u1ea9m: ki\u1ec3m so\u00e1t nhi\u1ec7t \u0111\u1ed9 ch\u00ednh x\u00e1c trong s\u1ea3n xu\u1ea5t<br \/>\n&#8211; H\u00f3a ch\u1ea5t: \u0111o trong m\u00f4i tr\u01b0\u1eddng c\u00f3 ch\u1ea5t \u0103n m\u00f2n nh\u1eb9<br \/>\n&#8211; H\u1ec7 th\u1ed1ng HVAC, l\u00f2 h\u01a1i, \u0111\u01b0\u1eddng \u1ed1ng nhi\u1ec7t<br \/>\n&#8211; T\u00edch h\u1ee3p v\u1edbi b\u1ed9 \u0111i\u1ec1u khi\u1ec3n, logger v\u00e0 h\u1ec7 th\u1ed1ng gi\u00e1m s\u00e1t c\u00f4ng nghi\u1ec7p<\/p>\n<p><img loading=\"lazy\" class=\"aligncenter  wp-image-7585\" src=\"https:\/\/quando.com.vn\/wp-content\/uploads\/2025\/09\/SUP-PX202-Hirschmann-Temperature-Sensor-content.webp\" alt=\"C\u1ea3m bi\u1ebfn nhi\u1ec7t \u0111\u1ed9 c\u00f3 hi\u1ec3n th\u1ecb SUP-PX202\" width=\"356\" height=\"465\" srcset=\"https:\/\/quando.com.vn\/wp-content\/uploads\/2025\/09\/SUP-PX202-Hirschmann-Temperature-Sensor-content.webp 790w, https:\/\/quando.com.vn\/wp-content\/uploads\/2025\/09\/SUP-PX202-Hirschmann-Temperature-Sensor-content-229x300.webp 229w, https:\/\/quando.com.vn\/wp-content\/uploads\/2025\/09\/SUP-PX202-Hirschmann-Temperature-Sensor-content-783x1024.webp 783w, https:\/\/quando.com.vn\/wp-content\/uploads\/2025\/09\/SUP-PX202-Hirschmann-Temperature-Sensor-content-768x1004.webp 768w, https:\/\/quando.com.vn\/wp-content\/uploads\/2025\/09\/SUP-PX202-Hirschmann-Temperature-Sensor-content-9x12.webp 9w, https:\/\/quando.com.vn\/wp-content\/uploads\/2025\/09\/SUP-PX202-Hirschmann-Temperature-Sensor-content-300x392.webp 300w\" sizes=\"(max-width: 356px) 100vw, 356px\" \/><\/p>\n<p><img loading=\"lazy\" class=\"aligncenter  wp-image-7582\" src=\"https:\/\/quando.com.vn\/wp-content\/uploads\/2025\/09\/SUP-PX202-Hirschmann-Temperature-Sensor-content-1.webp\" alt=\"\" width=\"359\" height=\"338\" srcset=\"https:\/\/quando.com.vn\/wp-content\/uploads\/2025\/09\/SUP-PX202-Hirschmann-Temperature-Sensor-content-1.webp 790w, https:\/\/quando.com.vn\/wp-content\/uploads\/2025\/09\/SUP-PX202-Hirschmann-Temperature-Sensor-content-1-300x282.webp 300w, https:\/\/quando.com.vn\/wp-content\/uploads\/2025\/09\/SUP-PX202-Hirschmann-Temperature-Sensor-content-1-768x722.webp 768w, https:\/\/quando.com.vn\/wp-content\/uploads\/2025\/09\/SUP-PX202-Hirschmann-Temperature-Sensor-content-1-13x12.webp 13w\" sizes=\"(max-width: 359px) 100vw, 359px\" \/><\/p>\n<p><img loading=\"lazy\" class=\"aligncenter  wp-image-7583\" src=\"https:\/\/quando.com.vn\/wp-content\/uploads\/2025\/09\/SUP-PX202-Hirschmann-Temperature-Sensor-content-2.webp\" alt=\"\" width=\"358\" height=\"404\" srcset=\"https:\/\/quando.com.vn\/wp-content\/uploads\/2025\/09\/SUP-PX202-Hirschmann-Temperature-Sensor-content-2.webp 790w, https:\/\/quando.com.vn\/wp-content\/uploads\/2025\/09\/SUP-PX202-Hirschmann-Temperature-Sensor-content-2-265x300.webp 265w, https:\/\/quando.com.vn\/wp-content\/uploads\/2025\/09\/SUP-PX202-Hirschmann-Temperature-Sensor-content-2-768x868.webp 768w, https:\/\/quando.com.vn\/wp-content\/uploads\/2025\/09\/SUP-PX202-Hirschmann-Temperature-Sensor-content-2-11x12.webp 11w, https:\/\/quando.com.vn\/wp-content\/uploads\/2025\/09\/SUP-PX202-Hirschmann-Temperature-Sensor-content-2-300x339.webp 300w\" sizes=\"(max-width: 358px) 100vw, 358px\" \/><\/p>\n<p><img loading=\"lazy\" class=\"aligncenter  wp-image-7584\" src=\"https:\/\/quando.com.vn\/wp-content\/uploads\/2025\/09\/SUP-PX202-Hirschmann-Temperature-Sensor-content-3.webp\" alt=\"\" width=\"358\" height=\"498\" srcset=\"https:\/\/quando.com.vn\/wp-content\/uploads\/2025\/09\/SUP-PX202-Hirschmann-Temperature-Sensor-content-3.webp 790w, https:\/\/quando.com.vn\/wp-content\/uploads\/2025\/09\/SUP-PX202-Hirschmann-Temperature-Sensor-content-3-215x300.webp 215w, https:\/\/quando.com.vn\/wp-content\/uploads\/2025\/09\/SUP-PX202-Hirschmann-Temperature-Sensor-content-3-735x1024.webp 735w, https:\/\/quando.com.vn\/wp-content\/uploads\/2025\/09\/SUP-PX202-Hirschmann-Temperature-Sensor-content-3-768x1070.webp 768w, https:\/\/quando.com.vn\/wp-content\/uploads\/2025\/09\/SUP-PX202-Hirschmann-Temperature-Sensor-content-3-9x12.webp 9w, https:\/\/quando.com.vn\/wp-content\/uploads\/2025\/09\/SUP-PX202-Hirschmann-Temperature-Sensor-content-3-300x418.webp 300w\" sizes=\"(max-width: 358px) 100vw, 358px\" \/><\/p>","protected":false},"excerpt":{"rendered":"<p>&#8211; D\u1ea3i \u0111o -50\u2103~200\u2103, sai s\u1ed1 0.5%<br \/>\n&#8211; K\u1ebft n\u1ed1i ren M20, M14, G1\/2, G1\/4<br \/>\n&#8211; V\u1ecf inox ch\u1ed1ng \u0103n m\u00f2n, b\u1ec1n b\u1ec9<br \/>\n&#8211; M\u00e0n h\u00ecnh LED tr\u1ef1c quan d\u1ec5 quan s\u00e1t<\/p>","protected":false},"featured_media":7586,"template":"","meta":[],"product_cat":[525,538],"product_tag":[],"acf":[],"yoast_head":"<!-- This site is optimized with the Yoast SEO Premium plugin v18.4 (Yoast SEO v18.6) - https:\/\/yoast.com\/wordpress\/plugins\/seo\/ -->\n<title>C\u1ea3m bi\u1ebfn nhi\u1ec7t \u0111\u1ed9 c\u00f3 hi\u1ec3n th\u1ecb SUP-PX202 - QUANDO<\/title>\n<meta name=\"description\" content=\"C\u1ea3m bi\u1ebfn nhi\u1ec7t \u0111\u1ed9 c\u00f3 hi\u1ec3n th\u1ecb m\u00e0n h\u00ecnh LED SUP-PX202, c\u00f4ng ngh\u1ec7 RTD, d\u1ea3i \u0111o -50\u2103~200\u2103, sai s\u1ed1 0.5%, k\u1ebft n\u1ed1i ren M20, M14, G1\/2, G1\/4, v\u1ecf inox\" \/>\n<meta name=\"robots\" content=\"index, follow, max-snippet:-1, max-image-preview:large, max-video-preview:-1\" \/>\n<link rel=\"canonical\" href=\"https:\/\/quando.com.vn\/en\/product\/cam-bien-nhiet-do-co-man-hinh-led-sup-px202\/\" \/>\n<meta property=\"og:locale\" content=\"en_US\" \/>\n<meta property=\"og:type\" content=\"article\" \/>\n<meta property=\"og:title\" content=\"C\u1ea3m bi\u1ebfn nhi\u1ec7t \u0111\u1ed9 c\u00f3 hi\u1ec3n th\u1ecb SUP-PX202\" \/>\n<meta property=\"og:description\" content=\"C\u1ea3m bi\u1ebfn nhi\u1ec7t \u0111\u1ed9 c\u00f3 hi\u1ec3n th\u1ecb m\u00e0n h\u00ecnh LED SUP-PX202, c\u00f4ng ngh\u1ec7 RTD, d\u1ea3i \u0111o -50\u2103~200\u2103, sai s\u1ed1 0.5%, k\u1ebft n\u1ed1i ren M20, M14, G1\/2, G1\/4, v\u1ecf inox\" \/>\n<meta property=\"og:url\" content=\"https:\/\/quando.com.vn\/en\/product\/cam-bien-nhiet-do-co-man-hinh-led-sup-px202\/\" \/>\n<meta property=\"og:site_name\" content=\"QUANDO\" \/>\n<meta property=\"article:modified_time\" content=\"2025-09-15T08:18:58+00:00\" \/>\n<meta name=\"twitter:card\" content=\"summary_large_image\" \/>\n<meta name=\"twitter:image\" content=\"https:\/\/quando.com.vn\/wp-content\/uploads\/2025\/09\/SUP-PX202-Hirschmann-Temperature-Sensor.webp\" \/>\n<meta name=\"twitter:label1\" content=\"Est. reading time\" \/>\n\t<meta name=\"twitter:data1\" content=\"3 minutes\" \/>\n<script type=\"application\/ld+json\" class=\"yoast-schema-graph\">{\"@context\":\"https:\/\/schema.org\",\"@graph\":[{\"@type\":\"WebSite\",\"@id\":\"https:\/\/quando.com.vn\/en\/#website\",\"url\":\"https:\/\/quando.com.vn\/en\/\",\"name\":\"QUANDO\",\"description\":\"\",\"potentialAction\":[{\"@type\":\"SearchAction\",\"target\":{\"@type\":\"EntryPoint\",\"urlTemplate\":\"https:\/\/quando.com.vn\/en\/?s={search_term_string}\"},\"query-input\":\"required name=search_term_string\"}],\"inLanguage\":\"en-US\"},{\"@type\":\"ImageObject\",\"@id\":\"https:\/\/quando.com.vn\/san-pham\/cam-bien-nhiet-do-co-man-hinh-led-sup-px202\/#primaryimage\",\"inLanguage\":\"en-US\",\"url\":\"https:\/\/quando.com.vn\/wp-content\/uploads\/2025\/09\/SUP-PX202-Hirschmann-Temperature-Sensor.webp\",\"contentUrl\":\"https:\/\/quando.com.vn\/wp-content\/uploads\/2025\/09\/SUP-PX202-Hirschmann-Temperature-Sensor.webp\",\"width\":2000,\"height\":2000,\"caption\":\"C\u1ea3m bi\u1ebfn nhi\u1ec7t \u0111\u1ed9 c\u00f3 hi\u1ec3n th\u1ecb SUP-PX202\"},{\"@type\":\"WebPage\",\"@id\":\"https:\/\/quando.com.vn\/san-pham\/cam-bien-nhiet-do-co-man-hinh-led-sup-px202\/#webpage\",\"url\":\"https:\/\/quando.com.vn\/san-pham\/cam-bien-nhiet-do-co-man-hinh-led-sup-px202\/\",\"name\":\"C\u1ea3m bi\u1ebfn nhi\u1ec7t \u0111\u1ed9 c\u00f3 hi\u1ec3n th\u1ecb SUP-PX202 - QUANDO\",\"isPartOf\":{\"@id\":\"https:\/\/quando.com.vn\/en\/#website\"},\"primaryImageOfPage\":{\"@id\":\"https:\/\/quando.com.vn\/san-pham\/cam-bien-nhiet-do-co-man-hinh-led-sup-px202\/#primaryimage\"},\"datePublished\":\"2025-09-15T07:12:24+00:00\",\"dateModified\":\"2025-09-15T08:18:58+00:00\",\"description\":\"C\u1ea3m bi\u1ebfn nhi\u1ec7t \u0111\u1ed9 c\u00f3 hi\u1ec3n th\u1ecb m\u00e0n h\u00ecnh LED SUP-PX202, c\u00f4ng ngh\u1ec7 RTD, d\u1ea3i \u0111o -50\u2103~200\u2103, sai s\u1ed1 0.5%, k\u1ebft n\u1ed1i ren M20, M14, G1\/2, G1\/4, v\u1ecf inox\",\"breadcrumb\":{\"@id\":\"https:\/\/quando.com.vn\/san-pham\/cam-bien-nhiet-do-co-man-hinh-led-sup-px202\/#breadcrumb\"},\"inLanguage\":\"en-US\",\"potentialAction\":[{\"@type\":\"ReadAction\",\"target\":[\"https:\/\/quando.com.vn\/san-pham\/cam-bien-nhiet-do-co-man-hinh-led-sup-px202\/\"]}]},{\"@type\":\"BreadcrumbList\",\"@id\":\"https:\/\/quando.com.vn\/san-pham\/cam-bien-nhiet-do-co-man-hinh-led-sup-px202\/#breadcrumb\",\"itemListElement\":[{\"@type\":\"ListItem\",\"position\":1,\"name\":\"Trang ch\u1ee7\",\"item\":\"https:\/\/quando.com.vn\/\"},{\"@type\":\"ListItem\",\"position\":2,\"name\":\"S\u1ea3n ph\u1ea9m\",\"item\":\"https:\/\/quando.com.vn\/san-pham\/\"},{\"@type\":\"ListItem\",\"position\":3,\"name\":\"C\u1ea3m bi\u1ebfn nhi\u1ec7t \u0111\u1ed9 c\u00f3 hi\u1ec3n th\u1ecb SUP-PX202\"}]}]}<\/script>\n<!-- \/ Yoast SEO Premium plugin. -->","yoast_head_json":{"title":"C\u1ea3m bi\u1ebfn nhi\u1ec7t \u0111\u1ed9 c\u00f3 hi\u1ec3n th\u1ecb SUP-PX202 - QUANDO","description":"C\u1ea3m bi\u1ebfn nhi\u1ec7t \u0111\u1ed9 c\u00f3 hi\u1ec3n th\u1ecb m\u00e0n h\u00ecnh LED SUP-PX202, c\u00f4ng ngh\u1ec7 RTD, d\u1ea3i \u0111o -50\u2103~200\u2103, sai s\u1ed1 0.5%, k\u1ebft n\u1ed1i ren M20, M14, G1\/2, G1\/4, v\u1ecf inox","robots":{"index":"index","follow":"follow","max-snippet":"max-snippet:-1","max-image-preview":"max-image-preview:large","max-video-preview":"max-video-preview:-1"},"canonical":"https:\/\/quando.com.vn\/en\/product\/cam-bien-nhiet-do-co-man-hinh-led-sup-px202\/","og_locale":"en_US","og_type":"article","og_title":"C\u1ea3m bi\u1ebfn nhi\u1ec7t \u0111\u1ed9 c\u00f3 hi\u1ec3n th\u1ecb SUP-PX202","og_description":"C\u1ea3m bi\u1ebfn nhi\u1ec7t \u0111\u1ed9 c\u00f3 hi\u1ec3n th\u1ecb m\u00e0n h\u00ecnh LED SUP-PX202, c\u00f4ng ngh\u1ec7 RTD, d\u1ea3i \u0111o -50\u2103~200\u2103, sai s\u1ed1 0.5%, k\u1ebft n\u1ed1i ren M20, M14, G1\/2, G1\/4, v\u1ecf inox","og_url":"https:\/\/quando.com.vn\/en\/product\/cam-bien-nhiet-do-co-man-hinh-led-sup-px202\/","og_site_name":"QUANDO","article_modified_time":"2025-09-15T08:18:58+00:00","twitter_card":"summary_large_image","twitter_image":"https:\/\/quando.com.vn\/wp-content\/uploads\/2025\/09\/SUP-PX202-Hirschmann-Temperature-Sensor.webp","twitter_misc":{"Est. reading time":"3 minutes"},"schema":{"@context":"https:\/\/schema.org","@graph":[{"@type":"WebSite","@id":"https:\/\/quando.com.vn\/en\/#website","url":"https:\/\/quando.com.vn\/en\/","name":"QUANDO","description":"","potentialAction":[{"@type":"SearchAction","target":{"@type":"EntryPoint","urlTemplate":"https:\/\/quando.com.vn\/en\/?s={search_term_string}"},"query-input":"required name=search_term_string"}],"inLanguage":"en-US"},{"@type":"ImageObject","@id":"https:\/\/quando.com.vn\/san-pham\/cam-bien-nhiet-do-co-man-hinh-led-sup-px202\/#primaryimage","inLanguage":"en-US","url":"https:\/\/quando.com.vn\/wp-content\/uploads\/2025\/09\/SUP-PX202-Hirschmann-Temperature-Sensor.webp","contentUrl":"https:\/\/quando.com.vn\/wp-content\/uploads\/2025\/09\/SUP-PX202-Hirschmann-Temperature-Sensor.webp","width":2000,"height":2000,"caption":"C\u1ea3m bi\u1ebfn nhi\u1ec7t \u0111\u1ed9 c\u00f3 hi\u1ec3n th\u1ecb SUP-PX202"},{"@type":"WebPage","@id":"https:\/\/quando.com.vn\/san-pham\/cam-bien-nhiet-do-co-man-hinh-led-sup-px202\/#webpage","url":"https:\/\/quando.com.vn\/san-pham\/cam-bien-nhiet-do-co-man-hinh-led-sup-px202\/","name":"C\u1ea3m bi\u1ebfn nhi\u1ec7t \u0111\u1ed9 c\u00f3 hi\u1ec3n th\u1ecb SUP-PX202 - QUANDO","isPartOf":{"@id":"https:\/\/quando.com.vn\/en\/#website"},"primaryImageOfPage":{"@id":"https:\/\/quando.com.vn\/san-pham\/cam-bien-nhiet-do-co-man-hinh-led-sup-px202\/#primaryimage"},"datePublished":"2025-09-15T07:12:24+00:00","dateModified":"2025-09-15T08:18:58+00:00","description":"C\u1ea3m bi\u1ebfn nhi\u1ec7t \u0111\u1ed9 c\u00f3 hi\u1ec3n th\u1ecb m\u00e0n h\u00ecnh LED SUP-PX202, c\u00f4ng ngh\u1ec7 RTD, d\u1ea3i \u0111o -50\u2103~200\u2103, sai s\u1ed1 0.5%, k\u1ebft n\u1ed1i ren M20, M14, G1\/2, G1\/4, v\u1ecf inox","breadcrumb":{"@id":"https:\/\/quando.com.vn\/san-pham\/cam-bien-nhiet-do-co-man-hinh-led-sup-px202\/#breadcrumb"},"inLanguage":"en-US","potentialAction":[{"@type":"ReadAction","target":["https:\/\/quando.com.vn\/san-pham\/cam-bien-nhiet-do-co-man-hinh-led-sup-px202\/"]}]},{"@type":"BreadcrumbList","@id":"https:\/\/quando.com.vn\/san-pham\/cam-bien-nhiet-do-co-man-hinh-led-sup-px202\/#breadcrumb","itemListElement":[{"@type":"ListItem","position":1,"name":"Trang ch\u1ee7","item":"https:\/\/quando.com.vn\/"},{"@type":"ListItem","position":2,"name":"S\u1ea3n ph\u1ea9m","item":"https:\/\/quando.com.vn\/san-pham\/"},{"@type":"ListItem","position":3,"name":"C\u1ea3m bi\u1ebfn nhi\u1ec7t \u0111\u1ed9 c\u00f3 hi\u1ec3n th\u1ecb SUP-PX202"}]}]}},"_links":{"self":[{"href":"https:\/\/quando.com.vn\/en\/wp-json\/wp\/v2\/product\/7581"}],"collection":[{"href":"https:\/\/quando.com.vn\/en\/wp-json\/wp\/v2\/product"}],"about":[{"href":"https:\/\/quando.com.vn\/en\/wp-json\/wp\/v2\/types\/product"}],"wp:featuredmedia":[{"embeddable":true,"href":"https:\/\/quando.com.vn\/en\/wp-json\/wp\/v2\/media\/7586"}],"wp:attachment":[{"href":"https:\/\/quando.com.vn\/en\/wp-json\/wp\/v2\/media?parent=7581"}],"wp:term":[{"taxonomy":"product_cat","embeddable":true,"href":"https:\/\/quando.com.vn\/en\/wp-json\/wp\/v2\/product_cat?post=7581"},{"taxonomy":"product_tag","embeddable":true,"href":"https:\/\/quando.com.vn\/en\/wp-json\/wp\/v2\/product_tag?post=7581"}],"curies":[{"name":"wp","href":"https:\/\/api.w.org\/{rel}","templated":true}]}}