{"id":7574,"date":"2025-09-15T11:42:50","date_gmt":"2025-09-15T04:42:50","guid":{"rendered":"https:\/\/quando.com.vn\/?post_type=product&#038;p=7574"},"modified":"2025-09-15T12:05:31","modified_gmt":"2025-09-15T05:05:31","slug":"cam-bien-nhiet-do-rtd-sup-wzpk","status":"publish","type":"product","link":"https:\/\/quando.com.vn\/en\/product\/cam-bien-nhiet-do-rtd-sup-wzpk\/","title":{"rendered":"C\u1ea3m bi\u1ebfn nhi\u1ec7t \u0111\u1ed9 RTD SUP-WZPK"},"content":{"rendered":"<p><strong>C\u1ea3m bi\u1ebfn nhi\u1ec7t \u0111\u1ed9 RTD SUP-WZPK<\/strong> c\u1ee7a <a href=\"https:\/\/www.supmeaauto.com\/temperature-sensor\/wzpk-rtd-temperature-sensor\">Supmea<\/a> l\u00e0 d\u00f2ng c\u1ea3m bi\u1ebfn nhi\u1ec7t \u0111\u1ed9 \u0111i\u1ec7n tr\u1edf (Resistance Temperature Detector \u2013 RTD) ki\u1ec3u kho\u00e1ng c\u00e1ch \u0111i\u1ec7n, \u0111\u01b0\u1ee3c thi\u1ebft k\u1ebf cho \u0111\u1ed9 ch\u00ednh x\u00e1c cao v\u00e0 tu\u1ed5i th\u1ecd d\u00e0i trong m\u00f4i tr\u01b0\u1eddng c\u00f4ng nghi\u1ec7p. Platinum (Pt100, Pt1000) \u0111\u01b0\u1ee3c s\u1eed d\u1ee5ng v\u00ec c\u00f3 t\u00ednh tuy\u1ebfn t\u00ednh t\u1ed1t, h\u1ec7 s\u1ed1 nhi\u1ec7t cao v\u00e0 \u1ed5n \u0111\u1ecbnh h\u00f3a h\u1ecdc, gi\u00fap \u0111o nhi\u1ec7t \u0111\u1ed9 ch\u00ednh x\u00e1c trong nhi\u1ec1u \u1ee9ng d\u1ee5ng.<\/p>\n<h3>\u0110\u1eb7c \u0111i\u1ec3m n\u1ed5i b\u1eadt<\/h3>\n<p>&#8211; D\u1ea3i \u0111o r\u1ed9ng t\u1eeb -200\u2103 \u0111\u1ebfn +850\u2103<br \/>\n&#8211; H\u1ed7 tr\u1ee3 nhi\u1ec1u lo\u1ea1i c\u1ea3m bi\u1ebfn: Pt100, Pt1000, Cu50\u2026<br \/>\n&#8211; \u0110\u1ea7u ra linh ho\u1ea1t: RTD tr\u1ef1c ti\u1ebfp ho\u1eb7c t\u00edn hi\u1ec7u 4\u201320mA<br \/>\n&#8211; Thi\u1ebft k\u1ebf c\u00e1ch \u0111i\u1ec7n b\u1eb1ng kho\u00e1ng ch\u1ea5t, ch\u1ecbu nhi\u1ec7t v\u00e0 b\u1ec1n trong m\u00f4i tr\u01b0\u1eddng kh\u1eafc nghi\u1ec7t<br \/>\n&#8211; C\u1ea5p ngu\u1ed3n linh ho\u1ea1t DC12\u201340V<br \/>\n&#8211; Tu\u00e2n th\u1ee7 ti\u00eau chu\u1ea9n JIS v\u00e0 qu\u1ed1c t\u1ebf v\u1ec1 RTD<\/p>\n<h3>Th\u00f4ng s\u1ed1 k\u1ef9 thu\u1eadt<\/h3>\n<table>\n<tbody>\n<tr>\n<td>Product<\/td>\n<td>RTD Temperature sensor<\/td>\n<\/tr>\n<tr>\n<td>Model<\/td>\n<td>SUP-WZPK<\/td>\n<\/tr>\n<tr>\n<td>Sensor type<\/td>\n<td>Pt100, Pt1000, Cu50 etc.<\/td>\n<\/tr>\n<tr>\n<td>Temperature range<\/td>\n<td>-200\u2103 to +850\u2103<\/td>\n<\/tr>\n<tr>\n<td>Output<\/td>\n<td>RTD or 4\u201320mA<\/td>\n<\/tr>\n<tr>\n<td>Power supply<\/td>\n<td>DC12\u201340V<\/td>\n<\/tr>\n<\/tbody>\n<\/table>\n<h3>\u1ee8ng d\u1ee5ng c\u1ea3m bi\u1ebfn nhi\u1ec7t \u0111\u1ed9 RTD SUP-WZPK<\/h3>\n<p>&#8211; Nh\u00e0 m\u00e1y \u0111i\u1ec7n, d\u1ea7u kh\u00ed, luy\u1ec7n kim, h\u00f3a ch\u1ea5t<br \/>\n&#8211; C\u00f4ng nghi\u1ec7p th\u1ef1c ph\u1ea9m, d\u01b0\u1ee3c ph\u1ea9m c\u1ea7n ki\u1ec3m so\u00e1t nhi\u1ec7t ch\u00ednh x\u00e1c<br \/>\n&#8211; Thi\u1ebft b\u1ecb trao \u0111\u1ed5i nhi\u1ec7t, l\u00f2 h\u01a1i, \u0111\u01b0\u1eddng \u1ed1ng<br \/>\n&#8211; C\u00e1c h\u1ec7 th\u1ed1ng t\u1ef1 \u0111\u1ed9ng h\u00f3a c\u00f4ng nghi\u1ec7p<\/p>\n<p><img loading=\"lazy\" class=\"aligncenter  wp-image-7578\" src=\"https:\/\/quando.com.vn\/wp-content\/uploads\/2025\/09\/SUP-WZPK-RTD-Temperature-sensors-content.webp\" alt=\"C\u1ea3m bi\u1ebfn nhi\u1ec7t \u0111\u1ed9 RTD SUP-WZPK\" width=\"443\" height=\"531\" srcset=\"https:\/\/quando.com.vn\/wp-content\/uploads\/2025\/09\/SUP-WZPK-RTD-Temperature-sensors-content.webp 787w, https:\/\/quando.com.vn\/wp-content\/uploads\/2025\/09\/SUP-WZPK-RTD-Temperature-sensors-content-250x300.webp 250w, https:\/\/quando.com.vn\/wp-content\/uploads\/2025\/09\/SUP-WZPK-RTD-Temperature-sensors-content-768x920.webp 768w, https:\/\/quando.com.vn\/wp-content\/uploads\/2025\/09\/SUP-WZPK-RTD-Temperature-sensors-content-10x12.webp 10w, https:\/\/quando.com.vn\/wp-content\/uploads\/2025\/09\/SUP-WZPK-RTD-Temperature-sensors-content-300x359.webp 300w\" sizes=\"(max-width: 443px) 100vw, 443px\" \/><\/p>\n<p><img loading=\"lazy\" class=\"aligncenter  wp-image-7579\" src=\"https:\/\/quando.com.vn\/wp-content\/uploads\/2025\/09\/SUP-WZPK-RTD-Temperature-sensors-content_1.webp\" alt=\"\" width=\"443\" height=\"616\" srcset=\"https:\/\/quando.com.vn\/wp-content\/uploads\/2025\/09\/SUP-WZPK-RTD-Temperature-sensors-content_1.webp 790w, https:\/\/quando.com.vn\/wp-content\/uploads\/2025\/09\/SUP-WZPK-RTD-Temperature-sensors-content_1-216x300.webp 216w, https:\/\/quando.com.vn\/wp-content\/uploads\/2025\/09\/SUP-WZPK-RTD-Temperature-sensors-content_1-737x1024.webp 737w, https:\/\/quando.com.vn\/wp-content\/uploads\/2025\/09\/SUP-WZPK-RTD-Temperature-sensors-content_1-768x1067.webp 768w, https:\/\/quando.com.vn\/wp-content\/uploads\/2025\/09\/SUP-WZPK-RTD-Temperature-sensors-content_1-9x12.webp 9w, https:\/\/quando.com.vn\/wp-content\/uploads\/2025\/09\/SUP-WZPK-RTD-Temperature-sensors-content_1-300x417.webp 300w\" sizes=\"(max-width: 443px) 100vw, 443px\" \/><\/p>","protected":false},"excerpt":{"rendered":"<p>&#8211; D\u1ea3i \u0111o -200\u2103 \u0111\u1ebfn +850\u2103<br \/>\n&#8211; C\u1ea3m bi\u1ebfn Pt100, Pt1000, Cu50<br \/>\n&#8211; \u0110\u1ea7u ra RTD ho\u1eb7c 4\u201320mA<br \/>\n&#8211; C\u1ea5p ngu\u1ed3n DC12\u201340V<\/p>","protected":false},"featured_media":7580,"template":"","meta":[],"product_cat":[525,538],"product_tag":[],"acf":[],"yoast_head":"<!-- This site is optimized with the Yoast SEO Premium plugin v18.4 (Yoast SEO v18.6) - https:\/\/yoast.com\/wordpress\/plugins\/seo\/ -->\n<title>C\u1ea3m bi\u1ebfn nhi\u1ec7t \u0111\u1ed9 RTD SUP-WZPK - QUANDO<\/title>\n<meta name=\"description\" content=\"C\u1ea3m bi\u1ebfn nhi\u1ec7t \u0111\u1ed9 RTD SUP-WZPKc\u1ee7a Supmea, d\u1ea3i \u0111o -200\u2103 \u0111\u1ebfn +850\u2103, c\u1ea3m bi\u1ebfn Pt100\/Pt1000\/Cu50, \u0111\u1ea7u ra 4\u201320mA ho\u1eb7c RTD, c\u1ea5p ngu\u1ed3n DC12\u201340V\" \/>\n<meta name=\"robots\" content=\"index, follow, max-snippet:-1, max-image-preview:large, max-video-preview:-1\" \/>\n<link rel=\"canonical\" href=\"https:\/\/quando.com.vn\/en\/product\/cam-bien-nhiet-do-rtd-sup-wzpk\/\" \/>\n<meta property=\"og:locale\" content=\"en_US\" \/>\n<meta property=\"og:type\" content=\"article\" \/>\n<meta property=\"og:title\" content=\"C\u1ea3m bi\u1ebfn nhi\u1ec7t \u0111\u1ed9 RTD SUP-WZPK\" \/>\n<meta property=\"og:description\" content=\"C\u1ea3m bi\u1ebfn nhi\u1ec7t \u0111\u1ed9 RTD SUP-WZPKc\u1ee7a Supmea, d\u1ea3i \u0111o -200\u2103 \u0111\u1ebfn +850\u2103, c\u1ea3m bi\u1ebfn Pt100\/Pt1000\/Cu50, \u0111\u1ea7u ra 4\u201320mA ho\u1eb7c RTD, c\u1ea5p ngu\u1ed3n DC12\u201340V\" \/>\n<meta property=\"og:url\" content=\"https:\/\/quando.com.vn\/en\/product\/cam-bien-nhiet-do-rtd-sup-wzpk\/\" \/>\n<meta property=\"og:site_name\" content=\"QUANDO\" \/>\n<meta property=\"article:modified_time\" content=\"2025-09-15T05:05:31+00:00\" \/>\n<meta name=\"twitter:card\" content=\"summary_large_image\" \/>\n<meta name=\"twitter:image\" content=\"https:\/\/quando.com.vn\/wp-content\/uploads\/2025\/09\/SUP-WZPK-RTD-Temperature-sensors.webp\" \/>\n<meta name=\"twitter:label1\" content=\"Est. reading time\" \/>\n\t<meta name=\"twitter:data1\" content=\"2 minutes\" \/>\n<script type=\"application\/ld+json\" class=\"yoast-schema-graph\">{\"@context\":\"https:\/\/schema.org\",\"@graph\":[{\"@type\":\"WebSite\",\"@id\":\"https:\/\/quando.com.vn\/en\/#website\",\"url\":\"https:\/\/quando.com.vn\/en\/\",\"name\":\"QUANDO\",\"description\":\"\",\"potentialAction\":[{\"@type\":\"SearchAction\",\"target\":{\"@type\":\"EntryPoint\",\"urlTemplate\":\"https:\/\/quando.com.vn\/en\/?s={search_term_string}\"},\"query-input\":\"required name=search_term_string\"}],\"inLanguage\":\"en-US\"},{\"@type\":\"ImageObject\",\"@id\":\"https:\/\/quando.com.vn\/san-pham\/cam-bien-nhiet-do-rtd-sup-wzpk\/#primaryimage\",\"inLanguage\":\"en-US\",\"url\":\"https:\/\/quando.com.vn\/wp-content\/uploads\/2025\/09\/SUP-WZPK-RTD-Temperature-sensors.webp\",\"contentUrl\":\"https:\/\/quando.com.vn\/wp-content\/uploads\/2025\/09\/SUP-WZPK-RTD-Temperature-sensors.webp\",\"width\":800,\"height\":800,\"caption\":\"C\u1ea3m bi\u1ebfn nhi\u1ec7t \u0111\u1ed9 RTD SUP-WZPK\"},{\"@type\":\"WebPage\",\"@id\":\"https:\/\/quando.com.vn\/san-pham\/cam-bien-nhiet-do-rtd-sup-wzpk\/#webpage\",\"url\":\"https:\/\/quando.com.vn\/san-pham\/cam-bien-nhiet-do-rtd-sup-wzpk\/\",\"name\":\"C\u1ea3m bi\u1ebfn nhi\u1ec7t \u0111\u1ed9 RTD SUP-WZPK - QUANDO\",\"isPartOf\":{\"@id\":\"https:\/\/quando.com.vn\/en\/#website\"},\"primaryImageOfPage\":{\"@id\":\"https:\/\/quando.com.vn\/san-pham\/cam-bien-nhiet-do-rtd-sup-wzpk\/#primaryimage\"},\"datePublished\":\"2025-09-15T04:42:50+00:00\",\"dateModified\":\"2025-09-15T05:05:31+00:00\",\"description\":\"C\u1ea3m bi\u1ebfn nhi\u1ec7t \u0111\u1ed9 RTD SUP-WZPKc\u1ee7a Supmea, d\u1ea3i \u0111o -200\u2103 \u0111\u1ebfn +850\u2103, c\u1ea3m bi\u1ebfn Pt100\/Pt1000\/Cu50, \u0111\u1ea7u ra 4\u201320mA ho\u1eb7c RTD, c\u1ea5p ngu\u1ed3n DC12\u201340V\",\"breadcrumb\":{\"@id\":\"https:\/\/quando.com.vn\/san-pham\/cam-bien-nhiet-do-rtd-sup-wzpk\/#breadcrumb\"},\"inLanguage\":\"en-US\",\"potentialAction\":[{\"@type\":\"ReadAction\",\"target\":[\"https:\/\/quando.com.vn\/san-pham\/cam-bien-nhiet-do-rtd-sup-wzpk\/\"]}]},{\"@type\":\"BreadcrumbList\",\"@id\":\"https:\/\/quando.com.vn\/san-pham\/cam-bien-nhiet-do-rtd-sup-wzpk\/#breadcrumb\",\"itemListElement\":[{\"@type\":\"ListItem\",\"position\":1,\"name\":\"Trang ch\u1ee7\",\"item\":\"https:\/\/quando.com.vn\/\"},{\"@type\":\"ListItem\",\"position\":2,\"name\":\"S\u1ea3n ph\u1ea9m\",\"item\":\"https:\/\/quando.com.vn\/san-pham\/\"},{\"@type\":\"ListItem\",\"position\":3,\"name\":\"C\u1ea3m bi\u1ebfn nhi\u1ec7t \u0111\u1ed9 RTD SUP-WZPK\"}]}]}<\/script>\n<!-- \/ Yoast SEO Premium plugin. -->","yoast_head_json":{"title":"C\u1ea3m bi\u1ebfn nhi\u1ec7t \u0111\u1ed9 RTD SUP-WZPK - QUANDO","description":"C\u1ea3m bi\u1ebfn nhi\u1ec7t \u0111\u1ed9 RTD SUP-WZPKc\u1ee7a Supmea, d\u1ea3i \u0111o -200\u2103 \u0111\u1ebfn +850\u2103, c\u1ea3m bi\u1ebfn Pt100\/Pt1000\/Cu50, \u0111\u1ea7u ra 4\u201320mA ho\u1eb7c RTD, c\u1ea5p ngu\u1ed3n DC12\u201340V","robots":{"index":"index","follow":"follow","max-snippet":"max-snippet:-1","max-image-preview":"max-image-preview:large","max-video-preview":"max-video-preview:-1"},"canonical":"https:\/\/quando.com.vn\/en\/product\/cam-bien-nhiet-do-rtd-sup-wzpk\/","og_locale":"en_US","og_type":"article","og_title":"C\u1ea3m bi\u1ebfn nhi\u1ec7t \u0111\u1ed9 RTD SUP-WZPK","og_description":"C\u1ea3m bi\u1ebfn nhi\u1ec7t \u0111\u1ed9 RTD SUP-WZPKc\u1ee7a Supmea, d\u1ea3i \u0111o -200\u2103 \u0111\u1ebfn +850\u2103, c\u1ea3m bi\u1ebfn Pt100\/Pt1000\/Cu50, \u0111\u1ea7u ra 4\u201320mA ho\u1eb7c RTD, c\u1ea5p ngu\u1ed3n DC12\u201340V","og_url":"https:\/\/quando.com.vn\/en\/product\/cam-bien-nhiet-do-rtd-sup-wzpk\/","og_site_name":"QUANDO","article_modified_time":"2025-09-15T05:05:31+00:00","twitter_card":"summary_large_image","twitter_image":"https:\/\/quando.com.vn\/wp-content\/uploads\/2025\/09\/SUP-WZPK-RTD-Temperature-sensors.webp","twitter_misc":{"Est. reading time":"2 minutes"},"schema":{"@context":"https:\/\/schema.org","@graph":[{"@type":"WebSite","@id":"https:\/\/quando.com.vn\/en\/#website","url":"https:\/\/quando.com.vn\/en\/","name":"QUANDO","description":"","potentialAction":[{"@type":"SearchAction","target":{"@type":"EntryPoint","urlTemplate":"https:\/\/quando.com.vn\/en\/?s={search_term_string}"},"query-input":"required name=search_term_string"}],"inLanguage":"en-US"},{"@type":"ImageObject","@id":"https:\/\/quando.com.vn\/san-pham\/cam-bien-nhiet-do-rtd-sup-wzpk\/#primaryimage","inLanguage":"en-US","url":"https:\/\/quando.com.vn\/wp-content\/uploads\/2025\/09\/SUP-WZPK-RTD-Temperature-sensors.webp","contentUrl":"https:\/\/quando.com.vn\/wp-content\/uploads\/2025\/09\/SUP-WZPK-RTD-Temperature-sensors.webp","width":800,"height":800,"caption":"C\u1ea3m bi\u1ebfn nhi\u1ec7t \u0111\u1ed9 RTD SUP-WZPK"},{"@type":"WebPage","@id":"https:\/\/quando.com.vn\/san-pham\/cam-bien-nhiet-do-rtd-sup-wzpk\/#webpage","url":"https:\/\/quando.com.vn\/san-pham\/cam-bien-nhiet-do-rtd-sup-wzpk\/","name":"C\u1ea3m bi\u1ebfn nhi\u1ec7t \u0111\u1ed9 RTD SUP-WZPK - QUANDO","isPartOf":{"@id":"https:\/\/quando.com.vn\/en\/#website"},"primaryImageOfPage":{"@id":"https:\/\/quando.com.vn\/san-pham\/cam-bien-nhiet-do-rtd-sup-wzpk\/#primaryimage"},"datePublished":"2025-09-15T04:42:50+00:00","dateModified":"2025-09-15T05:05:31+00:00","description":"C\u1ea3m bi\u1ebfn nhi\u1ec7t \u0111\u1ed9 RTD SUP-WZPKc\u1ee7a Supmea, d\u1ea3i \u0111o -200\u2103 \u0111\u1ebfn +850\u2103, c\u1ea3m bi\u1ebfn Pt100\/Pt1000\/Cu50, \u0111\u1ea7u ra 4\u201320mA ho\u1eb7c RTD, c\u1ea5p ngu\u1ed3n DC12\u201340V","breadcrumb":{"@id":"https:\/\/quando.com.vn\/san-pham\/cam-bien-nhiet-do-rtd-sup-wzpk\/#breadcrumb"},"inLanguage":"en-US","potentialAction":[{"@type":"ReadAction","target":["https:\/\/quando.com.vn\/san-pham\/cam-bien-nhiet-do-rtd-sup-wzpk\/"]}]},{"@type":"BreadcrumbList","@id":"https:\/\/quando.com.vn\/san-pham\/cam-bien-nhiet-do-rtd-sup-wzpk\/#breadcrumb","itemListElement":[{"@type":"ListItem","position":1,"name":"Trang ch\u1ee7","item":"https:\/\/quando.com.vn\/"},{"@type":"ListItem","position":2,"name":"S\u1ea3n ph\u1ea9m","item":"https:\/\/quando.com.vn\/san-pham\/"},{"@type":"ListItem","position":3,"name":"C\u1ea3m bi\u1ebfn nhi\u1ec7t \u0111\u1ed9 RTD SUP-WZPK"}]}]}},"_links":{"self":[{"href":"https:\/\/quando.com.vn\/en\/wp-json\/wp\/v2\/product\/7574"}],"collection":[{"href":"https:\/\/quando.com.vn\/en\/wp-json\/wp\/v2\/product"}],"about":[{"href":"https:\/\/quando.com.vn\/en\/wp-json\/wp\/v2\/types\/product"}],"wp:featuredmedia":[{"embeddable":true,"href":"https:\/\/quando.com.vn\/en\/wp-json\/wp\/v2\/media\/7580"}],"wp:attachment":[{"href":"https:\/\/quando.com.vn\/en\/wp-json\/wp\/v2\/media?parent=7574"}],"wp:term":[{"taxonomy":"product_cat","embeddable":true,"href":"https:\/\/quando.com.vn\/en\/wp-json\/wp\/v2\/product_cat?post=7574"},{"taxonomy":"product_tag","embeddable":true,"href":"https:\/\/quando.com.vn\/en\/wp-json\/wp\/v2\/product_tag?post=7574"}],"curies":[{"name":"wp","href":"https:\/\/api.w.org\/{rel}","templated":true}]}}