{"id":7568,"date":"2025-09-12T11:59:51","date_gmt":"2025-09-12T04:59:51","guid":{"rendered":"https:\/\/quando.com.vn\/?post_type=product&#038;p=7568"},"modified":"2025-09-12T12:07:40","modified_gmt":"2025-09-12T05:07:40","slug":"cam-bien-nhiet-do-do-am-thm06","status":"publish","type":"product","link":"https:\/\/quando.com.vn\/en\/product\/cam-bien-nhiet-do-do-am-thm06\/","title":{"rendered":"C\u1ea3m bi\u1ebfn nhi\u1ec7t \u0111\u1ed9 v\u00e0 \u0111\u1ed9 \u1ea9m THM06"},"content":{"rendered":"<p><strong>C\u1ea3m bi\u1ebfn nhi\u1ec7t \u0111\u1ed9 v\u00e0 \u0111\u1ed9 \u1ea9m THM06<\/strong> l\u00e0 d\u00f2ng c\u1ea3m bi\u1ebfn nhi\u1ec7t \u0111\u1ed9 v\u00e0 \u0111\u1ed9 \u1ea9m c\u00f4ng nghi\u1ec7p do <a href=\"https:\/\/www.eyc-tech.com\/eyc-thm06-industrial-high-temp-multi-function-dew-point-transmitter.html\"><strong>eyc-tech<\/strong><\/a> ph\u00e1t tri\u1ec3n, ph\u00f9 h\u1ee3p v\u1edbi c\u00e1c m\u00f4i tr\u01b0\u1eddng kh\u1eafc nghi\u1ec7t nh\u01b0 khu v\u1ef1c c\u00f3 nhi\u1ec7t \u0111\u1ed9 cao, \u0111\u1ed9 \u1ea9m cao, h\u01a1i n\u01b0\u1edbc ng\u01b0ng t\u1ee5 ho\u1eb7c kh\u00ed c\u00f3 t\u00ednh \u0103n m\u00f2n. Thi\u1ebft b\u1ecb s\u1eed d\u1ee5ng c\u1ea3m bi\u1ebfn \u0111i\u1ec7n dung \u0111o \u0111\u1ed9 \u1ea9m k\u1ebft h\u1ee3p v\u1edbi Pt100 \u0111o nhi\u1ec7t \u0111\u1ed9, cho \u0111\u1ed9 ch\u00ednh x\u00e1c cao, ph\u1ea3n h\u1ed3i nhanh v\u00e0 ph\u1ee5c h\u1ed3i t\u1ed1t sau khi ng\u01b0ng t\u1ee5.<\/p>\n<h3>\u0110\u1eb7c \u0111i\u1ec3m n\u1ed5i b\u1eadt<\/h3>\n<ul>\n<li>Ch\u1ecbu \u0111\u01b0\u1ee3c nhi\u1ec7t \u0111\u1ed9 l\u00ean t\u1edbi 180\u00b0C (t\u00f9y ch\u1ecdn \u0111\u1ebfn 200\u00b0C)<\/li>\n<li>Thi\u1ebft k\u1ebf nh\u1ecf g\u1ecdn, v\u1ecf inox SUS304, IP67, ch\u1ed1ng \u0103n m\u00f2n v\u00e0 ng\u01b0ng t\u1ee5<\/li>\n<li>\u0110\u1ea7u ra t\u00edn hi\u1ec7u: 4\u201320 mA, 0\u201310 V ho\u1eb7c RS-485<\/li>\n<li>\u0110o \u0111\u01b0\u1ee3c nhi\u1ec1u th\u00f4ng s\u1ed1: RH, \u0111i\u1ec3m s\u01b0\u01a1ng, \u0111i\u1ec3m \u0111\u00f3ng b\u0103ng, nhi\u1ec7t \u0111\u1ed9 \u01b0\u1edbt, \u00e1p su\u1ea5t h\u01a1i n\u01b0\u1edbc, \u0111\u1ed9 \u1ea9m tuy\u1ec7t \u0111\u1ed1i, enthalpy, v.v.<\/li>\n<li>Kh\u1ea3 n\u0103ng b\u00f9 nhi\u1ec7t v\u00e0 hi\u1ec7u ch\u1ec9nh tuy\u1ebfn t\u00ednh qua ph\u1ea7n m\u1ec1m<\/li>\n<li>Kh\u1ea3 n\u0103ng ch\u1ecbu \u00e1p l\u00ean \u0111\u1ebfn 16 bar, \u0111\u1ea7u c\u1ea3m bi\u1ebfn xoay 330\u00b0 linh ho\u1ea1t khi l\u1eafp \u0111\u1eb7t<\/li>\n<li>T\u00f9y ch\u1ecdn m\u00e0n h\u00ecnh hi\u1ec3n th\u1ecb t\u1ea1i ch\u1ed7 theo y\u00eau c\u1ea7u<\/li>\n<\/ul>\n<h3>Th\u00f4ng s\u1ed1 k\u1ef9 thu\u1eadt ch\u00ednh:<\/h3>\n<p><img loading=\"lazy\" class=\"aligncenter size-full wp-image-7573\" src=\"https:\/\/quando.com.vn\/wp-content\/uploads\/2025\/09\/eyc-tech-with-thm06_spec.webp\" alt=\"\" width=\"799\" height=\"664\" srcset=\"https:\/\/quando.com.vn\/wp-content\/uploads\/2025\/09\/eyc-tech-with-thm06_spec.webp 799w, https:\/\/quando.com.vn\/wp-content\/uploads\/2025\/09\/eyc-tech-with-thm06_spec-300x249.webp 300w, https:\/\/quando.com.vn\/wp-content\/uploads\/2025\/09\/eyc-tech-with-thm06_spec-768x638.webp 768w, https:\/\/quando.com.vn\/wp-content\/uploads\/2025\/09\/eyc-tech-with-thm06_spec-14x12.webp 14w\" sizes=\"(max-width: 799px) 100vw, 799px\" \/><\/p>\n<h3>Th\u00f4ng s\u1ed1 \u0111o \u0111\u01b0\u1ee3c<\/h3>\n<ul>\n<li>\u0110\u1ed9 \u1ea9m t\u01b0\u01a1ng \u0111\u1ed1i (%RH)<\/li>\n<li>Nhi\u1ec7t \u0111\u1ed9 (\u00b0C)<\/li>\n<li>\u0110i\u1ec3m s\u01b0\u01a1ng (Dew point)<\/li>\n<li>\u0110i\u1ec3m \u0111\u00f3ng b\u0103ng (Frost point)<\/li>\n<li>Nhi\u1ec7t \u0111\u1ed9 b\u1ea7u \u01b0\u1edbt (Wet bulb)<\/li>\n<li>\u00c1p su\u1ea5t h\u01a1i n\u01b0\u1edbc (Vapor pressure)<\/li>\n<li>\u0110\u1ed9 \u1ea9m tuy\u1ec7t \u0111\u1ed1i (g\/m\u00b3)<\/li>\n<li>T\u1ef7 l\u1ec7 tr\u1ed9n \u1ea9m (Mixing ratio)<\/li>\n<li>Enthalpy (kj\/kg)<\/li>\n<\/ul>\n<h3>\u1ee8ng d\u1ee5ng \u0111i\u1ec3n h\u00ecnh c\u1ea3m bi\u1ebfn nhi\u1ec7t \u0111\u1ed9 v\u00e0 \u0111\u1ed9 \u1ea9m THM06:<\/h3>\n<ul>\n<li>Gi\u00e1m s\u00e1t h\u1ec7 th\u1ed1ng s\u1ea5y, l\u00f2 h\u01a1i, kh\u00ed n\u00e9n c\u00f4ng nghi\u1ec7p<\/li>\n<li>X\u01b0\u1edfng ch\u1ebf bi\u1ebfn th\u1ef1c ph\u1ea9m, d\u01b0\u1ee3c ph\u1ea9m, h\u00f3a ch\u1ea5t<\/li>\n<li>Nh\u00e0 m\u00e1y x\u1eed l\u00fd kh\u00ed, kh\u00ed n\u00e9n ti\u00eau chu\u1ea9n<\/li>\n<li>Tr\u1ea1m m\u00f4i tr\u01b0\u1eddng, t\u1ee7 m\u00f4i tr\u01b0\u1eddng, kho l\u01b0u tr\u1eef<\/li>\n<li>Ng\u00e0nh th\u00e9p, g\u1ed1m, bao b\u00ec, gi\u1ea5y, \u0111i\u1ec7n t\u1eed v\u00e0 b\u00e1n d\u1eabn<\/li>\n<\/ul>\n<p><img loading=\"lazy\" class=\"aligncenter size-full wp-image-7572\" src=\"https:\/\/quando.com.vn\/wp-content\/uploads\/2025\/09\/eyc-tech-with-thm06_ordering.webp\" alt=\"C\u1ea3m bi\u1ebfn nhi\u1ec7t \u0111\u1ed9 v\u00e0 \u0111\u1ed9 \u1ea9m THM06 m\u00e3 h\u00e0ng\" width=\"933\" height=\"663\" srcset=\"https:\/\/quando.com.vn\/wp-content\/uploads\/2025\/09\/eyc-tech-with-thm06_ordering.webp 933w, https:\/\/quando.com.vn\/wp-content\/uploads\/2025\/09\/eyc-tech-with-thm06_ordering-300x213.webp 300w, https:\/\/quando.com.vn\/wp-content\/uploads\/2025\/09\/eyc-tech-with-thm06_ordering-768x546.webp 768w, https:\/\/quando.com.vn\/wp-content\/uploads\/2025\/09\/eyc-tech-with-thm06_ordering-18x12.webp 18w\" sizes=\"(max-width: 933px) 100vw, 933px\" \/><\/p>\n<p><img loading=\"lazy\" class=\"aligncenter size-full wp-image-7571\" src=\"https:\/\/quando.com.vn\/wp-content\/uploads\/2025\/09\/eyc-tech-with-thm06_dimension.webp\" alt=\"\" width=\"803\" height=\"730\" srcset=\"https:\/\/quando.com.vn\/wp-content\/uploads\/2025\/09\/eyc-tech-with-thm06_dimension.webp 803w, https:\/\/quando.com.vn\/wp-content\/uploads\/2025\/09\/eyc-tech-with-thm06_dimension-300x273.webp 300w, https:\/\/quando.com.vn\/wp-content\/uploads\/2025\/09\/eyc-tech-with-thm06_dimension-768x698.webp 768w, https:\/\/quando.com.vn\/wp-content\/uploads\/2025\/09\/eyc-tech-with-thm06_dimension-13x12.webp 13w\" sizes=\"(max-width: 803px) 100vw, 803px\" \/><\/p>","protected":false},"excerpt":{"rendered":"<p>&#8211; C\u1ea3m bi\u1ebfn nhi\u1ec7t &amp; \u0111\u1ed9 \u1ea9m c\u00f4ng nghi\u1ec7p<br \/>\n&#8211; Ch\u1ecbu nhi\u1ec7t \u0111\u1ebfn 180\u00b0C, IP67<br \/>\n&#8211; C\u1ea3m bi\u1ebfn \u0111i\u1ec7n dung + Pt100<br \/>\n&#8211; \u0110\u1ea7u ra: 4\u201320 mA \/ 0\u201310 V \/ RS-485<br \/>\n&#8211; \u0110o nhi\u1ec1u \u0111\u1ea1i l\u01b0\u1ee3ng: RH, DP, WB, AH, Enthalpy&#8230;<br \/>\n&#8211; V\u1ecf inox SUS304, ch\u1ecbu \u00e1p 16 bar<\/p>","protected":false},"featured_media":7569,"template":"","meta":[],"product_cat":[525,523],"product_tag":[],"acf":[],"yoast_head":"<!-- This site is optimized with the Yoast SEO Premium plugin v18.4 (Yoast SEO v18.6) - https:\/\/yoast.com\/wordpress\/plugins\/seo\/ -->\n<title>C\u1ea3m bi\u1ebfn nhi\u1ec7t \u0111\u1ed9 v\u00e0 \u0111\u1ed9 \u1ea9m THM06 - QUANDO<\/title>\n<meta name=\"description\" content=\"C\u1ea3m bi\u1ebfn nhi\u1ec7t \u0111\u1ed9 v\u00e0 \u0111\u1ed9 \u1ea9m THM06 l\u00e0 ch\u1ecbu nhi\u1ec7t \u0111\u1ebfn 180\u00b0C, v\u1ecf inox SUS304, IP67, \u0111o nhi\u1ec1u \u0111\u1ea1i l\u01b0\u1ee3ng, \u0111\u1ea7u ra analog ho\u1eb7c RS-485, ch\u00ednh x\u00e1c cao.\" \/>\n<meta name=\"robots\" content=\"index, follow, max-snippet:-1, max-image-preview:large, max-video-preview:-1\" \/>\n<link rel=\"canonical\" href=\"https:\/\/quando.com.vn\/en\/product\/cam-bien-nhiet-do-do-am-thm06\/\" \/>\n<meta property=\"og:locale\" content=\"en_US\" \/>\n<meta property=\"og:type\" content=\"article\" \/>\n<meta property=\"og:title\" content=\"C\u1ea3m bi\u1ebfn nhi\u1ec7t \u0111\u1ed9 v\u00e0 \u0111\u1ed9 \u1ea9m THM06\" \/>\n<meta property=\"og:description\" content=\"C\u1ea3m bi\u1ebfn nhi\u1ec7t \u0111\u1ed9 v\u00e0 \u0111\u1ed9 \u1ea9m THM06 l\u00e0 ch\u1ecbu nhi\u1ec7t \u0111\u1ebfn 180\u00b0C, v\u1ecf inox SUS304, IP67, \u0111o nhi\u1ec1u \u0111\u1ea1i l\u01b0\u1ee3ng, \u0111\u1ea7u ra analog ho\u1eb7c RS-485, ch\u00ednh x\u00e1c cao.\" \/>\n<meta property=\"og:url\" content=\"https:\/\/quando.com.vn\/en\/product\/cam-bien-nhiet-do-do-am-thm06\/\" \/>\n<meta property=\"og:site_name\" content=\"QUANDO\" \/>\n<meta property=\"article:modified_time\" content=\"2025-09-12T05:07:40+00:00\" \/>\n<meta name=\"twitter:card\" content=\"summary_large_image\" \/>\n<meta name=\"twitter:image\" content=\"https:\/\/quando.com.vn\/wp-content\/uploads\/2025\/09\/eyc-tech-with-thm06.webp\" \/>\n<meta name=\"twitter:label1\" content=\"Est. reading time\" \/>\n\t<meta name=\"twitter:data1\" content=\"3 minutes\" \/>\n<script type=\"application\/ld+json\" class=\"yoast-schema-graph\">{\"@context\":\"https:\/\/schema.org\",\"@graph\":[{\"@type\":\"WebSite\",\"@id\":\"https:\/\/quando.com.vn\/en\/#website\",\"url\":\"https:\/\/quando.com.vn\/en\/\",\"name\":\"QUANDO\",\"description\":\"\",\"potentialAction\":[{\"@type\":\"SearchAction\",\"target\":{\"@type\":\"EntryPoint\",\"urlTemplate\":\"https:\/\/quando.com.vn\/en\/?s={search_term_string}\"},\"query-input\":\"required name=search_term_string\"}],\"inLanguage\":\"en-US\"},{\"@type\":\"ImageObject\",\"@id\":\"https:\/\/quando.com.vn\/san-pham\/cam-bien-nhiet-do-do-am-thm06\/#primaryimage\",\"inLanguage\":\"en-US\",\"url\":\"https:\/\/quando.com.vn\/wp-content\/uploads\/2025\/09\/eyc-tech-with-thm06.webp\",\"contentUrl\":\"https:\/\/quando.com.vn\/wp-content\/uploads\/2025\/09\/eyc-tech-with-thm06.webp\",\"width\":500,\"height\":500,\"caption\":\"C\u1ea3m bi\u1ebfn nhi\u1ec7t \u0111\u1ed9 v\u00e0 \u0111\u1ed9 \u1ea9m THM06\"},{\"@type\":\"WebPage\",\"@id\":\"https:\/\/quando.com.vn\/san-pham\/cam-bien-nhiet-do-do-am-thm06\/#webpage\",\"url\":\"https:\/\/quando.com.vn\/san-pham\/cam-bien-nhiet-do-do-am-thm06\/\",\"name\":\"C\u1ea3m bi\u1ebfn nhi\u1ec7t \u0111\u1ed9 v\u00e0 \u0111\u1ed9 \u1ea9m THM06 - QUANDO\",\"isPartOf\":{\"@id\":\"https:\/\/quando.com.vn\/en\/#website\"},\"primaryImageOfPage\":{\"@id\":\"https:\/\/quando.com.vn\/san-pham\/cam-bien-nhiet-do-do-am-thm06\/#primaryimage\"},\"datePublished\":\"2025-09-12T04:59:51+00:00\",\"dateModified\":\"2025-09-12T05:07:40+00:00\",\"description\":\"C\u1ea3m bi\u1ebfn nhi\u1ec7t \u0111\u1ed9 v\u00e0 \u0111\u1ed9 \u1ea9m THM06 l\u00e0 ch\u1ecbu nhi\u1ec7t \u0111\u1ebfn 180\u00b0C, v\u1ecf inox SUS304, IP67, \u0111o nhi\u1ec1u \u0111\u1ea1i l\u01b0\u1ee3ng, \u0111\u1ea7u ra analog ho\u1eb7c RS-485, ch\u00ednh x\u00e1c cao.\",\"breadcrumb\":{\"@id\":\"https:\/\/quando.com.vn\/san-pham\/cam-bien-nhiet-do-do-am-thm06\/#breadcrumb\"},\"inLanguage\":\"en-US\",\"potentialAction\":[{\"@type\":\"ReadAction\",\"target\":[\"https:\/\/quando.com.vn\/san-pham\/cam-bien-nhiet-do-do-am-thm06\/\"]}]},{\"@type\":\"BreadcrumbList\",\"@id\":\"https:\/\/quando.com.vn\/san-pham\/cam-bien-nhiet-do-do-am-thm06\/#breadcrumb\",\"itemListElement\":[{\"@type\":\"ListItem\",\"position\":1,\"name\":\"Trang ch\u1ee7\",\"item\":\"https:\/\/quando.com.vn\/\"},{\"@type\":\"ListItem\",\"position\":2,\"name\":\"S\u1ea3n ph\u1ea9m\",\"item\":\"https:\/\/quando.com.vn\/san-pham\/\"},{\"@type\":\"ListItem\",\"position\":3,\"name\":\"C\u1ea3m bi\u1ebfn nhi\u1ec7t \u0111\u1ed9 v\u00e0 \u0111\u1ed9 \u1ea9m THM06\"}]}]}<\/script>\n<!-- \/ Yoast SEO Premium plugin. -->","yoast_head_json":{"title":"C\u1ea3m bi\u1ebfn nhi\u1ec7t \u0111\u1ed9 v\u00e0 \u0111\u1ed9 \u1ea9m THM06 - QUANDO","description":"C\u1ea3m bi\u1ebfn nhi\u1ec7t \u0111\u1ed9 v\u00e0 \u0111\u1ed9 \u1ea9m THM06 l\u00e0 ch\u1ecbu nhi\u1ec7t \u0111\u1ebfn 180\u00b0C, v\u1ecf inox SUS304, IP67, \u0111o nhi\u1ec1u \u0111\u1ea1i l\u01b0\u1ee3ng, \u0111\u1ea7u ra analog ho\u1eb7c RS-485, ch\u00ednh x\u00e1c cao.","robots":{"index":"index","follow":"follow","max-snippet":"max-snippet:-1","max-image-preview":"max-image-preview:large","max-video-preview":"max-video-preview:-1"},"canonical":"https:\/\/quando.com.vn\/en\/product\/cam-bien-nhiet-do-do-am-thm06\/","og_locale":"en_US","og_type":"article","og_title":"C\u1ea3m bi\u1ebfn nhi\u1ec7t \u0111\u1ed9 v\u00e0 \u0111\u1ed9 \u1ea9m THM06","og_description":"C\u1ea3m bi\u1ebfn nhi\u1ec7t \u0111\u1ed9 v\u00e0 \u0111\u1ed9 \u1ea9m THM06 l\u00e0 ch\u1ecbu nhi\u1ec7t \u0111\u1ebfn 180\u00b0C, v\u1ecf inox SUS304, IP67, \u0111o nhi\u1ec1u \u0111\u1ea1i l\u01b0\u1ee3ng, \u0111\u1ea7u ra analog ho\u1eb7c RS-485, ch\u00ednh x\u00e1c cao.","og_url":"https:\/\/quando.com.vn\/en\/product\/cam-bien-nhiet-do-do-am-thm06\/","og_site_name":"QUANDO","article_modified_time":"2025-09-12T05:07:40+00:00","twitter_card":"summary_large_image","twitter_image":"https:\/\/quando.com.vn\/wp-content\/uploads\/2025\/09\/eyc-tech-with-thm06.webp","twitter_misc":{"Est. reading time":"3 minutes"},"schema":{"@context":"https:\/\/schema.org","@graph":[{"@type":"WebSite","@id":"https:\/\/quando.com.vn\/en\/#website","url":"https:\/\/quando.com.vn\/en\/","name":"QUANDO","description":"","potentialAction":[{"@type":"SearchAction","target":{"@type":"EntryPoint","urlTemplate":"https:\/\/quando.com.vn\/en\/?s={search_term_string}"},"query-input":"required name=search_term_string"}],"inLanguage":"en-US"},{"@type":"ImageObject","@id":"https:\/\/quando.com.vn\/san-pham\/cam-bien-nhiet-do-do-am-thm06\/#primaryimage","inLanguage":"en-US","url":"https:\/\/quando.com.vn\/wp-content\/uploads\/2025\/09\/eyc-tech-with-thm06.webp","contentUrl":"https:\/\/quando.com.vn\/wp-content\/uploads\/2025\/09\/eyc-tech-with-thm06.webp","width":500,"height":500,"caption":"C\u1ea3m bi\u1ebfn nhi\u1ec7t \u0111\u1ed9 v\u00e0 \u0111\u1ed9 \u1ea9m THM06"},{"@type":"WebPage","@id":"https:\/\/quando.com.vn\/san-pham\/cam-bien-nhiet-do-do-am-thm06\/#webpage","url":"https:\/\/quando.com.vn\/san-pham\/cam-bien-nhiet-do-do-am-thm06\/","name":"C\u1ea3m bi\u1ebfn nhi\u1ec7t \u0111\u1ed9 v\u00e0 \u0111\u1ed9 \u1ea9m THM06 - QUANDO","isPartOf":{"@id":"https:\/\/quando.com.vn\/en\/#website"},"primaryImageOfPage":{"@id":"https:\/\/quando.com.vn\/san-pham\/cam-bien-nhiet-do-do-am-thm06\/#primaryimage"},"datePublished":"2025-09-12T04:59:51+00:00","dateModified":"2025-09-12T05:07:40+00:00","description":"C\u1ea3m bi\u1ebfn nhi\u1ec7t \u0111\u1ed9 v\u00e0 \u0111\u1ed9 \u1ea9m THM06 l\u00e0 ch\u1ecbu nhi\u1ec7t \u0111\u1ebfn 180\u00b0C, v\u1ecf inox SUS304, IP67, \u0111o nhi\u1ec1u \u0111\u1ea1i l\u01b0\u1ee3ng, \u0111\u1ea7u ra analog ho\u1eb7c RS-485, ch\u00ednh x\u00e1c cao.","breadcrumb":{"@id":"https:\/\/quando.com.vn\/san-pham\/cam-bien-nhiet-do-do-am-thm06\/#breadcrumb"},"inLanguage":"en-US","potentialAction":[{"@type":"ReadAction","target":["https:\/\/quando.com.vn\/san-pham\/cam-bien-nhiet-do-do-am-thm06\/"]}]},{"@type":"BreadcrumbList","@id":"https:\/\/quando.com.vn\/san-pham\/cam-bien-nhiet-do-do-am-thm06\/#breadcrumb","itemListElement":[{"@type":"ListItem","position":1,"name":"Trang ch\u1ee7","item":"https:\/\/quando.com.vn\/"},{"@type":"ListItem","position":2,"name":"S\u1ea3n ph\u1ea9m","item":"https:\/\/quando.com.vn\/san-pham\/"},{"@type":"ListItem","position":3,"name":"C\u1ea3m bi\u1ebfn nhi\u1ec7t \u0111\u1ed9 v\u00e0 \u0111\u1ed9 \u1ea9m THM06"}]}]}},"_links":{"self":[{"href":"https:\/\/quando.com.vn\/en\/wp-json\/wp\/v2\/product\/7568"}],"collection":[{"href":"https:\/\/quando.com.vn\/en\/wp-json\/wp\/v2\/product"}],"about":[{"href":"https:\/\/quando.com.vn\/en\/wp-json\/wp\/v2\/types\/product"}],"wp:featuredmedia":[{"embeddable":true,"href":"https:\/\/quando.com.vn\/en\/wp-json\/wp\/v2\/media\/7569"}],"wp:attachment":[{"href":"https:\/\/quando.com.vn\/en\/wp-json\/wp\/v2\/media?parent=7568"}],"wp:term":[{"taxonomy":"product_cat","embeddable":true,"href":"https:\/\/quando.com.vn\/en\/wp-json\/wp\/v2\/product_cat?post=7568"},{"taxonomy":"product_tag","embeddable":true,"href":"https:\/\/quando.com.vn\/en\/wp-json\/wp\/v2\/product_tag?post=7568"}],"curies":[{"name":"wp","href":"https:\/\/api.w.org\/{rel}","templated":true}]}}