{"id":7562,"date":"2025-09-12T11:00:37","date_gmt":"2025-09-12T04:00:37","guid":{"rendered":"https:\/\/quando.com.vn\/?post_type=product&#038;p=7562"},"modified":"2025-09-12T11:44:25","modified_gmt":"2025-09-12T04:44:25","slug":"cam-bien-nhiet-do-do-am-thm80x","status":"publish","type":"product","link":"https:\/\/quando.com.vn\/en\/product\/cam-bien-nhiet-do-do-am-thm80x\/","title":{"rendered":"C\u1ea3m bi\u1ebfn nhi\u1ec7t \u0111\u1ed9 v\u00e0 \u0111\u1ed9 \u1ea9m THM80X Series"},"content":{"rendered":"<p><strong>C\u1ea3m bi\u1ebfn nhi\u1ec7t \u0111\u1ed9 v\u00e0 \u0111\u1ed9 \u1ea9m THM80X Series<\/strong> g\u1ed3m c\u00e1c model <strong>THM801, THM802, THM803<\/strong>, l\u00e0 d\u00f2ng c\u1ea3m bi\u1ebfn \u0111o nhi\u1ec7t \u0111\u1ed9 v\u00e0 \u0111\u1ed9 \u1ea9m c\u00f4ng nghi\u1ec7p ch\u1ea5t l\u01b0\u1ee3ng cao t\u1eeb <a href=\"https:\/\/www.eyc-tech.com\/eyc-thm80x-series-industry-degree-high-accuracy-temperature-humidity-transmitter.html\"><strong>eyc-tech<\/strong><\/a>. S\u1ea3n ph\u1ea9m c\u00f3 kh\u1ea3 n\u0103ng ho\u1ea1t \u0111\u1ed9ng \u1ed5n \u0111\u1ecbnh trong m\u00f4i tr\u01b0\u1eddng kh\u1eafc nghi\u1ec7t, ch\u1ecbu nhi\u1ec7t l\u00ean t\u1edbi 200\u00b0C, ch\u1ed1ng ng\u01b0ng t\u1ee5, ph\u00f9 h\u1ee3p cho nh\u00e0 m\u00e1y, ph\u00f2ng s\u1ea1ch, thi\u1ebft b\u1ecb HVAC v\u00e0 h\u1ec7 th\u1ed1ng m\u00f4i tr\u01b0\u1eddng.<\/p>\n<h3>\u0110\u1eb7c \u0111i\u1ec3m n\u1ed5i b\u1eadt<\/h3>\n<ul>\n<li>V\u1ecf nh\u00f4m IP65, thi\u1ebft k\u1ebf ch\u1eafc ch\u1eafn, ch\u1ed1ng b\u1ee5i n\u01b0\u1edbc<\/li>\n<li>C\u1ea3m bi\u1ebfn \u0111\u1ed9 \u1ea9m \u0111i\u1ec7n dung k\u1ebft h\u1ee3p v\u1edbi c\u1ea3m bi\u1ebfn nhi\u1ec7t Pt100 Class A<\/li>\n<li>Ch\u1ecbu \u0111\u01b0\u1ee3c nhi\u1ec7t \u0111\u1ed9 m\u00f4i tr\u01b0\u1eddng l\u00ean t\u1edbi 200\u00b0C, \u00e1p su\u1ea5t \u0111\u1ea7u d\u00f2 t\u1ed1i \u0111a 10 bar<\/li>\n<li>H\u1ed7 tr\u1ee3 \u0111\u1ea7u ra analog 4\u201320 mA, 0\u201310 V v\u00e0 giao ti\u1ebfp RS-485<\/li>\n<li>Hi\u1ec7u ch\u1ec9nh tuy\u1ebfn t\u00ednh nhi\u1ec7t \u0111\u1ed9 v\u00e0 \u0111\u1ed9 \u1ea9m qua ph\u1ea7n m\u1ec1m mi\u1ec5n ph\u00ed<\/li>\n<li>Ch\u1ed1ng ng\u01b0ng t\u1ee5 t\u1ea1m th\u1eddi, ho\u1ea1t \u0111\u1ed9ng \u1ed5n \u0111\u1ecbnh l\u00e2u d\u00e0i \u1edf \u0111\u1ed9 \u1ea9m cao<\/li>\n<li>Cho ph\u00e9p hi\u1ec3n th\u1ecb nhi\u1ec1u \u0111\u1ea1i l\u01b0\u1ee3ng: %RH, \u00b0C, mbar, g\/kg, g\/m\u00b3, kJ\/kg<\/li>\n<li>Ph\u1ea7n m\u1ec1m h\u1ed7 tr\u1ee3 hi\u1ec7u chu\u1ea9n, ghi d\u1eef li\u1ec7u (65535 d\u00f2ng), xu\u1ea5t bi\u1ec3u \u0111\u1ed3<\/li>\n<\/ul>\n<h3>Th\u00f4ng s\u1ed1 k\u1ef9 thu\u1eadt ch\u00ednh<\/h3>\n<p><img loading=\"lazy\" class=\"aligncenter wp-image-7567 size-full\" src=\"https:\/\/quando.com.vn\/wp-content\/uploads\/2025\/09\/eyc-tech-thm80x_spec.webp\" alt=\"\" width=\"813\" height=\"724\" srcset=\"https:\/\/quando.com.vn\/wp-content\/uploads\/2025\/09\/eyc-tech-thm80x_spec.webp 813w, https:\/\/quando.com.vn\/wp-content\/uploads\/2025\/09\/eyc-tech-thm80x_spec-300x267.webp 300w, https:\/\/quando.com.vn\/wp-content\/uploads\/2025\/09\/eyc-tech-thm80x_spec-768x684.webp 768w, https:\/\/quando.com.vn\/wp-content\/uploads\/2025\/09\/eyc-tech-thm80x_spec-13x12.webp 13w\" sizes=\"(max-width: 813px) 100vw, 813px\" \/><\/p>\n<p><img loading=\"lazy\" class=\"aligncenter wp-image-7564 size-full\" src=\"https:\/\/quando.com.vn\/wp-content\/uploads\/2025\/09\/eyc-tech-thm80x_diagram.webp\" alt=\"\" width=\"810\" height=\"728\" srcset=\"https:\/\/quando.com.vn\/wp-content\/uploads\/2025\/09\/eyc-tech-thm80x_diagram.webp 810w, https:\/\/quando.com.vn\/wp-content\/uploads\/2025\/09\/eyc-tech-thm80x_diagram-300x270.webp 300w, https:\/\/quando.com.vn\/wp-content\/uploads\/2025\/09\/eyc-tech-thm80x_diagram-768x690.webp 768w, https:\/\/quando.com.vn\/wp-content\/uploads\/2025\/09\/eyc-tech-thm80x_diagram-13x12.webp 13w\" sizes=\"(max-width: 810px) 100vw, 810px\" \/><\/p>\n<h3>\u1ee8ng d\u1ee5ng \u0111i\u1ec3n h\u00ecnh c\u1ea3m bi\u1ebfn nhi\u1ec7t \u0111\u1ed9 v\u00e0 \u0111\u1ed9 \u1ea9m THM80X<\/h3>\n<ul>\n<li>Nh\u00e0 m\u00e1y \u0111i\u1ec7n t\u1eed, b\u00e1n d\u1eabn<\/li>\n<li>H\u1ec7 th\u1ed1ng HVAC, ph\u00f2ng s\u1ea1ch, nh\u00e0 m\u00e1y d\u01b0\u1ee3c ph\u1ea9m<\/li>\n<li>Trung t\u00e2m nghi\u00ean c\u1ee9u, ph\u00f2ng th\u00ed nghi\u1ec7m, nh\u00e0 k\u00ednh<\/li>\n<li>Kho l\u01b0u tr\u1eef, x\u01b0\u1edfng in, ng\u00e0nh gi\u1ea5y v\u00e0 d\u1ec7t may<\/li>\n<li>Ng\u00e0nh th\u00e9p, th\u1ef1c ph\u1ea9m, h\u00f3a ch\u1ea5t v\u00e0 c\u00f4ng ngh\u1ec7 sinh h\u1ecdc<\/li>\n<li>Tr\u1ea1m kh\u00ed t\u01b0\u1ee3ng, ki\u1ec3m so\u00e1t m\u00f4i tr\u01b0\u1eddng<\/li>\n<\/ul>\n<p><img loading=\"lazy\" class=\"aligncenter wp-image-7566 size-full\" src=\"https:\/\/quando.com.vn\/wp-content\/uploads\/2025\/09\/eyc-tech-thm80x_ordering.webp\" alt=\"Temperature and Humidity sensor\" width=\"815\" height=\"533\" srcset=\"https:\/\/quando.com.vn\/wp-content\/uploads\/2025\/09\/eyc-tech-thm80x_ordering.webp 815w, https:\/\/quando.com.vn\/wp-content\/uploads\/2025\/09\/eyc-tech-thm80x_ordering-300x196.webp 300w, https:\/\/quando.com.vn\/wp-content\/uploads\/2025\/09\/eyc-tech-thm80x_ordering-768x502.webp 768w, https:\/\/quando.com.vn\/wp-content\/uploads\/2025\/09\/eyc-tech-thm80x_ordering-18x12.webp 18w\" sizes=\"(max-width: 815px) 100vw, 815px\" \/><\/p>\n<p><img loading=\"lazy\" class=\"aligncenter wp-image-7565 size-full\" src=\"https:\/\/quando.com.vn\/wp-content\/uploads\/2025\/09\/eyc-tech-thm80x_dimension.webp\" alt=\"C\u1ea3m bi\u1ebfn nhi\u1ec7t \u0111\u1ed9 v\u00e0 \u0111\u1ed9 \u1ea9m\" width=\"774\" height=\"682\" srcset=\"https:\/\/quando.com.vn\/wp-content\/uploads\/2025\/09\/eyc-tech-thm80x_dimension.webp 774w, https:\/\/quando.com.vn\/wp-content\/uploads\/2025\/09\/eyc-tech-thm80x_dimension-300x264.webp 300w, https:\/\/quando.com.vn\/wp-content\/uploads\/2025\/09\/eyc-tech-thm80x_dimension-768x677.webp 768w, https:\/\/quando.com.vn\/wp-content\/uploads\/2025\/09\/eyc-tech-thm80x_dimension-14x12.webp 14w\" sizes=\"(max-width: 774px) 100vw, 774px\" \/><\/p>\n<p>&nbsp;<\/p>","protected":false},"excerpt":{"rendered":"<p>&#8211; C\u1ea3m bi\u1ebfn nhi\u1ec7t \u0111\u1ed9 \u2013 \u0111\u1ed9 \u1ea9m c\u00f4ng nghi\u1ec7p<br \/>\n&#8211; \u0110\u1ed9 ch\u00ednh x\u00e1c cao: \u00b10.15\u00b0C \/ \u00b11.2%RH<br \/>\n&#8211; D\u1ea3i \u0111o r\u1ed9ng: -40~200\u00b0C \/ 0~100%RH<br \/>\n&#8211; \u0110\u1ea7u ra: 4\u201320 mA, 0\u201310 V, RS-485<br \/>\n&#8211; V\u1ecf nh\u00f4m IP65, ch\u1ecbu \u00e1p 10 bar<br \/>\n&#8211; C\u00f3 ph\u1ea7n m\u1ec1m hi\u1ec7u chu\u1ea9n<\/p>","protected":false},"featured_media":7563,"template":"","meta":[],"product_cat":[525,523],"product_tag":[],"acf":[],"yoast_head":"<!-- This site is optimized with the Yoast SEO Premium plugin v18.4 (Yoast SEO v18.6) - https:\/\/yoast.com\/wordpress\/plugins\/seo\/ -->\n<title>C\u1ea3m bi\u1ebfn nhi\u1ec7t \u0111\u1ed9 v\u00e0 \u0111\u1ed9 \u1ea9m THM80X Series - QUANDO<\/title>\n<meta name=\"description\" content=\"C\u1ea3m bi\u1ebfn nhi\u1ec7t \u0111\u1ed9 v\u00e0 \u0111\u1ed9 \u1ea9m THM80X Series, IP65, ch\u1ecbu nhi\u1ec7t 200\u00b0C, \u0111\u1ea7u ra 4\u201320mA \/ 0\u201310V\/ RS-485, ch\u00ednh x\u00e1c cao, ph\u1ea7n m\u1ec1m hi\u1ec7u chu\u1ea9n mi\u1ec5n ph\u00ed.\" \/>\n<meta name=\"robots\" content=\"index, follow, max-snippet:-1, max-image-preview:large, max-video-preview:-1\" \/>\n<link rel=\"canonical\" href=\"https:\/\/quando.com.vn\/en\/product\/cam-bien-nhiet-do-do-am-thm80x\/\" \/>\n<meta property=\"og:locale\" content=\"en_US\" \/>\n<meta property=\"og:type\" content=\"article\" \/>\n<meta property=\"og:title\" content=\"C\u1ea3m bi\u1ebfn nhi\u1ec7t \u0111\u1ed9 v\u00e0 \u0111\u1ed9 \u1ea9m THM80X Series\" \/>\n<meta property=\"og:description\" content=\"C\u1ea3m bi\u1ebfn nhi\u1ec7t \u0111\u1ed9 v\u00e0 \u0111\u1ed9 \u1ea9m THM80X Series, IP65, ch\u1ecbu nhi\u1ec7t 200\u00b0C, \u0111\u1ea7u ra 4\u201320mA \/ 0\u201310V\/ RS-485, ch\u00ednh x\u00e1c cao, ph\u1ea7n m\u1ec1m hi\u1ec7u chu\u1ea9n mi\u1ec5n ph\u00ed.\" \/>\n<meta property=\"og:url\" content=\"https:\/\/quando.com.vn\/en\/product\/cam-bien-nhiet-do-do-am-thm80x\/\" \/>\n<meta property=\"og:site_name\" content=\"QUANDO\" \/>\n<meta property=\"article:modified_time\" content=\"2025-09-12T04:44:25+00:00\" \/>\n<meta name=\"twitter:card\" content=\"summary_large_image\" \/>\n<meta name=\"twitter:image\" content=\"https:\/\/quando.com.vn\/wp-content\/uploads\/2025\/09\/eyc-tech-thm80x.webp\" \/>\n<meta name=\"twitter:label1\" content=\"Est. reading time\" \/>\n\t<meta name=\"twitter:data1\" content=\"3 minutes\" \/>\n<script type=\"application\/ld+json\" class=\"yoast-schema-graph\">{\"@context\":\"https:\/\/schema.org\",\"@graph\":[{\"@type\":\"WebSite\",\"@id\":\"https:\/\/quando.com.vn\/en\/#website\",\"url\":\"https:\/\/quando.com.vn\/en\/\",\"name\":\"QUANDO\",\"description\":\"\",\"potentialAction\":[{\"@type\":\"SearchAction\",\"target\":{\"@type\":\"EntryPoint\",\"urlTemplate\":\"https:\/\/quando.com.vn\/en\/?s={search_term_string}\"},\"query-input\":\"required name=search_term_string\"}],\"inLanguage\":\"en-US\"},{\"@type\":\"ImageObject\",\"@id\":\"https:\/\/quando.com.vn\/san-pham\/cam-bien-nhiet-do-do-am-thm80x\/#primaryimage\",\"inLanguage\":\"en-US\",\"url\":\"https:\/\/quando.com.vn\/wp-content\/uploads\/2025\/09\/eyc-tech-thm80x.webp\",\"contentUrl\":\"https:\/\/quando.com.vn\/wp-content\/uploads\/2025\/09\/eyc-tech-thm80x.webp\",\"width\":802,\"height\":592,\"caption\":\"C\u1ea3m bi\u1ebfn nhi\u1ec7t \u0111\u1ed9 v\u00e0 \u0111\u1ed9 \u1ea9m THM80X series\"},{\"@type\":\"WebPage\",\"@id\":\"https:\/\/quando.com.vn\/san-pham\/cam-bien-nhiet-do-do-am-thm80x\/#webpage\",\"url\":\"https:\/\/quando.com.vn\/san-pham\/cam-bien-nhiet-do-do-am-thm80x\/\",\"name\":\"C\u1ea3m bi\u1ebfn nhi\u1ec7t \u0111\u1ed9 v\u00e0 \u0111\u1ed9 \u1ea9m THM80X Series - QUANDO\",\"isPartOf\":{\"@id\":\"https:\/\/quando.com.vn\/en\/#website\"},\"primaryImageOfPage\":{\"@id\":\"https:\/\/quando.com.vn\/san-pham\/cam-bien-nhiet-do-do-am-thm80x\/#primaryimage\"},\"datePublished\":\"2025-09-12T04:00:37+00:00\",\"dateModified\":\"2025-09-12T04:44:25+00:00\",\"description\":\"C\u1ea3m bi\u1ebfn nhi\u1ec7t \u0111\u1ed9 v\u00e0 \u0111\u1ed9 \u1ea9m THM80X Series, IP65, ch\u1ecbu nhi\u1ec7t 200\u00b0C, \u0111\u1ea7u ra 4\u201320mA \/ 0\u201310V\/ RS-485, ch\u00ednh x\u00e1c cao, ph\u1ea7n m\u1ec1m hi\u1ec7u chu\u1ea9n mi\u1ec5n ph\u00ed.\",\"breadcrumb\":{\"@id\":\"https:\/\/quando.com.vn\/san-pham\/cam-bien-nhiet-do-do-am-thm80x\/#breadcrumb\"},\"inLanguage\":\"en-US\",\"potentialAction\":[{\"@type\":\"ReadAction\",\"target\":[\"https:\/\/quando.com.vn\/san-pham\/cam-bien-nhiet-do-do-am-thm80x\/\"]}]},{\"@type\":\"BreadcrumbList\",\"@id\":\"https:\/\/quando.com.vn\/san-pham\/cam-bien-nhiet-do-do-am-thm80x\/#breadcrumb\",\"itemListElement\":[{\"@type\":\"ListItem\",\"position\":1,\"name\":\"Trang ch\u1ee7\",\"item\":\"https:\/\/quando.com.vn\/\"},{\"@type\":\"ListItem\",\"position\":2,\"name\":\"S\u1ea3n ph\u1ea9m\",\"item\":\"https:\/\/quando.com.vn\/san-pham\/\"},{\"@type\":\"ListItem\",\"position\":3,\"name\":\"C\u1ea3m bi\u1ebfn nhi\u1ec7t \u0111\u1ed9 v\u00e0 \u0111\u1ed9 \u1ea9m THM80X Series\"}]}]}<\/script>\n<!-- \/ Yoast SEO Premium plugin. -->","yoast_head_json":{"title":"C\u1ea3m bi\u1ebfn nhi\u1ec7t \u0111\u1ed9 v\u00e0 \u0111\u1ed9 \u1ea9m THM80X Series - QUANDO","description":"C\u1ea3m bi\u1ebfn nhi\u1ec7t \u0111\u1ed9 v\u00e0 \u0111\u1ed9 \u1ea9m THM80X Series, IP65, ch\u1ecbu nhi\u1ec7t 200\u00b0C, \u0111\u1ea7u ra 4\u201320mA \/ 0\u201310V\/ RS-485, ch\u00ednh x\u00e1c cao, ph\u1ea7n m\u1ec1m hi\u1ec7u chu\u1ea9n mi\u1ec5n ph\u00ed.","robots":{"index":"index","follow":"follow","max-snippet":"max-snippet:-1","max-image-preview":"max-image-preview:large","max-video-preview":"max-video-preview:-1"},"canonical":"https:\/\/quando.com.vn\/en\/product\/cam-bien-nhiet-do-do-am-thm80x\/","og_locale":"en_US","og_type":"article","og_title":"C\u1ea3m bi\u1ebfn nhi\u1ec7t \u0111\u1ed9 v\u00e0 \u0111\u1ed9 \u1ea9m THM80X Series","og_description":"C\u1ea3m bi\u1ebfn nhi\u1ec7t \u0111\u1ed9 v\u00e0 \u0111\u1ed9 \u1ea9m THM80X Series, IP65, ch\u1ecbu nhi\u1ec7t 200\u00b0C, \u0111\u1ea7u ra 4\u201320mA \/ 0\u201310V\/ RS-485, ch\u00ednh x\u00e1c cao, ph\u1ea7n m\u1ec1m hi\u1ec7u chu\u1ea9n mi\u1ec5n ph\u00ed.","og_url":"https:\/\/quando.com.vn\/en\/product\/cam-bien-nhiet-do-do-am-thm80x\/","og_site_name":"QUANDO","article_modified_time":"2025-09-12T04:44:25+00:00","twitter_card":"summary_large_image","twitter_image":"https:\/\/quando.com.vn\/wp-content\/uploads\/2025\/09\/eyc-tech-thm80x.webp","twitter_misc":{"Est. reading time":"3 minutes"},"schema":{"@context":"https:\/\/schema.org","@graph":[{"@type":"WebSite","@id":"https:\/\/quando.com.vn\/en\/#website","url":"https:\/\/quando.com.vn\/en\/","name":"QUANDO","description":"","potentialAction":[{"@type":"SearchAction","target":{"@type":"EntryPoint","urlTemplate":"https:\/\/quando.com.vn\/en\/?s={search_term_string}"},"query-input":"required name=search_term_string"}],"inLanguage":"en-US"},{"@type":"ImageObject","@id":"https:\/\/quando.com.vn\/san-pham\/cam-bien-nhiet-do-do-am-thm80x\/#primaryimage","inLanguage":"en-US","url":"https:\/\/quando.com.vn\/wp-content\/uploads\/2025\/09\/eyc-tech-thm80x.webp","contentUrl":"https:\/\/quando.com.vn\/wp-content\/uploads\/2025\/09\/eyc-tech-thm80x.webp","width":802,"height":592,"caption":"C\u1ea3m bi\u1ebfn nhi\u1ec7t \u0111\u1ed9 v\u00e0 \u0111\u1ed9 \u1ea9m THM80X series"},{"@type":"WebPage","@id":"https:\/\/quando.com.vn\/san-pham\/cam-bien-nhiet-do-do-am-thm80x\/#webpage","url":"https:\/\/quando.com.vn\/san-pham\/cam-bien-nhiet-do-do-am-thm80x\/","name":"C\u1ea3m bi\u1ebfn nhi\u1ec7t \u0111\u1ed9 v\u00e0 \u0111\u1ed9 \u1ea9m THM80X Series - QUANDO","isPartOf":{"@id":"https:\/\/quando.com.vn\/en\/#website"},"primaryImageOfPage":{"@id":"https:\/\/quando.com.vn\/san-pham\/cam-bien-nhiet-do-do-am-thm80x\/#primaryimage"},"datePublished":"2025-09-12T04:00:37+00:00","dateModified":"2025-09-12T04:44:25+00:00","description":"C\u1ea3m bi\u1ebfn nhi\u1ec7t \u0111\u1ed9 v\u00e0 \u0111\u1ed9 \u1ea9m THM80X Series, IP65, ch\u1ecbu nhi\u1ec7t 200\u00b0C, \u0111\u1ea7u ra 4\u201320mA \/ 0\u201310V\/ RS-485, ch\u00ednh x\u00e1c cao, ph\u1ea7n m\u1ec1m hi\u1ec7u chu\u1ea9n mi\u1ec5n ph\u00ed.","breadcrumb":{"@id":"https:\/\/quando.com.vn\/san-pham\/cam-bien-nhiet-do-do-am-thm80x\/#breadcrumb"},"inLanguage":"en-US","potentialAction":[{"@type":"ReadAction","target":["https:\/\/quando.com.vn\/san-pham\/cam-bien-nhiet-do-do-am-thm80x\/"]}]},{"@type":"BreadcrumbList","@id":"https:\/\/quando.com.vn\/san-pham\/cam-bien-nhiet-do-do-am-thm80x\/#breadcrumb","itemListElement":[{"@type":"ListItem","position":1,"name":"Trang ch\u1ee7","item":"https:\/\/quando.com.vn\/"},{"@type":"ListItem","position":2,"name":"S\u1ea3n ph\u1ea9m","item":"https:\/\/quando.com.vn\/san-pham\/"},{"@type":"ListItem","position":3,"name":"C\u1ea3m bi\u1ebfn nhi\u1ec7t \u0111\u1ed9 v\u00e0 \u0111\u1ed9 \u1ea9m THM80X Series"}]}]}},"_links":{"self":[{"href":"https:\/\/quando.com.vn\/en\/wp-json\/wp\/v2\/product\/7562"}],"collection":[{"href":"https:\/\/quando.com.vn\/en\/wp-json\/wp\/v2\/product"}],"about":[{"href":"https:\/\/quando.com.vn\/en\/wp-json\/wp\/v2\/types\/product"}],"wp:featuredmedia":[{"embeddable":true,"href":"https:\/\/quando.com.vn\/en\/wp-json\/wp\/v2\/media\/7563"}],"wp:attachment":[{"href":"https:\/\/quando.com.vn\/en\/wp-json\/wp\/v2\/media?parent=7562"}],"wp:term":[{"taxonomy":"product_cat","embeddable":true,"href":"https:\/\/quando.com.vn\/en\/wp-json\/wp\/v2\/product_cat?post=7562"},{"taxonomy":"product_tag","embeddable":true,"href":"https:\/\/quando.com.vn\/en\/wp-json\/wp\/v2\/product_tag?post=7562"}],"curies":[{"name":"wp","href":"https:\/\/api.w.org\/{rel}","templated":true}]}}