{"id":7554,"date":"2025-09-10T13:41:17","date_gmt":"2025-09-10T06:41:17","guid":{"rendered":"https:\/\/quando.com.vn\/?post_type=product&#038;p=7554"},"modified":"2025-09-10T14:08:18","modified_gmt":"2025-09-10T07:08:18","slug":"cam-bien-nhiet-do-sup-wrn-supmea","status":"publish","type":"product","link":"https:\/\/quando.com.vn\/en\/product\/cam-bien-nhiet-do-sup-wrn-supmea\/","title":{"rendered":"C\u1ea3m bi\u1ebfn nhi\u1ec7t \u0111\u1ed9 SUP-WRN"},"content":{"rendered":"<p><strong>C\u1ea3m bi\u1ebfn nhi\u1ec7t \u0111\u1ed9 SUP-WRN<\/strong> c\u1ee7a <a href=\"https:\/\/www.supmeaauto.com\/temperature-sensor\/thermocouple-sensors-b-e-j-k-n-r-s-t-type\">Supmea<\/a> \u0111\u01b0\u1ee3c thi\u1ebft k\u1ebf \u0111\u1ec3 \u0111o nhi\u1ec7t \u0111\u1ed9 ch\u00ednh x\u00e1c trong nhi\u1ec1u m\u00f4i tr\u01b0\u1eddng c\u00f4ng nghi\u1ec7p. C\u1ea5u t\u1ea1o g\u1ed3m hai d\u00e2y kim lo\u1ea1i kh\u00e1c nhau n\u1ed1i t\u1ea1i \u0111\u1ea7u \u0111o, cho t\u00edn hi\u1ec7u <strong>Thermocouple (TC)<\/strong> \u1ed5n \u0111\u1ecbnh v\u00e0 ch\u00ednh x\u00e1c. V\u1edbi kh\u1ea3 n\u0103ng ch\u1ed1ng n\u01b0\u1edbc IP68 v\u00e0 v\u1ecf inox 304, thi\u1ebft b\u1ecb b\u1ec1n b\u1ec9, th\u00edch h\u1ee3p s\u1eed d\u1ee5ng trong m\u00f4i tr\u01b0\u1eddng kh\u1eafc nghi\u1ec7t.<\/p>\n<h3>Th\u00f4ng s\u1ed1 k\u1ef9 thu\u1eadt:<\/h3>\n<table style=\"width: 100%; border-collapse: collapse; text-align: left; height: 168px;\" border=\"1\" cellspacing=\"0\" cellpadding=\"5\">\n<tbody>\n<tr style=\"height: 21px;\">\n<td style=\"height: 21px;\">Product<\/td>\n<td style=\"height: 21px;\">Cable temperature sensor<\/td>\n<\/tr>\n<tr style=\"height: 21px;\">\n<td style=\"height: 21px;\">Model<\/td>\n<td style=\"height: 21px;\">SUP-WRN<\/td>\n<\/tr>\n<tr style=\"height: 21px;\">\n<td style=\"height: 21px;\">Sensor<\/td>\n<td style=\"height: 21px;\">B, E, J, K, N, R, S, T<\/td>\n<\/tr>\n<tr style=\"height: 21px;\">\n<td style=\"height: 21px;\">Temperature range<\/td>\n<td style=\"height: 21px;\">-50\u2103 ~ 200\u2103 (t\u00f9y ch\u1ecdn 400\u2103)<\/td>\n<\/tr>\n<tr style=\"height: 21px;\">\n<td style=\"height: 21px;\">Probe material<\/td>\n<td style=\"height: 21px;\">304 stainless steel<\/td>\n<\/tr>\n<tr style=\"height: 21px;\">\n<td style=\"height: 21px;\">Cable length<\/td>\n<td style=\"height: 21px;\">1m (ti\u00eau chu\u1ea9n)<\/td>\n<\/tr>\n<tr style=\"height: 21px;\">\n<td style=\"height: 21px;\">Ingress protection<\/td>\n<td style=\"height: 21px;\">IP68<\/td>\n<\/tr>\n<tr style=\"height: 21px;\">\n<td style=\"height: 21px;\">Output<\/td>\n<td style=\"height: 21px;\">Thermocouple (TC)<\/td>\n<\/tr>\n<\/tbody>\n<\/table>\n<h3><img loading=\"lazy\" class=\"aligncenter wp-image-7559\" src=\"https:\/\/quando.com.vn\/wp-content\/uploads\/2025\/09\/Cable-thermocouple-sensors-B-E-J-K-N-R-S-T_content.webp\" alt=\"\" width=\"586\" height=\"457\" srcset=\"https:\/\/quando.com.vn\/wp-content\/uploads\/2025\/09\/Cable-thermocouple-sensors-B-E-J-K-N-R-S-T_content.webp 790w, https:\/\/quando.com.vn\/wp-content\/uploads\/2025\/09\/Cable-thermocouple-sensors-B-E-J-K-N-R-S-T_content-300x234.webp 300w, https:\/\/quando.com.vn\/wp-content\/uploads\/2025\/09\/Cable-thermocouple-sensors-B-E-J-K-N-R-S-T_content-768x599.webp 768w, https:\/\/quando.com.vn\/wp-content\/uploads\/2025\/09\/Cable-thermocouple-sensors-B-E-J-K-N-R-S-T_content-15x12.webp 15w\" sizes=\"(max-width: 586px) 100vw, 586px\" \/><\/h3>\n<p><img loading=\"lazy\" class=\"aligncenter wp-image-7560\" src=\"https:\/\/quando.com.vn\/wp-content\/uploads\/2025\/09\/Cable-thermocouple-sensors-B-E-J-K-N-R-S-T_content1.webp\" alt=\"\" width=\"584\" height=\"462\" srcset=\"https:\/\/quando.com.vn\/wp-content\/uploads\/2025\/09\/Cable-thermocouple-sensors-B-E-J-K-N-R-S-T_content1.webp 790w, https:\/\/quando.com.vn\/wp-content\/uploads\/2025\/09\/Cable-thermocouple-sensors-B-E-J-K-N-R-S-T_content1-300x237.webp 300w, https:\/\/quando.com.vn\/wp-content\/uploads\/2025\/09\/Cable-thermocouple-sensors-B-E-J-K-N-R-S-T_content1-768x608.webp 768w, https:\/\/quando.com.vn\/wp-content\/uploads\/2025\/09\/Cable-thermocouple-sensors-B-E-J-K-N-R-S-T_content1-15x12.webp 15w\" sizes=\"(max-width: 584px) 100vw, 584px\" \/><\/p>\n<h3><strong>\u1ee8ng d\u1ee5ng c\u1ea3m bi\u1ebfn nhi\u1ec7t \u0111\u1ed9 SUP-WRN:<\/strong><\/h3>\n<p>\u2013 \u0110i\u1ec1u khi\u1ec3n nhi\u1ec7t \u0111\u1ed9 b\u1ec3 n\u01b0\u1edbc<br \/>\n\u2013 \u0110o nhi\u1ec7t \u0111\u1ed9 trong ph\u00f2ng th\u00ed nghi\u1ec7m<br \/>\n\u2013 \u0110o nhi\u1ec7t \u0111\u1ed9 n\u1ed3i h\u01a1i<br \/>\n\u2013 Gi\u00e1m s\u00e1t nhi\u1ec7t \u0111\u1ed9 d\u1ea7u th\u1ee7y l\u1ef1c<\/p>\n<p><img loading=\"lazy\" class=\"aligncenter wp-image-7558\" src=\"https:\/\/quando.com.vn\/wp-content\/uploads\/2025\/09\/Cable-thermocouple-sensors-B-E-J-K-N-R-S-T_2.webp\" alt=\"C\u1ea3m bi\u1ebfn nhi\u1ec7t \u0111\u1ed9 SUP-WRN\" width=\"557\" height=\"506\" srcset=\"https:\/\/quando.com.vn\/wp-content\/uploads\/2025\/09\/Cable-thermocouple-sensors-B-E-J-K-N-R-S-T_2.webp 790w, https:\/\/quando.com.vn\/wp-content\/uploads\/2025\/09\/Cable-thermocouple-sensors-B-E-J-K-N-R-S-T_2-300x273.webp 300w, https:\/\/quando.com.vn\/wp-content\/uploads\/2025\/09\/Cable-thermocouple-sensors-B-E-J-K-N-R-S-T_2-768x698.webp 768w, https:\/\/quando.com.vn\/wp-content\/uploads\/2025\/09\/Cable-thermocouple-sensors-B-E-J-K-N-R-S-T_2-13x12.webp 13w\" sizes=\"(max-width: 557px) 100vw, 557px\" \/><\/p>","protected":false},"excerpt":{"rendered":"<p data-start=\"776\" data-end=\"831\">&#8211; H\u1ed7 tr\u1ee3 nhi\u1ec1u lo\u1ea1i thermocouple B, E, J, K, N, R, S, T<br \/>\n&#8211; D\u1ea3i nhi\u1ec7t \u0111\u1ed9 -50\u2103 \u0111\u1ebfn 200\u2103 (t\u00f9y ch\u1ecdn 400\u2103)<br \/>\n&#8211; V\u1ecf inox 304, ch\u1ed1ng n\u01b0\u1edbc IP68<br \/>\n&#8211; \u1ee8ng d\u1ee5ng: s\u1ea3n xu\u1ea5t, \u00f4 t\u00f4, h\u00e0ng kh\u00f4ng<\/p>","protected":false},"featured_media":7555,"template":"","meta":[],"product_cat":[525,538],"product_tag":[],"acf":[],"yoast_head":"<!-- This site is optimized with the Yoast SEO Premium plugin v18.4 (Yoast SEO v18.6) - https:\/\/yoast.com\/wordpress\/plugins\/seo\/ -->\n<title>C\u1ea3m bi\u1ebfn nhi\u1ec7t \u0111\u1ed9 SUP-WRN - QUANDO<\/title>\n<meta name=\"description\" content=\"C\u1ea3m bi\u1ebfn nhi\u1ec7t \u0111\u1ed9 SUP-WRN, h\u1ed7 tr\u1ee3 nhi\u1ec1u lo\u1ea1i thermocouple (B, E, J, K, N, R, S, T). D\u1ea3i \u0111o -50\u2103 \u0111\u1ebfn 200\u2103, inox 304, IP68, b\u1ec1n b\u1ec9 v\u00e0 ch\u00ednh x\u00e1c\" \/>\n<meta name=\"robots\" content=\"index, follow, max-snippet:-1, max-image-preview:large, max-video-preview:-1\" \/>\n<link rel=\"canonical\" href=\"https:\/\/quando.com.vn\/en\/product\/cam-bien-nhiet-do-sup-wrn-supmea\/\" \/>\n<meta property=\"og:locale\" content=\"en_US\" \/>\n<meta property=\"og:type\" content=\"article\" \/>\n<meta property=\"og:title\" content=\"C\u1ea3m bi\u1ebfn nhi\u1ec7t \u0111\u1ed9 SUP-WRN\" \/>\n<meta property=\"og:description\" content=\"C\u1ea3m bi\u1ebfn nhi\u1ec7t \u0111\u1ed9 SUP-WRN, h\u1ed7 tr\u1ee3 nhi\u1ec1u lo\u1ea1i thermocouple (B, E, J, K, N, R, S, T). D\u1ea3i \u0111o -50\u2103 \u0111\u1ebfn 200\u2103, inox 304, IP68, b\u1ec1n b\u1ec9 v\u00e0 ch\u00ednh x\u00e1c\" \/>\n<meta property=\"og:url\" content=\"https:\/\/quando.com.vn\/en\/product\/cam-bien-nhiet-do-sup-wrn-supmea\/\" \/>\n<meta property=\"og:site_name\" content=\"QUANDO\" \/>\n<meta property=\"article:modified_time\" content=\"2025-09-10T07:08:18+00:00\" \/>\n<meta name=\"twitter:card\" content=\"summary_large_image\" \/>\n<meta name=\"twitter:image\" content=\"https:\/\/quando.com.vn\/wp-content\/uploads\/2025\/09\/Cable-thermocouple-sensors-B-E-J-K-N-R-S-T.webp\" \/>\n<meta name=\"twitter:label1\" content=\"Est. reading time\" \/>\n\t<meta name=\"twitter:data1\" content=\"2 minutes\" \/>\n<script type=\"application\/ld+json\" class=\"yoast-schema-graph\">{\"@context\":\"https:\/\/schema.org\",\"@graph\":[{\"@type\":\"WebSite\",\"@id\":\"https:\/\/quando.com.vn\/en\/#website\",\"url\":\"https:\/\/quando.com.vn\/en\/\",\"name\":\"QUANDO\",\"description\":\"\",\"potentialAction\":[{\"@type\":\"SearchAction\",\"target\":{\"@type\":\"EntryPoint\",\"urlTemplate\":\"https:\/\/quando.com.vn\/en\/?s={search_term_string}\"},\"query-input\":\"required name=search_term_string\"}],\"inLanguage\":\"en-US\"},{\"@type\":\"ImageObject\",\"@id\":\"https:\/\/quando.com.vn\/san-pham\/cam-bien-nhiet-do-sup-wrn-supmea\/#primaryimage\",\"inLanguage\":\"en-US\",\"url\":\"https:\/\/quando.com.vn\/wp-content\/uploads\/2025\/09\/Cable-thermocouple-sensors-B-E-J-K-N-R-S-T.webp\",\"contentUrl\":\"https:\/\/quando.com.vn\/wp-content\/uploads\/2025\/09\/Cable-thermocouple-sensors-B-E-J-K-N-R-S-T.webp\",\"width\":800,\"height\":800},{\"@type\":\"WebPage\",\"@id\":\"https:\/\/quando.com.vn\/san-pham\/cam-bien-nhiet-do-sup-wrn-supmea\/#webpage\",\"url\":\"https:\/\/quando.com.vn\/san-pham\/cam-bien-nhiet-do-sup-wrn-supmea\/\",\"name\":\"C\u1ea3m bi\u1ebfn nhi\u1ec7t \u0111\u1ed9 SUP-WRN - QUANDO\",\"isPartOf\":{\"@id\":\"https:\/\/quando.com.vn\/en\/#website\"},\"primaryImageOfPage\":{\"@id\":\"https:\/\/quando.com.vn\/san-pham\/cam-bien-nhiet-do-sup-wrn-supmea\/#primaryimage\"},\"datePublished\":\"2025-09-10T06:41:17+00:00\",\"dateModified\":\"2025-09-10T07:08:18+00:00\",\"description\":\"C\u1ea3m bi\u1ebfn nhi\u1ec7t \u0111\u1ed9 SUP-WRN, h\u1ed7 tr\u1ee3 nhi\u1ec1u lo\u1ea1i thermocouple (B, E, J, K, N, R, S, T). D\u1ea3i \u0111o -50\u2103 \u0111\u1ebfn 200\u2103, inox 304, IP68, b\u1ec1n b\u1ec9 v\u00e0 ch\u00ednh x\u00e1c\",\"breadcrumb\":{\"@id\":\"https:\/\/quando.com.vn\/san-pham\/cam-bien-nhiet-do-sup-wrn-supmea\/#breadcrumb\"},\"inLanguage\":\"en-US\",\"potentialAction\":[{\"@type\":\"ReadAction\",\"target\":[\"https:\/\/quando.com.vn\/san-pham\/cam-bien-nhiet-do-sup-wrn-supmea\/\"]}]},{\"@type\":\"BreadcrumbList\",\"@id\":\"https:\/\/quando.com.vn\/san-pham\/cam-bien-nhiet-do-sup-wrn-supmea\/#breadcrumb\",\"itemListElement\":[{\"@type\":\"ListItem\",\"position\":1,\"name\":\"Trang ch\u1ee7\",\"item\":\"https:\/\/quando.com.vn\/\"},{\"@type\":\"ListItem\",\"position\":2,\"name\":\"S\u1ea3n ph\u1ea9m\",\"item\":\"https:\/\/quando.com.vn\/san-pham\/\"},{\"@type\":\"ListItem\",\"position\":3,\"name\":\"C\u1ea3m bi\u1ebfn nhi\u1ec7t \u0111\u1ed9 SUP-WRN\"}]}]}<\/script>\n<!-- \/ Yoast SEO Premium plugin. -->","yoast_head_json":{"title":"C\u1ea3m bi\u1ebfn nhi\u1ec7t \u0111\u1ed9 SUP-WRN - QUANDO","description":"C\u1ea3m bi\u1ebfn nhi\u1ec7t \u0111\u1ed9 SUP-WRN, h\u1ed7 tr\u1ee3 nhi\u1ec1u lo\u1ea1i thermocouple (B, E, J, K, N, R, S, T). D\u1ea3i \u0111o -50\u2103 \u0111\u1ebfn 200\u2103, inox 304, IP68, b\u1ec1n b\u1ec9 v\u00e0 ch\u00ednh x\u00e1c","robots":{"index":"index","follow":"follow","max-snippet":"max-snippet:-1","max-image-preview":"max-image-preview:large","max-video-preview":"max-video-preview:-1"},"canonical":"https:\/\/quando.com.vn\/en\/product\/cam-bien-nhiet-do-sup-wrn-supmea\/","og_locale":"en_US","og_type":"article","og_title":"C\u1ea3m bi\u1ebfn nhi\u1ec7t \u0111\u1ed9 SUP-WRN","og_description":"C\u1ea3m bi\u1ebfn nhi\u1ec7t \u0111\u1ed9 SUP-WRN, h\u1ed7 tr\u1ee3 nhi\u1ec1u lo\u1ea1i thermocouple (B, E, J, K, N, R, S, T). D\u1ea3i \u0111o -50\u2103 \u0111\u1ebfn 200\u2103, inox 304, IP68, b\u1ec1n b\u1ec9 v\u00e0 ch\u00ednh x\u00e1c","og_url":"https:\/\/quando.com.vn\/en\/product\/cam-bien-nhiet-do-sup-wrn-supmea\/","og_site_name":"QUANDO","article_modified_time":"2025-09-10T07:08:18+00:00","twitter_card":"summary_large_image","twitter_image":"https:\/\/quando.com.vn\/wp-content\/uploads\/2025\/09\/Cable-thermocouple-sensors-B-E-J-K-N-R-S-T.webp","twitter_misc":{"Est. reading time":"2 minutes"},"schema":{"@context":"https:\/\/schema.org","@graph":[{"@type":"WebSite","@id":"https:\/\/quando.com.vn\/en\/#website","url":"https:\/\/quando.com.vn\/en\/","name":"QUANDO","description":"","potentialAction":[{"@type":"SearchAction","target":{"@type":"EntryPoint","urlTemplate":"https:\/\/quando.com.vn\/en\/?s={search_term_string}"},"query-input":"required name=search_term_string"}],"inLanguage":"en-US"},{"@type":"ImageObject","@id":"https:\/\/quando.com.vn\/san-pham\/cam-bien-nhiet-do-sup-wrn-supmea\/#primaryimage","inLanguage":"en-US","url":"https:\/\/quando.com.vn\/wp-content\/uploads\/2025\/09\/Cable-thermocouple-sensors-B-E-J-K-N-R-S-T.webp","contentUrl":"https:\/\/quando.com.vn\/wp-content\/uploads\/2025\/09\/Cable-thermocouple-sensors-B-E-J-K-N-R-S-T.webp","width":800,"height":800},{"@type":"WebPage","@id":"https:\/\/quando.com.vn\/san-pham\/cam-bien-nhiet-do-sup-wrn-supmea\/#webpage","url":"https:\/\/quando.com.vn\/san-pham\/cam-bien-nhiet-do-sup-wrn-supmea\/","name":"C\u1ea3m bi\u1ebfn nhi\u1ec7t \u0111\u1ed9 SUP-WRN - QUANDO","isPartOf":{"@id":"https:\/\/quando.com.vn\/en\/#website"},"primaryImageOfPage":{"@id":"https:\/\/quando.com.vn\/san-pham\/cam-bien-nhiet-do-sup-wrn-supmea\/#primaryimage"},"datePublished":"2025-09-10T06:41:17+00:00","dateModified":"2025-09-10T07:08:18+00:00","description":"C\u1ea3m bi\u1ebfn nhi\u1ec7t \u0111\u1ed9 SUP-WRN, h\u1ed7 tr\u1ee3 nhi\u1ec1u lo\u1ea1i thermocouple (B, E, J, K, N, R, S, T). D\u1ea3i \u0111o -50\u2103 \u0111\u1ebfn 200\u2103, inox 304, IP68, b\u1ec1n b\u1ec9 v\u00e0 ch\u00ednh x\u00e1c","breadcrumb":{"@id":"https:\/\/quando.com.vn\/san-pham\/cam-bien-nhiet-do-sup-wrn-supmea\/#breadcrumb"},"inLanguage":"en-US","potentialAction":[{"@type":"ReadAction","target":["https:\/\/quando.com.vn\/san-pham\/cam-bien-nhiet-do-sup-wrn-supmea\/"]}]},{"@type":"BreadcrumbList","@id":"https:\/\/quando.com.vn\/san-pham\/cam-bien-nhiet-do-sup-wrn-supmea\/#breadcrumb","itemListElement":[{"@type":"ListItem","position":1,"name":"Trang ch\u1ee7","item":"https:\/\/quando.com.vn\/"},{"@type":"ListItem","position":2,"name":"S\u1ea3n ph\u1ea9m","item":"https:\/\/quando.com.vn\/san-pham\/"},{"@type":"ListItem","position":3,"name":"C\u1ea3m bi\u1ebfn nhi\u1ec7t \u0111\u1ed9 SUP-WRN"}]}]}},"_links":{"self":[{"href":"https:\/\/quando.com.vn\/en\/wp-json\/wp\/v2\/product\/7554"}],"collection":[{"href":"https:\/\/quando.com.vn\/en\/wp-json\/wp\/v2\/product"}],"about":[{"href":"https:\/\/quando.com.vn\/en\/wp-json\/wp\/v2\/types\/product"}],"wp:featuredmedia":[{"embeddable":true,"href":"https:\/\/quando.com.vn\/en\/wp-json\/wp\/v2\/media\/7555"}],"wp:attachment":[{"href":"https:\/\/quando.com.vn\/en\/wp-json\/wp\/v2\/media?parent=7554"}],"wp:term":[{"taxonomy":"product_cat","embeddable":true,"href":"https:\/\/quando.com.vn\/en\/wp-json\/wp\/v2\/product_cat?post=7554"},{"taxonomy":"product_tag","embeddable":true,"href":"https:\/\/quando.com.vn\/en\/wp-json\/wp\/v2\/product_tag?post=7554"}],"curies":[{"name":"wp","href":"https:\/\/api.w.org\/{rel}","templated":true}]}}