{"id":7543,"date":"2025-09-10T11:48:30","date_gmt":"2025-09-10T04:48:30","guid":{"rendered":"https:\/\/quando.com.vn\/?post_type=product&#038;p=7543"},"modified":"2025-09-10T13:20:47","modified_gmt":"2025-09-10T06:20:47","slug":"van-dien-butterfly-valve-supmea","status":"publish","type":"product","link":"https:\/\/quando.com.vn\/en\/product\/van-dien-butterfly-valve-supmea\/","title":{"rendered":"Van \u0111i\u1ec7n butterfly valve Supmea"},"content":{"rendered":"<p><strong>Van \u0111i\u1ec7n butterfly valve <\/strong>c\u1ee7a <a href=\"https:\/\/www.supmeaauto.com\/butterfly-valves\/electric-stainless-steel-butterfly-valve\">Supmea<\/a> l\u00e0 d\u00f2ng van \u0111i\u1ec1u khi\u1ec3n t\u1ef1 \u0111\u1ed9ng b\u1eb1ng \u0111i\u1ec7n, \u0111\u01b0\u1ee3c thi\u1ebft k\u1ebf v\u1edbi th\u00e2n inox ch\u1ed1ng \u0103n m\u00f2n, ho\u1ea1t \u0111\u1ed9ng ch\u00ednh x\u00e1c trong nhi\u1ec1u m\u00f4i tr\u01b0\u1eddng ch\u1ea5t l\u1ecfng v\u00e0 kh\u00ed. V\u1edbi kh\u1ea3 n\u0103ng ch\u1ecbu \u00e1p l\u1ef1c l\u1edbn, nhi\u1ec7t \u0111\u1ed9 cao v\u00e0 \u0111a d\u1ea1ng t\u00edn hi\u1ec7u \u0111i\u1ec1u khi\u1ec3n, s\u1ea3n ph\u1ea9m \u0111\u00e1p \u1ee9ng t\u1ed1t nhu c\u1ea7u c\u00f4ng nghi\u1ec7p hi\u1ec7n \u0111\u1ea1i.<\/p>\n<p><strong>\u0110\u1eb7c \u0111i\u1ec3m n\u1ed5i b\u1eadt:<\/strong><\/p>\n<p>&#8211; Th\u00e2n van inox 304\/316, ch\u1ed1ng g\u1ec9 s\u00e9t v\u00e0 h\u00f3a ch\u1ea5t \u0103n m\u00f2n<br \/>\n&#8211; V\u1ecf h\u1ee3p kim nh\u00f4m \u0111\u00fac d\u00e0y, gi\u1ea3m nhi\u1ec5u \u0111i\u1ec7n t\u1eeb, b\u1ea3o v\u1ec7 motor<br \/>\n&#8211; K\u1ebft h\u1ee3p \u0111i\u1ec1u khi\u1ec3n \u0111i\u1ec7n v\u00e0 tay g\u1ea1t th\u1ee7 c\u00f4ng, linh ho\u1ea1t khi m\u1ea5t \u0111i\u1ec7n<br \/>\n&#8211; H\u1ed7 tr\u1ee3 t\u00edn hi\u1ec7u \u0111i\u1ec1u khi\u1ec3n \u0111a d\u1ea1ng: Switch, 0\u201310V, 4\u201320mA<br \/>\n&#8211; Ph\u1ea3n h\u1ed3i t\u00edn hi\u1ec7u ch\u00ednh x\u00e1c, d\u1ec5 k\u1ebft n\u1ed1i h\u1ec7 th\u1ed1ng SCADA\/DCS<br \/>\n&#8211; \u1ee8ng d\u1ee5ng r\u1ed9ng r\u00e3i trong n\u01b0\u1edbc, h\u01a1i, d\u1ea7u, kh\u00ed, h\u00f3a ch\u1ea5t, th\u1ef1c ph\u1ea9m<\/p>\n<p><strong>Th\u00f4ng s\u1ed1 k\u1ef9 thu\u1eadt:<\/strong><\/p>\n<table>\n<tbody>\n<tr>\n<td>Product<\/td>\n<td>Electric stainless steel butterfly valve<\/td>\n<\/tr>\n<tr>\n<td>Motor power<\/td>\n<td>10W, 23W, 40W, 100W, 200W<\/td>\n<\/tr>\n<tr>\n<td>Valve temperature<\/td>\n<td>0\u2013110\u2103, 0\u2013150\u2103<\/td>\n<\/tr>\n<tr>\n<td>Working environment<\/td>\n<td>-20\u2103 ~ 60\u2103<\/td>\n<\/tr>\n<tr>\n<td>Nominal pressure<\/td>\n<td>1.6MPa<\/td>\n<\/tr>\n<tr>\n<td>Action range<\/td>\n<td>0\u201390\u00b0<\/td>\n<\/tr>\n<tr>\n<td>Full stroke time<\/td>\n<td>10\u2013150s<\/td>\n<\/tr>\n<tr>\n<td>Medium<\/td>\n<td>Water, sewage, air, oil, acid, alkali, salt, organic compounds<\/td>\n<\/tr>\n<\/tbody>\n<\/table>\n<h3>\u1ee8ng d\u1ee5ng van \u0111i\u1ec7n butterfly valve:<\/h3>\n<p>&#8211; H\u1ec7 th\u1ed1ng \u0111\u01b0\u1eddng \u1ed1ng n\u01b0\u1edbc s\u1ea1ch v\u00e0 n\u01b0\u1edbc th\u1ea3i<br \/>\n&#8211; Nh\u00e0 m\u00e1y h\u00f3a ch\u1ea5t, luy\u1ec7n kim, d\u1ea7u kh\u00ed<br \/>\n&#8211; Ng\u00e0nh th\u1ef1c ph\u1ea9m, d\u01b0\u1ee3c ph\u1ea9m, ch\u1ebf bi\u1ebfn<br \/>\n&#8211; C\u00f4ng tr\u00ecnh x\u00e2y d\u1ef1ng, c\u1ea5p tho\u00e1t n\u01b0\u1edbc<\/p>\n<p><img loading=\"lazy\" class=\"aligncenter  wp-image-7547\" src=\"https:\/\/quando.com.vn\/wp-content\/uploads\/2025\/09\/Electric-stainless-steel-butterfly-valve_1.png\" alt=\"Van \u0111i\u1ec7n butterfly valve\" width=\"441\" height=\"626\" srcset=\"https:\/\/quando.com.vn\/wp-content\/uploads\/2025\/09\/Electric-stainless-steel-butterfly-valve_1.png 545w, https:\/\/quando.com.vn\/wp-content\/uploads\/2025\/09\/Electric-stainless-steel-butterfly-valve_1-211x300.png 211w, https:\/\/quando.com.vn\/wp-content\/uploads\/2025\/09\/Electric-stainless-steel-butterfly-valve_1-8x12.png 8w, https:\/\/quando.com.vn\/wp-content\/uploads\/2025\/09\/Electric-stainless-steel-butterfly-valve_1-300x426.png 300w\" sizes=\"(max-width: 441px) 100vw, 441px\" \/><\/p>\n<p>&nbsp;<\/p>\n<p><img loading=\"lazy\" class=\"aligncenter wp-image-7546\" src=\"https:\/\/quando.com.vn\/wp-content\/uploads\/2025\/09\/Electric-stainless-steel-butterfly-valve_2.webp\" alt=\"Van \u0111i\u1ec7n butterfly valve\" width=\"442\" height=\"740\" srcset=\"https:\/\/quando.com.vn\/wp-content\/uploads\/2025\/09\/Electric-stainless-steel-butterfly-valve_2.webp 790w, https:\/\/quando.com.vn\/wp-content\/uploads\/2025\/09\/Electric-stainless-steel-butterfly-valve_2-179x300.webp 179w, https:\/\/quando.com.vn\/wp-content\/uploads\/2025\/09\/Electric-stainless-steel-butterfly-valve_2-611x1024.webp 611w, https:\/\/quando.com.vn\/wp-content\/uploads\/2025\/09\/Electric-stainless-steel-butterfly-valve_2-768x1287.webp 768w, https:\/\/quando.com.vn\/wp-content\/uploads\/2025\/09\/Electric-stainless-steel-butterfly-valve_2-7x12.webp 7w, https:\/\/quando.com.vn\/wp-content\/uploads\/2025\/09\/Electric-stainless-steel-butterfly-valve_2-300x503.webp 300w\" sizes=\"(max-width: 442px) 100vw, 442px\" \/><\/p>\n<p>&nbsp;<\/p>","protected":false},"excerpt":{"rendered":"<p data-start=\"736\" data-end=\"751\">&#8211; Motor 10\u2013200W<br \/>\n&#8211; G\u00f3c m\u1edf 0\u201390\u00b0<br \/>\n&#8211; \u00c1p su\u1ea5t 1.6MPa<br \/>\n&#8211; Nhi\u1ec7t \u0111\u1ed9 0\u2013150\u2103<br \/>\n&#8211; Ch\u1ed1ng \u0103n m\u00f2n, b\u1ec1n b\u1ec9<\/p>","protected":false},"featured_media":7544,"template":"","meta":[],"product_cat":[557,558],"product_tag":[],"acf":[],"yoast_head":"<!-- This site is optimized with the Yoast SEO Premium plugin v18.4 (Yoast SEO v18.6) - https:\/\/yoast.com\/wordpress\/plugins\/seo\/ -->\n<title>Van \u0111i\u1ec7n butterfly valve Supmea - QUANDO<\/title>\n<meta name=\"description\" content=\"Van \u0111i\u1ec7n butterfly valve, motor c\u00f4ng su\u1ea5t 10\u2013200W, g\u00f3c quay 0\u201390\u00b0, \u00e1p su\u1ea5t 1.6MPa, ch\u1ecbu nhi\u1ec7t 0\u2013150\u2103, \u1ee9ng d\u1ee5ng n\u01b0\u1edbc, h\u01a1i, d\u1ea7u, kh\u00ed, h\u00f3a ch\u1ea5t\" \/>\n<meta name=\"robots\" content=\"index, follow, max-snippet:-1, max-image-preview:large, max-video-preview:-1\" \/>\n<link rel=\"canonical\" href=\"https:\/\/quando.com.vn\/en\/product\/van-dien-butterfly-valve-supmea\/\" \/>\n<meta property=\"og:locale\" content=\"en_US\" \/>\n<meta property=\"og:type\" content=\"article\" \/>\n<meta property=\"og:title\" content=\"Van \u0111i\u1ec7n butterfly valve Supmea\" \/>\n<meta property=\"og:description\" content=\"Van \u0111i\u1ec7n butterfly valve, motor c\u00f4ng su\u1ea5t 10\u2013200W, g\u00f3c quay 0\u201390\u00b0, \u00e1p su\u1ea5t 1.6MPa, ch\u1ecbu nhi\u1ec7t 0\u2013150\u2103, \u1ee9ng d\u1ee5ng n\u01b0\u1edbc, h\u01a1i, d\u1ea7u, kh\u00ed, h\u00f3a ch\u1ea5t\" \/>\n<meta property=\"og:url\" content=\"https:\/\/quando.com.vn\/en\/product\/van-dien-butterfly-valve-supmea\/\" \/>\n<meta property=\"og:site_name\" content=\"QUANDO\" \/>\n<meta property=\"article:modified_time\" content=\"2025-09-10T06:20:47+00:00\" \/>\n<meta name=\"twitter:card\" content=\"summary_large_image\" \/>\n<meta name=\"twitter:image\" content=\"https:\/\/quando.com.vn\/wp-content\/uploads\/2025\/09\/Electric-stainless-steel-butterfly-valve.webp\" \/>\n<meta name=\"twitter:label1\" content=\"Est. reading time\" \/>\n\t<meta name=\"twitter:data1\" content=\"2 minutes\" \/>\n<script type=\"application\/ld+json\" class=\"yoast-schema-graph\">{\"@context\":\"https:\/\/schema.org\",\"@graph\":[{\"@type\":\"WebSite\",\"@id\":\"https:\/\/quando.com.vn\/en\/#website\",\"url\":\"https:\/\/quando.com.vn\/en\/\",\"name\":\"QUANDO\",\"description\":\"\",\"potentialAction\":[{\"@type\":\"SearchAction\",\"target\":{\"@type\":\"EntryPoint\",\"urlTemplate\":\"https:\/\/quando.com.vn\/en\/?s={search_term_string}\"},\"query-input\":\"required name=search_term_string\"}],\"inLanguage\":\"en-US\"},{\"@type\":\"ImageObject\",\"@id\":\"https:\/\/quando.com.vn\/san-pham\/van-dien-butterfly-valve-supmea\/#primaryimage\",\"inLanguage\":\"en-US\",\"url\":\"https:\/\/quando.com.vn\/wp-content\/uploads\/2025\/09\/Electric-stainless-steel-butterfly-valve.webp\",\"contentUrl\":\"https:\/\/quando.com.vn\/wp-content\/uploads\/2025\/09\/Electric-stainless-steel-butterfly-valve.webp\",\"width\":800,\"height\":800,\"caption\":\"Van \u0111i\u1ec7n butterfly valve\"},{\"@type\":\"WebPage\",\"@id\":\"https:\/\/quando.com.vn\/san-pham\/van-dien-butterfly-valve-supmea\/#webpage\",\"url\":\"https:\/\/quando.com.vn\/san-pham\/van-dien-butterfly-valve-supmea\/\",\"name\":\"Van \u0111i\u1ec7n butterfly valve Supmea - QUANDO\",\"isPartOf\":{\"@id\":\"https:\/\/quando.com.vn\/en\/#website\"},\"primaryImageOfPage\":{\"@id\":\"https:\/\/quando.com.vn\/san-pham\/van-dien-butterfly-valve-supmea\/#primaryimage\"},\"datePublished\":\"2025-09-10T04:48:30+00:00\",\"dateModified\":\"2025-09-10T06:20:47+00:00\",\"description\":\"Van \u0111i\u1ec7n butterfly valve, motor c\u00f4ng su\u1ea5t 10\u2013200W, g\u00f3c quay 0\u201390\u00b0, \u00e1p su\u1ea5t 1.6MPa, ch\u1ecbu nhi\u1ec7t 0\u2013150\u2103, \u1ee9ng d\u1ee5ng n\u01b0\u1edbc, h\u01a1i, d\u1ea7u, kh\u00ed, h\u00f3a ch\u1ea5t\",\"breadcrumb\":{\"@id\":\"https:\/\/quando.com.vn\/san-pham\/van-dien-butterfly-valve-supmea\/#breadcrumb\"},\"inLanguage\":\"en-US\",\"potentialAction\":[{\"@type\":\"ReadAction\",\"target\":[\"https:\/\/quando.com.vn\/san-pham\/van-dien-butterfly-valve-supmea\/\"]}]},{\"@type\":\"BreadcrumbList\",\"@id\":\"https:\/\/quando.com.vn\/san-pham\/van-dien-butterfly-valve-supmea\/#breadcrumb\",\"itemListElement\":[{\"@type\":\"ListItem\",\"position\":1,\"name\":\"Trang ch\u1ee7\",\"item\":\"https:\/\/quando.com.vn\/\"},{\"@type\":\"ListItem\",\"position\":2,\"name\":\"S\u1ea3n ph\u1ea9m\",\"item\":\"https:\/\/quando.com.vn\/san-pham\/\"},{\"@type\":\"ListItem\",\"position\":3,\"name\":\"Van \u0111i\u1ec7n butterfly valve Supmea\"}]}]}<\/script>\n<!-- \/ Yoast SEO Premium plugin. -->","yoast_head_json":{"title":"Van \u0111i\u1ec7n butterfly valve Supmea - QUANDO","description":"Van \u0111i\u1ec7n butterfly valve, motor c\u00f4ng su\u1ea5t 10\u2013200W, g\u00f3c quay 0\u201390\u00b0, \u00e1p su\u1ea5t 1.6MPa, ch\u1ecbu nhi\u1ec7t 0\u2013150\u2103, \u1ee9ng d\u1ee5ng n\u01b0\u1edbc, h\u01a1i, d\u1ea7u, kh\u00ed, h\u00f3a ch\u1ea5t","robots":{"index":"index","follow":"follow","max-snippet":"max-snippet:-1","max-image-preview":"max-image-preview:large","max-video-preview":"max-video-preview:-1"},"canonical":"https:\/\/quando.com.vn\/en\/product\/van-dien-butterfly-valve-supmea\/","og_locale":"en_US","og_type":"article","og_title":"Van \u0111i\u1ec7n butterfly valve Supmea","og_description":"Van \u0111i\u1ec7n butterfly valve, motor c\u00f4ng su\u1ea5t 10\u2013200W, g\u00f3c quay 0\u201390\u00b0, \u00e1p su\u1ea5t 1.6MPa, ch\u1ecbu nhi\u1ec7t 0\u2013150\u2103, \u1ee9ng d\u1ee5ng n\u01b0\u1edbc, h\u01a1i, d\u1ea7u, kh\u00ed, h\u00f3a ch\u1ea5t","og_url":"https:\/\/quando.com.vn\/en\/product\/van-dien-butterfly-valve-supmea\/","og_site_name":"QUANDO","article_modified_time":"2025-09-10T06:20:47+00:00","twitter_card":"summary_large_image","twitter_image":"https:\/\/quando.com.vn\/wp-content\/uploads\/2025\/09\/Electric-stainless-steel-butterfly-valve.webp","twitter_misc":{"Est. reading time":"2 minutes"},"schema":{"@context":"https:\/\/schema.org","@graph":[{"@type":"WebSite","@id":"https:\/\/quando.com.vn\/en\/#website","url":"https:\/\/quando.com.vn\/en\/","name":"QUANDO","description":"","potentialAction":[{"@type":"SearchAction","target":{"@type":"EntryPoint","urlTemplate":"https:\/\/quando.com.vn\/en\/?s={search_term_string}"},"query-input":"required name=search_term_string"}],"inLanguage":"en-US"},{"@type":"ImageObject","@id":"https:\/\/quando.com.vn\/san-pham\/van-dien-butterfly-valve-supmea\/#primaryimage","inLanguage":"en-US","url":"https:\/\/quando.com.vn\/wp-content\/uploads\/2025\/09\/Electric-stainless-steel-butterfly-valve.webp","contentUrl":"https:\/\/quando.com.vn\/wp-content\/uploads\/2025\/09\/Electric-stainless-steel-butterfly-valve.webp","width":800,"height":800,"caption":"Van \u0111i\u1ec7n butterfly valve"},{"@type":"WebPage","@id":"https:\/\/quando.com.vn\/san-pham\/van-dien-butterfly-valve-supmea\/#webpage","url":"https:\/\/quando.com.vn\/san-pham\/van-dien-butterfly-valve-supmea\/","name":"Van \u0111i\u1ec7n butterfly valve Supmea - QUANDO","isPartOf":{"@id":"https:\/\/quando.com.vn\/en\/#website"},"primaryImageOfPage":{"@id":"https:\/\/quando.com.vn\/san-pham\/van-dien-butterfly-valve-supmea\/#primaryimage"},"datePublished":"2025-09-10T04:48:30+00:00","dateModified":"2025-09-10T06:20:47+00:00","description":"Van \u0111i\u1ec7n butterfly valve, motor c\u00f4ng su\u1ea5t 10\u2013200W, g\u00f3c quay 0\u201390\u00b0, \u00e1p su\u1ea5t 1.6MPa, ch\u1ecbu nhi\u1ec7t 0\u2013150\u2103, \u1ee9ng d\u1ee5ng n\u01b0\u1edbc, h\u01a1i, d\u1ea7u, kh\u00ed, h\u00f3a ch\u1ea5t","breadcrumb":{"@id":"https:\/\/quando.com.vn\/san-pham\/van-dien-butterfly-valve-supmea\/#breadcrumb"},"inLanguage":"en-US","potentialAction":[{"@type":"ReadAction","target":["https:\/\/quando.com.vn\/san-pham\/van-dien-butterfly-valve-supmea\/"]}]},{"@type":"BreadcrumbList","@id":"https:\/\/quando.com.vn\/san-pham\/van-dien-butterfly-valve-supmea\/#breadcrumb","itemListElement":[{"@type":"ListItem","position":1,"name":"Trang ch\u1ee7","item":"https:\/\/quando.com.vn\/"},{"@type":"ListItem","position":2,"name":"S\u1ea3n ph\u1ea9m","item":"https:\/\/quando.com.vn\/san-pham\/"},{"@type":"ListItem","position":3,"name":"Van \u0111i\u1ec7n butterfly valve Supmea"}]}]}},"_links":{"self":[{"href":"https:\/\/quando.com.vn\/en\/wp-json\/wp\/v2\/product\/7543"}],"collection":[{"href":"https:\/\/quando.com.vn\/en\/wp-json\/wp\/v2\/product"}],"about":[{"href":"https:\/\/quando.com.vn\/en\/wp-json\/wp\/v2\/types\/product"}],"wp:featuredmedia":[{"embeddable":true,"href":"https:\/\/quando.com.vn\/en\/wp-json\/wp\/v2\/media\/7544"}],"wp:attachment":[{"href":"https:\/\/quando.com.vn\/en\/wp-json\/wp\/v2\/media?parent=7543"}],"wp:term":[{"taxonomy":"product_cat","embeddable":true,"href":"https:\/\/quando.com.vn\/en\/wp-json\/wp\/v2\/product_cat?post=7543"},{"taxonomy":"product_tag","embeddable":true,"href":"https:\/\/quando.com.vn\/en\/wp-json\/wp\/v2\/product_tag?post=7543"}],"curies":[{"name":"wp","href":"https:\/\/api.w.org\/{rel}","templated":true}]}}