{"id":7535,"date":"2025-09-10T10:53:17","date_gmt":"2025-09-10T03:53:17","guid":{"rendered":"https:\/\/quando.com.vn\/?post_type=product&#038;p=7535"},"modified":"2025-09-10T11:35:53","modified_gmt":"2025-09-10T04:35:53","slug":"van-bi-dien-o-type-supmea","status":"publish","type":"product","link":"https:\/\/quando.com.vn\/en\/product\/van-bi-dien-o-type-supmea\/","title":{"rendered":"Van \u0111i\u1ec7n O-type Supmea"},"content":{"rendered":"<h3>Van \u0111i\u1ec7n O-type <a href=\"https:\/\/www.supmeaauto.com\/ball-valves\/electric-o-type-ball-valve\">Supmea<\/a> \u2013 Ch\u00ednh x\u00e1c, b\u1ec1n b\u1ec9 v\u00e0 an to\u00e0n<\/h3>\n<p><strong>Supmea Electric O-type Floating Ball Valve<\/strong> l\u00e0 d\u00f2ng van bi \u0111i\u1ec1u khi\u1ec3n b\u1eb1ng \u0111i\u1ec7n, chuy\u00ean d\u00f9ng trong h\u1ec7 th\u1ed1ng \u0111\u01b0\u1eddng \u1ed1ng c\u00f4ng nghi\u1ec7p. V\u1edbi thi\u1ebft k\u1ebf th\u00e2n van ch\u1eafc ch\u1eafn, b\u1ed9 truy\u1ec1n \u0111\u1ed9ng \u0111i\u1ec7n hi\u1ec7u su\u1ea5t cao, s\u1ea3n ph\u1ea9m \u0111\u1ea3m b\u1ea3o \u0111\u1ed9 k\u00edn tuy\u1ec7t \u0111\u1ed1i, ch\u1ecbu \u00e1p su\u1ea5t l\u1edbn v\u00e0 ho\u1ea1t \u0111\u1ed9ng b\u1ec1n b\u1ec9 trong nhi\u1ec1u m\u00f4i tr\u01b0\u1eddng kh\u00e1c nhau.<\/p>\n<p><strong>\u0110\u1eb7c \u0111i\u1ec3m n\u1ed5i b\u1eadt:<\/strong><\/p>\n<p>&#8211; Thi\u1ebft k\u1ebf th\u00e2n van d\u00e0y, ch\u1eafc ch\u1eafn, ch\u1ecbu \u00e1p l\u1ef1c cao<br \/>\n&#8211; K\u1ebft c\u1ea5u full-bore, l\u01b0u l\u01b0\u1ee3ng l\u1edbn, t\u1ed5n th\u1ea5t \u00e1p su\u1ea5t th\u1ea5p<br \/>\n&#8211; B\u1ed9 truy\u1ec1n \u0111\u1ed9ng \u0111i\u1ec7n HL, \u0111\u00f3ng\/m\u1edf nhanh v\u00e0 ch\u00ednh x\u00e1c<br \/>\n&#8211; Th\u00e2n van inox 304\/316 ho\u1eb7c th\u00e9p \u0111\u00fac, ch\u1ed1ng \u0103n m\u00f2n, ch\u1ecbu nhi\u1ec7t<br \/>\n&#8211; H\u1ed7 tr\u1ee3 nhi\u1ec1u ngu\u1ed3n c\u1ea5p \u0111i\u1ec7n: AC\/DC \u0111a d\u1ea1ng<br \/>\n&#8211; T\u00edn hi\u1ec7u \u0111i\u1ec1u khi\u1ec3n: Switch, 0\u201310V, 4\u201320mA, c\u00f3 ph\u1ea3n h\u1ed3i<\/p>\n<p><strong>Th\u00f4ng s\u1ed1 k\u1ef9 thu\u1eadt:<\/strong><\/p>\n<table>\n<tbody>\n<tr>\n<td>Product<\/td>\n<td>Electric O-type floating ball valve<\/td>\n<\/tr>\n<tr>\n<td>Power<\/td>\n<td>AC220V, AC380V, AC415V, AC440V, AC24V, AC110V, DC24V, DC12V, DC220V<\/td>\n<\/tr>\n<tr>\n<td>Valve body material<\/td>\n<td>Stainless steel 304\/316, Cast steel<\/td>\n<\/tr>\n<tr>\n<td>Valve plate material<\/td>\n<td>Stainless steel 304\/316, Nylon plate<\/td>\n<\/tr>\n<tr>\n<td>Valve seat material<\/td>\n<td>Rubber<\/td>\n<\/tr>\n<tr>\n<td>Control signal<\/td>\n<td>Switch, DC0\u201310V, DC4\u201320mA<\/td>\n<\/tr>\n<tr>\n<td>Feedback output<\/td>\n<td>Dry contact feedback; DC4\u201320mA<\/td>\n<\/tr>\n<tr>\n<td>Valve temperature<\/td>\n<td>Carbon Steel: -29\u2103~425\u2103; Stainless steel: -40\u2103~600\u2103<\/td>\n<\/tr>\n<tr>\n<td>Working temp<\/td>\n<td>-20\u201360\u2103<\/td>\n<\/tr>\n<tr>\n<td>Nominal pressure<\/td>\n<td>1.6MPa, 2.5MPa, 6.4MPa<\/td>\n<\/tr>\n<tr>\n<td>Applicable medium<\/td>\n<td>Water, steam, oil, acid corrosion, etc.<\/td>\n<\/tr>\n<\/tbody>\n<\/table>\n<p><strong>\u1ee8ng d\u1ee5ng:<\/strong><\/p>\n<p>&#8211; Nh\u00e0 m\u00e1y \u0111i\u1ec7n, d\u1ea7u kh\u00ed, h\u00f3a ch\u1ea5t<br \/>\n&#8211; H\u1ec7 th\u1ed1ng x\u1eed l\u00fd n\u01b0\u1edbc, h\u01a1i n\u00f3ng<br \/>\n&#8211; \u0110\u01b0\u1eddng \u1ed1ng v\u1eadn chuy\u1ec3n d\u1ea7u, kh\u00ed, ch\u1ea5t l\u1ecfng \u0103n m\u00f2n<br \/>\n&#8211; C\u00f4ng nghi\u1ec7p luy\u1ec7n kim, s\u1ea3n xu\u1ea5t gi\u1ea5y, d\u1ec7t nhu\u1ed9m<\/p>\n<p><img loading=\"lazy\" class=\"aligncenter wp-image-7541\" src=\"https:\/\/quando.com.vn\/wp-content\/uploads\/2025\/09\/Electric-O-type-ball-valve_2.webp\" alt=\"\" width=\"375\" height=\"492\" srcset=\"https:\/\/quando.com.vn\/wp-content\/uploads\/2025\/09\/Electric-O-type-ball-valve_2.webp 790w, https:\/\/quando.com.vn\/wp-content\/uploads\/2025\/09\/Electric-O-type-ball-valve_2-229x300.webp 229w, https:\/\/quando.com.vn\/wp-content\/uploads\/2025\/09\/Electric-O-type-ball-valve_2-782x1024.webp 782w, https:\/\/quando.com.vn\/wp-content\/uploads\/2025\/09\/Electric-O-type-ball-valve_2-768x1006.webp 768w, https:\/\/quando.com.vn\/wp-content\/uploads\/2025\/09\/Electric-O-type-ball-valve_2-9x12.webp 9w, https:\/\/quando.com.vn\/wp-content\/uploads\/2025\/09\/Electric-O-type-ball-valve_2-300x393.webp 300w\" sizes=\"(max-width: 375px) 100vw, 375px\" \/><\/p>\n<p><img loading=\"lazy\" class=\"aligncenter wp-image-7542\" src=\"https:\/\/quando.com.vn\/wp-content\/uploads\/2025\/09\/Electric-O-type-ball-valve_3.webp\" alt=\"\" width=\"376\" height=\"279\" srcset=\"https:\/\/quando.com.vn\/wp-content\/uploads\/2025\/09\/Electric-O-type-ball-valve_3.webp 790w, https:\/\/quando.com.vn\/wp-content\/uploads\/2025\/09\/Electric-O-type-ball-valve_3-300x223.webp 300w, https:\/\/quando.com.vn\/wp-content\/uploads\/2025\/09\/Electric-O-type-ball-valve_3-768x571.webp 768w, https:\/\/quando.com.vn\/wp-content\/uploads\/2025\/09\/Electric-O-type-ball-valve_3-16x12.webp 16w\" sizes=\"(max-width: 376px) 100vw, 376px\" \/><\/p>\n<p>&nbsp;<\/p>","protected":false},"excerpt":{"rendered":"<p data-start=\"639\" data-end=\"657\">&#8211; K\u1ebft n\u1ed1i m\u1eb7t b\u00edch<br \/>\n&#8211; \u00c1p su\u1ea5t 1.6\u20136.4MPa<br \/>\n&#8211; Nhi\u1ec1u d\u1ea3i \u0111i\u1ec7n \u00e1p AC\/DC<br \/>\n&#8211; V\u1eadt li\u1ec7u inox 304\/316 ho\u1eb7c th\u00e9p \u0111\u00fac<br \/>\n&#8211; \u0110i\u1ec1u khi\u1ec3n t\u1ef1 \u0111\u1ed9ng, ph\u1ea3n h\u1ed3i t\u00edn hi\u1ec7u<\/p>","protected":false},"featured_media":7539,"template":"","meta":[],"product_cat":[557,558],"product_tag":[],"acf":[],"yoast_head":"<!-- This site is optimized with the Yoast SEO Premium plugin v18.4 (Yoast SEO v18.6) - https:\/\/yoast.com\/wordpress\/plugins\/seo\/ -->\n<title>Van \u0111i\u1ec7n O-type Supmea - QUANDO<\/title>\n<meta name=\"description\" content=\"Van \u0111i\u1ec7n O-type Supmea, th\u00e2n inox 304\/316 ho\u1eb7c th\u00e9p \u0111\u00fac, \u00e1p su\u1ea5t 1.6\u20136.4MPa, \u0111i\u1ec1u khi\u1ec3n t\u00edn hi\u1ec7u Switch\/4\u201320mA\/0\u201310V, \u1ee9ng d\u1ee5ng n\u01b0\u1edbc, h\u01a1i, d\u1ea7u\" \/>\n<meta name=\"robots\" content=\"index, follow, max-snippet:-1, max-image-preview:large, max-video-preview:-1\" \/>\n<link rel=\"canonical\" href=\"https:\/\/quando.com.vn\/en\/product\/van-bi-dien-o-type-supmea\/\" \/>\n<meta property=\"og:locale\" content=\"en_US\" \/>\n<meta property=\"og:type\" content=\"article\" \/>\n<meta property=\"og:title\" content=\"Van \u0111i\u1ec7n O-type Supmea\" \/>\n<meta property=\"og:description\" content=\"Van \u0111i\u1ec7n O-type Supmea, th\u00e2n inox 304\/316 ho\u1eb7c th\u00e9p \u0111\u00fac, \u00e1p su\u1ea5t 1.6\u20136.4MPa, \u0111i\u1ec1u khi\u1ec3n t\u00edn hi\u1ec7u Switch\/4\u201320mA\/0\u201310V, \u1ee9ng d\u1ee5ng n\u01b0\u1edbc, h\u01a1i, d\u1ea7u\" \/>\n<meta property=\"og:url\" content=\"https:\/\/quando.com.vn\/en\/product\/van-bi-dien-o-type-supmea\/\" \/>\n<meta property=\"og:site_name\" content=\"QUANDO\" \/>\n<meta property=\"article:modified_time\" content=\"2025-09-10T04:35:53+00:00\" \/>\n<meta name=\"twitter:card\" content=\"summary_large_image\" \/>\n<meta name=\"twitter:image\" content=\"https:\/\/quando.com.vn\/wp-content\/uploads\/2025\/09\/Electric-O-type-ball-valve.webp\" \/>\n<meta name=\"twitter:label1\" content=\"Est. reading time\" \/>\n\t<meta name=\"twitter:data1\" content=\"2 minutes\" \/>\n<script type=\"application\/ld+json\" class=\"yoast-schema-graph\">{\"@context\":\"https:\/\/schema.org\",\"@graph\":[{\"@type\":\"WebSite\",\"@id\":\"https:\/\/quando.com.vn\/en\/#website\",\"url\":\"https:\/\/quando.com.vn\/en\/\",\"name\":\"QUANDO\",\"description\":\"\",\"potentialAction\":[{\"@type\":\"SearchAction\",\"target\":{\"@type\":\"EntryPoint\",\"urlTemplate\":\"https:\/\/quando.com.vn\/en\/?s={search_term_string}\"},\"query-input\":\"required name=search_term_string\"}],\"inLanguage\":\"en-US\"},{\"@type\":\"ImageObject\",\"@id\":\"https:\/\/quando.com.vn\/san-pham\/van-bi-dien-o-type-supmea\/#primaryimage\",\"inLanguage\":\"en-US\",\"url\":\"https:\/\/quando.com.vn\/wp-content\/uploads\/2025\/09\/Electric-O-type-ball-valve.webp\",\"contentUrl\":\"https:\/\/quando.com.vn\/wp-content\/uploads\/2025\/09\/Electric-O-type-ball-valve.webp\",\"width\":800,\"height\":800,\"caption\":\"Van \u0111i\u1ec7n\"},{\"@type\":\"WebPage\",\"@id\":\"https:\/\/quando.com.vn\/san-pham\/van-bi-dien-o-type-supmea\/#webpage\",\"url\":\"https:\/\/quando.com.vn\/san-pham\/van-bi-dien-o-type-supmea\/\",\"name\":\"Van \u0111i\u1ec7n O-type Supmea - QUANDO\",\"isPartOf\":{\"@id\":\"https:\/\/quando.com.vn\/en\/#website\"},\"primaryImageOfPage\":{\"@id\":\"https:\/\/quando.com.vn\/san-pham\/van-bi-dien-o-type-supmea\/#primaryimage\"},\"datePublished\":\"2025-09-10T03:53:17+00:00\",\"dateModified\":\"2025-09-10T04:35:53+00:00\",\"description\":\"Van \u0111i\u1ec7n O-type Supmea, th\u00e2n inox 304\/316 ho\u1eb7c th\u00e9p \u0111\u00fac, \u00e1p su\u1ea5t 1.6\u20136.4MPa, \u0111i\u1ec1u khi\u1ec3n t\u00edn hi\u1ec7u Switch\/4\u201320mA\/0\u201310V, \u1ee9ng d\u1ee5ng n\u01b0\u1edbc, h\u01a1i, d\u1ea7u\",\"breadcrumb\":{\"@id\":\"https:\/\/quando.com.vn\/san-pham\/van-bi-dien-o-type-supmea\/#breadcrumb\"},\"inLanguage\":\"en-US\",\"potentialAction\":[{\"@type\":\"ReadAction\",\"target\":[\"https:\/\/quando.com.vn\/san-pham\/van-bi-dien-o-type-supmea\/\"]}]},{\"@type\":\"BreadcrumbList\",\"@id\":\"https:\/\/quando.com.vn\/san-pham\/van-bi-dien-o-type-supmea\/#breadcrumb\",\"itemListElement\":[{\"@type\":\"ListItem\",\"position\":1,\"name\":\"Trang ch\u1ee7\",\"item\":\"https:\/\/quando.com.vn\/\"},{\"@type\":\"ListItem\",\"position\":2,\"name\":\"S\u1ea3n ph\u1ea9m\",\"item\":\"https:\/\/quando.com.vn\/san-pham\/\"},{\"@type\":\"ListItem\",\"position\":3,\"name\":\"Van \u0111i\u1ec7n O-type Supmea\"}]}]}<\/script>\n<!-- \/ Yoast SEO Premium plugin. -->","yoast_head_json":{"title":"Van \u0111i\u1ec7n O-type Supmea - QUANDO","description":"Van \u0111i\u1ec7n O-type Supmea, th\u00e2n inox 304\/316 ho\u1eb7c th\u00e9p \u0111\u00fac, \u00e1p su\u1ea5t 1.6\u20136.4MPa, \u0111i\u1ec1u khi\u1ec3n t\u00edn hi\u1ec7u Switch\/4\u201320mA\/0\u201310V, \u1ee9ng d\u1ee5ng n\u01b0\u1edbc, h\u01a1i, d\u1ea7u","robots":{"index":"index","follow":"follow","max-snippet":"max-snippet:-1","max-image-preview":"max-image-preview:large","max-video-preview":"max-video-preview:-1"},"canonical":"https:\/\/quando.com.vn\/en\/product\/van-bi-dien-o-type-supmea\/","og_locale":"en_US","og_type":"article","og_title":"Van \u0111i\u1ec7n O-type Supmea","og_description":"Van \u0111i\u1ec7n O-type Supmea, th\u00e2n inox 304\/316 ho\u1eb7c th\u00e9p \u0111\u00fac, \u00e1p su\u1ea5t 1.6\u20136.4MPa, \u0111i\u1ec1u khi\u1ec3n t\u00edn hi\u1ec7u Switch\/4\u201320mA\/0\u201310V, \u1ee9ng d\u1ee5ng n\u01b0\u1edbc, h\u01a1i, d\u1ea7u","og_url":"https:\/\/quando.com.vn\/en\/product\/van-bi-dien-o-type-supmea\/","og_site_name":"QUANDO","article_modified_time":"2025-09-10T04:35:53+00:00","twitter_card":"summary_large_image","twitter_image":"https:\/\/quando.com.vn\/wp-content\/uploads\/2025\/09\/Electric-O-type-ball-valve.webp","twitter_misc":{"Est. reading time":"2 minutes"},"schema":{"@context":"https:\/\/schema.org","@graph":[{"@type":"WebSite","@id":"https:\/\/quando.com.vn\/en\/#website","url":"https:\/\/quando.com.vn\/en\/","name":"QUANDO","description":"","potentialAction":[{"@type":"SearchAction","target":{"@type":"EntryPoint","urlTemplate":"https:\/\/quando.com.vn\/en\/?s={search_term_string}"},"query-input":"required name=search_term_string"}],"inLanguage":"en-US"},{"@type":"ImageObject","@id":"https:\/\/quando.com.vn\/san-pham\/van-bi-dien-o-type-supmea\/#primaryimage","inLanguage":"en-US","url":"https:\/\/quando.com.vn\/wp-content\/uploads\/2025\/09\/Electric-O-type-ball-valve.webp","contentUrl":"https:\/\/quando.com.vn\/wp-content\/uploads\/2025\/09\/Electric-O-type-ball-valve.webp","width":800,"height":800,"caption":"Van \u0111i\u1ec7n"},{"@type":"WebPage","@id":"https:\/\/quando.com.vn\/san-pham\/van-bi-dien-o-type-supmea\/#webpage","url":"https:\/\/quando.com.vn\/san-pham\/van-bi-dien-o-type-supmea\/","name":"Van \u0111i\u1ec7n O-type Supmea - QUANDO","isPartOf":{"@id":"https:\/\/quando.com.vn\/en\/#website"},"primaryImageOfPage":{"@id":"https:\/\/quando.com.vn\/san-pham\/van-bi-dien-o-type-supmea\/#primaryimage"},"datePublished":"2025-09-10T03:53:17+00:00","dateModified":"2025-09-10T04:35:53+00:00","description":"Van \u0111i\u1ec7n O-type Supmea, th\u00e2n inox 304\/316 ho\u1eb7c th\u00e9p \u0111\u00fac, \u00e1p su\u1ea5t 1.6\u20136.4MPa, \u0111i\u1ec1u khi\u1ec3n t\u00edn hi\u1ec7u Switch\/4\u201320mA\/0\u201310V, \u1ee9ng d\u1ee5ng n\u01b0\u1edbc, h\u01a1i, d\u1ea7u","breadcrumb":{"@id":"https:\/\/quando.com.vn\/san-pham\/van-bi-dien-o-type-supmea\/#breadcrumb"},"inLanguage":"en-US","potentialAction":[{"@type":"ReadAction","target":["https:\/\/quando.com.vn\/san-pham\/van-bi-dien-o-type-supmea\/"]}]},{"@type":"BreadcrumbList","@id":"https:\/\/quando.com.vn\/san-pham\/van-bi-dien-o-type-supmea\/#breadcrumb","itemListElement":[{"@type":"ListItem","position":1,"name":"Trang ch\u1ee7","item":"https:\/\/quando.com.vn\/"},{"@type":"ListItem","position":2,"name":"S\u1ea3n ph\u1ea9m","item":"https:\/\/quando.com.vn\/san-pham\/"},{"@type":"ListItem","position":3,"name":"Van \u0111i\u1ec7n O-type Supmea"}]}]}},"_links":{"self":[{"href":"https:\/\/quando.com.vn\/en\/wp-json\/wp\/v2\/product\/7535"}],"collection":[{"href":"https:\/\/quando.com.vn\/en\/wp-json\/wp\/v2\/product"}],"about":[{"href":"https:\/\/quando.com.vn\/en\/wp-json\/wp\/v2\/types\/product"}],"wp:featuredmedia":[{"embeddable":true,"href":"https:\/\/quando.com.vn\/en\/wp-json\/wp\/v2\/media\/7539"}],"wp:attachment":[{"href":"https:\/\/quando.com.vn\/en\/wp-json\/wp\/v2\/media?parent=7535"}],"wp:term":[{"taxonomy":"product_cat","embeddable":true,"href":"https:\/\/quando.com.vn\/en\/wp-json\/wp\/v2\/product_cat?post=7535"},{"taxonomy":"product_tag","embeddable":true,"href":"https:\/\/quando.com.vn\/en\/wp-json\/wp\/v2\/product_tag?post=7535"}],"curies":[{"name":"wp","href":"https:\/\/api.w.org\/{rel}","templated":true}]}}