{"id":7526,"date":"2025-09-10T10:00:49","date_gmt":"2025-09-10T03:00:49","guid":{"rendered":"https:\/\/quando.com.vn\/?post_type=product&#038;p=7526"},"modified":"2025-09-10T10:42:06","modified_gmt":"2025-09-10T03:42:06","slug":"van-bi-khi-nen-mat-bich-supmea","status":"publish","type":"product","link":"https:\/\/quando.com.vn\/en\/product\/van-bi-khi-nen-mat-bich-supmea\/","title":{"rendered":"Van bi kh\u00ed n\u00e9n m\u1eb7t b\u00edch Supmea"},"content":{"rendered":"<p><strong>Van bi kh\u00ed n\u00e9n m\u1eb7t b\u00edch <a href=\"https:\/\/www.supmeaauto.com\/ball-valves\/pneumatic-ball-valves\">Supmea<\/a><\/strong> l\u00e0 l\u1ef1a ch\u1ecdn \u0111\u00e1ng tin c\u1eady cho c\u00e1c h\u1ec7 th\u1ed1ng \u0111i\u1ec1u khi\u1ec3n l\u01b0u ch\u1ea5t t\u1ef1 \u0111\u1ed9ng, mang l\u1ea1i hi\u1ec7u su\u1ea5t cao, \u0111\u1ed9 b\u1ec1n l\u00e2u d\u00e0i v\u00e0 an to\u00e0n tuy\u1ec7t \u0111\u1ed1i trong v\u1eadn h\u00e0nh. l\u00e0 d\u00f2ng van bi kh\u00ed n\u00e9n ch\u1ea5t l\u01b0\u1ee3ng cao, \u1ee9ng d\u1ee5ng r\u1ed9ng r\u00e3i trong \u0111i\u1ec1u khi\u1ec3n t\u1ef1 \u0111\u1ed9ng c\u00e1c h\u1ec7 th\u1ed1ng \u0111\u01b0\u1eddng \u1ed1ng n\u01b0\u1edbc, d\u1ea7u, kh\u00ed v\u00e0 nhi\u1ec1u lo\u1ea1i ch\u1ea5t l\u1ecfng kh\u00e1c. V\u1edbi c\u1ea5u t\u1ea1o th\u00e2n inox 304, kh\u1ea3 n\u0103ng ch\u1ecbu \u0103n m\u00f2n, ch\u1ecbu \u00e1p l\u1ef1c v\u00e0 ch\u1ed1ng r\u00f2 r\u1ec9 v\u01b0\u1ee3t tr\u1ed9i, s\u1ea3n ph\u1ea9m ph\u00f9 h\u1ee3p trong nhi\u1ec1u m\u00f4i tr\u01b0\u1eddng c\u00f4ng nghi\u1ec7p kh\u1eafc nghi\u1ec7t.<\/p>\n<p><strong>\u0110\u1eb7c \u0111i\u1ec3m n\u1ed5i b\u1eadt:<\/strong><\/p>\n<p>&#8211; Th\u00e2n van inox 304, \u0111\u00fac ch\u00ednh x\u00e1c, ch\u1ecbu \u0103n m\u00f2n t\u1ed1t<br \/>\n&#8211; K\u1ebft n\u1ed1i m\u1eb7t b\u00edch, ti\u1ec7n l\u1ee3i cho l\u1eafp \u0111\u1eb7t v\u00e0 b\u1ea3o tr\u00ec<br \/>\n&#8211; Gio\u0103ng l\u00e0m k\u00edn an to\u00e0n, ch\u1ed1ng r\u00f2 r\u1ec9 tuy\u1ec7t \u0111\u1ed1i<br \/>\n&#8211; B\u1ed9 truy\u1ec1n \u0111\u1ed9ng kh\u00ed n\u00e9n (actuator) cho m\u00f4-men xo\u1eafn l\u1edbn, \u0111\u00f3ng m\u1edf nhanh<br \/>\n&#8211; Thi\u1ebft k\u1ebf ch\u1eafc ch\u1eafn, ch\u1ed1ng \u00e1p l\u1ef1c v\u00e0 ch\u1ed1ng n\u1ed5<br \/>\n&#8211; \u1ee8ng d\u1ee5ng r\u1ed9ng r\u00e3i: n\u01b0\u1edbc, d\u1ea7u, kh\u00ed t\u1ef1 nhi\u00ean, h\u00f3a ch\u1ea5t<\/p>\n<p><strong>Th\u00f4ng s\u1ed1 k\u1ef9 thu\u1eadt:<\/strong><\/p>\n<table>\n<tbody>\n<tr>\n<td>Product<\/td>\n<td>Pneumatic flange ball valve<\/td>\n<\/tr>\n<tr>\n<td>Diameter range<\/td>\n<td>DN15~DN200<\/td>\n<\/tr>\n<tr>\n<td>Pressure range<\/td>\n<td>1.6MPa<\/td>\n<\/tr>\n<tr>\n<td>Connection type<\/td>\n<td>Flange type<\/td>\n<\/tr>\n<tr>\n<td>Body material<\/td>\n<td>304 Stainless steel<\/td>\n<\/tr>\n<tr>\n<td>Seal<\/td>\n<td>Anti-leakage, low resistance<\/td>\n<\/tr>\n<tr>\n<td>Actuator<\/td>\n<td>Pneumatic HAT actuator<\/td>\n<\/tr>\n<\/tbody>\n<\/table>\n<p><strong>\u1ee8ng d\u1ee5ng:<\/strong><\/p>\n<p>&#8211; H\u1ec7 th\u1ed1ng \u0111\u01b0\u1eddng \u1ed1ng c\u00f4ng nghi\u1ec7p<br \/>\n&#8211; Nh\u00e0 m\u00e1y luy\u1ec7n kim, h\u00f3a ch\u1ea5t<br \/>\n&#8211; C\u00f4ng tr\u00ecnh x\u00e2y d\u1ef1ng<br \/>\n&#8211; V\u1eadn chuy\u1ec3n n\u01b0\u1edbc, d\u1ea7u v\u00e0 kh\u00ed t\u1ef1 nhi\u00ean<\/p>\n<p><strong>Van bi kh\u00ed n\u00e9n m\u1eb7t b\u00edch <\/strong>l\u00e0 l\u1ef1a ch\u1ecdn \u0111\u00e1ng tin c\u1eady cho c\u00e1c h\u1ec7 th\u1ed1ng \u0111i\u1ec1u khi\u1ec3n l\u01b0u ch\u1ea5t t\u1ef1 \u0111\u1ed9ng, mang l\u1ea1i hi\u1ec7u su\u1ea5t cao, \u0111\u1ed9 b\u1ec1n l\u00e2u d\u00e0i v\u00e0 an to\u00e0n tuy\u1ec7t \u0111\u1ed1i trong v\u1eadn h\u00e0nh.<\/p>\n<p><img loading=\"lazy\" class=\"aligncenter wp-image-7528\" src=\"https:\/\/quando.com.vn\/wp-content\/uploads\/2025\/09\/Pneumatic-ball-valves_1.webp\" alt=\"Van bi kh\u00ed n\u00e9n m\u1eb7t b\u00edch\" width=\"467\" height=\"609\" srcset=\"https:\/\/quando.com.vn\/wp-content\/uploads\/2025\/09\/Pneumatic-ball-valves_1.webp 790w, https:\/\/quando.com.vn\/wp-content\/uploads\/2025\/09\/Pneumatic-ball-valves_1-230x300.webp 230w, https:\/\/quando.com.vn\/wp-content\/uploads\/2025\/09\/Pneumatic-ball-valves_1-785x1024.webp 785w, https:\/\/quando.com.vn\/wp-content\/uploads\/2025\/09\/Pneumatic-ball-valves_1-768x1001.webp 768w, https:\/\/quando.com.vn\/wp-content\/uploads\/2025\/09\/Pneumatic-ball-valves_1-9x12.webp 9w, https:\/\/quando.com.vn\/wp-content\/uploads\/2025\/09\/Pneumatic-ball-valves_1-300x391.webp 300w\" sizes=\"(max-width: 467px) 100vw, 467px\" \/><\/p>\n<p><img loading=\"lazy\" class=\"aligncenter wp-image-7530\" src=\"https:\/\/quando.com.vn\/wp-content\/uploads\/2025\/09\/Pneumatic-ball-valves_3.webp\" alt=\"Van bi kh\u00ed n\u00e9n m\u1eb7t b\u00edch Supmea\" width=\"465\" height=\"562\" srcset=\"https:\/\/quando.com.vn\/wp-content\/uploads\/2025\/09\/Pneumatic-ball-valves_3.webp 790w, https:\/\/quando.com.vn\/wp-content\/uploads\/2025\/09\/Pneumatic-ball-valves_3-248x300.webp 248w, https:\/\/quando.com.vn\/wp-content\/uploads\/2025\/09\/Pneumatic-ball-valves_3-768x928.webp 768w, https:\/\/quando.com.vn\/wp-content\/uploads\/2025\/09\/Pneumatic-ball-valves_3-10x12.webp 10w, https:\/\/quando.com.vn\/wp-content\/uploads\/2025\/09\/Pneumatic-ball-valves_3-300x363.webp 300w\" sizes=\"(max-width: 465px) 100vw, 465px\" \/><\/p>\n<p><img loading=\"lazy\" class=\"aligncenter wp-image-7531\" src=\"https:\/\/quando.com.vn\/wp-content\/uploads\/2025\/09\/Pneumatic-ball-valves_4.webp\" alt=\"\" width=\"468\" height=\"569\" srcset=\"https:\/\/quando.com.vn\/wp-content\/uploads\/2025\/09\/Pneumatic-ball-valves_4.webp 790w, https:\/\/quando.com.vn\/wp-content\/uploads\/2025\/09\/Pneumatic-ball-valves_4-247x300.webp 247w, https:\/\/quando.com.vn\/wp-content\/uploads\/2025\/09\/Pneumatic-ball-valves_4-768x934.webp 768w, https:\/\/quando.com.vn\/wp-content\/uploads\/2025\/09\/Pneumatic-ball-valves_4-10x12.webp 10w, https:\/\/quando.com.vn\/wp-content\/uploads\/2025\/09\/Pneumatic-ball-valves_4-300x365.webp 300w\" sizes=\"(max-width: 468px) 100vw, 468px\" \/><\/p>\n<p><img loading=\"lazy\" class=\"aligncenter wp-image-7533\" src=\"https:\/\/quando.com.vn\/wp-content\/uploads\/2025\/09\/Pneumatic-ball-valves_6.webp\" alt=\"\" width=\"469\" height=\"533\" srcset=\"https:\/\/quando.com.vn\/wp-content\/uploads\/2025\/09\/Pneumatic-ball-valves_6.webp 790w, https:\/\/quando.com.vn\/wp-content\/uploads\/2025\/09\/Pneumatic-ball-valves_6-264x300.webp 264w, https:\/\/quando.com.vn\/wp-content\/uploads\/2025\/09\/Pneumatic-ball-valves_6-768x872.webp 768w, https:\/\/quando.com.vn\/wp-content\/uploads\/2025\/09\/Pneumatic-ball-valves_6-11x12.webp 11w, https:\/\/quando.com.vn\/wp-content\/uploads\/2025\/09\/Pneumatic-ball-valves_6-300x341.webp 300w\" sizes=\"(max-width: 469px) 100vw, 469px\" \/><\/p>\n<p><img loading=\"lazy\" class=\"aligncenter wp-image-7534\" src=\"https:\/\/quando.com.vn\/wp-content\/uploads\/2025\/09\/Pneumatic-ball-valves_7.webp\" alt=\"\" width=\"471\" height=\"522\" srcset=\"https:\/\/quando.com.vn\/wp-content\/uploads\/2025\/09\/Pneumatic-ball-valves_7.webp 790w, https:\/\/quando.com.vn\/wp-content\/uploads\/2025\/09\/Pneumatic-ball-valves_7-271x300.webp 271w, https:\/\/quando.com.vn\/wp-content\/uploads\/2025\/09\/Pneumatic-ball-valves_7-768x851.webp 768w, https:\/\/quando.com.vn\/wp-content\/uploads\/2025\/09\/Pneumatic-ball-valves_7-11x12.webp 11w, https:\/\/quando.com.vn\/wp-content\/uploads\/2025\/09\/Pneumatic-ball-valves_7-300x332.webp 300w\" sizes=\"(max-width: 471px) 100vw, 471px\" \/><\/p>\n<p>&nbsp;<\/p>\n<p>&nbsp;<\/p>","protected":false},"excerpt":{"rendered":"<p data-start=\"675\" data-end=\"698\">&#8211; K\u00edch th\u01b0\u1edbc DN15~DN200<br \/>\n&#8211; \u00c1p su\u1ea5t l\u00e0m vi\u1ec7c 1.6MPa<br \/>\n&#8211; K\u1ebft n\u1ed1i m\u1eb7t b\u00edch ti\u00eau chu\u1ea9n<br \/>\n&#8211; Th\u00e2n inox 304 b\u1ec1n b\u1ec9<br \/>\n&#8211; \u1ee8ng d\u1ee5ng \u0111a ng\u00e0nh c\u00f4ng nghi\u1ec7p<\/p>","protected":false},"featured_media":7527,"template":"","meta":[],"product_cat":[554,556],"product_tag":[],"acf":[],"yoast_head":"<!-- This site is optimized with the Yoast SEO Premium plugin v18.4 (Yoast SEO v18.6) - https:\/\/yoast.com\/wordpress\/plugins\/seo\/ -->\n<title>Van bi kh\u00ed n\u00e9n m\u1eb7t b\u00edch Supmea - QUANDO<\/title>\n<meta name=\"description\" content=\"Van bi kh\u00ed n\u00e9n m\u1eb7t b\u00edch Supmea, th\u00e2n inox 304 ch\u1ed1ng \u0103n m\u00f2n, \u00e1p su\u1ea5t 1.6MPa, DN15~DN200, \u1ee9ng d\u1ee5ng trong n\u01b0\u1edbc, d\u1ea7u, kh\u00ed v\u00e0 c\u00f4ng nghi\u1ec7p h\u00f3a ch\u1ea5t\" \/>\n<meta name=\"robots\" content=\"index, follow, max-snippet:-1, max-image-preview:large, max-video-preview:-1\" \/>\n<link rel=\"canonical\" href=\"https:\/\/quando.com.vn\/en\/product\/van-bi-khi-nen-mat-bich-supmea\/\" \/>\n<meta property=\"og:locale\" content=\"en_US\" \/>\n<meta property=\"og:type\" content=\"article\" \/>\n<meta property=\"og:title\" content=\"Van bi kh\u00ed n\u00e9n m\u1eb7t b\u00edch Supmea\" \/>\n<meta property=\"og:description\" content=\"Van bi kh\u00ed n\u00e9n m\u1eb7t b\u00edch Supmea, th\u00e2n inox 304 ch\u1ed1ng \u0103n m\u00f2n, \u00e1p su\u1ea5t 1.6MPa, DN15~DN200, \u1ee9ng d\u1ee5ng trong n\u01b0\u1edbc, d\u1ea7u, kh\u00ed v\u00e0 c\u00f4ng nghi\u1ec7p h\u00f3a ch\u1ea5t\" \/>\n<meta property=\"og:url\" content=\"https:\/\/quando.com.vn\/en\/product\/van-bi-khi-nen-mat-bich-supmea\/\" \/>\n<meta property=\"og:site_name\" content=\"QUANDO\" \/>\n<meta property=\"article:modified_time\" content=\"2025-09-10T03:42:06+00:00\" \/>\n<meta name=\"twitter:card\" content=\"summary_large_image\" \/>\n<meta name=\"twitter:image\" content=\"https:\/\/quando.com.vn\/wp-content\/uploads\/2025\/09\/Pneumatic-ball-valves.webp\" \/>\n<meta name=\"twitter:label1\" content=\"Est. reading time\" \/>\n\t<meta name=\"twitter:data1\" content=\"3 minutes\" \/>\n<script type=\"application\/ld+json\" class=\"yoast-schema-graph\">{\"@context\":\"https:\/\/schema.org\",\"@graph\":[{\"@type\":\"WebSite\",\"@id\":\"https:\/\/quando.com.vn\/en\/#website\",\"url\":\"https:\/\/quando.com.vn\/en\/\",\"name\":\"QUANDO\",\"description\":\"\",\"potentialAction\":[{\"@type\":\"SearchAction\",\"target\":{\"@type\":\"EntryPoint\",\"urlTemplate\":\"https:\/\/quando.com.vn\/en\/?s={search_term_string}\"},\"query-input\":\"required name=search_term_string\"}],\"inLanguage\":\"en-US\"},{\"@type\":\"ImageObject\",\"@id\":\"https:\/\/quando.com.vn\/san-pham\/van-bi-khi-nen-mat-bich-supmea\/#primaryimage\",\"inLanguage\":\"en-US\",\"url\":\"https:\/\/quando.com.vn\/wp-content\/uploads\/2025\/09\/Pneumatic-ball-valves.webp\",\"contentUrl\":\"https:\/\/quando.com.vn\/wp-content\/uploads\/2025\/09\/Pneumatic-ball-valves.webp\",\"width\":800,\"height\":800,\"caption\":\"Van bi kh\u00ed n\u00e9n m\u1eb7t b\u00edch\"},{\"@type\":\"WebPage\",\"@id\":\"https:\/\/quando.com.vn\/san-pham\/van-bi-khi-nen-mat-bich-supmea\/#webpage\",\"url\":\"https:\/\/quando.com.vn\/san-pham\/van-bi-khi-nen-mat-bich-supmea\/\",\"name\":\"Van bi kh\u00ed n\u00e9n m\u1eb7t b\u00edch Supmea - QUANDO\",\"isPartOf\":{\"@id\":\"https:\/\/quando.com.vn\/en\/#website\"},\"primaryImageOfPage\":{\"@id\":\"https:\/\/quando.com.vn\/san-pham\/van-bi-khi-nen-mat-bich-supmea\/#primaryimage\"},\"datePublished\":\"2025-09-10T03:00:49+00:00\",\"dateModified\":\"2025-09-10T03:42:06+00:00\",\"description\":\"Van bi kh\u00ed n\u00e9n m\u1eb7t b\u00edch Supmea, th\u00e2n inox 304 ch\u1ed1ng \u0103n m\u00f2n, \u00e1p su\u1ea5t 1.6MPa, DN15~DN200, \u1ee9ng d\u1ee5ng trong n\u01b0\u1edbc, d\u1ea7u, kh\u00ed v\u00e0 c\u00f4ng nghi\u1ec7p h\u00f3a ch\u1ea5t\",\"breadcrumb\":{\"@id\":\"https:\/\/quando.com.vn\/san-pham\/van-bi-khi-nen-mat-bich-supmea\/#breadcrumb\"},\"inLanguage\":\"en-US\",\"potentialAction\":[{\"@type\":\"ReadAction\",\"target\":[\"https:\/\/quando.com.vn\/san-pham\/van-bi-khi-nen-mat-bich-supmea\/\"]}]},{\"@type\":\"BreadcrumbList\",\"@id\":\"https:\/\/quando.com.vn\/san-pham\/van-bi-khi-nen-mat-bich-supmea\/#breadcrumb\",\"itemListElement\":[{\"@type\":\"ListItem\",\"position\":1,\"name\":\"Trang ch\u1ee7\",\"item\":\"https:\/\/quando.com.vn\/\"},{\"@type\":\"ListItem\",\"position\":2,\"name\":\"S\u1ea3n ph\u1ea9m\",\"item\":\"https:\/\/quando.com.vn\/san-pham\/\"},{\"@type\":\"ListItem\",\"position\":3,\"name\":\"Van bi kh\u00ed n\u00e9n m\u1eb7t b\u00edch Supmea\"}]}]}<\/script>\n<!-- \/ Yoast SEO Premium plugin. -->","yoast_head_json":{"title":"Van bi kh\u00ed n\u00e9n m\u1eb7t b\u00edch Supmea - QUANDO","description":"Van bi kh\u00ed n\u00e9n m\u1eb7t b\u00edch Supmea, th\u00e2n inox 304 ch\u1ed1ng \u0103n m\u00f2n, \u00e1p su\u1ea5t 1.6MPa, DN15~DN200, \u1ee9ng d\u1ee5ng trong n\u01b0\u1edbc, d\u1ea7u, kh\u00ed v\u00e0 c\u00f4ng nghi\u1ec7p h\u00f3a ch\u1ea5t","robots":{"index":"index","follow":"follow","max-snippet":"max-snippet:-1","max-image-preview":"max-image-preview:large","max-video-preview":"max-video-preview:-1"},"canonical":"https:\/\/quando.com.vn\/en\/product\/van-bi-khi-nen-mat-bich-supmea\/","og_locale":"en_US","og_type":"article","og_title":"Van bi kh\u00ed n\u00e9n m\u1eb7t b\u00edch Supmea","og_description":"Van bi kh\u00ed n\u00e9n m\u1eb7t b\u00edch Supmea, th\u00e2n inox 304 ch\u1ed1ng \u0103n m\u00f2n, \u00e1p su\u1ea5t 1.6MPa, DN15~DN200, \u1ee9ng d\u1ee5ng trong n\u01b0\u1edbc, d\u1ea7u, kh\u00ed v\u00e0 c\u00f4ng nghi\u1ec7p h\u00f3a ch\u1ea5t","og_url":"https:\/\/quando.com.vn\/en\/product\/van-bi-khi-nen-mat-bich-supmea\/","og_site_name":"QUANDO","article_modified_time":"2025-09-10T03:42:06+00:00","twitter_card":"summary_large_image","twitter_image":"https:\/\/quando.com.vn\/wp-content\/uploads\/2025\/09\/Pneumatic-ball-valves.webp","twitter_misc":{"Est. reading time":"3 minutes"},"schema":{"@context":"https:\/\/schema.org","@graph":[{"@type":"WebSite","@id":"https:\/\/quando.com.vn\/en\/#website","url":"https:\/\/quando.com.vn\/en\/","name":"QUANDO","description":"","potentialAction":[{"@type":"SearchAction","target":{"@type":"EntryPoint","urlTemplate":"https:\/\/quando.com.vn\/en\/?s={search_term_string}"},"query-input":"required name=search_term_string"}],"inLanguage":"en-US"},{"@type":"ImageObject","@id":"https:\/\/quando.com.vn\/san-pham\/van-bi-khi-nen-mat-bich-supmea\/#primaryimage","inLanguage":"en-US","url":"https:\/\/quando.com.vn\/wp-content\/uploads\/2025\/09\/Pneumatic-ball-valves.webp","contentUrl":"https:\/\/quando.com.vn\/wp-content\/uploads\/2025\/09\/Pneumatic-ball-valves.webp","width":800,"height":800,"caption":"Van bi kh\u00ed n\u00e9n m\u1eb7t b\u00edch"},{"@type":"WebPage","@id":"https:\/\/quando.com.vn\/san-pham\/van-bi-khi-nen-mat-bich-supmea\/#webpage","url":"https:\/\/quando.com.vn\/san-pham\/van-bi-khi-nen-mat-bich-supmea\/","name":"Van bi kh\u00ed n\u00e9n m\u1eb7t b\u00edch Supmea - QUANDO","isPartOf":{"@id":"https:\/\/quando.com.vn\/en\/#website"},"primaryImageOfPage":{"@id":"https:\/\/quando.com.vn\/san-pham\/van-bi-khi-nen-mat-bich-supmea\/#primaryimage"},"datePublished":"2025-09-10T03:00:49+00:00","dateModified":"2025-09-10T03:42:06+00:00","description":"Van bi kh\u00ed n\u00e9n m\u1eb7t b\u00edch Supmea, th\u00e2n inox 304 ch\u1ed1ng \u0103n m\u00f2n, \u00e1p su\u1ea5t 1.6MPa, DN15~DN200, \u1ee9ng d\u1ee5ng trong n\u01b0\u1edbc, d\u1ea7u, kh\u00ed v\u00e0 c\u00f4ng nghi\u1ec7p h\u00f3a ch\u1ea5t","breadcrumb":{"@id":"https:\/\/quando.com.vn\/san-pham\/van-bi-khi-nen-mat-bich-supmea\/#breadcrumb"},"inLanguage":"en-US","potentialAction":[{"@type":"ReadAction","target":["https:\/\/quando.com.vn\/san-pham\/van-bi-khi-nen-mat-bich-supmea\/"]}]},{"@type":"BreadcrumbList","@id":"https:\/\/quando.com.vn\/san-pham\/van-bi-khi-nen-mat-bich-supmea\/#breadcrumb","itemListElement":[{"@type":"ListItem","position":1,"name":"Trang ch\u1ee7","item":"https:\/\/quando.com.vn\/"},{"@type":"ListItem","position":2,"name":"S\u1ea3n ph\u1ea9m","item":"https:\/\/quando.com.vn\/san-pham\/"},{"@type":"ListItem","position":3,"name":"Van bi kh\u00ed n\u00e9n m\u1eb7t b\u00edch Supmea"}]}]}},"_links":{"self":[{"href":"https:\/\/quando.com.vn\/en\/wp-json\/wp\/v2\/product\/7526"}],"collection":[{"href":"https:\/\/quando.com.vn\/en\/wp-json\/wp\/v2\/product"}],"about":[{"href":"https:\/\/quando.com.vn\/en\/wp-json\/wp\/v2\/types\/product"}],"wp:featuredmedia":[{"embeddable":true,"href":"https:\/\/quando.com.vn\/en\/wp-json\/wp\/v2\/media\/7527"}],"wp:attachment":[{"href":"https:\/\/quando.com.vn\/en\/wp-json\/wp\/v2\/media?parent=7526"}],"wp:term":[{"taxonomy":"product_cat","embeddable":true,"href":"https:\/\/quando.com.vn\/en\/wp-json\/wp\/v2\/product_cat?post=7526"},{"taxonomy":"product_tag","embeddable":true,"href":"https:\/\/quando.com.vn\/en\/wp-json\/wp\/v2\/product_tag?post=7526"}],"curies":[{"name":"wp","href":"https:\/\/api.w.org\/{rel}","templated":true}]}}