{"id":7515,"date":"2025-09-08T15:05:58","date_gmt":"2025-09-08T08:05:58","guid":{"rendered":"https:\/\/quando.com.vn\/?post_type=product&#038;p=7515"},"modified":"2025-09-08T16:13:16","modified_gmt":"2025-09-08T09:13:16","slug":"do-oxy-hoa-tan-supmea-sup-dm2800","status":"publish","type":"product","link":"https:\/\/quando.com.vn\/en\/product\/do-oxy-hoa-tan-supmea-sup-dm2800\/","title":{"rendered":"\u0110\u1ed3ng h\u1ed3 \u0111o oxy h\u00f2a tan SUP-DM2800"},"content":{"rendered":"<p><strong>\u0110\u1ed3ng h\u1ed3 \u0111o oxy h\u00f2a tan SUP-DM2800<\/strong> c\u1ee7a <a href=\"https:\/\/www.supmeaauto.com\/oxygen-sensor-and-meter\/dm2800-dissolved-oxygen-meter\">Supmea<\/a> l\u00e0 m\u00e1y \u0111o oxy h\u00f2a tan (DO) ki\u1ec3u m\u00e0ng, s\u1eed d\u1ee5ng nguy\u00ean l\u00fd \u0111o \u0111i\u1ec7n c\u1ef1c polarographic \u0111\u1ec3 x\u00e1c \u0111\u1ecbnh h\u00e0m l\u01b0\u1ee3ng oxy h\u00f2a tan trong dung d\u1ecbch. K\u1ebft qu\u1ea3 \u0111o ph\u1ee5 thu\u1ed9c v\u00e0o nhi\u1ec7t \u0111\u1ed9, \u00e1p su\u1ea5t v\u00e0 \u0111\u1ed9 m\u1eb7n c\u1ee7a dung d\u1ecbch. Thi\u1ebft b\u1ecb t\u00edch h\u1ee3p m\u00e0n h\u00ecnh LCD hi\u1ec3n th\u1ecb \u0111\u1ed3ng th\u1eddi gi\u00e1 tr\u1ecb DO v\u00e0 nhi\u1ec7t \u0111\u1ed9, c\u00f9ng c\u00e1c ng\u00f5 ra t\u00edn hi\u1ec7u analog v\u00e0 s\u1ed1, ph\u00f9 h\u1ee3p v\u1edbi nhi\u1ec1u \u1ee9ng d\u1ee5ng c\u00f4ng nghi\u1ec7p.<\/p>\n<h3><strong>\u0110\u1eb7c \u0111i\u1ec3m n\u1ed5i b\u1eadt:<\/strong><\/h3>\n<p>&#8211; D\u1ea3i \u0111o: 0\u201320mg\/L, 0\u2013200%, 0\u2013400hPa<br \/>\n&#8211; \u0110\u1ed9 ph\u00e2n gi\u1ea3i: 0.01mg\/L, 0.1%, 1hPa<br \/>\n&#8211; \u0110\u1ed9 ch\u00ednh x\u00e1c: \u00b11.5%FS, \u0111\u1ed9 l\u1eb7p l\u1ea1i \u00b10.5%FS<br \/>\n&#8211; Hi\u1ec3n th\u1ecb LCD, d\u1ec5 quan s\u00e1t t\u1ea1i ch\u1ed7<br \/>\n&#8211; Ng\u00f5 ra t\u00edn hi\u1ec7u: 4\u201320mA, Relay, RS485 (Modbus RTU)<br \/>\n&#8211; Ngu\u1ed3n c\u1ea5p AC220V \u00b110%, c\u00f4ng su\u1ea5t th\u1ea5p 5W<br \/>\n&#8211; Thi\u1ebft k\u1ebf IP54, ho\u1ea1t \u0111\u1ed9ng b\u1ec1n b\u1ec9 trong m\u00f4i tr\u01b0\u1eddng c\u00f4ng nghi\u1ec7p<\/p>\n<h3><strong>Th\u00f4ng s\u1ed1 k\u1ef9 thu\u1eadt:<\/strong><\/h3>\n<table>\n<tbody>\n<tr>\n<td>Product<\/td>\n<td>Dissolved Oxygen meter (Membrane type)<\/td>\n<\/tr>\n<tr>\n<td>Model<\/td>\n<td>SUP-DM2800<\/td>\n<\/tr>\n<tr>\n<td>Measure range<\/td>\n<td>0-20mg\/L, 0-200%, 0-400hPa, -10~60\u2103<\/td>\n<\/tr>\n<tr>\n<td>Resolution<\/td>\n<td>0.01mg\/L, 0.1%, 1hPa<\/td>\n<\/tr>\n<tr>\n<td>Accuracy<\/td>\n<td>\u00b11.5%FS<\/td>\n<\/tr>\n<tr>\n<td>Temperature Type<\/td>\n<td>NTC 10k \/ PT1000<\/td>\n<\/tr>\n<tr>\n<td>Auto A\/manual H<\/td>\n<td>-10-60\u2103 Resolution; 0.1\u2103 Correction<\/td>\n<\/tr>\n<tr>\n<td>Correction accuracy<\/td>\n<td>\u00b10.5\u2103<\/td>\n<\/tr>\n<tr>\n<td>Output Type 1<\/td>\n<td>4-20mA output<\/td>\n<\/tr>\n<tr>\n<td>Max. loop resistance<\/td>\n<td>750\u03a9<\/td>\n<\/tr>\n<tr>\n<td>Repeatblitiy<\/td>\n<td>\u00b10.5%FS<\/td>\n<\/tr>\n<tr>\n<td>Output Type 2<\/td>\n<td>RS485 digital signal output<\/td>\n<\/tr>\n<tr>\n<td>Communication protocol<\/td>\n<td>Standard MODBUS-RTU (customizable)<\/td>\n<\/tr>\n<tr>\n<td>Power supply<\/td>\n<td>AC220V\u00b110% 50Hz\/60Hz 5W Max<\/td>\n<\/tr>\n<tr>\n<td>Alarm relay<\/td>\n<td>AC250V, 3A<\/td>\n<\/tr>\n<tr>\n<td>Relative humidity<\/td>\n<td>(10~85)%RH<\/td>\n<\/tr>\n<tr>\n<td>Operation temperature<\/td>\n<td>0~60\u2103<\/td>\n<\/tr>\n<tr>\n<td>Storage condition<\/td>\n<td>Temperature: 15~65\u2103; Relative humidity: (5~95)%RH<\/td>\n<\/tr>\n<tr>\n<td>Dimension<\/td>\n<td>100mm*100mm*150mm (H*W*D)<\/td>\n<\/tr>\n<tr>\n<td>Ingress protection<\/td>\n<td>IP54<\/td>\n<\/tr>\n<tr>\n<td>Weight<\/td>\n<td>0.65kg<\/td>\n<\/tr>\n<\/tbody>\n<\/table>\n<p><strong>\u1ee8ng d\u1ee5ng \u0111\u1ed3ng h\u1ed3 \u0111o oxy h\u00f2a tan SUP-DM2800:<\/strong><\/p>\n<p>&#8211; Gi\u00e1m s\u00e1t oxy h\u00f2a tan trong h\u1ec7 th\u1ed1ng x\u1eed l\u00fd n\u01b0\u1edbc th\u1ea3i<br \/>\n&#8211; Nu\u00f4i tr\u1ed3ng th\u1ee7y s\u1ea3n, ao h\u1ed3, tr\u1ea1i c\u00e1<br \/>\n&#8211; C\u00f4ng nghi\u1ec7p th\u1ef1c ph\u1ea9m, \u0111\u1ed3 u\u1ed1ng, d\u01b0\u1ee3c ph\u1ea9m<br \/>\n&#8211; Gi\u00e1m s\u00e1t ch\u1ea5t l\u01b0\u1ee3ng n\u01b0\u1edbc trong c\u00e1c ng\u00e0nh c\u00f4ng nghi\u1ec7p kh\u00e1c<\/p>\n<p><img loading=\"lazy\" class=\"aligncenter size-full wp-image-7517\" src=\"https:\/\/quando.com.vn\/wp-content\/uploads\/2025\/09\/SUP-DM2800-Membrane-dissolved-oxygen_content.webp\" alt=\"\" width=\"800\" height=\"834\" srcset=\"https:\/\/quando.com.vn\/wp-content\/uploads\/2025\/09\/SUP-DM2800-Membrane-dissolved-oxygen_content.webp 800w, https:\/\/quando.com.vn\/wp-content\/uploads\/2025\/09\/SUP-DM2800-Membrane-dissolved-oxygen_content-288x300.webp 288w, https:\/\/quando.com.vn\/wp-content\/uploads\/2025\/09\/SUP-DM2800-Membrane-dissolved-oxygen_content-768x801.webp 768w, https:\/\/quando.com.vn\/wp-content\/uploads\/2025\/09\/SUP-DM2800-Membrane-dissolved-oxygen_content-12x12.webp 12w, https:\/\/quando.com.vn\/wp-content\/uploads\/2025\/09\/SUP-DM2800-Membrane-dissolved-oxygen_content-300x313.webp 300w\" sizes=\"(max-width: 800px) 100vw, 800px\" \/><\/p>\n<div style=\"text-align: center; margin: 20px 0;\"><iframe loading=\"lazy\" title=\"YouTube\" src=\"https:\/\/www.youtube.com\/embed\/vZ_7nJNjTF4\" width=\"100%\" height=\"315\" frameborder=\"0\" allowfullscreen=\"allowfullscreen\"><span data-mce-type=\"bookmark\" style=\"display: inline-block; width: 0px; overflow: hidden; line-height: 0;\" class=\"mce_SELRES_start\"><\/span><span data-mce-type=\"bookmark\" style=\"display: inline-block; width: 0px; overflow: hidden; line-height: 0;\" class=\"mce_SELRES_start\"><\/span><span data-mce-type=\"bookmark\" style=\"display: inline-block; width: 0px; overflow: hidden; line-height: 0;\" class=\"mce_SELRES_start\"><\/span><br \/>\n<\/iframe><\/div>","protected":false},"excerpt":{"rendered":"<p data-start=\"687\" data-end=\"712\">&#8211; D\u1ea3i \u0111o 0\u201320mg\/L, 0\u2013200%<br \/>\n&#8211; \u0110\u1ed9 ph\u00e2n gi\u1ea3i 0.01mg\/L<br \/>\n&#8211; Ng\u00f5 ra 4\u201320mA, Relay, RS485<br \/>\n&#8211; Ngu\u1ed3n c\u1ea5p AC220V \u00b110%<br \/>\n&#8211; \u1ee8ng d\u1ee5ng x\u1eed l\u00fd n\u01b0\u1edbc &amp; th\u1ee7y s\u1ea3n<\/p>","protected":false},"featured_media":7516,"template":"","meta":[],"product_cat":[550,553],"product_tag":[],"acf":[],"yoast_head":"<!-- This site is optimized with the Yoast SEO Premium plugin v18.4 (Yoast SEO v18.6) - https:\/\/yoast.com\/wordpress\/plugins\/seo\/ -->\n<title>\u0110\u1ed3ng h\u1ed3 \u0111o oxy h\u00f2a tan SUP-DM2800 - QUANDO<\/title>\n<meta name=\"description\" content=\"\u0110\u1ed3ng h\u1ed3 \u0111o oxy h\u00f2a tan SUP-DM2800 d\u1ea3i \u0111o 0\u201320mg\/L, \u0111\u1ed9 ch\u00ednh x\u00e1c \u00b11.5%FS, ng\u00f5 ra 4\u201320mA\/RS485, d\u00f9ng trong x\u1eed l\u00fd n\u01b0\u1edbc, nu\u00f4i tr\u1ed3ng th\u1ee7y s\u1ea3n...\" \/>\n<meta name=\"robots\" content=\"index, follow, max-snippet:-1, max-image-preview:large, max-video-preview:-1\" \/>\n<link rel=\"canonical\" href=\"https:\/\/quando.com.vn\/en\/product\/do-oxy-hoa-tan-supmea-sup-dm2800\/\" \/>\n<meta property=\"og:locale\" content=\"en_US\" \/>\n<meta property=\"og:type\" content=\"article\" \/>\n<meta property=\"og:title\" content=\"\u0110\u1ed3ng h\u1ed3 \u0111o oxy h\u00f2a tan SUP-DM2800\" \/>\n<meta property=\"og:description\" content=\"\u0110\u1ed3ng h\u1ed3 \u0111o oxy h\u00f2a tan SUP-DM2800 d\u1ea3i \u0111o 0\u201320mg\/L, \u0111\u1ed9 ch\u00ednh x\u00e1c \u00b11.5%FS, ng\u00f5 ra 4\u201320mA\/RS485, d\u00f9ng trong x\u1eed l\u00fd n\u01b0\u1edbc, nu\u00f4i tr\u1ed3ng th\u1ee7y s\u1ea3n...\" \/>\n<meta property=\"og:url\" content=\"https:\/\/quando.com.vn\/en\/product\/do-oxy-hoa-tan-supmea-sup-dm2800\/\" \/>\n<meta property=\"og:site_name\" content=\"QUANDO\" \/>\n<meta property=\"article:modified_time\" content=\"2025-09-08T09:13:16+00:00\" \/>\n<meta name=\"twitter:card\" content=\"summary_large_image\" \/>\n<meta name=\"twitter:image\" content=\"https:\/\/quando.com.vn\/wp-content\/uploads\/2025\/09\/SUP-DM2800-Membrane-dissolved-oxygen.webp\" \/>\n<meta name=\"twitter:label1\" content=\"Est. reading time\" \/>\n\t<meta name=\"twitter:data1\" content=\"2 minutes\" \/>\n<script type=\"application\/ld+json\" class=\"yoast-schema-graph\">{\"@context\":\"https:\/\/schema.org\",\"@graph\":[{\"@type\":\"WebSite\",\"@id\":\"https:\/\/quando.com.vn\/en\/#website\",\"url\":\"https:\/\/quando.com.vn\/en\/\",\"name\":\"QUANDO\",\"description\":\"\",\"potentialAction\":[{\"@type\":\"SearchAction\",\"target\":{\"@type\":\"EntryPoint\",\"urlTemplate\":\"https:\/\/quando.com.vn\/en\/?s={search_term_string}\"},\"query-input\":\"required name=search_term_string\"}],\"inLanguage\":\"en-US\"},{\"@type\":\"ImageObject\",\"@id\":\"https:\/\/quando.com.vn\/san-pham\/do-oxy-hoa-tan-supmea-sup-dm2800\/#primaryimage\",\"inLanguage\":\"en-US\",\"url\":\"https:\/\/quando.com.vn\/wp-content\/uploads\/2025\/09\/SUP-DM2800-Membrane-dissolved-oxygen.webp\",\"contentUrl\":\"https:\/\/quando.com.vn\/wp-content\/uploads\/2025\/09\/SUP-DM2800-Membrane-dissolved-oxygen.webp\",\"width\":1000,\"height\":1000,\"caption\":\"C\u1ea3m bi\u1ebfn \u0111o oxy h\u00f2a tan SUP-DM2800 DO\"},{\"@type\":\"WebPage\",\"@id\":\"https:\/\/quando.com.vn\/san-pham\/do-oxy-hoa-tan-supmea-sup-dm2800\/#webpage\",\"url\":\"https:\/\/quando.com.vn\/san-pham\/do-oxy-hoa-tan-supmea-sup-dm2800\/\",\"name\":\"\u0110\u1ed3ng h\u1ed3 \u0111o oxy h\u00f2a tan SUP-DM2800 - QUANDO\",\"isPartOf\":{\"@id\":\"https:\/\/quando.com.vn\/en\/#website\"},\"primaryImageOfPage\":{\"@id\":\"https:\/\/quando.com.vn\/san-pham\/do-oxy-hoa-tan-supmea-sup-dm2800\/#primaryimage\"},\"datePublished\":\"2025-09-08T08:05:58+00:00\",\"dateModified\":\"2025-09-08T09:13:16+00:00\",\"description\":\"\u0110\u1ed3ng h\u1ed3 \u0111o oxy h\u00f2a tan SUP-DM2800 d\u1ea3i \u0111o 0\u201320mg\/L, \u0111\u1ed9 ch\u00ednh x\u00e1c \u00b11.5%FS, ng\u00f5 ra 4\u201320mA\/RS485, d\u00f9ng trong x\u1eed l\u00fd n\u01b0\u1edbc, nu\u00f4i tr\u1ed3ng th\u1ee7y s\u1ea3n...\",\"breadcrumb\":{\"@id\":\"https:\/\/quando.com.vn\/san-pham\/do-oxy-hoa-tan-supmea-sup-dm2800\/#breadcrumb\"},\"inLanguage\":\"en-US\",\"potentialAction\":[{\"@type\":\"ReadAction\",\"target\":[\"https:\/\/quando.com.vn\/san-pham\/do-oxy-hoa-tan-supmea-sup-dm2800\/\"]}]},{\"@type\":\"BreadcrumbList\",\"@id\":\"https:\/\/quando.com.vn\/san-pham\/do-oxy-hoa-tan-supmea-sup-dm2800\/#breadcrumb\",\"itemListElement\":[{\"@type\":\"ListItem\",\"position\":1,\"name\":\"Trang ch\u1ee7\",\"item\":\"https:\/\/quando.com.vn\/\"},{\"@type\":\"ListItem\",\"position\":2,\"name\":\"S\u1ea3n ph\u1ea9m\",\"item\":\"https:\/\/quando.com.vn\/san-pham\/\"},{\"@type\":\"ListItem\",\"position\":3,\"name\":\"\u0110\u1ed3ng h\u1ed3 \u0111o oxy h\u00f2a tan SUP-DM2800\"}]}]}<\/script>\n<!-- \/ Yoast SEO Premium plugin. -->","yoast_head_json":{"title":"\u0110\u1ed3ng h\u1ed3 \u0111o oxy h\u00f2a tan SUP-DM2800 - QUANDO","description":"\u0110\u1ed3ng h\u1ed3 \u0111o oxy h\u00f2a tan SUP-DM2800 d\u1ea3i \u0111o 0\u201320mg\/L, \u0111\u1ed9 ch\u00ednh x\u00e1c \u00b11.5%FS, ng\u00f5 ra 4\u201320mA\/RS485, d\u00f9ng trong x\u1eed l\u00fd n\u01b0\u1edbc, nu\u00f4i tr\u1ed3ng th\u1ee7y s\u1ea3n...","robots":{"index":"index","follow":"follow","max-snippet":"max-snippet:-1","max-image-preview":"max-image-preview:large","max-video-preview":"max-video-preview:-1"},"canonical":"https:\/\/quando.com.vn\/en\/product\/do-oxy-hoa-tan-supmea-sup-dm2800\/","og_locale":"en_US","og_type":"article","og_title":"\u0110\u1ed3ng h\u1ed3 \u0111o oxy h\u00f2a tan SUP-DM2800","og_description":"\u0110\u1ed3ng h\u1ed3 \u0111o oxy h\u00f2a tan SUP-DM2800 d\u1ea3i \u0111o 0\u201320mg\/L, \u0111\u1ed9 ch\u00ednh x\u00e1c \u00b11.5%FS, ng\u00f5 ra 4\u201320mA\/RS485, d\u00f9ng trong x\u1eed l\u00fd n\u01b0\u1edbc, nu\u00f4i tr\u1ed3ng th\u1ee7y s\u1ea3n...","og_url":"https:\/\/quando.com.vn\/en\/product\/do-oxy-hoa-tan-supmea-sup-dm2800\/","og_site_name":"QUANDO","article_modified_time":"2025-09-08T09:13:16+00:00","twitter_card":"summary_large_image","twitter_image":"https:\/\/quando.com.vn\/wp-content\/uploads\/2025\/09\/SUP-DM2800-Membrane-dissolved-oxygen.webp","twitter_misc":{"Est. reading time":"2 minutes"},"schema":{"@context":"https:\/\/schema.org","@graph":[{"@type":"WebSite","@id":"https:\/\/quando.com.vn\/en\/#website","url":"https:\/\/quando.com.vn\/en\/","name":"QUANDO","description":"","potentialAction":[{"@type":"SearchAction","target":{"@type":"EntryPoint","urlTemplate":"https:\/\/quando.com.vn\/en\/?s={search_term_string}"},"query-input":"required name=search_term_string"}],"inLanguage":"en-US"},{"@type":"ImageObject","@id":"https:\/\/quando.com.vn\/san-pham\/do-oxy-hoa-tan-supmea-sup-dm2800\/#primaryimage","inLanguage":"en-US","url":"https:\/\/quando.com.vn\/wp-content\/uploads\/2025\/09\/SUP-DM2800-Membrane-dissolved-oxygen.webp","contentUrl":"https:\/\/quando.com.vn\/wp-content\/uploads\/2025\/09\/SUP-DM2800-Membrane-dissolved-oxygen.webp","width":1000,"height":1000,"caption":"C\u1ea3m bi\u1ebfn \u0111o oxy h\u00f2a tan SUP-DM2800 DO"},{"@type":"WebPage","@id":"https:\/\/quando.com.vn\/san-pham\/do-oxy-hoa-tan-supmea-sup-dm2800\/#webpage","url":"https:\/\/quando.com.vn\/san-pham\/do-oxy-hoa-tan-supmea-sup-dm2800\/","name":"\u0110\u1ed3ng h\u1ed3 \u0111o oxy h\u00f2a tan SUP-DM2800 - QUANDO","isPartOf":{"@id":"https:\/\/quando.com.vn\/en\/#website"},"primaryImageOfPage":{"@id":"https:\/\/quando.com.vn\/san-pham\/do-oxy-hoa-tan-supmea-sup-dm2800\/#primaryimage"},"datePublished":"2025-09-08T08:05:58+00:00","dateModified":"2025-09-08T09:13:16+00:00","description":"\u0110\u1ed3ng h\u1ed3 \u0111o oxy h\u00f2a tan SUP-DM2800 d\u1ea3i \u0111o 0\u201320mg\/L, \u0111\u1ed9 ch\u00ednh x\u00e1c \u00b11.5%FS, ng\u00f5 ra 4\u201320mA\/RS485, d\u00f9ng trong x\u1eed l\u00fd n\u01b0\u1edbc, nu\u00f4i tr\u1ed3ng th\u1ee7y s\u1ea3n...","breadcrumb":{"@id":"https:\/\/quando.com.vn\/san-pham\/do-oxy-hoa-tan-supmea-sup-dm2800\/#breadcrumb"},"inLanguage":"en-US","potentialAction":[{"@type":"ReadAction","target":["https:\/\/quando.com.vn\/san-pham\/do-oxy-hoa-tan-supmea-sup-dm2800\/"]}]},{"@type":"BreadcrumbList","@id":"https:\/\/quando.com.vn\/san-pham\/do-oxy-hoa-tan-supmea-sup-dm2800\/#breadcrumb","itemListElement":[{"@type":"ListItem","position":1,"name":"Trang ch\u1ee7","item":"https:\/\/quando.com.vn\/"},{"@type":"ListItem","position":2,"name":"S\u1ea3n ph\u1ea9m","item":"https:\/\/quando.com.vn\/san-pham\/"},{"@type":"ListItem","position":3,"name":"\u0110\u1ed3ng h\u1ed3 \u0111o oxy h\u00f2a tan SUP-DM2800"}]}]}},"_links":{"self":[{"href":"https:\/\/quando.com.vn\/en\/wp-json\/wp\/v2\/product\/7515"}],"collection":[{"href":"https:\/\/quando.com.vn\/en\/wp-json\/wp\/v2\/product"}],"about":[{"href":"https:\/\/quando.com.vn\/en\/wp-json\/wp\/v2\/types\/product"}],"wp:featuredmedia":[{"embeddable":true,"href":"https:\/\/quando.com.vn\/en\/wp-json\/wp\/v2\/media\/7516"}],"wp:attachment":[{"href":"https:\/\/quando.com.vn\/en\/wp-json\/wp\/v2\/media?parent=7515"}],"wp:term":[{"taxonomy":"product_cat","embeddable":true,"href":"https:\/\/quando.com.vn\/en\/wp-json\/wp\/v2\/product_cat?post=7515"},{"taxonomy":"product_tag","embeddable":true,"href":"https:\/\/quando.com.vn\/en\/wp-json\/wp\/v2\/product_tag?post=7515"}],"curies":[{"name":"wp","href":"https:\/\/api.w.org\/{rel}","templated":true}]}}