{"id":7501,"date":"2025-09-05T11:58:56","date_gmt":"2025-09-05T04:58:56","guid":{"rendered":"https:\/\/quando.com.vn\/?post_type=product&#038;p=7501"},"modified":"2025-09-15T15:26:17","modified_gmt":"2025-09-15T08:26:17","slug":"cam-bien-ap-suat-supmea-sup-px300","status":"publish","type":"product","link":"https:\/\/quando.com.vn\/en\/product\/cam-bien-ap-suat-supmea-sup-px300\/","title":{"rendered":"C\u1ea3m bi\u1ebfn \u00e1p su\u1ea5t c\u00f3 hi\u1ec3n th\u1ecb SUP-PX300"},"content":{"rendered":"<p><strong>C\u1ea3m bi\u1ebfn \u00e1p su\u1ea5t c\u00f3 hi\u1ec3n th\u1ecb SUP-PX300 <\/strong>c\u1ee7a <a href=\"https:\/\/www.supmeaauto.com\/pressure-transmitter\/px300-pressure-transmitter\">Supmea<\/a> l\u00e0 c\u1ea3m bi\u1ebfn \u00e1p su\u1ea5t c\u00f4ng nghi\u1ec7p \u0111\u01b0\u1ee3c thi\u1ebft k\u1ebf v\u1edbi m\u00e0n h\u00ecnh hi\u1ec3n th\u1ecb t\u00edch h\u1ee3p, cho ph\u00e9p gi\u00e1m s\u00e1t tr\u1ef1c quan gi\u00e1 tr\u1ecb \u00e1p su\u1ea5t ngay t\u1ea1i \u0111i\u1ec3m \u0111o. Thi\u1ebft b\u1ecb h\u1ed7 tr\u1ee3 nhi\u1ec1u lo\u1ea1i t\u00edn hi\u1ec7u ng\u00f5 ra (analog v\u00e0 s\u1ed1), d\u1ec5 d\u00e0ng k\u1ebft n\u1ed1i v\u1edbi h\u1ec7 th\u1ed1ng SCADA, PLC ho\u1eb7c m\u00e1y t\u00ednh c\u00f4ng nghi\u1ec7p, \u0111\u00e1p \u1ee9ng y\u00eau c\u1ea7u gi\u00e1m s\u00e1t v\u00e0 \u0111i\u1ec1u khi\u1ec3n trong nhi\u1ec1u l\u0129nh v\u1ef1c.<\/p>\n<h3><strong>\u0110\u1eb7c \u0111i\u1ec3m n\u1ed5i b\u1eadt:<\/strong><\/h3>\n<p>&#8211; D\u1ea3i \u0111o t\u1eeb -0.1 \u0111\u1ebfn 60MPa, ph\u00f9 h\u1ee3p nhi\u1ec1u \u1ee9ng d\u1ee5ng<br \/>\n&#8211; \u0110\u1ed9 ph\u00e2n gi\u1ea3i 0.5% F.S, \u0111\u1ea3m b\u1ea3o \u0111\u1ed9 ch\u00ednh x\u00e1c cao<br \/>\n&#8211; Ng\u00f5 ra \u0111a d\u1ea1ng: 4\u201320mA, 1\u20135V, 0\u201310V, 0\u20135V, RS485<br \/>\n&#8211; Thi\u1ebft k\u1ebf ren l\u1eafp ch\u1eafc ch\u1eafn, d\u1ec5 c\u00e0i \u0111\u1eb7t<br \/>\n&#8211; Ngu\u1ed3n c\u1ea5p linh ho\u1ea1t 9\u201336VDC, ti\u00eau chu\u1ea9n 24VDC<br \/>\n&#8211; Ph\u00f9 h\u1ee3p \u0111o ch\u1ea5t l\u1ecfng, kh\u00ed, d\u1ea7u trong m\u00f4i tr\u01b0\u1eddng c\u00f4ng nghi\u1ec7p kh\u1eafc nghi\u1ec7t<\/p>\n<p><strong>Th\u00f4ng s\u1ed1 k\u1ef9 thu\u1eadt:<\/strong><\/p>\n<table>\n<tbody>\n<tr>\n<td>Product<\/td>\n<td>Pressure transmitter<\/td>\n<\/tr>\n<tr>\n<td>Model<\/td>\n<td>SUP-PX300<\/td>\n<\/tr>\n<tr>\n<td>Measure range<\/td>\n<td>-0.1\u20260\/0.01\u202660Mpa<\/td>\n<\/tr>\n<tr>\n<td>Indication resolution<\/td>\n<td>0.5%<\/td>\n<\/tr>\n<tr>\n<td>Working temperature<\/td>\n<td>-20-85\u00b0C<\/td>\n<\/tr>\n<tr>\n<td>Output signal<\/td>\n<td>4-20ma analog output<\/td>\n<\/tr>\n<tr>\n<td>Pressure type<\/td>\n<td>Gauge pressure, adiabatic pressure and sealed pressure<\/td>\n<\/tr>\n<tr>\n<td>Measure medium<\/td>\n<td>Liquid; Gas; Oil etc<\/td>\n<\/tr>\n<tr>\n<td>Pressure overload<\/td>\n<td>0.035&#8230;10MPa\uff08150%FS\uff0910&#8230;60MPa\uff08125%FS\uff09<\/td>\n<\/tr>\n<tr>\n<td>Power<\/td>\n<td>10-32V (4&#8230;20mA); 12-32V (0&#8230;10V); 8-32V (RS485)<\/td>\n<\/tr>\n<\/tbody>\n<\/table>\n<p><strong>\u1ee8ng d\u1ee5ng c\u1ea3m bi\u1ebfn \u00e1p su\u1ea5t c\u00f3 hi\u1ec3n th\u1ecb SUP-PX300:<\/strong><\/p>\n<p>&#8211; T\u1ef1 \u0111\u1ed9ng h\u00f3a trong ng\u00e0nh n\u01b0\u1edbc v\u00e0 th\u1ee7y \u0111i\u1ec7n<br \/>\n&#8211; Gi\u00e1m s\u00e1t \u0111\u01b0\u1eddng \u1ed1ng kh\u00ed, h\u01a1i, d\u1ea7u<br \/>\n&#8211; H\u1ec7 th\u1ed1ng t\u00f2a nh\u00e0, HVAC v\u00e0 \u0111i\u1ec1u khi\u1ec3n m\u00f4i tr\u01b0\u1eddng<br \/>\n&#8211; C\u00f4ng nghi\u1ec7p h\u00f3a d\u1ea7u, \u0111i\u1ec7n t\u1eed, h\u00e0ng h\u1ea3i v\u00e0 qu\u00e2n s\u1ef1<br \/>\n&#8211; C\u00e1c d\u00e2y chuy\u1ec1n s\u1ea3n xu\u1ea5t c\u1ea7n gi\u00e1m s\u00e1t \u00e1p su\u1ea5t li\u00ean t\u1ee5c<\/p>\n<p><img loading=\"lazy\" class=\"aligncenter size-full wp-image-7502\" src=\"https:\/\/quando.com.vn\/wp-content\/uploads\/2025\/09\/SUP-PX300-Pressure-transmitter-with-display.webp\" alt=\"SUP-PX300 Pressure transmitter \" width=\"2000\" height=\"2000\" srcset=\"https:\/\/quando.com.vn\/wp-content\/uploads\/2025\/09\/SUP-PX300-Pressure-transmitter-with-display.webp 2000w, https:\/\/quando.com.vn\/wp-content\/uploads\/2025\/09\/SUP-PX300-Pressure-transmitter-with-display-300x300.webp 300w, https:\/\/quando.com.vn\/wp-content\/uploads\/2025\/09\/SUP-PX300-Pressure-transmitter-with-display-1024x1024.webp 1024w, https:\/\/quando.com.vn\/wp-content\/uploads\/2025\/09\/SUP-PX300-Pressure-transmitter-with-display-150x150.webp 150w, https:\/\/quando.com.vn\/wp-content\/uploads\/2025\/09\/SUP-PX300-Pressure-transmitter-with-display-768x768.webp 768w, https:\/\/quando.com.vn\/wp-content\/uploads\/2025\/09\/SUP-PX300-Pressure-transmitter-with-display-1536x1536.webp 1536w, https:\/\/quando.com.vn\/wp-content\/uploads\/2025\/09\/SUP-PX300-Pressure-transmitter-with-display-12x12.webp 12w, https:\/\/quando.com.vn\/wp-content\/uploads\/2025\/09\/SUP-PX300-Pressure-transmitter-with-display-100x100.webp 100w\" sizes=\"(max-width: 2000px) 100vw, 2000px\" \/><\/p>","protected":false},"excerpt":{"rendered":"<p data-start=\"667\" data-end=\"696\">&#8211; D\u1ea3i \u0111o -0.1\u202660MPa<br \/>\n&#8211; \u0110\u1ed9 ph\u00e2n gi\u1ea3i 0.5% F.S<br \/>\n&#8211; Ng\u00f5 ra 4\u201320mA, Voltage, RS485<br \/>\n&#8211; Ngu\u1ed3n c\u1ea5p 10\u201332VDC<br \/>\n&#8211; \u1ee8ng d\u1ee5ng \u0111a ng\u00e0nh c\u00f4ng nghi\u1ec7p<\/p>","protected":false},"featured_media":7502,"template":"","meta":[],"product_cat":[529,537],"product_tag":[],"acf":[],"yoast_head":"<!-- This site is optimized with the Yoast SEO Premium plugin v18.4 (Yoast SEO v18.6) - https:\/\/yoast.com\/wordpress\/plugins\/seo\/ -->\n<title>C\u1ea3m bi\u1ebfn \u00e1p su\u1ea5t c\u00f3 hi\u1ec3n th\u1ecb SUP-PX300 - QUANDO<\/title>\n<meta name=\"description\" content=\"C\u1ea3m bi\u1ebfn \u00e1p su\u1ea5t c\u00f3 hi\u1ec3n th\u1ecb SUP-PX300, d\u1ea3i \u0111o -0.1 \u0111\u1ebfn 60MPa, ng\u00f5 ra 4\u201320mA\/RS485\/voltage, \u1ee9ng d\u1ee5ng trong n\u01b0\u1edbc, d\u1ea7u, kh\u00ed...\" \/>\n<meta name=\"robots\" content=\"index, follow, max-snippet:-1, max-image-preview:large, max-video-preview:-1\" \/>\n<link rel=\"canonical\" href=\"https:\/\/quando.com.vn\/en\/product\/cam-bien-ap-suat-supmea-sup-px300\/\" \/>\n<meta property=\"og:locale\" content=\"en_US\" \/>\n<meta property=\"og:type\" content=\"article\" \/>\n<meta property=\"og:title\" content=\"C\u1ea3m bi\u1ebfn \u00e1p su\u1ea5t c\u00f3 hi\u1ec3n th\u1ecb SUP-PX300\" \/>\n<meta property=\"og:description\" content=\"C\u1ea3m bi\u1ebfn \u00e1p su\u1ea5t c\u00f3 hi\u1ec3n th\u1ecb SUP-PX300, d\u1ea3i \u0111o -0.1 \u0111\u1ebfn 60MPa, ng\u00f5 ra 4\u201320mA\/RS485\/voltage, \u1ee9ng d\u1ee5ng trong n\u01b0\u1edbc, d\u1ea7u, kh\u00ed...\" \/>\n<meta property=\"og:url\" content=\"https:\/\/quando.com.vn\/en\/product\/cam-bien-ap-suat-supmea-sup-px300\/\" \/>\n<meta property=\"og:site_name\" content=\"QUANDO\" \/>\n<meta property=\"article:modified_time\" content=\"2025-09-15T08:26:17+00:00\" \/>\n<meta name=\"twitter:card\" content=\"summary_large_image\" \/>\n<meta name=\"twitter:image\" content=\"https:\/\/quando.com.vn\/wp-content\/uploads\/2025\/09\/SUP-PX300-Pressure-transmitter-with-display.webp\" \/>\n<meta name=\"twitter:label1\" content=\"Est. reading time\" \/>\n\t<meta name=\"twitter:data1\" content=\"2 minutes\" \/>\n<script type=\"application\/ld+json\" class=\"yoast-schema-graph\">{\"@context\":\"https:\/\/schema.org\",\"@graph\":[{\"@type\":\"WebSite\",\"@id\":\"https:\/\/quando.com.vn\/en\/#website\",\"url\":\"https:\/\/quando.com.vn\/en\/\",\"name\":\"QUANDO\",\"description\":\"\",\"potentialAction\":[{\"@type\":\"SearchAction\",\"target\":{\"@type\":\"EntryPoint\",\"urlTemplate\":\"https:\/\/quando.com.vn\/en\/?s={search_term_string}\"},\"query-input\":\"required name=search_term_string\"}],\"inLanguage\":\"en-US\"},{\"@type\":\"ImageObject\",\"@id\":\"https:\/\/quando.com.vn\/san-pham\/cam-bien-ap-suat-supmea-sup-px300\/#primaryimage\",\"inLanguage\":\"en-US\",\"url\":\"https:\/\/quando.com.vn\/wp-content\/uploads\/2025\/09\/SUP-PX300-Pressure-transmitter-with-display.webp\",\"contentUrl\":\"https:\/\/quando.com.vn\/wp-content\/uploads\/2025\/09\/SUP-PX300-Pressure-transmitter-with-display.webp\",\"width\":2000,\"height\":2000,\"caption\":\"SUP-PX300 Pressure transmitter\"},{\"@type\":\"WebPage\",\"@id\":\"https:\/\/quando.com.vn\/san-pham\/cam-bien-ap-suat-supmea-sup-px300\/#webpage\",\"url\":\"https:\/\/quando.com.vn\/san-pham\/cam-bien-ap-suat-supmea-sup-px300\/\",\"name\":\"C\u1ea3m bi\u1ebfn \u00e1p su\u1ea5t c\u00f3 hi\u1ec3n th\u1ecb SUP-PX300 - QUANDO\",\"isPartOf\":{\"@id\":\"https:\/\/quando.com.vn\/en\/#website\"},\"primaryImageOfPage\":{\"@id\":\"https:\/\/quando.com.vn\/san-pham\/cam-bien-ap-suat-supmea-sup-px300\/#primaryimage\"},\"datePublished\":\"2025-09-05T04:58:56+00:00\",\"dateModified\":\"2025-09-15T08:26:17+00:00\",\"description\":\"C\u1ea3m bi\u1ebfn \u00e1p su\u1ea5t c\u00f3 hi\u1ec3n th\u1ecb SUP-PX300, d\u1ea3i \u0111o -0.1 \u0111\u1ebfn 60MPa, ng\u00f5 ra 4\u201320mA\/RS485\/voltage, \u1ee9ng d\u1ee5ng trong n\u01b0\u1edbc, d\u1ea7u, kh\u00ed...\",\"breadcrumb\":{\"@id\":\"https:\/\/quando.com.vn\/san-pham\/cam-bien-ap-suat-supmea-sup-px300\/#breadcrumb\"},\"inLanguage\":\"en-US\",\"potentialAction\":[{\"@type\":\"ReadAction\",\"target\":[\"https:\/\/quando.com.vn\/san-pham\/cam-bien-ap-suat-supmea-sup-px300\/\"]}]},{\"@type\":\"BreadcrumbList\",\"@id\":\"https:\/\/quando.com.vn\/san-pham\/cam-bien-ap-suat-supmea-sup-px300\/#breadcrumb\",\"itemListElement\":[{\"@type\":\"ListItem\",\"position\":1,\"name\":\"Trang ch\u1ee7\",\"item\":\"https:\/\/quando.com.vn\/\"},{\"@type\":\"ListItem\",\"position\":2,\"name\":\"S\u1ea3n ph\u1ea9m\",\"item\":\"https:\/\/quando.com.vn\/san-pham\/\"},{\"@type\":\"ListItem\",\"position\":3,\"name\":\"C\u1ea3m bi\u1ebfn \u00e1p su\u1ea5t c\u00f3 hi\u1ec3n th\u1ecb SUP-PX300\"}]}]}<\/script>\n<!-- \/ Yoast SEO Premium plugin. -->","yoast_head_json":{"title":"C\u1ea3m bi\u1ebfn \u00e1p su\u1ea5t c\u00f3 hi\u1ec3n th\u1ecb SUP-PX300 - QUANDO","description":"C\u1ea3m bi\u1ebfn \u00e1p su\u1ea5t c\u00f3 hi\u1ec3n th\u1ecb SUP-PX300, d\u1ea3i \u0111o -0.1 \u0111\u1ebfn 60MPa, ng\u00f5 ra 4\u201320mA\/RS485\/voltage, \u1ee9ng d\u1ee5ng trong n\u01b0\u1edbc, d\u1ea7u, kh\u00ed...","robots":{"index":"index","follow":"follow","max-snippet":"max-snippet:-1","max-image-preview":"max-image-preview:large","max-video-preview":"max-video-preview:-1"},"canonical":"https:\/\/quando.com.vn\/en\/product\/cam-bien-ap-suat-supmea-sup-px300\/","og_locale":"en_US","og_type":"article","og_title":"C\u1ea3m bi\u1ebfn \u00e1p su\u1ea5t c\u00f3 hi\u1ec3n th\u1ecb SUP-PX300","og_description":"C\u1ea3m bi\u1ebfn \u00e1p su\u1ea5t c\u00f3 hi\u1ec3n th\u1ecb SUP-PX300, d\u1ea3i \u0111o -0.1 \u0111\u1ebfn 60MPa, ng\u00f5 ra 4\u201320mA\/RS485\/voltage, \u1ee9ng d\u1ee5ng trong n\u01b0\u1edbc, d\u1ea7u, kh\u00ed...","og_url":"https:\/\/quando.com.vn\/en\/product\/cam-bien-ap-suat-supmea-sup-px300\/","og_site_name":"QUANDO","article_modified_time":"2025-09-15T08:26:17+00:00","twitter_card":"summary_large_image","twitter_image":"https:\/\/quando.com.vn\/wp-content\/uploads\/2025\/09\/SUP-PX300-Pressure-transmitter-with-display.webp","twitter_misc":{"Est. reading time":"2 minutes"},"schema":{"@context":"https:\/\/schema.org","@graph":[{"@type":"WebSite","@id":"https:\/\/quando.com.vn\/en\/#website","url":"https:\/\/quando.com.vn\/en\/","name":"QUANDO","description":"","potentialAction":[{"@type":"SearchAction","target":{"@type":"EntryPoint","urlTemplate":"https:\/\/quando.com.vn\/en\/?s={search_term_string}"},"query-input":"required name=search_term_string"}],"inLanguage":"en-US"},{"@type":"ImageObject","@id":"https:\/\/quando.com.vn\/san-pham\/cam-bien-ap-suat-supmea-sup-px300\/#primaryimage","inLanguage":"en-US","url":"https:\/\/quando.com.vn\/wp-content\/uploads\/2025\/09\/SUP-PX300-Pressure-transmitter-with-display.webp","contentUrl":"https:\/\/quando.com.vn\/wp-content\/uploads\/2025\/09\/SUP-PX300-Pressure-transmitter-with-display.webp","width":2000,"height":2000,"caption":"SUP-PX300 Pressure transmitter"},{"@type":"WebPage","@id":"https:\/\/quando.com.vn\/san-pham\/cam-bien-ap-suat-supmea-sup-px300\/#webpage","url":"https:\/\/quando.com.vn\/san-pham\/cam-bien-ap-suat-supmea-sup-px300\/","name":"C\u1ea3m bi\u1ebfn \u00e1p su\u1ea5t c\u00f3 hi\u1ec3n th\u1ecb SUP-PX300 - QUANDO","isPartOf":{"@id":"https:\/\/quando.com.vn\/en\/#website"},"primaryImageOfPage":{"@id":"https:\/\/quando.com.vn\/san-pham\/cam-bien-ap-suat-supmea-sup-px300\/#primaryimage"},"datePublished":"2025-09-05T04:58:56+00:00","dateModified":"2025-09-15T08:26:17+00:00","description":"C\u1ea3m bi\u1ebfn \u00e1p su\u1ea5t c\u00f3 hi\u1ec3n th\u1ecb SUP-PX300, d\u1ea3i \u0111o -0.1 \u0111\u1ebfn 60MPa, ng\u00f5 ra 4\u201320mA\/RS485\/voltage, \u1ee9ng d\u1ee5ng trong n\u01b0\u1edbc, d\u1ea7u, kh\u00ed...","breadcrumb":{"@id":"https:\/\/quando.com.vn\/san-pham\/cam-bien-ap-suat-supmea-sup-px300\/#breadcrumb"},"inLanguage":"en-US","potentialAction":[{"@type":"ReadAction","target":["https:\/\/quando.com.vn\/san-pham\/cam-bien-ap-suat-supmea-sup-px300\/"]}]},{"@type":"BreadcrumbList","@id":"https:\/\/quando.com.vn\/san-pham\/cam-bien-ap-suat-supmea-sup-px300\/#breadcrumb","itemListElement":[{"@type":"ListItem","position":1,"name":"Trang ch\u1ee7","item":"https:\/\/quando.com.vn\/"},{"@type":"ListItem","position":2,"name":"S\u1ea3n ph\u1ea9m","item":"https:\/\/quando.com.vn\/san-pham\/"},{"@type":"ListItem","position":3,"name":"C\u1ea3m bi\u1ebfn \u00e1p su\u1ea5t c\u00f3 hi\u1ec3n th\u1ecb SUP-PX300"}]}]}},"_links":{"self":[{"href":"https:\/\/quando.com.vn\/en\/wp-json\/wp\/v2\/product\/7501"}],"collection":[{"href":"https:\/\/quando.com.vn\/en\/wp-json\/wp\/v2\/product"}],"about":[{"href":"https:\/\/quando.com.vn\/en\/wp-json\/wp\/v2\/types\/product"}],"wp:featuredmedia":[{"embeddable":true,"href":"https:\/\/quando.com.vn\/en\/wp-json\/wp\/v2\/media\/7502"}],"wp:attachment":[{"href":"https:\/\/quando.com.vn\/en\/wp-json\/wp\/v2\/media?parent=7501"}],"wp:term":[{"taxonomy":"product_cat","embeddable":true,"href":"https:\/\/quando.com.vn\/en\/wp-json\/wp\/v2\/product_cat?post=7501"},{"taxonomy":"product_tag","embeddable":true,"href":"https:\/\/quando.com.vn\/en\/wp-json\/wp\/v2\/product_tag?post=7501"}],"curies":[{"name":"wp","href":"https:\/\/api.w.org\/{rel}","templated":true}]}}