{"id":7498,"date":"2025-09-05T10:42:21","date_gmt":"2025-09-05T03:42:21","guid":{"rendered":"https:\/\/quando.com.vn\/?post_type=product&#038;p=7498"},"modified":"2025-09-05T11:35:16","modified_gmt":"2025-09-05T04:35:16","slug":"cam-bien-do-do-dan-dien-sup-tds7001-supmea","status":"publish","type":"product","link":"https:\/\/quando.com.vn\/en\/product\/cam-bien-do-do-dan-dien-sup-tds7001-supmea\/","title":{"rendered":"C\u1ea3m bi\u1ebfn \u0111o \u0111\u1ed9 d\u1eabn \u0111i\u1ec7n SUP-TDS7001"},"content":{"rendered":"<p><strong>C\u1ea3m bi\u1ebfn \u0111o \u0111\u1ed9 d\u1eabn \u0111i\u1ec7n SUP-TDS7001<\/strong> c\u1ee7a <a href=\"https:\/\/en.supmea.com\/ec-sensor-and-meter\/tds7001-conductivity-sensor\">Supmea<\/a> l\u00e0 c\u1ea3m bi\u1ebfn \u0111\u1ed9 d\u1eabn \u0111i\u1ec7n \u0111a n\u0103ng, t\u00edch h\u1ee3p \u0111o EC (Electrical Conductivity), TDS (T\u1ed5ng ch\u1ea5t r\u1eafn h\u00f2a tan) v\u00e0 Resistivity (\u0111i\u1ec7n tr\u1edf su\u1ea5t) trong m\u1ed9t thi\u1ebft b\u1ecb duy nh\u1ea5t. V\u1edbi thi\u1ebft k\u1ebf th\u00f4ng minh, chi ph\u00ed hi\u1ec7u qu\u1ea3, c\u1ea3m bi\u1ebfn n\u00e0y ph\u00f9 h\u1ee3p cho nhi\u1ec1u \u1ee9ng d\u1ee5ng c\u00f4ng nghi\u1ec7p nh\u01b0 x\u1eed l\u00fd n\u01b0\u1edbc l\u00f2 h\u01a1i, RO, n\u01b0\u1edbc th\u1ea3i, d\u01b0\u1ee3c ph\u1ea9m, th\u1ef1c ph\u1ea9m v\u00e0 h\u00f3a ch\u1ea5t.<\/p>\n<h3><strong>\u0110\u1eb7c \u0111i\u1ec3m n\u1ed5i b\u1eadt:<\/strong><\/h3>\n<p>&#8211; H\u1ed7 tr\u1ee3 \u0111o EC, TDS, Resistivity v\u00e0 nhi\u1ec7t \u0111\u1ed9<br \/>\n&#8211; D\u1ea3i \u0111o r\u1ed9ng v\u1edbi nhi\u1ec1u lo\u1ea1i \u0111i\u1ec7n c\u1ef1c (0.01, 0.1, 1.0)<br \/>\n&#8211; \u0110\u1ed9 ch\u00ednh x\u00e1c \u00b11%FS, \u0111\u1ed9 ph\u00e2n gi\u1ea3i cao<br \/>\n&#8211; V\u1eadt li\u1ec7u th\u00e2n c\u1ea3m bi\u1ebfn b\u1eb1ng th\u00e9p kh\u00f4ng g\u1ec9 SS304\/SS316<br \/>\n&#8211; Chu\u1ea9n b\u1ea3o v\u1ec7 IP68, ho\u1ea1t \u0111\u1ed9ng b\u1ec1n b\u1ec9 trong m\u00f4i tr\u01b0\u1eddng kh\u1eafc nghi\u1ec7t<br \/>\n&#8211; B\u00f9 nhi\u1ec7t \u0111\u1ed9 NTC10K\/ PT100\/ PT1000 t\u00f9y ch\u1ecdn<\/p>\n<p><strong>Th\u00f4ng s\u1ed1 k\u1ef9 thu\u1eadt:<\/strong><\/p>\n<table>\n<tbody>\n<tr>\n<td>Product<\/td>\n<td>TDS sensor, EC sensor, Resistivity sensor<\/td>\n<\/tr>\n<tr>\n<td>Model<\/td>\n<td>SUP-TDS-7001<\/td>\n<\/tr>\n<tr>\n<td>Measure range<\/td>\n<td>0.01 electrode: 0.01~20us\/cm<br \/>\n0.1 electrode: 0.1~200us\/cm<br \/>\n1.0 electrode: 1~2000us\/cm<\/td>\n<\/tr>\n<tr>\n<td>Accuracy<\/td>\n<td>\u00b11%FS<\/td>\n<\/tr>\n<tr>\n<td>Thread<\/td>\n<td>G3\/4<\/td>\n<\/tr>\n<tr>\n<td>Pressure<\/td>\n<td>5 bar<\/td>\n<\/tr>\n<tr>\n<td>Material<\/td>\n<td>stainless steel (SS304\/ SS316)<\/td>\n<\/tr>\n<tr>\n<td>Temp compensation<\/td>\n<td>NTC10K (PT1000, PT100, NTC2.252K optional)<\/td>\n<\/tr>\n<tr>\n<td>Temperature range<\/td>\n<td>0-50\u2103<\/td>\n<\/tr>\n<tr>\n<td>Temperature accuracy<\/td>\n<td>\u00b13\u2103<\/td>\n<\/tr>\n<tr>\n<td>Ingress protection<\/td>\n<td>IP68<\/td>\n<\/tr>\n<\/tbody>\n<\/table>\n<p><strong>\u1ee8ng d\u1ee5ng c\u1ea3m bi\u1ebfn \u0111o \u0111\u1ed9 d\u1eabn \u0111i\u1ec7n SUP-TDS7001:<\/strong><\/p>\n<p>&#8211; Gi\u00e1m s\u00e1t n\u01b0\u1edbc l\u00f2 h\u01a1i v\u00e0 h\u1ec7 th\u1ed1ng RO<br \/>\n&#8211; X\u1eed l\u00fd n\u01b0\u1edbc th\u1ea3i c\u00f4ng nghi\u1ec7p<br \/>\n&#8211; Ng\u00e0nh d\u01b0\u1ee3c ph\u1ea9m, sinh h\u00f3a, m\u00f4i tr\u01b0\u1eddng<br \/>\n&#8211; Th\u1ef1c ph\u1ea9m v\u00e0 \u0111\u1ed3 u\u1ed1ng<br \/>\n&#8211; C\u00f4ng nghi\u1ec7p ph\u00e2n b\u00f3n v\u00e0 luy\u1ec7n kim<br \/>\n&#8211; C\u00e1c \u1ee9ng d\u1ee5ng c\u1ea7n theo d\u00f5i \u0111\u1ed9 d\u1eabn \u0111i\u1ec7n v\u00e0 TDS li\u00ean t\u1ee5c<\/p>\n<p><img loading=\"lazy\" class=\"aligncenter size-full wp-image-7496\" src=\"https:\/\/quando.com.vn\/wp-content\/uploads\/2025\/09\/SUP-TDS7001-Conductivity-sensor-content.webp\" alt=\"SUP-TDS7001 Conductivity\" width=\"800\" height=\"800\" srcset=\"https:\/\/quando.com.vn\/wp-content\/uploads\/2025\/09\/SUP-TDS7001-Conductivity-sensor-content.webp 800w, https:\/\/quando.com.vn\/wp-content\/uploads\/2025\/09\/SUP-TDS7001-Conductivity-sensor-content-300x300.webp 300w, https:\/\/quando.com.vn\/wp-content\/uploads\/2025\/09\/SUP-TDS7001-Conductivity-sensor-content-150x150.webp 150w, https:\/\/quando.com.vn\/wp-content\/uploads\/2025\/09\/SUP-TDS7001-Conductivity-sensor-content-768x768.webp 768w, https:\/\/quando.com.vn\/wp-content\/uploads\/2025\/09\/SUP-TDS7001-Conductivity-sensor-content-12x12.webp 12w, https:\/\/quando.com.vn\/wp-content\/uploads\/2025\/09\/SUP-TDS7001-Conductivity-sensor-content-100x100.webp 100w\" sizes=\"(max-width: 800px) 100vw, 800px\" \/><\/p>\n<p>&nbsp;<\/p>","protected":false},"excerpt":{"rendered":"<p data-start=\"676\" data-end=\"708\">&#8211; C\u1ea3m bi\u1ebfn \u0111o EC\/TDS\/Resistivity<br \/>\n&#8211; D\u1ea3i \u0111o r\u1ed9ng v\u1edbi nhi\u1ec1u \u0111i\u1ec7n c\u1ef1c<br \/>\n&#8211; \u0110\u1ed9 ch\u00ednh x\u00e1c \u00b11%FS<br \/>\n&#8211; V\u1eadt li\u1ec7u SS304\/SS316 ch\u1ed1ng \u0103n m\u00f2n<br \/>\n&#8211; Chu\u1ea9n b\u1ea3o v\u1ec7 IP68, b\u1ec1n b\u1ec9<\/p>","protected":false},"featured_media":7497,"template":"","meta":[],"product_cat":[549,546],"product_tag":[],"acf":[],"yoast_head":"<!-- This site is optimized with the Yoast SEO Premium plugin v18.4 (Yoast SEO v18.6) - https:\/\/yoast.com\/wordpress\/plugins\/seo\/ -->\n<title>C\u1ea3m bi\u1ebfn \u0111o \u0111\u1ed9 d\u1eabn \u0111i\u1ec7n SUP-TDS7001 - QUANDO<\/title>\n<meta name=\"description\" content=\"C\u1ea3m bi\u1ebfn \u0111o \u0111\u1ed9 d\u1eabn \u0111i\u1ec7n SUP-TDS7001 t\u00edch h\u1ee3p \u0111o EC, TDS, Resistivity trong m\u1ed9t thi\u1ebft b\u1ecb, IP68, d\u1ea3i \u0111o r\u1ed9ng, \u0111\u1ed9 ch\u00ednh x\u00e1c \u00b11%FS...\" \/>\n<meta name=\"robots\" content=\"index, follow, max-snippet:-1, max-image-preview:large, max-video-preview:-1\" \/>\n<link rel=\"canonical\" href=\"https:\/\/quando.com.vn\/en\/product\/cam-bien-do-do-dan-dien-sup-tds7001-supmea\/\" \/>\n<meta property=\"og:locale\" content=\"en_US\" \/>\n<meta property=\"og:type\" content=\"article\" \/>\n<meta property=\"og:title\" content=\"C\u1ea3m bi\u1ebfn \u0111o \u0111\u1ed9 d\u1eabn \u0111i\u1ec7n SUP-TDS7001\" \/>\n<meta property=\"og:description\" content=\"C\u1ea3m bi\u1ebfn \u0111o \u0111\u1ed9 d\u1eabn \u0111i\u1ec7n SUP-TDS7001 t\u00edch h\u1ee3p \u0111o EC, TDS, Resistivity trong m\u1ed9t thi\u1ebft b\u1ecb, IP68, d\u1ea3i \u0111o r\u1ed9ng, \u0111\u1ed9 ch\u00ednh x\u00e1c \u00b11%FS...\" \/>\n<meta property=\"og:url\" content=\"https:\/\/quando.com.vn\/en\/product\/cam-bien-do-do-dan-dien-sup-tds7001-supmea\/\" \/>\n<meta property=\"og:site_name\" content=\"QUANDO\" \/>\n<meta property=\"article:modified_time\" content=\"2025-09-05T04:35:16+00:00\" \/>\n<meta name=\"twitter:card\" content=\"summary_large_image\" \/>\n<meta name=\"twitter:image\" content=\"https:\/\/quando.com.vn\/wp-content\/uploads\/2025\/09\/SUP-TDS7001-Conductivity-sensor.webp\" \/>\n<meta name=\"twitter:label1\" content=\"Est. reading time\" \/>\n\t<meta name=\"twitter:data1\" content=\"2 minutes\" \/>\n<script type=\"application\/ld+json\" class=\"yoast-schema-graph\">{\"@context\":\"https:\/\/schema.org\",\"@graph\":[{\"@type\":\"WebSite\",\"@id\":\"https:\/\/quando.com.vn\/en\/#website\",\"url\":\"https:\/\/quando.com.vn\/en\/\",\"name\":\"QUANDO\",\"description\":\"\",\"potentialAction\":[{\"@type\":\"SearchAction\",\"target\":{\"@type\":\"EntryPoint\",\"urlTemplate\":\"https:\/\/quando.com.vn\/en\/?s={search_term_string}\"},\"query-input\":\"required name=search_term_string\"}],\"inLanguage\":\"en-US\"},{\"@type\":\"ImageObject\",\"@id\":\"https:\/\/quando.com.vn\/san-pham\/cam-bien-do-do-dan-dien-sup-tds7001-supmea\/#primaryimage\",\"inLanguage\":\"en-US\",\"url\":\"https:\/\/quando.com.vn\/wp-content\/uploads\/2025\/09\/SUP-TDS7001-Conductivity-sensor.webp\",\"contentUrl\":\"https:\/\/quando.com.vn\/wp-content\/uploads\/2025\/09\/SUP-TDS7001-Conductivity-sensor.webp\",\"width\":800,\"height\":800,\"caption\":\"C\u1ea3m bi\u1ebfn \u0111o \u0111\u1ed9 d\u1eabn \u0111i\u1ec7n SUP-TDS7001\"},{\"@type\":\"WebPage\",\"@id\":\"https:\/\/quando.com.vn\/san-pham\/cam-bien-do-do-dan-dien-sup-tds7001-supmea\/#webpage\",\"url\":\"https:\/\/quando.com.vn\/san-pham\/cam-bien-do-do-dan-dien-sup-tds7001-supmea\/\",\"name\":\"C\u1ea3m bi\u1ebfn \u0111o \u0111\u1ed9 d\u1eabn \u0111i\u1ec7n SUP-TDS7001 - QUANDO\",\"isPartOf\":{\"@id\":\"https:\/\/quando.com.vn\/en\/#website\"},\"primaryImageOfPage\":{\"@id\":\"https:\/\/quando.com.vn\/san-pham\/cam-bien-do-do-dan-dien-sup-tds7001-supmea\/#primaryimage\"},\"datePublished\":\"2025-09-05T03:42:21+00:00\",\"dateModified\":\"2025-09-05T04:35:16+00:00\",\"description\":\"C\u1ea3m bi\u1ebfn \u0111o \u0111\u1ed9 d\u1eabn \u0111i\u1ec7n SUP-TDS7001 t\u00edch h\u1ee3p \u0111o EC, TDS, Resistivity trong m\u1ed9t thi\u1ebft b\u1ecb, IP68, d\u1ea3i \u0111o r\u1ed9ng, \u0111\u1ed9 ch\u00ednh x\u00e1c \u00b11%FS...\",\"breadcrumb\":{\"@id\":\"https:\/\/quando.com.vn\/san-pham\/cam-bien-do-do-dan-dien-sup-tds7001-supmea\/#breadcrumb\"},\"inLanguage\":\"en-US\",\"potentialAction\":[{\"@type\":\"ReadAction\",\"target\":[\"https:\/\/quando.com.vn\/san-pham\/cam-bien-do-do-dan-dien-sup-tds7001-supmea\/\"]}]},{\"@type\":\"BreadcrumbList\",\"@id\":\"https:\/\/quando.com.vn\/san-pham\/cam-bien-do-do-dan-dien-sup-tds7001-supmea\/#breadcrumb\",\"itemListElement\":[{\"@type\":\"ListItem\",\"position\":1,\"name\":\"Trang ch\u1ee7\",\"item\":\"https:\/\/quando.com.vn\/\"},{\"@type\":\"ListItem\",\"position\":2,\"name\":\"S\u1ea3n ph\u1ea9m\",\"item\":\"https:\/\/quando.com.vn\/san-pham\/\"},{\"@type\":\"ListItem\",\"position\":3,\"name\":\"C\u1ea3m bi\u1ebfn \u0111o \u0111\u1ed9 d\u1eabn \u0111i\u1ec7n SUP-TDS7001\"}]}]}<\/script>\n<!-- \/ Yoast SEO Premium plugin. -->","yoast_head_json":{"title":"C\u1ea3m bi\u1ebfn \u0111o \u0111\u1ed9 d\u1eabn \u0111i\u1ec7n SUP-TDS7001 - QUANDO","description":"C\u1ea3m bi\u1ebfn \u0111o \u0111\u1ed9 d\u1eabn \u0111i\u1ec7n SUP-TDS7001 t\u00edch h\u1ee3p \u0111o EC, TDS, Resistivity trong m\u1ed9t thi\u1ebft b\u1ecb, IP68, d\u1ea3i \u0111o r\u1ed9ng, \u0111\u1ed9 ch\u00ednh x\u00e1c \u00b11%FS...","robots":{"index":"index","follow":"follow","max-snippet":"max-snippet:-1","max-image-preview":"max-image-preview:large","max-video-preview":"max-video-preview:-1"},"canonical":"https:\/\/quando.com.vn\/en\/product\/cam-bien-do-do-dan-dien-sup-tds7001-supmea\/","og_locale":"en_US","og_type":"article","og_title":"C\u1ea3m bi\u1ebfn \u0111o \u0111\u1ed9 d\u1eabn \u0111i\u1ec7n SUP-TDS7001","og_description":"C\u1ea3m bi\u1ebfn \u0111o \u0111\u1ed9 d\u1eabn \u0111i\u1ec7n SUP-TDS7001 t\u00edch h\u1ee3p \u0111o EC, TDS, Resistivity trong m\u1ed9t thi\u1ebft b\u1ecb, IP68, d\u1ea3i \u0111o r\u1ed9ng, \u0111\u1ed9 ch\u00ednh x\u00e1c \u00b11%FS...","og_url":"https:\/\/quando.com.vn\/en\/product\/cam-bien-do-do-dan-dien-sup-tds7001-supmea\/","og_site_name":"QUANDO","article_modified_time":"2025-09-05T04:35:16+00:00","twitter_card":"summary_large_image","twitter_image":"https:\/\/quando.com.vn\/wp-content\/uploads\/2025\/09\/SUP-TDS7001-Conductivity-sensor.webp","twitter_misc":{"Est. reading time":"2 minutes"},"schema":{"@context":"https:\/\/schema.org","@graph":[{"@type":"WebSite","@id":"https:\/\/quando.com.vn\/en\/#website","url":"https:\/\/quando.com.vn\/en\/","name":"QUANDO","description":"","potentialAction":[{"@type":"SearchAction","target":{"@type":"EntryPoint","urlTemplate":"https:\/\/quando.com.vn\/en\/?s={search_term_string}"},"query-input":"required name=search_term_string"}],"inLanguage":"en-US"},{"@type":"ImageObject","@id":"https:\/\/quando.com.vn\/san-pham\/cam-bien-do-do-dan-dien-sup-tds7001-supmea\/#primaryimage","inLanguage":"en-US","url":"https:\/\/quando.com.vn\/wp-content\/uploads\/2025\/09\/SUP-TDS7001-Conductivity-sensor.webp","contentUrl":"https:\/\/quando.com.vn\/wp-content\/uploads\/2025\/09\/SUP-TDS7001-Conductivity-sensor.webp","width":800,"height":800,"caption":"C\u1ea3m bi\u1ebfn \u0111o \u0111\u1ed9 d\u1eabn \u0111i\u1ec7n SUP-TDS7001"},{"@type":"WebPage","@id":"https:\/\/quando.com.vn\/san-pham\/cam-bien-do-do-dan-dien-sup-tds7001-supmea\/#webpage","url":"https:\/\/quando.com.vn\/san-pham\/cam-bien-do-do-dan-dien-sup-tds7001-supmea\/","name":"C\u1ea3m bi\u1ebfn \u0111o \u0111\u1ed9 d\u1eabn \u0111i\u1ec7n SUP-TDS7001 - QUANDO","isPartOf":{"@id":"https:\/\/quando.com.vn\/en\/#website"},"primaryImageOfPage":{"@id":"https:\/\/quando.com.vn\/san-pham\/cam-bien-do-do-dan-dien-sup-tds7001-supmea\/#primaryimage"},"datePublished":"2025-09-05T03:42:21+00:00","dateModified":"2025-09-05T04:35:16+00:00","description":"C\u1ea3m bi\u1ebfn \u0111o \u0111\u1ed9 d\u1eabn \u0111i\u1ec7n SUP-TDS7001 t\u00edch h\u1ee3p \u0111o EC, TDS, Resistivity trong m\u1ed9t thi\u1ebft b\u1ecb, IP68, d\u1ea3i \u0111o r\u1ed9ng, \u0111\u1ed9 ch\u00ednh x\u00e1c \u00b11%FS...","breadcrumb":{"@id":"https:\/\/quando.com.vn\/san-pham\/cam-bien-do-do-dan-dien-sup-tds7001-supmea\/#breadcrumb"},"inLanguage":"en-US","potentialAction":[{"@type":"ReadAction","target":["https:\/\/quando.com.vn\/san-pham\/cam-bien-do-do-dan-dien-sup-tds7001-supmea\/"]}]},{"@type":"BreadcrumbList","@id":"https:\/\/quando.com.vn\/san-pham\/cam-bien-do-do-dan-dien-sup-tds7001-supmea\/#breadcrumb","itemListElement":[{"@type":"ListItem","position":1,"name":"Trang ch\u1ee7","item":"https:\/\/quando.com.vn\/"},{"@type":"ListItem","position":2,"name":"S\u1ea3n ph\u1ea9m","item":"https:\/\/quando.com.vn\/san-pham\/"},{"@type":"ListItem","position":3,"name":"C\u1ea3m bi\u1ebfn \u0111o \u0111\u1ed9 d\u1eabn \u0111i\u1ec7n SUP-TDS7001"}]}]}},"_links":{"self":[{"href":"https:\/\/quando.com.vn\/en\/wp-json\/wp\/v2\/product\/7498"}],"collection":[{"href":"https:\/\/quando.com.vn\/en\/wp-json\/wp\/v2\/product"}],"about":[{"href":"https:\/\/quando.com.vn\/en\/wp-json\/wp\/v2\/types\/product"}],"wp:featuredmedia":[{"embeddable":true,"href":"https:\/\/quando.com.vn\/en\/wp-json\/wp\/v2\/media\/7497"}],"wp:attachment":[{"href":"https:\/\/quando.com.vn\/en\/wp-json\/wp\/v2\/media?parent=7498"}],"wp:term":[{"taxonomy":"product_cat","embeddable":true,"href":"https:\/\/quando.com.vn\/en\/wp-json\/wp\/v2\/product_cat?post=7498"},{"taxonomy":"product_tag","embeddable":true,"href":"https:\/\/quando.com.vn\/en\/wp-json\/wp\/v2\/product_tag?post=7498"}],"curies":[{"name":"wp","href":"https:\/\/api.w.org\/{rel}","templated":true}]}}