{"id":7478,"date":"2025-09-04T16:59:08","date_gmt":"2025-09-04T09:59:08","guid":{"rendered":"https:\/\/quando.com.vn\/?post_type=product&#038;p=7478"},"modified":"2025-09-04T17:08:41","modified_gmt":"2025-09-04T10:08:41","slug":"cam-bien-ph-supmea-sup-ph5013a","status":"publish","type":"product","link":"https:\/\/quando.com.vn\/en\/product\/cam-bien-ph-supmea-sup-ph5013a\/","title":{"rendered":"C\u1ea3m bi\u1ebfn pH SUP-PH5013A PTFE"},"content":{"rendered":"<p><strong>SUP-PH5013A <\/strong>c\u1ee7a <a href=\"https:\/\/www.supmeaauto.com\/ph-sensor-and-meter\/ph5013a-ptfe-ph-sensor\">Supmea\u00a0<\/a>l\u00e0 c\u1ea3m bi\u1ebfn pH th\u00e2n PTFE \u0111\u01b0\u1ee3c thi\u1ebft k\u1ebf \u0111\u1eb7c bi\u1ec7t \u0111\u1ec3 ho\u1ea1t \u0111\u1ed9ng trong m\u00f4i tr\u01b0\u1eddng \u0103n m\u00f2n kh\u1eafc nghi\u1ec7t. Thi\u1ebft b\u1ecb d\u1ef1a tr\u00ean nguy\u00ean l\u00fd pin \u0111i\u1ec7n h\u00f3a, chuy\u1ec3n h\u00f3a n\u0103ng l\u01b0\u1ee3ng h\u00f3a h\u1ecdc th\u00e0nh \u0111i\u1ec7n n\u0103ng \u0111\u1ec3 \u0111o gi\u00e1 tr\u1ecb pH ch\u00ednh x\u00e1c. V\u1edbi c\u1ea5u t\u1ea1o b\u1ec1n b\u1ec9 v\u00e0 ch\u1ed1ng h\u00f3a ch\u1ea5t, SUP-PH5013A l\u00e0 l\u1ef1a ch\u1ecdn l\u00fd t\u01b0\u1edfng cho n\u01b0\u1edbc th\u1ea3i c\u00f4ng nghi\u1ec7p v\u00e0 c\u00e1c quy tr\u00ecnh h\u00f3a ch\u1ea5t \u0111\u1eb7c th\u00f9.<\/p>\n<p><strong>\u0110\u1eb7c \u0111i\u1ec3m n\u1ed5i b\u1eadt:<\/strong><\/p>\n<p>&#8211; \u0110i\u1ec3m zero: 7 \u00b1 0.5 pH<br \/>\n&#8211; \u0110\u1ed9 d\u1ed1c chuy\u1ec3n \u0111\u1ed5i: &gt; 95%<br \/>\n&#8211; L\u1eafp \u0111\u1eb7t b\u1eb1ng ren 3\/4 NPT<br \/>\n&#8211; Ch\u1ecbu \u00e1p su\u1ea5t t\u1edbi 4 bar t\u1ea1i 25\u2103<br \/>\n&#8211; Nhi\u1ec7t \u0111\u1ed9 l\u00e0m vi\u1ec7c: 0 ~ 60\u2103 (c\u00e1p th\u01b0\u1eddng)<br \/>\n&#8211; K\u1ebft c\u1ea5u PTFE ch\u1ed1ng \u0103n m\u00f2n, t\u0103ng tu\u1ed5i th\u1ecd<\/p>\n<p><strong>Th\u00f4ng s\u1ed1 k\u1ef9 thu\u1eadt:<\/strong><\/p>\n<table>\n<tbody>\n<tr>\n<td>Product<\/td>\n<td>PTFE pH sensor<\/td>\n<\/tr>\n<tr>\n<td>Model<\/td>\n<td>SUP-PH5013A<\/td>\n<\/tr>\n<tr>\n<td>Measurement range<\/td>\n<td>0 ~ 14 pH<\/td>\n<\/tr>\n<tr>\n<td>Zero potential point<\/td>\n<td>7 \u00b1 0.5 pH<\/td>\n<\/tr>\n<tr>\n<td>Slope<\/td>\n<td>&gt; 95%<\/td>\n<\/tr>\n<tr>\n<td>Internal impedance<\/td>\n<td>150-250 M\u03a9 (25\u2103)<\/td>\n<\/tr>\n<tr>\n<td>Practical response time<\/td>\n<td>&lt; 1 min<\/td>\n<\/tr>\n<tr>\n<td>Installation size<\/td>\n<td>Upper and Lower 3\/4NPT Pipe Thread<\/td>\n<\/tr>\n<tr>\n<td>Temp compensation<\/td>\n<td>NTC 10 K\u03a9 \/ Pt100 \/ Pt1000<\/td>\n<\/tr>\n<tr>\n<td>Heat resistance<\/td>\n<td>0 ~ 60\u2103 for general cables<\/td>\n<\/tr>\n<tr>\n<td>Pressure resistance<\/td>\n<td>3 bar at 25\u2103<\/td>\n<\/tr>\n<tr>\n<td>Connection<\/td>\n<td>Low-noise cable<\/td>\n<\/tr>\n<\/tbody>\n<\/table>\n<h3><strong>\u1ee8ng d\u1ee5ng:<\/strong><\/h3>\n<p>&#8211; X\u1eed l\u00fd n\u01b0\u1edbc th\u1ea3i c\u00f4ng nghi\u1ec7p<br \/>\n&#8211; Gi\u00e1m s\u00e1t qu\u00e1 tr\u00ecnh m\u1ea1 \u0111i\u1ec7n<br \/>\n&#8211; Ng\u00e0nh gi\u1ea5y, b\u1ed9t gi\u1ea5y, \u0111\u1ed3 u\u1ed1ng<br \/>\n&#8211; N\u01b0\u1edbc th\u1ea3i c\u00f3 ch\u1ee9a d\u1ea7u<br \/>\n&#8211; Dung d\u1ecbch huy\u1ec1n ph\u00f9, v\u00e9c-ni, m\u00f4i tr\u01b0\u1eddng c\u00f3 h\u1ea1t r\u1eafn<br \/>\n&#8211; M\u00f4i tr\u01b0\u1eddng c\u00f3 ch\u1ee9a fluoride (axit HF) l\u00ean t\u1edbi 1000 mg\/l<\/p>\n<p>V\u1edbi th\u00e2n PTFE ch\u1ed1ng \u0103n m\u00f2n, \u0111\u1ed9 b\u1ec1n cao v\u00e0 kh\u1ea3 n\u0103ng l\u00e0m vi\u1ec7c \u1ed5n \u0111\u1ecbnh trong m\u00f4i tr\u01b0\u1eddng ch\u1ee9a h\u00f3a ch\u1ea5t m\u1ea1nh, <strong>SUP-PH5013A<\/strong> l\u00e0 c\u1ea3m bi\u1ebfn pH t\u1ed1i \u01b0u cho c\u00e1c \u1ee9ng d\u1ee5ng c\u00f4ng nghi\u1ec7p kh\u1eafc nghi\u1ec7t.<\/p>","protected":false},"excerpt":{"rendered":"<p data-start=\"690\" data-end=\"714\">&#8211; Th\u00e2n PTFE ch\u1ed1ng \u0103n m\u00f2n<br \/>\n&#8211; D\u1ea3i \u0111o 0\u201314 pH ch\u00ednh x\u00e1c<br \/>\n&#8211; L\u1eafp ren 3\/4 NPT ti\u1ec7n l\u1ee3i<br \/>\n&#8211; Nhi\u1ec7t \u0111\u1ed9 l\u00e0m vi\u1ec7c 0\u201360\u2103<br \/>\n&#8211; \u1ee8ng d\u1ee5ng n\u01b0\u1edbc th\u1ea3i &amp; h\u00f3a ch\u1ea5t<\/p>","protected":false},"featured_media":7407,"template":"","meta":[],"product_cat":[543,544,531,533],"product_tag":[],"acf":[],"yoast_head":"<!-- This site is optimized with the Yoast SEO Premium plugin v18.4 (Yoast SEO v18.6) - https:\/\/yoast.com\/wordpress\/plugins\/seo\/ -->\n<title>C\u1ea3m bi\u1ebfn pH SUP-PH5013A PTFE - QUANDO<\/title>\n<meta name=\"description\" content=\"C\u1ea3m bi\u1ebfn pH SUP-PH5013A PTFE, d\u1ea3i \u0111o 0\u201314 pH, ch\u1ecbu h\u00f3a ch\u1ea5t \u0103n m\u00f2n, \u1ee9ng d\u1ee5ng trong n\u01b0\u1edbc th\u1ea3i c\u00f4ng nghi\u1ec7p, m\u1ea1 \u0111i\u1ec7n, d\u1ec7t may v\u00e0 m\u00f4i tr\u01b0\u1eddng c\u00f3 HF\" \/>\n<meta name=\"robots\" content=\"index, follow, max-snippet:-1, max-image-preview:large, max-video-preview:-1\" \/>\n<link rel=\"canonical\" href=\"https:\/\/quando.com.vn\/en\/product\/cam-bien-ph-supmea-sup-ph5013a\/\" \/>\n<meta property=\"og:locale\" content=\"en_US\" \/>\n<meta property=\"og:type\" content=\"article\" \/>\n<meta property=\"og:title\" content=\"C\u1ea3m bi\u1ebfn pH SUP-PH5013A PTFE\" \/>\n<meta property=\"og:description\" content=\"C\u1ea3m bi\u1ebfn pH SUP-PH5013A PTFE, d\u1ea3i \u0111o 0\u201314 pH, ch\u1ecbu h\u00f3a ch\u1ea5t \u0103n m\u00f2n, \u1ee9ng d\u1ee5ng trong n\u01b0\u1edbc th\u1ea3i c\u00f4ng nghi\u1ec7p, m\u1ea1 \u0111i\u1ec7n, d\u1ec7t may v\u00e0 m\u00f4i tr\u01b0\u1eddng c\u00f3 HF\" \/>\n<meta property=\"og:url\" content=\"https:\/\/quando.com.vn\/en\/product\/cam-bien-ph-supmea-sup-ph5013a\/\" \/>\n<meta property=\"og:site_name\" content=\"QUANDO\" \/>\n<meta property=\"article:modified_time\" content=\"2025-09-04T10:08:41+00:00\" \/>\n<meta name=\"twitter:card\" content=\"summary_large_image\" \/>\n<meta name=\"twitter:image\" content=\"https:\/\/quando.com.vn\/wp-content\/uploads\/2025\/08\/SUP-PH5013A-PTFE-pH-sensor-for-corrosive-medium.webp\" \/>\n<meta name=\"twitter:label1\" content=\"Est. reading time\" \/>\n\t<meta name=\"twitter:data1\" content=\"2 minutes\" \/>\n<script type=\"application\/ld+json\" class=\"yoast-schema-graph\">{\"@context\":\"https:\/\/schema.org\",\"@graph\":[{\"@type\":\"WebSite\",\"@id\":\"https:\/\/quando.com.vn\/en\/#website\",\"url\":\"https:\/\/quando.com.vn\/en\/\",\"name\":\"QUANDO\",\"description\":\"\",\"potentialAction\":[{\"@type\":\"SearchAction\",\"target\":{\"@type\":\"EntryPoint\",\"urlTemplate\":\"https:\/\/quando.com.vn\/en\/?s={search_term_string}\"},\"query-input\":\"required name=search_term_string\"}],\"inLanguage\":\"en-US\"},{\"@type\":\"ImageObject\",\"@id\":\"https:\/\/quando.com.vn\/san-pham\/cam-bien-ph-supmea-sup-ph5013a\/#primaryimage\",\"inLanguage\":\"en-US\",\"url\":\"https:\/\/quando.com.vn\/wp-content\/uploads\/2025\/08\/SUP-PH5013A-PTFE-pH-sensor-for-corrosive-medium.webp\",\"contentUrl\":\"https:\/\/quando.com.vn\/wp-content\/uploads\/2025\/08\/SUP-PH5013A-PTFE-pH-sensor-for-corrosive-medium.webp\",\"width\":800,\"height\":800,\"caption\":\"C\u1ea3m bi\u1ebfn pH SUP-PH5013A PTFE\"},{\"@type\":\"WebPage\",\"@id\":\"https:\/\/quando.com.vn\/san-pham\/cam-bien-ph-supmea-sup-ph5013a\/#webpage\",\"url\":\"https:\/\/quando.com.vn\/san-pham\/cam-bien-ph-supmea-sup-ph5013a\/\",\"name\":\"C\u1ea3m bi\u1ebfn pH SUP-PH5013A PTFE - QUANDO\",\"isPartOf\":{\"@id\":\"https:\/\/quando.com.vn\/en\/#website\"},\"primaryImageOfPage\":{\"@id\":\"https:\/\/quando.com.vn\/san-pham\/cam-bien-ph-supmea-sup-ph5013a\/#primaryimage\"},\"datePublished\":\"2025-09-04T09:59:08+00:00\",\"dateModified\":\"2025-09-04T10:08:41+00:00\",\"description\":\"C\u1ea3m bi\u1ebfn pH SUP-PH5013A PTFE, d\u1ea3i \u0111o 0\u201314 pH, ch\u1ecbu h\u00f3a ch\u1ea5t \u0103n m\u00f2n, \u1ee9ng d\u1ee5ng trong n\u01b0\u1edbc th\u1ea3i c\u00f4ng nghi\u1ec7p, m\u1ea1 \u0111i\u1ec7n, d\u1ec7t may v\u00e0 m\u00f4i tr\u01b0\u1eddng c\u00f3 HF\",\"breadcrumb\":{\"@id\":\"https:\/\/quando.com.vn\/san-pham\/cam-bien-ph-supmea-sup-ph5013a\/#breadcrumb\"},\"inLanguage\":\"en-US\",\"potentialAction\":[{\"@type\":\"ReadAction\",\"target\":[\"https:\/\/quando.com.vn\/san-pham\/cam-bien-ph-supmea-sup-ph5013a\/\"]}]},{\"@type\":\"BreadcrumbList\",\"@id\":\"https:\/\/quando.com.vn\/san-pham\/cam-bien-ph-supmea-sup-ph5013a\/#breadcrumb\",\"itemListElement\":[{\"@type\":\"ListItem\",\"position\":1,\"name\":\"Trang ch\u1ee7\",\"item\":\"https:\/\/quando.com.vn\/\"},{\"@type\":\"ListItem\",\"position\":2,\"name\":\"S\u1ea3n ph\u1ea9m\",\"item\":\"https:\/\/quando.com.vn\/san-pham\/\"},{\"@type\":\"ListItem\",\"position\":3,\"name\":\"C\u1ea3m bi\u1ebfn pH SUP-PH5013A PTFE\"}]}]}<\/script>\n<!-- \/ Yoast SEO Premium plugin. -->","yoast_head_json":{"title":"C\u1ea3m bi\u1ebfn pH SUP-PH5013A PTFE - QUANDO","description":"C\u1ea3m bi\u1ebfn pH SUP-PH5013A PTFE, d\u1ea3i \u0111o 0\u201314 pH, ch\u1ecbu h\u00f3a ch\u1ea5t \u0103n m\u00f2n, \u1ee9ng d\u1ee5ng trong n\u01b0\u1edbc th\u1ea3i c\u00f4ng nghi\u1ec7p, m\u1ea1 \u0111i\u1ec7n, d\u1ec7t may v\u00e0 m\u00f4i tr\u01b0\u1eddng c\u00f3 HF","robots":{"index":"index","follow":"follow","max-snippet":"max-snippet:-1","max-image-preview":"max-image-preview:large","max-video-preview":"max-video-preview:-1"},"canonical":"https:\/\/quando.com.vn\/en\/product\/cam-bien-ph-supmea-sup-ph5013a\/","og_locale":"en_US","og_type":"article","og_title":"C\u1ea3m bi\u1ebfn pH SUP-PH5013A PTFE","og_description":"C\u1ea3m bi\u1ebfn pH SUP-PH5013A PTFE, d\u1ea3i \u0111o 0\u201314 pH, ch\u1ecbu h\u00f3a ch\u1ea5t \u0103n m\u00f2n, \u1ee9ng d\u1ee5ng trong n\u01b0\u1edbc th\u1ea3i c\u00f4ng nghi\u1ec7p, m\u1ea1 \u0111i\u1ec7n, d\u1ec7t may v\u00e0 m\u00f4i tr\u01b0\u1eddng c\u00f3 HF","og_url":"https:\/\/quando.com.vn\/en\/product\/cam-bien-ph-supmea-sup-ph5013a\/","og_site_name":"QUANDO","article_modified_time":"2025-09-04T10:08:41+00:00","twitter_card":"summary_large_image","twitter_image":"https:\/\/quando.com.vn\/wp-content\/uploads\/2025\/08\/SUP-PH5013A-PTFE-pH-sensor-for-corrosive-medium.webp","twitter_misc":{"Est. reading time":"2 minutes"},"schema":{"@context":"https:\/\/schema.org","@graph":[{"@type":"WebSite","@id":"https:\/\/quando.com.vn\/en\/#website","url":"https:\/\/quando.com.vn\/en\/","name":"QUANDO","description":"","potentialAction":[{"@type":"SearchAction","target":{"@type":"EntryPoint","urlTemplate":"https:\/\/quando.com.vn\/en\/?s={search_term_string}"},"query-input":"required name=search_term_string"}],"inLanguage":"en-US"},{"@type":"ImageObject","@id":"https:\/\/quando.com.vn\/san-pham\/cam-bien-ph-supmea-sup-ph5013a\/#primaryimage","inLanguage":"en-US","url":"https:\/\/quando.com.vn\/wp-content\/uploads\/2025\/08\/SUP-PH5013A-PTFE-pH-sensor-for-corrosive-medium.webp","contentUrl":"https:\/\/quando.com.vn\/wp-content\/uploads\/2025\/08\/SUP-PH5013A-PTFE-pH-sensor-for-corrosive-medium.webp","width":800,"height":800,"caption":"C\u1ea3m bi\u1ebfn pH SUP-PH5013A PTFE"},{"@type":"WebPage","@id":"https:\/\/quando.com.vn\/san-pham\/cam-bien-ph-supmea-sup-ph5013a\/#webpage","url":"https:\/\/quando.com.vn\/san-pham\/cam-bien-ph-supmea-sup-ph5013a\/","name":"C\u1ea3m bi\u1ebfn pH SUP-PH5013A PTFE - QUANDO","isPartOf":{"@id":"https:\/\/quando.com.vn\/en\/#website"},"primaryImageOfPage":{"@id":"https:\/\/quando.com.vn\/san-pham\/cam-bien-ph-supmea-sup-ph5013a\/#primaryimage"},"datePublished":"2025-09-04T09:59:08+00:00","dateModified":"2025-09-04T10:08:41+00:00","description":"C\u1ea3m bi\u1ebfn pH SUP-PH5013A PTFE, d\u1ea3i \u0111o 0\u201314 pH, ch\u1ecbu h\u00f3a ch\u1ea5t \u0103n m\u00f2n, \u1ee9ng d\u1ee5ng trong n\u01b0\u1edbc th\u1ea3i c\u00f4ng nghi\u1ec7p, m\u1ea1 \u0111i\u1ec7n, d\u1ec7t may v\u00e0 m\u00f4i tr\u01b0\u1eddng c\u00f3 HF","breadcrumb":{"@id":"https:\/\/quando.com.vn\/san-pham\/cam-bien-ph-supmea-sup-ph5013a\/#breadcrumb"},"inLanguage":"en-US","potentialAction":[{"@type":"ReadAction","target":["https:\/\/quando.com.vn\/san-pham\/cam-bien-ph-supmea-sup-ph5013a\/"]}]},{"@type":"BreadcrumbList","@id":"https:\/\/quando.com.vn\/san-pham\/cam-bien-ph-supmea-sup-ph5013a\/#breadcrumb","itemListElement":[{"@type":"ListItem","position":1,"name":"Trang ch\u1ee7","item":"https:\/\/quando.com.vn\/"},{"@type":"ListItem","position":2,"name":"S\u1ea3n ph\u1ea9m","item":"https:\/\/quando.com.vn\/san-pham\/"},{"@type":"ListItem","position":3,"name":"C\u1ea3m bi\u1ebfn pH SUP-PH5013A PTFE"}]}]}},"_links":{"self":[{"href":"https:\/\/quando.com.vn\/en\/wp-json\/wp\/v2\/product\/7478"}],"collection":[{"href":"https:\/\/quando.com.vn\/en\/wp-json\/wp\/v2\/product"}],"about":[{"href":"https:\/\/quando.com.vn\/en\/wp-json\/wp\/v2\/types\/product"}],"wp:featuredmedia":[{"embeddable":true,"href":"https:\/\/quando.com.vn\/en\/wp-json\/wp\/v2\/media\/7407"}],"wp:attachment":[{"href":"https:\/\/quando.com.vn\/en\/wp-json\/wp\/v2\/media?parent=7478"}],"wp:term":[{"taxonomy":"product_cat","embeddable":true,"href":"https:\/\/quando.com.vn\/en\/wp-json\/wp\/v2\/product_cat?post=7478"},{"taxonomy":"product_tag","embeddable":true,"href":"https:\/\/quando.com.vn\/en\/wp-json\/wp\/v2\/product_tag?post=7478"}],"curies":[{"name":"wp","href":"https:\/\/api.w.org\/{rel}","templated":true}]}}