{"id":7474,"date":"2025-09-04T16:29:20","date_gmt":"2025-09-04T09:29:20","guid":{"rendered":"https:\/\/quando.com.vn\/?post_type=product&#038;p=7474"},"modified":"2025-09-04T16:43:03","modified_gmt":"2025-09-04T09:43:03","slug":"cam-bien-ph-supmea-sup-ph8001","status":"publish","type":"product","link":"https:\/\/quando.com.vn\/en\/product\/cam-bien-ph-supmea-sup-ph8001\/","title":{"rendered":"C\u1ea3m bi\u1ebfn pH SUP-PH8001 \u2013 H\u1ed7 tr\u1ee3 RS485 Modbus RTU"},"content":{"rendered":"<p><strong>C\u1ea3m bi\u1ebfn pH SUP-PH8001<\/strong> c\u1ee7a <a href=\"https:\/\/www.supmeaauto.com\/ph-sensor-and-meter\/ph8001-digital-ph-sensor\">Supmea<\/a>, \u0111\u01b0\u1ee3c thi\u1ebft k\u1ebf cho c\u00e1c \u1ee9ng d\u1ee5ng \u0111o pH\/ORP trong h\u1ec7 th\u1ed1ng n\u01b0\u1edbc, \u0111\u1eb7c bi\u1ec7t l\u00e0 nu\u00f4i tr\u1ed3ng th\u1ee7y s\u1ea3n v\u00e0 gi\u00e1m s\u00e1t ch\u1ea5t l\u01b0\u1ee3ng n\u01b0\u1edbc IoT. V\u1edbi giao di\u1ec7n RS485 v\u00e0 chu\u1ea9n Modbus RTU, thi\u1ebft b\u1ecb c\u00f3 th\u1ec3 truy\u1ec1n d\u1eef li\u1ec7u t\u1eeb xa, d\u1ec5 d\u00e0ng t\u00edch h\u1ee3p v\u1edbi h\u1ec7 th\u1ed1ng SCADA, PLC ho\u1eb7c c\u00e1c b\u1ed9 \u0111i\u1ec1u khi\u1ec3n c\u00f4ng nghi\u1ec7p.<\/p>\n<h3><strong>\u0110\u1eb7c \u0111i\u1ec3m n\u1ed5i b\u1eadt:<\/strong><\/h3>\n<p>&#8211; D\u1ea3i \u0111o r\u1ed9ng: 0.00\u201314.00 pH, \u00b11000 mV<br \/>\n&#8211; \u0110\u1ed9 ph\u00e2n gi\u1ea3i cao: 0.01 pH, 0.1 mV<br \/>\n&#8211; \u0110\u1ed9 ch\u00ednh x\u00e1c \u00b10.02 pH, \u00b10.5\u2103<br \/>\n&#8211; Giao ti\u1ebfp RS485, h\u1ed7 tr\u1ee3 Modbus RTU<br \/>\n&#8211; Ngu\u1ed3n c\u1ea5p linh ho\u1ea1t 6\u201330VDC, ti\u00eau th\u1ee5 \u0111i\u1ec7n th\u1ea5p<br \/>\n&#8211; Thi\u1ebft k\u1ebf nh\u1ecf g\u1ecdn, l\u1eafp \u0111\u1eb7t d\u1ec5 d\u00e0ng b\u1eb1ng ren G3\/4<\/p>\n<p><strong>Th\u00f4ng s\u1ed1 k\u1ef9 thu\u1eadt:<\/strong><\/p>\n<table>\n<tbody>\n<tr>\n<td>Product<\/td>\n<td>Digital pH sensor<\/td>\n<\/tr>\n<tr>\n<td>Model<\/td>\n<td>SUP-PH8001<\/td>\n<\/tr>\n<tr>\n<td>Measurement range<\/td>\n<td>0.00-14.00pH; \u00b11000.0mV<\/td>\n<\/tr>\n<tr>\n<td>Resolution<\/td>\n<td>0.01 pH, 0.1 mV<\/td>\n<\/tr>\n<tr>\n<td>Heat resistance<\/td>\n<td>0-60\u2103<\/td>\n<\/tr>\n<tr>\n<td>Accuracy<\/td>\n<td>0.02 pH 0.5\u2103 0.2 mA<\/td>\n<\/tr>\n<tr>\n<td>Output<\/td>\n<td>RS485 (MODBUS-RTU)<\/td>\n<\/tr>\n<tr>\n<td>ID<\/td>\n<td>9600, 8, 1,N (Standard) 1-255<\/td>\n<\/tr>\n<tr>\n<td>Power supply<\/td>\n<td>6~30VDC<\/td>\n<\/tr>\n<tr>\n<td>Power consumption<\/td>\n<td>30 mA @12VDC<\/td>\n<\/tr>\n<\/tbody>\n<\/table>\n<p><strong>Giao th\u1ee9c truy\u1ec1n th\u00f4ng:<\/strong><\/p>\n<p>&#8211; Giao ti\u1ebfp RS485<br \/>\n&#8211; Port setting: 9600,N,8,1 (default)<br \/>\n&#8211; ID: 0x01 (default)<br \/>\n&#8211; Giao th\u1ee9c: Modbus RTU<\/p>\n<p><img loading=\"lazy\" class=\"aligncenter size-full wp-image-7477\" src=\"https:\/\/quando.com.vn\/wp-content\/uploads\/2025\/09\/SUP-PH8001-Digital-pH-sensor-register.webp\" alt=\"C\u1ea3m bi\u1ebfn pH SUP-PH8001\" width=\"1050\" height=\"494\" srcset=\"https:\/\/quando.com.vn\/wp-content\/uploads\/2025\/09\/SUP-PH8001-Digital-pH-sensor-register.webp 1050w, https:\/\/quando.com.vn\/wp-content\/uploads\/2025\/09\/SUP-PH8001-Digital-pH-sensor-register-300x141.webp 300w, https:\/\/quando.com.vn\/wp-content\/uploads\/2025\/09\/SUP-PH8001-Digital-pH-sensor-register-1024x482.webp 1024w, https:\/\/quando.com.vn\/wp-content\/uploads\/2025\/09\/SUP-PH8001-Digital-pH-sensor-register-768x361.webp 768w, https:\/\/quando.com.vn\/wp-content\/uploads\/2025\/09\/SUP-PH8001-Digital-pH-sensor-register-18x8.webp 18w\" sizes=\"(max-width: 1050px) 100vw, 1050px\" \/><\/p>\n<h3><strong>\u1ee8ng d\u1ee5ng c\u1ea3m bi\u1ebfn pH SUP-PH8001:<\/strong><\/h3>\n<p>&#8211; Gi\u00e1m s\u00e1t ch\u1ea5t l\u01b0\u1ee3ng n\u01b0\u1edbc trong nu\u00f4i tr\u1ed3ng th\u1ee7y s\u1ea3n<br \/>\n&#8211; C\u00e1c h\u1ec7 th\u1ed1ng IoT gi\u00e1m s\u00e1t n\u01b0\u1edbc t\u1eeb xa<br \/>\n&#8211; Nh\u00e0 m\u00e1y x\u1eed l\u00fd n\u01b0\u1edbc th\u1ea3i v\u00e0 n\u01b0\u1edbc sinh ho\u1ea1t<br \/>\n&#8211; \u1ee8ng d\u1ee5ng c\u00f4ng nghi\u1ec7p c\u1ea7n giao ti\u1ebfp RS485 Modbus RTU<\/p>\n<p><img loading=\"lazy\" class=\"aligncenter size-full wp-image-7475\" src=\"https:\/\/quando.com.vn\/wp-content\/uploads\/2025\/09\/SUP-PH8001-Digital-pH-sensor-content.webp\" alt=\"C\u1ea3m bi\u1ebfn pH SUP-PH8001 modbus RTU\" width=\"800\" height=\"809\" srcset=\"https:\/\/quando.com.vn\/wp-content\/uploads\/2025\/09\/SUP-PH8001-Digital-pH-sensor-content.webp 800w, https:\/\/quando.com.vn\/wp-content\/uploads\/2025\/09\/SUP-PH8001-Digital-pH-sensor-content-297x300.webp 297w, https:\/\/quando.com.vn\/wp-content\/uploads\/2025\/09\/SUP-PH8001-Digital-pH-sensor-content-768x777.webp 768w, https:\/\/quando.com.vn\/wp-content\/uploads\/2025\/09\/SUP-PH8001-Digital-pH-sensor-content-12x12.webp 12w, https:\/\/quando.com.vn\/wp-content\/uploads\/2025\/09\/SUP-PH8001-Digital-pH-sensor-content-300x303.webp 300w, https:\/\/quando.com.vn\/wp-content\/uploads\/2025\/09\/SUP-PH8001-Digital-pH-sensor-content-100x100.webp 100w\" sizes=\"(max-width: 800px) 100vw, 800px\" \/><\/p>","protected":false},"excerpt":{"rendered":"<p data-start=\"637\" data-end=\"663\">&#8211; D\u1ea3i \u0111o 0\u201314 pH, \u00b11000 mV<br \/>\n&#8211; \u0110\u1ed9 ph\u00e2n gi\u1ea3i 0.01 pH, 0.1 mV<br \/>\n&#8211; Giao ti\u1ebfp RS485 Modbus RTU<br \/>\n&#8211; Ngu\u1ed3n c\u1ea5p 6\u201330VDC<br \/>\n&#8211; \u1ee8ng d\u1ee5ng IoT &amp; nu\u00f4i tr\u1ed3ng th\u1ee7y s\u1ea3n<\/p>","protected":false},"featured_media":7406,"template":"","meta":[],"product_cat":[543,544,531,533],"product_tag":[],"acf":[],"yoast_head":"<!-- This site is optimized with the Yoast SEO Premium plugin v18.4 (Yoast SEO v18.6) - https:\/\/yoast.com\/wordpress\/plugins\/seo\/ -->\n<title>C\u1ea3m bi\u1ebfn pH SUP-PH8001 \u2013 H\u1ed7 tr\u1ee3 RS485 Modbus RTU - QUANDO<\/title>\n<meta name=\"description\" content=\"C\u1ea3m bi\u1ebfn pH SUP-PH8001 Supmea h\u1ed7 tr\u1ee3 RS485 Modbus RTU, \u0111o pH\/ORP trong nu\u00f4i tr\u1ed3ng th\u1ee7y s\u1ea3n, IoT v\u00e0 gi\u00e1m s\u00e1t n\u01b0\u1edbc t\u1eeb xa, ch\u00ednh x\u00e1c cao, b\u1ec1n b\u1ec9.\" \/>\n<meta name=\"robots\" content=\"index, follow, max-snippet:-1, max-image-preview:large, max-video-preview:-1\" \/>\n<link rel=\"canonical\" href=\"https:\/\/quando.com.vn\/en\/product\/cam-bien-ph-supmea-sup-ph8001\/\" \/>\n<meta property=\"og:locale\" content=\"en_US\" \/>\n<meta property=\"og:type\" content=\"article\" \/>\n<meta property=\"og:title\" content=\"C\u1ea3m bi\u1ebfn pH SUP-PH8001 \u2013 H\u1ed7 tr\u1ee3 RS485 Modbus RTU\" \/>\n<meta property=\"og:description\" content=\"C\u1ea3m bi\u1ebfn pH SUP-PH8001 Supmea h\u1ed7 tr\u1ee3 RS485 Modbus RTU, \u0111o pH\/ORP trong nu\u00f4i tr\u1ed3ng th\u1ee7y s\u1ea3n, IoT v\u00e0 gi\u00e1m s\u00e1t n\u01b0\u1edbc t\u1eeb xa, ch\u00ednh x\u00e1c cao, b\u1ec1n b\u1ec9.\" \/>\n<meta property=\"og:url\" content=\"https:\/\/quando.com.vn\/en\/product\/cam-bien-ph-supmea-sup-ph8001\/\" \/>\n<meta property=\"og:site_name\" content=\"QUANDO\" \/>\n<meta property=\"article:modified_time\" content=\"2025-09-04T09:43:03+00:00\" \/>\n<meta name=\"twitter:card\" content=\"summary_large_image\" \/>\n<meta name=\"twitter:image\" content=\"https:\/\/quando.com.vn\/wp-content\/uploads\/2025\/08\/SUP-PH8001-Digital-pH-sensor.webp\" \/>\n<meta name=\"twitter:label1\" content=\"Est. reading time\" \/>\n\t<meta name=\"twitter:data1\" content=\"2 minutes\" \/>\n<script type=\"application\/ld+json\" class=\"yoast-schema-graph\">{\"@context\":\"https:\/\/schema.org\",\"@graph\":[{\"@type\":\"WebSite\",\"@id\":\"https:\/\/quando.com.vn\/en\/#website\",\"url\":\"https:\/\/quando.com.vn\/en\/\",\"name\":\"QUANDO\",\"description\":\"\",\"potentialAction\":[{\"@type\":\"SearchAction\",\"target\":{\"@type\":\"EntryPoint\",\"urlTemplate\":\"https:\/\/quando.com.vn\/en\/?s={search_term_string}\"},\"query-input\":\"required name=search_term_string\"}],\"inLanguage\":\"en-US\"},{\"@type\":\"ImageObject\",\"@id\":\"https:\/\/quando.com.vn\/san-pham\/cam-bien-ph-supmea-sup-ph8001\/#primaryimage\",\"inLanguage\":\"en-US\",\"url\":\"https:\/\/quando.com.vn\/wp-content\/uploads\/2025\/08\/SUP-PH8001-Digital-pH-sensor.webp\",\"contentUrl\":\"https:\/\/quando.com.vn\/wp-content\/uploads\/2025\/08\/SUP-PH8001-Digital-pH-sensor.webp\",\"width\":800,\"height\":800,\"caption\":\"C\u1ea3m bi\u1ebfn pH SUP-PH8001\"},{\"@type\":\"WebPage\",\"@id\":\"https:\/\/quando.com.vn\/san-pham\/cam-bien-ph-supmea-sup-ph8001\/#webpage\",\"url\":\"https:\/\/quando.com.vn\/san-pham\/cam-bien-ph-supmea-sup-ph8001\/\",\"name\":\"C\u1ea3m bi\u1ebfn pH SUP-PH8001 \u2013 H\u1ed7 tr\u1ee3 RS485 Modbus RTU - QUANDO\",\"isPartOf\":{\"@id\":\"https:\/\/quando.com.vn\/en\/#website\"},\"primaryImageOfPage\":{\"@id\":\"https:\/\/quando.com.vn\/san-pham\/cam-bien-ph-supmea-sup-ph8001\/#primaryimage\"},\"datePublished\":\"2025-09-04T09:29:20+00:00\",\"dateModified\":\"2025-09-04T09:43:03+00:00\",\"description\":\"C\u1ea3m bi\u1ebfn pH SUP-PH8001 Supmea h\u1ed7 tr\u1ee3 RS485 Modbus RTU, \u0111o pH\/ORP trong nu\u00f4i tr\u1ed3ng th\u1ee7y s\u1ea3n, IoT v\u00e0 gi\u00e1m s\u00e1t n\u01b0\u1edbc t\u1eeb xa, ch\u00ednh x\u00e1c cao, b\u1ec1n b\u1ec9.\",\"breadcrumb\":{\"@id\":\"https:\/\/quando.com.vn\/san-pham\/cam-bien-ph-supmea-sup-ph8001\/#breadcrumb\"},\"inLanguage\":\"en-US\",\"potentialAction\":[{\"@type\":\"ReadAction\",\"target\":[\"https:\/\/quando.com.vn\/san-pham\/cam-bien-ph-supmea-sup-ph8001\/\"]}]},{\"@type\":\"BreadcrumbList\",\"@id\":\"https:\/\/quando.com.vn\/san-pham\/cam-bien-ph-supmea-sup-ph8001\/#breadcrumb\",\"itemListElement\":[{\"@type\":\"ListItem\",\"position\":1,\"name\":\"Trang ch\u1ee7\",\"item\":\"https:\/\/quando.com.vn\/\"},{\"@type\":\"ListItem\",\"position\":2,\"name\":\"S\u1ea3n ph\u1ea9m\",\"item\":\"https:\/\/quando.com.vn\/san-pham\/\"},{\"@type\":\"ListItem\",\"position\":3,\"name\":\"C\u1ea3m bi\u1ebfn pH SUP-PH8001 \u2013 H\u1ed7 tr\u1ee3 RS485 Modbus RTU\"}]}]}<\/script>\n<!-- \/ Yoast SEO Premium plugin. -->","yoast_head_json":{"title":"C\u1ea3m bi\u1ebfn pH SUP-PH8001 \u2013 H\u1ed7 tr\u1ee3 RS485 Modbus RTU - QUANDO","description":"C\u1ea3m bi\u1ebfn pH SUP-PH8001 Supmea h\u1ed7 tr\u1ee3 RS485 Modbus RTU, \u0111o pH\/ORP trong nu\u00f4i tr\u1ed3ng th\u1ee7y s\u1ea3n, IoT v\u00e0 gi\u00e1m s\u00e1t n\u01b0\u1edbc t\u1eeb xa, ch\u00ednh x\u00e1c cao, b\u1ec1n b\u1ec9.","robots":{"index":"index","follow":"follow","max-snippet":"max-snippet:-1","max-image-preview":"max-image-preview:large","max-video-preview":"max-video-preview:-1"},"canonical":"https:\/\/quando.com.vn\/en\/product\/cam-bien-ph-supmea-sup-ph8001\/","og_locale":"en_US","og_type":"article","og_title":"C\u1ea3m bi\u1ebfn pH SUP-PH8001 \u2013 H\u1ed7 tr\u1ee3 RS485 Modbus RTU","og_description":"C\u1ea3m bi\u1ebfn pH SUP-PH8001 Supmea h\u1ed7 tr\u1ee3 RS485 Modbus RTU, \u0111o pH\/ORP trong nu\u00f4i tr\u1ed3ng th\u1ee7y s\u1ea3n, IoT v\u00e0 gi\u00e1m s\u00e1t n\u01b0\u1edbc t\u1eeb xa, ch\u00ednh x\u00e1c cao, b\u1ec1n b\u1ec9.","og_url":"https:\/\/quando.com.vn\/en\/product\/cam-bien-ph-supmea-sup-ph8001\/","og_site_name":"QUANDO","article_modified_time":"2025-09-04T09:43:03+00:00","twitter_card":"summary_large_image","twitter_image":"https:\/\/quando.com.vn\/wp-content\/uploads\/2025\/08\/SUP-PH8001-Digital-pH-sensor.webp","twitter_misc":{"Est. reading time":"2 minutes"},"schema":{"@context":"https:\/\/schema.org","@graph":[{"@type":"WebSite","@id":"https:\/\/quando.com.vn\/en\/#website","url":"https:\/\/quando.com.vn\/en\/","name":"QUANDO","description":"","potentialAction":[{"@type":"SearchAction","target":{"@type":"EntryPoint","urlTemplate":"https:\/\/quando.com.vn\/en\/?s={search_term_string}"},"query-input":"required name=search_term_string"}],"inLanguage":"en-US"},{"@type":"ImageObject","@id":"https:\/\/quando.com.vn\/san-pham\/cam-bien-ph-supmea-sup-ph8001\/#primaryimage","inLanguage":"en-US","url":"https:\/\/quando.com.vn\/wp-content\/uploads\/2025\/08\/SUP-PH8001-Digital-pH-sensor.webp","contentUrl":"https:\/\/quando.com.vn\/wp-content\/uploads\/2025\/08\/SUP-PH8001-Digital-pH-sensor.webp","width":800,"height":800,"caption":"C\u1ea3m bi\u1ebfn pH SUP-PH8001"},{"@type":"WebPage","@id":"https:\/\/quando.com.vn\/san-pham\/cam-bien-ph-supmea-sup-ph8001\/#webpage","url":"https:\/\/quando.com.vn\/san-pham\/cam-bien-ph-supmea-sup-ph8001\/","name":"C\u1ea3m bi\u1ebfn pH SUP-PH8001 \u2013 H\u1ed7 tr\u1ee3 RS485 Modbus RTU - QUANDO","isPartOf":{"@id":"https:\/\/quando.com.vn\/en\/#website"},"primaryImageOfPage":{"@id":"https:\/\/quando.com.vn\/san-pham\/cam-bien-ph-supmea-sup-ph8001\/#primaryimage"},"datePublished":"2025-09-04T09:29:20+00:00","dateModified":"2025-09-04T09:43:03+00:00","description":"C\u1ea3m bi\u1ebfn pH SUP-PH8001 Supmea h\u1ed7 tr\u1ee3 RS485 Modbus RTU, \u0111o pH\/ORP trong nu\u00f4i tr\u1ed3ng th\u1ee7y s\u1ea3n, IoT v\u00e0 gi\u00e1m s\u00e1t n\u01b0\u1edbc t\u1eeb xa, ch\u00ednh x\u00e1c cao, b\u1ec1n b\u1ec9.","breadcrumb":{"@id":"https:\/\/quando.com.vn\/san-pham\/cam-bien-ph-supmea-sup-ph8001\/#breadcrumb"},"inLanguage":"en-US","potentialAction":[{"@type":"ReadAction","target":["https:\/\/quando.com.vn\/san-pham\/cam-bien-ph-supmea-sup-ph8001\/"]}]},{"@type":"BreadcrumbList","@id":"https:\/\/quando.com.vn\/san-pham\/cam-bien-ph-supmea-sup-ph8001\/#breadcrumb","itemListElement":[{"@type":"ListItem","position":1,"name":"Trang ch\u1ee7","item":"https:\/\/quando.com.vn\/"},{"@type":"ListItem","position":2,"name":"S\u1ea3n ph\u1ea9m","item":"https:\/\/quando.com.vn\/san-pham\/"},{"@type":"ListItem","position":3,"name":"C\u1ea3m bi\u1ebfn pH SUP-PH8001 \u2013 H\u1ed7 tr\u1ee3 RS485 Modbus RTU"}]}]}},"_links":{"self":[{"href":"https:\/\/quando.com.vn\/en\/wp-json\/wp\/v2\/product\/7474"}],"collection":[{"href":"https:\/\/quando.com.vn\/en\/wp-json\/wp\/v2\/product"}],"about":[{"href":"https:\/\/quando.com.vn\/en\/wp-json\/wp\/v2\/types\/product"}],"wp:featuredmedia":[{"embeddable":true,"href":"https:\/\/quando.com.vn\/en\/wp-json\/wp\/v2\/media\/7406"}],"wp:attachment":[{"href":"https:\/\/quando.com.vn\/en\/wp-json\/wp\/v2\/media?parent=7474"}],"wp:term":[{"taxonomy":"product_cat","embeddable":true,"href":"https:\/\/quando.com.vn\/en\/wp-json\/wp\/v2\/product_cat?post=7474"},{"taxonomy":"product_tag","embeddable":true,"href":"https:\/\/quando.com.vn\/en\/wp-json\/wp\/v2\/product_tag?post=7474"}],"curies":[{"name":"wp","href":"https:\/\/api.w.org\/{rel}","templated":true}]}}