{"id":7471,"date":"2025-09-04T13:30:45","date_gmt":"2025-09-04T06:30:45","guid":{"rendered":"https:\/\/quando.com.vn\/?post_type=product&#038;p=7471"},"modified":"2025-09-04T14:06:33","modified_gmt":"2025-09-04T07:06:33","slug":"cam-bien-orp-sup-orp6050-supmea","status":"publish","type":"product","link":"https:\/\/quando.com.vn\/en\/product\/cam-bien-orp-sup-orp6050-supmea\/","title":{"rendered":"C\u1ea3m bi\u1ebfn ORP SUP-ORP6050"},"content":{"rendered":"<p><strong>C\u1ea3m bi\u1ebfn ORP SUP-ORP6050 <\/strong>c\u1ee7a <a href=\"https:\/\/www.supmeaauto.com\/ph-sensor-and-meter\/orp6050-orp-sensor\">Supmea<\/a> l\u00e0 c\u1ea3m bi\u1ebfn ORP b\u1eb1ng nh\u1ef1a ch\u1ea5t l\u01b0\u1ee3ng cao, \u0111\u01b0\u1ee3c thi\u1ebft k\u1ebf cho c\u00e1c \u1ee9ng d\u1ee5ng \u0111o th\u1ebf oxy h\u00f3a kh\u1eed trong n\u01b0\u1edbc v\u00e0 dung d\u1ecbch c\u00f4ng nghi\u1ec7p. Thi\u1ebft b\u1ecb d\u1ef1a tr\u00ean nguy\u00ean l\u00fd pin \u0111i\u1ec7n h\u00f3a, chuy\u1ec3n h\u00f3a n\u0103ng l\u01b0\u1ee3ng h\u00f3a h\u1ecdc th\u00e0nh \u0111i\u1ec7n n\u0103ng, cho t\u00edn hi\u1ec7u \u0111i\u1ec7n th\u1ebf (EMF) \u1ed5n \u0111\u1ecbnh v\u00e0 ch\u00ednh x\u00e1c.<\/p>\n<h3><strong>\u0110\u1eb7c \u0111i\u1ec3m n\u1ed5i b\u1eadt:<\/strong><\/h3>\n<p>&#8211; D\u1ea3i \u0111o r\u1ed9ng: -2000 ~ +2000 mV<br \/>\n&#8211; C\u1ea5u t\u1ea1o nh\u1ef1a b\u1ec1n, ch\u1ecbu \u00e1p su\u1ea5t \u0111\u1ebfn 6 bar t\u1ea1i 25\u2103<br \/>\n&#8211; Thi\u1ebft k\u1ebf ren NPT3\/4, d\u1ec5 l\u1eafp \u0111\u1eb7t<br \/>\n&#8211; Nhi\u1ec7t \u0111\u1ed9 l\u00e0m vi\u1ec7c: 0 ~ 60\u2103 (c\u00e1p th\u01b0\u1eddng)<br \/>\n&#8211; \u0110i\u1ec7n c\u1ef1c c\u00f3 \u0111\u1ed9 \u1ed5n \u0111\u1ecbnh cao, sai s\u1ed1 nh\u1ecf \u00b14mV\/24h<\/p>\n<h3><strong>Th\u00f4ng s\u1ed1 k\u1ef9 thu\u1eadt:<\/strong><\/h3>\n<table>\n<tbody>\n<tr>\n<td>Product<\/td>\n<td>Plastic ORP sensor<\/td>\n<\/tr>\n<tr>\n<td>Model<\/td>\n<td>SUP-ORP6050<\/td>\n<\/tr>\n<tr>\n<td>Measurement range<\/td>\n<td>-2000mV ~ 2000mV<\/td>\n<\/tr>\n<tr>\n<td>Membrane resistance<\/td>\n<td>\u226410K\u03a9<\/td>\n<\/tr>\n<tr>\n<td>Stability<\/td>\n<td>\u00b14mV\/24h<\/td>\n<\/tr>\n<tr>\n<td>Installation size<\/td>\n<td>NPT3\/4<\/td>\n<\/tr>\n<tr>\n<td>Heat resistance<\/td>\n<td>0 ~ 60\u2103<\/td>\n<\/tr>\n<tr>\n<td>Pressure resistance<\/td>\n<td>0 ~ 6 Bar<\/td>\n<\/tr>\n<\/tbody>\n<\/table>\n<h3><strong>\u1ee8ng d\u1ee5ng c\u1ee7a c\u1ea3m bi\u1ebfn ORP SUP-ORP6050:\u00a0<\/strong><\/h3>\n<p>&#8211; X\u1eed l\u00fd n\u01b0\u1edbc th\u1ea3i v\u00e0 n\u01b0\u1edbc sinh ho\u1ea1t<br \/>\n&#8211; Gi\u00e1m s\u00e1t qu\u00e1 tr\u00ecnh oxy h\u00f3a \u2013 kh\u1eed trong c\u00f4ng nghi\u1ec7p h\u00f3a ch\u1ea5t<br \/>\n&#8211; Ng\u00e0nh th\u1ef1c ph\u1ea9m, \u0111\u1ed3 u\u1ed1ng v\u00e0 d\u01b0\u1ee3c ph\u1ea9m<br \/>\n&#8211; C\u00e1c \u1ee9ng d\u1ee5ng c\u1ea7n ki\u1ec3m so\u00e1t th\u1ebf \u0111i\u1ec7n c\u1ef1c \u0111\u1ec3 \u0111\u1ea3m b\u1ea3o ch\u1ea5t l\u01b0\u1ee3ng s\u1ea3n ph\u1ea9m<\/p>\n<p><img loading=\"lazy\" class=\"aligncenter wp-image-7472 size-full\" src=\"https:\/\/quando.com.vn\/wp-content\/uploads\/2025\/09\/SUP-ORP6050-ORP-sensor-content.webp\" alt=\"C\u1ea3m bi\u1ebfn ORP SUP-ORP6050\" width=\"800\" height=\"809\" srcset=\"https:\/\/quando.com.vn\/wp-content\/uploads\/2025\/09\/SUP-ORP6050-ORP-sensor-content.webp 800w, https:\/\/quando.com.vn\/wp-content\/uploads\/2025\/09\/SUP-ORP6050-ORP-sensor-content-297x300.webp 297w, https:\/\/quando.com.vn\/wp-content\/uploads\/2025\/09\/SUP-ORP6050-ORP-sensor-content-768x777.webp 768w, https:\/\/quando.com.vn\/wp-content\/uploads\/2025\/09\/SUP-ORP6050-ORP-sensor-content-12x12.webp 12w, https:\/\/quando.com.vn\/wp-content\/uploads\/2025\/09\/SUP-ORP6050-ORP-sensor-content-300x303.webp 300w, https:\/\/quando.com.vn\/wp-content\/uploads\/2025\/09\/SUP-ORP6050-ORP-sensor-content-100x100.webp 100w\" sizes=\"(max-width: 800px) 100vw, 800px\" \/><\/p>\n<p><a href=\"https:\/\/quando.com.vn\/san-pham\/dong-ho-ph-orp\/\">Xem th\u00eam \u0111\u1ed3ng h\u1ed3 ORP<\/a><\/p>","protected":false},"excerpt":{"rendered":"<p data-start=\"651\" data-end=\"675\">&#8211; D\u1ea3i \u0111o -2000 ~ +2000mV<br \/>\n&#8211; \u0110i\u1ec7n tr\u1edf m\u00e0ng \u226410K\u03a9<br \/>\n&#8211; \u0110\u1ed9 \u1ed5n \u0111\u1ecbnh \u00b14mV\/24h<br \/>\n&#8211; L\u1eafp ren NPT3\/4 ti\u1ec7n l\u1ee3i<br \/>\n&#8211; Nhi\u1ec7t \u0111\u1ed9 ho\u1ea1t \u0111\u1ed9ng 0\u201360\u2103<\/p>","protected":false},"featured_media":7405,"template":"","meta":[],"product_cat":[543,544,531,533],"product_tag":[],"acf":[],"yoast_head":"<!-- This site is optimized with the Yoast SEO Premium plugin v18.4 (Yoast SEO v18.6) - https:\/\/yoast.com\/wordpress\/plugins\/seo\/ -->\n<title>C\u1ea3m bi\u1ebfn ORP SUP-ORP6050 - QUANDO<\/title>\n<meta name=\"description\" content=\"C\u1ea3m bi\u1ebfn ORP SUP-ORP6050, d\u1ea3i \u0111o -2000~+2000mV, ch\u1ecbu \u00e1p su\u1ea5t t\u1edbi 6 bar, thi\u1ebft k\u1ebf nh\u1ef1a b\u1ec1n, l\u1eafp NPT3\/4, d\u00f9ng trong x\u1eed l\u00fd n\u01b0\u1edbc v\u00e0 c\u00f4ng nghi\u1ec7p.\" \/>\n<meta name=\"robots\" content=\"index, follow, max-snippet:-1, max-image-preview:large, max-video-preview:-1\" \/>\n<link rel=\"canonical\" href=\"https:\/\/quando.com.vn\/en\/product\/cam-bien-orp-sup-orp6050-supmea\/\" \/>\n<meta property=\"og:locale\" content=\"en_US\" \/>\n<meta property=\"og:type\" content=\"article\" \/>\n<meta property=\"og:title\" content=\"C\u1ea3m bi\u1ebfn ORP SUP-ORP6050\" \/>\n<meta property=\"og:description\" content=\"C\u1ea3m bi\u1ebfn ORP SUP-ORP6050, d\u1ea3i \u0111o -2000~+2000mV, ch\u1ecbu \u00e1p su\u1ea5t t\u1edbi 6 bar, thi\u1ebft k\u1ebf nh\u1ef1a b\u1ec1n, l\u1eafp NPT3\/4, d\u00f9ng trong x\u1eed l\u00fd n\u01b0\u1edbc v\u00e0 c\u00f4ng nghi\u1ec7p.\" \/>\n<meta property=\"og:url\" content=\"https:\/\/quando.com.vn\/en\/product\/cam-bien-orp-sup-orp6050-supmea\/\" \/>\n<meta property=\"og:site_name\" content=\"QUANDO\" \/>\n<meta property=\"article:modified_time\" content=\"2025-09-04T07:06:33+00:00\" \/>\n<meta name=\"twitter:card\" content=\"summary_large_image\" \/>\n<meta name=\"twitter:image\" content=\"https:\/\/quando.com.vn\/wp-content\/uploads\/2025\/08\/SUP-ORP6050-ORP-sensor.webp\" \/>\n<meta name=\"twitter:label1\" content=\"Est. reading time\" \/>\n\t<meta name=\"twitter:data1\" content=\"2 minutes\" \/>\n<script type=\"application\/ld+json\" class=\"yoast-schema-graph\">{\"@context\":\"https:\/\/schema.org\",\"@graph\":[{\"@type\":\"WebSite\",\"@id\":\"https:\/\/quando.com.vn\/en\/#website\",\"url\":\"https:\/\/quando.com.vn\/en\/\",\"name\":\"QUANDO\",\"description\":\"\",\"potentialAction\":[{\"@type\":\"SearchAction\",\"target\":{\"@type\":\"EntryPoint\",\"urlTemplate\":\"https:\/\/quando.com.vn\/en\/?s={search_term_string}\"},\"query-input\":\"required name=search_term_string\"}],\"inLanguage\":\"en-US\"},{\"@type\":\"ImageObject\",\"@id\":\"https:\/\/quando.com.vn\/san-pham\/cam-bien-orp-sup-orp6050-supmea\/#primaryimage\",\"inLanguage\":\"en-US\",\"url\":\"https:\/\/quando.com.vn\/wp-content\/uploads\/2025\/08\/SUP-ORP6050-ORP-sensor.webp\",\"contentUrl\":\"https:\/\/quando.com.vn\/wp-content\/uploads\/2025\/08\/SUP-ORP6050-ORP-sensor.webp\",\"width\":800,\"height\":800,\"caption\":\"SUP-ORP6050 ORP sensor\"},{\"@type\":\"WebPage\",\"@id\":\"https:\/\/quando.com.vn\/san-pham\/cam-bien-orp-sup-orp6050-supmea\/#webpage\",\"url\":\"https:\/\/quando.com.vn\/san-pham\/cam-bien-orp-sup-orp6050-supmea\/\",\"name\":\"C\u1ea3m bi\u1ebfn ORP SUP-ORP6050 - QUANDO\",\"isPartOf\":{\"@id\":\"https:\/\/quando.com.vn\/en\/#website\"},\"primaryImageOfPage\":{\"@id\":\"https:\/\/quando.com.vn\/san-pham\/cam-bien-orp-sup-orp6050-supmea\/#primaryimage\"},\"datePublished\":\"2025-09-04T06:30:45+00:00\",\"dateModified\":\"2025-09-04T07:06:33+00:00\",\"description\":\"C\u1ea3m bi\u1ebfn ORP SUP-ORP6050, d\u1ea3i \u0111o -2000~+2000mV, ch\u1ecbu \u00e1p su\u1ea5t t\u1edbi 6 bar, thi\u1ebft k\u1ebf nh\u1ef1a b\u1ec1n, l\u1eafp NPT3\/4, d\u00f9ng trong x\u1eed l\u00fd n\u01b0\u1edbc v\u00e0 c\u00f4ng nghi\u1ec7p.\",\"breadcrumb\":{\"@id\":\"https:\/\/quando.com.vn\/san-pham\/cam-bien-orp-sup-orp6050-supmea\/#breadcrumb\"},\"inLanguage\":\"en-US\",\"potentialAction\":[{\"@type\":\"ReadAction\",\"target\":[\"https:\/\/quando.com.vn\/san-pham\/cam-bien-orp-sup-orp6050-supmea\/\"]}]},{\"@type\":\"BreadcrumbList\",\"@id\":\"https:\/\/quando.com.vn\/san-pham\/cam-bien-orp-sup-orp6050-supmea\/#breadcrumb\",\"itemListElement\":[{\"@type\":\"ListItem\",\"position\":1,\"name\":\"Trang ch\u1ee7\",\"item\":\"https:\/\/quando.com.vn\/\"},{\"@type\":\"ListItem\",\"position\":2,\"name\":\"S\u1ea3n ph\u1ea9m\",\"item\":\"https:\/\/quando.com.vn\/san-pham\/\"},{\"@type\":\"ListItem\",\"position\":3,\"name\":\"C\u1ea3m bi\u1ebfn ORP SUP-ORP6050\"}]}]}<\/script>\n<!-- \/ Yoast SEO Premium plugin. -->","yoast_head_json":{"title":"C\u1ea3m bi\u1ebfn ORP SUP-ORP6050 - QUANDO","description":"C\u1ea3m bi\u1ebfn ORP SUP-ORP6050, d\u1ea3i \u0111o -2000~+2000mV, ch\u1ecbu \u00e1p su\u1ea5t t\u1edbi 6 bar, thi\u1ebft k\u1ebf nh\u1ef1a b\u1ec1n, l\u1eafp NPT3\/4, d\u00f9ng trong x\u1eed l\u00fd n\u01b0\u1edbc v\u00e0 c\u00f4ng nghi\u1ec7p.","robots":{"index":"index","follow":"follow","max-snippet":"max-snippet:-1","max-image-preview":"max-image-preview:large","max-video-preview":"max-video-preview:-1"},"canonical":"https:\/\/quando.com.vn\/en\/product\/cam-bien-orp-sup-orp6050-supmea\/","og_locale":"en_US","og_type":"article","og_title":"C\u1ea3m bi\u1ebfn ORP SUP-ORP6050","og_description":"C\u1ea3m bi\u1ebfn ORP SUP-ORP6050, d\u1ea3i \u0111o -2000~+2000mV, ch\u1ecbu \u00e1p su\u1ea5t t\u1edbi 6 bar, thi\u1ebft k\u1ebf nh\u1ef1a b\u1ec1n, l\u1eafp NPT3\/4, d\u00f9ng trong x\u1eed l\u00fd n\u01b0\u1edbc v\u00e0 c\u00f4ng nghi\u1ec7p.","og_url":"https:\/\/quando.com.vn\/en\/product\/cam-bien-orp-sup-orp6050-supmea\/","og_site_name":"QUANDO","article_modified_time":"2025-09-04T07:06:33+00:00","twitter_card":"summary_large_image","twitter_image":"https:\/\/quando.com.vn\/wp-content\/uploads\/2025\/08\/SUP-ORP6050-ORP-sensor.webp","twitter_misc":{"Est. reading time":"2 minutes"},"schema":{"@context":"https:\/\/schema.org","@graph":[{"@type":"WebSite","@id":"https:\/\/quando.com.vn\/en\/#website","url":"https:\/\/quando.com.vn\/en\/","name":"QUANDO","description":"","potentialAction":[{"@type":"SearchAction","target":{"@type":"EntryPoint","urlTemplate":"https:\/\/quando.com.vn\/en\/?s={search_term_string}"},"query-input":"required name=search_term_string"}],"inLanguage":"en-US"},{"@type":"ImageObject","@id":"https:\/\/quando.com.vn\/san-pham\/cam-bien-orp-sup-orp6050-supmea\/#primaryimage","inLanguage":"en-US","url":"https:\/\/quando.com.vn\/wp-content\/uploads\/2025\/08\/SUP-ORP6050-ORP-sensor.webp","contentUrl":"https:\/\/quando.com.vn\/wp-content\/uploads\/2025\/08\/SUP-ORP6050-ORP-sensor.webp","width":800,"height":800,"caption":"SUP-ORP6050 ORP sensor"},{"@type":"WebPage","@id":"https:\/\/quando.com.vn\/san-pham\/cam-bien-orp-sup-orp6050-supmea\/#webpage","url":"https:\/\/quando.com.vn\/san-pham\/cam-bien-orp-sup-orp6050-supmea\/","name":"C\u1ea3m bi\u1ebfn ORP SUP-ORP6050 - QUANDO","isPartOf":{"@id":"https:\/\/quando.com.vn\/en\/#website"},"primaryImageOfPage":{"@id":"https:\/\/quando.com.vn\/san-pham\/cam-bien-orp-sup-orp6050-supmea\/#primaryimage"},"datePublished":"2025-09-04T06:30:45+00:00","dateModified":"2025-09-04T07:06:33+00:00","description":"C\u1ea3m bi\u1ebfn ORP SUP-ORP6050, d\u1ea3i \u0111o -2000~+2000mV, ch\u1ecbu \u00e1p su\u1ea5t t\u1edbi 6 bar, thi\u1ebft k\u1ebf nh\u1ef1a b\u1ec1n, l\u1eafp NPT3\/4, d\u00f9ng trong x\u1eed l\u00fd n\u01b0\u1edbc v\u00e0 c\u00f4ng nghi\u1ec7p.","breadcrumb":{"@id":"https:\/\/quando.com.vn\/san-pham\/cam-bien-orp-sup-orp6050-supmea\/#breadcrumb"},"inLanguage":"en-US","potentialAction":[{"@type":"ReadAction","target":["https:\/\/quando.com.vn\/san-pham\/cam-bien-orp-sup-orp6050-supmea\/"]}]},{"@type":"BreadcrumbList","@id":"https:\/\/quando.com.vn\/san-pham\/cam-bien-orp-sup-orp6050-supmea\/#breadcrumb","itemListElement":[{"@type":"ListItem","position":1,"name":"Trang ch\u1ee7","item":"https:\/\/quando.com.vn\/"},{"@type":"ListItem","position":2,"name":"S\u1ea3n ph\u1ea9m","item":"https:\/\/quando.com.vn\/san-pham\/"},{"@type":"ListItem","position":3,"name":"C\u1ea3m bi\u1ebfn ORP SUP-ORP6050"}]}]}},"_links":{"self":[{"href":"https:\/\/quando.com.vn\/en\/wp-json\/wp\/v2\/product\/7471"}],"collection":[{"href":"https:\/\/quando.com.vn\/en\/wp-json\/wp\/v2\/product"}],"about":[{"href":"https:\/\/quando.com.vn\/en\/wp-json\/wp\/v2\/types\/product"}],"wp:featuredmedia":[{"embeddable":true,"href":"https:\/\/quando.com.vn\/en\/wp-json\/wp\/v2\/media\/7405"}],"wp:attachment":[{"href":"https:\/\/quando.com.vn\/en\/wp-json\/wp\/v2\/media?parent=7471"}],"wp:term":[{"taxonomy":"product_cat","embeddable":true,"href":"https:\/\/quando.com.vn\/en\/wp-json\/wp\/v2\/product_cat?post=7471"},{"taxonomy":"product_tag","embeddable":true,"href":"https:\/\/quando.com.vn\/en\/wp-json\/wp\/v2\/product_tag?post=7471"}],"curies":[{"name":"wp","href":"https:\/\/api.w.org\/{rel}","templated":true}]}}