{"id":7469,"date":"2025-09-04T10:28:49","date_gmt":"2025-09-04T03:28:49","guid":{"rendered":"https:\/\/quando.com.vn\/?post_type=product&#038;p=7469"},"modified":"2025-09-04T11:42:30","modified_gmt":"2025-09-04T04:42:30","slug":"cam-bien-ph-flat-sup-ph7001","status":"publish","type":"product","link":"https:\/\/quando.com.vn\/en\/product\/cam-bien-ph-flat-sup-ph7001\/","title":{"rendered":"C\u1ea3m bi\u1ebfn pH ph\u1eb3ng SUP-PH7001"},"content":{"rendered":"<p><strong>C\u1ea3m bi\u1ebfn pH ph\u1eb3ng SUP-PH7001 <\/strong>c\u1ee7a <a href=\"https:\/\/www.supmeaauto.com\/ph-sensor-and-meter\/ph7001-flat-ph-sensor\">Supmea<\/a>\u00a0l\u00e0 c\u1ea3m bi\u1ebfn chuy\u00ean d\u1ee5ng trong \u1ee9ng d\u1ee5ng kh\u1eed l\u01b0u hu\u1ef3nh kh\u00ed th\u1ea3i (Flue Gas Desulfurization \u2013 FGD) v\u00e0 c\u00e1c m\u00f4i tr\u01b0\u1eddng c\u00f4ng nghi\u1ec7p kh\u1eafc nghi\u1ec7t kh\u00e1c nh\u01b0 v\u00f4i, th\u1ea1ch cao, dung d\u1ecbch ch\u1ee9a h\u1ea1t r\u1eafn. Thi\u1ebft b\u1ecb \u0111\u01b0\u1ee3c thi\u1ebft k\u1ebf \u0111\u1ec3 \u0111o pH \u1ed5n \u0111\u1ecbnh, b\u1ec1n b\u1ec9 v\u00e0 d\u1ec5 b\u1ea3o tr\u00ec.<\/p>\n<h3><strong>\u0110\u1eb7c \u0111i\u1ec3m n\u1ed5i b\u1eadt:<\/strong><\/h3>\n<p>&#8211; \u0110i\u1ec3m zero: 7 \u00b1 0.5 pH<br \/>\n&#8211; \u0110\u1ed9 d\u1ed1c chuy\u1ec3n \u0111\u1ed5i: &gt; 96%<br \/>\n&#8211; \u00c1p su\u1ea5t ho\u1ea1t \u0111\u1ed9ng: 1 ~ 6 Bar t\u1ea1i 25\u2103<br \/>\n&#8211; Nhi\u1ec7t \u0111\u1ed9 l\u00e0m vi\u1ec7c: 0 ~ 60\u2103 (c\u00e1p th\u01b0\u1eddng)<br \/>\n&#8211; L\u1eafp \u0111\u1eb7t b\u1eb1ng ren 3\/4 NPT, thu\u1eadn ti\u1ec7n v\u00e0 ch\u1eafc ch\u1eafn<\/p>\n<p><strong>Th\u00f4ng s\u1ed1 k\u1ef9 thu\u1eadt:<\/strong><\/p>\n<table>\n<tbody>\n<tr>\n<td>Product<\/td>\n<td>Flat pH sensor<\/td>\n<\/tr>\n<tr>\n<td>Model<\/td>\n<td>SUP-PH7001<\/td>\n<\/tr>\n<tr>\n<td>Measurement range<\/td>\n<td>0-14 pH<\/td>\n<\/tr>\n<tr>\n<td>Zero potential point<\/td>\n<td>7 \u00b1 0.5 pH<\/td>\n<\/tr>\n<tr>\n<td>Slope<\/td>\n<td>&gt; 96%<\/td>\n<\/tr>\n<tr>\n<td>Internal impedance<\/td>\n<td>150-250 M\u03a9 (25\u2103)<\/td>\n<\/tr>\n<tr>\n<td>Practical response time<\/td>\n<td>&lt; 1 min<\/td>\n<\/tr>\n<tr>\n<td>Installation size<\/td>\n<td>Upper and Lower 3\/4NPT Pipe Thread<\/td>\n<\/tr>\n<tr>\n<td>NTC<\/td>\n<td>NTC10K \/ Pt100 \/ Pt1000<\/td>\n<\/tr>\n<tr>\n<td>Heat resistance<\/td>\n<td>5-80\u2103 for general cables<\/td>\n<\/tr>\n<tr>\n<td>Pressure resistance<\/td>\n<td>0.2 MPa<\/td>\n<\/tr>\n<tr>\n<td>Connection<\/td>\n<td>Low-noise cable<\/td>\n<\/tr>\n<\/tbody>\n<\/table>\n<h3><strong>\u1ee8ng d\u1ee5ng c\u1ea3m bi\u1ebfn pH ph\u1eb3ng SUP-PH7001<\/strong><\/h3>\n<p>&#8211; K\u1ef9 thu\u1eadt x\u1eed l\u00fd n\u01b0\u1edbc th\u1ea3i c\u00f4ng nghi\u1ec7p<br \/>\n&#8211; \u0110o l\u01b0\u1eddng trong qu\u00e1 tr\u00ecnh m\u1ea1 \u0111i\u1ec7n<br \/>\n&#8211; Ng\u00e0nh gi\u1ea5y, b\u1ed9t gi\u1ea5y, s\u1ea3n xu\u1ea5t \u0111\u1ed3 u\u1ed1ng<br \/>\n&#8211; N\u01b0\u1edbc th\u1ea3i c\u00f3 ch\u1ee9a d\u1ea7u<br \/>\n&#8211; Huy\u1ec1n ph\u00f9, s\u01a1n, m\u00f4i tr\u01b0\u1eddng c\u00f3 h\u1ea1t r\u1eafn<br \/>\n&#8211; M\u00f4i tr\u01b0\u1eddng c\u00f3 ch\u1ee9a fluoride (axit HF) t\u1edbi 1000 mg\/l<\/p>\n<p><img loading=\"lazy\" class=\"aligncenter size-full wp-image-7470\" src=\"https:\/\/quando.com.vn\/wp-content\/uploads\/2025\/09\/SUP-PH7001-Flat-pH-sensor-for-desulfurization-content.webp\" alt=\"SUP-PH7001 Flat pH sensor for desulfurization\" width=\"790\" height=\"542\" srcset=\"https:\/\/quando.com.vn\/wp-content\/uploads\/2025\/09\/SUP-PH7001-Flat-pH-sensor-for-desulfurization-content.webp 790w, https:\/\/quando.com.vn\/wp-content\/uploads\/2025\/09\/SUP-PH7001-Flat-pH-sensor-for-desulfurization-content-300x206.webp 300w, https:\/\/quando.com.vn\/wp-content\/uploads\/2025\/09\/SUP-PH7001-Flat-pH-sensor-for-desulfurization-content-768x527.webp 768w, https:\/\/quando.com.vn\/wp-content\/uploads\/2025\/09\/SUP-PH7001-Flat-pH-sensor-for-desulfurization-content-18x12.webp 18w\" sizes=\"(max-width: 790px) 100vw, 790px\" \/><\/p>","protected":false},"excerpt":{"rendered":"<p data-start=\"737\" data-end=\"765\">&#8211; Thi\u1ebft k\u1ebf \u0111i\u1ec7n c\u1ef1c pH ph\u1eb3ng<br \/>\n&#8211; Ch\u1ecbu \u00e1p su\u1ea5t 1\u20136 Bar t\u1ea1i 25\u2103<br \/>\n&#8211; Nhi\u1ec7t \u0111\u1ed9 ho\u1ea1t \u0111\u1ed9ng 0\u201360\u2103<br \/>\n&#8211; Ren l\u1eafp 3\/4 NPT d\u1ec5 d\u00e0ng<br \/>\n&#8211; \u0110\u1ed9 d\u1ed1c chuy\u1ec3n \u0111\u1ed5i &gt;96%<\/p>","protected":false},"featured_media":7404,"template":"","meta":[],"product_cat":[543,544,531,533],"product_tag":[],"acf":[],"yoast_head":"<!-- This site is optimized with the Yoast SEO Premium plugin v18.4 (Yoast SEO v18.6) - https:\/\/yoast.com\/wordpress\/plugins\/seo\/ -->\n<title>C\u1ea3m bi\u1ebfn pH ph\u1eb3ng SUP-PH7001 - QUANDO<\/title>\n<meta name=\"description\" content=\"C\u1ea3m bi\u1ebfn pH ph\u1eb3ng SUP-PH7001 d\u00e0nh cho kh\u1eed l\u01b0u hu\u1ef3nh kh\u00ed th\u1ea3i (FGD), b\u1ec1n trong m\u00f4i tr\u01b0\u1eddng kh\u1eafc nghi\u1ec7t: v\u00f4i, th\u1ea1ch cao, ch\u1ea5t l\u01a1 l\u1eedng, n\u01b0\u1edbc th\u1ea3i\" \/>\n<meta name=\"robots\" content=\"index, follow, max-snippet:-1, max-image-preview:large, max-video-preview:-1\" \/>\n<link rel=\"canonical\" href=\"https:\/\/quando.com.vn\/en\/product\/cam-bien-ph-flat-sup-ph7001\/\" \/>\n<meta property=\"og:locale\" content=\"en_US\" \/>\n<meta property=\"og:type\" content=\"article\" \/>\n<meta property=\"og:title\" content=\"C\u1ea3m bi\u1ebfn pH ph\u1eb3ng SUP-PH7001\" \/>\n<meta property=\"og:description\" content=\"C\u1ea3m bi\u1ebfn pH ph\u1eb3ng SUP-PH7001 d\u00e0nh cho kh\u1eed l\u01b0u hu\u1ef3nh kh\u00ed th\u1ea3i (FGD), b\u1ec1n trong m\u00f4i tr\u01b0\u1eddng kh\u1eafc nghi\u1ec7t: v\u00f4i, th\u1ea1ch cao, ch\u1ea5t l\u01a1 l\u1eedng, n\u01b0\u1edbc th\u1ea3i\" \/>\n<meta property=\"og:url\" content=\"https:\/\/quando.com.vn\/en\/product\/cam-bien-ph-flat-sup-ph7001\/\" \/>\n<meta property=\"og:site_name\" content=\"QUANDO\" \/>\n<meta property=\"article:modified_time\" content=\"2025-09-04T04:42:30+00:00\" \/>\n<meta name=\"twitter:card\" content=\"summary_large_image\" \/>\n<meta name=\"twitter:image\" content=\"https:\/\/quando.com.vn\/wp-content\/uploads\/2025\/08\/SUP-PH7001-Flat-pH-sensor-for-desulfurization.webp\" \/>\n<meta name=\"twitter:label1\" content=\"Est. reading time\" \/>\n\t<meta name=\"twitter:data1\" content=\"2 minutes\" \/>\n<script type=\"application\/ld+json\" class=\"yoast-schema-graph\">{\"@context\":\"https:\/\/schema.org\",\"@graph\":[{\"@type\":\"WebSite\",\"@id\":\"https:\/\/quando.com.vn\/en\/#website\",\"url\":\"https:\/\/quando.com.vn\/en\/\",\"name\":\"QUANDO\",\"description\":\"\",\"potentialAction\":[{\"@type\":\"SearchAction\",\"target\":{\"@type\":\"EntryPoint\",\"urlTemplate\":\"https:\/\/quando.com.vn\/en\/?s={search_term_string}\"},\"query-input\":\"required name=search_term_string\"}],\"inLanguage\":\"en-US\"},{\"@type\":\"ImageObject\",\"@id\":\"https:\/\/quando.com.vn\/san-pham\/cam-bien-ph-flat-sup-ph7001\/#primaryimage\",\"inLanguage\":\"en-US\",\"url\":\"https:\/\/quando.com.vn\/wp-content\/uploads\/2025\/08\/SUP-PH7001-Flat-pH-sensor-for-desulfurization.webp\",\"contentUrl\":\"https:\/\/quando.com.vn\/wp-content\/uploads\/2025\/08\/SUP-PH7001-Flat-pH-sensor-for-desulfurization.webp\",\"width\":800,\"height\":800,\"caption\":\"SUP-PH7001 Flat pH sensor for desulfurization\"},{\"@type\":\"WebPage\",\"@id\":\"https:\/\/quando.com.vn\/san-pham\/cam-bien-ph-flat-sup-ph7001\/#webpage\",\"url\":\"https:\/\/quando.com.vn\/san-pham\/cam-bien-ph-flat-sup-ph7001\/\",\"name\":\"C\u1ea3m bi\u1ebfn pH ph\u1eb3ng SUP-PH7001 - QUANDO\",\"isPartOf\":{\"@id\":\"https:\/\/quando.com.vn\/en\/#website\"},\"primaryImageOfPage\":{\"@id\":\"https:\/\/quando.com.vn\/san-pham\/cam-bien-ph-flat-sup-ph7001\/#primaryimage\"},\"datePublished\":\"2025-09-04T03:28:49+00:00\",\"dateModified\":\"2025-09-04T04:42:30+00:00\",\"description\":\"C\u1ea3m bi\u1ebfn pH ph\u1eb3ng SUP-PH7001 d\u00e0nh cho kh\u1eed l\u01b0u hu\u1ef3nh kh\u00ed th\u1ea3i (FGD), b\u1ec1n trong m\u00f4i tr\u01b0\u1eddng kh\u1eafc nghi\u1ec7t: v\u00f4i, th\u1ea1ch cao, ch\u1ea5t l\u01a1 l\u1eedng, n\u01b0\u1edbc th\u1ea3i\",\"breadcrumb\":{\"@id\":\"https:\/\/quando.com.vn\/san-pham\/cam-bien-ph-flat-sup-ph7001\/#breadcrumb\"},\"inLanguage\":\"en-US\",\"potentialAction\":[{\"@type\":\"ReadAction\",\"target\":[\"https:\/\/quando.com.vn\/san-pham\/cam-bien-ph-flat-sup-ph7001\/\"]}]},{\"@type\":\"BreadcrumbList\",\"@id\":\"https:\/\/quando.com.vn\/san-pham\/cam-bien-ph-flat-sup-ph7001\/#breadcrumb\",\"itemListElement\":[{\"@type\":\"ListItem\",\"position\":1,\"name\":\"Trang ch\u1ee7\",\"item\":\"https:\/\/quando.com.vn\/\"},{\"@type\":\"ListItem\",\"position\":2,\"name\":\"S\u1ea3n ph\u1ea9m\",\"item\":\"https:\/\/quando.com.vn\/san-pham\/\"},{\"@type\":\"ListItem\",\"position\":3,\"name\":\"C\u1ea3m bi\u1ebfn pH ph\u1eb3ng SUP-PH7001\"}]}]}<\/script>\n<!-- \/ Yoast SEO Premium plugin. -->","yoast_head_json":{"title":"C\u1ea3m bi\u1ebfn pH ph\u1eb3ng SUP-PH7001 - QUANDO","description":"C\u1ea3m bi\u1ebfn pH ph\u1eb3ng SUP-PH7001 d\u00e0nh cho kh\u1eed l\u01b0u hu\u1ef3nh kh\u00ed th\u1ea3i (FGD), b\u1ec1n trong m\u00f4i tr\u01b0\u1eddng kh\u1eafc nghi\u1ec7t: v\u00f4i, th\u1ea1ch cao, ch\u1ea5t l\u01a1 l\u1eedng, n\u01b0\u1edbc th\u1ea3i","robots":{"index":"index","follow":"follow","max-snippet":"max-snippet:-1","max-image-preview":"max-image-preview:large","max-video-preview":"max-video-preview:-1"},"canonical":"https:\/\/quando.com.vn\/en\/product\/cam-bien-ph-flat-sup-ph7001\/","og_locale":"en_US","og_type":"article","og_title":"C\u1ea3m bi\u1ebfn pH ph\u1eb3ng SUP-PH7001","og_description":"C\u1ea3m bi\u1ebfn pH ph\u1eb3ng SUP-PH7001 d\u00e0nh cho kh\u1eed l\u01b0u hu\u1ef3nh kh\u00ed th\u1ea3i (FGD), b\u1ec1n trong m\u00f4i tr\u01b0\u1eddng kh\u1eafc nghi\u1ec7t: v\u00f4i, th\u1ea1ch cao, ch\u1ea5t l\u01a1 l\u1eedng, n\u01b0\u1edbc th\u1ea3i","og_url":"https:\/\/quando.com.vn\/en\/product\/cam-bien-ph-flat-sup-ph7001\/","og_site_name":"QUANDO","article_modified_time":"2025-09-04T04:42:30+00:00","twitter_card":"summary_large_image","twitter_image":"https:\/\/quando.com.vn\/wp-content\/uploads\/2025\/08\/SUP-PH7001-Flat-pH-sensor-for-desulfurization.webp","twitter_misc":{"Est. reading time":"2 minutes"},"schema":{"@context":"https:\/\/schema.org","@graph":[{"@type":"WebSite","@id":"https:\/\/quando.com.vn\/en\/#website","url":"https:\/\/quando.com.vn\/en\/","name":"QUANDO","description":"","potentialAction":[{"@type":"SearchAction","target":{"@type":"EntryPoint","urlTemplate":"https:\/\/quando.com.vn\/en\/?s={search_term_string}"},"query-input":"required name=search_term_string"}],"inLanguage":"en-US"},{"@type":"ImageObject","@id":"https:\/\/quando.com.vn\/san-pham\/cam-bien-ph-flat-sup-ph7001\/#primaryimage","inLanguage":"en-US","url":"https:\/\/quando.com.vn\/wp-content\/uploads\/2025\/08\/SUP-PH7001-Flat-pH-sensor-for-desulfurization.webp","contentUrl":"https:\/\/quando.com.vn\/wp-content\/uploads\/2025\/08\/SUP-PH7001-Flat-pH-sensor-for-desulfurization.webp","width":800,"height":800,"caption":"SUP-PH7001 Flat pH sensor for desulfurization"},{"@type":"WebPage","@id":"https:\/\/quando.com.vn\/san-pham\/cam-bien-ph-flat-sup-ph7001\/#webpage","url":"https:\/\/quando.com.vn\/san-pham\/cam-bien-ph-flat-sup-ph7001\/","name":"C\u1ea3m bi\u1ebfn pH ph\u1eb3ng SUP-PH7001 - QUANDO","isPartOf":{"@id":"https:\/\/quando.com.vn\/en\/#website"},"primaryImageOfPage":{"@id":"https:\/\/quando.com.vn\/san-pham\/cam-bien-ph-flat-sup-ph7001\/#primaryimage"},"datePublished":"2025-09-04T03:28:49+00:00","dateModified":"2025-09-04T04:42:30+00:00","description":"C\u1ea3m bi\u1ebfn pH ph\u1eb3ng SUP-PH7001 d\u00e0nh cho kh\u1eed l\u01b0u hu\u1ef3nh kh\u00ed th\u1ea3i (FGD), b\u1ec1n trong m\u00f4i tr\u01b0\u1eddng kh\u1eafc nghi\u1ec7t: v\u00f4i, th\u1ea1ch cao, ch\u1ea5t l\u01a1 l\u1eedng, n\u01b0\u1edbc th\u1ea3i","breadcrumb":{"@id":"https:\/\/quando.com.vn\/san-pham\/cam-bien-ph-flat-sup-ph7001\/#breadcrumb"},"inLanguage":"en-US","potentialAction":[{"@type":"ReadAction","target":["https:\/\/quando.com.vn\/san-pham\/cam-bien-ph-flat-sup-ph7001\/"]}]},{"@type":"BreadcrumbList","@id":"https:\/\/quando.com.vn\/san-pham\/cam-bien-ph-flat-sup-ph7001\/#breadcrumb","itemListElement":[{"@type":"ListItem","position":1,"name":"Trang ch\u1ee7","item":"https:\/\/quando.com.vn\/"},{"@type":"ListItem","position":2,"name":"S\u1ea3n ph\u1ea9m","item":"https:\/\/quando.com.vn\/san-pham\/"},{"@type":"ListItem","position":3,"name":"C\u1ea3m bi\u1ebfn pH ph\u1eb3ng SUP-PH7001"}]}]}},"_links":{"self":[{"href":"https:\/\/quando.com.vn\/en\/wp-json\/wp\/v2\/product\/7469"}],"collection":[{"href":"https:\/\/quando.com.vn\/en\/wp-json\/wp\/v2\/product"}],"about":[{"href":"https:\/\/quando.com.vn\/en\/wp-json\/wp\/v2\/types\/product"}],"wp:featuredmedia":[{"embeddable":true,"href":"https:\/\/quando.com.vn\/en\/wp-json\/wp\/v2\/media\/7404"}],"wp:attachment":[{"href":"https:\/\/quando.com.vn\/en\/wp-json\/wp\/v2\/media?parent=7469"}],"wp:term":[{"taxonomy":"product_cat","embeddable":true,"href":"https:\/\/quando.com.vn\/en\/wp-json\/wp\/v2\/product_cat?post=7469"},{"taxonomy":"product_tag","embeddable":true,"href":"https:\/\/quando.com.vn\/en\/wp-json\/wp\/v2\/product_tag?post=7469"}],"curies":[{"name":"wp","href":"https:\/\/api.w.org\/{rel}","templated":true}]}}