{"id":7467,"date":"2025-09-03T15:35:02","date_gmt":"2025-09-03T08:35:02","guid":{"rendered":"https:\/\/quando.com.vn\/?post_type=product&#038;p=7467"},"modified":"2025-09-03T15:55:17","modified_gmt":"2025-09-03T08:55:17","slug":"cam-bien-ph-sup-ph5015-nhiet-do-cao","status":"publish","type":"product","link":"https:\/\/quando.com.vn\/en\/product\/cam-bien-ph-sup-ph5015-nhiet-do-cao\/","title":{"rendered":"C\u1ea3m bi\u1ebfn pH th\u1ee7y tinh SUP-PH5015 \u2013 Ch\u1ecbu nhi\u1ec7t cao"},"content":{"rendered":"<p><strong>C\u1ea3m bi\u1ebfn pH th\u1ee7y tinh SUP-PH5015<\/strong> c\u1ee7a <a href=\"https:\/\/en.supmea.com\/ph-sensor-and-meter\/530\">Supmea<\/a> l\u00e0 c\u1ea3m bi\u1ebfn pH th\u1ee7y tinh ch\u1ea5t l\u01b0\u1ee3ng cao c\u1ee7a Supmea, \u0111\u01b0\u1ee3c thi\u1ebft k\u1ebf \u0111\u1ec3 ho\u1ea1t \u0111\u1ed9ng trong m\u00f4i tr\u01b0\u1eddng c\u00f4ng nghi\u1ec7p kh\u1eafc nghi\u1ec7t v\u1edbi kh\u1ea3 n\u0103ng ch\u1ecbu \u00e1p su\u1ea5t cao v\u00e0 nhi\u1ec7t \u0111\u1ed9 l\u00ean t\u1edbi 130\u2103. Thi\u1ebft b\u1ecb \u1ee9ng d\u1ee5ng c\u00f4ng ngh\u1ec7 \u0111i\u1ec7n m\u00f4i r\u1eafn ti\u00ean ti\u1ebfn c\u00f9ng m\u1ed1i n\u1ed1i l\u1ecfng PTFE di\u1ec7n t\u00edch l\u1edbn, gi\u00fap ch\u1ed1ng t\u1eafc ngh\u1ebdn v\u00e0 gi\u1ea3m thi\u1ec3u b\u1ea3o tr\u00ec.<\/p>\n<h3><strong>Th\u00f4ng s\u1ed1 k\u1ef9 thu\u1eadt:<\/strong><\/h3>\n<table>\n<tbody>\n<tr>\n<td>Product<\/td>\n<td>Glass pH sensor<\/td>\n<\/tr>\n<tr>\n<td>Model<\/td>\n<td>SUP-PH5015<\/td>\n<\/tr>\n<tr>\n<td>Measurement range<\/td>\n<td>0 ~ 14 pH<\/td>\n<\/tr>\n<tr>\n<td>Zero potential point<\/td>\n<td>7 \u00b1 0.5 pH<\/td>\n<\/tr>\n<tr>\n<td>Slope<\/td>\n<td>&gt; 98%<\/td>\n<\/tr>\n<tr>\n<td>Membrane resistance<\/td>\n<td>&lt;250\u039c\u03a9<\/td>\n<\/tr>\n<tr>\n<td>Practical response time<\/td>\n<td>&lt; 1 min<\/td>\n<\/tr>\n<tr>\n<td>Salt bridge<\/td>\n<td>Porous ceramic core \/ porous Teflon<\/td>\n<\/tr>\n<tr>\n<td>Installation size<\/td>\n<td>Pg13.5<\/td>\n<\/tr>\n<tr>\n<td>Heat resistance<\/td>\n<td>0 ~ 130\u2103<\/td>\n<\/tr>\n<tr>\n<td>Pressure resistance<\/td>\n<td>Up to 2.5 Bar at 25 \u2103<\/td>\n<\/tr>\n<tr>\n<td>Temperature compensation<\/td>\n<td>NTC 10 K \/ Pt100 \/ Pt1000<\/td>\n<\/tr>\n<\/tbody>\n<\/table>\n<h3><strong>\u01afu \u0111i\u1ec3m n\u1ed5i b\u1eadt:<\/strong><\/h3>\n<p>&#8211; \u0110i\u1ec7n m\u00f4i r\u1eafn v\u00e0 m\u1ed1i n\u1ed1i PTFE di\u1ec7n t\u00edch l\u1edbn, ch\u1ed1ng t\u1eafc, d\u1ec5 b\u1ea3o tr\u00ec<br \/>\n&#8211; \u0110\u01b0\u1eddng khu\u1ebfch t\u00e1n tham chi\u1ebfu d\u00e0i, t\u0103ng tu\u1ed5i th\u1ecd \u0111i\u1ec7n c\u1ef1c trong m\u00f4i tr\u01b0\u1eddng kh\u1eafc nghi\u1ec7t<br \/>\n&#8211; V\u1ecf PPS\/PC b\u1ec1n ch\u1eafc, l\u1eafp \u0111\u1eb7t d\u1ec5 d\u00e0ng, kh\u00f4ng c\u1ea7n sheath, ti\u1ebft ki\u1ec7m chi ph\u00ed<br \/>\n&#8211; D\u00e2y c\u00e1p ch\u1ed1ng nhi\u1ec5u ch\u1ea5t l\u01b0\u1ee3ng cao, truy\u1ec1n t\u00edn hi\u1ec7u tr\u00ean 40m m\u00e0 kh\u00f4ng suy hao<br \/>\n&#8211; Kh\u00f4ng c\u1ea7n b\u1ed5 sung \u0111i\u1ec7n m\u00f4i, gi\u1ea3m thi\u1ec3u b\u1ea3o d\u01b0\u1ee1ng<br \/>\n&#8211; \u0110\u1ed9 ch\u00ednh x\u00e1c cao, ph\u1ea3n h\u1ed3i nhanh, \u0111\u1ed9 l\u1eb7p l\u1ea1i t\u1ed1t<br \/>\n&#8211; \u0110i\u1ec7n c\u1ef1c tham chi\u1ebfu b\u1ea1c Ag\/AgCl ch\u1ed1ng nhi\u1ec5u, k\u00e9o d\u00e0i tu\u1ed5i th\u1ecd<\/p>\n<h3><strong>H\u01b0\u1edbng d\u1eabn l\u1eafp \u0111\u1eb7t:<\/strong><\/h3>\n<p>&#8211; C\u00f3 th\u1ec3 l\u1eafp c\u1ea3m bi\u1ebfn pH th\u1ee7y tinh SUP-PH5015 ngang ho\u1eb7c d\u1ecdc v\u00e0o b\u1ec3 ph\u1ea3n \u1ee9ng ho\u1eb7c \u0111\u01b0\u1eddng \u1ed1ng<br \/>\n&#8211; N\u00ean tr\u00e1nh d\u00f2ng ch\u1ea3y tr\u1ef1c ti\u1ebfp v\u00e0 qu\u00e1 m\u1ea1nh v\u00e0o \u0111\u1ea7u \u0111i\u1ec7n c\u1ef1c \u0111\u1ec3 t\u0103ng tu\u1ed5i th\u1ecd<\/p>\n<p><img loading=\"lazy\" class=\"aligncenter size-full wp-image-7468\" src=\"https:\/\/quando.com.vn\/wp-content\/uploads\/2025\/09\/PH-5015-Glass-pH-sensor_High-Temp-content.webp\" alt=\"PH-5015 Glass pH sensor_High Temperature\" width=\"800\" height=\"809\" srcset=\"https:\/\/quando.com.vn\/wp-content\/uploads\/2025\/09\/PH-5015-Glass-pH-sensor_High-Temp-content.webp 800w, https:\/\/quando.com.vn\/wp-content\/uploads\/2025\/09\/PH-5015-Glass-pH-sensor_High-Temp-content-297x300.webp 297w, https:\/\/quando.com.vn\/wp-content\/uploads\/2025\/09\/PH-5015-Glass-pH-sensor_High-Temp-content-768x777.webp 768w, https:\/\/quando.com.vn\/wp-content\/uploads\/2025\/09\/PH-5015-Glass-pH-sensor_High-Temp-content-12x12.webp 12w, https:\/\/quando.com.vn\/wp-content\/uploads\/2025\/09\/PH-5015-Glass-pH-sensor_High-Temp-content-300x303.webp 300w, https:\/\/quando.com.vn\/wp-content\/uploads\/2025\/09\/PH-5015-Glass-pH-sensor_High-Temp-content-100x100.webp 100w\" sizes=\"(max-width: 800px) 100vw, 800px\" \/><\/p>","protected":false},"excerpt":{"rendered":"<p>&#8211; D\u1ea3i \u0111o 0\u201314 pH ch\u00ednh x\u00e1c<br \/>\n&#8211; \u0110i\u1ec3m zero 7 \u00b1 0.5 pH<br \/>\n&#8211; L\u1eafp Pg13.5, ren 3\/4NPT<br \/>\n&#8211; \u00c1p su\u1ea5t t\u1edbi 6 bar t\u1ea1i 25\u2103<br \/>\n&#8211; Nhi\u1ec7t \u0111\u1ed9 l\u00e0m vi\u1ec7c 0\u2013130\u2103<\/p>","protected":false},"featured_media":7403,"template":"","meta":[],"product_cat":[543,544,531,533],"product_tag":[],"acf":[],"yoast_head":"<!-- This site is optimized with the Yoast SEO Premium plugin v18.4 (Yoast SEO v18.6) - https:\/\/yoast.com\/wordpress\/plugins\/seo\/ -->\n<title>C\u1ea3m bi\u1ebfn pH th\u1ee7y tinh SUP-PH5015 \u2013 Ch\u1ecbu nhi\u1ec7t cao - QUANDO<\/title>\n<meta name=\"description\" content=\"C\u1ea3m bi\u1ebfn pH th\u1ee7y tinh SUP-PH5015, d\u1ea3i \u0111o 0\u201314 pH, ch\u1ecbu \u00e1p su\u1ea5t 6 bar v\u00e0 nhi\u1ec7t \u0111\u1ed9 t\u1edbi 130\u2103, ph\u00f9 h\u1ee3p m\u00f4i tr\u01b0\u1eddng c\u00f4ng nghi\u1ec7p kh\u1eafc nghi\u1ec7t...\" \/>\n<meta name=\"robots\" content=\"index, follow, max-snippet:-1, max-image-preview:large, max-video-preview:-1\" \/>\n<link rel=\"canonical\" href=\"https:\/\/quando.com.vn\/en\/product\/cam-bien-ph-sup-ph5015-nhiet-do-cao\/\" \/>\n<meta property=\"og:locale\" content=\"en_US\" \/>\n<meta property=\"og:type\" content=\"article\" \/>\n<meta property=\"og:title\" content=\"C\u1ea3m bi\u1ebfn pH th\u1ee7y tinh SUP-PH5015 \u2013 Ch\u1ecbu nhi\u1ec7t cao\" \/>\n<meta property=\"og:description\" content=\"C\u1ea3m bi\u1ebfn pH th\u1ee7y tinh SUP-PH5015, d\u1ea3i \u0111o 0\u201314 pH, ch\u1ecbu \u00e1p su\u1ea5t 6 bar v\u00e0 nhi\u1ec7t \u0111\u1ed9 t\u1edbi 130\u2103, ph\u00f9 h\u1ee3p m\u00f4i tr\u01b0\u1eddng c\u00f4ng nghi\u1ec7p kh\u1eafc nghi\u1ec7t...\" \/>\n<meta property=\"og:url\" content=\"https:\/\/quando.com.vn\/en\/product\/cam-bien-ph-sup-ph5015-nhiet-do-cao\/\" \/>\n<meta property=\"og:site_name\" content=\"QUANDO\" \/>\n<meta property=\"article:modified_time\" content=\"2025-09-03T08:55:17+00:00\" \/>\n<meta name=\"twitter:card\" content=\"summary_large_image\" \/>\n<meta name=\"twitter:image\" content=\"https:\/\/quando.com.vn\/wp-content\/uploads\/2025\/08\/PH-5015-Glass-pH-sensor_High-Temp.webp\" \/>\n<meta name=\"twitter:label1\" content=\"Est. reading time\" \/>\n\t<meta name=\"twitter:data1\" content=\"2 minutes\" \/>\n<script type=\"application\/ld+json\" class=\"yoast-schema-graph\">{\"@context\":\"https:\/\/schema.org\",\"@graph\":[{\"@type\":\"WebSite\",\"@id\":\"https:\/\/quando.com.vn\/en\/#website\",\"url\":\"https:\/\/quando.com.vn\/en\/\",\"name\":\"QUANDO\",\"description\":\"\",\"potentialAction\":[{\"@type\":\"SearchAction\",\"target\":{\"@type\":\"EntryPoint\",\"urlTemplate\":\"https:\/\/quando.com.vn\/en\/?s={search_term_string}\"},\"query-input\":\"required name=search_term_string\"}],\"inLanguage\":\"en-US\"},{\"@type\":\"ImageObject\",\"@id\":\"https:\/\/quando.com.vn\/san-pham\/cam-bien-ph-sup-ph5015-nhiet-do-cao\/#primaryimage\",\"inLanguage\":\"en-US\",\"url\":\"https:\/\/quando.com.vn\/wp-content\/uploads\/2025\/08\/PH-5015-Glass-pH-sensor_High-Temp.webp\",\"contentUrl\":\"https:\/\/quando.com.vn\/wp-content\/uploads\/2025\/08\/PH-5015-Glass-pH-sensor_High-Temp.webp\",\"width\":800,\"height\":800,\"caption\":\"PH-5015 Glass pH sensor_High Temperature\"},{\"@type\":\"WebPage\",\"@id\":\"https:\/\/quando.com.vn\/san-pham\/cam-bien-ph-sup-ph5015-nhiet-do-cao\/#webpage\",\"url\":\"https:\/\/quando.com.vn\/san-pham\/cam-bien-ph-sup-ph5015-nhiet-do-cao\/\",\"name\":\"C\u1ea3m bi\u1ebfn pH th\u1ee7y tinh SUP-PH5015 \u2013 Ch\u1ecbu nhi\u1ec7t cao - QUANDO\",\"isPartOf\":{\"@id\":\"https:\/\/quando.com.vn\/en\/#website\"},\"primaryImageOfPage\":{\"@id\":\"https:\/\/quando.com.vn\/san-pham\/cam-bien-ph-sup-ph5015-nhiet-do-cao\/#primaryimage\"},\"datePublished\":\"2025-09-03T08:35:02+00:00\",\"dateModified\":\"2025-09-03T08:55:17+00:00\",\"description\":\"C\u1ea3m bi\u1ebfn pH th\u1ee7y tinh SUP-PH5015, d\u1ea3i \u0111o 0\u201314 pH, ch\u1ecbu \u00e1p su\u1ea5t 6 bar v\u00e0 nhi\u1ec7t \u0111\u1ed9 t\u1edbi 130\u2103, ph\u00f9 h\u1ee3p m\u00f4i tr\u01b0\u1eddng c\u00f4ng nghi\u1ec7p kh\u1eafc nghi\u1ec7t...\",\"breadcrumb\":{\"@id\":\"https:\/\/quando.com.vn\/san-pham\/cam-bien-ph-sup-ph5015-nhiet-do-cao\/#breadcrumb\"},\"inLanguage\":\"en-US\",\"potentialAction\":[{\"@type\":\"ReadAction\",\"target\":[\"https:\/\/quando.com.vn\/san-pham\/cam-bien-ph-sup-ph5015-nhiet-do-cao\/\"]}]},{\"@type\":\"BreadcrumbList\",\"@id\":\"https:\/\/quando.com.vn\/san-pham\/cam-bien-ph-sup-ph5015-nhiet-do-cao\/#breadcrumb\",\"itemListElement\":[{\"@type\":\"ListItem\",\"position\":1,\"name\":\"Trang ch\u1ee7\",\"item\":\"https:\/\/quando.com.vn\/\"},{\"@type\":\"ListItem\",\"position\":2,\"name\":\"S\u1ea3n ph\u1ea9m\",\"item\":\"https:\/\/quando.com.vn\/san-pham\/\"},{\"@type\":\"ListItem\",\"position\":3,\"name\":\"C\u1ea3m bi\u1ebfn pH th\u1ee7y tinh SUP-PH5015 \u2013 Ch\u1ecbu nhi\u1ec7t cao\"}]}]}<\/script>\n<!-- \/ Yoast SEO Premium plugin. -->","yoast_head_json":{"title":"C\u1ea3m bi\u1ebfn pH th\u1ee7y tinh SUP-PH5015 \u2013 Ch\u1ecbu nhi\u1ec7t cao - QUANDO","description":"C\u1ea3m bi\u1ebfn pH th\u1ee7y tinh SUP-PH5015, d\u1ea3i \u0111o 0\u201314 pH, ch\u1ecbu \u00e1p su\u1ea5t 6 bar v\u00e0 nhi\u1ec7t \u0111\u1ed9 t\u1edbi 130\u2103, ph\u00f9 h\u1ee3p m\u00f4i tr\u01b0\u1eddng c\u00f4ng nghi\u1ec7p kh\u1eafc nghi\u1ec7t...","robots":{"index":"index","follow":"follow","max-snippet":"max-snippet:-1","max-image-preview":"max-image-preview:large","max-video-preview":"max-video-preview:-1"},"canonical":"https:\/\/quando.com.vn\/en\/product\/cam-bien-ph-sup-ph5015-nhiet-do-cao\/","og_locale":"en_US","og_type":"article","og_title":"C\u1ea3m bi\u1ebfn pH th\u1ee7y tinh SUP-PH5015 \u2013 Ch\u1ecbu nhi\u1ec7t cao","og_description":"C\u1ea3m bi\u1ebfn pH th\u1ee7y tinh SUP-PH5015, d\u1ea3i \u0111o 0\u201314 pH, ch\u1ecbu \u00e1p su\u1ea5t 6 bar v\u00e0 nhi\u1ec7t \u0111\u1ed9 t\u1edbi 130\u2103, ph\u00f9 h\u1ee3p m\u00f4i tr\u01b0\u1eddng c\u00f4ng nghi\u1ec7p kh\u1eafc nghi\u1ec7t...","og_url":"https:\/\/quando.com.vn\/en\/product\/cam-bien-ph-sup-ph5015-nhiet-do-cao\/","og_site_name":"QUANDO","article_modified_time":"2025-09-03T08:55:17+00:00","twitter_card":"summary_large_image","twitter_image":"https:\/\/quando.com.vn\/wp-content\/uploads\/2025\/08\/PH-5015-Glass-pH-sensor_High-Temp.webp","twitter_misc":{"Est. reading time":"2 minutes"},"schema":{"@context":"https:\/\/schema.org","@graph":[{"@type":"WebSite","@id":"https:\/\/quando.com.vn\/en\/#website","url":"https:\/\/quando.com.vn\/en\/","name":"QUANDO","description":"","potentialAction":[{"@type":"SearchAction","target":{"@type":"EntryPoint","urlTemplate":"https:\/\/quando.com.vn\/en\/?s={search_term_string}"},"query-input":"required name=search_term_string"}],"inLanguage":"en-US"},{"@type":"ImageObject","@id":"https:\/\/quando.com.vn\/san-pham\/cam-bien-ph-sup-ph5015-nhiet-do-cao\/#primaryimage","inLanguage":"en-US","url":"https:\/\/quando.com.vn\/wp-content\/uploads\/2025\/08\/PH-5015-Glass-pH-sensor_High-Temp.webp","contentUrl":"https:\/\/quando.com.vn\/wp-content\/uploads\/2025\/08\/PH-5015-Glass-pH-sensor_High-Temp.webp","width":800,"height":800,"caption":"PH-5015 Glass pH sensor_High Temperature"},{"@type":"WebPage","@id":"https:\/\/quando.com.vn\/san-pham\/cam-bien-ph-sup-ph5015-nhiet-do-cao\/#webpage","url":"https:\/\/quando.com.vn\/san-pham\/cam-bien-ph-sup-ph5015-nhiet-do-cao\/","name":"C\u1ea3m bi\u1ebfn pH th\u1ee7y tinh SUP-PH5015 \u2013 Ch\u1ecbu nhi\u1ec7t cao - QUANDO","isPartOf":{"@id":"https:\/\/quando.com.vn\/en\/#website"},"primaryImageOfPage":{"@id":"https:\/\/quando.com.vn\/san-pham\/cam-bien-ph-sup-ph5015-nhiet-do-cao\/#primaryimage"},"datePublished":"2025-09-03T08:35:02+00:00","dateModified":"2025-09-03T08:55:17+00:00","description":"C\u1ea3m bi\u1ebfn pH th\u1ee7y tinh SUP-PH5015, d\u1ea3i \u0111o 0\u201314 pH, ch\u1ecbu \u00e1p su\u1ea5t 6 bar v\u00e0 nhi\u1ec7t \u0111\u1ed9 t\u1edbi 130\u2103, ph\u00f9 h\u1ee3p m\u00f4i tr\u01b0\u1eddng c\u00f4ng nghi\u1ec7p kh\u1eafc nghi\u1ec7t...","breadcrumb":{"@id":"https:\/\/quando.com.vn\/san-pham\/cam-bien-ph-sup-ph5015-nhiet-do-cao\/#breadcrumb"},"inLanguage":"en-US","potentialAction":[{"@type":"ReadAction","target":["https:\/\/quando.com.vn\/san-pham\/cam-bien-ph-sup-ph5015-nhiet-do-cao\/"]}]},{"@type":"BreadcrumbList","@id":"https:\/\/quando.com.vn\/san-pham\/cam-bien-ph-sup-ph5015-nhiet-do-cao\/#breadcrumb","itemListElement":[{"@type":"ListItem","position":1,"name":"Trang ch\u1ee7","item":"https:\/\/quando.com.vn\/"},{"@type":"ListItem","position":2,"name":"S\u1ea3n ph\u1ea9m","item":"https:\/\/quando.com.vn\/san-pham\/"},{"@type":"ListItem","position":3,"name":"C\u1ea3m bi\u1ebfn pH th\u1ee7y tinh SUP-PH5015 \u2013 Ch\u1ecbu nhi\u1ec7t cao"}]}]}},"_links":{"self":[{"href":"https:\/\/quando.com.vn\/en\/wp-json\/wp\/v2\/product\/7467"}],"collection":[{"href":"https:\/\/quando.com.vn\/en\/wp-json\/wp\/v2\/product"}],"about":[{"href":"https:\/\/quando.com.vn\/en\/wp-json\/wp\/v2\/types\/product"}],"wp:featuredmedia":[{"embeddable":true,"href":"https:\/\/quando.com.vn\/en\/wp-json\/wp\/v2\/media\/7403"}],"wp:attachment":[{"href":"https:\/\/quando.com.vn\/en\/wp-json\/wp\/v2\/media?parent=7467"}],"wp:term":[{"taxonomy":"product_cat","embeddable":true,"href":"https:\/\/quando.com.vn\/en\/wp-json\/wp\/v2\/product_cat?post=7467"},{"taxonomy":"product_tag","embeddable":true,"href":"https:\/\/quando.com.vn\/en\/wp-json\/wp\/v2\/product_tag?post=7467"}],"curies":[{"name":"wp","href":"https:\/\/api.w.org\/{rel}","templated":true}]}}