{"id":7444,"date":"2025-08-27T14:30:35","date_gmt":"2025-08-27T07:30:35","guid":{"rendered":"https:\/\/quando.com.vn\/?post_type=product&#038;p=7444"},"modified":"2025-08-27T14:57:37","modified_gmt":"2025-08-27T07:57:37","slug":"bo-chuyen-doi-tin-hieu-nhiet-do-co-cach-ly-sup-603s-supmea","status":"publish","type":"product","link":"https:\/\/quando.com.vn\/en\/product\/bo-chuyen-doi-tin-hieu-nhiet-do-co-cach-ly-sup-603s-supmea\/","title":{"rendered":"Chuy\u1ec3n \u0111\u1ed5i nhi\u1ec7t \u0111\u1ed9 sang d\u00f2ng \u0111i\u1ec7n \u0111i\u1ec7n \u00e1p SUP-603S"},"content":{"rendered":"<p><strong>Chuy\u1ec3n \u0111\u1ed5i nhi\u1ec7t \u0111\u1ed9 sang d\u00f2ng \u0111i\u1ec7n \u0111i\u1ec7n \u00e1p SUP-603S <\/strong>c\u1ee7a <a href=\"https:\/\/en.supmea.com\/signal-isolator\/603s-signal-isolator\">Supmea<\/a>\u00a0l\u00e0 b\u1ed9 c\u00e1ch ly t\u00edn hi\u1ec7u th\u00f4ng minh d\u00f9ng cho c\u00e1c h\u1ec7 th\u1ed1ng \u0111i\u1ec1u khi\u1ec3n t\u1ef1 \u0111\u1ed9ng. Thi\u1ebft b\u1ecb cho ph\u00e9p bi\u1ebfn \u0111\u1ed5i, ph\u00e2n ph\u1ed1i, c\u00e1ch ly v\u00e0 truy\u1ec1n t\u1ea3i t\u00edn hi\u1ec7u nhi\u1ec7t \u0111\u1ed9 t\u1eeb nhi\u1ec1u lo\u1ea1i c\u1ea3m bi\u1ebfn c\u00f4ng nghi\u1ec7p, \u0111\u1ea3m b\u1ea3o t\u00edn hi\u1ec7u \u1ed5n \u0111\u1ecbnh, ch\u00ednh x\u00e1c v\u00e0 an to\u00e0n khi t\u00edch h\u1ee3p v\u1edbi SCADA, PLC hay c\u00e1c h\u1ec7 th\u1ed1ng gi\u00e1m s\u00e1t t\u1eeb xa.<\/p>\n<p><img loading=\"lazy\" class=\"aligncenter size-full wp-image-7449\" src=\"https:\/\/quando.com.vn\/wp-content\/uploads\/2025\/08\/SUP-603S-Temperature-Isolator_Wiring.png\" alt=\"SUP-603S Temperature Isolator_Wiring\" width=\"1698\" height=\"634\" srcset=\"https:\/\/quando.com.vn\/wp-content\/uploads\/2025\/08\/SUP-603S-Temperature-Isolator_Wiring.png 1698w, https:\/\/quando.com.vn\/wp-content\/uploads\/2025\/08\/SUP-603S-Temperature-Isolator_Wiring-300x112.png 300w, https:\/\/quando.com.vn\/wp-content\/uploads\/2025\/08\/SUP-603S-Temperature-Isolator_Wiring-1024x382.png 1024w, https:\/\/quando.com.vn\/wp-content\/uploads\/2025\/08\/SUP-603S-Temperature-Isolator_Wiring-768x287.png 768w, https:\/\/quando.com.vn\/wp-content\/uploads\/2025\/08\/SUP-603S-Temperature-Isolator_Wiring-1536x574.png 1536w, https:\/\/quando.com.vn\/wp-content\/uploads\/2025\/08\/SUP-603S-Temperature-Isolator_Wiring-18x7.png 18w\" sizes=\"(max-width: 1698px) 100vw, 1698px\" \/><\/p>\n<h3><strong>Th\u00f4ng s\u1ed1 k\u1ef9 thu\u1eadt:<\/strong><\/h3>\n<p>&#8211; \u0110\u1ea7u v\u00e0o:<br \/>\n+ C\u1eb7p nhi\u1ec7t \u0111i\u1ec7n (Thermocouple): K, E, S, B, J, T, R, N, WRe3-WRe25, WRe5-WRe26&#8230;<br \/>\n+ \u0110i\u1ec7n tr\u1edf nhi\u1ec7t (RTD): Pt100, Cu50, Cu100, BA1, BA2&#8230; (h\u1ec7 hai d\u00e2y \/ ba d\u00e2y)<br \/>\n&#8211; \u0110\u1ea7u ra:<br \/>\n+ D\u00f2ng: 0(4)\u201320mA, 0\u201310mA<br \/>\n+ \u0110i\u1ec7n \u00e1p: 0(1)\u20135V, 0\u201310V<br \/>\n&#8211; G\u1ee3n s\u00f3ng ng\u00f5 ra: &lt;5mV rms (t\u1ea3i 250\u03a9)<br \/>\n&#8211; \u0110\u1ed9 ch\u00ednh x\u00e1c c\u00e1ch ly: cao (25\u2103 \u00b12\u2103, kh\u00f4ng t\u00ednh b\u00f9 m\u1ed1i l\u1ea1nh)<br \/>\n&#8211; Th\u1eddi gian \u0111\u00e1p \u1ee9ng: \u22640.5s<\/p>\n<h3><strong>\u1ee8ng d\u1ee5ng:<\/strong><\/h3>\n<p>&#8211; \u0110o l\u01b0\u1eddng v\u00e0 c\u00e1ch ly t\u00edn hi\u1ec7u nhi\u1ec7t \u0111\u1ed9 trong h\u1ec7 th\u1ed1ng c\u00f4ng nghi\u1ec7p<br \/>\n&#8211; Gi\u00e1m s\u00e1t v\u00e0 \u0111i\u1ec1u khi\u1ec3n quy tr\u00ecnh nhi\u1ec7t trong h\u00f3a ch\u1ea5t, luy\u1ec7n kim, d\u1ea7u kh\u00ed<br \/>\n&#8211; T\u00edch h\u1ee3p SCADA, PLC \u0111\u1ec3 thu th\u1eadp d\u1eef li\u1ec7u v\u00e0 gi\u00e1m s\u00e1t t\u1eeb xa<br \/>\n&#8211; C\u00e1c \u1ee9ng d\u1ee5ng y\u00eau c\u1ea7u \u0111\u1ed9 ch\u00ednh x\u00e1c v\u00e0 \u0111\u1ed9 tin c\u1eady cao<\/p>\n<p><strong>Chuy\u1ec3n \u0111\u1ed5i nhi\u1ec7t \u0111\u1ed9 sang d\u00f2ng \u0111i\u1ec7n \u0111i\u1ec7n \u00e1p SUP-603S<\/strong> l\u00e0 gi\u1ea3i ph\u00e1p l\u00fd t\u01b0\u1edfng cho c\u00e1c \u1ee9ng d\u1ee5ng c\u00f4ng nghi\u1ec7p c\u1ea7n \u0111o v\u00e0 c\u00e1ch ly t\u00edn hi\u1ec7u nhi\u1ec7t \u0111\u1ed9 ch\u00ednh x\u00e1c, \u1ed5n \u0111\u1ecbnh, \u0111\u1ea3m b\u1ea3o an to\u00e0n v\u00e0 hi\u1ec7u qu\u1ea3 l\u00e2u d\u00e0i.<\/p>","protected":false},"excerpt":{"rendered":"<p data-start=\"659\" data-end=\"690\">&#8211; \u0110\u1ea7u v\u00e0o TC\/RTD \u0111a d\u1ea1ng<br \/>\n&#8211; Ng\u00f5 ra 0\/4\u201320mA, 0\u201310V<br \/>\n&#8211; \u0110\u00e1p \u1ee9ng nhanh \u22640.5s<br \/>\n&#8211; G\u1ee3n s\u00f3ng ng\u00f5 ra &lt;5mV<br \/>\n&#8211; \u0110\u1ed9 ch\u00ednh x\u00e1c cao, \u1ed5n \u0111\u1ecbnh<\/p>","protected":false},"featured_media":7445,"template":"","meta":[],"product_cat":[545,541],"product_tag":[],"acf":[],"yoast_head":"<!-- This site is optimized with the Yoast SEO Premium plugin v18.4 (Yoast SEO v18.6) - https:\/\/yoast.com\/wordpress\/plugins\/seo\/ -->\n<title>Chuy\u1ec3n \u0111\u1ed5i nhi\u1ec7t \u0111\u1ed9 sang d\u00f2ng \u0111i\u1ec7n \u0111i\u1ec7n \u00e1p SUP-603S - QUANDO<\/title>\n<meta name=\"description\" content=\"Chuy\u1ec3n \u0111\u1ed5i nhi\u1ec7t \u0111\u1ed9 sang d\u00f2ng \u0111i\u1ec7n \u0111i\u1ec7n \u00e1p SUP-603S \u0111\u1ea7u v\u00e0o TC\/RTD, ng\u00f5 ra d\u00f2ng\/\u00e1p chu\u1ea9n, \u0111\u00e1p \u1ee9ng nhanh \u22640.5s, \u0111\u1ed9 ch\u00ednh x\u00e1c cao\" \/>\n<meta name=\"robots\" content=\"index, follow, max-snippet:-1, max-image-preview:large, max-video-preview:-1\" \/>\n<link rel=\"canonical\" href=\"https:\/\/quando.com.vn\/en\/product\/bo-chuyen-doi-tin-hieu-nhiet-do-co-cach-ly-sup-603s-supmea\/\" \/>\n<meta property=\"og:locale\" content=\"en_US\" \/>\n<meta property=\"og:type\" content=\"article\" \/>\n<meta property=\"og:title\" content=\"Chuy\u1ec3n \u0111\u1ed5i nhi\u1ec7t \u0111\u1ed9 sang d\u00f2ng \u0111i\u1ec7n \u0111i\u1ec7n \u00e1p SUP-603S\" \/>\n<meta property=\"og:description\" content=\"Chuy\u1ec3n \u0111\u1ed5i nhi\u1ec7t \u0111\u1ed9 sang d\u00f2ng \u0111i\u1ec7n \u0111i\u1ec7n \u00e1p SUP-603S \u0111\u1ea7u v\u00e0o TC\/RTD, ng\u00f5 ra d\u00f2ng\/\u00e1p chu\u1ea9n, \u0111\u00e1p \u1ee9ng nhanh \u22640.5s, \u0111\u1ed9 ch\u00ednh x\u00e1c cao\" \/>\n<meta property=\"og:url\" content=\"https:\/\/quando.com.vn\/en\/product\/bo-chuyen-doi-tin-hieu-nhiet-do-co-cach-ly-sup-603s-supmea\/\" \/>\n<meta property=\"og:site_name\" content=\"QUANDO\" \/>\n<meta property=\"article:modified_time\" content=\"2025-08-27T07:57:37+00:00\" \/>\n<meta name=\"twitter:card\" content=\"summary_large_image\" \/>\n<meta name=\"twitter:image\" content=\"https:\/\/quando.com.vn\/wp-content\/uploads\/2025\/08\/SUP-603S-Temperature-Isolator.webp\" \/>\n<meta name=\"twitter:label1\" content=\"Est. reading time\" \/>\n\t<meta name=\"twitter:data1\" content=\"2 minutes\" \/>\n<script type=\"application\/ld+json\" class=\"yoast-schema-graph\">{\"@context\":\"https:\/\/schema.org\",\"@graph\":[{\"@type\":\"WebSite\",\"@id\":\"https:\/\/quando.com.vn\/en\/#website\",\"url\":\"https:\/\/quando.com.vn\/en\/\",\"name\":\"QUANDO\",\"description\":\"\",\"potentialAction\":[{\"@type\":\"SearchAction\",\"target\":{\"@type\":\"EntryPoint\",\"urlTemplate\":\"https:\/\/quando.com.vn\/en\/?s={search_term_string}\"},\"query-input\":\"required name=search_term_string\"}],\"inLanguage\":\"en-US\"},{\"@type\":\"ImageObject\",\"@id\":\"https:\/\/quando.com.vn\/san-pham\/bo-chuyen-doi-tin-hieu-nhiet-do-co-cach-ly-sup-603s-supmea\/#primaryimage\",\"inLanguage\":\"en-US\",\"url\":\"https:\/\/quando.com.vn\/wp-content\/uploads\/2025\/08\/SUP-603S-Temperature-Isolator.webp\",\"contentUrl\":\"https:\/\/quando.com.vn\/wp-content\/uploads\/2025\/08\/SUP-603S-Temperature-Isolator.webp\",\"width\":800,\"height\":800,\"caption\":\"B\u1ed9 chuy\u1ec3n \u0111\u1ed5i t\u00edn hi\u1ec7u nhi\u1ec7t \u0111\u1ed9 SUP-603S\"},{\"@type\":\"WebPage\",\"@id\":\"https:\/\/quando.com.vn\/san-pham\/bo-chuyen-doi-tin-hieu-nhiet-do-co-cach-ly-sup-603s-supmea\/#webpage\",\"url\":\"https:\/\/quando.com.vn\/san-pham\/bo-chuyen-doi-tin-hieu-nhiet-do-co-cach-ly-sup-603s-supmea\/\",\"name\":\"Chuy\u1ec3n \u0111\u1ed5i nhi\u1ec7t \u0111\u1ed9 sang d\u00f2ng \u0111i\u1ec7n \u0111i\u1ec7n \u00e1p SUP-603S - QUANDO\",\"isPartOf\":{\"@id\":\"https:\/\/quando.com.vn\/en\/#website\"},\"primaryImageOfPage\":{\"@id\":\"https:\/\/quando.com.vn\/san-pham\/bo-chuyen-doi-tin-hieu-nhiet-do-co-cach-ly-sup-603s-supmea\/#primaryimage\"},\"datePublished\":\"2025-08-27T07:30:35+00:00\",\"dateModified\":\"2025-08-27T07:57:37+00:00\",\"description\":\"Chuy\u1ec3n \u0111\u1ed5i nhi\u1ec7t \u0111\u1ed9 sang d\u00f2ng \u0111i\u1ec7n \u0111i\u1ec7n \u00e1p SUP-603S \u0111\u1ea7u v\u00e0o TC\/RTD, ng\u00f5 ra d\u00f2ng\/\u00e1p chu\u1ea9n, \u0111\u00e1p \u1ee9ng nhanh \u22640.5s, \u0111\u1ed9 ch\u00ednh x\u00e1c cao\",\"breadcrumb\":{\"@id\":\"https:\/\/quando.com.vn\/san-pham\/bo-chuyen-doi-tin-hieu-nhiet-do-co-cach-ly-sup-603s-supmea\/#breadcrumb\"},\"inLanguage\":\"en-US\",\"potentialAction\":[{\"@type\":\"ReadAction\",\"target\":[\"https:\/\/quando.com.vn\/san-pham\/bo-chuyen-doi-tin-hieu-nhiet-do-co-cach-ly-sup-603s-supmea\/\"]}]},{\"@type\":\"BreadcrumbList\",\"@id\":\"https:\/\/quando.com.vn\/san-pham\/bo-chuyen-doi-tin-hieu-nhiet-do-co-cach-ly-sup-603s-supmea\/#breadcrumb\",\"itemListElement\":[{\"@type\":\"ListItem\",\"position\":1,\"name\":\"Trang ch\u1ee7\",\"item\":\"https:\/\/quando.com.vn\/\"},{\"@type\":\"ListItem\",\"position\":2,\"name\":\"S\u1ea3n ph\u1ea9m\",\"item\":\"https:\/\/quando.com.vn\/san-pham\/\"},{\"@type\":\"ListItem\",\"position\":3,\"name\":\"Chuy\u1ec3n \u0111\u1ed5i nhi\u1ec7t \u0111\u1ed9 sang d\u00f2ng \u0111i\u1ec7n \u0111i\u1ec7n \u00e1p SUP-603S\"}]}]}<\/script>\n<!-- \/ Yoast SEO Premium plugin. -->","yoast_head_json":{"title":"Chuy\u1ec3n \u0111\u1ed5i nhi\u1ec7t \u0111\u1ed9 sang d\u00f2ng \u0111i\u1ec7n \u0111i\u1ec7n \u00e1p SUP-603S - QUANDO","description":"Chuy\u1ec3n \u0111\u1ed5i nhi\u1ec7t \u0111\u1ed9 sang d\u00f2ng \u0111i\u1ec7n \u0111i\u1ec7n \u00e1p SUP-603S \u0111\u1ea7u v\u00e0o TC\/RTD, ng\u00f5 ra d\u00f2ng\/\u00e1p chu\u1ea9n, \u0111\u00e1p \u1ee9ng nhanh \u22640.5s, \u0111\u1ed9 ch\u00ednh x\u00e1c cao","robots":{"index":"index","follow":"follow","max-snippet":"max-snippet:-1","max-image-preview":"max-image-preview:large","max-video-preview":"max-video-preview:-1"},"canonical":"https:\/\/quando.com.vn\/en\/product\/bo-chuyen-doi-tin-hieu-nhiet-do-co-cach-ly-sup-603s-supmea\/","og_locale":"en_US","og_type":"article","og_title":"Chuy\u1ec3n \u0111\u1ed5i nhi\u1ec7t \u0111\u1ed9 sang d\u00f2ng \u0111i\u1ec7n \u0111i\u1ec7n \u00e1p SUP-603S","og_description":"Chuy\u1ec3n \u0111\u1ed5i nhi\u1ec7t \u0111\u1ed9 sang d\u00f2ng \u0111i\u1ec7n \u0111i\u1ec7n \u00e1p SUP-603S \u0111\u1ea7u v\u00e0o TC\/RTD, ng\u00f5 ra d\u00f2ng\/\u00e1p chu\u1ea9n, \u0111\u00e1p \u1ee9ng nhanh \u22640.5s, \u0111\u1ed9 ch\u00ednh x\u00e1c cao","og_url":"https:\/\/quando.com.vn\/en\/product\/bo-chuyen-doi-tin-hieu-nhiet-do-co-cach-ly-sup-603s-supmea\/","og_site_name":"QUANDO","article_modified_time":"2025-08-27T07:57:37+00:00","twitter_card":"summary_large_image","twitter_image":"https:\/\/quando.com.vn\/wp-content\/uploads\/2025\/08\/SUP-603S-Temperature-Isolator.webp","twitter_misc":{"Est. reading time":"2 minutes"},"schema":{"@context":"https:\/\/schema.org","@graph":[{"@type":"WebSite","@id":"https:\/\/quando.com.vn\/en\/#website","url":"https:\/\/quando.com.vn\/en\/","name":"QUANDO","description":"","potentialAction":[{"@type":"SearchAction","target":{"@type":"EntryPoint","urlTemplate":"https:\/\/quando.com.vn\/en\/?s={search_term_string}"},"query-input":"required name=search_term_string"}],"inLanguage":"en-US"},{"@type":"ImageObject","@id":"https:\/\/quando.com.vn\/san-pham\/bo-chuyen-doi-tin-hieu-nhiet-do-co-cach-ly-sup-603s-supmea\/#primaryimage","inLanguage":"en-US","url":"https:\/\/quando.com.vn\/wp-content\/uploads\/2025\/08\/SUP-603S-Temperature-Isolator.webp","contentUrl":"https:\/\/quando.com.vn\/wp-content\/uploads\/2025\/08\/SUP-603S-Temperature-Isolator.webp","width":800,"height":800,"caption":"B\u1ed9 chuy\u1ec3n \u0111\u1ed5i t\u00edn hi\u1ec7u nhi\u1ec7t \u0111\u1ed9 SUP-603S"},{"@type":"WebPage","@id":"https:\/\/quando.com.vn\/san-pham\/bo-chuyen-doi-tin-hieu-nhiet-do-co-cach-ly-sup-603s-supmea\/#webpage","url":"https:\/\/quando.com.vn\/san-pham\/bo-chuyen-doi-tin-hieu-nhiet-do-co-cach-ly-sup-603s-supmea\/","name":"Chuy\u1ec3n \u0111\u1ed5i nhi\u1ec7t \u0111\u1ed9 sang d\u00f2ng \u0111i\u1ec7n \u0111i\u1ec7n \u00e1p SUP-603S - QUANDO","isPartOf":{"@id":"https:\/\/quando.com.vn\/en\/#website"},"primaryImageOfPage":{"@id":"https:\/\/quando.com.vn\/san-pham\/bo-chuyen-doi-tin-hieu-nhiet-do-co-cach-ly-sup-603s-supmea\/#primaryimage"},"datePublished":"2025-08-27T07:30:35+00:00","dateModified":"2025-08-27T07:57:37+00:00","description":"Chuy\u1ec3n \u0111\u1ed5i nhi\u1ec7t \u0111\u1ed9 sang d\u00f2ng \u0111i\u1ec7n \u0111i\u1ec7n \u00e1p SUP-603S \u0111\u1ea7u v\u00e0o TC\/RTD, ng\u00f5 ra d\u00f2ng\/\u00e1p chu\u1ea9n, \u0111\u00e1p \u1ee9ng nhanh \u22640.5s, \u0111\u1ed9 ch\u00ednh x\u00e1c cao","breadcrumb":{"@id":"https:\/\/quando.com.vn\/san-pham\/bo-chuyen-doi-tin-hieu-nhiet-do-co-cach-ly-sup-603s-supmea\/#breadcrumb"},"inLanguage":"en-US","potentialAction":[{"@type":"ReadAction","target":["https:\/\/quando.com.vn\/san-pham\/bo-chuyen-doi-tin-hieu-nhiet-do-co-cach-ly-sup-603s-supmea\/"]}]},{"@type":"BreadcrumbList","@id":"https:\/\/quando.com.vn\/san-pham\/bo-chuyen-doi-tin-hieu-nhiet-do-co-cach-ly-sup-603s-supmea\/#breadcrumb","itemListElement":[{"@type":"ListItem","position":1,"name":"Trang ch\u1ee7","item":"https:\/\/quando.com.vn\/"},{"@type":"ListItem","position":2,"name":"S\u1ea3n ph\u1ea9m","item":"https:\/\/quando.com.vn\/san-pham\/"},{"@type":"ListItem","position":3,"name":"Chuy\u1ec3n \u0111\u1ed5i nhi\u1ec7t \u0111\u1ed9 sang d\u00f2ng \u0111i\u1ec7n \u0111i\u1ec7n \u00e1p SUP-603S"}]}]}},"_links":{"self":[{"href":"https:\/\/quando.com.vn\/en\/wp-json\/wp\/v2\/product\/7444"}],"collection":[{"href":"https:\/\/quando.com.vn\/en\/wp-json\/wp\/v2\/product"}],"about":[{"href":"https:\/\/quando.com.vn\/en\/wp-json\/wp\/v2\/types\/product"}],"wp:featuredmedia":[{"embeddable":true,"href":"https:\/\/quando.com.vn\/en\/wp-json\/wp\/v2\/media\/7445"}],"wp:attachment":[{"href":"https:\/\/quando.com.vn\/en\/wp-json\/wp\/v2\/media?parent=7444"}],"wp:term":[{"taxonomy":"product_cat","embeddable":true,"href":"https:\/\/quando.com.vn\/en\/wp-json\/wp\/v2\/product_cat?post=7444"},{"taxonomy":"product_tag","embeddable":true,"href":"https:\/\/quando.com.vn\/en\/wp-json\/wp\/v2\/product_tag?post=7444"}],"curies":[{"name":"wp","href":"https:\/\/api.w.org\/{rel}","templated":true}]}}