{"id":7426,"date":"2025-08-23T22:27:21","date_gmt":"2025-08-23T15:27:21","guid":{"rendered":"https:\/\/quando.com.vn\/?post_type=product&#038;p=7426"},"modified":"2025-08-27T14:59:17","modified_gmt":"2025-08-27T07:59:17","slug":"bo-chuyen-doi-tin-hieu-cach-ly-sup-602s-supmea","status":"publish","type":"product","link":"https:\/\/quando.com.vn\/en\/product\/bo-chuyen-doi-tin-hieu-cach-ly-sup-602s-supmea\/","title":{"rendered":"B\u1ed9 chuy\u1ec3n \u0111\u1ed5i t\u00edn hi\u1ec7u c\u00f3 c\u00e1ch ly SUP-602S Supmea"},"content":{"rendered":"<p><strong>B\u1ed9 chuy\u1ec3n \u0111\u1ed5i t\u00edn hi\u1ec7u c\u00f3 c\u00e1ch ly SUP-602S<\/strong> c\u1ee7a <a href=\"https:\/\/www.supmeaauto.com\/signal-isolator\/602s-signal-isolator\">Supmea<\/a> l\u00e0 b\u1ed9 chuy\u1ec3n \u0111\u1ed5i c\u00e1ch ly t\u00edn hi\u1ec7u th\u00f4ng minh \u0111\u01b0\u1ee3c s\u1eed d\u1ee5ng r\u1ed9ng r\u00e3i trong c\u00e1c h\u1ec7 th\u1ed1ng \u0111i\u1ec1u khi\u1ec3n t\u1ef1 \u0111\u1ed9ng. Thi\u1ebft b\u1ecb n\u00e0y c\u00f3 ch\u1ee9c n\u0103ng bi\u1ebfn \u0111\u1ed5i, ph\u00e2n ph\u1ed1i, c\u00e1ch ly, truy\u1ec1n t\u1ea3i v\u00e0 x\u1eed l\u00fd nhi\u1ec1u lo\u1ea1i t\u00edn hi\u1ec7u c\u00f4ng nghi\u1ec7p, \u0111\u1ed3ng th\u1eddi k\u1ebft h\u1ee3p v\u1edbi c\u00e1c c\u1ea3m bi\u1ebfn \u0111\u1ec3 thu th\u1eadp d\u1eef li\u1ec7u t\u1ea1i ch\u1ed7 v\u00e0 truy\u1ec1n v\u1ec1 h\u1ec7 th\u1ed1ng gi\u00e1m s\u00e1t t\u1eeb xa.<\/p>\n<p><img loading=\"lazy\" class=\"aligncenter wp-image-7443 size-full\" src=\"https:\/\/quando.com.vn\/wp-content\/uploads\/2025\/08\/SUP-602S-Signal-Isolator-for-voltage-current_Wiring.webp\" alt=\"B\u1ed9 chuy\u1ec3n \u0111\u1ed5i c\u00e1ch ly t\u00edn hi\u1ec7u SUP-602S_s\u01a1 \u0111\u1ed3 d\u00e2y\" width=\"985\" height=\"444\" srcset=\"https:\/\/quando.com.vn\/wp-content\/uploads\/2025\/08\/SUP-602S-Signal-Isolator-for-voltage-current_Wiring.webp 985w, https:\/\/quando.com.vn\/wp-content\/uploads\/2025\/08\/SUP-602S-Signal-Isolator-for-voltage-current_Wiring-300x135.webp 300w, https:\/\/quando.com.vn\/wp-content\/uploads\/2025\/08\/SUP-602S-Signal-Isolator-for-voltage-current_Wiring-768x346.webp 768w, https:\/\/quando.com.vn\/wp-content\/uploads\/2025\/08\/SUP-602S-Signal-Isolator-for-voltage-current_Wiring-18x8.webp 18w\" sizes=\"(max-width: 985px) 100vw, 985px\" \/><\/p>\n<h3><strong>\u01afu \u0111i\u1ec3m n\u1ed5i b\u1eadt:<\/strong><\/h3>\n<p>&#8211; Kh\u1ea3 n\u0103ng ch\u1ecbu \u0111i\u1ec7n \u00e1p cao: \u22651500VAC (gi\u1eefa ng\u00f5 v\u00e0o\/ng\u00f5 ra\/ngu\u1ed3n)<br \/>\n&#8211; \u0110i\u1ec7n tr\u1edf c\u00e1ch ly: \u2265100M\u03a9<br \/>\n&#8211; \u0110\u00e1p \u1ee9ng ti\u00eau chu\u1ea9n EMC IEC61326-3<br \/>\n&#8211; Ngu\u1ed3n c\u1ea5p: DC 18\u201332V (gi\u00e1 tr\u1ecb \u0111i\u1ec3n h\u00ecnh 24VDC)<br \/>\n&#8211; C\u00f4ng su\u1ea5t t\u1ea3i to\u00e0n ph\u1ea7n:<br \/>\n+ 1 ng\u00f5 v\u00e0o\/1 ng\u00f5 ra: 0.6W<br \/>\n+ 1 ng\u00f5 v\u00e0o\/2 ng\u00f5 ra: 1.5W<\/p>\n<h3><strong>Th\u00f4ng s\u1ed1 k\u1ef9 thu\u1eadt:<\/strong><\/h3>\n<p>&#8211; Ng\u00f5 v\u00e0o: DC 0(4)\u201320mA, 0\u201310mA (t\u00f9y ch\u1ecdn theo b\u1ea3ng b\u00ean d\u01b0\u1edbi)<br \/>\n&#8211; Tr\u1edf kh\u00e1ng \u0111\u1ea7u v\u00e0o: kho\u1ea3ng 100\u03a9<br \/>\n&#8211; Ng\u00f5 ra:<br \/>\n+ D\u00f2ng: 0(4)\u201320mA, 0\u201310mA<br \/>\n+ \u0110i\u1ec7n \u00e1p: 0(1)\u20135V, 0\u201310V<br \/>\n&#8211; Kh\u1ea3 n\u0103ng t\u1ea3i ng\u00f5 ra:<br \/>\n+ 0(4)\u201320mA: \u2264550\u03a9<br \/>\n+ 0\u201310mA: \u22641.1k\u03a9<br \/>\n+ 0(1)\u20135V: \u22651M\u03a9<br \/>\n+ 0\u201310V: \u22652M\u03a9<br \/>\n&#8211; \u0110i\u1ec7n \u00e1p ph\u00e2n ph\u1ed1i: kh\u00f4ng t\u1ea3i \u226426V, t\u1ea3i \u0111\u1ea7y \u226523V<br \/>\n&#8211; \u0110\u1ed9 ch\u00ednh x\u00e1c c\u00e1ch ly: \u00b10.1%FS (25\u2103\u00b12\u2103)<br \/>\n&#8211; \u0110\u1ed9 tr\u00f4i nhi\u1ec7t: 40ppm\/\u2103<br \/>\n&#8211; Th\u1eddi gian \u0111\u00e1p \u1ee9ng: \u22640.5s<\/p>\n<p><img loading=\"lazy\" class=\"aligncenter wp-image-7442 size-full\" src=\"https:\/\/quando.com.vn\/wp-content\/uploads\/2025\/08\/SUP-602S-Signal-Isolator-for-voltage-current_Ordering.webp\" alt=\"B\u1ed9 chuy\u1ec3n \u0111\u1ed5i c\u00e1ch ly t\u00edn hi\u1ec7u SUP-602S _Ordering\" width=\"794\" height=\"645\" srcset=\"https:\/\/quando.com.vn\/wp-content\/uploads\/2025\/08\/SUP-602S-Signal-Isolator-for-voltage-current_Ordering.webp 794w, https:\/\/quando.com.vn\/wp-content\/uploads\/2025\/08\/SUP-602S-Signal-Isolator-for-voltage-current_Ordering-300x244.webp 300w, https:\/\/quando.com.vn\/wp-content\/uploads\/2025\/08\/SUP-602S-Signal-Isolator-for-voltage-current_Ordering-768x624.webp 768w, https:\/\/quando.com.vn\/wp-content\/uploads\/2025\/08\/SUP-602S-Signal-Isolator-for-voltage-current_Ordering-15x12.webp 15w\" sizes=\"(max-width: 794px) 100vw, 794px\" \/><\/p>\n<h3><strong>\u1ee8ng d\u1ee5ng b\u1ed9 chuy\u1ec3n \u0111\u1ed5i t\u00edn hi\u1ec7u c\u00f3 c\u00e1ch ly SUP-602S:<\/strong><\/h3>\n<p>&#8211; C\u00e1ch ly t\u00edn hi\u1ec7u trong h\u1ec7 th\u1ed1ng SCADA v\u00e0 PLC<br \/>\n&#8211; Gi\u00e1m s\u00e1t v\u00e0 thu th\u1eadp d\u1eef li\u1ec7u c\u00f4ng nghi\u1ec7p<br \/>\n&#8211; C\u00e1c ng\u00e0nh \u0111i\u1ec7n l\u1ef1c, h\u00f3a ch\u1ea5t, d\u1ea7u kh\u00ed, s\u1ea3n xu\u1ea5t<br \/>\n&#8211; \u0110\u1ea3m b\u1ea3o an to\u00e0n khi truy\u1ec1n t\u00edn hi\u1ec7u \u1edf kho\u1ea3ng c\u00e1ch xa<\/p>","protected":false},"excerpt":{"rendered":"<p data-start=\"659\" data-end=\"690\">&#8211; Chuy\u1ec3n \u0111\u1ed5i c\u00e1ch ly t\u00edn hi\u1ec7u \u0111i\u1ec7n \u00e1p\/d\u00f2ng<br \/>\n&#8211; Ngu\u1ed3n c\u1ea5p DC 18\u201332V<br \/>\n&#8211; \u0110\u1ed9 ch\u00ednh x\u00e1c \u00b10.1%FS<br \/>\n&#8211; Th\u1eddi gian \u0111\u00e1p \u1ee9ng \u22640.5s<br \/>\n&#8211; Ti\u00eau chu\u1ea9n EMC IEC61326-3<\/p>","protected":false},"featured_media":7439,"template":"","meta":[],"product_cat":[545,541],"product_tag":[],"acf":[],"yoast_head":"<!-- This site is optimized with the Yoast SEO Premium plugin v18.4 (Yoast SEO v18.6) - https:\/\/yoast.com\/wordpress\/plugins\/seo\/ -->\n<title>B\u1ed9 chuy\u1ec3n \u0111\u1ed5i t\u00edn hi\u1ec7u c\u00f3 c\u00e1ch ly SUP-602S Supmea - QUANDO<\/title>\n<meta name=\"description\" content=\"B\u1ed9 chuy\u1ec3n \u0111\u1ed5i t\u00edn hi\u1ec7u c\u00f3 c\u00e1ch ly SUP-602S Supmea gi\u00fap chuy\u1ec3n \u0111\u1ed5i, ph\u00e2n ph\u1ed1i v\u00e0 truy\u1ec1n t\u00edn hi\u1ec7u, \u0111\u1ed9 ch\u00ednh x\u00e1c \u00b10.1%FS\" \/>\n<meta name=\"robots\" content=\"index, follow, max-snippet:-1, max-image-preview:large, max-video-preview:-1\" \/>\n<link rel=\"canonical\" href=\"https:\/\/quando.com.vn\/en\/product\/bo-chuyen-doi-tin-hieu-cach-ly-sup-602s-supmea\/\" \/>\n<meta property=\"og:locale\" content=\"en_US\" \/>\n<meta property=\"og:type\" content=\"article\" \/>\n<meta property=\"og:title\" content=\"B\u1ed9 chuy\u1ec3n \u0111\u1ed5i t\u00edn hi\u1ec7u c\u00f3 c\u00e1ch ly SUP-602S Supmea\" \/>\n<meta property=\"og:description\" content=\"B\u1ed9 chuy\u1ec3n \u0111\u1ed5i t\u00edn hi\u1ec7u c\u00f3 c\u00e1ch ly SUP-602S Supmea gi\u00fap chuy\u1ec3n \u0111\u1ed5i, ph\u00e2n ph\u1ed1i v\u00e0 truy\u1ec1n t\u00edn hi\u1ec7u, \u0111\u1ed9 ch\u00ednh x\u00e1c \u00b10.1%FS\" \/>\n<meta property=\"og:url\" content=\"https:\/\/quando.com.vn\/en\/product\/bo-chuyen-doi-tin-hieu-cach-ly-sup-602s-supmea\/\" \/>\n<meta property=\"og:site_name\" content=\"QUANDO\" \/>\n<meta property=\"article:modified_time\" content=\"2025-08-27T07:59:17+00:00\" \/>\n<meta name=\"twitter:card\" content=\"summary_large_image\" \/>\n<meta name=\"twitter:image\" content=\"https:\/\/quando.com.vn\/wp-content\/uploads\/2025\/08\/SUP-602S-Signal-Isolator-for-voltage-current.webp\" \/>\n<meta name=\"twitter:label1\" content=\"Est. reading time\" \/>\n\t<meta name=\"twitter:data1\" content=\"2 minutes\" \/>\n<script type=\"application\/ld+json\" class=\"yoast-schema-graph\">{\"@context\":\"https:\/\/schema.org\",\"@graph\":[{\"@type\":\"WebSite\",\"@id\":\"https:\/\/quando.com.vn\/en\/#website\",\"url\":\"https:\/\/quando.com.vn\/en\/\",\"name\":\"QUANDO\",\"description\":\"\",\"potentialAction\":[{\"@type\":\"SearchAction\",\"target\":{\"@type\":\"EntryPoint\",\"urlTemplate\":\"https:\/\/quando.com.vn\/en\/?s={search_term_string}\"},\"query-input\":\"required name=search_term_string\"}],\"inLanguage\":\"en-US\"},{\"@type\":\"ImageObject\",\"@id\":\"https:\/\/quando.com.vn\/san-pham\/bo-chuyen-doi-tin-hieu-cach-ly-sup-602s-supmea\/#primaryimage\",\"inLanguage\":\"en-US\",\"url\":\"https:\/\/quando.com.vn\/wp-content\/uploads\/2025\/08\/SUP-602S-Signal-Isolator-for-voltage-current.webp\",\"contentUrl\":\"https:\/\/quando.com.vn\/wp-content\/uploads\/2025\/08\/SUP-602S-Signal-Isolator-for-voltage-current.webp\",\"width\":800,\"height\":800,\"caption\":\"B\u1ed9 chuy\u1ec3n \u0111\u1ed5i c\u00e1ch ly t\u00edn hi\u1ec7u SUP-602S\"},{\"@type\":\"WebPage\",\"@id\":\"https:\/\/quando.com.vn\/san-pham\/bo-chuyen-doi-tin-hieu-cach-ly-sup-602s-supmea\/#webpage\",\"url\":\"https:\/\/quando.com.vn\/san-pham\/bo-chuyen-doi-tin-hieu-cach-ly-sup-602s-supmea\/\",\"name\":\"B\u1ed9 chuy\u1ec3n \u0111\u1ed5i t\u00edn hi\u1ec7u c\u00f3 c\u00e1ch ly SUP-602S Supmea - QUANDO\",\"isPartOf\":{\"@id\":\"https:\/\/quando.com.vn\/en\/#website\"},\"primaryImageOfPage\":{\"@id\":\"https:\/\/quando.com.vn\/san-pham\/bo-chuyen-doi-tin-hieu-cach-ly-sup-602s-supmea\/#primaryimage\"},\"datePublished\":\"2025-08-23T15:27:21+00:00\",\"dateModified\":\"2025-08-27T07:59:17+00:00\",\"description\":\"B\u1ed9 chuy\u1ec3n \u0111\u1ed5i t\u00edn hi\u1ec7u c\u00f3 c\u00e1ch ly SUP-602S Supmea gi\u00fap chuy\u1ec3n \u0111\u1ed5i, ph\u00e2n ph\u1ed1i v\u00e0 truy\u1ec1n t\u00edn hi\u1ec7u, \u0111\u1ed9 ch\u00ednh x\u00e1c \u00b10.1%FS\",\"breadcrumb\":{\"@id\":\"https:\/\/quando.com.vn\/san-pham\/bo-chuyen-doi-tin-hieu-cach-ly-sup-602s-supmea\/#breadcrumb\"},\"inLanguage\":\"en-US\",\"potentialAction\":[{\"@type\":\"ReadAction\",\"target\":[\"https:\/\/quando.com.vn\/san-pham\/bo-chuyen-doi-tin-hieu-cach-ly-sup-602s-supmea\/\"]}]},{\"@type\":\"BreadcrumbList\",\"@id\":\"https:\/\/quando.com.vn\/san-pham\/bo-chuyen-doi-tin-hieu-cach-ly-sup-602s-supmea\/#breadcrumb\",\"itemListElement\":[{\"@type\":\"ListItem\",\"position\":1,\"name\":\"Trang ch\u1ee7\",\"item\":\"https:\/\/quando.com.vn\/\"},{\"@type\":\"ListItem\",\"position\":2,\"name\":\"S\u1ea3n ph\u1ea9m\",\"item\":\"https:\/\/quando.com.vn\/san-pham\/\"},{\"@type\":\"ListItem\",\"position\":3,\"name\":\"B\u1ed9 chuy\u1ec3n \u0111\u1ed5i t\u00edn hi\u1ec7u c\u00f3 c\u00e1ch ly SUP-602S Supmea\"}]}]}<\/script>\n<!-- \/ Yoast SEO Premium plugin. -->","yoast_head_json":{"title":"B\u1ed9 chuy\u1ec3n \u0111\u1ed5i t\u00edn hi\u1ec7u c\u00f3 c\u00e1ch ly SUP-602S Supmea - QUANDO","description":"B\u1ed9 chuy\u1ec3n \u0111\u1ed5i t\u00edn hi\u1ec7u c\u00f3 c\u00e1ch ly SUP-602S Supmea gi\u00fap chuy\u1ec3n \u0111\u1ed5i, ph\u00e2n ph\u1ed1i v\u00e0 truy\u1ec1n t\u00edn hi\u1ec7u, \u0111\u1ed9 ch\u00ednh x\u00e1c \u00b10.1%FS","robots":{"index":"index","follow":"follow","max-snippet":"max-snippet:-1","max-image-preview":"max-image-preview:large","max-video-preview":"max-video-preview:-1"},"canonical":"https:\/\/quando.com.vn\/en\/product\/bo-chuyen-doi-tin-hieu-cach-ly-sup-602s-supmea\/","og_locale":"en_US","og_type":"article","og_title":"B\u1ed9 chuy\u1ec3n \u0111\u1ed5i t\u00edn hi\u1ec7u c\u00f3 c\u00e1ch ly SUP-602S Supmea","og_description":"B\u1ed9 chuy\u1ec3n \u0111\u1ed5i t\u00edn hi\u1ec7u c\u00f3 c\u00e1ch ly SUP-602S Supmea gi\u00fap chuy\u1ec3n \u0111\u1ed5i, ph\u00e2n ph\u1ed1i v\u00e0 truy\u1ec1n t\u00edn hi\u1ec7u, \u0111\u1ed9 ch\u00ednh x\u00e1c \u00b10.1%FS","og_url":"https:\/\/quando.com.vn\/en\/product\/bo-chuyen-doi-tin-hieu-cach-ly-sup-602s-supmea\/","og_site_name":"QUANDO","article_modified_time":"2025-08-27T07:59:17+00:00","twitter_card":"summary_large_image","twitter_image":"https:\/\/quando.com.vn\/wp-content\/uploads\/2025\/08\/SUP-602S-Signal-Isolator-for-voltage-current.webp","twitter_misc":{"Est. reading time":"2 minutes"},"schema":{"@context":"https:\/\/schema.org","@graph":[{"@type":"WebSite","@id":"https:\/\/quando.com.vn\/en\/#website","url":"https:\/\/quando.com.vn\/en\/","name":"QUANDO","description":"","potentialAction":[{"@type":"SearchAction","target":{"@type":"EntryPoint","urlTemplate":"https:\/\/quando.com.vn\/en\/?s={search_term_string}"},"query-input":"required name=search_term_string"}],"inLanguage":"en-US"},{"@type":"ImageObject","@id":"https:\/\/quando.com.vn\/san-pham\/bo-chuyen-doi-tin-hieu-cach-ly-sup-602s-supmea\/#primaryimage","inLanguage":"en-US","url":"https:\/\/quando.com.vn\/wp-content\/uploads\/2025\/08\/SUP-602S-Signal-Isolator-for-voltage-current.webp","contentUrl":"https:\/\/quando.com.vn\/wp-content\/uploads\/2025\/08\/SUP-602S-Signal-Isolator-for-voltage-current.webp","width":800,"height":800,"caption":"B\u1ed9 chuy\u1ec3n \u0111\u1ed5i c\u00e1ch ly t\u00edn hi\u1ec7u SUP-602S"},{"@type":"WebPage","@id":"https:\/\/quando.com.vn\/san-pham\/bo-chuyen-doi-tin-hieu-cach-ly-sup-602s-supmea\/#webpage","url":"https:\/\/quando.com.vn\/san-pham\/bo-chuyen-doi-tin-hieu-cach-ly-sup-602s-supmea\/","name":"B\u1ed9 chuy\u1ec3n \u0111\u1ed5i t\u00edn hi\u1ec7u c\u00f3 c\u00e1ch ly SUP-602S Supmea - QUANDO","isPartOf":{"@id":"https:\/\/quando.com.vn\/en\/#website"},"primaryImageOfPage":{"@id":"https:\/\/quando.com.vn\/san-pham\/bo-chuyen-doi-tin-hieu-cach-ly-sup-602s-supmea\/#primaryimage"},"datePublished":"2025-08-23T15:27:21+00:00","dateModified":"2025-08-27T07:59:17+00:00","description":"B\u1ed9 chuy\u1ec3n \u0111\u1ed5i t\u00edn hi\u1ec7u c\u00f3 c\u00e1ch ly SUP-602S Supmea gi\u00fap chuy\u1ec3n \u0111\u1ed5i, ph\u00e2n ph\u1ed1i v\u00e0 truy\u1ec1n t\u00edn hi\u1ec7u, \u0111\u1ed9 ch\u00ednh x\u00e1c \u00b10.1%FS","breadcrumb":{"@id":"https:\/\/quando.com.vn\/san-pham\/bo-chuyen-doi-tin-hieu-cach-ly-sup-602s-supmea\/#breadcrumb"},"inLanguage":"en-US","potentialAction":[{"@type":"ReadAction","target":["https:\/\/quando.com.vn\/san-pham\/bo-chuyen-doi-tin-hieu-cach-ly-sup-602s-supmea\/"]}]},{"@type":"BreadcrumbList","@id":"https:\/\/quando.com.vn\/san-pham\/bo-chuyen-doi-tin-hieu-cach-ly-sup-602s-supmea\/#breadcrumb","itemListElement":[{"@type":"ListItem","position":1,"name":"Trang ch\u1ee7","item":"https:\/\/quando.com.vn\/"},{"@type":"ListItem","position":2,"name":"S\u1ea3n ph\u1ea9m","item":"https:\/\/quando.com.vn\/san-pham\/"},{"@type":"ListItem","position":3,"name":"B\u1ed9 chuy\u1ec3n \u0111\u1ed5i t\u00edn hi\u1ec7u c\u00f3 c\u00e1ch ly SUP-602S Supmea"}]}]}},"_links":{"self":[{"href":"https:\/\/quando.com.vn\/en\/wp-json\/wp\/v2\/product\/7426"}],"collection":[{"href":"https:\/\/quando.com.vn\/en\/wp-json\/wp\/v2\/product"}],"about":[{"href":"https:\/\/quando.com.vn\/en\/wp-json\/wp\/v2\/types\/product"}],"wp:featuredmedia":[{"embeddable":true,"href":"https:\/\/quando.com.vn\/en\/wp-json\/wp\/v2\/media\/7439"}],"wp:attachment":[{"href":"https:\/\/quando.com.vn\/en\/wp-json\/wp\/v2\/media?parent=7426"}],"wp:term":[{"taxonomy":"product_cat","embeddable":true,"href":"https:\/\/quando.com.vn\/en\/wp-json\/wp\/v2\/product_cat?post=7426"},{"taxonomy":"product_tag","embeddable":true,"href":"https:\/\/quando.com.vn\/en\/wp-json\/wp\/v2\/product_tag?post=7426"}],"curies":[{"name":"wp","href":"https:\/\/api.w.org\/{rel}","templated":true}]}}