{"id":7418,"date":"2025-08-23T13:14:26","date_gmt":"2025-08-23T06:14:26","guid":{"rendered":"https:\/\/quando.com.vn\/?post_type=product&#038;p=7418"},"modified":"2025-08-23T13:31:52","modified_gmt":"2025-08-23T06:31:52","slug":"cam-bien-ph-supmea-sup-ph5014","status":"publish","type":"product","link":"https:\/\/quando.com.vn\/en\/product\/cam-bien-ph-supmea-sup-ph5014\/","title":{"rendered":"C\u1ea3m bi\u1ebfn pH SUP-PH5014 Ch\u1ed1ng axit hydrofluoric"},"content":{"rendered":"<p><strong>C\u1ea3m bi\u1ebfn pH SUP-PH5014<\/strong> c\u1ee7a <a href=\"https:\/\/www.supmeaauto.com\/ph-sensor-and-meter\/ph5014-glass-ph-sensor\">Supmea<\/a> l\u00e0 c\u1ea3m bi\u1ebfn pH th\u1ee7y tinh \u0111\u1eb7c bi\u1ec7t \u0111\u01b0\u1ee3c thi\u1ebft k\u1ebf \u0111\u1ec3 ch\u1ed1ng l\u1ea1i s\u1ef1 \u0103n m\u00f2n c\u1ee7a axit hydrofluoric (HF). Thi\u1ebft b\u1ecb kh\u00f4ng ch\u1ec9 ph\u00f9 h\u1ee3p \u0111\u1ec3 \u0111o pH trong m\u00f4i tr\u01b0\u1eddng c\u00f3 ch\u1ee9a HF, m\u00e0 c\u00f2n \u0111\u01b0\u1ee3c \u1ee9ng d\u1ee5ng trong qu\u00e1 tr\u00ecnh ki\u1ec3m so\u00e1t pha lo\u00e3ng axit HF trong s\u1ea3n xu\u1ea5t wafer b\u00e1n d\u1eabn v\u00e0 chip \u0111i\u1ec7n t\u1eed.<\/p>\n<h3><strong>\u0110\u1eb7c \u0111i\u1ec3m n\u1ed5i b\u1eadt:<\/strong><\/h3>\n<p>&#8211; M\u00e0ng th\u1ee7y tinh nh\u1ea1y pH ch\u1ed1ng axit HF<br \/>\n&#8211; \u0110\u1ed9 ch\u00ednh x\u00e1c cao, ph\u1ea3n h\u1ed3i nhanh<br \/>\n&#8211; C\u1ea5u tr\u00fac hai bu\u1ed3ng b\u1ea3o v\u1ec7 \u0111i\u1ec7n c\u1ef1c khi c\u00f3 ch\u1ea5t g\u00e2y nhi\u1ec5m \u0111\u1ed9c<br \/>\n&#8211; Kh\u1ea3 n\u0103ng ch\u1ecbu \u0111\u01b0\u1ee3c m\u00f4i tr\u01b0\u1eddng c\u00f3 h\u1ea1t r\u1eafn, s\u01a1n, d\u1ea7u m\u1ee1<br \/>\n&#8211; Thi\u1ebft k\u1ebf b\u1ec1n b\u1ec9, d\u1ec5 b\u1ea3o tr\u00ec<\/p>\n<h3><strong>\u1ee8ng d\u1ee5ng:<\/strong><\/h3>\n<p>&#8211; X\u1eed l\u00fd n\u01b0\u1edbc th\u1ea3i c\u00f4ng nghi\u1ec7p<br \/>\n&#8211; \u0110o l\u01b0\u1eddng trong quy tr\u00ecnh m\u1ea1 \u0111i\u1ec7n<br \/>\n&#8211; Ng\u00e0nh gi\u1ea5y, b\u1ed9t gi\u1ea5y, \u0111\u1ed3 u\u1ed1ng<br \/>\n&#8211; N\u01b0\u1edbc th\u1ea3i ch\u1ee9a d\u1ea7u<br \/>\n&#8211; Huy\u1ec1n ph\u00f9, v\u00e9c-ni, m\u00f4i tr\u01b0\u1eddng c\u00f3 h\u1ea1t r\u1eafn<br \/>\n&#8211; M\u00f4i tr\u01b0\u1eddng c\u00f3 ch\u1ee9a fluoride (axit HF) n\u1ed3ng \u0111\u1ed9 \u0111\u1ebfn 1000 mg\/l<\/p>\n<p><strong>C\u1ea3m bi\u1ebfn pH SUP-PH5014<\/strong> l\u00e0 l\u1ef1a ch\u1ecdn t\u1ed1i \u01b0u \u0111\u1ec3 \u0111o pH trong c\u00e1c \u1ee9ng d\u1ee5ng c\u00f4ng nghi\u1ec7p kh\u1eafc nghi\u1ec7t, \u0111\u1eb7c bi\u1ec7t l\u00e0 m\u00f4i tr\u01b0\u1eddng c\u00f3 ch\u1ee9a axit HF. V\u1edbi \u0111\u1ed9 ch\u00ednh x\u00e1c v\u00e0 \u0111\u1ed9 b\u1ec1n cao, thi\u1ebft b\u1ecb n\u00e0y \u0111\u1ea3m b\u1ea3o hi\u1ec7u su\u1ea5t \u1ed5n \u0111\u1ecbnh v\u00e0 gi\u1ea3m chi ph\u00ed b\u1ea3o tr\u00ec l\u00e2u d\u00e0i.<\/p>\n<p><img loading=\"lazy\" class=\"aligncenter size-full wp-image-7412\" src=\"https:\/\/quando.com.vn\/wp-content\/uploads\/2025\/08\/SUP-pH-ORP-sensor.png\" alt=\"SUP pH ORP sensor\" width=\"786\" height=\"601\" srcset=\"https:\/\/quando.com.vn\/wp-content\/uploads\/2025\/08\/SUP-pH-ORP-sensor.png 786w, https:\/\/quando.com.vn\/wp-content\/uploads\/2025\/08\/SUP-pH-ORP-sensor-300x229.png 300w, https:\/\/quando.com.vn\/wp-content\/uploads\/2025\/08\/SUP-pH-ORP-sensor-768x587.png 768w, https:\/\/quando.com.vn\/wp-content\/uploads\/2025\/08\/SUP-pH-ORP-sensor-16x12.png 16w\" sizes=\"(max-width: 786px) 100vw, 786px\" \/><\/p>","protected":false},"excerpt":{"rendered":"<p>&#8211; M\u00e0ng th\u1ee7y tinh pH ch\u1ed1ng HF<br \/>\n&#8211; Ch\u1ecbu \u0111\u01b0\u1ee3c n\u1ed3ng \u0111\u1ed9 HF t\u1edbi 1000 mg\/l<br \/>\n&#8211; \u1ee8ng d\u1ee5ng s\u1ea3n xu\u1ea5t b\u00e1n d\u1eabn<br \/>\n&#8211; Th\u00edch h\u1ee3p n\u01b0\u1edbc th\u1ea3i c\u00f4ng nghi\u1ec7p<br \/>\n&#8211; B\u1ec1n b\u1ec9, d\u1ec5 b\u1ea3o tr\u00ec<\/p>","protected":false},"featured_media":7402,"template":"","meta":[],"product_cat":[543,544,531,533],"product_tag":[],"acf":[],"yoast_head":"<!-- This site is optimized with the Yoast SEO Premium plugin v18.4 (Yoast SEO v18.6) - https:\/\/yoast.com\/wordpress\/plugins\/seo\/ -->\n<title>C\u1ea3m bi\u1ebfn pH SUP-PH5014 Ch\u1ed1ng axit hydrofluoric - QUANDO<\/title>\n<meta name=\"description\" content=\"C\u1ea3m bi\u1ebfn pH SUP-PH5014 Supmea \u0111o pH trong m\u00f4i tr\u01b0\u1eddng c\u00f3 axit HF, \u1ee9ng d\u1ee5ng trong x\u1eed l\u00fd n\u01b0\u1edbc th\u1ea3i, m\u1ea1 \u0111i\u1ec7n, s\u1ea3n xu\u1ea5t chip b\u00e1n d\u1eabn....\" \/>\n<meta name=\"robots\" content=\"index, follow, max-snippet:-1, max-image-preview:large, max-video-preview:-1\" \/>\n<link rel=\"canonical\" href=\"https:\/\/quando.com.vn\/en\/product\/cam-bien-ph-supmea-sup-ph5014\/\" \/>\n<meta property=\"og:locale\" content=\"en_US\" \/>\n<meta property=\"og:type\" content=\"article\" \/>\n<meta property=\"og:title\" content=\"C\u1ea3m bi\u1ebfn pH SUP-PH5014 Ch\u1ed1ng axit hydrofluoric\" \/>\n<meta property=\"og:description\" content=\"C\u1ea3m bi\u1ebfn pH SUP-PH5014 Supmea \u0111o pH trong m\u00f4i tr\u01b0\u1eddng c\u00f3 axit HF, \u1ee9ng d\u1ee5ng trong x\u1eed l\u00fd n\u01b0\u1edbc th\u1ea3i, m\u1ea1 \u0111i\u1ec7n, s\u1ea3n xu\u1ea5t chip b\u00e1n d\u1eabn....\" \/>\n<meta property=\"og:url\" content=\"https:\/\/quando.com.vn\/en\/product\/cam-bien-ph-supmea-sup-ph5014\/\" \/>\n<meta property=\"og:site_name\" content=\"QUANDO\" \/>\n<meta property=\"article:modified_time\" content=\"2025-08-23T06:31:52+00:00\" \/>\n<meta name=\"twitter:card\" content=\"summary_large_image\" \/>\n<meta name=\"twitter:image\" content=\"https:\/\/quando.com.vn\/wp-content\/uploads\/2025\/08\/SUP-PH5014-Hydrofluoric-acid-pH-sensor.webp\" \/>\n<meta name=\"twitter:label1\" content=\"Est. reading time\" \/>\n\t<meta name=\"twitter:data1\" content=\"2 minutes\" \/>\n<script type=\"application\/ld+json\" class=\"yoast-schema-graph\">{\"@context\":\"https:\/\/schema.org\",\"@graph\":[{\"@type\":\"WebSite\",\"@id\":\"https:\/\/quando.com.vn\/en\/#website\",\"url\":\"https:\/\/quando.com.vn\/en\/\",\"name\":\"QUANDO\",\"description\":\"\",\"potentialAction\":[{\"@type\":\"SearchAction\",\"target\":{\"@type\":\"EntryPoint\",\"urlTemplate\":\"https:\/\/quando.com.vn\/en\/?s={search_term_string}\"},\"query-input\":\"required name=search_term_string\"}],\"inLanguage\":\"en-US\"},{\"@type\":\"ImageObject\",\"@id\":\"https:\/\/quando.com.vn\/san-pham\/cam-bien-ph-supmea-sup-ph5014\/#primaryimage\",\"inLanguage\":\"en-US\",\"url\":\"https:\/\/quando.com.vn\/wp-content\/uploads\/2025\/08\/SUP-PH5014-Hydrofluoric-acid-pH-sensor.webp\",\"contentUrl\":\"https:\/\/quando.com.vn\/wp-content\/uploads\/2025\/08\/SUP-PH5014-Hydrofluoric-acid-pH-sensor.webp\",\"width\":800,\"height\":800,\"caption\":\"SUP-PH5014 Hydrofluoric acid pH sensor\"},{\"@type\":\"WebPage\",\"@id\":\"https:\/\/quando.com.vn\/san-pham\/cam-bien-ph-supmea-sup-ph5014\/#webpage\",\"url\":\"https:\/\/quando.com.vn\/san-pham\/cam-bien-ph-supmea-sup-ph5014\/\",\"name\":\"C\u1ea3m bi\u1ebfn pH SUP-PH5014 Ch\u1ed1ng axit hydrofluoric - QUANDO\",\"isPartOf\":{\"@id\":\"https:\/\/quando.com.vn\/en\/#website\"},\"primaryImageOfPage\":{\"@id\":\"https:\/\/quando.com.vn\/san-pham\/cam-bien-ph-supmea-sup-ph5014\/#primaryimage\"},\"datePublished\":\"2025-08-23T06:14:26+00:00\",\"dateModified\":\"2025-08-23T06:31:52+00:00\",\"description\":\"C\u1ea3m bi\u1ebfn pH SUP-PH5014 Supmea \u0111o pH trong m\u00f4i tr\u01b0\u1eddng c\u00f3 axit HF, \u1ee9ng d\u1ee5ng trong x\u1eed l\u00fd n\u01b0\u1edbc th\u1ea3i, m\u1ea1 \u0111i\u1ec7n, s\u1ea3n xu\u1ea5t chip b\u00e1n d\u1eabn....\",\"breadcrumb\":{\"@id\":\"https:\/\/quando.com.vn\/san-pham\/cam-bien-ph-supmea-sup-ph5014\/#breadcrumb\"},\"inLanguage\":\"en-US\",\"potentialAction\":[{\"@type\":\"ReadAction\",\"target\":[\"https:\/\/quando.com.vn\/san-pham\/cam-bien-ph-supmea-sup-ph5014\/\"]}]},{\"@type\":\"BreadcrumbList\",\"@id\":\"https:\/\/quando.com.vn\/san-pham\/cam-bien-ph-supmea-sup-ph5014\/#breadcrumb\",\"itemListElement\":[{\"@type\":\"ListItem\",\"position\":1,\"name\":\"Trang ch\u1ee7\",\"item\":\"https:\/\/quando.com.vn\/\"},{\"@type\":\"ListItem\",\"position\":2,\"name\":\"S\u1ea3n ph\u1ea9m\",\"item\":\"https:\/\/quando.com.vn\/san-pham\/\"},{\"@type\":\"ListItem\",\"position\":3,\"name\":\"C\u1ea3m bi\u1ebfn pH SUP-PH5014 Ch\u1ed1ng axit hydrofluoric\"}]}]}<\/script>\n<!-- \/ Yoast SEO Premium plugin. -->","yoast_head_json":{"title":"C\u1ea3m bi\u1ebfn pH SUP-PH5014 Ch\u1ed1ng axit hydrofluoric - QUANDO","description":"C\u1ea3m bi\u1ebfn pH SUP-PH5014 Supmea \u0111o pH trong m\u00f4i tr\u01b0\u1eddng c\u00f3 axit HF, \u1ee9ng d\u1ee5ng trong x\u1eed l\u00fd n\u01b0\u1edbc th\u1ea3i, m\u1ea1 \u0111i\u1ec7n, s\u1ea3n xu\u1ea5t chip b\u00e1n d\u1eabn....","robots":{"index":"index","follow":"follow","max-snippet":"max-snippet:-1","max-image-preview":"max-image-preview:large","max-video-preview":"max-video-preview:-1"},"canonical":"https:\/\/quando.com.vn\/en\/product\/cam-bien-ph-supmea-sup-ph5014\/","og_locale":"en_US","og_type":"article","og_title":"C\u1ea3m bi\u1ebfn pH SUP-PH5014 Ch\u1ed1ng axit hydrofluoric","og_description":"C\u1ea3m bi\u1ebfn pH SUP-PH5014 Supmea \u0111o pH trong m\u00f4i tr\u01b0\u1eddng c\u00f3 axit HF, \u1ee9ng d\u1ee5ng trong x\u1eed l\u00fd n\u01b0\u1edbc th\u1ea3i, m\u1ea1 \u0111i\u1ec7n, s\u1ea3n xu\u1ea5t chip b\u00e1n d\u1eabn....","og_url":"https:\/\/quando.com.vn\/en\/product\/cam-bien-ph-supmea-sup-ph5014\/","og_site_name":"QUANDO","article_modified_time":"2025-08-23T06:31:52+00:00","twitter_card":"summary_large_image","twitter_image":"https:\/\/quando.com.vn\/wp-content\/uploads\/2025\/08\/SUP-PH5014-Hydrofluoric-acid-pH-sensor.webp","twitter_misc":{"Est. reading time":"2 minutes"},"schema":{"@context":"https:\/\/schema.org","@graph":[{"@type":"WebSite","@id":"https:\/\/quando.com.vn\/en\/#website","url":"https:\/\/quando.com.vn\/en\/","name":"QUANDO","description":"","potentialAction":[{"@type":"SearchAction","target":{"@type":"EntryPoint","urlTemplate":"https:\/\/quando.com.vn\/en\/?s={search_term_string}"},"query-input":"required name=search_term_string"}],"inLanguage":"en-US"},{"@type":"ImageObject","@id":"https:\/\/quando.com.vn\/san-pham\/cam-bien-ph-supmea-sup-ph5014\/#primaryimage","inLanguage":"en-US","url":"https:\/\/quando.com.vn\/wp-content\/uploads\/2025\/08\/SUP-PH5014-Hydrofluoric-acid-pH-sensor.webp","contentUrl":"https:\/\/quando.com.vn\/wp-content\/uploads\/2025\/08\/SUP-PH5014-Hydrofluoric-acid-pH-sensor.webp","width":800,"height":800,"caption":"SUP-PH5014 Hydrofluoric acid pH sensor"},{"@type":"WebPage","@id":"https:\/\/quando.com.vn\/san-pham\/cam-bien-ph-supmea-sup-ph5014\/#webpage","url":"https:\/\/quando.com.vn\/san-pham\/cam-bien-ph-supmea-sup-ph5014\/","name":"C\u1ea3m bi\u1ebfn pH SUP-PH5014 Ch\u1ed1ng axit hydrofluoric - QUANDO","isPartOf":{"@id":"https:\/\/quando.com.vn\/en\/#website"},"primaryImageOfPage":{"@id":"https:\/\/quando.com.vn\/san-pham\/cam-bien-ph-supmea-sup-ph5014\/#primaryimage"},"datePublished":"2025-08-23T06:14:26+00:00","dateModified":"2025-08-23T06:31:52+00:00","description":"C\u1ea3m bi\u1ebfn pH SUP-PH5014 Supmea \u0111o pH trong m\u00f4i tr\u01b0\u1eddng c\u00f3 axit HF, \u1ee9ng d\u1ee5ng trong x\u1eed l\u00fd n\u01b0\u1edbc th\u1ea3i, m\u1ea1 \u0111i\u1ec7n, s\u1ea3n xu\u1ea5t chip b\u00e1n d\u1eabn....","breadcrumb":{"@id":"https:\/\/quando.com.vn\/san-pham\/cam-bien-ph-supmea-sup-ph5014\/#breadcrumb"},"inLanguage":"en-US","potentialAction":[{"@type":"ReadAction","target":["https:\/\/quando.com.vn\/san-pham\/cam-bien-ph-supmea-sup-ph5014\/"]}]},{"@type":"BreadcrumbList","@id":"https:\/\/quando.com.vn\/san-pham\/cam-bien-ph-supmea-sup-ph5014\/#breadcrumb","itemListElement":[{"@type":"ListItem","position":1,"name":"Trang ch\u1ee7","item":"https:\/\/quando.com.vn\/"},{"@type":"ListItem","position":2,"name":"S\u1ea3n ph\u1ea9m","item":"https:\/\/quando.com.vn\/san-pham\/"},{"@type":"ListItem","position":3,"name":"C\u1ea3m bi\u1ebfn pH SUP-PH5014 Ch\u1ed1ng axit hydrofluoric"}]}]}},"_links":{"self":[{"href":"https:\/\/quando.com.vn\/en\/wp-json\/wp\/v2\/product\/7418"}],"collection":[{"href":"https:\/\/quando.com.vn\/en\/wp-json\/wp\/v2\/product"}],"about":[{"href":"https:\/\/quando.com.vn\/en\/wp-json\/wp\/v2\/types\/product"}],"wp:featuredmedia":[{"embeddable":true,"href":"https:\/\/quando.com.vn\/en\/wp-json\/wp\/v2\/media\/7402"}],"wp:attachment":[{"href":"https:\/\/quando.com.vn\/en\/wp-json\/wp\/v2\/media?parent=7418"}],"wp:term":[{"taxonomy":"product_cat","embeddable":true,"href":"https:\/\/quando.com.vn\/en\/wp-json\/wp\/v2\/product_cat?post=7418"},{"taxonomy":"product_tag","embeddable":true,"href":"https:\/\/quando.com.vn\/en\/wp-json\/wp\/v2\/product_tag?post=7418"}],"curies":[{"name":"wp","href":"https:\/\/api.w.org\/{rel}","templated":true}]}}