{"id":7413,"date":"2025-08-13T14:57:19","date_gmt":"2025-08-13T07:57:19","guid":{"rendered":"https:\/\/quando.com.vn\/?post_type=product&#038;p=7413"},"modified":"2025-08-23T13:03:23","modified_gmt":"2025-08-23T06:03:23","slug":"cam-bien-ph-supmea-sup-ph5018","status":"publish","type":"product","link":"https:\/\/quando.com.vn\/en\/product\/cam-bien-ph-supmea-sup-ph5018\/","title":{"rendered":"C\u1ea3m bi\u1ebfn pH SUP-PH5018 lo\u1ea1i Glass c\u1ee7a Supmea"},"content":{"rendered":"<p><strong>SUP-PH5018<\/strong> l\u00e0 c\u1ea3m bi\u1ebfn pH th\u1ee7y tinh cao c\u1ea5p c\u1ee7a Supmea, \u0111\u01b0\u1ee3c \u1ee9ng d\u1ee5ng r\u1ed9ng r\u00e3i trong x\u1eed l\u00fd n\u01b0\u1edbc th\u1ea3i, khai kho\u00e1ng, luy\u1ec7n kim, s\u1ea3n xu\u1ea5t gi\u1ea5y, d\u1ec7t may, h\u00f3a d\u1ea7u, \u0111i\u1ec7n t\u1eed v\u00e0 c\u00f4ng ngh\u1ec7 sinh h\u1ecdc. Thi\u1ebft b\u1ecb s\u1eed d\u1ee5ng c\u00f4ng ngh\u1ec7 \u0111i\u1ec7n m\u00f4i r\u1eafn ti\u00ean ti\u1ebfn, \u0111\u1ea7u n\u1ed1i PTFE di\u1ec7n t\u00edch l\u1edbn, ch\u1ed1ng t\u1eafc ngh\u1ebdn v\u00e0 d\u1ec5 b\u1ea3o tr\u00ec.<\/p>\n<p><a href=\"https:\/\/quando.com.vn\/wp-content\/uploads\/2025\/08\/SUP-PH5018-Glass-pH-sensor-product2.webp\"><img loading=\"lazy\" class=\"aligncenter size-full wp-image-7417\" src=\"https:\/\/quando.com.vn\/wp-content\/uploads\/2025\/08\/SUP-PH5018-Glass-pH-sensor-product2.webp\" alt=\"SUP-PH5018 Glass pH sensor\" width=\"800\" height=\"859\" srcset=\"https:\/\/quando.com.vn\/wp-content\/uploads\/2025\/08\/SUP-PH5018-Glass-pH-sensor-product2.webp 800w, https:\/\/quando.com.vn\/wp-content\/uploads\/2025\/08\/SUP-PH5018-Glass-pH-sensor-product2-279x300.webp 279w, https:\/\/quando.com.vn\/wp-content\/uploads\/2025\/08\/SUP-PH5018-Glass-pH-sensor-product2-768x825.webp 768w, https:\/\/quando.com.vn\/wp-content\/uploads\/2025\/08\/SUP-PH5018-Glass-pH-sensor-product2-11x12.webp 11w, https:\/\/quando.com.vn\/wp-content\/uploads\/2025\/08\/SUP-PH5018-Glass-pH-sensor-product2-300x322.webp 300w\" sizes=\"(max-width: 800px) 100vw, 800px\" \/><\/a><\/p>\n<h3><strong>\u0110\u1eb7c \u0111i\u1ec3m k\u1ef9 thu\u1eadt:<\/strong><\/h3>\n<p>&#8211; \u0110i\u1ec3m zero: 7 \u00b1 0.5 pH<br \/>\n&#8211; H\u1ec7 s\u1ed1 chuy\u1ec3n \u0111\u1ed5i: &gt; 98%<br \/>\n&#8211; K\u00edch th\u01b0\u1edbc l\u1eafp: Pg13.5, ren 3\/4 NPT tr\u00ean v\u00e0 d\u01b0\u1edbi<br \/>\n&#8211; \u00c1p su\u1ea5t l\u00e0m vi\u1ec7c: 0 ~ 4 Bar t\u1ea1i 25\u2103<br \/>\n&#8211; Nhi\u1ec7t \u0111\u1ed9 l\u00e0m vi\u1ec7c: 0 ~ 100\u2103 (c\u00e1p th\u01b0\u1eddng)<\/p>\n<h3><strong>\u01afu \u0111i\u1ec3m n\u1ed5i b\u1eadt:<\/strong><\/h3>\n<p>&#8211; \u0110i\u1ec7n m\u00f4i r\u1eafn qu\u1ed1c t\u1ebf, ch\u1ed1ng t\u1eafc, b\u1ea3o tr\u00ec \u0111\u01a1n gi\u1ea3n<br \/>\n&#8211; \u0110\u01b0\u1eddng khu\u1ebfch t\u00e1n tham chi\u1ebfu d\u00e0i, t\u0103ng tu\u1ed5i th\u1ecd trong m\u00f4i tr\u01b0\u1eddng kh\u1eafc nghi\u1ec7t<br \/>\n&#8211; V\u1ecf PPS\/PC b\u1ec1n, d\u1ec5 l\u1eafp \u0111\u1eb7t, kh\u00f4ng c\u1ea7n \u1ed1ng b\u1ea3o v\u1ec7, ti\u1ebft ki\u1ec7m chi ph\u00ed<br \/>\n&#8211; D\u00e2y c\u00e1p ch\u1ed1ng nhi\u1ec5u ch\u1ea5t l\u01b0\u1ee3ng cao, truy\u1ec1n t\u00edn hi\u1ec7u &gt; 40m kh\u00f4ng suy hao<br \/>\n&#8211; Kh\u00f4ng c\u1ea7n b\u1ed5 sung \u0111i\u1ec7n m\u00f4i, \u00edt b\u1ea3o d\u01b0\u1ee1ng<br \/>\n&#8211; \u0110\u1ed9 ch\u00ednh x\u00e1c cao, ph\u1ea3n h\u1ed3i nhanh, \u0111\u1ed9 l\u1eb7p l\u1ea1i t\u1ed1t<br \/>\n&#8211; \u0110i\u1ec7n c\u1ef1c tham chi\u1ebfu b\u1ea1c Ag\/AgCl ch\u1ed1ng nhi\u1ec5u<\/p>\n<h3><strong>H\u01b0\u1edbng d\u1eabn l\u1eafp \u0111\u1eb7t:<\/strong><\/h3>\n<p>&#8211; C\u00f3 th\u1ec3 l\u1eafp ngang ho\u1eb7c d\u1ecdc v\u00e0o b\u1ec3 ph\u1ea3n \u1ee9ng ho\u1eb7c \u0111\u01b0\u1eddng \u1ed1ng<br \/>\n&#8211; V\u1ecb tr\u00ed l\u1eafp \u0111\u1eb7t c\u1ea7n tr\u00e1nh d\u00f2ng ch\u1ea3y qu\u00e1 m\u1ea1nh tr\u1ef1c ti\u1ebfp v\u00e0o \u0111\u1ea7u \u0111i\u1ec7n c\u1ef1c<\/p>\n<h3><strong>\u1ee8ng d\u1ee5ng:<\/strong><\/h3>\n<p>&#8211; X\u1eed l\u00fd n\u01b0\u1edbc th\u1ea3i c\u00f4ng nghi\u1ec7p<br \/>\n&#8211; Ng\u00e0nh khai kho\u00e1ng v\u00e0 luy\u1ec7n kim<br \/>\n&#8211; S\u1ea3n xu\u1ea5t gi\u1ea5y, b\u1ed9t gi\u1ea5y, d\u1ec7t nhu\u1ed9m<br \/>\n&#8211; Ng\u00e0nh h\u00f3a d\u1ea7u, ch\u1ebf bi\u1ebfn th\u1ef1c ph\u1ea9m, \u0111\u1ed3 u\u1ed1ng<br \/>\n&#8211; Qu\u00e1 tr\u00ecnh s\u1ea3n xu\u1ea5t b\u00e1n d\u1eabn v\u00e0 \u0111i\u1ec7n t\u1eed<br \/>\n&#8211; K\u1ef9 thu\u1eadt sinh h\u1ecdc v\u00e0 x\u1eed l\u00fd m\u00f4i tr\u01b0\u1eddng<\/p>\n<p>C\u1ea3m bi\u1ebfn pH th\u1ee7y tinh Supmea SUP-PH5018 mang l\u1ea1i gi\u1ea3i ph\u00e1p \u0111o pH ch\u00ednh x\u00e1c, b\u1ec1n b\u1ec9, ch\u1ed1ng t\u1eafc v\u00e0 d\u1ec5 b\u1ea3o tr\u00ec cho nhi\u1ec1u l\u0129nh v\u1ef1c c\u00f4ng nghi\u1ec7p.<\/p>\n<p><img loading=\"lazy\" class=\"aligncenter size-full wp-image-7412\" src=\"https:\/\/quando.com.vn\/wp-content\/uploads\/2025\/08\/SUP-pH-ORP-sensor.png\" alt=\"SUP pH ORP sensor\" width=\"786\" height=\"601\" srcset=\"https:\/\/quando.com.vn\/wp-content\/uploads\/2025\/08\/SUP-pH-ORP-sensor.png 786w, https:\/\/quando.com.vn\/wp-content\/uploads\/2025\/08\/SUP-pH-ORP-sensor-300x229.png 300w, https:\/\/quando.com.vn\/wp-content\/uploads\/2025\/08\/SUP-pH-ORP-sensor-768x587.png 768w, https:\/\/quando.com.vn\/wp-content\/uploads\/2025\/08\/SUP-pH-ORP-sensor-16x12.png 16w\" sizes=\"(max-width: 786px) 100vw, 786px\" \/><\/p>","protected":false},"excerpt":{"rendered":"<p data-start=\"601\" data-end=\"624\">&#8211; \u0110i\u1ec3m zero: 7 \u00b1 0.5 pH<br \/>\n&#8211; H\u1ec7 s\u1ed1 chuy\u1ec3n \u0111\u1ed5i &gt; 98%<br \/>\n&#8211; L\u1eafp Pg13.5, ren 3\/4NPT<br \/>\n&#8211; \u00c1p su\u1ea5t 0\u20134 Bar t\u1ea1i 25\u2103<\/p>","protected":false},"featured_media":7414,"template":"","meta":[],"product_cat":[543,544,531,533],"product_tag":[],"acf":[],"yoast_head":"<!-- This site is optimized with the Yoast SEO Premium plugin v18.4 (Yoast SEO v18.6) - https:\/\/yoast.com\/wordpress\/plugins\/seo\/ -->\n<title>C\u1ea3m bi\u1ebfn pH SUP-PH5018 lo\u1ea1i Glass c\u1ee7a Supmea - QUANDO<\/title>\n<meta name=\"description\" content=\"C\u1ea3m bi\u1ebfn pH SUP-PH5018 Supmea d\u1ea3i \u0111o 0\u2013100\u2103, ch\u1ed1ng t\u1eafc, d\u1ec5 b\u1ea3o tr\u00ec, th\u00edch h\u1ee3p x\u1eed l\u00fd n\u01b0\u1edbc th\u1ea3i, khai kho\u00e1ng, gi\u1ea5y, d\u1ec7t may, h\u00f3a d\u1ea7u, \u0111i\u1ec7n t\u1eed.\" \/>\n<meta name=\"robots\" content=\"index, follow, max-snippet:-1, max-image-preview:large, max-video-preview:-1\" \/>\n<link rel=\"canonical\" href=\"https:\/\/quando.com.vn\/en\/product\/cam-bien-ph-supmea-sup-ph5018\/\" \/>\n<meta property=\"og:locale\" content=\"en_US\" \/>\n<meta property=\"og:type\" content=\"article\" \/>\n<meta property=\"og:title\" content=\"C\u1ea3m bi\u1ebfn pH SUP-PH5018 lo\u1ea1i Glass c\u1ee7a Supmea\" \/>\n<meta property=\"og:description\" content=\"C\u1ea3m bi\u1ebfn pH SUP-PH5018 Supmea d\u1ea3i \u0111o 0\u2013100\u2103, ch\u1ed1ng t\u1eafc, d\u1ec5 b\u1ea3o tr\u00ec, th\u00edch h\u1ee3p x\u1eed l\u00fd n\u01b0\u1edbc th\u1ea3i, khai kho\u00e1ng, gi\u1ea5y, d\u1ec7t may, h\u00f3a d\u1ea7u, \u0111i\u1ec7n t\u1eed.\" \/>\n<meta property=\"og:url\" content=\"https:\/\/quando.com.vn\/en\/product\/cam-bien-ph-supmea-sup-ph5018\/\" \/>\n<meta property=\"og:site_name\" content=\"QUANDO\" \/>\n<meta property=\"article:modified_time\" content=\"2025-08-23T06:03:23+00:00\" \/>\n<meta name=\"twitter:card\" content=\"summary_large_image\" \/>\n<meta name=\"twitter:image\" content=\"https:\/\/quando.com.vn\/wp-content\/uploads\/2025\/08\/SUP-PH5018-Glass-pH-sensor-product1.webp\" \/>\n<meta name=\"twitter:label1\" content=\"Est. reading time\" \/>\n\t<meta name=\"twitter:data1\" content=\"3 minutes\" \/>\n<script type=\"application\/ld+json\" class=\"yoast-schema-graph\">{\"@context\":\"https:\/\/schema.org\",\"@graph\":[{\"@type\":\"WebSite\",\"@id\":\"https:\/\/quando.com.vn\/en\/#website\",\"url\":\"https:\/\/quando.com.vn\/en\/\",\"name\":\"QUANDO\",\"description\":\"\",\"potentialAction\":[{\"@type\":\"SearchAction\",\"target\":{\"@type\":\"EntryPoint\",\"urlTemplate\":\"https:\/\/quando.com.vn\/en\/?s={search_term_string}\"},\"query-input\":\"required name=search_term_string\"}],\"inLanguage\":\"en-US\"},{\"@type\":\"ImageObject\",\"@id\":\"https:\/\/quando.com.vn\/san-pham\/cam-bien-ph-supmea-sup-ph5018\/#primaryimage\",\"inLanguage\":\"en-US\",\"url\":\"https:\/\/quando.com.vn\/wp-content\/uploads\/2025\/08\/SUP-PH5018-Glass-pH-sensor-product1.webp\",\"contentUrl\":\"https:\/\/quando.com.vn\/wp-content\/uploads\/2025\/08\/SUP-PH5018-Glass-pH-sensor-product1.webp\",\"width\":800,\"height\":800,\"caption\":\"SUP-PH5018 Glass pH sensor\"},{\"@type\":\"WebPage\",\"@id\":\"https:\/\/quando.com.vn\/san-pham\/cam-bien-ph-supmea-sup-ph5018\/#webpage\",\"url\":\"https:\/\/quando.com.vn\/san-pham\/cam-bien-ph-supmea-sup-ph5018\/\",\"name\":\"C\u1ea3m bi\u1ebfn pH SUP-PH5018 lo\u1ea1i Glass c\u1ee7a Supmea - QUANDO\",\"isPartOf\":{\"@id\":\"https:\/\/quando.com.vn\/en\/#website\"},\"primaryImageOfPage\":{\"@id\":\"https:\/\/quando.com.vn\/san-pham\/cam-bien-ph-supmea-sup-ph5018\/#primaryimage\"},\"datePublished\":\"2025-08-13T07:57:19+00:00\",\"dateModified\":\"2025-08-23T06:03:23+00:00\",\"description\":\"C\u1ea3m bi\u1ebfn pH SUP-PH5018 Supmea d\u1ea3i \u0111o 0\u2013100\u2103, ch\u1ed1ng t\u1eafc, d\u1ec5 b\u1ea3o tr\u00ec, th\u00edch h\u1ee3p x\u1eed l\u00fd n\u01b0\u1edbc th\u1ea3i, khai kho\u00e1ng, gi\u1ea5y, d\u1ec7t may, h\u00f3a d\u1ea7u, \u0111i\u1ec7n t\u1eed.\",\"breadcrumb\":{\"@id\":\"https:\/\/quando.com.vn\/san-pham\/cam-bien-ph-supmea-sup-ph5018\/#breadcrumb\"},\"inLanguage\":\"en-US\",\"potentialAction\":[{\"@type\":\"ReadAction\",\"target\":[\"https:\/\/quando.com.vn\/san-pham\/cam-bien-ph-supmea-sup-ph5018\/\"]}]},{\"@type\":\"BreadcrumbList\",\"@id\":\"https:\/\/quando.com.vn\/san-pham\/cam-bien-ph-supmea-sup-ph5018\/#breadcrumb\",\"itemListElement\":[{\"@type\":\"ListItem\",\"position\":1,\"name\":\"Trang ch\u1ee7\",\"item\":\"https:\/\/quando.com.vn\/\"},{\"@type\":\"ListItem\",\"position\":2,\"name\":\"S\u1ea3n ph\u1ea9m\",\"item\":\"https:\/\/quando.com.vn\/san-pham\/\"},{\"@type\":\"ListItem\",\"position\":3,\"name\":\"C\u1ea3m bi\u1ebfn pH SUP-PH5018 lo\u1ea1i Glass c\u1ee7a Supmea\"}]}]}<\/script>\n<!-- \/ Yoast SEO Premium plugin. -->","yoast_head_json":{"title":"C\u1ea3m bi\u1ebfn pH SUP-PH5018 lo\u1ea1i Glass c\u1ee7a Supmea - QUANDO","description":"C\u1ea3m bi\u1ebfn pH SUP-PH5018 Supmea d\u1ea3i \u0111o 0\u2013100\u2103, ch\u1ed1ng t\u1eafc, d\u1ec5 b\u1ea3o tr\u00ec, th\u00edch h\u1ee3p x\u1eed l\u00fd n\u01b0\u1edbc th\u1ea3i, khai kho\u00e1ng, gi\u1ea5y, d\u1ec7t may, h\u00f3a d\u1ea7u, \u0111i\u1ec7n t\u1eed.","robots":{"index":"index","follow":"follow","max-snippet":"max-snippet:-1","max-image-preview":"max-image-preview:large","max-video-preview":"max-video-preview:-1"},"canonical":"https:\/\/quando.com.vn\/en\/product\/cam-bien-ph-supmea-sup-ph5018\/","og_locale":"en_US","og_type":"article","og_title":"C\u1ea3m bi\u1ebfn pH SUP-PH5018 lo\u1ea1i Glass c\u1ee7a Supmea","og_description":"C\u1ea3m bi\u1ebfn pH SUP-PH5018 Supmea d\u1ea3i \u0111o 0\u2013100\u2103, ch\u1ed1ng t\u1eafc, d\u1ec5 b\u1ea3o tr\u00ec, th\u00edch h\u1ee3p x\u1eed l\u00fd n\u01b0\u1edbc th\u1ea3i, khai kho\u00e1ng, gi\u1ea5y, d\u1ec7t may, h\u00f3a d\u1ea7u, \u0111i\u1ec7n t\u1eed.","og_url":"https:\/\/quando.com.vn\/en\/product\/cam-bien-ph-supmea-sup-ph5018\/","og_site_name":"QUANDO","article_modified_time":"2025-08-23T06:03:23+00:00","twitter_card":"summary_large_image","twitter_image":"https:\/\/quando.com.vn\/wp-content\/uploads\/2025\/08\/SUP-PH5018-Glass-pH-sensor-product1.webp","twitter_misc":{"Est. reading time":"3 minutes"},"schema":{"@context":"https:\/\/schema.org","@graph":[{"@type":"WebSite","@id":"https:\/\/quando.com.vn\/en\/#website","url":"https:\/\/quando.com.vn\/en\/","name":"QUANDO","description":"","potentialAction":[{"@type":"SearchAction","target":{"@type":"EntryPoint","urlTemplate":"https:\/\/quando.com.vn\/en\/?s={search_term_string}"},"query-input":"required name=search_term_string"}],"inLanguage":"en-US"},{"@type":"ImageObject","@id":"https:\/\/quando.com.vn\/san-pham\/cam-bien-ph-supmea-sup-ph5018\/#primaryimage","inLanguage":"en-US","url":"https:\/\/quando.com.vn\/wp-content\/uploads\/2025\/08\/SUP-PH5018-Glass-pH-sensor-product1.webp","contentUrl":"https:\/\/quando.com.vn\/wp-content\/uploads\/2025\/08\/SUP-PH5018-Glass-pH-sensor-product1.webp","width":800,"height":800,"caption":"SUP-PH5018 Glass pH sensor"},{"@type":"WebPage","@id":"https:\/\/quando.com.vn\/san-pham\/cam-bien-ph-supmea-sup-ph5018\/#webpage","url":"https:\/\/quando.com.vn\/san-pham\/cam-bien-ph-supmea-sup-ph5018\/","name":"C\u1ea3m bi\u1ebfn pH SUP-PH5018 lo\u1ea1i Glass c\u1ee7a Supmea - QUANDO","isPartOf":{"@id":"https:\/\/quando.com.vn\/en\/#website"},"primaryImageOfPage":{"@id":"https:\/\/quando.com.vn\/san-pham\/cam-bien-ph-supmea-sup-ph5018\/#primaryimage"},"datePublished":"2025-08-13T07:57:19+00:00","dateModified":"2025-08-23T06:03:23+00:00","description":"C\u1ea3m bi\u1ebfn pH SUP-PH5018 Supmea d\u1ea3i \u0111o 0\u2013100\u2103, ch\u1ed1ng t\u1eafc, d\u1ec5 b\u1ea3o tr\u00ec, th\u00edch h\u1ee3p x\u1eed l\u00fd n\u01b0\u1edbc th\u1ea3i, khai kho\u00e1ng, gi\u1ea5y, d\u1ec7t may, h\u00f3a d\u1ea7u, \u0111i\u1ec7n t\u1eed.","breadcrumb":{"@id":"https:\/\/quando.com.vn\/san-pham\/cam-bien-ph-supmea-sup-ph5018\/#breadcrumb"},"inLanguage":"en-US","potentialAction":[{"@type":"ReadAction","target":["https:\/\/quando.com.vn\/san-pham\/cam-bien-ph-supmea-sup-ph5018\/"]}]},{"@type":"BreadcrumbList","@id":"https:\/\/quando.com.vn\/san-pham\/cam-bien-ph-supmea-sup-ph5018\/#breadcrumb","itemListElement":[{"@type":"ListItem","position":1,"name":"Trang ch\u1ee7","item":"https:\/\/quando.com.vn\/"},{"@type":"ListItem","position":2,"name":"S\u1ea3n ph\u1ea9m","item":"https:\/\/quando.com.vn\/san-pham\/"},{"@type":"ListItem","position":3,"name":"C\u1ea3m bi\u1ebfn pH SUP-PH5018 lo\u1ea1i Glass c\u1ee7a Supmea"}]}]}},"_links":{"self":[{"href":"https:\/\/quando.com.vn\/en\/wp-json\/wp\/v2\/product\/7413"}],"collection":[{"href":"https:\/\/quando.com.vn\/en\/wp-json\/wp\/v2\/product"}],"about":[{"href":"https:\/\/quando.com.vn\/en\/wp-json\/wp\/v2\/types\/product"}],"wp:featuredmedia":[{"embeddable":true,"href":"https:\/\/quando.com.vn\/en\/wp-json\/wp\/v2\/media\/7414"}],"wp:attachment":[{"href":"https:\/\/quando.com.vn\/en\/wp-json\/wp\/v2\/media?parent=7413"}],"wp:term":[{"taxonomy":"product_cat","embeddable":true,"href":"https:\/\/quando.com.vn\/en\/wp-json\/wp\/v2\/product_cat?post=7413"},{"taxonomy":"product_tag","embeddable":true,"href":"https:\/\/quando.com.vn\/en\/wp-json\/wp\/v2\/product_tag?post=7413"}],"curies":[{"name":"wp","href":"https:\/\/api.w.org\/{rel}","templated":true}]}}