{"id":7408,"date":"2025-08-13T14:14:08","date_gmt":"2025-08-13T07:14:08","guid":{"rendered":"https:\/\/quando.com.vn\/?post_type=product&#038;p=7408"},"modified":"2025-08-13T14:48:24","modified_gmt":"2025-08-13T07:48:24","slug":"cam-bien-ph-supmea-sup-ph5019","status":"publish","type":"product","link":"https:\/\/quando.com.vn\/en\/product\/cam-bien-ph-supmea-sup-ph5019\/","title":{"rendered":"C\u1ea3m bi\u1ebfn pH SUP-PH5019 lo\u1ea1i Plastic c\u1ee7a Supmea"},"content":{"rendered":"<p><strong>SUP-PH5019<\/strong> l\u00e0 c\u1ea3m bi\u1ebfn pH th\u00e2n nh\u1ef1a ch\u1ea5t l\u01b0\u1ee3ng cao c\u1ee7a <a href=\"https:\/\/www.supmeaauto.com\/ph-sensor-and-meter\/index\/2\">Supmea<\/a>, \u0111\u01b0\u1ee3c thi\u1ebft k\u1ebf cho c\u00e1c \u1ee9ng d\u1ee5ng x\u1eed l\u00fd n\u01b0\u1edbc th\u1ea3i v\u00e0 nhi\u1ec1u ng\u00e0nh c\u00f4ng nghi\u1ec7p y\u00eau c\u1ea7u kh\u1ea3 n\u0103ng ch\u1ed1ng h\u00f3a ch\u1ea5t, ch\u1ed1ng b\u00e1m b\u1ea9n v\u00e0 \u0111o pH \u1ed5n \u0111\u1ecbnh trong th\u1eddi gian d\u00e0i.<\/p>\n<p><img loading=\"lazy\" class=\"aligncenter size-full wp-image-7409\" src=\"https:\/\/quando.com.vn\/wp-content\/uploads\/2025\/08\/SUP-PH5019-Plastic-pH-sensor_content.webp\" alt=\"SUP-PH5019 Plastic pH sensor\" width=\"800\" height=\"859\" srcset=\"https:\/\/quando.com.vn\/wp-content\/uploads\/2025\/08\/SUP-PH5019-Plastic-pH-sensor_content.webp 800w, https:\/\/quando.com.vn\/wp-content\/uploads\/2025\/08\/SUP-PH5019-Plastic-pH-sensor_content-279x300.webp 279w, https:\/\/quando.com.vn\/wp-content\/uploads\/2025\/08\/SUP-PH5019-Plastic-pH-sensor_content-768x825.webp 768w, https:\/\/quando.com.vn\/wp-content\/uploads\/2025\/08\/SUP-PH5019-Plastic-pH-sensor_content-11x12.webp 11w, https:\/\/quando.com.vn\/wp-content\/uploads\/2025\/08\/SUP-PH5019-Plastic-pH-sensor_content-300x322.webp 300w\" sizes=\"(max-width: 800px) 100vw, 800px\" \/><\/p>\n<h3><strong>\u0110\u1eb7c \u0111i\u1ec3m k\u1ef9 thu\u1eadt:<\/strong><\/h3>\n<p>&#8211; \u0110i\u1ec3m zero: 7 \u00b1 0.5 pH<br \/>\n&#8211; \u0110\u1ed9 d\u1ed1c: &gt; 98%<br \/>\n&#8211; K\u00edch th\u01b0\u1edbc l\u1eafp: Ren 3\/4 NPT<br \/>\n&#8211; \u00c1p su\u1ea5t l\u00e0m vi\u1ec7c: 1 ~ 3 Bar t\u1ea1i 25\u2103<br \/>\n&#8211; Nhi\u1ec7t \u0111\u1ed9 l\u00e0m vi\u1ec7c: 0 ~ 60\u2103 (c\u00e1p th\u01b0\u1eddng)<\/p>\n<h3><strong>\u01afu \u0111i\u1ec3m n\u1ed5i b\u1eadt:<\/strong><\/h3>\n<p>&#8211; Th\u00e2n nh\u1ef1a b\u1ec1n b\u1ec9, ch\u1ed1ng \u0103n m\u00f2n h\u00f3a ch\u1ea5t<br \/>\n&#8211; Ch\u1ecbu \u0111\u01b0\u1ee3c m\u00f4i tr\u01b0\u1eddng c\u00f3 h\u1ea1t r\u1eafn, s\u01a1n, d\u1ea7u m\u1ee1<br \/>\n&#8211; Thi\u1ebft k\u1ebf hai bu\u1ed3ng ch\u1ed1ng nhi\u1ec5m \u0111\u1ed9c \u0111i\u1ec7n c\u1ef1c<br \/>\n&#8211; T\u01b0\u01a1ng th\u00edch m\u00f4i tr\u01b0\u1eddng c\u00f3 ch\u1ee9a fluoride (HF) l\u00ean t\u1edbi 1000 mg\/l<\/p>\n<h3><strong>\u1ee8ng d\u1ee5ng:<\/strong><\/h3>\n<p>&#8211; K\u1ef9 thu\u1eadt x\u1eed l\u00fd n\u01b0\u1edbc th\u1ea3i c\u00f4ng nghi\u1ec7p<br \/>\n&#8211; \u0110o pH trong qu\u00e1 tr\u00ecnh s\u1ea3n xu\u1ea5t m\u1ea1 \u0111i\u1ec7n<br \/>\n&#8211; Ng\u00e0nh gi\u1ea5y, b\u1ed9t gi\u1ea5y, d\u1ec7t nhu\u1ed9m<br \/>\n&#8211; Ng\u00e0nh \u0111\u1ed3 u\u1ed1ng, ch\u1ebf bi\u1ebfn th\u1ef1c ph\u1ea9m<br \/>\n&#8211; N\u01b0\u1edbc th\u1ea3i c\u00f3 ch\u1ee9a d\u1ea7u<br \/>\n&#8211; Dung d\u1ecbch huy\u1ec1n ph\u00f9, s\u01a1n, m\u00f4i tr\u01b0\u1eddng c\u00f3 h\u1ea1t r\u1eafn<br \/>\n&#8211; M\u00f4i tr\u01b0\u1eddng c\u00f3 ch\u1ee9a fluorides (axit HF)<\/p>\n<p>C\u1ea3m bi\u1ebfn pH SUP-PH5019 l\u00e0 l\u1ef1a ch\u1ecdn t\u1ed1i \u01b0u cho c\u00e1c nh\u00e0 m\u00e1y v\u00e0 h\u1ec7 th\u1ed1ng x\u1eed l\u00fd n\u01b0\u1edbc th\u1ea3i c\u1ea7n m\u1ed9t gi\u1ea3i ph\u00e1p \u0111o pH ch\u00ednh x\u00e1c, b\u1ec1n b\u1ec9 v\u00e0 ch\u1ed1ng ch\u1ecbu t\u1ed1t trong m\u00f4i tr\u01b0\u1eddng kh\u1eafc nghi\u1ec7t.<\/p>\n<p><img loading=\"lazy\" class=\"aligncenter size-full wp-image-7412\" src=\"https:\/\/quando.com.vn\/wp-content\/uploads\/2025\/08\/SUP-pH-ORP-sensor.png\" alt=\"SUP pH ORP sensor\" width=\"786\" height=\"601\" srcset=\"https:\/\/quando.com.vn\/wp-content\/uploads\/2025\/08\/SUP-pH-ORP-sensor.png 786w, https:\/\/quando.com.vn\/wp-content\/uploads\/2025\/08\/SUP-pH-ORP-sensor-300x229.png 300w, https:\/\/quando.com.vn\/wp-content\/uploads\/2025\/08\/SUP-pH-ORP-sensor-768x587.png 768w, https:\/\/quando.com.vn\/wp-content\/uploads\/2025\/08\/SUP-pH-ORP-sensor-16x12.png 16w\" sizes=\"(max-width: 786px) 100vw, 786px\" \/><\/p>","protected":false},"excerpt":{"rendered":"<p data-start=\"619\" data-end=\"642\">&#8211; \u0110i\u1ec3m zero: 7 \u00b1 0.5 pH<br \/>\n&#8211; \u0110\u1ed9 d\u1ed1c &gt; 98%<br \/>\n&#8211; L\u1eafp ren 3\/4 NPT<br \/>\n&#8211; \u00c1p su\u1ea5t 1~3 Bar t\u1ea1i 25\u2103<br \/>\n&#8211; Nhi\u1ec7t \u0111\u1ed9 0~60\u2103 c\u00e1p th\u01b0\u1eddng<\/p>","protected":false},"featured_media":7411,"template":"","meta":[],"product_cat":[543,544,531,533],"product_tag":[],"acf":[],"yoast_head":"<!-- This site is optimized with the Yoast SEO Premium plugin v18.4 (Yoast SEO v18.6) - https:\/\/yoast.com\/wordpress\/plugins\/seo\/ -->\n<title>C\u1ea3m bi\u1ebfn pH SUP-PH5019 lo\u1ea1i Plastic c\u1ee7a Supmea - QUANDO<\/title>\n<meta name=\"description\" content=\"C\u1ea3m bi\u1ebfn pH SUP-PH5019 Supmea b\u1ec1n, ch\u1ecbu h\u00f3a ch\u1ea5t, \u0111o pH trong x\u1eed l\u00fd n\u01b0\u1edbc th\u1ea3i, m\u1ea1 \u0111i\u1ec7n, s\u1ea3n xu\u1ea5t gi\u1ea5y, th\u1ef1c ph\u1ea9m v\u00e0 c\u00e1c ng\u00e0nh c\u00f4ng nghi\u1ec7p\" \/>\n<meta name=\"robots\" content=\"index, follow, max-snippet:-1, max-image-preview:large, max-video-preview:-1\" \/>\n<link rel=\"canonical\" href=\"https:\/\/quando.com.vn\/en\/product\/cam-bien-ph-supmea-sup-ph5019\/\" \/>\n<meta property=\"og:locale\" content=\"en_US\" \/>\n<meta property=\"og:type\" content=\"article\" \/>\n<meta property=\"og:title\" content=\"C\u1ea3m bi\u1ebfn pH SUP-PH5019 lo\u1ea1i Plastic c\u1ee7a Supmea\" \/>\n<meta property=\"og:description\" content=\"C\u1ea3m bi\u1ebfn pH SUP-PH5019 Supmea b\u1ec1n, ch\u1ecbu h\u00f3a ch\u1ea5t, \u0111o pH trong x\u1eed l\u00fd n\u01b0\u1edbc th\u1ea3i, m\u1ea1 \u0111i\u1ec7n, s\u1ea3n xu\u1ea5t gi\u1ea5y, th\u1ef1c ph\u1ea9m v\u00e0 c\u00e1c ng\u00e0nh c\u00f4ng nghi\u1ec7p\" \/>\n<meta property=\"og:url\" content=\"https:\/\/quando.com.vn\/en\/product\/cam-bien-ph-supmea-sup-ph5019\/\" \/>\n<meta property=\"og:site_name\" content=\"QUANDO\" \/>\n<meta property=\"article:modified_time\" content=\"2025-08-13T07:48:24+00:00\" \/>\n<meta name=\"twitter:card\" content=\"summary_large_image\" \/>\n<meta name=\"twitter:image\" content=\"https:\/\/quando.com.vn\/wp-content\/uploads\/2025\/08\/SUP-PH5019-Plastic-pH-sensor_product2.webp\" \/>\n<meta name=\"twitter:label1\" content=\"Est. reading time\" \/>\n\t<meta name=\"twitter:data1\" content=\"2 minutes\" \/>\n<script type=\"application\/ld+json\" class=\"yoast-schema-graph\">{\"@context\":\"https:\/\/schema.org\",\"@graph\":[{\"@type\":\"WebSite\",\"@id\":\"https:\/\/quando.com.vn\/en\/#website\",\"url\":\"https:\/\/quando.com.vn\/en\/\",\"name\":\"QUANDO\",\"description\":\"\",\"potentialAction\":[{\"@type\":\"SearchAction\",\"target\":{\"@type\":\"EntryPoint\",\"urlTemplate\":\"https:\/\/quando.com.vn\/en\/?s={search_term_string}\"},\"query-input\":\"required name=search_term_string\"}],\"inLanguage\":\"en-US\"},{\"@type\":\"ImageObject\",\"@id\":\"https:\/\/quando.com.vn\/san-pham\/cam-bien-ph-supmea-sup-ph5019\/#primaryimage\",\"inLanguage\":\"en-US\",\"url\":\"https:\/\/quando.com.vn\/wp-content\/uploads\/2025\/08\/SUP-PH5019-Plastic-pH-sensor_product2.webp\",\"contentUrl\":\"https:\/\/quando.com.vn\/wp-content\/uploads\/2025\/08\/SUP-PH5019-Plastic-pH-sensor_product2.webp\",\"width\":600,\"height\":600,\"caption\":\"SUP-PH5019 Plastic pH sensor\"},{\"@type\":\"WebPage\",\"@id\":\"https:\/\/quando.com.vn\/san-pham\/cam-bien-ph-supmea-sup-ph5019\/#webpage\",\"url\":\"https:\/\/quando.com.vn\/san-pham\/cam-bien-ph-supmea-sup-ph5019\/\",\"name\":\"C\u1ea3m bi\u1ebfn pH SUP-PH5019 lo\u1ea1i Plastic c\u1ee7a Supmea - QUANDO\",\"isPartOf\":{\"@id\":\"https:\/\/quando.com.vn\/en\/#website\"},\"primaryImageOfPage\":{\"@id\":\"https:\/\/quando.com.vn\/san-pham\/cam-bien-ph-supmea-sup-ph5019\/#primaryimage\"},\"datePublished\":\"2025-08-13T07:14:08+00:00\",\"dateModified\":\"2025-08-13T07:48:24+00:00\",\"description\":\"C\u1ea3m bi\u1ebfn pH SUP-PH5019 Supmea b\u1ec1n, ch\u1ecbu h\u00f3a ch\u1ea5t, \u0111o pH trong x\u1eed l\u00fd n\u01b0\u1edbc th\u1ea3i, m\u1ea1 \u0111i\u1ec7n, s\u1ea3n xu\u1ea5t gi\u1ea5y, th\u1ef1c ph\u1ea9m v\u00e0 c\u00e1c ng\u00e0nh c\u00f4ng nghi\u1ec7p\",\"breadcrumb\":{\"@id\":\"https:\/\/quando.com.vn\/san-pham\/cam-bien-ph-supmea-sup-ph5019\/#breadcrumb\"},\"inLanguage\":\"en-US\",\"potentialAction\":[{\"@type\":\"ReadAction\",\"target\":[\"https:\/\/quando.com.vn\/san-pham\/cam-bien-ph-supmea-sup-ph5019\/\"]}]},{\"@type\":\"BreadcrumbList\",\"@id\":\"https:\/\/quando.com.vn\/san-pham\/cam-bien-ph-supmea-sup-ph5019\/#breadcrumb\",\"itemListElement\":[{\"@type\":\"ListItem\",\"position\":1,\"name\":\"Trang ch\u1ee7\",\"item\":\"https:\/\/quando.com.vn\/\"},{\"@type\":\"ListItem\",\"position\":2,\"name\":\"S\u1ea3n ph\u1ea9m\",\"item\":\"https:\/\/quando.com.vn\/san-pham\/\"},{\"@type\":\"ListItem\",\"position\":3,\"name\":\"C\u1ea3m bi\u1ebfn pH SUP-PH5019 lo\u1ea1i Plastic c\u1ee7a Supmea\"}]}]}<\/script>\n<!-- \/ Yoast SEO Premium plugin. -->","yoast_head_json":{"title":"C\u1ea3m bi\u1ebfn pH SUP-PH5019 lo\u1ea1i Plastic c\u1ee7a Supmea - QUANDO","description":"C\u1ea3m bi\u1ebfn pH SUP-PH5019 Supmea b\u1ec1n, ch\u1ecbu h\u00f3a ch\u1ea5t, \u0111o pH trong x\u1eed l\u00fd n\u01b0\u1edbc th\u1ea3i, m\u1ea1 \u0111i\u1ec7n, s\u1ea3n xu\u1ea5t gi\u1ea5y, th\u1ef1c ph\u1ea9m v\u00e0 c\u00e1c ng\u00e0nh c\u00f4ng nghi\u1ec7p","robots":{"index":"index","follow":"follow","max-snippet":"max-snippet:-1","max-image-preview":"max-image-preview:large","max-video-preview":"max-video-preview:-1"},"canonical":"https:\/\/quando.com.vn\/en\/product\/cam-bien-ph-supmea-sup-ph5019\/","og_locale":"en_US","og_type":"article","og_title":"C\u1ea3m bi\u1ebfn pH SUP-PH5019 lo\u1ea1i Plastic c\u1ee7a Supmea","og_description":"C\u1ea3m bi\u1ebfn pH SUP-PH5019 Supmea b\u1ec1n, ch\u1ecbu h\u00f3a ch\u1ea5t, \u0111o pH trong x\u1eed l\u00fd n\u01b0\u1edbc th\u1ea3i, m\u1ea1 \u0111i\u1ec7n, s\u1ea3n xu\u1ea5t gi\u1ea5y, th\u1ef1c ph\u1ea9m v\u00e0 c\u00e1c ng\u00e0nh c\u00f4ng nghi\u1ec7p","og_url":"https:\/\/quando.com.vn\/en\/product\/cam-bien-ph-supmea-sup-ph5019\/","og_site_name":"QUANDO","article_modified_time":"2025-08-13T07:48:24+00:00","twitter_card":"summary_large_image","twitter_image":"https:\/\/quando.com.vn\/wp-content\/uploads\/2025\/08\/SUP-PH5019-Plastic-pH-sensor_product2.webp","twitter_misc":{"Est. reading time":"2 minutes"},"schema":{"@context":"https:\/\/schema.org","@graph":[{"@type":"WebSite","@id":"https:\/\/quando.com.vn\/en\/#website","url":"https:\/\/quando.com.vn\/en\/","name":"QUANDO","description":"","potentialAction":[{"@type":"SearchAction","target":{"@type":"EntryPoint","urlTemplate":"https:\/\/quando.com.vn\/en\/?s={search_term_string}"},"query-input":"required name=search_term_string"}],"inLanguage":"en-US"},{"@type":"ImageObject","@id":"https:\/\/quando.com.vn\/san-pham\/cam-bien-ph-supmea-sup-ph5019\/#primaryimage","inLanguage":"en-US","url":"https:\/\/quando.com.vn\/wp-content\/uploads\/2025\/08\/SUP-PH5019-Plastic-pH-sensor_product2.webp","contentUrl":"https:\/\/quando.com.vn\/wp-content\/uploads\/2025\/08\/SUP-PH5019-Plastic-pH-sensor_product2.webp","width":600,"height":600,"caption":"SUP-PH5019 Plastic pH sensor"},{"@type":"WebPage","@id":"https:\/\/quando.com.vn\/san-pham\/cam-bien-ph-supmea-sup-ph5019\/#webpage","url":"https:\/\/quando.com.vn\/san-pham\/cam-bien-ph-supmea-sup-ph5019\/","name":"C\u1ea3m bi\u1ebfn pH SUP-PH5019 lo\u1ea1i Plastic c\u1ee7a Supmea - QUANDO","isPartOf":{"@id":"https:\/\/quando.com.vn\/en\/#website"},"primaryImageOfPage":{"@id":"https:\/\/quando.com.vn\/san-pham\/cam-bien-ph-supmea-sup-ph5019\/#primaryimage"},"datePublished":"2025-08-13T07:14:08+00:00","dateModified":"2025-08-13T07:48:24+00:00","description":"C\u1ea3m bi\u1ebfn pH SUP-PH5019 Supmea b\u1ec1n, ch\u1ecbu h\u00f3a ch\u1ea5t, \u0111o pH trong x\u1eed l\u00fd n\u01b0\u1edbc th\u1ea3i, m\u1ea1 \u0111i\u1ec7n, s\u1ea3n xu\u1ea5t gi\u1ea5y, th\u1ef1c ph\u1ea9m v\u00e0 c\u00e1c ng\u00e0nh c\u00f4ng nghi\u1ec7p","breadcrumb":{"@id":"https:\/\/quando.com.vn\/san-pham\/cam-bien-ph-supmea-sup-ph5019\/#breadcrumb"},"inLanguage":"en-US","potentialAction":[{"@type":"ReadAction","target":["https:\/\/quando.com.vn\/san-pham\/cam-bien-ph-supmea-sup-ph5019\/"]}]},{"@type":"BreadcrumbList","@id":"https:\/\/quando.com.vn\/san-pham\/cam-bien-ph-supmea-sup-ph5019\/#breadcrumb","itemListElement":[{"@type":"ListItem","position":1,"name":"Trang ch\u1ee7","item":"https:\/\/quando.com.vn\/"},{"@type":"ListItem","position":2,"name":"S\u1ea3n ph\u1ea9m","item":"https:\/\/quando.com.vn\/san-pham\/"},{"@type":"ListItem","position":3,"name":"C\u1ea3m bi\u1ebfn pH SUP-PH5019 lo\u1ea1i Plastic c\u1ee7a Supmea"}]}]}},"_links":{"self":[{"href":"https:\/\/quando.com.vn\/en\/wp-json\/wp\/v2\/product\/7408"}],"collection":[{"href":"https:\/\/quando.com.vn\/en\/wp-json\/wp\/v2\/product"}],"about":[{"href":"https:\/\/quando.com.vn\/en\/wp-json\/wp\/v2\/types\/product"}],"wp:featuredmedia":[{"embeddable":true,"href":"https:\/\/quando.com.vn\/en\/wp-json\/wp\/v2\/media\/7411"}],"wp:attachment":[{"href":"https:\/\/quando.com.vn\/en\/wp-json\/wp\/v2\/media?parent=7408"}],"wp:term":[{"taxonomy":"product_cat","embeddable":true,"href":"https:\/\/quando.com.vn\/en\/wp-json\/wp\/v2\/product_cat?post=7408"},{"taxonomy":"product_tag","embeddable":true,"href":"https:\/\/quando.com.vn\/en\/wp-json\/wp\/v2\/product_tag?post=7408"}],"curies":[{"name":"wp","href":"https:\/\/api.w.org\/{rel}","templated":true}]}}