{"id":7383,"date":"2025-07-17T14:10:38","date_gmt":"2025-07-17T07:10:38","guid":{"rendered":"https:\/\/quando.com.vn\/?post_type=product&#038;p=7383"},"modified":"2025-11-19T10:57:27","modified_gmt":"2025-11-19T03:57:27","slug":"dong-ho-do-luu-luong-vortex-lugbmt-h-nhiet-do-cao","status":"publish","type":"product","link":"https:\/\/quando.com.vn\/en\/product\/dong-ho-do-luu-luong-vortex-lugbmt-h-nhiet-do-cao\/","title":{"rendered":"\u0110\u1ed3ng h\u1ed3 \u0111o l\u01b0u l\u01b0\u1ee3ng Vortex nhi\u1ec7t \u0111\u1ed9 cao LUGBMT-H"},"content":{"rendered":"<h3>\u0110\u1ed3ng h\u1ed3 \u0111o l\u01b0u l\u01b0\u1ee3ng Vortex cho m\u00f4i tr\u01b0\u1eddng nhi\u1ec7t \u0111\u1ed9 cao \u2013 LUGBMT-H<\/h3>\n<p>LUGBMT-H l\u00e0 d\u00f2ng <a href=\"https:\/\/metlaninst.com\/vortex-flow-meters\/\">\u0111\u1ed3ng h\u1ed3 l\u01b0u l\u01b0\u1ee3ng Vortex<\/a> \u0111\u01b0\u1ee3c thi\u1ebft k\u1ebf \u0111\u1eb7c bi\u1ec7t cho c\u00e1c \u1ee9ng d\u1ee5ng \u1edf nhi\u1ec7t \u0111\u1ed9 cao l\u00ean \u0111\u1ebfn +400\u00b0C, t\u01b0\u01a1ng \u0111\u01b0\u01a1ng +750\u00b0F. S\u1ea3n ph\u1ea9m n\u00e0y l\u00fd t\u01b0\u1edfng cho vi\u1ec7c \u0111o l\u01b0u l\u01b0\u1ee3ng h\u01a1i b\u00e3o h\u00f2a v\u00e0 h\u01a1i si\u00eau nhi\u1ec7t trong h\u1ec7 th\u1ed1ng c\u00f4ng nghi\u1ec7p nh\u01b0 n\u1ed3i h\u01a1i, nh\u00e0 m\u00e1y nhi\u1ec7t \u0111i\u1ec7n, nh\u00e0 m\u00e1y h\u00f3a ch\u1ea5t v\u00e0 luy\u1ec7n kim. Thi\u1ebft b\u1ecb c\u00f3 kh\u1ea3 n\u0103ng \u0111o ch\u00ednh x\u00e1c c\u00e1c lo\u1ea1i ch\u1ea5t l\u1ecfng, kh\u00ed v\u00e0 h\u01a1i trong \u0111i\u1ec1u ki\u1ec7n nhi\u1ec7t \u0111\u1ed9 v\u00e0 \u00e1p su\u1ea5t kh\u1eafc nghi\u1ec7t, nh\u1edd thi\u1ebft k\u1ebf c\u1ea3m bi\u1ebfn v\u00e0 v\u1eadt li\u1ec7u ch\u1ebf t\u1ea1o cao c\u1ea5p nh\u01b0 inox 316L.<\/p>\n<table>\n<tbody>\n<tr>\n<td><strong>Product code<\/strong><\/td>\n<td>LUGBMT-H<\/td>\n<\/tr>\n<tr>\n<td><strong>Nominal Diameter Range<\/strong><\/td>\n<td>DN 15 to 300 (\u00bd&#8221; to 12&#8243;)<\/td>\n<\/tr>\n<tr>\n<td><strong>Wetted Materials<\/strong><\/td>\n<td>Measuring tube: Austenitic stainless steel (316L), 304<br \/>\nSensor: Austenitic stainless steel (316\/316L)<br \/>\nProcess connection: Austenitic stainless steel (316\/316L)<\/td>\n<\/tr>\n<tr>\n<td><strong>Accuracy<\/strong><\/td>\n<td>Liquid\/Gas\/Steam: \u00b11 %<\/td>\n<\/tr>\n<tr>\n<td><strong>Repeatability<\/strong><\/td>\n<td>\u00b10.33 %<\/td>\n<\/tr>\n<tr>\n<td><strong>Measuring Range<\/strong><\/td>\n<td>Liquid: 0.8 to 3500 m\u00b3\/h<br \/>\nSteam, gas: 5 to 18000 m\u00b3\/h<\/td>\n<\/tr>\n<tr>\n<td><strong>Max Process Pressure<\/strong><\/td>\n<td>100 bar (1450.38 psi)<\/td>\n<\/tr>\n<tr>\n<td><strong>Medium Temperature Range<\/strong><\/td>\n<td>\u2013200 to +400 \u00b0C (\u2013328 to +750 \u00b0F)<\/td>\n<\/tr>\n<tr>\n<td><strong>Ambient Temperature Range<\/strong><\/td>\n<td>-35\u2103~60\u2103<\/td>\n<\/tr>\n<tr>\n<td><strong>Outputs<\/strong><\/td>\n<td>4-20 mA, Pulse<\/td>\n<\/tr>\n<tr>\n<td><strong>Digital Communication<\/strong><\/td>\n<td>RS485 (Others on request)<\/td>\n<\/tr>\n<tr>\n<td><strong>Power Supply<\/strong><\/td>\n<td>DC 12 to 24 V, 3.6V Lithium battery<\/td>\n<\/tr>\n<tr>\n<td><strong>Process Connections<\/strong><\/td>\n<td>Flanged (Others on request)<\/td>\n<\/tr>\n<tr>\n<td><strong>Degree of Protection<\/strong><\/td>\n<td>IP65<\/td>\n<\/tr>\n<\/tbody>\n<\/table>\n<p><strong>\u1ee8ng d\u1ee5ng:<\/strong><\/p>\n<p>&#8211; \u0110o h\u01a1i b\u00e3o h\u00f2a v\u00e0 si\u00eau nhi\u1ec7t tr\u00ean +240\u00b0C<br \/>\n&#8211; Gi\u00e1m s\u00e1t kh\u00ed c\u00f4ng nghi\u1ec7p nhi\u1ec7t \u0111\u1ed9 cao<br \/>\n&#8211; Ng\u00e0nh h\u00f3a ch\u1ea5t, d\u1ea7u kh\u00ed v\u00e0 n\u0103ng l\u01b0\u1ee3ng t\u00e1i t\u1ea1o<br \/>\n&#8211; L\u00f2 h\u01a1i, nh\u00e0 m\u00e1y \u0111i\u1ec7n, h\u1ec7 th\u1ed1ng l\u00e0m m\u00e1t l\u00f2 luy\u1ec7n kim<br \/>\n&#8211; \u1ee8ng d\u1ee5ng trong ng\u00e0nh th\u1ef1c ph\u1ea9m, \u0111\u1ed3 u\u1ed1ng, th\u00e9p v\u00e0 luy\u1ec7n kim<\/p>\n<p><strong>\u0110\u1eb7c \u0111i\u1ec3m n\u1ed5i b\u1eadt:<\/strong><\/p>\n<p>&#8211; D\u1ea3i nhi\u1ec7t \u0111\u1ed9 l\u00e0m vi\u1ec7c r\u1ed9ng t\u1eeb -200 \u0111\u1ebfn +400\u00b0C<br \/>\n&#8211; Thi\u1ebft k\u1ebf chuy\u00ean bi\u1ec7t cho m\u00f4i tr\u01b0\u1eddng nhi\u1ec7t \u0111\u1ed9 cao, h\u01a1i v\u00e0 kh\u00ed<br \/>\n&#8211; V\u1eadt li\u1ec7u inox ch\u1ed1ng \u0103n m\u00f2n, \u0111\u1ed9 b\u1ec1n cao<br \/>\n&#8211; \u0110\u1ed9 ch\u00ednh x\u00e1c cao \u00b11% cho h\u01a1i, kh\u00ed, v\u00e0 ch\u1ea5t l\u1ecfng<br \/>\n&#8211; C\u00f3 th\u1ec3 cung c\u1ea5p nhi\u1ec1u ng\u00f4n ng\u1eef tr\u00ean m\u00e0n h\u00ecnh LCD<br \/>\n&#8211; T\u00edch h\u1ee3p \u0111\u1ea7u ra analog v\u00e0 k\u1ef9 thu\u1eadt s\u1ed1<br \/>\n&#8211; \u0110\u01b0\u1ee3c hi\u1ec7u chu\u1ea9n ri\u00eang v\u1edbi s\u1ed1 serial v\u00e0 d\u1eef li\u1ec7u \u0111i k\u00e8m<\/p>","protected":false},"excerpt":{"rendered":"<p>&#8211; \u0110\u1ed3ng h\u1ed3 \u0111o l\u01b0u l\u01b0\u1ee3ng ki\u1ec3u Vortex nhi\u1ec7t \u0111\u1ed9 cao \u0111\u1ebfn +400\u00b0C<br \/>\n&#8211; \u0110\u01b0\u1eddng k\u00ednh \u1ed1ng DN 15 to 300 (\u00bd&#8221; to 12&#8243;)<br \/>\n&#8211; L\u01b0u l\u01b0\u1ee3ng ch\u1ea5t l\u1ecfng : 0.8 to 3500 m\u00b3\/h Steam, gas: 5 to 18000 m\u00b3\/h<br \/>\n&#8211; \u0110\u1ed9 ch\u00ednh x\u00e1c cao \u00b11%, kh\u00f4ng b\u1ecb \u1ea3nh h\u01b0\u1edfng b\u1edfi nhi\u1ec7t \u0111\u1ed9 v\u00e0 \u00e1p su\u1ea5t<br \/>\n&#8211; Ch\u1ed1ng ch\u1ecbu t\u1ed1t trong m\u00f4i tr\u01b0\u1eddng c\u00f4ng nghi\u1ec7p n\u1eb7ng v\u00e0 \u0103n m\u00f2n<\/p>","protected":false},"featured_media":7382,"template":"","meta":[],"product_cat":[503,511],"product_tag":[],"acf":[],"yoast_head":"<!-- This site is optimized with the Yoast SEO Premium plugin v18.4 (Yoast SEO v18.6) - https:\/\/yoast.com\/wordpress\/plugins\/seo\/ -->\n<title>\u0110\u1ed3ng h\u1ed3 \u0111o l\u01b0u l\u01b0\u1ee3ng Vortex nhi\u1ec7t \u0111\u1ed9 cao LUGBMT-H - QUANDO<\/title>\n<meta name=\"description\" content=\"\u0110\u1ed3ng h\u1ed3 \u0111o l\u01b0u l\u01b0\u1ee3ng Vortex LUGBMT-H d\u00f9ng cho nhi\u1ec7t \u0111\u1ed9 cao \u0111\u1ebfn +400\u00b0C, \u0111\u1ed9 ch\u00ednh x\u00e1c cao \u00b11%, ph\u00f9 h\u1ee3p \u0111o l\u01b0u l\u01b0\u1ee3ng kh\u00ed, h\u01a1i v\u00e0 ch\u1ea5t l\u1ecfng\" \/>\n<meta name=\"robots\" content=\"index, follow, max-snippet:-1, max-image-preview:large, max-video-preview:-1\" \/>\n<link rel=\"canonical\" href=\"https:\/\/quando.com.vn\/en\/product\/dong-ho-do-luu-luong-vortex-lugbmt-h-nhiet-do-cao\/\" \/>\n<meta property=\"og:locale\" content=\"en_US\" \/>\n<meta property=\"og:type\" content=\"article\" \/>\n<meta property=\"og:title\" content=\"\u0110\u1ed3ng h\u1ed3 \u0111o l\u01b0u l\u01b0\u1ee3ng Vortex nhi\u1ec7t \u0111\u1ed9 cao LUGBMT-H\" \/>\n<meta property=\"og:description\" content=\"\u0110\u1ed3ng h\u1ed3 \u0111o l\u01b0u l\u01b0\u1ee3ng Vortex LUGBMT-H d\u00f9ng cho nhi\u1ec7t \u0111\u1ed9 cao \u0111\u1ebfn +400\u00b0C, \u0111\u1ed9 ch\u00ednh x\u00e1c cao \u00b11%, ph\u00f9 h\u1ee3p \u0111o l\u01b0u l\u01b0\u1ee3ng kh\u00ed, h\u01a1i v\u00e0 ch\u1ea5t l\u1ecfng\" \/>\n<meta property=\"og:url\" content=\"https:\/\/quando.com.vn\/en\/product\/dong-ho-do-luu-luong-vortex-lugbmt-h-nhiet-do-cao\/\" \/>\n<meta property=\"og:site_name\" content=\"QUANDO\" \/>\n<meta property=\"article:modified_time\" content=\"2025-11-19T03:57:27+00:00\" \/>\n<meta property=\"og:image\" content=\"https:\/\/quando.com.vn\/wp-content\/uploads\/2025\/07\/Vortex-Flow-Meters-for-High-Temperature-Medium-LUGBMT-H.jpg\" \/>\n\t<meta property=\"og:image:width\" content=\"800\" \/>\n\t<meta property=\"og:image:height\" content=\"800\" \/>\n\t<meta property=\"og:image:type\" content=\"image\/jpeg\" \/>\n<meta name=\"twitter:card\" content=\"summary_large_image\" \/>\n<meta name=\"twitter:label1\" content=\"Est. reading time\" \/>\n\t<meta name=\"twitter:data1\" content=\"2 minutes\" \/>\n<script type=\"application\/ld+json\" class=\"yoast-schema-graph\">{\"@context\":\"https:\/\/schema.org\",\"@graph\":[{\"@type\":\"WebSite\",\"@id\":\"https:\/\/quando.com.vn\/en\/#website\",\"url\":\"https:\/\/quando.com.vn\/en\/\",\"name\":\"QUANDO\",\"description\":\"\",\"potentialAction\":[{\"@type\":\"SearchAction\",\"target\":{\"@type\":\"EntryPoint\",\"urlTemplate\":\"https:\/\/quando.com.vn\/en\/?s={search_term_string}\"},\"query-input\":\"required name=search_term_string\"}],\"inLanguage\":\"en-US\"},{\"@type\":\"ImageObject\",\"@id\":\"https:\/\/quando.com.vn\/san-pham\/dong-ho-do-luu-luong-vortex-lugbmt-h-nhiet-do-cao\/#primaryimage\",\"inLanguage\":\"en-US\",\"url\":\"https:\/\/quando.com.vn\/wp-content\/uploads\/2025\/07\/Vortex-Flow-Meters-for-High-Temperature-Medium-LUGBMT-H.jpg\",\"contentUrl\":\"https:\/\/quando.com.vn\/wp-content\/uploads\/2025\/07\/Vortex-Flow-Meters-for-High-Temperature-Medium-LUGBMT-H.jpg\",\"width\":800,\"height\":800,\"caption\":\"\u0111\u1ed3ng h\u1ed3 \u0111o l\u01b0u l\u01b0\u1ee3ng Vortex LUGBMT-H\"},{\"@type\":\"WebPage\",\"@id\":\"https:\/\/quando.com.vn\/san-pham\/dong-ho-do-luu-luong-vortex-lugbmt-h-nhiet-do-cao\/#webpage\",\"url\":\"https:\/\/quando.com.vn\/san-pham\/dong-ho-do-luu-luong-vortex-lugbmt-h-nhiet-do-cao\/\",\"name\":\"\u0110\u1ed3ng h\u1ed3 \u0111o l\u01b0u l\u01b0\u1ee3ng Vortex nhi\u1ec7t \u0111\u1ed9 cao LUGBMT-H - QUANDO\",\"isPartOf\":{\"@id\":\"https:\/\/quando.com.vn\/en\/#website\"},\"primaryImageOfPage\":{\"@id\":\"https:\/\/quando.com.vn\/san-pham\/dong-ho-do-luu-luong-vortex-lugbmt-h-nhiet-do-cao\/#primaryimage\"},\"datePublished\":\"2025-07-17T07:10:38+00:00\",\"dateModified\":\"2025-11-19T03:57:27+00:00\",\"description\":\"\u0110\u1ed3ng h\u1ed3 \u0111o l\u01b0u l\u01b0\u1ee3ng Vortex LUGBMT-H d\u00f9ng cho nhi\u1ec7t \u0111\u1ed9 cao \u0111\u1ebfn +400\u00b0C, \u0111\u1ed9 ch\u00ednh x\u00e1c cao \u00b11%, ph\u00f9 h\u1ee3p \u0111o l\u01b0u l\u01b0\u1ee3ng kh\u00ed, h\u01a1i v\u00e0 ch\u1ea5t l\u1ecfng\",\"breadcrumb\":{\"@id\":\"https:\/\/quando.com.vn\/san-pham\/dong-ho-do-luu-luong-vortex-lugbmt-h-nhiet-do-cao\/#breadcrumb\"},\"inLanguage\":\"en-US\",\"potentialAction\":[{\"@type\":\"ReadAction\",\"target\":[\"https:\/\/quando.com.vn\/san-pham\/dong-ho-do-luu-luong-vortex-lugbmt-h-nhiet-do-cao\/\"]}]},{\"@type\":\"BreadcrumbList\",\"@id\":\"https:\/\/quando.com.vn\/san-pham\/dong-ho-do-luu-luong-vortex-lugbmt-h-nhiet-do-cao\/#breadcrumb\",\"itemListElement\":[{\"@type\":\"ListItem\",\"position\":1,\"name\":\"Trang ch\u1ee7\",\"item\":\"https:\/\/quando.com.vn\/\"},{\"@type\":\"ListItem\",\"position\":2,\"name\":\"S\u1ea3n ph\u1ea9m\",\"item\":\"https:\/\/quando.com.vn\/san-pham\/\"},{\"@type\":\"ListItem\",\"position\":3,\"name\":\"\u0110\u1ed3ng h\u1ed3 \u0111o l\u01b0u l\u01b0\u1ee3ng Vortex nhi\u1ec7t \u0111\u1ed9 cao LUGBMT-H\"}]}]}<\/script>\n<!-- \/ Yoast SEO Premium plugin. -->","yoast_head_json":{"title":"\u0110\u1ed3ng h\u1ed3 \u0111o l\u01b0u l\u01b0\u1ee3ng Vortex nhi\u1ec7t \u0111\u1ed9 cao LUGBMT-H - QUANDO","description":"\u0110\u1ed3ng h\u1ed3 \u0111o l\u01b0u l\u01b0\u1ee3ng Vortex LUGBMT-H d\u00f9ng cho nhi\u1ec7t \u0111\u1ed9 cao \u0111\u1ebfn +400\u00b0C, \u0111\u1ed9 ch\u00ednh x\u00e1c cao \u00b11%, ph\u00f9 h\u1ee3p \u0111o l\u01b0u l\u01b0\u1ee3ng kh\u00ed, h\u01a1i v\u00e0 ch\u1ea5t l\u1ecfng","robots":{"index":"index","follow":"follow","max-snippet":"max-snippet:-1","max-image-preview":"max-image-preview:large","max-video-preview":"max-video-preview:-1"},"canonical":"https:\/\/quando.com.vn\/en\/product\/dong-ho-do-luu-luong-vortex-lugbmt-h-nhiet-do-cao\/","og_locale":"en_US","og_type":"article","og_title":"\u0110\u1ed3ng h\u1ed3 \u0111o l\u01b0u l\u01b0\u1ee3ng Vortex nhi\u1ec7t \u0111\u1ed9 cao LUGBMT-H","og_description":"\u0110\u1ed3ng h\u1ed3 \u0111o l\u01b0u l\u01b0\u1ee3ng Vortex LUGBMT-H d\u00f9ng cho nhi\u1ec7t \u0111\u1ed9 cao \u0111\u1ebfn +400\u00b0C, \u0111\u1ed9 ch\u00ednh x\u00e1c cao \u00b11%, ph\u00f9 h\u1ee3p \u0111o l\u01b0u l\u01b0\u1ee3ng kh\u00ed, h\u01a1i v\u00e0 ch\u1ea5t l\u1ecfng","og_url":"https:\/\/quando.com.vn\/en\/product\/dong-ho-do-luu-luong-vortex-lugbmt-h-nhiet-do-cao\/","og_site_name":"QUANDO","article_modified_time":"2025-11-19T03:57:27+00:00","og_image":[{"width":800,"height":800,"url":"https:\/\/quando.com.vn\/wp-content\/uploads\/2025\/07\/Vortex-Flow-Meters-for-High-Temperature-Medium-LUGBMT-H.jpg","type":"image\/jpeg"}],"twitter_card":"summary_large_image","twitter_misc":{"Est. reading time":"2 minutes"},"schema":{"@context":"https:\/\/schema.org","@graph":[{"@type":"WebSite","@id":"https:\/\/quando.com.vn\/en\/#website","url":"https:\/\/quando.com.vn\/en\/","name":"QUANDO","description":"","potentialAction":[{"@type":"SearchAction","target":{"@type":"EntryPoint","urlTemplate":"https:\/\/quando.com.vn\/en\/?s={search_term_string}"},"query-input":"required name=search_term_string"}],"inLanguage":"en-US"},{"@type":"ImageObject","@id":"https:\/\/quando.com.vn\/san-pham\/dong-ho-do-luu-luong-vortex-lugbmt-h-nhiet-do-cao\/#primaryimage","inLanguage":"en-US","url":"https:\/\/quando.com.vn\/wp-content\/uploads\/2025\/07\/Vortex-Flow-Meters-for-High-Temperature-Medium-LUGBMT-H.jpg","contentUrl":"https:\/\/quando.com.vn\/wp-content\/uploads\/2025\/07\/Vortex-Flow-Meters-for-High-Temperature-Medium-LUGBMT-H.jpg","width":800,"height":800,"caption":"\u0111\u1ed3ng h\u1ed3 \u0111o l\u01b0u l\u01b0\u1ee3ng Vortex LUGBMT-H"},{"@type":"WebPage","@id":"https:\/\/quando.com.vn\/san-pham\/dong-ho-do-luu-luong-vortex-lugbmt-h-nhiet-do-cao\/#webpage","url":"https:\/\/quando.com.vn\/san-pham\/dong-ho-do-luu-luong-vortex-lugbmt-h-nhiet-do-cao\/","name":"\u0110\u1ed3ng h\u1ed3 \u0111o l\u01b0u l\u01b0\u1ee3ng Vortex nhi\u1ec7t \u0111\u1ed9 cao LUGBMT-H - QUANDO","isPartOf":{"@id":"https:\/\/quando.com.vn\/en\/#website"},"primaryImageOfPage":{"@id":"https:\/\/quando.com.vn\/san-pham\/dong-ho-do-luu-luong-vortex-lugbmt-h-nhiet-do-cao\/#primaryimage"},"datePublished":"2025-07-17T07:10:38+00:00","dateModified":"2025-11-19T03:57:27+00:00","description":"\u0110\u1ed3ng h\u1ed3 \u0111o l\u01b0u l\u01b0\u1ee3ng Vortex LUGBMT-H d\u00f9ng cho nhi\u1ec7t \u0111\u1ed9 cao \u0111\u1ebfn +400\u00b0C, \u0111\u1ed9 ch\u00ednh x\u00e1c cao \u00b11%, ph\u00f9 h\u1ee3p \u0111o l\u01b0u l\u01b0\u1ee3ng kh\u00ed, h\u01a1i v\u00e0 ch\u1ea5t l\u1ecfng","breadcrumb":{"@id":"https:\/\/quando.com.vn\/san-pham\/dong-ho-do-luu-luong-vortex-lugbmt-h-nhiet-do-cao\/#breadcrumb"},"inLanguage":"en-US","potentialAction":[{"@type":"ReadAction","target":["https:\/\/quando.com.vn\/san-pham\/dong-ho-do-luu-luong-vortex-lugbmt-h-nhiet-do-cao\/"]}]},{"@type":"BreadcrumbList","@id":"https:\/\/quando.com.vn\/san-pham\/dong-ho-do-luu-luong-vortex-lugbmt-h-nhiet-do-cao\/#breadcrumb","itemListElement":[{"@type":"ListItem","position":1,"name":"Trang ch\u1ee7","item":"https:\/\/quando.com.vn\/"},{"@type":"ListItem","position":2,"name":"S\u1ea3n ph\u1ea9m","item":"https:\/\/quando.com.vn\/san-pham\/"},{"@type":"ListItem","position":3,"name":"\u0110\u1ed3ng h\u1ed3 \u0111o l\u01b0u l\u01b0\u1ee3ng Vortex nhi\u1ec7t \u0111\u1ed9 cao LUGBMT-H"}]}]}},"_links":{"self":[{"href":"https:\/\/quando.com.vn\/en\/wp-json\/wp\/v2\/product\/7383"}],"collection":[{"href":"https:\/\/quando.com.vn\/en\/wp-json\/wp\/v2\/product"}],"about":[{"href":"https:\/\/quando.com.vn\/en\/wp-json\/wp\/v2\/types\/product"}],"wp:featuredmedia":[{"embeddable":true,"href":"https:\/\/quando.com.vn\/en\/wp-json\/wp\/v2\/media\/7382"}],"wp:attachment":[{"href":"https:\/\/quando.com.vn\/en\/wp-json\/wp\/v2\/media?parent=7383"}],"wp:term":[{"taxonomy":"product_cat","embeddable":true,"href":"https:\/\/quando.com.vn\/en\/wp-json\/wp\/v2\/product_cat?post=7383"},{"taxonomy":"product_tag","embeddable":true,"href":"https:\/\/quando.com.vn\/en\/wp-json\/wp\/v2\/product_tag?post=7383"}],"curies":[{"name":"wp","href":"https:\/\/api.w.org\/{rel}","templated":true}]}}