{"id":7380,"date":"2025-07-17T13:54:40","date_gmt":"2025-07-17T06:54:40","guid":{"rendered":"https:\/\/quando.com.vn\/?post_type=product&#038;p=7380"},"modified":"2025-07-17T14:02:58","modified_gmt":"2025-07-17T07:02:58","slug":"dong-ho-luu-luong-mtkb-201x-pitot-tube-flow-meter","status":"publish","type":"product","link":"https:\/\/quando.com.vn\/en\/product\/dong-ho-luu-luong-mtkb-201x-pitot-tube-flow-meter\/","title":{"rendered":"\u0110\u1ed3ng h\u1ed3 \u0111o l\u01b0u l\u01b0\u1ee3ng pitot MTKB-201x"},"content":{"rendered":"<p><strong>\u0110\u1ed3ng h\u1ed3 \u0111o l\u01b0u l\u01b0\u1ee3ng pitot MTKB-201x<\/strong> l\u00e0 \u0111\u1ed3ng h\u1ed3 \u0111o l\u01b0u l\u01b0\u1ee3ng <a href=\"https:\/\/metlaninst.com\/differential-pressure-flow-meters\/\">d\u1ea1ng Pitot<\/a> chuy\u00ean d\u1ee5ng cho c\u00e1c lo\u1ea1i kh\u00ed nh\u01b0 kh\u00ed kh\u00f4, kh\u00ed \u1ea9m v\u00e0 kh\u00ed kh\u00f4ng \u0103n m\u00f2n, \u0111\u1eb7c bi\u1ec7t l\u00e0 kh\u00ed b\u1ea9n. Thi\u1ebft b\u1ecb c\u00f3 \u0111\u1ed9 nh\u1ea1y r\u1ea5t cao v\u1edbi gi\u1edbi h\u1ea1n \u0111o th\u1ea5p ch\u1ec9 t\u1eeb 5 Nm\/s v\u00e0 t\u1ef7 l\u1ec7 \u0111i\u1ec1u ch\u1ec9nh r\u1ed9ng 1:60. V\u1edbi kh\u1ea3 n\u0103ng hi\u1ec7u chu\u1ea9n t\u1ef1 \u0111\u1ed9ng tr\u1ef1c tuy\u1ebfn, thi\u1ebft b\u1ecb gi\u00fap b\u00f9 tr\u1eeb sai s\u1ed1 do thay \u0111\u1ed5i nhi\u1ec7t \u0111\u1ed9, \u00e1p su\u1ea5t v\u00e0 t\u00ecnh tr\u1ea1ng c\u1ea3m bi\u1ebfn b\u1ecb \u00f4 nhi\u1ec5m.<\/p>\n<table>\n<tbody>\n<tr>\n<td>Product code<\/td>\n<td>MTKB-201x<\/td>\n<\/tr>\n<tr>\n<td>Nominal Diameter Range<\/td>\n<td>DN 25 to 1000 (1&#8243; \u2013 40&#8243;)<\/td>\n<\/tr>\n<tr>\n<td>Pole Section Material<\/td>\n<td>304 stainless steel, 316 stainless steel<\/td>\n<\/tr>\n<tr>\n<td>Accuracy<\/td>\n<td>\u00b11% RD; \u00b11.5% RD + 0.3% FS<\/td>\n<\/tr>\n<tr>\n<td>Max. Process Pressure<\/td>\n<td>17 bar (246.56 psi)<\/td>\n<\/tr>\n<tr>\n<td>Medium Temperature Range<\/td>\n<td>-40 TO 150 \u00b0C (\u201340 to +302 \u00b0F)<\/td>\n<\/tr>\n<tr>\n<td>Ambient Temperature Range<\/td>\n<td>-20\u2103~60\u2103<\/td>\n<\/tr>\n<tr>\n<td>Outputs<\/td>\n<td>4-20 mA, Pulse<\/td>\n<\/tr>\n<tr>\n<td>Digital Communication<\/td>\n<td>Modbus RTU (RS485)<\/td>\n<\/tr>\n<\/tbody>\n<\/table>\n<p><strong>\u0110\u1eb7c \u0111i\u1ec3m n\u1ed5i b\u1eadt:<\/strong><\/p>\n<p>&#8211; \u0110o l\u01b0u l\u01b0\u1ee3ng kh\u00ed kh\u00f4, kh\u00ed \u1ea9m, kh\u00ed b\u1ea9n v\u00e0 kh\u00ed kh\u00f4ng \u0103n m\u00f2n<br \/>\n&#8211; Gi\u1edbi h\u1ea1n \u0111o th\u1ea5p t\u1eeb 5 Nm\/s, \u0111\u00e1p \u1ee9ng t\u1ed1t c\u00e1c h\u1ec7 th\u1ed1ng kh\u00ed \u00e1p th\u1ea5p<br \/>\n&#8211; T\u1ef1 \u0111\u1ed9ng hi\u1ec7u chu\u1ea9n \u0111\u1ec3 gi\u1ea3m tr\u00f4i s\u1ed1 li\u1ec7u do thay \u0111\u1ed5i m\u00f4i tr\u01b0\u1eddng<br \/>\n&#8211; C\u00f3 th\u1ec3 \u0111o hai chi\u1ec1u d\u00f2ng ch\u1ea3y (bidirectional)<br \/>\n&#8211; T\u00edch h\u1ee3p c\u1ea3m bi\u1ebfn \u00e1p su\u1ea5t v\u00e0 nhi\u1ec7t \u0111\u1ed9, gi\u00e1m s\u00e1t tr\u1ef1c tuy\u1ebfn<br \/>\n&#8211; Kh\u00f4ng c\u00f3 b\u1ed9 ph\u1eadn chuy\u1ec3n \u0111\u1ed9ng, \u0111\u1ed9 b\u1ec1n cao, b\u1ea3o tr\u00ec t\u1ed1i thi\u1ec3u<br \/>\n&#8211; Kh\u00f4ng b\u1ecb \u1ea3nh h\u01b0\u1edfng b\u1edfi rung \u0111\u1ed9ng \u0111\u01b0\u1eddng \u1ed1ng<\/p>\n<p><strong>\u1ee8ng d\u1ee5ng:<\/strong><\/p>\n<p>&#8211; H\u1ec7 th\u1ed1ng kh\u00ed \u1ea9m, kh\u00ed kh\u00f4 v\u00e0 kh\u00ed c\u00f4ng nghi\u1ec7p kh\u00f4ng \u0103n m\u00f2n<br \/>\n&#8211; Gi\u00e1m s\u00e1t n\u0103ng l\u01b0\u1ee3ng v\u00e0 ti\u1ec7n \u00edch nh\u01b0 h\u01a1i n\u01b0\u1edbc v\u00e0 kh\u00ed n\u00e9n<br \/>\n&#8211; Qu\u00e1 tr\u00ecnh \u0111\u1ed1t nhi\u1ec7t: kh\u00ed c\u1ea5p ch\u00ednh v\u00e0 ph\u1ee5<br \/>\n&#8211; H\u1ec7 th\u1ed1ng l\u1ecdc b\u1ee5i, th\u00f4ng gi\u00f3 v\u00e0 h\u00fat kh\u00ed<br \/>\n&#8211; \u0110o kh\u00ed biogas v\u00e0 c\u00e1c \u1ee9ng d\u1ee5ng n\u0103ng l\u01b0\u1ee3ng t\u00e1i t\u1ea1o<\/p>","protected":false},"excerpt":{"rendered":"<p>&#8211; \u0110o kh\u00ed \u1ea9m, kh\u00ed b\u1ea9n v\u00e0 kh\u00ed kh\u00f4ng \u0103n m\u00f2n<br \/>\n&#8211; \u0110\u1ed9 nh\u1ea1y cao v\u1edbi gi\u1edbi h\u1ea1n \u0111o th\u1ea5p t\u1eeb 5 Nm\/s<br \/>\n&#8211; T\u1ef1 \u0111\u1ed9ng hi\u1ec7u chu\u1ea9n \u0111\u1ec3 b\u00f9 nhi\u1ec7t \u0111\u1ed9, \u00e1p su\u1ea5t v\u00e0 \u00f4 nhi\u1ec5m c\u1ea3m bi\u1ebfn<br \/>\n&#8211; Kh\u00f4ng c\u00f3 b\u1ed9 ph\u1eadn chuy\u1ec3n \u0111\u1ed9ng, t\u1ed5n th\u1ea5t \u00e1p su\u1ea5t th\u1ea5p<br \/>\n&#8211; \u0110\u1ed9 ch\u00ednh x\u00e1c \u00b11%, ph\u00f9 h\u1ee3p \u1ee9ng d\u1ee5ng \u0111o kh\u00ed c\u00f4ng nghi\u1ec7p<\/p>","protected":false},"featured_media":7381,"template":"","meta":[],"product_cat":[442,497,506,416,444,484,488,517],"product_tag":[],"acf":[],"yoast_head":"<!-- This site is optimized with the Yoast SEO Premium plugin v18.4 (Yoast SEO v18.6) - https:\/\/yoast.com\/wordpress\/plugins\/seo\/ -->\n<title>\u0110\u1ed3ng h\u1ed3 \u0111o l\u01b0u l\u01b0\u1ee3ng pitot MTKB-201x - QUANDO<\/title>\n<meta name=\"description\" content=\"\u0110\u1ed3ng h\u1ed3 \u0111o l\u01b0u l\u01b0\u1ee3ng pitot MTKB-201x chuy\u00ean \u0111o kh\u00ed \u1ea9m, kh\u00ed b\u1ea9n v\u00e0 kh\u00f4ng \u0103n m\u00f2n. T\u00edch h\u1ee3p hi\u1ec7u chu\u1ea9n t\u1ef1 \u0111\u1ed9ng, \u0111\u1ed9 nh\u1ea1y cao, \u00e1p su\u1ea5t \u0111\u1ebfn 17 bar\" \/>\n<meta name=\"robots\" content=\"index, follow, max-snippet:-1, max-image-preview:large, max-video-preview:-1\" \/>\n<link rel=\"canonical\" href=\"https:\/\/quando.com.vn\/en\/product\/dong-ho-luu-luong-mtkb-201x-pitot-tube-flow-meter\/\" \/>\n<meta property=\"og:locale\" content=\"en_US\" \/>\n<meta property=\"og:type\" content=\"article\" \/>\n<meta property=\"og:title\" content=\"\u0110\u1ed3ng h\u1ed3 \u0111o l\u01b0u l\u01b0\u1ee3ng pitot MTKB-201x\" \/>\n<meta property=\"og:description\" content=\"\u0110\u1ed3ng h\u1ed3 \u0111o l\u01b0u l\u01b0\u1ee3ng pitot MTKB-201x chuy\u00ean \u0111o kh\u00ed \u1ea9m, kh\u00ed b\u1ea9n v\u00e0 kh\u00f4ng \u0103n m\u00f2n. T\u00edch h\u1ee3p hi\u1ec7u chu\u1ea9n t\u1ef1 \u0111\u1ed9ng, \u0111\u1ed9 nh\u1ea1y cao, \u00e1p su\u1ea5t \u0111\u1ebfn 17 bar\" \/>\n<meta property=\"og:url\" content=\"https:\/\/quando.com.vn\/en\/product\/dong-ho-luu-luong-mtkb-201x-pitot-tube-flow-meter\/\" \/>\n<meta property=\"og:site_name\" content=\"QUANDO\" \/>\n<meta property=\"article:modified_time\" content=\"2025-07-17T07:02:58+00:00\" \/>\n<meta name=\"twitter:card\" content=\"summary_large_image\" \/>\n<meta name=\"twitter:image\" content=\"https:\/\/quando.com.vn\/wp-content\/uploads\/2025\/07\/Pitot-Tube-Gas-Flow-Meter-for-dirty-and-wet-gas-MTKB-201x.webp\" \/>\n<meta name=\"twitter:label1\" content=\"Est. reading time\" \/>\n\t<meta name=\"twitter:data1\" content=\"2 minutes\" \/>\n<script type=\"application\/ld+json\" class=\"yoast-schema-graph\">{\"@context\":\"https:\/\/schema.org\",\"@graph\":[{\"@type\":\"WebSite\",\"@id\":\"https:\/\/quando.com.vn\/en\/#website\",\"url\":\"https:\/\/quando.com.vn\/en\/\",\"name\":\"QUANDO\",\"description\":\"\",\"potentialAction\":[{\"@type\":\"SearchAction\",\"target\":{\"@type\":\"EntryPoint\",\"urlTemplate\":\"https:\/\/quando.com.vn\/en\/?s={search_term_string}\"},\"query-input\":\"required name=search_term_string\"}],\"inLanguage\":\"en-US\"},{\"@type\":\"ImageObject\",\"@id\":\"https:\/\/quando.com.vn\/san-pham\/dong-ho-luu-luong-mtkb-201x-pitot-tube-flow-meter\/#primaryimage\",\"inLanguage\":\"en-US\",\"url\":\"https:\/\/quando.com.vn\/wp-content\/uploads\/2025\/07\/Pitot-Tube-Gas-Flow-Meter-for-dirty-and-wet-gas-MTKB-201x.webp\",\"contentUrl\":\"https:\/\/quando.com.vn\/wp-content\/uploads\/2025\/07\/Pitot-Tube-Gas-Flow-Meter-for-dirty-and-wet-gas-MTKB-201x.webp\",\"width\":800,\"height\":800,\"caption\":\"\u0110\u1ed3ng h\u1ed3 \u0111o l\u01b0u l\u01b0\u1ee3ng kh\u00ed d\u1ea1ng pitot MTKB-201x\"},{\"@type\":\"WebPage\",\"@id\":\"https:\/\/quando.com.vn\/san-pham\/dong-ho-luu-luong-mtkb-201x-pitot-tube-flow-meter\/#webpage\",\"url\":\"https:\/\/quando.com.vn\/san-pham\/dong-ho-luu-luong-mtkb-201x-pitot-tube-flow-meter\/\",\"name\":\"\u0110\u1ed3ng h\u1ed3 \u0111o l\u01b0u l\u01b0\u1ee3ng pitot MTKB-201x - QUANDO\",\"isPartOf\":{\"@id\":\"https:\/\/quando.com.vn\/en\/#website\"},\"primaryImageOfPage\":{\"@id\":\"https:\/\/quando.com.vn\/san-pham\/dong-ho-luu-luong-mtkb-201x-pitot-tube-flow-meter\/#primaryimage\"},\"datePublished\":\"2025-07-17T06:54:40+00:00\",\"dateModified\":\"2025-07-17T07:02:58+00:00\",\"description\":\"\u0110\u1ed3ng h\u1ed3 \u0111o l\u01b0u l\u01b0\u1ee3ng pitot MTKB-201x chuy\u00ean \u0111o kh\u00ed \u1ea9m, kh\u00ed b\u1ea9n v\u00e0 kh\u00f4ng \u0103n m\u00f2n. T\u00edch h\u1ee3p hi\u1ec7u chu\u1ea9n t\u1ef1 \u0111\u1ed9ng, \u0111\u1ed9 nh\u1ea1y cao, \u00e1p su\u1ea5t \u0111\u1ebfn 17 bar\",\"breadcrumb\":{\"@id\":\"https:\/\/quando.com.vn\/san-pham\/dong-ho-luu-luong-mtkb-201x-pitot-tube-flow-meter\/#breadcrumb\"},\"inLanguage\":\"en-US\",\"potentialAction\":[{\"@type\":\"ReadAction\",\"target\":[\"https:\/\/quando.com.vn\/san-pham\/dong-ho-luu-luong-mtkb-201x-pitot-tube-flow-meter\/\"]}]},{\"@type\":\"BreadcrumbList\",\"@id\":\"https:\/\/quando.com.vn\/san-pham\/dong-ho-luu-luong-mtkb-201x-pitot-tube-flow-meter\/#breadcrumb\",\"itemListElement\":[{\"@type\":\"ListItem\",\"position\":1,\"name\":\"Trang ch\u1ee7\",\"item\":\"https:\/\/quando.com.vn\/\"},{\"@type\":\"ListItem\",\"position\":2,\"name\":\"S\u1ea3n ph\u1ea9m\",\"item\":\"https:\/\/quando.com.vn\/san-pham\/\"},{\"@type\":\"ListItem\",\"position\":3,\"name\":\"\u0110\u1ed3ng h\u1ed3 \u0111o l\u01b0u l\u01b0\u1ee3ng pitot MTKB-201x\"}]}]}<\/script>\n<!-- \/ Yoast SEO Premium plugin. -->","yoast_head_json":{"title":"\u0110\u1ed3ng h\u1ed3 \u0111o l\u01b0u l\u01b0\u1ee3ng pitot MTKB-201x - QUANDO","description":"\u0110\u1ed3ng h\u1ed3 \u0111o l\u01b0u l\u01b0\u1ee3ng pitot MTKB-201x chuy\u00ean \u0111o kh\u00ed \u1ea9m, kh\u00ed b\u1ea9n v\u00e0 kh\u00f4ng \u0103n m\u00f2n. T\u00edch h\u1ee3p hi\u1ec7u chu\u1ea9n t\u1ef1 \u0111\u1ed9ng, \u0111\u1ed9 nh\u1ea1y cao, \u00e1p su\u1ea5t \u0111\u1ebfn 17 bar","robots":{"index":"index","follow":"follow","max-snippet":"max-snippet:-1","max-image-preview":"max-image-preview:large","max-video-preview":"max-video-preview:-1"},"canonical":"https:\/\/quando.com.vn\/en\/product\/dong-ho-luu-luong-mtkb-201x-pitot-tube-flow-meter\/","og_locale":"en_US","og_type":"article","og_title":"\u0110\u1ed3ng h\u1ed3 \u0111o l\u01b0u l\u01b0\u1ee3ng pitot MTKB-201x","og_description":"\u0110\u1ed3ng h\u1ed3 \u0111o l\u01b0u l\u01b0\u1ee3ng pitot MTKB-201x chuy\u00ean \u0111o kh\u00ed \u1ea9m, kh\u00ed b\u1ea9n v\u00e0 kh\u00f4ng \u0103n m\u00f2n. T\u00edch h\u1ee3p hi\u1ec7u chu\u1ea9n t\u1ef1 \u0111\u1ed9ng, \u0111\u1ed9 nh\u1ea1y cao, \u00e1p su\u1ea5t \u0111\u1ebfn 17 bar","og_url":"https:\/\/quando.com.vn\/en\/product\/dong-ho-luu-luong-mtkb-201x-pitot-tube-flow-meter\/","og_site_name":"QUANDO","article_modified_time":"2025-07-17T07:02:58+00:00","twitter_card":"summary_large_image","twitter_image":"https:\/\/quando.com.vn\/wp-content\/uploads\/2025\/07\/Pitot-Tube-Gas-Flow-Meter-for-dirty-and-wet-gas-MTKB-201x.webp","twitter_misc":{"Est. reading time":"2 minutes"},"schema":{"@context":"https:\/\/schema.org","@graph":[{"@type":"WebSite","@id":"https:\/\/quando.com.vn\/en\/#website","url":"https:\/\/quando.com.vn\/en\/","name":"QUANDO","description":"","potentialAction":[{"@type":"SearchAction","target":{"@type":"EntryPoint","urlTemplate":"https:\/\/quando.com.vn\/en\/?s={search_term_string}"},"query-input":"required name=search_term_string"}],"inLanguage":"en-US"},{"@type":"ImageObject","@id":"https:\/\/quando.com.vn\/san-pham\/dong-ho-luu-luong-mtkb-201x-pitot-tube-flow-meter\/#primaryimage","inLanguage":"en-US","url":"https:\/\/quando.com.vn\/wp-content\/uploads\/2025\/07\/Pitot-Tube-Gas-Flow-Meter-for-dirty-and-wet-gas-MTKB-201x.webp","contentUrl":"https:\/\/quando.com.vn\/wp-content\/uploads\/2025\/07\/Pitot-Tube-Gas-Flow-Meter-for-dirty-and-wet-gas-MTKB-201x.webp","width":800,"height":800,"caption":"\u0110\u1ed3ng h\u1ed3 \u0111o l\u01b0u l\u01b0\u1ee3ng kh\u00ed d\u1ea1ng pitot MTKB-201x"},{"@type":"WebPage","@id":"https:\/\/quando.com.vn\/san-pham\/dong-ho-luu-luong-mtkb-201x-pitot-tube-flow-meter\/#webpage","url":"https:\/\/quando.com.vn\/san-pham\/dong-ho-luu-luong-mtkb-201x-pitot-tube-flow-meter\/","name":"\u0110\u1ed3ng h\u1ed3 \u0111o l\u01b0u l\u01b0\u1ee3ng pitot MTKB-201x - QUANDO","isPartOf":{"@id":"https:\/\/quando.com.vn\/en\/#website"},"primaryImageOfPage":{"@id":"https:\/\/quando.com.vn\/san-pham\/dong-ho-luu-luong-mtkb-201x-pitot-tube-flow-meter\/#primaryimage"},"datePublished":"2025-07-17T06:54:40+00:00","dateModified":"2025-07-17T07:02:58+00:00","description":"\u0110\u1ed3ng h\u1ed3 \u0111o l\u01b0u l\u01b0\u1ee3ng pitot MTKB-201x chuy\u00ean \u0111o kh\u00ed \u1ea9m, kh\u00ed b\u1ea9n v\u00e0 kh\u00f4ng \u0103n m\u00f2n. T\u00edch h\u1ee3p hi\u1ec7u chu\u1ea9n t\u1ef1 \u0111\u1ed9ng, \u0111\u1ed9 nh\u1ea1y cao, \u00e1p su\u1ea5t \u0111\u1ebfn 17 bar","breadcrumb":{"@id":"https:\/\/quando.com.vn\/san-pham\/dong-ho-luu-luong-mtkb-201x-pitot-tube-flow-meter\/#breadcrumb"},"inLanguage":"en-US","potentialAction":[{"@type":"ReadAction","target":["https:\/\/quando.com.vn\/san-pham\/dong-ho-luu-luong-mtkb-201x-pitot-tube-flow-meter\/"]}]},{"@type":"BreadcrumbList","@id":"https:\/\/quando.com.vn\/san-pham\/dong-ho-luu-luong-mtkb-201x-pitot-tube-flow-meter\/#breadcrumb","itemListElement":[{"@type":"ListItem","position":1,"name":"Trang ch\u1ee7","item":"https:\/\/quando.com.vn\/"},{"@type":"ListItem","position":2,"name":"S\u1ea3n ph\u1ea9m","item":"https:\/\/quando.com.vn\/san-pham\/"},{"@type":"ListItem","position":3,"name":"\u0110\u1ed3ng h\u1ed3 \u0111o l\u01b0u l\u01b0\u1ee3ng pitot MTKB-201x"}]}]}},"_links":{"self":[{"href":"https:\/\/quando.com.vn\/en\/wp-json\/wp\/v2\/product\/7380"}],"collection":[{"href":"https:\/\/quando.com.vn\/en\/wp-json\/wp\/v2\/product"}],"about":[{"href":"https:\/\/quando.com.vn\/en\/wp-json\/wp\/v2\/types\/product"}],"wp:featuredmedia":[{"embeddable":true,"href":"https:\/\/quando.com.vn\/en\/wp-json\/wp\/v2\/media\/7381"}],"wp:attachment":[{"href":"https:\/\/quando.com.vn\/en\/wp-json\/wp\/v2\/media?parent=7380"}],"wp:term":[{"taxonomy":"product_cat","embeddable":true,"href":"https:\/\/quando.com.vn\/en\/wp-json\/wp\/v2\/product_cat?post=7380"},{"taxonomy":"product_tag","embeddable":true,"href":"https:\/\/quando.com.vn\/en\/wp-json\/wp\/v2\/product_tag?post=7380"}],"curies":[{"name":"wp","href":"https:\/\/api.w.org\/{rel}","templated":true}]}}