{"id":7378,"date":"2025-07-17T13:15:36","date_gmt":"2025-07-17T06:15:36","guid":{"rendered":"https:\/\/quando.com.vn\/?post_type=product&#038;p=7378"},"modified":"2025-07-17T14:09:16","modified_gmt":"2025-07-17T07:09:16","slug":"dong-ho-mtkb-o-orifice-plate-flowmeter","status":"publish","type":"product","link":"https:\/\/quando.com.vn\/en\/product\/dong-ho-mtkb-o-orifice-plate-flowmeter\/","title":{"rendered":"\u0110\u1ed3ng h\u1ed3 \u0111o l\u01b0u l\u01b0\u1ee3ng d\u1ea1ng Orifice MTKB-O"},"content":{"rendered":"<p><strong> \u0110\u1ed3ng h\u1ed3 \u0111o l\u01b0u l\u01b0\u1ee3ng d\u1ea1ng <a href=\"https:\/\/metlaninst.com\/differential-pressure-flow-meters\/\">Orifice<\/a> MTKB-O <\/strong>l\u00e0 d\u00f2ng \u0111\u1ed3ng h\u1ed3 \u0111o l\u01b0u l\u01b0\u1ee3ng d\u1ea1ng t\u1ea5m ch\u1eafn orifice, s\u1eed d\u1ee5ng nguy\u00ean l\u00fd ch\u00eanh \u00e1p truy\u1ec1n th\u1ed1ng \u0111\u1ec3 \u0111o ch\u00ednh x\u00e1c d\u00f2ng ch\u1ea3y c\u1ee7a ch\u1ea5t l\u1ecfng, kh\u00ed v\u00e0 h\u01a1i. V\u1edbi thi\u1ebft k\u1ebf \u0111\u01a1n gi\u1ea3n, \u0111\u1ed9 b\u1ec1n cao v\u00e0 chi ph\u00ed \u0111\u1ea7u t\u01b0 h\u1ee3p l\u00fd, s\u1ea3n ph\u1ea9m l\u00e0 l\u1ef1a ch\u1ecdn ph\u1ed5 bi\u1ebfn trong nhi\u1ec1u ng\u00e0nh c\u00f4ng nghi\u1ec7p, \u0111\u1eb7c bi\u1ec7t trong m\u00f4i tr\u01b0\u1eddng nhi\u1ec7t \u0111\u1ed9 v\u00e0 \u00e1p su\u1ea5t kh\u1eafc nghi\u1ec7t.<\/p>\n<table>\n<tbody>\n<tr>\n<td>Product code<\/td>\n<td>MTKB-O<\/td>\n<\/tr>\n<tr>\n<td>Nominal Diameter Range<\/td>\n<td>DN 25 to 300 (1&#8243; to 12&#8243;)<\/td>\n<\/tr>\n<tr>\n<td>Materials<\/td>\n<td>304 stainless steel, 316\/316L stainless steel, carbon steel<\/td>\n<\/tr>\n<tr>\n<td>Accuracy<\/td>\n<td>\u00b10.075%<\/td>\n<\/tr>\n<tr>\n<td>Max. Process Pressure<\/td>\n<td>400 bar (5801.52 psi)<\/td>\n<\/tr>\n<tr>\n<td>Medium Temperature Range<\/td>\n<td>-40 TO 850 \u00b0C (\u201340 to +1562 \u00b0F)<\/td>\n<\/tr>\n<tr>\n<td>Ambient Temperature Range<\/td>\n<td>-40\u2103~65\u2103<\/td>\n<\/tr>\n<tr>\n<td>Outputs<\/td>\n<td>4-20 mA<\/td>\n<\/tr>\n<\/tbody>\n<\/table>\n<p><strong>\u0110\u1eb7c \u0111i\u1ec3m n\u1ed5i b\u1eadt:<br \/>\n<\/strong>&#8211; Thi\u1ebft k\u1ebf \u0111\u01a1n gi\u1ea3n, d\u1ec5 l\u1eafp \u0111\u1eb7t v\u00e0 b\u1ea3o tr\u00ec<br \/>\n&#8211; \u0110\u1ed9 ch\u00ednh x\u00e1c \u0111o l\u01b0\u1eddng cao \u0111\u1ebfn \u00b10.075%<br \/>\n&#8211; T\u01b0\u01a1ng th\u00edch v\u1edbi c\u00e1c lo\u1ea1i l\u01b0u ch\u1ea5t kh\u00e1c nhau: h\u01a1i, kh\u00ed, n\u01b0\u1edbc, h\u00f3a ch\u1ea5t<br \/>\n&#8211; Ch\u1ecbu \u0111\u01b0\u1ee3c nhi\u1ec7t \u0111\u1ed9 cao v\u00e0 \u00e1p su\u1ea5t l\u1edbn<br \/>\n&#8211; V\u1eadt li\u1ec7u ch\u1ebf t\u1ea1o \u0111a d\u1ea1ng, \u0111\u00e1p \u1ee9ng nhi\u1ec1u m\u00f4i tr\u01b0\u1eddng kh\u1eaft khe<\/p>\n<p><strong>\u1ee8ng d\u1ee5ng c\u1ee7a \u0111\u1ed3ng h\u1ed3 \u0111o l\u01b0u l\u01b0\u1ee3ng d\u1ea1ng Orifice MTKB-O<\/strong><\/p>\n<p>&#8211; \u0110o l\u01b0u l\u01b0\u1ee3ng h\u01a1i n\u01b0\u1edbc, kh\u00ed n\u00e9n v\u00e0 ch\u1ea5t l\u1ecfng trong c\u00e1c h\u1ec7 th\u1ed1ng ti\u1ec7n \u00edch<br \/>\n<span style=\"color: #333333;\">\u00a0&#8211; Ng\u00e0nh h\u00f3a ch\u1ea5t, h\u00f3a d\u1ea7u: \u0111o dung m\u00f4i, axit, n\u01b0\u1edbc kh\u1eed kho\u00e1ng<br \/>\n<\/span><span style=\"color: #333333;\">\u00a0&#8211; Ng\u00e0nh d\u1ea7u kh\u00ed: gas lift, n\u01b0\u1edbc khai th\u00e1c, kh\u00ed s\u1ea3n xu\u1ea5t<br \/>\n<\/span><span style=\"color: #333333;\">\u00a0&#8211; X\u1eed l\u00fd n\u01b0\u1edbc v\u00e0 n\u01b0\u1edbc th\u1ea3i trong c\u00e1c nh\u00e0 m\u00e1y v\u00e0 khu c\u00f4ng nghi\u1ec7p<br \/>\n<\/span><span style=\"color: #333333;\">\u00a0&#8211; \u1ee8ng d\u1ee5ng trong h\u1ec7 th\u1ed1ng h\u01a1i v\u00e0 condensate t\u1ea1i nh\u00e0 m\u00e1y nhi\u1ec7t \u0111i\u1ec7n<\/span><\/p>","protected":false},"excerpt":{"rendered":"<p>&#8211; \u0110\u1ed3ng h\u1ed3 \u0111o l\u01b0u l\u01b0\u1ee3ng ch\u00eanh \u00e1p d\u1ea1ng t\u1ea5m orifice<br \/>\n&#8211; \u0110\u1ed9 ch\u00ednh x\u00e1c cao \u0111\u1ebfn \u00b10.075%<br \/>\n&#8211; Ch\u1ecbu nhi\u1ec7t \u0111\u1ed9 l\u00ean \u0111\u1ebfn 850\u00b0C v\u00e0 \u00e1p su\u1ea5t \u0111\u1ebfn 400 bar<br \/>\n&#8211; Ph\u00f9 h\u1ee3p \u0111o h\u01a1i n\u01b0\u1edbc, kh\u00ed, ch\u1ea5t l\u1ecfng trong m\u00f4i tr\u01b0\u1eddng c\u00f4ng nghi\u1ec7p<br \/>\n&#8211; L\u00fd t\u01b0\u1edfng cho \u1ee9ng d\u1ee5ng d\u1ea7u kh\u00ed, h\u00f3a ch\u1ea5t, x\u1eed l\u00fd n\u01b0\u1edbc<\/p>","protected":false},"featured_media":7379,"template":"","meta":[],"product_cat":[442,497,506,416,444,484,488,517],"product_tag":[],"acf":[],"yoast_head":"<!-- This site is optimized with the Yoast SEO Premium plugin v18.4 (Yoast SEO v18.6) - https:\/\/yoast.com\/wordpress\/plugins\/seo\/ -->\n<title>\u0110\u1ed3ng h\u1ed3 \u0111o l\u01b0u l\u01b0\u1ee3ng d\u1ea1ng Orifice MTKB-O - QUANDO<\/title>\n<meta name=\"description\" content=\"MTKB-O \u0111o l\u01b0u l\u01b0\u1ee3ng d\u1ea1ng orifice \u0111\u1ed9 ch\u00ednh x\u00e1c \u00b10.075%, \u1ed5n \u0111\u1ecbnh trong m\u00f4i tr\u01b0\u1eddng nhi\u1ec7t \u0111\u1ed9 cao, \u00e1p su\u1ea5t l\u1edbn, d\u00f9ng cho h\u01a1i, kh\u00ed, ch\u1ea5t l\u1ecfng\" \/>\n<meta name=\"robots\" content=\"index, follow, max-snippet:-1, max-image-preview:large, max-video-preview:-1\" \/>\n<link rel=\"canonical\" href=\"https:\/\/quando.com.vn\/en\/product\/dong-ho-mtkb-o-orifice-plate-flowmeter\/\" \/>\n<meta property=\"og:locale\" content=\"en_US\" \/>\n<meta property=\"og:type\" content=\"article\" \/>\n<meta property=\"og:title\" content=\"\u0110\u1ed3ng h\u1ed3 \u0111o l\u01b0u l\u01b0\u1ee3ng d\u1ea1ng Orifice MTKB-O\" \/>\n<meta property=\"og:description\" content=\"MTKB-O \u0111o l\u01b0u l\u01b0\u1ee3ng d\u1ea1ng orifice \u0111\u1ed9 ch\u00ednh x\u00e1c \u00b10.075%, \u1ed5n \u0111\u1ecbnh trong m\u00f4i tr\u01b0\u1eddng nhi\u1ec7t \u0111\u1ed9 cao, \u00e1p su\u1ea5t l\u1edbn, d\u00f9ng cho h\u01a1i, kh\u00ed, ch\u1ea5t l\u1ecfng\" \/>\n<meta property=\"og:url\" content=\"https:\/\/quando.com.vn\/en\/product\/dong-ho-mtkb-o-orifice-plate-flowmeter\/\" \/>\n<meta property=\"og:site_name\" content=\"QUANDO\" \/>\n<meta property=\"article:modified_time\" content=\"2025-07-17T07:09:16+00:00\" \/>\n<meta property=\"og:image\" content=\"https:\/\/quando.com.vn\/wp-content\/uploads\/2025\/07\/Orifice-Plate-Flowmeter-MTKB-O.jpg\" \/>\n\t<meta property=\"og:image:width\" content=\"800\" \/>\n\t<meta property=\"og:image:height\" content=\"800\" \/>\n\t<meta property=\"og:image:type\" content=\"image\/jpeg\" \/>\n<meta name=\"twitter:card\" content=\"summary_large_image\" \/>\n<meta name=\"twitter:label1\" content=\"Est. reading time\" \/>\n\t<meta name=\"twitter:data1\" content=\"2 minutes\" \/>\n<script type=\"application\/ld+json\" class=\"yoast-schema-graph\">{\"@context\":\"https:\/\/schema.org\",\"@graph\":[{\"@type\":\"WebSite\",\"@id\":\"https:\/\/quando.com.vn\/en\/#website\",\"url\":\"https:\/\/quando.com.vn\/en\/\",\"name\":\"QUANDO\",\"description\":\"\",\"potentialAction\":[{\"@type\":\"SearchAction\",\"target\":{\"@type\":\"EntryPoint\",\"urlTemplate\":\"https:\/\/quando.com.vn\/en\/?s={search_term_string}\"},\"query-input\":\"required name=search_term_string\"}],\"inLanguage\":\"en-US\"},{\"@type\":\"ImageObject\",\"@id\":\"https:\/\/quando.com.vn\/san-pham\/dong-ho-mtkb-o-orifice-plate-flowmeter\/#primaryimage\",\"inLanguage\":\"en-US\",\"url\":\"https:\/\/quando.com.vn\/wp-content\/uploads\/2025\/07\/Orifice-Plate-Flowmeter-MTKB-O.jpg\",\"contentUrl\":\"https:\/\/quando.com.vn\/wp-content\/uploads\/2025\/07\/Orifice-Plate-Flowmeter-MTKB-O.jpg\",\"width\":800,\"height\":800,\"caption\":\"\u0110\u1ed3ng h\u1ed3 \u0111o l\u01b0u l\u01b0\u1ee3ng Orifice MTKB-O\"},{\"@type\":\"WebPage\",\"@id\":\"https:\/\/quando.com.vn\/san-pham\/dong-ho-mtkb-o-orifice-plate-flowmeter\/#webpage\",\"url\":\"https:\/\/quando.com.vn\/san-pham\/dong-ho-mtkb-o-orifice-plate-flowmeter\/\",\"name\":\"\u0110\u1ed3ng h\u1ed3 \u0111o l\u01b0u l\u01b0\u1ee3ng d\u1ea1ng Orifice MTKB-O - QUANDO\",\"isPartOf\":{\"@id\":\"https:\/\/quando.com.vn\/en\/#website\"},\"primaryImageOfPage\":{\"@id\":\"https:\/\/quando.com.vn\/san-pham\/dong-ho-mtkb-o-orifice-plate-flowmeter\/#primaryimage\"},\"datePublished\":\"2025-07-17T06:15:36+00:00\",\"dateModified\":\"2025-07-17T07:09:16+00:00\",\"description\":\"MTKB-O \u0111o l\u01b0u l\u01b0\u1ee3ng d\u1ea1ng orifice \u0111\u1ed9 ch\u00ednh x\u00e1c \u00b10.075%, \u1ed5n \u0111\u1ecbnh trong m\u00f4i tr\u01b0\u1eddng nhi\u1ec7t \u0111\u1ed9 cao, \u00e1p su\u1ea5t l\u1edbn, d\u00f9ng cho h\u01a1i, kh\u00ed, ch\u1ea5t l\u1ecfng\",\"breadcrumb\":{\"@id\":\"https:\/\/quando.com.vn\/san-pham\/dong-ho-mtkb-o-orifice-plate-flowmeter\/#breadcrumb\"},\"inLanguage\":\"en-US\",\"potentialAction\":[{\"@type\":\"ReadAction\",\"target\":[\"https:\/\/quando.com.vn\/san-pham\/dong-ho-mtkb-o-orifice-plate-flowmeter\/\"]}]},{\"@type\":\"BreadcrumbList\",\"@id\":\"https:\/\/quando.com.vn\/san-pham\/dong-ho-mtkb-o-orifice-plate-flowmeter\/#breadcrumb\",\"itemListElement\":[{\"@type\":\"ListItem\",\"position\":1,\"name\":\"Trang ch\u1ee7\",\"item\":\"https:\/\/quando.com.vn\/\"},{\"@type\":\"ListItem\",\"position\":2,\"name\":\"S\u1ea3n ph\u1ea9m\",\"item\":\"https:\/\/quando.com.vn\/san-pham\/\"},{\"@type\":\"ListItem\",\"position\":3,\"name\":\"\u0110\u1ed3ng h\u1ed3 \u0111o l\u01b0u l\u01b0\u1ee3ng d\u1ea1ng Orifice MTKB-O\"}]}]}<\/script>\n<!-- \/ Yoast SEO Premium plugin. -->","yoast_head_json":{"title":"\u0110\u1ed3ng h\u1ed3 \u0111o l\u01b0u l\u01b0\u1ee3ng d\u1ea1ng Orifice MTKB-O - QUANDO","description":"MTKB-O \u0111o l\u01b0u l\u01b0\u1ee3ng d\u1ea1ng orifice \u0111\u1ed9 ch\u00ednh x\u00e1c \u00b10.075%, \u1ed5n \u0111\u1ecbnh trong m\u00f4i tr\u01b0\u1eddng nhi\u1ec7t \u0111\u1ed9 cao, \u00e1p su\u1ea5t l\u1edbn, d\u00f9ng cho h\u01a1i, kh\u00ed, ch\u1ea5t l\u1ecfng","robots":{"index":"index","follow":"follow","max-snippet":"max-snippet:-1","max-image-preview":"max-image-preview:large","max-video-preview":"max-video-preview:-1"},"canonical":"https:\/\/quando.com.vn\/en\/product\/dong-ho-mtkb-o-orifice-plate-flowmeter\/","og_locale":"en_US","og_type":"article","og_title":"\u0110\u1ed3ng h\u1ed3 \u0111o l\u01b0u l\u01b0\u1ee3ng d\u1ea1ng Orifice MTKB-O","og_description":"MTKB-O \u0111o l\u01b0u l\u01b0\u1ee3ng d\u1ea1ng orifice \u0111\u1ed9 ch\u00ednh x\u00e1c \u00b10.075%, \u1ed5n \u0111\u1ecbnh trong m\u00f4i tr\u01b0\u1eddng nhi\u1ec7t \u0111\u1ed9 cao, \u00e1p su\u1ea5t l\u1edbn, d\u00f9ng cho h\u01a1i, kh\u00ed, ch\u1ea5t l\u1ecfng","og_url":"https:\/\/quando.com.vn\/en\/product\/dong-ho-mtkb-o-orifice-plate-flowmeter\/","og_site_name":"QUANDO","article_modified_time":"2025-07-17T07:09:16+00:00","og_image":[{"width":800,"height":800,"url":"https:\/\/quando.com.vn\/wp-content\/uploads\/2025\/07\/Orifice-Plate-Flowmeter-MTKB-O.jpg","type":"image\/jpeg"}],"twitter_card":"summary_large_image","twitter_misc":{"Est. reading time":"2 minutes"},"schema":{"@context":"https:\/\/schema.org","@graph":[{"@type":"WebSite","@id":"https:\/\/quando.com.vn\/en\/#website","url":"https:\/\/quando.com.vn\/en\/","name":"QUANDO","description":"","potentialAction":[{"@type":"SearchAction","target":{"@type":"EntryPoint","urlTemplate":"https:\/\/quando.com.vn\/en\/?s={search_term_string}"},"query-input":"required name=search_term_string"}],"inLanguage":"en-US"},{"@type":"ImageObject","@id":"https:\/\/quando.com.vn\/san-pham\/dong-ho-mtkb-o-orifice-plate-flowmeter\/#primaryimage","inLanguage":"en-US","url":"https:\/\/quando.com.vn\/wp-content\/uploads\/2025\/07\/Orifice-Plate-Flowmeter-MTKB-O.jpg","contentUrl":"https:\/\/quando.com.vn\/wp-content\/uploads\/2025\/07\/Orifice-Plate-Flowmeter-MTKB-O.jpg","width":800,"height":800,"caption":"\u0110\u1ed3ng h\u1ed3 \u0111o l\u01b0u l\u01b0\u1ee3ng Orifice MTKB-O"},{"@type":"WebPage","@id":"https:\/\/quando.com.vn\/san-pham\/dong-ho-mtkb-o-orifice-plate-flowmeter\/#webpage","url":"https:\/\/quando.com.vn\/san-pham\/dong-ho-mtkb-o-orifice-plate-flowmeter\/","name":"\u0110\u1ed3ng h\u1ed3 \u0111o l\u01b0u l\u01b0\u1ee3ng d\u1ea1ng Orifice MTKB-O - QUANDO","isPartOf":{"@id":"https:\/\/quando.com.vn\/en\/#website"},"primaryImageOfPage":{"@id":"https:\/\/quando.com.vn\/san-pham\/dong-ho-mtkb-o-orifice-plate-flowmeter\/#primaryimage"},"datePublished":"2025-07-17T06:15:36+00:00","dateModified":"2025-07-17T07:09:16+00:00","description":"MTKB-O \u0111o l\u01b0u l\u01b0\u1ee3ng d\u1ea1ng orifice \u0111\u1ed9 ch\u00ednh x\u00e1c \u00b10.075%, \u1ed5n \u0111\u1ecbnh trong m\u00f4i tr\u01b0\u1eddng nhi\u1ec7t \u0111\u1ed9 cao, \u00e1p su\u1ea5t l\u1edbn, d\u00f9ng cho h\u01a1i, kh\u00ed, ch\u1ea5t l\u1ecfng","breadcrumb":{"@id":"https:\/\/quando.com.vn\/san-pham\/dong-ho-mtkb-o-orifice-plate-flowmeter\/#breadcrumb"},"inLanguage":"en-US","potentialAction":[{"@type":"ReadAction","target":["https:\/\/quando.com.vn\/san-pham\/dong-ho-mtkb-o-orifice-plate-flowmeter\/"]}]},{"@type":"BreadcrumbList","@id":"https:\/\/quando.com.vn\/san-pham\/dong-ho-mtkb-o-orifice-plate-flowmeter\/#breadcrumb","itemListElement":[{"@type":"ListItem","position":1,"name":"Trang ch\u1ee7","item":"https:\/\/quando.com.vn\/"},{"@type":"ListItem","position":2,"name":"S\u1ea3n ph\u1ea9m","item":"https:\/\/quando.com.vn\/san-pham\/"},{"@type":"ListItem","position":3,"name":"\u0110\u1ed3ng h\u1ed3 \u0111o l\u01b0u l\u01b0\u1ee3ng d\u1ea1ng Orifice MTKB-O"}]}]}},"_links":{"self":[{"href":"https:\/\/quando.com.vn\/en\/wp-json\/wp\/v2\/product\/7378"}],"collection":[{"href":"https:\/\/quando.com.vn\/en\/wp-json\/wp\/v2\/product"}],"about":[{"href":"https:\/\/quando.com.vn\/en\/wp-json\/wp\/v2\/types\/product"}],"wp:featuredmedia":[{"embeddable":true,"href":"https:\/\/quando.com.vn\/en\/wp-json\/wp\/v2\/media\/7379"}],"wp:attachment":[{"href":"https:\/\/quando.com.vn\/en\/wp-json\/wp\/v2\/media?parent=7378"}],"wp:term":[{"taxonomy":"product_cat","embeddable":true,"href":"https:\/\/quando.com.vn\/en\/wp-json\/wp\/v2\/product_cat?post=7378"},{"taxonomy":"product_tag","embeddable":true,"href":"https:\/\/quando.com.vn\/en\/wp-json\/wp\/v2\/product_tag?post=7378"}],"curies":[{"name":"wp","href":"https:\/\/api.w.org\/{rel}","templated":true}]}}