{"id":7376,"date":"2025-07-17T11:33:54","date_gmt":"2025-07-17T04:33:54","guid":{"rendered":"https:\/\/quando.com.vn\/?post_type=product&#038;p=7376"},"modified":"2025-07-17T13:49:29","modified_gmt":"2025-07-17T06:49:29","slug":"dong-ho-luu-luong-chenh-ap-hinh-non-mtkb-v","status":"publish","type":"product","link":"https:\/\/quando.com.vn\/en\/product\/dong-ho-luu-luong-chenh-ap-hinh-non-mtkb-v\/","title":{"rendered":"\u0110\u1ed3ng h\u1ed3 \u0111o l\u01b0u l\u01b0\u1ee3ng ch\u00eanh \u00e1p h\u00ecnh n\u00f3n MTKB-V"},"content":{"rendered":"<p><strong>\u0110\u1ed3ng h\u1ed3 \u0111o l\u01b0u l\u01b0\u1ee3ng ch\u00eanh \u00e1p h\u00ecnh n\u00f3n MTKB-V <\/strong>(V-cone) c\u1ee7a <a href=\"https:\/\/metlaninst.com\/p\/v-cone-different-pressure-flowmeter-mtkb-v\/\">Metlan Instruments<\/a>, \u0111\u01b0\u1ee3c thi\u1ebft k\u1ebf chuy\u00ean bi\u1ec7t cho c\u00e1c \u1ee9ng d\u1ee5ng y\u00eau c\u1ea7u \u0111\u1ed9 ch\u00ednh x\u00e1c cao trong \u0111i\u1ec1u ki\u1ec7n d\u00f2ng ch\u1ea3y r\u1ed1i ho\u1eb7c kh\u00f4ng gian l\u1eafp \u0111\u1eb7t h\u1ea1n ch\u1ebf. Thi\u1ebft b\u1ecb l\u00fd t\u01b0\u1edfng cho m\u00f4i ch\u1ea5t h\u01a1i, kh\u00ed v\u00e0 ch\u1ea5t l\u1ecfng, b\u1ea5t k\u1ec3 c\u00f3 d\u1eabn \u0111i\u1ec7n hay kh\u00f4ng.<\/p>\n<p><strong>Th\u00f4ng s\u1ed1 k\u1ef9 thu\u1eadt<\/strong><\/p>\n<table>\n<tbody>\n<tr>\n<td><strong>M\u00e3 s\u1ea3n ph\u1ea9m<\/strong><\/td>\n<td>MTKB-V<\/td>\n<\/tr>\n<tr>\n<td><strong>\u0110\u01b0\u1eddng k\u00ednh danh \u0111\u1ecbnh<\/strong><\/td>\n<td>DN 15 \u0111\u1ebfn 2000 (\u00bd\u2033 \u2013 80\u2033)<\/td>\n<\/tr>\n<tr>\n<td><strong>V\u1eadt li\u1ec7u<\/strong><\/td>\n<td>Inox 304, Inox 316\/316L, Th\u00e9p carbon<\/td>\n<\/tr>\n<tr>\n<td><strong>\u0110\u1ed9 ch\u00ednh x\u00e1c<\/strong><\/td>\n<td>\u00b10.5%<\/td>\n<\/tr>\n<tr>\n<td><strong>\u00c1p su\u1ea5t l\u00e0m vi\u1ec7c t\u1ed1i \u0111a<\/strong><\/td>\n<td>420 bar (6091.6 psi)<\/td>\n<\/tr>\n<tr>\n<td><strong>Nhi\u1ec7t \u0111\u1ed9 m\u00f4i ch\u1ea5t<\/strong><\/td>\n<td>-40 \u0111\u1ebfn 850\u00b0C (\u201340 \u0111\u1ebfn +1562\u00b0F)<\/td>\n<\/tr>\n<tr>\n<td><strong>Nhi\u1ec7t \u0111\u1ed9 m\u00f4i tr\u01b0\u1eddng<\/strong><\/td>\n<td>-40\u00b0C \u0111\u1ebfn +65\u00b0C<\/td>\n<\/tr>\n<tr>\n<td><strong>Ng\u00f5 ra<\/strong><\/td>\n<td>4-20 mA<\/td>\n<\/tr>\n<\/tbody>\n<\/table>\n<p>&#8211; \u0110o ch\u00ednh x\u00e1c trong \u0111i\u1ec1u ki\u1ec7n d\u00f2ng ch\u1ea3y r\u1ed1i<br \/>\n&#8211; Kh\u00f4ng y\u00eau c\u1ea7u \u0111o\u1ea1n \u1ed1ng th\u1eb3ng d\u00e0i tr\u01b0\u1edbc v\u00e0 sau<br \/>\n&#8211; Ph\u00f9 h\u1ee3p v\u1edbi nhi\u1ec1u lo\u1ea1i m\u00f4i ch\u1ea5t: kh\u00ed, h\u01a1i, ch\u1ea5t l\u1ecfng<br \/>\n&#8211; Thi\u1ebft k\u1ebf nh\u1ecf g\u1ecdn, d\u1ec5 d\u00e0ng l\u1eafp \u0111\u1eb7t trong kh\u00f4ng gian h\u1eb9p<br \/>\n&#8211; T\u00f9y ch\u1ecdn nhi\u1ec1u lo\u1ea1i v\u1eadt li\u1ec7u v\u00e0 k\u1ebft n\u1ed1i<\/p>\n<p><strong>\u1ee8ng d\u1ee5ng th\u1ef1c t\u1ebf c\u1ee7a \u0111\u1ed3ng h\u1ed3 \u0111o l\u01b0u l\u01b0\u1ee3ng ch\u00eanh \u00e1p h\u00ecnh n\u00f3n MTKB-V<\/strong><\/p>\n<p>&#8211; D\u1ea7u kh\u00ed: t\u00e1ch d\u1ea7u kh\u00ed, \u0111o kh\u00ed t\u1ea1i \u0111\u1ea7u gi\u1ebfng, b\u01a1m \u00e9p n\u01b0\u1edbc<br \/>\n&#8211; LNG: \u0111o l\u01b0u l\u01b0\u1ee3ng trong qu\u00e1 tr\u00ecnh h\u00f3a l\u1ecfng v\u00e0 t\u00e1i kh\u00ed h\u00f3a<br \/>\n&#8211; H\u01a1i n\u01b0\u1edbc: \u0111o h\u01a1i trong h\u1ec7 th\u1ed1ng nhi\u1ec7t c\u00f3 kh\u00f4ng gian h\u1ea1n ch\u1ebf<br \/>\n&#8211; Nh\u00e0 m\u00e1y \u0111i\u1ec7n, ti\u1ec7n \u00edch c\u00f4ng nghi\u1ec7p<br \/>\n&#8211; \u1ee8ng d\u1ee5ng trong m\u00f4i tr\u01b0\u1eddng c\u00f3 d\u00f2ng ch\u1ea3y r\u1ed1i ho\u1eb7c \u0111i\u1ec1u ki\u1ec7n l\u1eafp \u0111\u1eb7t ph\u1ee9c t\u1ea1p<\/p>","protected":false},"excerpt":{"rendered":"<p>&#8211; \u0110o ch\u00ednh x\u00e1c \u00b10.5%<br \/>\n&#8211; \u00c1p su\u1ea5t l\u00e0m vi\u1ec7c t\u1ed1i \u0111a 420 bar, nhi\u1ec7t \u0111\u1ed9 t\u1edbi 850\u00b0C<br \/>\n&#8211; V\u1eadn h\u00e0nh \u1ed5n \u0111\u1ecbnh trong m\u00f4i tr\u01b0\u1eddng d\u00f2ng ch\u1ea3y r\u1ed1i<br \/>\n&#8211; Ph\u00f9 h\u1ee3p ch\u1ea5t l\u1ecfng, kh\u00ed v\u00e0 h\u01a1i d\u1eabn ho\u1eb7c kh\u00f4ng d\u1eabn \u0111i\u1ec7n<br \/>\n&#8211; V\u1eadt li\u1ec7u t\u00f9y ch\u1ecdn: inox 304\/316 ho\u1eb7c th\u00e9p carbon<\/p>","protected":false},"featured_media":7377,"template":"","meta":[],"product_cat":[442,497,506,416,444,484,488,517],"product_tag":[],"acf":[],"yoast_head":"<!-- This site is optimized with the Yoast SEO Premium plugin v18.4 (Yoast SEO v18.6) - https:\/\/yoast.com\/wordpress\/plugins\/seo\/ -->\n<title>\u0110\u1ed3ng h\u1ed3 \u0111o l\u01b0u l\u01b0\u1ee3ng ch\u00eanh \u00e1p h\u00ecnh n\u00f3n MTKB-V - QUANDO<\/title>\n<meta name=\"description\" content=\"\u0110\u1ed3ng h\u1ed3 \u0111o l\u01b0u l\u01b0\u1ee3ng ch\u00eanh \u00e1p h\u00ecnh n\u00f3n MTKB-V ch\u00ednh x\u00e1c cao, ho\u1ea1t \u0111\u1ed9ng \u1ed5n \u0111\u1ecbnh, ph\u00f9 h\u1ee3p cho h\u01a1i, kh\u00ed v\u00e0 ch\u1ea5t l\u1ecfng\" \/>\n<meta name=\"robots\" content=\"index, follow, max-snippet:-1, max-image-preview:large, max-video-preview:-1\" \/>\n<link rel=\"canonical\" href=\"https:\/\/quando.com.vn\/en\/product\/dong-ho-luu-luong-chenh-ap-hinh-non-mtkb-v\/\" \/>\n<meta property=\"og:locale\" content=\"en_US\" \/>\n<meta property=\"og:type\" content=\"article\" \/>\n<meta property=\"og:title\" content=\"\u0110\u1ed3ng h\u1ed3 \u0111o l\u01b0u l\u01b0\u1ee3ng ch\u00eanh \u00e1p h\u00ecnh n\u00f3n MTKB-V\" \/>\n<meta property=\"og:description\" content=\"\u0110\u1ed3ng h\u1ed3 \u0111o l\u01b0u l\u01b0\u1ee3ng ch\u00eanh \u00e1p h\u00ecnh n\u00f3n MTKB-V ch\u00ednh x\u00e1c cao, ho\u1ea1t \u0111\u1ed9ng \u1ed5n \u0111\u1ecbnh, ph\u00f9 h\u1ee3p cho h\u01a1i, kh\u00ed v\u00e0 ch\u1ea5t l\u1ecfng\" \/>\n<meta property=\"og:url\" content=\"https:\/\/quando.com.vn\/en\/product\/dong-ho-luu-luong-chenh-ap-hinh-non-mtkb-v\/\" \/>\n<meta property=\"og:site_name\" content=\"QUANDO\" \/>\n<meta property=\"article:modified_time\" content=\"2025-07-17T06:49:29+00:00\" \/>\n<meta name=\"twitter:card\" content=\"summary_large_image\" \/>\n<meta name=\"twitter:image\" content=\"https:\/\/quando.com.vn\/wp-content\/uploads\/2025\/07\/V-Cone-Flowmeters-MTKB-V.webp\" \/>\n<meta name=\"twitter:label1\" content=\"Est. reading time\" \/>\n\t<meta name=\"twitter:data1\" content=\"2 minutes\" \/>\n<script type=\"application\/ld+json\" class=\"yoast-schema-graph\">{\"@context\":\"https:\/\/schema.org\",\"@graph\":[{\"@type\":\"WebSite\",\"@id\":\"https:\/\/quando.com.vn\/en\/#website\",\"url\":\"https:\/\/quando.com.vn\/en\/\",\"name\":\"QUANDO\",\"description\":\"\",\"potentialAction\":[{\"@type\":\"SearchAction\",\"target\":{\"@type\":\"EntryPoint\",\"urlTemplate\":\"https:\/\/quando.com.vn\/en\/?s={search_term_string}\"},\"query-input\":\"required name=search_term_string\"}],\"inLanguage\":\"en-US\"},{\"@type\":\"ImageObject\",\"@id\":\"https:\/\/quando.com.vn\/san-pham\/dong-ho-luu-luong-chenh-ap-hinh-non-mtkb-v\/#primaryimage\",\"inLanguage\":\"en-US\",\"url\":\"https:\/\/quando.com.vn\/wp-content\/uploads\/2025\/07\/V-Cone-Flowmeters-MTKB-V.webp\",\"contentUrl\":\"https:\/\/quando.com.vn\/wp-content\/uploads\/2025\/07\/V-Cone-Flowmeters-MTKB-V.webp\",\"width\":600,\"height\":600,\"caption\":\"\u0111\u1ed3ng h\u1ed3 \u0111o l\u01b0u l\u01b0\u1ee3ng ch\u00eanh \u00e1p h\u00ecnh n\u00f3n MTKB-V\"},{\"@type\":\"WebPage\",\"@id\":\"https:\/\/quando.com.vn\/san-pham\/dong-ho-luu-luong-chenh-ap-hinh-non-mtkb-v\/#webpage\",\"url\":\"https:\/\/quando.com.vn\/san-pham\/dong-ho-luu-luong-chenh-ap-hinh-non-mtkb-v\/\",\"name\":\"\u0110\u1ed3ng h\u1ed3 \u0111o l\u01b0u l\u01b0\u1ee3ng ch\u00eanh \u00e1p h\u00ecnh n\u00f3n MTKB-V - QUANDO\",\"isPartOf\":{\"@id\":\"https:\/\/quando.com.vn\/en\/#website\"},\"primaryImageOfPage\":{\"@id\":\"https:\/\/quando.com.vn\/san-pham\/dong-ho-luu-luong-chenh-ap-hinh-non-mtkb-v\/#primaryimage\"},\"datePublished\":\"2025-07-17T04:33:54+00:00\",\"dateModified\":\"2025-07-17T06:49:29+00:00\",\"description\":\"\u0110\u1ed3ng h\u1ed3 \u0111o l\u01b0u l\u01b0\u1ee3ng ch\u00eanh \u00e1p h\u00ecnh n\u00f3n MTKB-V ch\u00ednh x\u00e1c cao, ho\u1ea1t \u0111\u1ed9ng \u1ed5n \u0111\u1ecbnh, ph\u00f9 h\u1ee3p cho h\u01a1i, kh\u00ed v\u00e0 ch\u1ea5t l\u1ecfng\",\"breadcrumb\":{\"@id\":\"https:\/\/quando.com.vn\/san-pham\/dong-ho-luu-luong-chenh-ap-hinh-non-mtkb-v\/#breadcrumb\"},\"inLanguage\":\"en-US\",\"potentialAction\":[{\"@type\":\"ReadAction\",\"target\":[\"https:\/\/quando.com.vn\/san-pham\/dong-ho-luu-luong-chenh-ap-hinh-non-mtkb-v\/\"]}]},{\"@type\":\"BreadcrumbList\",\"@id\":\"https:\/\/quando.com.vn\/san-pham\/dong-ho-luu-luong-chenh-ap-hinh-non-mtkb-v\/#breadcrumb\",\"itemListElement\":[{\"@type\":\"ListItem\",\"position\":1,\"name\":\"Trang ch\u1ee7\",\"item\":\"https:\/\/quando.com.vn\/\"},{\"@type\":\"ListItem\",\"position\":2,\"name\":\"S\u1ea3n ph\u1ea9m\",\"item\":\"https:\/\/quando.com.vn\/san-pham\/\"},{\"@type\":\"ListItem\",\"position\":3,\"name\":\"\u0110\u1ed3ng h\u1ed3 \u0111o l\u01b0u l\u01b0\u1ee3ng ch\u00eanh \u00e1p h\u00ecnh n\u00f3n MTKB-V\"}]}]}<\/script>\n<!-- \/ Yoast SEO Premium plugin. -->","yoast_head_json":{"title":"\u0110\u1ed3ng h\u1ed3 \u0111o l\u01b0u l\u01b0\u1ee3ng ch\u00eanh \u00e1p h\u00ecnh n\u00f3n MTKB-V - QUANDO","description":"\u0110\u1ed3ng h\u1ed3 \u0111o l\u01b0u l\u01b0\u1ee3ng ch\u00eanh \u00e1p h\u00ecnh n\u00f3n MTKB-V ch\u00ednh x\u00e1c cao, ho\u1ea1t \u0111\u1ed9ng \u1ed5n \u0111\u1ecbnh, ph\u00f9 h\u1ee3p cho h\u01a1i, kh\u00ed v\u00e0 ch\u1ea5t l\u1ecfng","robots":{"index":"index","follow":"follow","max-snippet":"max-snippet:-1","max-image-preview":"max-image-preview:large","max-video-preview":"max-video-preview:-1"},"canonical":"https:\/\/quando.com.vn\/en\/product\/dong-ho-luu-luong-chenh-ap-hinh-non-mtkb-v\/","og_locale":"en_US","og_type":"article","og_title":"\u0110\u1ed3ng h\u1ed3 \u0111o l\u01b0u l\u01b0\u1ee3ng ch\u00eanh \u00e1p h\u00ecnh n\u00f3n MTKB-V","og_description":"\u0110\u1ed3ng h\u1ed3 \u0111o l\u01b0u l\u01b0\u1ee3ng ch\u00eanh \u00e1p h\u00ecnh n\u00f3n MTKB-V ch\u00ednh x\u00e1c cao, ho\u1ea1t \u0111\u1ed9ng \u1ed5n \u0111\u1ecbnh, ph\u00f9 h\u1ee3p cho h\u01a1i, kh\u00ed v\u00e0 ch\u1ea5t l\u1ecfng","og_url":"https:\/\/quando.com.vn\/en\/product\/dong-ho-luu-luong-chenh-ap-hinh-non-mtkb-v\/","og_site_name":"QUANDO","article_modified_time":"2025-07-17T06:49:29+00:00","twitter_card":"summary_large_image","twitter_image":"https:\/\/quando.com.vn\/wp-content\/uploads\/2025\/07\/V-Cone-Flowmeters-MTKB-V.webp","twitter_misc":{"Est. reading time":"2 minutes"},"schema":{"@context":"https:\/\/schema.org","@graph":[{"@type":"WebSite","@id":"https:\/\/quando.com.vn\/en\/#website","url":"https:\/\/quando.com.vn\/en\/","name":"QUANDO","description":"","potentialAction":[{"@type":"SearchAction","target":{"@type":"EntryPoint","urlTemplate":"https:\/\/quando.com.vn\/en\/?s={search_term_string}"},"query-input":"required name=search_term_string"}],"inLanguage":"en-US"},{"@type":"ImageObject","@id":"https:\/\/quando.com.vn\/san-pham\/dong-ho-luu-luong-chenh-ap-hinh-non-mtkb-v\/#primaryimage","inLanguage":"en-US","url":"https:\/\/quando.com.vn\/wp-content\/uploads\/2025\/07\/V-Cone-Flowmeters-MTKB-V.webp","contentUrl":"https:\/\/quando.com.vn\/wp-content\/uploads\/2025\/07\/V-Cone-Flowmeters-MTKB-V.webp","width":600,"height":600,"caption":"\u0111\u1ed3ng h\u1ed3 \u0111o l\u01b0u l\u01b0\u1ee3ng ch\u00eanh \u00e1p h\u00ecnh n\u00f3n MTKB-V"},{"@type":"WebPage","@id":"https:\/\/quando.com.vn\/san-pham\/dong-ho-luu-luong-chenh-ap-hinh-non-mtkb-v\/#webpage","url":"https:\/\/quando.com.vn\/san-pham\/dong-ho-luu-luong-chenh-ap-hinh-non-mtkb-v\/","name":"\u0110\u1ed3ng h\u1ed3 \u0111o l\u01b0u l\u01b0\u1ee3ng ch\u00eanh \u00e1p h\u00ecnh n\u00f3n MTKB-V - QUANDO","isPartOf":{"@id":"https:\/\/quando.com.vn\/en\/#website"},"primaryImageOfPage":{"@id":"https:\/\/quando.com.vn\/san-pham\/dong-ho-luu-luong-chenh-ap-hinh-non-mtkb-v\/#primaryimage"},"datePublished":"2025-07-17T04:33:54+00:00","dateModified":"2025-07-17T06:49:29+00:00","description":"\u0110\u1ed3ng h\u1ed3 \u0111o l\u01b0u l\u01b0\u1ee3ng ch\u00eanh \u00e1p h\u00ecnh n\u00f3n MTKB-V ch\u00ednh x\u00e1c cao, ho\u1ea1t \u0111\u1ed9ng \u1ed5n \u0111\u1ecbnh, ph\u00f9 h\u1ee3p cho h\u01a1i, kh\u00ed v\u00e0 ch\u1ea5t l\u1ecfng","breadcrumb":{"@id":"https:\/\/quando.com.vn\/san-pham\/dong-ho-luu-luong-chenh-ap-hinh-non-mtkb-v\/#breadcrumb"},"inLanguage":"en-US","potentialAction":[{"@type":"ReadAction","target":["https:\/\/quando.com.vn\/san-pham\/dong-ho-luu-luong-chenh-ap-hinh-non-mtkb-v\/"]}]},{"@type":"BreadcrumbList","@id":"https:\/\/quando.com.vn\/san-pham\/dong-ho-luu-luong-chenh-ap-hinh-non-mtkb-v\/#breadcrumb","itemListElement":[{"@type":"ListItem","position":1,"name":"Trang ch\u1ee7","item":"https:\/\/quando.com.vn\/"},{"@type":"ListItem","position":2,"name":"S\u1ea3n ph\u1ea9m","item":"https:\/\/quando.com.vn\/san-pham\/"},{"@type":"ListItem","position":3,"name":"\u0110\u1ed3ng h\u1ed3 \u0111o l\u01b0u l\u01b0\u1ee3ng ch\u00eanh \u00e1p h\u00ecnh n\u00f3n MTKB-V"}]}]}},"_links":{"self":[{"href":"https:\/\/quando.com.vn\/en\/wp-json\/wp\/v2\/product\/7376"}],"collection":[{"href":"https:\/\/quando.com.vn\/en\/wp-json\/wp\/v2\/product"}],"about":[{"href":"https:\/\/quando.com.vn\/en\/wp-json\/wp\/v2\/types\/product"}],"wp:featuredmedia":[{"embeddable":true,"href":"https:\/\/quando.com.vn\/en\/wp-json\/wp\/v2\/media\/7377"}],"wp:attachment":[{"href":"https:\/\/quando.com.vn\/en\/wp-json\/wp\/v2\/media?parent=7376"}],"wp:term":[{"taxonomy":"product_cat","embeddable":true,"href":"https:\/\/quando.com.vn\/en\/wp-json\/wp\/v2\/product_cat?post=7376"},{"taxonomy":"product_tag","embeddable":true,"href":"https:\/\/quando.com.vn\/en\/wp-json\/wp\/v2\/product_tag?post=7376"}],"curies":[{"name":"wp","href":"https:\/\/api.w.org\/{rel}","templated":true}]}}