{"id":7365,"date":"2025-07-15T11:52:26","date_gmt":"2025-07-15T04:52:26","guid":{"rendered":"https:\/\/quando.com.vn\/?post_type=product&#038;p=7365"},"modified":"2025-07-17T11:28:58","modified_gmt":"2025-07-17T04:28:58","slug":"cam-bien-ap-suat-p048","status":"publish","type":"product","link":"https:\/\/quando.com.vn\/en\/product\/cam-bien-ap-suat-p048\/","title":{"rendered":"P048 \u2013 C\u1ea3m bi\u1ebfn \u00e1p su\u1ea5t \u0111a n\u0103ng, d\u1ea3i \u0111o r\u1ed9ng \u0111\u1ebfn 1000 bar"},"content":{"rendered":"<p><strong>P048 \u2013 C\u1ea3m bi\u1ebfn \u00e1p su\u1ea5t \u0111a n\u0103ng<\/strong> c\u1ee7a <a href=\"https:\/\/www.eyc-tech.com\/pressure.htm\"><strong>eyc-tech<\/strong><\/a>, ph\u00f9 h\u1ee3p v\u1edbi nhi\u1ec1u lo\u1ea1i thi\u1ebft b\u1ecb v\u00e0 \u1ee9ng d\u1ee5ng c\u00f4ng nghi\u1ec7p. V\u1edbi thi\u1ebft k\u1ebf nh\u1ecf g\u1ecdn, c\u1ea5u tr\u00fac th\u00e9p kh\u00f4ng g\u1ec9 316L v\u00e0 nhi\u1ec1u t\u00f9y ch\u1ecdn t\u00edn hi\u1ec7u\/ki\u1ec3u ren, P048 l\u00e0 l\u1ef1a ch\u1ecdn linh ho\u1ea1t cho c\u1ea3 \u0111o \u00e1p su\u1ea5t t\u01b0\u01a1ng \u0111\u1ed1i v\u00e0 tuy\u1ec7t \u0111\u1ed1i.<\/p>\n<h3>\u0110\u1eb7c \u0111i\u1ec3m n\u1ed5i b\u1eadt<\/h3>\n<ul>\n<li>V\u1ecf v\u00e0 m\u00e0ng c\u1ea3m bi\u1ebfn l\u00e0m b\u1eb1ng th\u00e9p kh\u00f4ng g\u1ec9 316L, \u0111\u1ed9 b\u1ec1n cao<\/li>\n<li>Thi\u1ebft k\u1ebf nh\u1ecf g\u1ecdn, tr\u1ecdng l\u01b0\u1ee3ng nh\u1eb9, l\u1eafp \u0111\u1eb7t d\u1ec5 d\u00e0ng<\/li>\n<li>Ch\u1ed1ng nhi\u1ec5u t\u1ed1t, ho\u1ea1t \u0111\u1ed9ng \u1ed5n \u0111\u1ecbnh l\u00e2u d\u00e0i<\/li>\n<li>H\u1ed7 tr\u1ee3 \u0111o \u00e1p su\u1ea5t t\u01b0\u01a1ng \u0111\u1ed1i v\u00e0 tuy\u1ec7t \u0111\u1ed1i<\/li>\n<li>D\u1ea3i \u0111o r\u1ed9ng: t\u1eeb -1 \u0111\u1ebfn 1000 bar<\/li>\n<li>T\u00f9y ch\u1ecdn t\u00edn hi\u1ec7u: 4\u201320 mA, 0\u20135 V, 0\u201310 V, 0.5\u20134.5 V (DC 5V)<\/li>\n<li>T\u00f9y ch\u1ecdn k\u1ebft n\u1ed1i: PT \/ G \/ NPT<\/li>\n<li>Kh\u1ea3 n\u0103ng ch\u1ed1ng rung, ch\u1ed1ng s\u1ed1c v\u01b0\u1ee3t tr\u1ed9i<\/li>\n<li>C\u00f3 th\u1ec3 \u0111i\u1ec1u ch\u1ec9nh \u0111i\u1ec3m 0 v\u00e0 to\u00e0n thang \u0111o (Zero \/ Span)<\/li>\n<\/ul>\n<h3>Th\u00f4ng s\u1ed1 k\u1ef9 thu\u1eadt ch\u00ednh<\/h3>\n<table>\n<tbody>\n<tr>\n<td><strong>Model<\/strong><\/td>\n<td>P048<\/td>\n<\/tr>\n<tr>\n<td><strong>Lo\u1ea1i \u00e1p su\u1ea5t<\/strong><\/td>\n<td>\u00c1p su\u1ea5t t\u01b0\u01a1ng \u0111\u1ed1i \/ \u00c1p su\u1ea5t tuy\u1ec7t \u0111\u1ed1i<\/td>\n<\/tr>\n<tr>\n<td><strong>D\u1ea3i \u0111o<\/strong><\/td>\n<td>-1 &#8230; 1000 bar<\/td>\n<\/tr>\n<tr>\n<td><strong>\u0110\u1ea7u ra t\u00edn hi\u1ec7u<\/strong><\/td>\n<td>4\u201320 mA \/ 0\u20135 V \/ 0\u201310 V \/ 0.5\u20134.5 V<\/td>\n<\/tr>\n<tr>\n<td><strong>\u0110\u1ed9 ch\u00ednh x\u00e1c<\/strong><\/td>\n<td>\u00b10.5% ho\u1eb7c \u00b12% F.S.<\/td>\n<\/tr>\n<tr>\n<td><strong>V\u1eadt li\u1ec7u m\u00e0ng c\u1ea3m bi\u1ebfn<\/strong><\/td>\n<td>Th\u00e9p kh\u00f4ng g\u1ec9 316L<\/td>\n<\/tr>\n<tr>\n<td><strong>Chu\u1ea9n b\u1ea3o v\u1ec7<\/strong><\/td>\n<td>IP65<\/td>\n<\/tr>\n<tr>\n<td><strong>Ki\u1ec3u k\u1ebft n\u1ed1i<\/strong><\/td>\n<td>PT \/ G \/ NPT (tu\u1ef3 ch\u1ecdn)<\/td>\n<\/tr>\n<\/tbody>\n<\/table>\n<h3>\u1ee8ng d\u1ee5ng \u0111i\u1ec3n h\u00ecnh<\/h3>\n<ul>\n<li>Ng\u00e0nh h\u00e0ng kh\u00f4ng v\u00e0 h\u00e0ng kh\u00f4ng v\u0169 tr\u1ee5<\/li>\n<li>Thi\u1ebft b\u1ecb y t\u1ebf v\u00e0 HVAC<\/li>\n<li>H\u1ec7 th\u1ed1ng \u0111\u01b0\u1eddng \u1ed1ng v\u00e0 ki\u1ec3m so\u00e1t quy tr\u00ecnh<\/li>\n<li>Ng\u00e0nh s\u1ea3n xu\u1ea5t \u00f4 t\u00f4 v\u00e0 thi\u1ebft b\u1ecb c\u00f4ng nghi\u1ec7p<\/li>\n<\/ul>\n<p><strong>P048 \u2013 C\u1ea3m bi\u1ebfn \u00e1p su\u1ea5t \u0111a n\u0103ng <\/strong>mang l\u1ea1i \u0111\u1ed9 ch\u00ednh x\u00e1c cao, \u0111\u1ed9 \u1ed5n \u0111\u1ecbnh l\u00e2u d\u00e0i v\u00e0 s\u1ef1 linh ho\u1ea1t v\u01b0\u1ee3t tr\u1ed9i trong thi\u1ebft k\u1ebf \u2013 ph\u00f9 h\u1ee3p cho nhi\u1ec1u h\u1ec7 th\u1ed1ng gi\u00e1m s\u00e1t \u00e1p su\u1ea5t c\u00f4ng nghi\u1ec7p hi\u1ec7n \u0111\u1ea1i.<\/p>\n<p><img loading=\"lazy\" class=\"aligncenter size-full wp-image-7372\" src=\"https:\/\/quando.com.vn\/wp-content\/uploads\/2025\/07\/eyc-p048-order-guide.webp\" alt=\"c\u1ea3m bi\u1ebfn \u00e1p su\u1ea5t P048\" width=\"782\" height=\"645\" srcset=\"https:\/\/quando.com.vn\/wp-content\/uploads\/2025\/07\/eyc-p048-order-guide.webp 782w, https:\/\/quando.com.vn\/wp-content\/uploads\/2025\/07\/eyc-p048-order-guide-300x247.webp 300w, https:\/\/quando.com.vn\/wp-content\/uploads\/2025\/07\/eyc-p048-order-guide-768x633.webp 768w, https:\/\/quando.com.vn\/wp-content\/uploads\/2025\/07\/eyc-p048-order-guide-15x12.webp 15w\" sizes=\"(max-width: 782px) 100vw, 782px\" \/><\/p>\n<p><img loading=\"lazy\" class=\"aligncenter size-full wp-image-7371\" src=\"https:\/\/quando.com.vn\/wp-content\/uploads\/2025\/07\/eyc-p048-connection.webp\" alt=\"c\u1ea3m bi\u1ebfn \u00e1p su\u1ea5t P048\" width=\"1057\" height=\"725\" srcset=\"https:\/\/quando.com.vn\/wp-content\/uploads\/2025\/07\/eyc-p048-connection.webp 1057w, https:\/\/quando.com.vn\/wp-content\/uploads\/2025\/07\/eyc-p048-connection-300x206.webp 300w, https:\/\/quando.com.vn\/wp-content\/uploads\/2025\/07\/eyc-p048-connection-1024x702.webp 1024w, https:\/\/quando.com.vn\/wp-content\/uploads\/2025\/07\/eyc-p048-connection-768x527.webp 768w, https:\/\/quando.com.vn\/wp-content\/uploads\/2025\/07\/eyc-p048-connection-18x12.webp 18w\" sizes=\"(max-width: 1057px) 100vw, 1057px\" \/><\/p>","protected":false},"excerpt":{"rendered":"<p>&#8211; C\u1ea3m bi\u1ebfn \u00e1p su\u1ea5t \u0111a n\u0103ng, d\u1ea3i \u0111o -1~1000 bar<br \/>\n&#8211; V\u1ecf th\u00e9p kh\u00f4ng g\u1ec9 316L, ch\u1ed1ng rung s\u1ed1c<br \/>\n&#8211; H\u1ed7 tr\u1ee3 \u00e1p su\u1ea5t tuy\u1ec7t \u0111\u1ed1i v\u00e0 t\u01b0\u01a1ng \u0111\u1ed1i<br \/>\n&#8211; T\u00edn hi\u1ec7u: 4\u201320 mA \/ 0\u201310 V \/ 0.5\u20134.5 V<br \/>\n&#8211; T\u00f9y ch\u1ecdn ren PT, G, NPT<br \/>\n&#8211; IP65, nh\u1ecf g\u1ecdn, d\u1ec5 l\u1eafp \u0111\u1eb7t<\/p>","protected":false},"featured_media":7374,"template":"","meta":[],"product_cat":[529,528,519,442,416,444],"product_tag":[],"acf":[],"yoast_head":"<!-- This site is optimized with the Yoast SEO Premium plugin v18.4 (Yoast SEO v18.6) - https:\/\/yoast.com\/wordpress\/plugins\/seo\/ -->\n<title>P048 \u2013 C\u1ea3m bi\u1ebfn \u00e1p su\u1ea5t \u0111a n\u0103ng, d\u1ea3i \u0111o r\u1ed9ng \u0111\u1ebfn 1000 bar - QUANDO<\/title>\n<meta name=\"description\" content=\"P048 l\u00e0 c\u1ea3m bi\u1ebfn \u00e1p su\u1ea5t \u0111a n\u0103ng, v\u1ecf inox 316L, d\u1ea3i \u0111o -1 \u0111\u1ebfn 1000 bar, h\u1ed7 tr\u1ee3 nhi\u1ec1u ki\u1ec3u ren v\u00e0 t\u00edn hi\u1ec7u, \u0111o \u00e1p su\u1ea5t t\u01b0\u01a1ng \u0111\u1ed1i v\u00e0 tuy\u1ec7t \u0111\u1ed1i\" \/>\n<meta name=\"robots\" content=\"index, follow, max-snippet:-1, max-image-preview:large, max-video-preview:-1\" \/>\n<link rel=\"canonical\" href=\"https:\/\/quando.com.vn\/en\/product\/cam-bien-ap-suat-p048\/\" \/>\n<meta property=\"og:locale\" content=\"en_US\" \/>\n<meta property=\"og:type\" content=\"article\" \/>\n<meta property=\"og:title\" content=\"P048 \u2013 C\u1ea3m bi\u1ebfn \u00e1p su\u1ea5t \u0111a n\u0103ng, d\u1ea3i \u0111o r\u1ed9ng \u0111\u1ebfn 1000 bar\" \/>\n<meta property=\"og:description\" content=\"P048 l\u00e0 c\u1ea3m bi\u1ebfn \u00e1p su\u1ea5t \u0111a n\u0103ng, v\u1ecf inox 316L, d\u1ea3i \u0111o -1 \u0111\u1ebfn 1000 bar, h\u1ed7 tr\u1ee3 nhi\u1ec1u ki\u1ec3u ren v\u00e0 t\u00edn hi\u1ec7u, \u0111o \u00e1p su\u1ea5t t\u01b0\u01a1ng \u0111\u1ed1i v\u00e0 tuy\u1ec7t \u0111\u1ed1i\" \/>\n<meta property=\"og:url\" content=\"https:\/\/quando.com.vn\/en\/product\/cam-bien-ap-suat-p048\/\" \/>\n<meta property=\"og:site_name\" content=\"QUANDO\" \/>\n<meta property=\"article:modified_time\" content=\"2025-07-17T04:28:58+00:00\" \/>\n<meta name=\"twitter:card\" content=\"summary_large_image\" \/>\n<meta name=\"twitter:image\" content=\"https:\/\/quando.com.vn\/wp-content\/uploads\/2025\/07\/eyc-p048.webp\" \/>\n<meta name=\"twitter:label1\" content=\"Est. reading time\" \/>\n\t<meta name=\"twitter:data1\" content=\"3 minutes\" \/>\n<script type=\"application\/ld+json\" class=\"yoast-schema-graph\">{\"@context\":\"https:\/\/schema.org\",\"@graph\":[{\"@type\":\"WebSite\",\"@id\":\"https:\/\/quando.com.vn\/en\/#website\",\"url\":\"https:\/\/quando.com.vn\/en\/\",\"name\":\"QUANDO\",\"description\":\"\",\"potentialAction\":[{\"@type\":\"SearchAction\",\"target\":{\"@type\":\"EntryPoint\",\"urlTemplate\":\"https:\/\/quando.com.vn\/en\/?s={search_term_string}\"},\"query-input\":\"required name=search_term_string\"}],\"inLanguage\":\"en-US\"},{\"@type\":\"ImageObject\",\"@id\":\"https:\/\/quando.com.vn\/san-pham\/cam-bien-ap-suat-p048\/#primaryimage\",\"inLanguage\":\"en-US\",\"url\":\"https:\/\/quando.com.vn\/wp-content\/uploads\/2025\/07\/eyc-p048.webp\",\"contentUrl\":\"https:\/\/quando.com.vn\/wp-content\/uploads\/2025\/07\/eyc-p048.webp\",\"width\":500,\"height\":500,\"caption\":\"c\u1ea3m bi\u1ebfn \u00e1p su\u1ea5t P048\"},{\"@type\":\"WebPage\",\"@id\":\"https:\/\/quando.com.vn\/san-pham\/cam-bien-ap-suat-p048\/#webpage\",\"url\":\"https:\/\/quando.com.vn\/san-pham\/cam-bien-ap-suat-p048\/\",\"name\":\"P048 \u2013 C\u1ea3m bi\u1ebfn \u00e1p su\u1ea5t \u0111a n\u0103ng, d\u1ea3i \u0111o r\u1ed9ng \u0111\u1ebfn 1000 bar - QUANDO\",\"isPartOf\":{\"@id\":\"https:\/\/quando.com.vn\/en\/#website\"},\"primaryImageOfPage\":{\"@id\":\"https:\/\/quando.com.vn\/san-pham\/cam-bien-ap-suat-p048\/#primaryimage\"},\"datePublished\":\"2025-07-15T04:52:26+00:00\",\"dateModified\":\"2025-07-17T04:28:58+00:00\",\"description\":\"P048 l\u00e0 c\u1ea3m bi\u1ebfn \u00e1p su\u1ea5t \u0111a n\u0103ng, v\u1ecf inox 316L, d\u1ea3i \u0111o -1 \u0111\u1ebfn 1000 bar, h\u1ed7 tr\u1ee3 nhi\u1ec1u ki\u1ec3u ren v\u00e0 t\u00edn hi\u1ec7u, \u0111o \u00e1p su\u1ea5t t\u01b0\u01a1ng \u0111\u1ed1i v\u00e0 tuy\u1ec7t \u0111\u1ed1i\",\"breadcrumb\":{\"@id\":\"https:\/\/quando.com.vn\/san-pham\/cam-bien-ap-suat-p048\/#breadcrumb\"},\"inLanguage\":\"en-US\",\"potentialAction\":[{\"@type\":\"ReadAction\",\"target\":[\"https:\/\/quando.com.vn\/san-pham\/cam-bien-ap-suat-p048\/\"]}]},{\"@type\":\"BreadcrumbList\",\"@id\":\"https:\/\/quando.com.vn\/san-pham\/cam-bien-ap-suat-p048\/#breadcrumb\",\"itemListElement\":[{\"@type\":\"ListItem\",\"position\":1,\"name\":\"Trang ch\u1ee7\",\"item\":\"https:\/\/quando.com.vn\/\"},{\"@type\":\"ListItem\",\"position\":2,\"name\":\"S\u1ea3n ph\u1ea9m\",\"item\":\"https:\/\/quando.com.vn\/san-pham\/\"},{\"@type\":\"ListItem\",\"position\":3,\"name\":\"P048 \u2013 C\u1ea3m bi\u1ebfn \u00e1p su\u1ea5t \u0111a n\u0103ng, d\u1ea3i \u0111o r\u1ed9ng \u0111\u1ebfn 1000 bar\"}]}]}<\/script>\n<!-- \/ Yoast SEO Premium plugin. -->","yoast_head_json":{"title":"P048 \u2013 C\u1ea3m bi\u1ebfn \u00e1p su\u1ea5t \u0111a n\u0103ng, d\u1ea3i \u0111o r\u1ed9ng \u0111\u1ebfn 1000 bar - QUANDO","description":"P048 l\u00e0 c\u1ea3m bi\u1ebfn \u00e1p su\u1ea5t \u0111a n\u0103ng, v\u1ecf inox 316L, d\u1ea3i \u0111o -1 \u0111\u1ebfn 1000 bar, h\u1ed7 tr\u1ee3 nhi\u1ec1u ki\u1ec3u ren v\u00e0 t\u00edn hi\u1ec7u, \u0111o \u00e1p su\u1ea5t t\u01b0\u01a1ng \u0111\u1ed1i v\u00e0 tuy\u1ec7t \u0111\u1ed1i","robots":{"index":"index","follow":"follow","max-snippet":"max-snippet:-1","max-image-preview":"max-image-preview:large","max-video-preview":"max-video-preview:-1"},"canonical":"https:\/\/quando.com.vn\/en\/product\/cam-bien-ap-suat-p048\/","og_locale":"en_US","og_type":"article","og_title":"P048 \u2013 C\u1ea3m bi\u1ebfn \u00e1p su\u1ea5t \u0111a n\u0103ng, d\u1ea3i \u0111o r\u1ed9ng \u0111\u1ebfn 1000 bar","og_description":"P048 l\u00e0 c\u1ea3m bi\u1ebfn \u00e1p su\u1ea5t \u0111a n\u0103ng, v\u1ecf inox 316L, d\u1ea3i \u0111o -1 \u0111\u1ebfn 1000 bar, h\u1ed7 tr\u1ee3 nhi\u1ec1u ki\u1ec3u ren v\u00e0 t\u00edn hi\u1ec7u, \u0111o \u00e1p su\u1ea5t t\u01b0\u01a1ng \u0111\u1ed1i v\u00e0 tuy\u1ec7t \u0111\u1ed1i","og_url":"https:\/\/quando.com.vn\/en\/product\/cam-bien-ap-suat-p048\/","og_site_name":"QUANDO","article_modified_time":"2025-07-17T04:28:58+00:00","twitter_card":"summary_large_image","twitter_image":"https:\/\/quando.com.vn\/wp-content\/uploads\/2025\/07\/eyc-p048.webp","twitter_misc":{"Est. reading time":"3 minutes"},"schema":{"@context":"https:\/\/schema.org","@graph":[{"@type":"WebSite","@id":"https:\/\/quando.com.vn\/en\/#website","url":"https:\/\/quando.com.vn\/en\/","name":"QUANDO","description":"","potentialAction":[{"@type":"SearchAction","target":{"@type":"EntryPoint","urlTemplate":"https:\/\/quando.com.vn\/en\/?s={search_term_string}"},"query-input":"required name=search_term_string"}],"inLanguage":"en-US"},{"@type":"ImageObject","@id":"https:\/\/quando.com.vn\/san-pham\/cam-bien-ap-suat-p048\/#primaryimage","inLanguage":"en-US","url":"https:\/\/quando.com.vn\/wp-content\/uploads\/2025\/07\/eyc-p048.webp","contentUrl":"https:\/\/quando.com.vn\/wp-content\/uploads\/2025\/07\/eyc-p048.webp","width":500,"height":500,"caption":"c\u1ea3m bi\u1ebfn \u00e1p su\u1ea5t P048"},{"@type":"WebPage","@id":"https:\/\/quando.com.vn\/san-pham\/cam-bien-ap-suat-p048\/#webpage","url":"https:\/\/quando.com.vn\/san-pham\/cam-bien-ap-suat-p048\/","name":"P048 \u2013 C\u1ea3m bi\u1ebfn \u00e1p su\u1ea5t \u0111a n\u0103ng, d\u1ea3i \u0111o r\u1ed9ng \u0111\u1ebfn 1000 bar - QUANDO","isPartOf":{"@id":"https:\/\/quando.com.vn\/en\/#website"},"primaryImageOfPage":{"@id":"https:\/\/quando.com.vn\/san-pham\/cam-bien-ap-suat-p048\/#primaryimage"},"datePublished":"2025-07-15T04:52:26+00:00","dateModified":"2025-07-17T04:28:58+00:00","description":"P048 l\u00e0 c\u1ea3m bi\u1ebfn \u00e1p su\u1ea5t \u0111a n\u0103ng, v\u1ecf inox 316L, d\u1ea3i \u0111o -1 \u0111\u1ebfn 1000 bar, h\u1ed7 tr\u1ee3 nhi\u1ec1u ki\u1ec3u ren v\u00e0 t\u00edn hi\u1ec7u, \u0111o \u00e1p su\u1ea5t t\u01b0\u01a1ng \u0111\u1ed1i v\u00e0 tuy\u1ec7t \u0111\u1ed1i","breadcrumb":{"@id":"https:\/\/quando.com.vn\/san-pham\/cam-bien-ap-suat-p048\/#breadcrumb"},"inLanguage":"en-US","potentialAction":[{"@type":"ReadAction","target":["https:\/\/quando.com.vn\/san-pham\/cam-bien-ap-suat-p048\/"]}]},{"@type":"BreadcrumbList","@id":"https:\/\/quando.com.vn\/san-pham\/cam-bien-ap-suat-p048\/#breadcrumb","itemListElement":[{"@type":"ListItem","position":1,"name":"Trang ch\u1ee7","item":"https:\/\/quando.com.vn\/"},{"@type":"ListItem","position":2,"name":"S\u1ea3n ph\u1ea9m","item":"https:\/\/quando.com.vn\/san-pham\/"},{"@type":"ListItem","position":3,"name":"P048 \u2013 C\u1ea3m bi\u1ebfn \u00e1p su\u1ea5t \u0111a n\u0103ng, d\u1ea3i \u0111o r\u1ed9ng \u0111\u1ebfn 1000 bar"}]}]}},"_links":{"self":[{"href":"https:\/\/quando.com.vn\/en\/wp-json\/wp\/v2\/product\/7365"}],"collection":[{"href":"https:\/\/quando.com.vn\/en\/wp-json\/wp\/v2\/product"}],"about":[{"href":"https:\/\/quando.com.vn\/en\/wp-json\/wp\/v2\/types\/product"}],"wp:featuredmedia":[{"embeddable":true,"href":"https:\/\/quando.com.vn\/en\/wp-json\/wp\/v2\/media\/7374"}],"wp:attachment":[{"href":"https:\/\/quando.com.vn\/en\/wp-json\/wp\/v2\/media?parent=7365"}],"wp:term":[{"taxonomy":"product_cat","embeddable":true,"href":"https:\/\/quando.com.vn\/en\/wp-json\/wp\/v2\/product_cat?post=7365"},{"taxonomy":"product_tag","embeddable":true,"href":"https:\/\/quando.com.vn\/en\/wp-json\/wp\/v2\/product_tag?post=7365"}],"curies":[{"name":"wp","href":"https:\/\/api.w.org\/{rel}","templated":true}]}}