{"id":7349,"date":"2025-07-09T16:33:48","date_gmt":"2025-07-09T09:33:48","guid":{"rendered":"https:\/\/quando.com.vn\/?post_type=product&#038;p=7349"},"modified":"2025-07-15T12:55:59","modified_gmt":"2025-07-15T05:55:59","slug":"bo-chuyen-doi-nhiet-do-tp01","status":"publish","type":"product","link":"https:\/\/quando.com.vn\/en\/product\/bo-chuyen-doi-nhiet-do-tp01\/","title":{"rendered":"B\u1ed9 chuy\u1ec3n \u0111\u1ed5i nhi\u1ec7t \u0111\u1ed9 PT100 sang 4-20mA TP01- G\u1eafn \u0111\u1ea7u c\u1ea3m bi\u1ebfn"},"content":{"rendered":"<p><strong>B\u1ed9 chuy\u1ec3n \u0111\u1ed5i nhi\u1ec7t \u0111\u1ed9 PT100 sang 4-20mA TP01<\/strong> (2-Wire RTD Head-Mounting Type) l\u00e0 b\u1ed9 chuy\u1ec3n \u0111\u1ed5i t\u00edn hi\u1ec7u nhi\u1ec7t \u0111\u1ed9 do <a href=\"https:\/\/www.eyc-tech.com\/uploadfiles\/429\/Product\/Catalog\/eyc-tech-tp01_en_20240716.pdf\"><strong>eyc-tech<\/strong> <\/a>ph\u00e1t tri\u1ec3n, s\u1eed d\u1ee5ng c\u1ea3m bi\u1ebfn <strong>RTD Pt100 (3 d\u00e2y)<\/strong> v\u00e0 thi\u1ebft k\u1ebf g\u1eafn \u0111\u1ea7u tr\u00f2n ti\u00eau chu\u1ea9n. Thi\u1ebft b\u1ecb chuy\u1ec3n \u0111\u1ed5i t\u00edn hi\u1ec7u \u0111i\u1ec7n tr\u1edf th\u00e0nh d\u00f2ng 4\u201320 mA (2 d\u00e2y) \u0111\u1ec3 truy\u1ec1n t\u1ea3i \u1ed5n \u0111\u1ecbnh, ch\u00ednh x\u00e1c v\u00e0 h\u1ea1n ch\u1ebf suy gi\u1ea3m t\u00edn hi\u1ec7u khi truy\u1ec1n xa.<\/p>\n<p><img loading=\"lazy\" class=\"aligncenter size-full wp-image-7351\" src=\"https:\/\/quando.com.vn\/wp-content\/uploads\/2025\/07\/tp01-new-diagram-dimension.webp\" alt=\"b\u1ed9 chuy\u1ec3n \u0111\u1ed5i nhi\u1ec7t \u0111\u1ed9 Pt100 \u0111\u1ea7u ra 4-20mA TP01 c\u1ee7a eyc-tech\" width=\"878\" height=\"600\" srcset=\"https:\/\/quando.com.vn\/wp-content\/uploads\/2025\/07\/tp01-new-diagram-dimension.webp 878w, https:\/\/quando.com.vn\/wp-content\/uploads\/2025\/07\/tp01-new-diagram-dimension-300x205.webp 300w, https:\/\/quando.com.vn\/wp-content\/uploads\/2025\/07\/tp01-new-diagram-dimension-768x525.webp 768w, https:\/\/quando.com.vn\/wp-content\/uploads\/2025\/07\/tp01-new-diagram-dimension-18x12.webp 18w\" sizes=\"(max-width: 878px) 100vw, 878px\" \/><\/p>\n<p><img loading=\"lazy\" class=\"aligncenter size-full wp-image-7352\" src=\"https:\/\/quando.com.vn\/wp-content\/uploads\/2025\/07\/tp01-new-order-guide.webp\" alt=\"b\u1ed9 chuy\u1ec3n \u0111\u1ed5i nhi\u1ec7t \u0111\u1ed9 Pt100 sang 4-20mA TP01 c\u1ee7a eyc-tech\" width=\"898\" height=\"451\" srcset=\"https:\/\/quando.com.vn\/wp-content\/uploads\/2025\/07\/tp01-new-order-guide.webp 898w, https:\/\/quando.com.vn\/wp-content\/uploads\/2025\/07\/tp01-new-order-guide-300x151.webp 300w, https:\/\/quando.com.vn\/wp-content\/uploads\/2025\/07\/tp01-new-order-guide-768x386.webp 768w, https:\/\/quando.com.vn\/wp-content\/uploads\/2025\/07\/tp01-new-order-guide-18x9.webp 18w\" sizes=\"(max-width: 898px) 100vw, 898px\" \/><\/p>\n<h3>\u0110\u1eb7c \u0111i\u1ec3m n\u1ed5i b\u1eadt<\/h3>\n<ul>\n<li>Ch\u1ea5t l\u01b0\u1ee3ng cao, ch\u1ed1ng nhi\u1ec5u t\u1ed1t, hi\u1ec7u su\u1ea5t cao v\u1edbi chi ph\u00ed t\u1ed1i \u01b0u<\/li>\n<li>Thi\u1ebft k\u1ebf g\u1eafn \u0111\u1ea7u tr\u00f2n, ph\u00f9 h\u1ee3p c\u1ea3m bi\u1ebfn nhi\u1ec7t \u0111\u1ed9 c\u00f4ng nghi\u1ec7p ti\u00eau chu\u1ea9n<\/li>\n<li>D\u1ea3i \u0111o r\u1ed9ng: -50 &#8230; 400\u00b0C<\/li>\n<li>Chuy\u1ec3n \u0111\u1ed5i t\u00edn hi\u1ec7u \u0111i\u1ec7n tr\u1edf Pt100 th\u00e0nh d\u00f2ng chu\u1ea9n 4\u201320 mA (2 d\u00e2y)<\/li>\n<li>C\u00f3 th\u1ec3 \u0111i\u1ec1u ch\u1ec9nh \u0111i\u1ec3m ZERO v\u00e0 SPAN tr\u1ef1c ti\u1ebfp<\/li>\n<li>B\u1ea3o v\u1ec7 ph\u00e2n c\u1ef1c ng\u01b0\u1ee3c, qu\u00e1 \u00e1p v\u00e0 ng\u1eafn m\u1ea1ch<\/li>\n<\/ul>\n<h3>Th\u00f4ng s\u1ed1 k\u1ef9 thu\u1eadt ch\u00ednh<\/h3>\n<table>\n<tbody>\n<tr>\n<td><strong>Model<\/strong><\/td>\n<td>TP01<\/td>\n<\/tr>\n<tr>\n<td><strong>Lo\u1ea1i c\u1ea3m bi\u1ebfn<\/strong><\/td>\n<td>RTD Pt100 (3 d\u00e2y)<\/td>\n<\/tr>\n<tr>\n<td><strong>D\u1ea3i \u0111o<\/strong><\/td>\n<td>-50 &#8230; 400\u00b0C<\/td>\n<\/tr>\n<tr>\n<td><strong>\u0110\u1ea7u ra<\/strong><\/td>\n<td>DC 4 &#8230; 20 mA (2 d\u00e2y)<\/td>\n<\/tr>\n<tr>\n<td><strong>\u0110\u1ed9 ch\u00ednh x\u00e1c<\/strong><\/td>\n<td>\u00b10.1% F.S.<\/td>\n<\/tr>\n<tr>\n<td><strong>C\u1ea5p b\u1ea3o v\u1ec7<\/strong><\/td>\n<td>IP30 (v\u1ecf) \/ IP10 (\u0111\u1ea7u n\u1ed1i)<\/td>\n<\/tr>\n<\/tbody>\n<\/table>\n<h3>Nguy\u00ean l\u00fd ho\u1ea1t \u0111\u1ed9ng<\/h3>\n<p>Thi\u1ebft b\u1ecb th\u1ef1c hi\u1ec7n \u0111o tuy\u1ebfn t\u00ednh nhi\u1ec7t \u0111\u1ed9 th\u00f4ng qua c\u1ea3m bi\u1ebfn <strong>Pt100<\/strong> v\u00e0 chuy\u1ec3n \u0111\u1ed5i gi\u00e1 tr\u1ecb \u0111i\u1ec7n tr\u1edf th\u00e0nh t\u00edn hi\u1ec7u d\u00f2ng <strong>4 &#8230; 20 mA<\/strong>. \u0110i\u1ec1u n\u00e0y gi\u00fap truy\u1ec1n t\u00edn hi\u1ec7u \u1ed5n \u0111\u1ecbnh qua kho\u1ea3ng c\u00e1ch d\u00e0i m\u00e0 kh\u00f4ng b\u1ecb suy gi\u1ea3m, d\u1ec5 d\u00e0ng t\u00edch h\u1ee3p v\u1edbi PLC, m\u00e0n h\u00ecnh hi\u1ec3n th\u1ecb, m\u00e1y t\u00ednh c\u00f4ng nghi\u1ec7p ho\u1eb7c thi\u1ebft b\u1ecb \u0111\u1ea7u cu\u1ed1i.<\/p>\n<h3>\u1ee8ng d\u1ee5ng \u0111i\u1ec3n h\u00ecnh<\/h3>\n<ul>\n<li>T\u00edch h\u1ee3p v\u1edbi c\u1eb7p nhi\u1ec7t \u0111i\u1ec7n<\/li>\n<li>H\u1ec7 th\u1ed1ng l\u00e0m m\u00e1t v\u00e0 \u0111i\u1ec1u h\u00f2a<\/li>\n<li>K\u1ef9 thu\u1eadt m\u00f4i tr\u01b0\u1eddng v\u00e0 n\u00f4ng nghi\u1ec7p<\/li>\n<li>K\u1ef9 thu\u1eadt s\u01b0\u1edfi v\u00e0 HVAC<\/li>\n<li>B\u1ed3n ch\u1ee9a, b\u1ed3n l\u00f2, thi\u1ebft b\u1ecb c\u00f4ng nghi\u1ec7p<\/li>\n<\/ul>\n<p><strong>B\u1ed9 chuy\u1ec3n \u0111\u1ed5i nhi\u1ec7t \u0111\u1ed9 PT100 sang 4-20mA TP01<\/strong> l\u00e0 gi\u1ea3i ph\u00e1p l\u00fd t\u01b0\u1edfng cho c\u00e1c h\u1ec7 th\u1ed1ng \u0111o nhi\u1ec7t \u0111\u1ed9 c\u00f4ng nghi\u1ec7p c\u1ea7n \u0111\u1ed9 ch\u00ednh x\u00e1c cao, d\u1ec5 l\u1eafp \u0111\u1eb7t v\u00e0 truy\u1ec1n t\u00edn hi\u1ec7u \u1ed5n \u0111\u1ecbnh trong m\u1ecdi \u0111i\u1ec1u ki\u1ec7n.<\/p>","protected":false},"excerpt":{"rendered":"<p>&#8211; B\u1ed9 chuy\u1ec3n \u0111\u1ed5i nhi\u1ec7t \u0111\u1ed9 g\u1eafn \u0111\u1ea7u c\u1ea3m bi\u1ebfn<br \/>\n&#8211; C\u1ea3m bi\u1ebfn RTD Pt100 (3 d\u00e2y)<br \/>\n&#8211; D\u1ea3i \u0111o: -50 &#8230; 400\u00b0C<br \/>\n&#8211; \u0110\u1ea7u ra 4\u201320 mA (2 d\u00e2y)<br \/>\n&#8211; Ch\u00ednh x\u00e1c \u00b10.1% to\u00e0n d\u1ea3i<br \/>\n&#8211; \u0110i\u1ec1u ch\u1ec9nh \u0111\u01b0\u1ee3c ZERO \/ SPAN<br \/>\n&#8211; B\u1ea3o v\u1ec7 ph\u00e2n c\u1ef1c, qu\u00e1 \u00e1p, ng\u1eafn m\u1ea1ch<\/p>","protected":false},"featured_media":7350,"template":"","meta":[],"product_cat":[525,523,519,442,416,444],"product_tag":[],"acf":[],"yoast_head":"<!-- This site is optimized with the Yoast SEO Premium plugin v18.4 (Yoast SEO v18.6) - https:\/\/yoast.com\/wordpress\/plugins\/seo\/ -->\n<title>B\u1ed9 chuy\u1ec3n \u0111\u1ed5i nhi\u1ec7t \u0111\u1ed9 PT100 sang 4-20mA TP01- G\u1eafn \u0111\u1ea7u c\u1ea3m bi\u1ebfn - QUANDO<\/title>\n<meta name=\"description\" content=\"B\u1ed9 chuy\u1ec3n \u0111\u1ed5i nhi\u1ec7t \u0111\u1ed9 PT100 sang 4-20mA TP01 g\u1eafn \u0111\u1ea7u c\u1ea3m bi\u1ebfn, d\u1ea3i \u0111o -50~400\u00b0C, ch\u00ednh x\u00e1c \u00b10.1%, c\u00f3 th\u1ec3 ch\u1ec9nh ZERO\/SPAN, ch\u1ed1ng nhi\u1ec5u t\u1ed1t...\" \/>\n<meta name=\"robots\" content=\"index, follow, max-snippet:-1, max-image-preview:large, max-video-preview:-1\" \/>\n<link rel=\"canonical\" href=\"https:\/\/quando.com.vn\/en\/product\/bo-chuyen-doi-nhiet-do-tp01\/\" \/>\n<meta property=\"og:locale\" content=\"en_US\" \/>\n<meta property=\"og:type\" content=\"article\" \/>\n<meta property=\"og:title\" content=\"B\u1ed9 chuy\u1ec3n \u0111\u1ed5i nhi\u1ec7t \u0111\u1ed9 PT100 sang 4-20mA TP01- G\u1eafn \u0111\u1ea7u c\u1ea3m bi\u1ebfn\" \/>\n<meta property=\"og:description\" content=\"B\u1ed9 chuy\u1ec3n \u0111\u1ed5i nhi\u1ec7t \u0111\u1ed9 PT100 sang 4-20mA TP01 g\u1eafn \u0111\u1ea7u c\u1ea3m bi\u1ebfn, d\u1ea3i \u0111o -50~400\u00b0C, ch\u00ednh x\u00e1c \u00b10.1%, c\u00f3 th\u1ec3 ch\u1ec9nh ZERO\/SPAN, ch\u1ed1ng nhi\u1ec5u t\u1ed1t...\" \/>\n<meta property=\"og:url\" content=\"https:\/\/quando.com.vn\/en\/product\/bo-chuyen-doi-nhiet-do-tp01\/\" \/>\n<meta property=\"og:site_name\" content=\"QUANDO\" \/>\n<meta property=\"article:modified_time\" content=\"2025-07-15T05:55:59+00:00\" \/>\n<meta name=\"twitter:card\" content=\"summary_large_image\" \/>\n<meta name=\"twitter:image\" content=\"https:\/\/quando.com.vn\/wp-content\/uploads\/2025\/07\/tp01-new-20220506.webp\" \/>\n<meta name=\"twitter:label1\" content=\"Est. reading time\" \/>\n\t<meta name=\"twitter:data1\" content=\"3 minutes\" \/>\n<script type=\"application\/ld+json\" class=\"yoast-schema-graph\">{\"@context\":\"https:\/\/schema.org\",\"@graph\":[{\"@type\":\"WebSite\",\"@id\":\"https:\/\/quando.com.vn\/en\/#website\",\"url\":\"https:\/\/quando.com.vn\/en\/\",\"name\":\"QUANDO\",\"description\":\"\",\"potentialAction\":[{\"@type\":\"SearchAction\",\"target\":{\"@type\":\"EntryPoint\",\"urlTemplate\":\"https:\/\/quando.com.vn\/en\/?s={search_term_string}\"},\"query-input\":\"required name=search_term_string\"}],\"inLanguage\":\"en-US\"},{\"@type\":\"ImageObject\",\"@id\":\"https:\/\/quando.com.vn\/san-pham\/bo-chuyen-doi-nhiet-do-tp01\/#primaryimage\",\"inLanguage\":\"en-US\",\"url\":\"https:\/\/quando.com.vn\/wp-content\/uploads\/2025\/07\/tp01-new-20220506.webp\",\"contentUrl\":\"https:\/\/quando.com.vn\/wp-content\/uploads\/2025\/07\/tp01-new-20220506.webp\",\"width\":1000,\"height\":658,\"caption\":\"b\u1ed9 chuy\u1ec3n \u0111\u1ed5i nhi\u1ec7t \u0111\u1ed9 Pt100 sang 4-20mA TP01 c\u1ee7a eyc-tech\"},{\"@type\":\"WebPage\",\"@id\":\"https:\/\/quando.com.vn\/san-pham\/bo-chuyen-doi-nhiet-do-tp01\/#webpage\",\"url\":\"https:\/\/quando.com.vn\/san-pham\/bo-chuyen-doi-nhiet-do-tp01\/\",\"name\":\"B\u1ed9 chuy\u1ec3n \u0111\u1ed5i nhi\u1ec7t \u0111\u1ed9 PT100 sang 4-20mA TP01- G\u1eafn \u0111\u1ea7u c\u1ea3m bi\u1ebfn - QUANDO\",\"isPartOf\":{\"@id\":\"https:\/\/quando.com.vn\/en\/#website\"},\"primaryImageOfPage\":{\"@id\":\"https:\/\/quando.com.vn\/san-pham\/bo-chuyen-doi-nhiet-do-tp01\/#primaryimage\"},\"datePublished\":\"2025-07-09T09:33:48+00:00\",\"dateModified\":\"2025-07-15T05:55:59+00:00\",\"description\":\"B\u1ed9 chuy\u1ec3n \u0111\u1ed5i nhi\u1ec7t \u0111\u1ed9 PT100 sang 4-20mA TP01 g\u1eafn \u0111\u1ea7u c\u1ea3m bi\u1ebfn, d\u1ea3i \u0111o -50~400\u00b0C, ch\u00ednh x\u00e1c \u00b10.1%, c\u00f3 th\u1ec3 ch\u1ec9nh ZERO\/SPAN, ch\u1ed1ng nhi\u1ec5u t\u1ed1t...\",\"breadcrumb\":{\"@id\":\"https:\/\/quando.com.vn\/san-pham\/bo-chuyen-doi-nhiet-do-tp01\/#breadcrumb\"},\"inLanguage\":\"en-US\",\"potentialAction\":[{\"@type\":\"ReadAction\",\"target\":[\"https:\/\/quando.com.vn\/san-pham\/bo-chuyen-doi-nhiet-do-tp01\/\"]}]},{\"@type\":\"BreadcrumbList\",\"@id\":\"https:\/\/quando.com.vn\/san-pham\/bo-chuyen-doi-nhiet-do-tp01\/#breadcrumb\",\"itemListElement\":[{\"@type\":\"ListItem\",\"position\":1,\"name\":\"Trang ch\u1ee7\",\"item\":\"https:\/\/quando.com.vn\/\"},{\"@type\":\"ListItem\",\"position\":2,\"name\":\"S\u1ea3n ph\u1ea9m\",\"item\":\"https:\/\/quando.com.vn\/san-pham\/\"},{\"@type\":\"ListItem\",\"position\":3,\"name\":\"B\u1ed9 chuy\u1ec3n \u0111\u1ed5i nhi\u1ec7t \u0111\u1ed9 PT100 sang 4-20mA TP01- G\u1eafn \u0111\u1ea7u c\u1ea3m bi\u1ebfn\"}]}]}<\/script>\n<!-- \/ Yoast SEO Premium plugin. -->","yoast_head_json":{"title":"B\u1ed9 chuy\u1ec3n \u0111\u1ed5i nhi\u1ec7t \u0111\u1ed9 PT100 sang 4-20mA TP01- G\u1eafn \u0111\u1ea7u c\u1ea3m bi\u1ebfn - QUANDO","description":"B\u1ed9 chuy\u1ec3n \u0111\u1ed5i nhi\u1ec7t \u0111\u1ed9 PT100 sang 4-20mA TP01 g\u1eafn \u0111\u1ea7u c\u1ea3m bi\u1ebfn, d\u1ea3i \u0111o -50~400\u00b0C, ch\u00ednh x\u00e1c \u00b10.1%, c\u00f3 th\u1ec3 ch\u1ec9nh ZERO\/SPAN, ch\u1ed1ng nhi\u1ec5u t\u1ed1t...","robots":{"index":"index","follow":"follow","max-snippet":"max-snippet:-1","max-image-preview":"max-image-preview:large","max-video-preview":"max-video-preview:-1"},"canonical":"https:\/\/quando.com.vn\/en\/product\/bo-chuyen-doi-nhiet-do-tp01\/","og_locale":"en_US","og_type":"article","og_title":"B\u1ed9 chuy\u1ec3n \u0111\u1ed5i nhi\u1ec7t \u0111\u1ed9 PT100 sang 4-20mA TP01- G\u1eafn \u0111\u1ea7u c\u1ea3m bi\u1ebfn","og_description":"B\u1ed9 chuy\u1ec3n \u0111\u1ed5i nhi\u1ec7t \u0111\u1ed9 PT100 sang 4-20mA TP01 g\u1eafn \u0111\u1ea7u c\u1ea3m bi\u1ebfn, d\u1ea3i \u0111o -50~400\u00b0C, ch\u00ednh x\u00e1c \u00b10.1%, c\u00f3 th\u1ec3 ch\u1ec9nh ZERO\/SPAN, ch\u1ed1ng nhi\u1ec5u t\u1ed1t...","og_url":"https:\/\/quando.com.vn\/en\/product\/bo-chuyen-doi-nhiet-do-tp01\/","og_site_name":"QUANDO","article_modified_time":"2025-07-15T05:55:59+00:00","twitter_card":"summary_large_image","twitter_image":"https:\/\/quando.com.vn\/wp-content\/uploads\/2025\/07\/tp01-new-20220506.webp","twitter_misc":{"Est. reading time":"3 minutes"},"schema":{"@context":"https:\/\/schema.org","@graph":[{"@type":"WebSite","@id":"https:\/\/quando.com.vn\/en\/#website","url":"https:\/\/quando.com.vn\/en\/","name":"QUANDO","description":"","potentialAction":[{"@type":"SearchAction","target":{"@type":"EntryPoint","urlTemplate":"https:\/\/quando.com.vn\/en\/?s={search_term_string}"},"query-input":"required name=search_term_string"}],"inLanguage":"en-US"},{"@type":"ImageObject","@id":"https:\/\/quando.com.vn\/san-pham\/bo-chuyen-doi-nhiet-do-tp01\/#primaryimage","inLanguage":"en-US","url":"https:\/\/quando.com.vn\/wp-content\/uploads\/2025\/07\/tp01-new-20220506.webp","contentUrl":"https:\/\/quando.com.vn\/wp-content\/uploads\/2025\/07\/tp01-new-20220506.webp","width":1000,"height":658,"caption":"b\u1ed9 chuy\u1ec3n \u0111\u1ed5i nhi\u1ec7t \u0111\u1ed9 Pt100 sang 4-20mA TP01 c\u1ee7a eyc-tech"},{"@type":"WebPage","@id":"https:\/\/quando.com.vn\/san-pham\/bo-chuyen-doi-nhiet-do-tp01\/#webpage","url":"https:\/\/quando.com.vn\/san-pham\/bo-chuyen-doi-nhiet-do-tp01\/","name":"B\u1ed9 chuy\u1ec3n \u0111\u1ed5i nhi\u1ec7t \u0111\u1ed9 PT100 sang 4-20mA TP01- G\u1eafn \u0111\u1ea7u c\u1ea3m bi\u1ebfn - QUANDO","isPartOf":{"@id":"https:\/\/quando.com.vn\/en\/#website"},"primaryImageOfPage":{"@id":"https:\/\/quando.com.vn\/san-pham\/bo-chuyen-doi-nhiet-do-tp01\/#primaryimage"},"datePublished":"2025-07-09T09:33:48+00:00","dateModified":"2025-07-15T05:55:59+00:00","description":"B\u1ed9 chuy\u1ec3n \u0111\u1ed5i nhi\u1ec7t \u0111\u1ed9 PT100 sang 4-20mA TP01 g\u1eafn \u0111\u1ea7u c\u1ea3m bi\u1ebfn, d\u1ea3i \u0111o -50~400\u00b0C, ch\u00ednh x\u00e1c \u00b10.1%, c\u00f3 th\u1ec3 ch\u1ec9nh ZERO\/SPAN, ch\u1ed1ng nhi\u1ec5u t\u1ed1t...","breadcrumb":{"@id":"https:\/\/quando.com.vn\/san-pham\/bo-chuyen-doi-nhiet-do-tp01\/#breadcrumb"},"inLanguage":"en-US","potentialAction":[{"@type":"ReadAction","target":["https:\/\/quando.com.vn\/san-pham\/bo-chuyen-doi-nhiet-do-tp01\/"]}]},{"@type":"BreadcrumbList","@id":"https:\/\/quando.com.vn\/san-pham\/bo-chuyen-doi-nhiet-do-tp01\/#breadcrumb","itemListElement":[{"@type":"ListItem","position":1,"name":"Trang ch\u1ee7","item":"https:\/\/quando.com.vn\/"},{"@type":"ListItem","position":2,"name":"S\u1ea3n ph\u1ea9m","item":"https:\/\/quando.com.vn\/san-pham\/"},{"@type":"ListItem","position":3,"name":"B\u1ed9 chuy\u1ec3n \u0111\u1ed5i nhi\u1ec7t \u0111\u1ed9 PT100 sang 4-20mA TP01- G\u1eafn \u0111\u1ea7u c\u1ea3m bi\u1ebfn"}]}]}},"_links":{"self":[{"href":"https:\/\/quando.com.vn\/en\/wp-json\/wp\/v2\/product\/7349"}],"collection":[{"href":"https:\/\/quando.com.vn\/en\/wp-json\/wp\/v2\/product"}],"about":[{"href":"https:\/\/quando.com.vn\/en\/wp-json\/wp\/v2\/types\/product"}],"wp:featuredmedia":[{"embeddable":true,"href":"https:\/\/quando.com.vn\/en\/wp-json\/wp\/v2\/media\/7350"}],"wp:attachment":[{"href":"https:\/\/quando.com.vn\/en\/wp-json\/wp\/v2\/media?parent=7349"}],"wp:term":[{"taxonomy":"product_cat","embeddable":true,"href":"https:\/\/quando.com.vn\/en\/wp-json\/wp\/v2\/product_cat?post=7349"},{"taxonomy":"product_tag","embeddable":true,"href":"https:\/\/quando.com.vn\/en\/wp-json\/wp\/v2\/product_tag?post=7349"}],"curies":[{"name":"wp","href":"https:\/\/api.w.org\/{rel}","templated":true}]}}