{"id":7348,"date":"2025-07-09T16:19:08","date_gmt":"2025-07-09T09:19:08","guid":{"rendered":"https:\/\/quando.com.vn\/?post_type=product&#038;p=7348"},"modified":"2025-07-15T12:57:12","modified_gmt":"2025-07-15T05:57:12","slug":"bo-chuyen-doi-nhiet-do-pt100-dau-ra-4-20ma-tp04","status":"publish","type":"product","link":"https:\/\/quando.com.vn\/en\/product\/bo-chuyen-doi-nhiet-do-pt100-dau-ra-4-20ma-tp04\/","title":{"rendered":"B\u1ed9 chuy\u1ec3n \u0111\u1ed5i nhi\u1ec7t \u0111\u1ed9 PT100 \u0111\u1ea7u ra 4-20mA TP04"},"content":{"rendered":"<p><strong>B\u1ed9 chuy\u1ec3n \u0111\u1ed5i nhi\u1ec7t \u0111\u1ed9 PT100 \u0111\u1ea7u ra 4-20mA TP04<\/strong> l\u00e0 thi\u1ebft b\u1ecb chuy\u1ec3n \u0111\u1ed5i t\u00edn hi\u1ec7u nhi\u1ec7t \u0111\u1ed9 do <a href=\"https:\/\/www.eyc-tech.com\/eyc-tp04-2-wire-temperature-transmitter-for-duct-type.html\"><strong>eyc-tech<\/strong><\/a> ph\u00e1t tri\u1ec3n, t\u00edch h\u1ee3p c\u1ea3m bi\u1ebfn <strong>RTD Pt100<\/strong> v\u00e0 m\u1ea1ch transmitter trong c\u00f9ng m\u1ed9t thi\u1ebft k\u1ebf nh\u1ecf g\u1ecdn. Thi\u1ebft b\u1ecb l\u00fd t\u01b0\u1edfng cho c\u00e1c \u1ee9ng d\u1ee5ng \u0111o v\u00e0 gi\u00e1m s\u00e1t nhi\u1ec7t \u0111\u1ed9 trong \u1ed1ng gi\u00f3, h\u1ec7 th\u1ed1ng HVAC, c\u00f4ng nghi\u1ec7p th\u1ef1c ph\u1ea9m, m\u00f4i tr\u01b0\u1eddng v\u00e0 m\u00e1y m\u00f3c.<\/p>\n<p><img loading=\"lazy\" class=\"aligncenter size-full wp-image-7338\" src=\"https:\/\/quando.com.vn\/wp-content\/uploads\/2025\/07\/eyc-tech-tp04-20220615-diagram.webp\" alt=\"b\u1ed9 chuy\u1ec3n \u0111\u1ed5i nhi\u1ec7t \u0111\u1ed9 Pt100 \u0111\u1ea7u ra 4-20mA TP04 c\u1ee7a eyc-tech\" width=\"483\" height=\"316\" srcset=\"https:\/\/quando.com.vn\/wp-content\/uploads\/2025\/07\/eyc-tech-tp04-20220615-diagram.webp 483w, https:\/\/quando.com.vn\/wp-content\/uploads\/2025\/07\/eyc-tech-tp04-20220615-diagram-300x196.webp 300w, https:\/\/quando.com.vn\/wp-content\/uploads\/2025\/07\/eyc-tech-tp04-20220615-diagram-18x12.webp 18w\" sizes=\"(max-width: 483px) 100vw, 483px\" \/><\/p>\n<h3>\u0110\u1eb7c \u0111i\u1ec3m n\u1ed5i b\u1eadt<\/h3>\n<ul>\n<li>V\u1ecf inox t\u00edch h\u1ee3p ho\u00e0n to\u00e0n, t\u1ea3n nhi\u1ec7t t\u1ed1t v\u00e0 ch\u1ed1ng ng\u01b0ng t\u1ee5<\/li>\n<li>Kh\u1ea3 n\u0103ng l\u1eb7p l\u1ea1i \u0111o t\u1ed1t v\u00e0 ch\u1ed1ng nhi\u1ec5u cao<\/li>\n<li>Truy\u1ec1n t\u00edn hi\u1ec7u nhi\u1ec7t \u0111\u1ed9 \u0111\u01b0\u1eddng d\u00e0i \u1ed5n \u0111\u1ecbnh<\/li>\n<li>Chuy\u1ec3n \u0111\u1ed5i t\u00edn hi\u1ec7u t\u1eeb c\u1ea3m bi\u1ebfn PT100 sang d\u00f2ng 4\u201320 mA (2 d\u00e2y)<\/li>\n<li>C\u00f3 th\u1ec3 t\u00edch h\u1ee3p b\u1ed9 hi\u1ec3n th\u1ecb SD05 t\u1ea1i ch\u1ed7 (t\u00f9y ch\u1ecdn)<\/li>\n<li>D\u1ec5 d\u00e0ng l\u1eafp \u0111\u1eb7t v\u00e0 k\u1ebft n\u1ed1i trong c\u00e1c h\u1ec7 th\u1ed1ng c\u00f4ng nghi\u1ec7p<\/li>\n<\/ul>\n<h3>Th\u00f4ng s\u1ed1 k\u1ef9 thu\u1eadt ch\u00ednh<\/h3>\n<table>\n<tbody>\n<tr>\n<td><strong>Model<\/strong><\/td>\n<td>TP04<\/td>\n<\/tr>\n<tr>\n<td><strong>Lo\u1ea1i c\u1ea3m bi\u1ebfn<\/strong><\/td>\n<td>RTD Pt100<\/td>\n<\/tr>\n<tr>\n<td><strong>D\u1ea3i \u0111o<\/strong><\/td>\n<td>-50 &#8230; 200\u00b0C<\/td>\n<\/tr>\n<tr>\n<td><strong>\u0110\u1ea7u ra<\/strong><\/td>\n<td>DC 4 &#8230; 20 mA (2 d\u00e2y)<\/td>\n<\/tr>\n<tr>\n<td><strong>\u0110\u1ed9 ch\u00ednh x\u00e1c<\/strong><\/td>\n<td>\u00b10.5% F.S.<\/td>\n<\/tr>\n<tr>\n<td><strong>C\u1ea5p b\u1ea3o v\u1ec7<\/strong><\/td>\n<td>IP65<\/td>\n<\/tr>\n<\/tbody>\n<\/table>\n<h3>\u1ee8ng d\u1ee5ng \u0111i\u1ec3n h\u00ecnh<\/h3>\n<ul>\n<li>Ng\u00e0nh nhi\u1ec7t \u2013 th\u00f4ng gi\u00f3 \u2013 \u0111i\u1ec1u h\u00f2a kh\u00f4ng kh\u00ed (HVAC)<\/li>\n<li>H\u1ec7 th\u1ed1ng l\u00e0m m\u00e1t v\u00e0 n\u0103ng l\u01b0\u1ee3ng n\u01b0\u1edbc<\/li>\n<li>\u0110i\u1ec7n l\u1ef1c v\u00e0 k\u1ef9 thu\u1eadt m\u00f4i tr\u01b0\u1eddng<\/li>\n<li>N\u00f4ng nghi\u1ec7p, nh\u00e0 k\u00ednh, kho l\u1ea1nh<\/li>\n<li>Ng\u00e0nh th\u1ef1c ph\u1ea9m v\u00e0 d\u01b0\u1ee3c ph\u1ea9m<\/li>\n<li>M\u00e1y m\u00f3c, m\u00e1y n\u00e9n kh\u00ed v\u00e0 thi\u1ebft b\u1ecb th\u1ee7y l\u1ef1c<\/li>\n<\/ul>\n<p><strong>B\u1ed9 chuy\u1ec3n \u0111\u1ed5i nhi\u1ec7t \u0111\u1ed9 PT100 \u0111\u1ea7u ra 4-20mA TP04<\/strong>\u00a0mang l\u1ea1i gi\u1ea3i ph\u00e1p \u0111o nhi\u1ec7t \u0111\u1ed9 ch\u00ednh x\u00e1c, ch\u1ed1ng nhi\u1ec5u t\u1ed1t v\u00e0 d\u1ec5 d\u00e0ng t\u00edch h\u1ee3p trong h\u1ec7 th\u1ed1ng \u1ed1ng gi\u00f3 v\u00e0 m\u00f4i tr\u01b0\u1eddng c\u00f4ng nghi\u1ec7p y\u00eau c\u1ea7u cao.<\/p>","protected":false},"excerpt":{"rendered":"<p>&#8211; B\u1ed9 chuy\u1ec3n \u0111\u1ed5i nhi\u1ec7t \u0111\u1ed9 t\u00edch h\u1ee3p PT100<br \/>\n&#8211; D\u1ea3i \u0111o: -50 &#8230; 200\u00b0C<br \/>\n&#8211; \u0110\u1ea7u ra d\u00f2ng 4\u201320 mA (2 d\u00e2y)<br \/>\n&#8211; Sai s\u1ed1: \u00b10.5% to\u00e0n d\u1ea3i<br \/>\n&#8211; C\u1ea5p b\u1ea3o v\u1ec7 IP65 ch\u1ed1ng b\u1ee5i, n\u01b0\u1edbc<br \/>\n&#8211; Thi\u1ebft k\u1ebf ch\u1ed1ng ng\u01b0ng t\u1ee5, l\u1eafp \u0111\u1eb7t d\u1ec5 d\u00e0ng<\/p>","protected":false},"featured_media":7342,"template":"","meta":[],"product_cat":[525,523,519,442,416,444],"product_tag":[],"acf":[],"yoast_head":"<!-- This site is optimized with the Yoast SEO Premium plugin v18.4 (Yoast SEO v18.6) - https:\/\/yoast.com\/wordpress\/plugins\/seo\/ -->\n<title>B\u1ed9 chuy\u1ec3n \u0111\u1ed5i nhi\u1ec7t \u0111\u1ed9 PT100 \u0111\u1ea7u ra 4-20mA TP04 - QUANDO<\/title>\n<meta name=\"description\" content=\"B\u1ed9 chuy\u1ec3n \u0111\u1ed5i nhi\u1ec7t \u0111\u1ed9 PT100 \u0111\u1ea7u ra 4-20mA TP04 l\u00e0 b\u1ed9 chuy\u1ec3n \u0111\u1ed5i nhi\u1ec7t \u0111\u1ed9 2 d\u00e2y, d\u1ea3i \u0111o -50~200\u00b0C, IP65, ch\u1ed1ng ng\u01b0ng t\u1ee5, ph\u00f9 h\u1ee3p HVAC...\" \/>\n<meta name=\"robots\" content=\"index, follow, max-snippet:-1, max-image-preview:large, max-video-preview:-1\" \/>\n<link rel=\"canonical\" href=\"https:\/\/quando.com.vn\/en\/product\/bo-chuyen-doi-nhiet-do-pt100-dau-ra-4-20ma-tp04\/\" \/>\n<meta property=\"og:locale\" content=\"en_US\" \/>\n<meta property=\"og:type\" content=\"article\" \/>\n<meta property=\"og:title\" content=\"B\u1ed9 chuy\u1ec3n \u0111\u1ed5i nhi\u1ec7t \u0111\u1ed9 PT100 \u0111\u1ea7u ra 4-20mA TP04\" \/>\n<meta property=\"og:description\" content=\"B\u1ed9 chuy\u1ec3n \u0111\u1ed5i nhi\u1ec7t \u0111\u1ed9 PT100 \u0111\u1ea7u ra 4-20mA TP04 l\u00e0 b\u1ed9 chuy\u1ec3n \u0111\u1ed5i nhi\u1ec7t \u0111\u1ed9 2 d\u00e2y, d\u1ea3i \u0111o -50~200\u00b0C, IP65, ch\u1ed1ng ng\u01b0ng t\u1ee5, ph\u00f9 h\u1ee3p HVAC...\" \/>\n<meta property=\"og:url\" content=\"https:\/\/quando.com.vn\/en\/product\/bo-chuyen-doi-nhiet-do-pt100-dau-ra-4-20ma-tp04\/\" \/>\n<meta property=\"og:site_name\" content=\"QUANDO\" \/>\n<meta property=\"article:modified_time\" content=\"2025-07-15T05:57:12+00:00\" \/>\n<meta name=\"twitter:card\" content=\"summary_large_image\" \/>\n<meta name=\"twitter:image\" content=\"https:\/\/quando.com.vn\/wp-content\/uploads\/2025\/07\/eyc-tech-tp04-20220615.webp\" \/>\n<meta name=\"twitter:label1\" content=\"Est. reading time\" \/>\n\t<meta name=\"twitter:data1\" content=\"2 minutes\" \/>\n<script type=\"application\/ld+json\" class=\"yoast-schema-graph\">{\"@context\":\"https:\/\/schema.org\",\"@graph\":[{\"@type\":\"WebSite\",\"@id\":\"https:\/\/quando.com.vn\/en\/#website\",\"url\":\"https:\/\/quando.com.vn\/en\/\",\"name\":\"QUANDO\",\"description\":\"\",\"potentialAction\":[{\"@type\":\"SearchAction\",\"target\":{\"@type\":\"EntryPoint\",\"urlTemplate\":\"https:\/\/quando.com.vn\/en\/?s={search_term_string}\"},\"query-input\":\"required name=search_term_string\"}],\"inLanguage\":\"en-US\"},{\"@type\":\"ImageObject\",\"@id\":\"https:\/\/quando.com.vn\/san-pham\/bo-chuyen-doi-nhiet-do-pt100-dau-ra-4-20ma-tp04\/#primaryimage\",\"inLanguage\":\"en-US\",\"url\":\"https:\/\/quando.com.vn\/wp-content\/uploads\/2025\/07\/eyc-tech-tp04-20220615.webp\",\"contentUrl\":\"https:\/\/quando.com.vn\/wp-content\/uploads\/2025\/07\/eyc-tech-tp04-20220615.webp\",\"width\":500,\"height\":500,\"caption\":\"b\u1ed9 chuy\u1ec3n \u0111\u1ed5i nhi\u1ec7t \u0111\u1ed9 Pt100 \u0111\u1ea7u ra 4-20mA TP04 c\u1ee7a eyc-tech\"},{\"@type\":\"WebPage\",\"@id\":\"https:\/\/quando.com.vn\/san-pham\/bo-chuyen-doi-nhiet-do-pt100-dau-ra-4-20ma-tp04\/#webpage\",\"url\":\"https:\/\/quando.com.vn\/san-pham\/bo-chuyen-doi-nhiet-do-pt100-dau-ra-4-20ma-tp04\/\",\"name\":\"B\u1ed9 chuy\u1ec3n \u0111\u1ed5i nhi\u1ec7t \u0111\u1ed9 PT100 \u0111\u1ea7u ra 4-20mA TP04 - QUANDO\",\"isPartOf\":{\"@id\":\"https:\/\/quando.com.vn\/en\/#website\"},\"primaryImageOfPage\":{\"@id\":\"https:\/\/quando.com.vn\/san-pham\/bo-chuyen-doi-nhiet-do-pt100-dau-ra-4-20ma-tp04\/#primaryimage\"},\"datePublished\":\"2025-07-09T09:19:08+00:00\",\"dateModified\":\"2025-07-15T05:57:12+00:00\",\"description\":\"B\u1ed9 chuy\u1ec3n \u0111\u1ed5i nhi\u1ec7t \u0111\u1ed9 PT100 \u0111\u1ea7u ra 4-20mA TP04 l\u00e0 b\u1ed9 chuy\u1ec3n \u0111\u1ed5i nhi\u1ec7t \u0111\u1ed9 2 d\u00e2y, d\u1ea3i \u0111o -50~200\u00b0C, IP65, ch\u1ed1ng ng\u01b0ng t\u1ee5, ph\u00f9 h\u1ee3p HVAC...\",\"breadcrumb\":{\"@id\":\"https:\/\/quando.com.vn\/san-pham\/bo-chuyen-doi-nhiet-do-pt100-dau-ra-4-20ma-tp04\/#breadcrumb\"},\"inLanguage\":\"en-US\",\"potentialAction\":[{\"@type\":\"ReadAction\",\"target\":[\"https:\/\/quando.com.vn\/san-pham\/bo-chuyen-doi-nhiet-do-pt100-dau-ra-4-20ma-tp04\/\"]}]},{\"@type\":\"BreadcrumbList\",\"@id\":\"https:\/\/quando.com.vn\/san-pham\/bo-chuyen-doi-nhiet-do-pt100-dau-ra-4-20ma-tp04\/#breadcrumb\",\"itemListElement\":[{\"@type\":\"ListItem\",\"position\":1,\"name\":\"Trang ch\u1ee7\",\"item\":\"https:\/\/quando.com.vn\/\"},{\"@type\":\"ListItem\",\"position\":2,\"name\":\"S\u1ea3n ph\u1ea9m\",\"item\":\"https:\/\/quando.com.vn\/san-pham\/\"},{\"@type\":\"ListItem\",\"position\":3,\"name\":\"B\u1ed9 chuy\u1ec3n \u0111\u1ed5i nhi\u1ec7t \u0111\u1ed9 PT100 \u0111\u1ea7u ra 4-20mA TP04\"}]}]}<\/script>\n<!-- \/ Yoast SEO Premium plugin. -->","yoast_head_json":{"title":"B\u1ed9 chuy\u1ec3n \u0111\u1ed5i nhi\u1ec7t \u0111\u1ed9 PT100 \u0111\u1ea7u ra 4-20mA TP04 - QUANDO","description":"B\u1ed9 chuy\u1ec3n \u0111\u1ed5i nhi\u1ec7t \u0111\u1ed9 PT100 \u0111\u1ea7u ra 4-20mA TP04 l\u00e0 b\u1ed9 chuy\u1ec3n \u0111\u1ed5i nhi\u1ec7t \u0111\u1ed9 2 d\u00e2y, d\u1ea3i \u0111o -50~200\u00b0C, IP65, ch\u1ed1ng ng\u01b0ng t\u1ee5, ph\u00f9 h\u1ee3p HVAC...","robots":{"index":"index","follow":"follow","max-snippet":"max-snippet:-1","max-image-preview":"max-image-preview:large","max-video-preview":"max-video-preview:-1"},"canonical":"https:\/\/quando.com.vn\/en\/product\/bo-chuyen-doi-nhiet-do-pt100-dau-ra-4-20ma-tp04\/","og_locale":"en_US","og_type":"article","og_title":"B\u1ed9 chuy\u1ec3n \u0111\u1ed5i nhi\u1ec7t \u0111\u1ed9 PT100 \u0111\u1ea7u ra 4-20mA TP04","og_description":"B\u1ed9 chuy\u1ec3n \u0111\u1ed5i nhi\u1ec7t \u0111\u1ed9 PT100 \u0111\u1ea7u ra 4-20mA TP04 l\u00e0 b\u1ed9 chuy\u1ec3n \u0111\u1ed5i nhi\u1ec7t \u0111\u1ed9 2 d\u00e2y, d\u1ea3i \u0111o -50~200\u00b0C, IP65, ch\u1ed1ng ng\u01b0ng t\u1ee5, ph\u00f9 h\u1ee3p HVAC...","og_url":"https:\/\/quando.com.vn\/en\/product\/bo-chuyen-doi-nhiet-do-pt100-dau-ra-4-20ma-tp04\/","og_site_name":"QUANDO","article_modified_time":"2025-07-15T05:57:12+00:00","twitter_card":"summary_large_image","twitter_image":"https:\/\/quando.com.vn\/wp-content\/uploads\/2025\/07\/eyc-tech-tp04-20220615.webp","twitter_misc":{"Est. reading time":"2 minutes"},"schema":{"@context":"https:\/\/schema.org","@graph":[{"@type":"WebSite","@id":"https:\/\/quando.com.vn\/en\/#website","url":"https:\/\/quando.com.vn\/en\/","name":"QUANDO","description":"","potentialAction":[{"@type":"SearchAction","target":{"@type":"EntryPoint","urlTemplate":"https:\/\/quando.com.vn\/en\/?s={search_term_string}"},"query-input":"required name=search_term_string"}],"inLanguage":"en-US"},{"@type":"ImageObject","@id":"https:\/\/quando.com.vn\/san-pham\/bo-chuyen-doi-nhiet-do-pt100-dau-ra-4-20ma-tp04\/#primaryimage","inLanguage":"en-US","url":"https:\/\/quando.com.vn\/wp-content\/uploads\/2025\/07\/eyc-tech-tp04-20220615.webp","contentUrl":"https:\/\/quando.com.vn\/wp-content\/uploads\/2025\/07\/eyc-tech-tp04-20220615.webp","width":500,"height":500,"caption":"b\u1ed9 chuy\u1ec3n \u0111\u1ed5i nhi\u1ec7t \u0111\u1ed9 Pt100 \u0111\u1ea7u ra 4-20mA TP04 c\u1ee7a eyc-tech"},{"@type":"WebPage","@id":"https:\/\/quando.com.vn\/san-pham\/bo-chuyen-doi-nhiet-do-pt100-dau-ra-4-20ma-tp04\/#webpage","url":"https:\/\/quando.com.vn\/san-pham\/bo-chuyen-doi-nhiet-do-pt100-dau-ra-4-20ma-tp04\/","name":"B\u1ed9 chuy\u1ec3n \u0111\u1ed5i nhi\u1ec7t \u0111\u1ed9 PT100 \u0111\u1ea7u ra 4-20mA TP04 - QUANDO","isPartOf":{"@id":"https:\/\/quando.com.vn\/en\/#website"},"primaryImageOfPage":{"@id":"https:\/\/quando.com.vn\/san-pham\/bo-chuyen-doi-nhiet-do-pt100-dau-ra-4-20ma-tp04\/#primaryimage"},"datePublished":"2025-07-09T09:19:08+00:00","dateModified":"2025-07-15T05:57:12+00:00","description":"B\u1ed9 chuy\u1ec3n \u0111\u1ed5i nhi\u1ec7t \u0111\u1ed9 PT100 \u0111\u1ea7u ra 4-20mA TP04 l\u00e0 b\u1ed9 chuy\u1ec3n \u0111\u1ed5i nhi\u1ec7t \u0111\u1ed9 2 d\u00e2y, d\u1ea3i \u0111o -50~200\u00b0C, IP65, ch\u1ed1ng ng\u01b0ng t\u1ee5, ph\u00f9 h\u1ee3p HVAC...","breadcrumb":{"@id":"https:\/\/quando.com.vn\/san-pham\/bo-chuyen-doi-nhiet-do-pt100-dau-ra-4-20ma-tp04\/#breadcrumb"},"inLanguage":"en-US","potentialAction":[{"@type":"ReadAction","target":["https:\/\/quando.com.vn\/san-pham\/bo-chuyen-doi-nhiet-do-pt100-dau-ra-4-20ma-tp04\/"]}]},{"@type":"BreadcrumbList","@id":"https:\/\/quando.com.vn\/san-pham\/bo-chuyen-doi-nhiet-do-pt100-dau-ra-4-20ma-tp04\/#breadcrumb","itemListElement":[{"@type":"ListItem","position":1,"name":"Trang ch\u1ee7","item":"https:\/\/quando.com.vn\/"},{"@type":"ListItem","position":2,"name":"S\u1ea3n ph\u1ea9m","item":"https:\/\/quando.com.vn\/san-pham\/"},{"@type":"ListItem","position":3,"name":"B\u1ed9 chuy\u1ec3n \u0111\u1ed5i nhi\u1ec7t \u0111\u1ed9 PT100 \u0111\u1ea7u ra 4-20mA TP04"}]}]}},"_links":{"self":[{"href":"https:\/\/quando.com.vn\/en\/wp-json\/wp\/v2\/product\/7348"}],"collection":[{"href":"https:\/\/quando.com.vn\/en\/wp-json\/wp\/v2\/product"}],"about":[{"href":"https:\/\/quando.com.vn\/en\/wp-json\/wp\/v2\/types\/product"}],"wp:featuredmedia":[{"embeddable":true,"href":"https:\/\/quando.com.vn\/en\/wp-json\/wp\/v2\/media\/7342"}],"wp:attachment":[{"href":"https:\/\/quando.com.vn\/en\/wp-json\/wp\/v2\/media?parent=7348"}],"wp:term":[{"taxonomy":"product_cat","embeddable":true,"href":"https:\/\/quando.com.vn\/en\/wp-json\/wp\/v2\/product_cat?post=7348"},{"taxonomy":"product_tag","embeddable":true,"href":"https:\/\/quando.com.vn\/en\/wp-json\/wp\/v2\/product_tag?post=7348"}],"curies":[{"name":"wp","href":"https:\/\/api.w.org\/{rel}","templated":true}]}}