{"id":7337,"date":"2025-07-09T14:36:27","date_gmt":"2025-07-09T07:36:27","guid":{"rendered":"https:\/\/quando.com.vn\/?post_type=product&#038;p=7337"},"modified":"2025-07-15T13:07:01","modified_gmt":"2025-07-15T06:07:01","slug":"bo-chuyen-doi-nhiet-do-tp02-din-rail","status":"publish","type":"product","link":"https:\/\/quando.com.vn\/en\/product\/bo-chuyen-doi-nhiet-do-tp02-din-rail\/","title":{"rendered":"B\u1ed9 chuy\u1ec3n \u0111\u1ed5i nhi\u1ec7t \u0111\u1ed9 PT100 \u0111\u1ea7u ra 4-20mA TP02 (DIN-rail)"},"content":{"rendered":"<p><strong>B\u1ed9 chuy\u1ec3n \u0111\u1ed5i nhi\u1ec7t \u0111\u1ed9 PT100 \u0111\u1ea7u ra 4-20mA TP02<\/strong> l\u00e0 b\u1ed9 chuy\u1ec3n \u0111\u1ed5i nhi\u1ec7t \u0111\u1ed9 g\u1eafn DIN-rail do <a href=\"https:\/\/www.eyc-tech.com\/eyc-tp02-temperature-transmitter-for-din-rail-type.html\"><strong>eyc-tech<\/strong><\/a> ph\u00e1t tri\u1ec3n, t\u00edch h\u1ee3p c\u1ea3m bi\u1ebfn <strong>RTD Pt100 (3 d\u00e2y)<\/strong>, v\u1edbi thi\u1ebft k\u1ebf nh\u1ecf g\u1ecdn, d\u1ec5 l\u1eafp \u0111\u1eb7t v\u00e0 gi\u00e1 th\u00e0nh c\u1ea1nh tranh. Thi\u1ebft b\u1ecb l\u00fd t\u01b0\u1edfng cho c\u00e1c \u1ee9ng d\u1ee5ng c\u1ea7n gi\u00e1m s\u00e1t t\u00edn hi\u1ec7u nhi\u1ec7t \u0111\u1ed9 t\u1eeb xa trong kh\u00f4ng gian h\u1ea1n ch\u1ebf.<\/p>\n<p><img loading=\"lazy\" class=\"aligncenter size-full wp-image-7345\" src=\"https:\/\/quando.com.vn\/wp-content\/uploads\/2025\/07\/eyc-tp02_500x500-diagram-dimension.webp\" alt=\"b\u1ed9 chuy\u1ec3n \u0111\u1ed5i nhi\u1ec7t \u0111\u1ed9 Pt100 \u0111\u1ea7u ra 4-20mA TP02 c\u1ee7a eyc-tech\" width=\"1241\" height=\"425\" srcset=\"https:\/\/quando.com.vn\/wp-content\/uploads\/2025\/07\/eyc-tp02_500x500-diagram-dimension.webp 1241w, https:\/\/quando.com.vn\/wp-content\/uploads\/2025\/07\/eyc-tp02_500x500-diagram-dimension-300x103.webp 300w, https:\/\/quando.com.vn\/wp-content\/uploads\/2025\/07\/eyc-tp02_500x500-diagram-dimension-1024x351.webp 1024w, https:\/\/quando.com.vn\/wp-content\/uploads\/2025\/07\/eyc-tp02_500x500-diagram-dimension-768x263.webp 768w, https:\/\/quando.com.vn\/wp-content\/uploads\/2025\/07\/eyc-tp02_500x500-diagram-dimension-18x6.webp 18w\" sizes=\"(max-width: 1241px) 100vw, 1241px\" \/><\/p>\n<p><img loading=\"lazy\" class=\"aligncenter size-full wp-image-7346\" src=\"https:\/\/quando.com.vn\/wp-content\/uploads\/2025\/07\/eyc-tp02_500x500-order-guide.webp\" alt=\"b\u1ed9 chuy\u1ec3n \u0111\u1ed5i nhi\u1ec7t \u0111\u1ed9 Pt100 \u0111\u1ea7u ra 4-20mA TP02 h\u01b0\u1edbng d\u1eabn \u0111\u1eb7t h\u00e0ng\" width=\"1170\" height=\"448\" srcset=\"https:\/\/quando.com.vn\/wp-content\/uploads\/2025\/07\/eyc-tp02_500x500-order-guide.webp 1170w, https:\/\/quando.com.vn\/wp-content\/uploads\/2025\/07\/eyc-tp02_500x500-order-guide-300x115.webp 300w, https:\/\/quando.com.vn\/wp-content\/uploads\/2025\/07\/eyc-tp02_500x500-order-guide-1024x392.webp 1024w, https:\/\/quando.com.vn\/wp-content\/uploads\/2025\/07\/eyc-tp02_500x500-order-guide-768x294.webp 768w, https:\/\/quando.com.vn\/wp-content\/uploads\/2025\/07\/eyc-tp02_500x500-order-guide-18x7.webp 18w\" sizes=\"(max-width: 1170px) 100vw, 1170px\" \/><\/p>\n<h3>\u0110\u1eb7c \u0111i\u1ec3m n\u1ed5i b\u1eadt<\/h3>\n<ul>\n<li>D\u1ea3i \u0111o nhi\u1ec7t \u0111\u1ed9: -50 &#8230; 200\u00b0C<\/li>\n<li>IC chuy\u00ean d\u1ee5ng cho RTD \u0111\u1ea3m b\u1ea3o \u0111\u1ed9 ch\u00ednh x\u00e1c cao<\/li>\n<li>K\u00edch th\u01b0\u1edbc nh\u1ecf, ti\u1ebft ki\u1ec7m kh\u00f4ng gian l\u1eafp \u0111\u1eb7t<\/li>\n<li>Gi\u1ea3i ph\u00e1p hi\u1ec7u qu\u1ea3 v\u1ec1 chi ph\u00ed v\u1edbi ch\u1ea5t l\u01b0\u1ee3ng cao<\/li>\n<li>G\u1eafn DIN-rail, thao t\u00e1c l\u1eafp \u0111\u1eb7t nhanh ch\u00f3ng<\/li>\n<\/ul>\n<h3>Th\u00f4ng s\u1ed1 k\u1ef9 thu\u1eadt ch\u00ednh<\/h3>\n<table>\n<tbody>\n<tr>\n<td><strong>Model<\/strong><\/td>\n<td>TP02<\/td>\n<\/tr>\n<tr>\n<td><strong>Lo\u1ea1i c\u1ea3m bi\u1ebfn<\/strong><\/td>\n<td>RTD Pt100 (3 d\u00e2y)<\/td>\n<\/tr>\n<tr>\n<td><strong>D\u1ea3i \u0111o<\/strong><\/td>\n<td>-50 &#8230; 200\u00b0C<\/td>\n<\/tr>\n<tr>\n<td><strong>\u0110\u1ea7u ra<\/strong><\/td>\n<td>DC 4 &#8230; 20 mA (2 d\u00e2y)<\/td>\n<\/tr>\n<tr>\n<td><strong>\u0110\u1ed9 ch\u00ednh x\u00e1c<\/strong><\/td>\n<td>\u00b10.1% F.S.<\/td>\n<\/tr>\n<tr>\n<td><strong>C\u1ea5p b\u1ea3o v\u1ec7<\/strong><\/td>\n<td>IP30 (v\u1ecf) \/ IP10 (\u0111\u1ea7u n\u1ed1i)<\/td>\n<\/tr>\n<\/tbody>\n<\/table>\n<h3>\u1ee8ng d\u1ee5ng \u0111i\u1ec3n h\u00ecnh<\/h3>\n<ul>\n<li>Truy\u1ec1n t\u00edn hi\u1ec7u nhi\u1ec7t \u0111\u1ed9 \u0111\u01b0\u1eddng d\u00e0i<\/li>\n<li>H\u1ec7 th\u1ed1ng s\u01b0\u1edfi, th\u00f4ng gi\u00f3, \u0111i\u1ec1u h\u00f2a kh\u00f4ng kh\u00ed<\/li>\n<li>H\u1ec7 th\u1ed1ng l\u00e0m m\u00e1t, n\u0103ng l\u01b0\u1ee3ng n\u01b0\u1edbc, \u0111i\u1ec7n l\u1ef1c<\/li>\n<li>\u1ee8ng d\u1ee5ng n\u00f4ng nghi\u1ec7p, nh\u00e0 k\u00ednh, x\u1eed l\u00fd m\u00f4i tr\u01b0\u1eddng<\/li>\n<li>Ng\u00e0nh th\u1ef1c ph\u1ea9m, d\u01b0\u1ee3c ph\u1ea9m v\u00e0 ch\u1ebf t\u1ea1o m\u00e1y<\/li>\n<\/ul>\n<p><strong>B\u1ed9 chuy\u1ec3n \u0111\u1ed5i nhi\u1ec7t \u0111\u1ed9 PT100 \u0111\u1ea7u ra 4-20mA TP02<\/strong> l\u00e0 gi\u1ea3i ph\u00e1p l\u00fd t\u01b0\u1edfng cho c\u00e1c h\u1ec7 th\u1ed1ng c\u00f4ng nghi\u1ec7p c\u1ea7n m\u1ed9t b\u1ed9 chuy\u1ec3n \u0111\u1ed5i nhi\u1ec7t \u0111\u1ed9 \u0111\u00e1ng tin c\u1eady, ch\u00ednh x\u00e1c cao v\u00e0 ti\u1ebft ki\u1ec7m kh\u00f4ng gian l\u1eafp \u0111\u1eb7t.<\/p>","protected":false},"excerpt":{"rendered":"<p>&#8211; B\u1ed9 chuy\u1ec3n \u0111\u1ed5i nhi\u1ec7t \u0111\u1ed9 g\u1eafn DIN-rail<br \/>\n&#8211; C\u1ea3m bi\u1ebfn RTD Pt100 (3 d\u00e2y)<br \/>\n&#8211; D\u1ea3i \u0111o: -50 &#8230; 200\u00b0C<br \/>\n&#8211; \u0110\u1ea7u ra 4\u201320 mA (2 d\u00e2y)<br \/>\n&#8211; \u0110\u1ed9 ch\u00ednh x\u00e1c: \u00b10.1% to\u00e0n d\u1ea3i<br \/>\n&#8211; Thi\u1ebft k\u1ebf nh\u1ecf g\u1ecdn, ti\u1ebft ki\u1ec7m kh\u00f4ng gian<br \/>\n&#8211; V\u1ecf IP30, \u0111\u1ea7u n\u1ed1i IP10<\/p>","protected":false},"featured_media":7344,"template":"","meta":[],"product_cat":[525,523,519,442,416,444],"product_tag":[],"acf":[],"yoast_head":"<!-- This site is optimized with the Yoast SEO Premium plugin v18.4 (Yoast SEO v18.6) - https:\/\/yoast.com\/wordpress\/plugins\/seo\/ -->\n<title>B\u1ed9 chuy\u1ec3n \u0111\u1ed5i nhi\u1ec7t \u0111\u1ed9 PT100 \u0111\u1ea7u ra 4-20mA TP02 (DIN-rail) - QUANDO<\/title>\n<meta name=\"description\" content=\"B\u1ed9 chuy\u1ec3n \u0111\u1ed5i nhi\u1ec7t \u0111\u1ed9 PT100 \u0111\u1ea7u ra 4-20mA TP02 l\u00e0 b\u1ed9 chuy\u1ec3n \u0111\u1ed5i nhi\u1ec7t \u0111\u1ed9 d\u1ea1ng g\u1eafn DIN-rail, \u0111\u1ed9 ch\u00ednh x\u00e1c \u00b10.1% F.S...nh\u1ecf g\u1ecdn, d\u1ec5 l\u1eafp \u0111\u1eb7t\" \/>\n<meta name=\"robots\" content=\"index, follow, max-snippet:-1, max-image-preview:large, max-video-preview:-1\" \/>\n<link rel=\"canonical\" href=\"https:\/\/quando.com.vn\/en\/product\/bo-chuyen-doi-nhiet-do-tp02-din-rail\/\" \/>\n<meta property=\"og:locale\" content=\"en_US\" \/>\n<meta property=\"og:type\" content=\"article\" \/>\n<meta property=\"og:title\" content=\"B\u1ed9 chuy\u1ec3n \u0111\u1ed5i nhi\u1ec7t \u0111\u1ed9 PT100 \u0111\u1ea7u ra 4-20mA TP02 (DIN-rail)\" \/>\n<meta property=\"og:description\" content=\"B\u1ed9 chuy\u1ec3n \u0111\u1ed5i nhi\u1ec7t \u0111\u1ed9 PT100 \u0111\u1ea7u ra 4-20mA TP02 l\u00e0 b\u1ed9 chuy\u1ec3n \u0111\u1ed5i nhi\u1ec7t \u0111\u1ed9 d\u1ea1ng g\u1eafn DIN-rail, \u0111\u1ed9 ch\u00ednh x\u00e1c \u00b10.1% F.S...nh\u1ecf g\u1ecdn, d\u1ec5 l\u1eafp \u0111\u1eb7t\" \/>\n<meta property=\"og:url\" content=\"https:\/\/quando.com.vn\/en\/product\/bo-chuyen-doi-nhiet-do-tp02-din-rail\/\" \/>\n<meta property=\"og:site_name\" content=\"QUANDO\" \/>\n<meta property=\"article:modified_time\" content=\"2025-07-15T06:07:01+00:00\" \/>\n<meta name=\"twitter:card\" content=\"summary_large_image\" \/>\n<meta name=\"twitter:image\" content=\"https:\/\/quando.com.vn\/wp-content\/uploads\/2025\/07\/eyc-tp02_500x500.webp\" \/>\n<meta name=\"twitter:label1\" content=\"Est. reading time\" \/>\n\t<meta name=\"twitter:data1\" content=\"2 minutes\" \/>\n<script type=\"application\/ld+json\" class=\"yoast-schema-graph\">{\"@context\":\"https:\/\/schema.org\",\"@graph\":[{\"@type\":\"WebSite\",\"@id\":\"https:\/\/quando.com.vn\/en\/#website\",\"url\":\"https:\/\/quando.com.vn\/en\/\",\"name\":\"QUANDO\",\"description\":\"\",\"potentialAction\":[{\"@type\":\"SearchAction\",\"target\":{\"@type\":\"EntryPoint\",\"urlTemplate\":\"https:\/\/quando.com.vn\/en\/?s={search_term_string}\"},\"query-input\":\"required name=search_term_string\"}],\"inLanguage\":\"en-US\"},{\"@type\":\"ImageObject\",\"@id\":\"https:\/\/quando.com.vn\/san-pham\/bo-chuyen-doi-nhiet-do-tp02-din-rail\/#primaryimage\",\"inLanguage\":\"en-US\",\"url\":\"https:\/\/quando.com.vn\/wp-content\/uploads\/2025\/07\/eyc-tp02_500x500.webp\",\"contentUrl\":\"https:\/\/quando.com.vn\/wp-content\/uploads\/2025\/07\/eyc-tp02_500x500.webp\",\"width\":500,\"height\":500,\"caption\":\"b\u1ed9 chuy\u1ec3n \u0111\u1ed5i nhi\u1ec7t \u0111\u1ed9 Pt100 \u0111\u1ea7u ra 4-20mA TP02\"},{\"@type\":\"WebPage\",\"@id\":\"https:\/\/quando.com.vn\/san-pham\/bo-chuyen-doi-nhiet-do-tp02-din-rail\/#webpage\",\"url\":\"https:\/\/quando.com.vn\/san-pham\/bo-chuyen-doi-nhiet-do-tp02-din-rail\/\",\"name\":\"B\u1ed9 chuy\u1ec3n \u0111\u1ed5i nhi\u1ec7t \u0111\u1ed9 PT100 \u0111\u1ea7u ra 4-20mA TP02 (DIN-rail) - QUANDO\",\"isPartOf\":{\"@id\":\"https:\/\/quando.com.vn\/en\/#website\"},\"primaryImageOfPage\":{\"@id\":\"https:\/\/quando.com.vn\/san-pham\/bo-chuyen-doi-nhiet-do-tp02-din-rail\/#primaryimage\"},\"datePublished\":\"2025-07-09T07:36:27+00:00\",\"dateModified\":\"2025-07-15T06:07:01+00:00\",\"description\":\"B\u1ed9 chuy\u1ec3n \u0111\u1ed5i nhi\u1ec7t \u0111\u1ed9 PT100 \u0111\u1ea7u ra 4-20mA TP02 l\u00e0 b\u1ed9 chuy\u1ec3n \u0111\u1ed5i nhi\u1ec7t \u0111\u1ed9 d\u1ea1ng g\u1eafn DIN-rail, \u0111\u1ed9 ch\u00ednh x\u00e1c \u00b10.1% F.S...nh\u1ecf g\u1ecdn, d\u1ec5 l\u1eafp \u0111\u1eb7t\",\"breadcrumb\":{\"@id\":\"https:\/\/quando.com.vn\/san-pham\/bo-chuyen-doi-nhiet-do-tp02-din-rail\/#breadcrumb\"},\"inLanguage\":\"en-US\",\"potentialAction\":[{\"@type\":\"ReadAction\",\"target\":[\"https:\/\/quando.com.vn\/san-pham\/bo-chuyen-doi-nhiet-do-tp02-din-rail\/\"]}]},{\"@type\":\"BreadcrumbList\",\"@id\":\"https:\/\/quando.com.vn\/san-pham\/bo-chuyen-doi-nhiet-do-tp02-din-rail\/#breadcrumb\",\"itemListElement\":[{\"@type\":\"ListItem\",\"position\":1,\"name\":\"Trang ch\u1ee7\",\"item\":\"https:\/\/quando.com.vn\/\"},{\"@type\":\"ListItem\",\"position\":2,\"name\":\"S\u1ea3n ph\u1ea9m\",\"item\":\"https:\/\/quando.com.vn\/san-pham\/\"},{\"@type\":\"ListItem\",\"position\":3,\"name\":\"B\u1ed9 chuy\u1ec3n \u0111\u1ed5i nhi\u1ec7t \u0111\u1ed9 PT100 \u0111\u1ea7u ra 4-20mA TP02 (DIN-rail)\"}]}]}<\/script>\n<!-- \/ Yoast SEO Premium plugin. -->","yoast_head_json":{"title":"B\u1ed9 chuy\u1ec3n \u0111\u1ed5i nhi\u1ec7t \u0111\u1ed9 PT100 \u0111\u1ea7u ra 4-20mA TP02 (DIN-rail) - QUANDO","description":"B\u1ed9 chuy\u1ec3n \u0111\u1ed5i nhi\u1ec7t \u0111\u1ed9 PT100 \u0111\u1ea7u ra 4-20mA TP02 l\u00e0 b\u1ed9 chuy\u1ec3n \u0111\u1ed5i nhi\u1ec7t \u0111\u1ed9 d\u1ea1ng g\u1eafn DIN-rail, \u0111\u1ed9 ch\u00ednh x\u00e1c \u00b10.1% F.S...nh\u1ecf g\u1ecdn, d\u1ec5 l\u1eafp \u0111\u1eb7t","robots":{"index":"index","follow":"follow","max-snippet":"max-snippet:-1","max-image-preview":"max-image-preview:large","max-video-preview":"max-video-preview:-1"},"canonical":"https:\/\/quando.com.vn\/en\/product\/bo-chuyen-doi-nhiet-do-tp02-din-rail\/","og_locale":"en_US","og_type":"article","og_title":"B\u1ed9 chuy\u1ec3n \u0111\u1ed5i nhi\u1ec7t \u0111\u1ed9 PT100 \u0111\u1ea7u ra 4-20mA TP02 (DIN-rail)","og_description":"B\u1ed9 chuy\u1ec3n \u0111\u1ed5i nhi\u1ec7t \u0111\u1ed9 PT100 \u0111\u1ea7u ra 4-20mA TP02 l\u00e0 b\u1ed9 chuy\u1ec3n \u0111\u1ed5i nhi\u1ec7t \u0111\u1ed9 d\u1ea1ng g\u1eafn DIN-rail, \u0111\u1ed9 ch\u00ednh x\u00e1c \u00b10.1% F.S...nh\u1ecf g\u1ecdn, d\u1ec5 l\u1eafp \u0111\u1eb7t","og_url":"https:\/\/quando.com.vn\/en\/product\/bo-chuyen-doi-nhiet-do-tp02-din-rail\/","og_site_name":"QUANDO","article_modified_time":"2025-07-15T06:07:01+00:00","twitter_card":"summary_large_image","twitter_image":"https:\/\/quando.com.vn\/wp-content\/uploads\/2025\/07\/eyc-tp02_500x500.webp","twitter_misc":{"Est. reading time":"2 minutes"},"schema":{"@context":"https:\/\/schema.org","@graph":[{"@type":"WebSite","@id":"https:\/\/quando.com.vn\/en\/#website","url":"https:\/\/quando.com.vn\/en\/","name":"QUANDO","description":"","potentialAction":[{"@type":"SearchAction","target":{"@type":"EntryPoint","urlTemplate":"https:\/\/quando.com.vn\/en\/?s={search_term_string}"},"query-input":"required name=search_term_string"}],"inLanguage":"en-US"},{"@type":"ImageObject","@id":"https:\/\/quando.com.vn\/san-pham\/bo-chuyen-doi-nhiet-do-tp02-din-rail\/#primaryimage","inLanguage":"en-US","url":"https:\/\/quando.com.vn\/wp-content\/uploads\/2025\/07\/eyc-tp02_500x500.webp","contentUrl":"https:\/\/quando.com.vn\/wp-content\/uploads\/2025\/07\/eyc-tp02_500x500.webp","width":500,"height":500,"caption":"b\u1ed9 chuy\u1ec3n \u0111\u1ed5i nhi\u1ec7t \u0111\u1ed9 Pt100 \u0111\u1ea7u ra 4-20mA TP02"},{"@type":"WebPage","@id":"https:\/\/quando.com.vn\/san-pham\/bo-chuyen-doi-nhiet-do-tp02-din-rail\/#webpage","url":"https:\/\/quando.com.vn\/san-pham\/bo-chuyen-doi-nhiet-do-tp02-din-rail\/","name":"B\u1ed9 chuy\u1ec3n \u0111\u1ed5i nhi\u1ec7t \u0111\u1ed9 PT100 \u0111\u1ea7u ra 4-20mA TP02 (DIN-rail) - QUANDO","isPartOf":{"@id":"https:\/\/quando.com.vn\/en\/#website"},"primaryImageOfPage":{"@id":"https:\/\/quando.com.vn\/san-pham\/bo-chuyen-doi-nhiet-do-tp02-din-rail\/#primaryimage"},"datePublished":"2025-07-09T07:36:27+00:00","dateModified":"2025-07-15T06:07:01+00:00","description":"B\u1ed9 chuy\u1ec3n \u0111\u1ed5i nhi\u1ec7t \u0111\u1ed9 PT100 \u0111\u1ea7u ra 4-20mA TP02 l\u00e0 b\u1ed9 chuy\u1ec3n \u0111\u1ed5i nhi\u1ec7t \u0111\u1ed9 d\u1ea1ng g\u1eafn DIN-rail, \u0111\u1ed9 ch\u00ednh x\u00e1c \u00b10.1% F.S...nh\u1ecf g\u1ecdn, d\u1ec5 l\u1eafp \u0111\u1eb7t","breadcrumb":{"@id":"https:\/\/quando.com.vn\/san-pham\/bo-chuyen-doi-nhiet-do-tp02-din-rail\/#breadcrumb"},"inLanguage":"en-US","potentialAction":[{"@type":"ReadAction","target":["https:\/\/quando.com.vn\/san-pham\/bo-chuyen-doi-nhiet-do-tp02-din-rail\/"]}]},{"@type":"BreadcrumbList","@id":"https:\/\/quando.com.vn\/san-pham\/bo-chuyen-doi-nhiet-do-tp02-din-rail\/#breadcrumb","itemListElement":[{"@type":"ListItem","position":1,"name":"Trang ch\u1ee7","item":"https:\/\/quando.com.vn\/"},{"@type":"ListItem","position":2,"name":"S\u1ea3n ph\u1ea9m","item":"https:\/\/quando.com.vn\/san-pham\/"},{"@type":"ListItem","position":3,"name":"B\u1ed9 chuy\u1ec3n \u0111\u1ed5i nhi\u1ec7t \u0111\u1ed9 PT100 \u0111\u1ea7u ra 4-20mA TP02 (DIN-rail)"}]}]}},"_links":{"self":[{"href":"https:\/\/quando.com.vn\/en\/wp-json\/wp\/v2\/product\/7337"}],"collection":[{"href":"https:\/\/quando.com.vn\/en\/wp-json\/wp\/v2\/product"}],"about":[{"href":"https:\/\/quando.com.vn\/en\/wp-json\/wp\/v2\/types\/product"}],"wp:featuredmedia":[{"embeddable":true,"href":"https:\/\/quando.com.vn\/en\/wp-json\/wp\/v2\/media\/7344"}],"wp:attachment":[{"href":"https:\/\/quando.com.vn\/en\/wp-json\/wp\/v2\/media?parent=7337"}],"wp:term":[{"taxonomy":"product_cat","embeddable":true,"href":"https:\/\/quando.com.vn\/en\/wp-json\/wp\/v2\/product_cat?post=7337"},{"taxonomy":"product_tag","embeddable":true,"href":"https:\/\/quando.com.vn\/en\/wp-json\/wp\/v2\/product_tag?post=7337"}],"curies":[{"name":"wp","href":"https:\/\/api.w.org\/{rel}","templated":true}]}}