{"id":7318,"date":"2025-07-09T11:34:03","date_gmt":"2025-07-09T04:34:03","guid":{"rendered":"https:\/\/quando.com.vn\/?post_type=product&#038;p=7318"},"modified":"2025-07-15T13:17:21","modified_gmt":"2025-07-15T06:17:21","slug":"cam-bien-nhiet-do-rtd-tc","status":"publish","type":"product","link":"https:\/\/quando.com.vn\/en\/product\/cam-bien-nhiet-do-rtd-tc\/","title":{"rendered":"C\u1ea3m bi\u1ebfn nhi\u1ec7t \u0111\u1ed9 RTD\/TC Series"},"content":{"rendered":"<h3>RTD\/TC Series \u2013 C\u1ea3m bi\u1ebfn nhi\u1ec7t \u0111\u1ed9 t\u00f9y ch\u1ec9nh theo y\u00eau c\u1ea7u<\/h3>\n<p><strong>RTD\/TC Series<\/strong> l\u00e0 d\u00f2ng c\u1ea3m bi\u1ebfn nhi\u1ec7t \u0111\u1ed9 c\u1ee7a <a href=\"https:\/\/www.eyc-tech.com\/eyc-eyc-rtd-tc-series.html\"><strong>eyc-tech<\/strong><\/a>, bao g\u1ed3m <strong>\u0111i\u1ec7n tr\u1edf nhi\u1ec7t (RTD)<\/strong> v\u00e0 <strong>c\u1eb7p nhi\u1ec7t \u0111i\u1ec7n (T\/C)<\/strong>. S\u1ea3n ph\u1ea9m \u0111\u01b0\u1ee3c thi\u1ebft k\u1ebf linh ho\u1ea1t, c\u00f3 th\u1ec3 t\u00f9y ch\u1ec9nh k\u00edch th\u01b0\u1edbc, c\u1ea5u h\u00ecnh v\u00e0 ph\u1ee5 ki\u1ec7n theo y\u00eau c\u1ea7u \u1ee9ng d\u1ee5ng th\u1ef1c t\u1ebf trong c\u00f4ng nghi\u1ec7p.<\/p>\n<p><img loading=\"lazy\" class=\"aligncenter wp-image-7322 size-full\" src=\"https:\/\/quando.com.vn\/wp-content\/uploads\/2025\/07\/eyc-thermocouple-display-sensor-type.webp\" alt=\"c\u1ea3m bi\u1ebfn nhi\u1ec7t \u0111\u1ed9 RTD\/TC sensor type\" width=\"827\" height=\"513\" srcset=\"https:\/\/quando.com.vn\/wp-content\/uploads\/2025\/07\/eyc-thermocouple-display-sensor-type.webp 827w, https:\/\/quando.com.vn\/wp-content\/uploads\/2025\/07\/eyc-thermocouple-display-sensor-type-300x186.webp 300w, https:\/\/quando.com.vn\/wp-content\/uploads\/2025\/07\/eyc-thermocouple-display-sensor-type-768x476.webp 768w, https:\/\/quando.com.vn\/wp-content\/uploads\/2025\/07\/eyc-thermocouple-display-sensor-type-18x12.webp 18w\" sizes=\"(max-width: 827px) 100vw, 827px\" \/><\/p>\n<p><img loading=\"lazy\" class=\"aligncenter size-full wp-image-7320\" src=\"https:\/\/quando.com.vn\/wp-content\/uploads\/2025\/07\/eyc-thermocouple-connector-type.webp\" alt=\"c\u1ea3m bi\u1ebfn nhi\u1ec7t \u0111\u1ed9 RTD\/TC connector type\" width=\"835\" height=\"401\" srcset=\"https:\/\/quando.com.vn\/wp-content\/uploads\/2025\/07\/eyc-thermocouple-connector-type.webp 835w, https:\/\/quando.com.vn\/wp-content\/uploads\/2025\/07\/eyc-thermocouple-connector-type-300x144.webp 300w, https:\/\/quando.com.vn\/wp-content\/uploads\/2025\/07\/eyc-thermocouple-connector-type-768x369.webp 768w, https:\/\/quando.com.vn\/wp-content\/uploads\/2025\/07\/eyc-thermocouple-connector-type-18x9.webp 18w\" sizes=\"(max-width: 835px) 100vw, 835px\" \/><\/p>\n<h4><img loading=\"lazy\" class=\"aligncenter size-full wp-image-7324\" src=\"https:\/\/quando.com.vn\/wp-content\/uploads\/2025\/07\/eyc-thermocouple-order-guide.png\" alt=\"c\u1ea3m bi\u1ebfn nhi\u1ec7t \u0111\u1ed9 RTD\/TC h\u01b0\u1edbng d\u1eabn \u0111\u1eb7t h\u00e0ng\" width=\"1377\" height=\"1735\" srcset=\"https:\/\/quando.com.vn\/wp-content\/uploads\/2025\/07\/eyc-thermocouple-order-guide.png 1377w, https:\/\/quando.com.vn\/wp-content\/uploads\/2025\/07\/eyc-thermocouple-order-guide-238x300.png 238w, https:\/\/quando.com.vn\/wp-content\/uploads\/2025\/07\/eyc-thermocouple-order-guide-813x1024.png 813w, https:\/\/quando.com.vn\/wp-content\/uploads\/2025\/07\/eyc-thermocouple-order-guide-768x968.png 768w, https:\/\/quando.com.vn\/wp-content\/uploads\/2025\/07\/eyc-thermocouple-order-guide-1219x1536.png 1219w, https:\/\/quando.com.vn\/wp-content\/uploads\/2025\/07\/eyc-thermocouple-order-guide-10x12.png 10w, https:\/\/quando.com.vn\/wp-content\/uploads\/2025\/07\/eyc-thermocouple-order-guide-300x378.png 300w\" sizes=\"(max-width: 1377px) 100vw, 1377px\" \/><\/h4>\n<p><img loading=\"lazy\" class=\"aligncenter size-full wp-image-7321\" src=\"https:\/\/quando.com.vn\/wp-content\/uploads\/2025\/07\/eyc-thermocouple-display-ordering-Tube.webp\" alt=\"c\u1ea3m bi\u1ebfn nhi\u1ec7t \u0111\u1ed9 RTD\/TC h\u01b0\u1edbng d\u1eabn \u0111\u1eb7t h\u00e0ng tube\" width=\"1010\" height=\"752\" srcset=\"https:\/\/quando.com.vn\/wp-content\/uploads\/2025\/07\/eyc-thermocouple-display-ordering-Tube.webp 1010w, https:\/\/quando.com.vn\/wp-content\/uploads\/2025\/07\/eyc-thermocouple-display-ordering-Tube-300x223.webp 300w, https:\/\/quando.com.vn\/wp-content\/uploads\/2025\/07\/eyc-thermocouple-display-ordering-Tube-768x572.webp 768w, https:\/\/quando.com.vn\/wp-content\/uploads\/2025\/07\/eyc-thermocouple-display-ordering-Tube-16x12.webp 16w\" sizes=\"(max-width: 1010px) 100vw, 1010px\" \/><\/p>\n<h3>Nguy\u00ean l\u00fd ho\u1ea1t \u0111\u1ed9ng<\/h3>\n<p><strong>Thermocouple (C\u1eb7p nhi\u1ec7t \u0111i\u1ec7n \u2013 T\/C):<\/strong> G\u1ed3m hai d\u00e2y kim lo\u1ea1i kh\u00e1c nhau, h\u00e0n t\u1ea1i \u0111i\u1ec3m \u0111o. Khi \u0111i\u1ec3m h\u00e0n \u0111\u01b0\u1ee3c nung n\u00f3ng, d\u00f2ng \u0111i\u1ec7n nhi\u1ec7t sinh ra t\u1ef7 l\u1ec7 v\u1edbi \u0111\u1ed9 ch\u00eanh nhi\u1ec7t \u0111\u1ed9 gi\u1eefa \u0111i\u1ec3m \u0111o v\u00e0 \u0111i\u1ec3m k\u1ebft n\u1ed1i. T\/C kh\u00f4ng ph\u1ee5 thu\u1ed9c v\u00e0o k\u00edch th\u01b0\u1edbc d\u00e2y m\u00e0 ph\u1ee5 thu\u1ed9c v\u00e0o v\u1eadt li\u1ec7u.<\/p>\n<p><strong>RTD (Resistance Temperature Detector):<\/strong> \u0110o nhi\u1ec7t \u0111\u1ed9 th\u00f4ng qua s\u1ef1 thay \u0111\u1ed5i \u0111i\u1ec7n tr\u1edf c\u1ee7a d\u00e2y kim lo\u1ea1i tinh khi\u1ebft nh\u01b0 platinum, nickel ho\u1eb7c \u0111\u1ed3ng. Platinum \u0111\u01b0\u1ee3c \u01b0u ti\u00ean do \u0111\u1ed9 \u1ed5n \u0111\u1ecbnh v\u00e0 t\u00e1i l\u1eadp cao. C\u1ea5u tr\u00fac c\u00f3 th\u1ec3 l\u00e0 l\u00f5i mica, th\u1ee7y tinh ho\u1eb7c g\u1ed1m, \u0111\u1eb7t trong \u1ed1ng b\u1ea3o v\u1ec7, k\u1ebft n\u1ed1i v\u1edbi d\u00e2y b\u00f9 v\u00e0 h\u1ed9p \u0111\u1ea7u.<\/p>\n<h3>\u01afu \u0111i\u1ec3m n\u1ed5i b\u1eadt<\/h3>\n<ul>\n<li>\u0110o nhi\u1ec7t \u0111\u1ed9 ch\u00ednh x\u00e1c, \u1ed5n \u0111\u1ecbnh l\u00e2u d\u00e0i<\/li>\n<li>C\u1ea5u tr\u00fac ch\u1eafc ch\u1eafn, ch\u1ed1ng ch\u1ecbu m\u00f4i tr\u01b0\u1eddng kh\u1eafc nghi\u1ec7t<\/li>\n<li>Ph\u00f9 h\u1ee3p nhi\u1ec1u \u1ee9ng d\u1ee5ng: l\u00f2 nhi\u1ec7t, h\u1ec7 th\u1ed1ng c\u00f4ng nghi\u1ec7p, HVAC&#8230;<\/li>\n<li>Kh\u1ea3 n\u0103ng t\u00f9y bi\u1ebfn k\u00edch th\u01b0\u1edbc, ki\u1ec3u l\u1eafp, \u0111\u1ea7u n\u1ed1i, ph\u1ee5 ki\u1ec7n<\/li>\n<\/ul>\n<h3>\u1ee8ng d\u1ee5ng \u0111i\u1ec3n h\u00ecnh<\/h3>\n<ul>\n<li>T\u1ef1 \u0111\u1ed9ng h\u00f3a c\u00f4ng nghi\u1ec7p<\/li>\n<li>Thi\u1ebft b\u1ecb nhi\u1ec7t luy\u1ec7n<\/li>\n<li>H\u1ec7 th\u1ed1ng HVAC<\/li>\n<li>\u0110o l\u01b0\u1eddng v\u00e0 gi\u00e1m s\u00e1t nhi\u1ec7t \u0111\u1ed9 m\u00f4i tr\u01b0\u1eddng kh\u1eaft nghi\u1ec7t<\/li>\n<\/ul>\n<p>Cung c\u1ea5p gi\u1ea3i ph\u00e1p c\u1ea3m bi\u1ebfn nhi\u1ec7t RTD\/TC \u0111\u00e1ng tin c\u1eady, h\u1ed7 tr\u1ee3 t\u00f9y ch\u1ec9nh theo t\u1eebng y\u00eau c\u1ea7u c\u1ee5 th\u1ec3. Vui l\u00f2ng li\u00ean h\u1ec7 tr\u1ef1c ti\u1ebfp \u0111\u1ec3 \u0111\u01b0\u1ee3c t\u01b0 v\u1ea5n c\u1ea5u h\u00ecnh ph\u00f9 h\u1ee3p v\u1edbi h\u1ec7 th\u1ed1ng c\u1ee7a b\u1ea1n.<\/p>\n<p><img loading=\"lazy\" class=\"aligncenter size-full wp-image-7323\" src=\"https:\/\/quando.com.vn\/wp-content\/uploads\/2025\/07\/eyc-thermocouple-display-table-spec.webp\" alt=\"c\u1ea3m bi\u1ebfn nhi\u1ec7t \u0111\u1ed9 RTD\/TC spec\" width=\"854\" height=\"607\" srcset=\"https:\/\/quando.com.vn\/wp-content\/uploads\/2025\/07\/eyc-thermocouple-display-table-spec.webp 854w, https:\/\/quando.com.vn\/wp-content\/uploads\/2025\/07\/eyc-thermocouple-display-table-spec-300x213.webp 300w, https:\/\/quando.com.vn\/wp-content\/uploads\/2025\/07\/eyc-thermocouple-display-table-spec-768x546.webp 768w, https:\/\/quando.com.vn\/wp-content\/uploads\/2025\/07\/eyc-thermocouple-display-table-spec-18x12.webp 18w\" sizes=\"(max-width: 854px) 100vw, 854px\" \/><\/p>\n<p>&nbsp;<\/p>","protected":false},"excerpt":{"rendered":"<p>&#8211; C\u1ea3m bi\u1ebfn nhi\u1ec7t \u0111\u1ed9 RTD v\u00e0 Thermocouple<br \/>\n&#8211; H\u1ed7 tr\u1ee3 \u0111o nhi\u1ec7t \u0111\u1ed9 ch\u00ednh x\u00e1c v\u00e0 \u1ed5n \u0111\u1ecbnh<br \/>\n&#8211; Bao g\u1ed3m \u0111i\u1ec7n tr\u1edf nhi\u1ec7t, c\u1eb7p nhi\u1ec7t \u0111i\u1ec7n<br \/>\n&#8211; T\u00f9y ch\u1ec9nh th\u00f4ng s\u1ed1 v\u00e0 k\u00edch th\u01b0\u1edbc theo y\u00eau c\u1ea7u<br \/>\n&#8211; Li\u00ean h\u1ec7 tr\u1ef1c ti\u1ebfp \u0111\u1ec3 \u0111\u01b0\u1ee3c t\u01b0 v\u1ea5n c\u1ea5u h\u00ecnh<\/p>","protected":false},"featured_media":7319,"template":"","meta":[],"product_cat":[525,523,519,442,416,444],"product_tag":[],"acf":[],"yoast_head":"<!-- This site is optimized with the Yoast SEO Premium plugin v18.4 (Yoast SEO v18.6) - https:\/\/yoast.com\/wordpress\/plugins\/seo\/ -->\n<title>C\u1ea3m bi\u1ebfn nhi\u1ec7t \u0111\u1ed9 RTD\/TC Series - QUANDO<\/title>\n<meta name=\"description\" content=\"RTD\/TC Series g\u1ed3m c\u1ea3m bi\u1ebfn nhi\u1ec7t \u0111\u1ed9 ki\u1ec3u \u0111i\u1ec7n tr\u1edf v\u00e0 c\u1eb7p nhi\u1ec7t \u0111i\u1ec7n, \u0111o ch\u00ednh x\u00e1c, \u1ed5n \u0111\u1ecbnh, thi\u1ebft k\u1ebf t\u00f9y ch\u1ec9nh theo y\u00eau c\u1ea7u h\u1ec7 th\u1ed1ng c\u00f4ng nghi\u1ec7p...\" \/>\n<meta name=\"robots\" content=\"index, follow, max-snippet:-1, max-image-preview:large, max-video-preview:-1\" \/>\n<link rel=\"canonical\" href=\"https:\/\/quando.com.vn\/en\/product\/cam-bien-nhiet-do-rtd-tc\/\" \/>\n<meta property=\"og:locale\" content=\"en_US\" \/>\n<meta property=\"og:type\" content=\"article\" \/>\n<meta property=\"og:title\" content=\"C\u1ea3m bi\u1ebfn nhi\u1ec7t \u0111\u1ed9 RTD\/TC Series\" \/>\n<meta property=\"og:description\" content=\"RTD\/TC Series g\u1ed3m c\u1ea3m bi\u1ebfn nhi\u1ec7t \u0111\u1ed9 ki\u1ec3u \u0111i\u1ec7n tr\u1edf v\u00e0 c\u1eb7p nhi\u1ec7t \u0111i\u1ec7n, \u0111o ch\u00ednh x\u00e1c, \u1ed5n \u0111\u1ecbnh, thi\u1ebft k\u1ebf t\u00f9y ch\u1ec9nh theo y\u00eau c\u1ea7u h\u1ec7 th\u1ed1ng c\u00f4ng nghi\u1ec7p...\" \/>\n<meta property=\"og:url\" content=\"https:\/\/quando.com.vn\/en\/product\/cam-bien-nhiet-do-rtd-tc\/\" \/>\n<meta property=\"og:site_name\" content=\"QUANDO\" \/>\n<meta property=\"article:modified_time\" content=\"2025-07-15T06:17:21+00:00\" \/>\n<meta name=\"twitter:card\" content=\"summary_large_image\" \/>\n<meta name=\"twitter:image\" content=\"https:\/\/quando.com.vn\/wp-content\/uploads\/2025\/07\/eyc-thermocouple-display.webp\" \/>\n<meta name=\"twitter:label1\" content=\"Est. reading time\" \/>\n\t<meta name=\"twitter:data1\" content=\"3 minutes\" \/>\n<script type=\"application\/ld+json\" class=\"yoast-schema-graph\">{\"@context\":\"https:\/\/schema.org\",\"@graph\":[{\"@type\":\"WebSite\",\"@id\":\"https:\/\/quando.com.vn\/en\/#website\",\"url\":\"https:\/\/quando.com.vn\/en\/\",\"name\":\"QUANDO\",\"description\":\"\",\"potentialAction\":[{\"@type\":\"SearchAction\",\"target\":{\"@type\":\"EntryPoint\",\"urlTemplate\":\"https:\/\/quando.com.vn\/en\/?s={search_term_string}\"},\"query-input\":\"required name=search_term_string\"}],\"inLanguage\":\"en-US\"},{\"@type\":\"ImageObject\",\"@id\":\"https:\/\/quando.com.vn\/san-pham\/cam-bien-nhiet-do-rtd-tc\/#primaryimage\",\"inLanguage\":\"en-US\",\"url\":\"https:\/\/quando.com.vn\/wp-content\/uploads\/2025\/07\/eyc-thermocouple-display.webp\",\"contentUrl\":\"https:\/\/quando.com.vn\/wp-content\/uploads\/2025\/07\/eyc-thermocouple-display.webp\",\"width\":500,\"height\":500,\"caption\":\"c\u1ea3m bi\u1ebfn nhi\u1ec7t \u0111\u1ed9 RTD\/TC\"},{\"@type\":\"WebPage\",\"@id\":\"https:\/\/quando.com.vn\/san-pham\/cam-bien-nhiet-do-rtd-tc\/#webpage\",\"url\":\"https:\/\/quando.com.vn\/san-pham\/cam-bien-nhiet-do-rtd-tc\/\",\"name\":\"C\u1ea3m bi\u1ebfn nhi\u1ec7t \u0111\u1ed9 RTD\/TC Series - QUANDO\",\"isPartOf\":{\"@id\":\"https:\/\/quando.com.vn\/en\/#website\"},\"primaryImageOfPage\":{\"@id\":\"https:\/\/quando.com.vn\/san-pham\/cam-bien-nhiet-do-rtd-tc\/#primaryimage\"},\"datePublished\":\"2025-07-09T04:34:03+00:00\",\"dateModified\":\"2025-07-15T06:17:21+00:00\",\"description\":\"RTD\/TC Series g\u1ed3m c\u1ea3m bi\u1ebfn nhi\u1ec7t \u0111\u1ed9 ki\u1ec3u \u0111i\u1ec7n tr\u1edf v\u00e0 c\u1eb7p nhi\u1ec7t \u0111i\u1ec7n, \u0111o ch\u00ednh x\u00e1c, \u1ed5n \u0111\u1ecbnh, thi\u1ebft k\u1ebf t\u00f9y ch\u1ec9nh theo y\u00eau c\u1ea7u h\u1ec7 th\u1ed1ng c\u00f4ng nghi\u1ec7p...\",\"breadcrumb\":{\"@id\":\"https:\/\/quando.com.vn\/san-pham\/cam-bien-nhiet-do-rtd-tc\/#breadcrumb\"},\"inLanguage\":\"en-US\",\"potentialAction\":[{\"@type\":\"ReadAction\",\"target\":[\"https:\/\/quando.com.vn\/san-pham\/cam-bien-nhiet-do-rtd-tc\/\"]}]},{\"@type\":\"BreadcrumbList\",\"@id\":\"https:\/\/quando.com.vn\/san-pham\/cam-bien-nhiet-do-rtd-tc\/#breadcrumb\",\"itemListElement\":[{\"@type\":\"ListItem\",\"position\":1,\"name\":\"Trang ch\u1ee7\",\"item\":\"https:\/\/quando.com.vn\/\"},{\"@type\":\"ListItem\",\"position\":2,\"name\":\"S\u1ea3n ph\u1ea9m\",\"item\":\"https:\/\/quando.com.vn\/san-pham\/\"},{\"@type\":\"ListItem\",\"position\":3,\"name\":\"C\u1ea3m bi\u1ebfn nhi\u1ec7t \u0111\u1ed9 RTD\/TC Series\"}]}]}<\/script>\n<!-- \/ Yoast SEO Premium plugin. -->","yoast_head_json":{"title":"C\u1ea3m bi\u1ebfn nhi\u1ec7t \u0111\u1ed9 RTD\/TC Series - QUANDO","description":"RTD\/TC Series g\u1ed3m c\u1ea3m bi\u1ebfn nhi\u1ec7t \u0111\u1ed9 ki\u1ec3u \u0111i\u1ec7n tr\u1edf v\u00e0 c\u1eb7p nhi\u1ec7t \u0111i\u1ec7n, \u0111o ch\u00ednh x\u00e1c, \u1ed5n \u0111\u1ecbnh, thi\u1ebft k\u1ebf t\u00f9y ch\u1ec9nh theo y\u00eau c\u1ea7u h\u1ec7 th\u1ed1ng c\u00f4ng nghi\u1ec7p...","robots":{"index":"index","follow":"follow","max-snippet":"max-snippet:-1","max-image-preview":"max-image-preview:large","max-video-preview":"max-video-preview:-1"},"canonical":"https:\/\/quando.com.vn\/en\/product\/cam-bien-nhiet-do-rtd-tc\/","og_locale":"en_US","og_type":"article","og_title":"C\u1ea3m bi\u1ebfn nhi\u1ec7t \u0111\u1ed9 RTD\/TC Series","og_description":"RTD\/TC Series g\u1ed3m c\u1ea3m bi\u1ebfn nhi\u1ec7t \u0111\u1ed9 ki\u1ec3u \u0111i\u1ec7n tr\u1edf v\u00e0 c\u1eb7p nhi\u1ec7t \u0111i\u1ec7n, \u0111o ch\u00ednh x\u00e1c, \u1ed5n \u0111\u1ecbnh, thi\u1ebft k\u1ebf t\u00f9y ch\u1ec9nh theo y\u00eau c\u1ea7u h\u1ec7 th\u1ed1ng c\u00f4ng nghi\u1ec7p...","og_url":"https:\/\/quando.com.vn\/en\/product\/cam-bien-nhiet-do-rtd-tc\/","og_site_name":"QUANDO","article_modified_time":"2025-07-15T06:17:21+00:00","twitter_card":"summary_large_image","twitter_image":"https:\/\/quando.com.vn\/wp-content\/uploads\/2025\/07\/eyc-thermocouple-display.webp","twitter_misc":{"Est. reading time":"3 minutes"},"schema":{"@context":"https:\/\/schema.org","@graph":[{"@type":"WebSite","@id":"https:\/\/quando.com.vn\/en\/#website","url":"https:\/\/quando.com.vn\/en\/","name":"QUANDO","description":"","potentialAction":[{"@type":"SearchAction","target":{"@type":"EntryPoint","urlTemplate":"https:\/\/quando.com.vn\/en\/?s={search_term_string}"},"query-input":"required name=search_term_string"}],"inLanguage":"en-US"},{"@type":"ImageObject","@id":"https:\/\/quando.com.vn\/san-pham\/cam-bien-nhiet-do-rtd-tc\/#primaryimage","inLanguage":"en-US","url":"https:\/\/quando.com.vn\/wp-content\/uploads\/2025\/07\/eyc-thermocouple-display.webp","contentUrl":"https:\/\/quando.com.vn\/wp-content\/uploads\/2025\/07\/eyc-thermocouple-display.webp","width":500,"height":500,"caption":"c\u1ea3m bi\u1ebfn nhi\u1ec7t \u0111\u1ed9 RTD\/TC"},{"@type":"WebPage","@id":"https:\/\/quando.com.vn\/san-pham\/cam-bien-nhiet-do-rtd-tc\/#webpage","url":"https:\/\/quando.com.vn\/san-pham\/cam-bien-nhiet-do-rtd-tc\/","name":"C\u1ea3m bi\u1ebfn nhi\u1ec7t \u0111\u1ed9 RTD\/TC Series - QUANDO","isPartOf":{"@id":"https:\/\/quando.com.vn\/en\/#website"},"primaryImageOfPage":{"@id":"https:\/\/quando.com.vn\/san-pham\/cam-bien-nhiet-do-rtd-tc\/#primaryimage"},"datePublished":"2025-07-09T04:34:03+00:00","dateModified":"2025-07-15T06:17:21+00:00","description":"RTD\/TC Series g\u1ed3m c\u1ea3m bi\u1ebfn nhi\u1ec7t \u0111\u1ed9 ki\u1ec3u \u0111i\u1ec7n tr\u1edf v\u00e0 c\u1eb7p nhi\u1ec7t \u0111i\u1ec7n, \u0111o ch\u00ednh x\u00e1c, \u1ed5n \u0111\u1ecbnh, thi\u1ebft k\u1ebf t\u00f9y ch\u1ec9nh theo y\u00eau c\u1ea7u h\u1ec7 th\u1ed1ng c\u00f4ng nghi\u1ec7p...","breadcrumb":{"@id":"https:\/\/quando.com.vn\/san-pham\/cam-bien-nhiet-do-rtd-tc\/#breadcrumb"},"inLanguage":"en-US","potentialAction":[{"@type":"ReadAction","target":["https:\/\/quando.com.vn\/san-pham\/cam-bien-nhiet-do-rtd-tc\/"]}]},{"@type":"BreadcrumbList","@id":"https:\/\/quando.com.vn\/san-pham\/cam-bien-nhiet-do-rtd-tc\/#breadcrumb","itemListElement":[{"@type":"ListItem","position":1,"name":"Trang ch\u1ee7","item":"https:\/\/quando.com.vn\/"},{"@type":"ListItem","position":2,"name":"S\u1ea3n ph\u1ea9m","item":"https:\/\/quando.com.vn\/san-pham\/"},{"@type":"ListItem","position":3,"name":"C\u1ea3m bi\u1ebfn nhi\u1ec7t \u0111\u1ed9 RTD\/TC Series"}]}]}},"_links":{"self":[{"href":"https:\/\/quando.com.vn\/en\/wp-json\/wp\/v2\/product\/7318"}],"collection":[{"href":"https:\/\/quando.com.vn\/en\/wp-json\/wp\/v2\/product"}],"about":[{"href":"https:\/\/quando.com.vn\/en\/wp-json\/wp\/v2\/types\/product"}],"wp:featuredmedia":[{"embeddable":true,"href":"https:\/\/quando.com.vn\/en\/wp-json\/wp\/v2\/media\/7319"}],"wp:attachment":[{"href":"https:\/\/quando.com.vn\/en\/wp-json\/wp\/v2\/media?parent=7318"}],"wp:term":[{"taxonomy":"product_cat","embeddable":true,"href":"https:\/\/quando.com.vn\/en\/wp-json\/wp\/v2\/product_cat?post=7318"},{"taxonomy":"product_tag","embeddable":true,"href":"https:\/\/quando.com.vn\/en\/wp-json\/wp\/v2\/product_tag?post=7318"}],"curies":[{"name":"wp","href":"https:\/\/api.w.org\/{rel}","templated":true}]}}