{"id":7216,"date":"2025-07-02T14:57:17","date_gmt":"2025-07-02T07:57:17","guid":{"rendered":"https:\/\/quando.com.vn\/?post_type=product&#038;p=7216"},"modified":"2025-07-15T17:04:23","modified_gmt":"2025-07-15T10:04:23","slug":"dong-ho-do-luu-luong-chat-long-kieu-the-tich-mt-gf","status":"publish","type":"product","link":"https:\/\/quando.com.vn\/en\/product\/dong-ho-do-luu-luong-chat-long-kieu-the-tich-mt-gf\/","title":{"rendered":"\u0110\u1ed3ng h\u1ed3 \u0111o l\u01b0u l\u01b0\u1ee3ng th\u1ec3 t\u00edch th\u1ea5p MT-GF"},"content":{"rendered":"<p><strong>\u0110\u1ed3ng h\u1ed3 \u0111o l\u01b0u l\u01b0\u1ee3ng th\u1ec3 t\u00edch th\u1ea5p MT-GF<\/strong> c\u1ee7a <a href=\"https:\/\/metlaninst.com\/p\/low-flow-positive-displacement-gear-flow-meter-mt-gf\/\">Metlan Instruments<\/a> l\u00e0 \u0111\u1ed3ng h\u1ed3 \u0111o l\u01b0u l\u01b0\u1ee3ng b\u00e1nh r\u0103ng \u0111\u01b0\u1ee3c thi\u1ebft k\u1ebf chuy\u00ean bi\u1ec7t \u0111\u1ec3 \u0111o ch\u00ednh x\u00e1c ch\u1ea5t l\u1ecfng c\u00f3 l\u01b0u l\u01b0\u1ee3ng th\u1ea5p v\u00e0 \u0111\u1ed9 nh\u1edbt cao. V\u1edbi thi\u1ebft k\u1ebf b\u00e1nh r\u0103ng k\u00e9p c\u00f3 r\u0103ng \u0111\u1ed3ng b\u1ed9 v\u00e0 bu\u1ed3ng \u0111o dung sai c\u1ef1c th\u1ea5p, MT-GF c\u00f3 th\u1ec3 \u0111o c\u00e1c m\u00f4i ch\u1ea5t \u0103n m\u00f2n m\u1ea1nh nh\u01b0 axit sunfuric, axit hydrofluoric c\u0169ng nh\u01b0 c\u00e1c ch\u1ea5t l\u1ecfng \u0111\u1eb7c nh\u01b0 xi-r\u00f4, nh\u1ef1a n\u00f3ng ch\u1ea3y v\u00e0 m\u1eadt ong.<\/p>\n<ul>\n<li>Ph\u1ea1m vi \u0111o t\u1eeb 0.6 \u0111\u1ebfn 2000 l\/h<\/li>\n<li>\u0110\u1ed9 ch\u00ednh x\u00e1c: \u00b10.5%<\/li>\n<li>\u00c1p su\u1ea5t v\u1eadn h\u00e0nh l\u00ean \u0111\u1ebfn 400 bar<\/li>\n<li>Ph\u00f9 h\u1ee3p v\u1edbi \u1ee9ng d\u1ee5ng th\u1ef1c ph\u1ea9m, h\u00f3a ch\u1ea5t, d\u01b0\u1ee3c ph\u1ea9m v\u00e0 d\u1ea7u kh\u00ed<\/li>\n<\/ul>\n<table>\n<tbody>\n<tr>\n<td><strong>Product code<\/strong><\/td>\n<td>MT-GF<\/td>\n<\/tr>\n<tr>\n<td><strong>Wetted Materials<\/strong><\/td>\n<td>304, 316\/316L inox, H\u1ee3p kim nh\u00f4m<\/td>\n<\/tr>\n<tr>\n<td><strong>Accuracy<\/strong><\/td>\n<td>\u00b10.5 %<\/td>\n<\/tr>\n<tr>\n<td><strong>Repeatability<\/strong><\/td>\n<td>\u00b10.1 %<\/td>\n<\/tr>\n<tr>\n<td><strong>Measuring Range<\/strong><\/td>\n<td>0.6 \u0111\u1ebfn 2000 l\/h<\/td>\n<\/tr>\n<tr>\n<td><strong>Max. Process Pressure<\/strong><\/td>\n<td>100 bar (chu\u1ea9n), 400 bar (t\u00f9y ch\u1ecdn)<\/td>\n<\/tr>\n<tr>\n<td><strong>Medium Temperature Range<\/strong><\/td>\n<td>-40 \u0111\u1ebfn 80\u00b0C (chu\u1ea9n), -40 \u0111\u1ebfn 200\u00b0C (t\u00f9y ch\u1ecdn)<\/td>\n<\/tr>\n<tr>\n<td><strong>Ambient Temperature Range<\/strong><\/td>\n<td>-40 \u0111\u1ebfn 85\u00b0C<\/td>\n<\/tr>\n<tr>\n<td><strong>Outputs<\/strong><\/td>\n<td>4-20 mA, xung<\/td>\n<\/tr>\n<tr>\n<td><strong>Digital Communication<\/strong><\/td>\n<td>Modbus\/RS-485, HART, GPRS, Bluetooth<\/td>\n<\/tr>\n<tr>\n<td><strong>Power Supply<\/strong><\/td>\n<td>DC 9 \u0111\u1ebfn 26 V<\/td>\n<\/tr>\n<tr>\n<td><strong>Process Connections<\/strong><\/td>\n<td>M\u1eb7t b\u00edch, ren (kh\u00e1c theo y\u00eau c\u1ea7u)<\/td>\n<\/tr>\n<tr>\n<td><strong>Degree of Protection<\/strong><\/td>\n<td>IP65<\/td>\n<\/tr>\n<\/tbody>\n<\/table>\n<h3><strong>\u1ee8ng d\u1ee5ng \u0111\u1ed3ng h\u1ed3 \u0111o l\u01b0u l\u01b0\u1ee3ng th\u1ec3 t\u00edch th\u1ea5p MT-GF\u00a0 \u00a0 <\/strong><\/h3>\n<ul>\n<li><strong>D\u1ea7u kh\u00ed:<\/strong> X\u0103ng, d\u1ea7u diesel, d\u1ea7u n\u1eb7ng, d\u1ea7u b\u00f4i tr\u01a1n<\/li>\n<li><strong>H\u00f3a ch\u1ea5t:<\/strong> Axit, baz\u01a1, n\u01b0\u1edbc tinh khi\u1ebft<\/li>\n<li><strong>Th\u1ef1c ph\u1ea9m &amp; \u0111\u1ed3 u\u1ed1ng:<\/strong> Xi-r\u00f4, m\u1eadt ong, n\u01b0\u1edbc tr\u00e1i c\u00e2y, s\u1eefa<\/li>\n<li><strong>D\u01b0\u1ee3c ph\u1ea9m &amp; m\u1ef9 ph\u1ea9m:<\/strong> Glycerin, c\u1ed3n, gel, kem<\/li>\n<li><strong>X\u1eed l\u00fd n\u01b0\u1edbc:<\/strong> H\u00f3a ch\u1ea5t x\u1eed l\u00fd, axit<\/li>\n<li><strong>C\u00f4ng nghi\u1ec7p:<\/strong> M\u1ef1c in, dung m\u00f4i, ch\u1ea5t ph\u1ee7, d\u1ea7u th\u1ee7y l\u1ef1c<\/li>\n<\/ul>","protected":false},"excerpt":{"rendered":"<p>&#8211; L\u01b0u l\u01b0\u1ee3ng th\u1ea5p t\u1eeb 0.6 \u0111\u1ebfn 2000 l\/h<br \/>\n&#8211; \u0110\u1ed9 ch\u00ednh x\u00e1c \u00b10.5%<br \/>\n&#8211; Ph\u00f9 h\u1ee3p v\u1edbi ch\u1ea5t l\u1ecfng c\u00f3 \u0111\u1ed9 nh\u1edbt cao ho\u1eb7c \u0103n m\u00f2n nh\u01b0 axit, nh\u1ef1a, xi-r\u00f4 v\u00e0 d\u1ea7u.<br \/>\n&#8211; \u0110\u01b0\u1eddng k\u00ednh \u1ed1ng: t\u1eeb DN4 \u0111\u1ebfn DN15 (t\u00f9y ch\u1ecdn theo \u1ee9ng d\u1ee5ng).<br \/>\n&#8211; Ch\u1ecbu \u00e1p su\u1ea5t l\u00ean \u0111\u1ebfn 400 bar, ho\u1ea1t \u0111\u1ed9ng \u1ed5n \u0111\u1ecbnh trong d\u1ea3i nhi\u1ec7t r\u1ed9ng -40 \u0111\u1ebfn +200\u00b0C.<\/p>","protected":false},"featured_media":7217,"template":"","meta":[],"product_cat":[442,497,499,416,444,484,488,508],"product_tag":[],"acf":[],"yoast_head":"<!-- This site is optimized with the Yoast SEO Premium plugin v18.4 (Yoast SEO v18.6) - https:\/\/yoast.com\/wordpress\/plugins\/seo\/ -->\n<title>\u0110\u1ed3ng h\u1ed3 \u0111o l\u01b0u l\u01b0\u1ee3ng th\u1ec3 t\u00edch th\u1ea5p MT-GF - QUANDO<\/title>\n<meta name=\"description\" content=\"\u0110\u1ed3ng h\u1ed3 \u0111o l\u01b0u l\u01b0\u1ee3ng th\u1ec3 t\u00edch th\u1ea5p MT-GF \u0111\u01b0\u1ee3c thi\u1ebft k\u1ebf chuy\u00ean bi\u1ec7t \u0111\u1ec3 \u0111o ch\u00ednh x\u00e1c ch\u1ea5t l\u1ecfng c\u00f3 l\u01b0u l\u01b0\u1ee3ng th\u1ea5p v\u00e0 \u0111\u1ed9 nh\u1edbt cao. V\u1edbi thi\u1ebft k\u1ebf b\u00e1nh r\u0103ng k\u00e9p c\u00f3 r\u0103ng \u0111\u1ed3ng b\u1ed9 v\u00e0 bu\u1ed3ng \u0111o dung sai c\u1ef1c th\u1ea5p...\" \/>\n<meta name=\"robots\" content=\"index, follow, max-snippet:-1, max-image-preview:large, max-video-preview:-1\" \/>\n<link rel=\"canonical\" href=\"https:\/\/quando.com.vn\/en\/product\/dong-ho-do-luu-luong-chat-long-kieu-the-tich-mt-gf\/\" \/>\n<meta property=\"og:locale\" content=\"en_US\" \/>\n<meta property=\"og:type\" content=\"article\" \/>\n<meta property=\"og:title\" content=\"\u0110\u1ed3ng h\u1ed3 \u0111o l\u01b0u l\u01b0\u1ee3ng th\u1ec3 t\u00edch th\u1ea5p MT-GF\" \/>\n<meta property=\"og:description\" content=\"\u0110\u1ed3ng h\u1ed3 \u0111o l\u01b0u l\u01b0\u1ee3ng th\u1ec3 t\u00edch th\u1ea5p MT-GF \u0111\u01b0\u1ee3c thi\u1ebft k\u1ebf chuy\u00ean bi\u1ec7t \u0111\u1ec3 \u0111o ch\u00ednh x\u00e1c ch\u1ea5t l\u1ecfng c\u00f3 l\u01b0u l\u01b0\u1ee3ng th\u1ea5p v\u00e0 \u0111\u1ed9 nh\u1edbt cao. V\u1edbi thi\u1ebft k\u1ebf b\u00e1nh r\u0103ng k\u00e9p c\u00f3 r\u0103ng \u0111\u1ed3ng b\u1ed9 v\u00e0 bu\u1ed3ng \u0111o dung sai c\u1ef1c th\u1ea5p...\" \/>\n<meta property=\"og:url\" content=\"https:\/\/quando.com.vn\/en\/product\/dong-ho-do-luu-luong-chat-long-kieu-the-tich-mt-gf\/\" \/>\n<meta property=\"og:site_name\" content=\"QUANDO\" \/>\n<meta property=\"article:modified_time\" content=\"2025-07-15T10:04:23+00:00\" \/>\n<meta name=\"twitter:card\" content=\"summary_large_image\" \/>\n<meta name=\"twitter:image\" content=\"https:\/\/quando.com.vn\/wp-content\/uploads\/2025\/07\/gear-positive-displacement-flowmeter-MT-GF.webp\" \/>\n<meta name=\"twitter:label1\" content=\"Est. reading time\" \/>\n\t<meta name=\"twitter:data1\" content=\"2 minutes\" \/>\n<script type=\"application\/ld+json\" class=\"yoast-schema-graph\">{\"@context\":\"https:\/\/schema.org\",\"@graph\":[{\"@type\":\"WebSite\",\"@id\":\"https:\/\/quando.com.vn\/en\/#website\",\"url\":\"https:\/\/quando.com.vn\/en\/\",\"name\":\"QUANDO\",\"description\":\"\",\"potentialAction\":[{\"@type\":\"SearchAction\",\"target\":{\"@type\":\"EntryPoint\",\"urlTemplate\":\"https:\/\/quando.com.vn\/en\/?s={search_term_string}\"},\"query-input\":\"required name=search_term_string\"}],\"inLanguage\":\"en-US\"},{\"@type\":\"ImageObject\",\"@id\":\"https:\/\/quando.com.vn\/san-pham\/dong-ho-do-luu-luong-chat-long-kieu-the-tich-mt-gf\/#primaryimage\",\"inLanguage\":\"en-US\",\"url\":\"https:\/\/quando.com.vn\/wp-content\/uploads\/2025\/07\/gear-positive-displacement-flowmeter-MT-GF.webp\",\"contentUrl\":\"https:\/\/quando.com.vn\/wp-content\/uploads\/2025\/07\/gear-positive-displacement-flowmeter-MT-GF.webp\",\"width\":428,\"height\":428,\"caption\":\"gear-positive-displacement-flowmeter-MT-GF\"},{\"@type\":\"WebPage\",\"@id\":\"https:\/\/quando.com.vn\/san-pham\/dong-ho-do-luu-luong-chat-long-kieu-the-tich-mt-gf\/#webpage\",\"url\":\"https:\/\/quando.com.vn\/san-pham\/dong-ho-do-luu-luong-chat-long-kieu-the-tich-mt-gf\/\",\"name\":\"\u0110\u1ed3ng h\u1ed3 \u0111o l\u01b0u l\u01b0\u1ee3ng th\u1ec3 t\u00edch th\u1ea5p MT-GF - QUANDO\",\"isPartOf\":{\"@id\":\"https:\/\/quando.com.vn\/en\/#website\"},\"primaryImageOfPage\":{\"@id\":\"https:\/\/quando.com.vn\/san-pham\/dong-ho-do-luu-luong-chat-long-kieu-the-tich-mt-gf\/#primaryimage\"},\"datePublished\":\"2025-07-02T07:57:17+00:00\",\"dateModified\":\"2025-07-15T10:04:23+00:00\",\"description\":\"\u0110\u1ed3ng h\u1ed3 \u0111o l\u01b0u l\u01b0\u1ee3ng th\u1ec3 t\u00edch th\u1ea5p MT-GF \u0111\u01b0\u1ee3c thi\u1ebft k\u1ebf chuy\u00ean bi\u1ec7t \u0111\u1ec3 \u0111o ch\u00ednh x\u00e1c ch\u1ea5t l\u1ecfng c\u00f3 l\u01b0u l\u01b0\u1ee3ng th\u1ea5p v\u00e0 \u0111\u1ed9 nh\u1edbt cao. V\u1edbi thi\u1ebft k\u1ebf b\u00e1nh r\u0103ng k\u00e9p c\u00f3 r\u0103ng \u0111\u1ed3ng b\u1ed9 v\u00e0 bu\u1ed3ng \u0111o dung sai c\u1ef1c th\u1ea5p...\",\"breadcrumb\":{\"@id\":\"https:\/\/quando.com.vn\/san-pham\/dong-ho-do-luu-luong-chat-long-kieu-the-tich-mt-gf\/#breadcrumb\"},\"inLanguage\":\"en-US\",\"potentialAction\":[{\"@type\":\"ReadAction\",\"target\":[\"https:\/\/quando.com.vn\/san-pham\/dong-ho-do-luu-luong-chat-long-kieu-the-tich-mt-gf\/\"]}]},{\"@type\":\"BreadcrumbList\",\"@id\":\"https:\/\/quando.com.vn\/san-pham\/dong-ho-do-luu-luong-chat-long-kieu-the-tich-mt-gf\/#breadcrumb\",\"itemListElement\":[{\"@type\":\"ListItem\",\"position\":1,\"name\":\"Trang ch\u1ee7\",\"item\":\"https:\/\/quando.com.vn\/\"},{\"@type\":\"ListItem\",\"position\":2,\"name\":\"S\u1ea3n ph\u1ea9m\",\"item\":\"https:\/\/quando.com.vn\/san-pham\/\"},{\"@type\":\"ListItem\",\"position\":3,\"name\":\"\u0110\u1ed3ng h\u1ed3 \u0111o l\u01b0u l\u01b0\u1ee3ng th\u1ec3 t\u00edch th\u1ea5p MT-GF\"}]}]}<\/script>\n<!-- \/ Yoast SEO Premium plugin. -->","yoast_head_json":{"title":"\u0110\u1ed3ng h\u1ed3 \u0111o l\u01b0u l\u01b0\u1ee3ng th\u1ec3 t\u00edch th\u1ea5p MT-GF - QUANDO","description":"\u0110\u1ed3ng h\u1ed3 \u0111o l\u01b0u l\u01b0\u1ee3ng th\u1ec3 t\u00edch th\u1ea5p MT-GF \u0111\u01b0\u1ee3c thi\u1ebft k\u1ebf chuy\u00ean bi\u1ec7t \u0111\u1ec3 \u0111o ch\u00ednh x\u00e1c ch\u1ea5t l\u1ecfng c\u00f3 l\u01b0u l\u01b0\u1ee3ng th\u1ea5p v\u00e0 \u0111\u1ed9 nh\u1edbt cao. V\u1edbi thi\u1ebft k\u1ebf b\u00e1nh r\u0103ng k\u00e9p c\u00f3 r\u0103ng \u0111\u1ed3ng b\u1ed9 v\u00e0 bu\u1ed3ng \u0111o dung sai c\u1ef1c th\u1ea5p...","robots":{"index":"index","follow":"follow","max-snippet":"max-snippet:-1","max-image-preview":"max-image-preview:large","max-video-preview":"max-video-preview:-1"},"canonical":"https:\/\/quando.com.vn\/en\/product\/dong-ho-do-luu-luong-chat-long-kieu-the-tich-mt-gf\/","og_locale":"en_US","og_type":"article","og_title":"\u0110\u1ed3ng h\u1ed3 \u0111o l\u01b0u l\u01b0\u1ee3ng th\u1ec3 t\u00edch th\u1ea5p MT-GF","og_description":"\u0110\u1ed3ng h\u1ed3 \u0111o l\u01b0u l\u01b0\u1ee3ng th\u1ec3 t\u00edch th\u1ea5p MT-GF \u0111\u01b0\u1ee3c thi\u1ebft k\u1ebf chuy\u00ean bi\u1ec7t \u0111\u1ec3 \u0111o ch\u00ednh x\u00e1c ch\u1ea5t l\u1ecfng c\u00f3 l\u01b0u l\u01b0\u1ee3ng th\u1ea5p v\u00e0 \u0111\u1ed9 nh\u1edbt cao. V\u1edbi thi\u1ebft k\u1ebf b\u00e1nh r\u0103ng k\u00e9p c\u00f3 r\u0103ng \u0111\u1ed3ng b\u1ed9 v\u00e0 bu\u1ed3ng \u0111o dung sai c\u1ef1c th\u1ea5p...","og_url":"https:\/\/quando.com.vn\/en\/product\/dong-ho-do-luu-luong-chat-long-kieu-the-tich-mt-gf\/","og_site_name":"QUANDO","article_modified_time":"2025-07-15T10:04:23+00:00","twitter_card":"summary_large_image","twitter_image":"https:\/\/quando.com.vn\/wp-content\/uploads\/2025\/07\/gear-positive-displacement-flowmeter-MT-GF.webp","twitter_misc":{"Est. reading time":"2 minutes"},"schema":{"@context":"https:\/\/schema.org","@graph":[{"@type":"WebSite","@id":"https:\/\/quando.com.vn\/en\/#website","url":"https:\/\/quando.com.vn\/en\/","name":"QUANDO","description":"","potentialAction":[{"@type":"SearchAction","target":{"@type":"EntryPoint","urlTemplate":"https:\/\/quando.com.vn\/en\/?s={search_term_string}"},"query-input":"required name=search_term_string"}],"inLanguage":"en-US"},{"@type":"ImageObject","@id":"https:\/\/quando.com.vn\/san-pham\/dong-ho-do-luu-luong-chat-long-kieu-the-tich-mt-gf\/#primaryimage","inLanguage":"en-US","url":"https:\/\/quando.com.vn\/wp-content\/uploads\/2025\/07\/gear-positive-displacement-flowmeter-MT-GF.webp","contentUrl":"https:\/\/quando.com.vn\/wp-content\/uploads\/2025\/07\/gear-positive-displacement-flowmeter-MT-GF.webp","width":428,"height":428,"caption":"gear-positive-displacement-flowmeter-MT-GF"},{"@type":"WebPage","@id":"https:\/\/quando.com.vn\/san-pham\/dong-ho-do-luu-luong-chat-long-kieu-the-tich-mt-gf\/#webpage","url":"https:\/\/quando.com.vn\/san-pham\/dong-ho-do-luu-luong-chat-long-kieu-the-tich-mt-gf\/","name":"\u0110\u1ed3ng h\u1ed3 \u0111o l\u01b0u l\u01b0\u1ee3ng th\u1ec3 t\u00edch th\u1ea5p MT-GF - QUANDO","isPartOf":{"@id":"https:\/\/quando.com.vn\/en\/#website"},"primaryImageOfPage":{"@id":"https:\/\/quando.com.vn\/san-pham\/dong-ho-do-luu-luong-chat-long-kieu-the-tich-mt-gf\/#primaryimage"},"datePublished":"2025-07-02T07:57:17+00:00","dateModified":"2025-07-15T10:04:23+00:00","description":"\u0110\u1ed3ng h\u1ed3 \u0111o l\u01b0u l\u01b0\u1ee3ng th\u1ec3 t\u00edch th\u1ea5p MT-GF \u0111\u01b0\u1ee3c thi\u1ebft k\u1ebf chuy\u00ean bi\u1ec7t \u0111\u1ec3 \u0111o ch\u00ednh x\u00e1c ch\u1ea5t l\u1ecfng c\u00f3 l\u01b0u l\u01b0\u1ee3ng th\u1ea5p v\u00e0 \u0111\u1ed9 nh\u1edbt cao. V\u1edbi thi\u1ebft k\u1ebf b\u00e1nh r\u0103ng k\u00e9p c\u00f3 r\u0103ng \u0111\u1ed3ng b\u1ed9 v\u00e0 bu\u1ed3ng \u0111o dung sai c\u1ef1c th\u1ea5p...","breadcrumb":{"@id":"https:\/\/quando.com.vn\/san-pham\/dong-ho-do-luu-luong-chat-long-kieu-the-tich-mt-gf\/#breadcrumb"},"inLanguage":"en-US","potentialAction":[{"@type":"ReadAction","target":["https:\/\/quando.com.vn\/san-pham\/dong-ho-do-luu-luong-chat-long-kieu-the-tich-mt-gf\/"]}]},{"@type":"BreadcrumbList","@id":"https:\/\/quando.com.vn\/san-pham\/dong-ho-do-luu-luong-chat-long-kieu-the-tich-mt-gf\/#breadcrumb","itemListElement":[{"@type":"ListItem","position":1,"name":"Trang ch\u1ee7","item":"https:\/\/quando.com.vn\/"},{"@type":"ListItem","position":2,"name":"S\u1ea3n ph\u1ea9m","item":"https:\/\/quando.com.vn\/san-pham\/"},{"@type":"ListItem","position":3,"name":"\u0110\u1ed3ng h\u1ed3 \u0111o l\u01b0u l\u01b0\u1ee3ng th\u1ec3 t\u00edch th\u1ea5p MT-GF"}]}]}},"_links":{"self":[{"href":"https:\/\/quando.com.vn\/en\/wp-json\/wp\/v2\/product\/7216"}],"collection":[{"href":"https:\/\/quando.com.vn\/en\/wp-json\/wp\/v2\/product"}],"about":[{"href":"https:\/\/quando.com.vn\/en\/wp-json\/wp\/v2\/types\/product"}],"wp:featuredmedia":[{"embeddable":true,"href":"https:\/\/quando.com.vn\/en\/wp-json\/wp\/v2\/media\/7217"}],"wp:attachment":[{"href":"https:\/\/quando.com.vn\/en\/wp-json\/wp\/v2\/media?parent=7216"}],"wp:term":[{"taxonomy":"product_cat","embeddable":true,"href":"https:\/\/quando.com.vn\/en\/wp-json\/wp\/v2\/product_cat?post=7216"},{"taxonomy":"product_tag","embeddable":true,"href":"https:\/\/quando.com.vn\/en\/wp-json\/wp\/v2\/product_tag?post=7216"}],"curies":[{"name":"wp","href":"https:\/\/api.w.org\/{rel}","templated":true}]}}