{"id":7206,"date":"2025-07-02T14:22:32","date_gmt":"2025-07-02T07:22:32","guid":{"rendered":"https:\/\/quando.com.vn\/?post_type=product&#038;p=7206"},"modified":"2025-07-02T14:22:32","modified_gmt":"2025-07-02T07:22:32","slug":"dong-ho-do-luu-luong-khi-mt212x-ex-tieu-chuan-chong-chay-no","status":"publish","type":"product","link":"https:\/\/quando.com.vn\/en\/product\/dong-ho-do-luu-luong-khi-mt212x-ex-tieu-chuan-chong-chay-no\/","title":{"rendered":"\u0110\u1ed3ng h\u1ed3 \u0111o l\u01b0u l\u01b0\u1ee3ng kh\u00ed  MT212x-Ex- Ti\u00eau chu\u1ea9n ch\u1ed1ng ch\u00e1y n\u1ed5"},"content":{"rendered":"<h3>\u0110\u1ed3ng h\u1ed3 \u0111o l\u01b0u l\u01b0\u1ee3ng kh\u00ed ch\u1ed1ng ch\u00e1y n\u1ed5 MT212x-Ex \u2013 Thermal Mass Flow Meter<\/h3>\n<p><strong>MT212x-Ex<\/strong> l\u00e0 phi\u00ean b\u1ea3n ch\u1ed1ng ch\u00e1y n\u1ed5 c\u1ee7a d\u00f2ng MT211x, ho\u1ea1t \u0111\u1ed9ng d\u1ef1a tr\u00ean nguy\u00ean l\u00fd \u0111o l\u01b0u l\u01b0\u1ee3ng kh\u1ed1i b\u1eb1ng nhi\u1ec7t. Thi\u1ebft b\u1ecb l\u00fd t\u01b0\u1edfng \u0111\u1ec3 \u0111o c\u00e1c lo\u1ea1i kh\u00ed c\u00f4ng nghi\u1ec7p nh\u01b0 kh\u00ed n\u00e9n, oxy, CO\u2082, nitrogen&#8230; trong c\u00e1c m\u00f4i tr\u01b0\u1eddng d\u1ec5 ch\u00e1y n\u1ed5 nh\u1edd chu\u1ea9n Ex db IIC T6 Gb \/ Ex tb IIIC T80\u00b0C Db. Kh\u00f4ng c\u1ea7n b\u00f9 \u00e1p v\u00e0 nhi\u1ec7t, \u0111\u1ed9 ch\u00ednh x\u00e1c cao, d\u1ea3i \u0111o r\u1ed9ng l\u00ean \u0111\u1ebfn 2171 Nm\u00b3\/h.<\/p>\n<h3>Th\u00f4ng s\u1ed1 k\u1ef9 thu\u1eadt<\/h3>\n<table>\n<tbody>\n<tr>\n<td><strong>M\u00e3 s\u1ea3n ph\u1ea9m<\/strong><\/td>\n<td>MT212x-Ex<\/td>\n<\/tr>\n<tr>\n<td><strong>\u0110\u01b0\u1eddng k\u00ednh danh \u0111\u1ecbnh<\/strong><\/td>\n<td>DN 15 \u2013 80 (1\/2&#8243; \u2013 3&#8243;), t\u00f9y ch\u1ecdn \u0111\u1ebfn DN1000<\/td>\n<\/tr>\n<tr>\n<td><strong>D\u1ea3i \u0111o<\/strong><\/td>\n<td>0.06 \u2013 2171 Nm\u00b3\/h<\/td>\n<\/tr>\n<tr>\n<td><strong>T\u1ef7 l\u1ec7 thu h\u1eb9p<\/strong><\/td>\n<td>1:2500<\/td>\n<\/tr>\n<tr>\n<td><strong>\u0110\u1ed9 ch\u00ednh x\u00e1c<\/strong><\/td>\n<td>\u00b1(1.5% RD + 0.3% FS), t\u00f9y ch\u1ecdn \u00b11% RD<\/td>\n<\/tr>\n<tr>\n<td><strong>Nhi\u1ec7t \u0111\u1ed9 m\u00f4i ch\u1ea5t<\/strong><\/td>\n<td>-40 \u0111\u1ebfn 80\u00b0C (-40 \u0111\u1ebfn 176\u00b0F)<\/td>\n<\/tr>\n<tr>\n<td><strong>Nhi\u1ec7t \u0111\u1ed9 m\u00f4i tr\u01b0\u1eddng<\/strong><\/td>\n<td>-30 \u0111\u1ebfn 60\u00b0C (-22 \u0111\u1ebfn 140\u00b0F)<\/td>\n<\/tr>\n<tr>\n<td><strong>\u00c1p su\u1ea5t t\u1ed1i \u0111a<\/strong><\/td>\n<td>63 bar (913.74 psi)<\/td>\n<\/tr>\n<tr>\n<td><strong>V\u1eadt li\u1ec7u ti\u1ebfp x\u00fac<\/strong><\/td>\n<td>Inox 304 (chu\u1ea9n), 316 (t\u00f9y ch\u1ecdn)<\/td>\n<\/tr>\n<tr>\n<td><strong>K\u1ebft n\u1ed1i quy tr\u00ecnh<\/strong><\/td>\n<td>M\u1eb7t b\u00edch \/ ren<\/td>\n<\/tr>\n<tr>\n<td><strong>\u0110\u1ea7u ra<\/strong><\/td>\n<td>4-20 mA, xung<\/td>\n<\/tr>\n<tr>\n<td><strong>Giao ti\u1ebfp s\u1ed1<\/strong><\/td>\n<td>Modbus\/RS-485 (chu\u1ea9n), kh\u00f4ng d\u00e2y (t\u00f9y ch\u1ecdn)<\/td>\n<\/tr>\n<tr>\n<td><strong>Ngu\u1ed3n c\u1ea5p<\/strong><\/td>\n<td>DC 18 \u2013 30 V<\/td>\n<\/tr>\n<tr>\n<td><strong>C\u1ea5p b\u1ea3o v\u1ec7<\/strong><\/td>\n<td>IP67<\/td>\n<\/tr>\n<tr>\n<td><strong>Ch\u1ed1ng ch\u00e1y n\u1ed5<\/strong><\/td>\n<td>Ex db IIC T6 Gb \/ Ex tb IIIC T80\u00b0C Db<\/td>\n<\/tr>\n<\/tbody>\n<\/table>\n<h3>\u0110\u1eb7c \u0111i\u1ec3m n\u1ed5i b\u1eadt<\/h3>\n<ul>\n<li>Kh\u00f4ng c\u1ea7n b\u00f9 \u00e1p su\u1ea5t v\u00e0 nhi\u1ec7t \u0111\u1ed9<\/li>\n<li>\u0110o l\u01b0u l\u01b0\u1ee3ng kh\u00ed v\u1edbi \u0111\u1ed9 ch\u00ednh x\u00e1c cao<\/li>\n<li>D\u1ea3i \u0111o si\u00eau r\u1ed9ng, l\u00fd t\u01b0\u1edfng cho h\u1ec7 th\u1ed1ng kh\u00ed l\u1edbn<\/li>\n<li>Ti\u00eau chu\u1ea9n ch\u1ed1ng ch\u00e1y n\u1ed5 qu\u1ed1c t\u1ebf<\/li>\n<li>Thi\u1ebft k\u1ebf ch\u1eafc ch\u1eafn, kh\u00f4ng c\u00f3 b\u1ed9 ph\u1eadn chuy\u1ec3n \u0111\u1ed9ng<\/li>\n<li>D\u1eef li\u1ec7u hi\u1ec3n th\u1ecb qua m\u00e0n h\u00ecnh ho\u1eb7c qua app Bluetooth<\/li>\n<\/ul>\n<h3>\u1ee8ng d\u1ee5ng th\u1ef1c t\u1ebf<\/h3>\n<ul>\n<li><strong>D\u1ea7u kh\u00ed:<\/strong> \u0111o kh\u00ed flare, kh\u00ed \u0111\u1ea7u gi\u1ebfng<\/li>\n<li><strong>M\u00f4i tr\u01b0\u1eddng:<\/strong> kh\u00ed th\u1ea3i, kh\u00ed biogas<\/li>\n<li><strong>H\u00f3a ch\u1ea5t:<\/strong> ph\u00e1t hi\u1ec7n r\u00f2 r\u1ec9, d\u00f2ng kh\u00ed qu\u00e1 tr\u00ecnh<\/li>\n<li><strong>D\u01b0\u1ee3c ph\u1ea9m:<\/strong> l\u01b0u l\u01b0\u1ee3ng kh\u00ed s\u1ea1ch trong ph\u00f2ng v\u00f4 tr\u00f9ng<\/li>\n<li><strong>\u0110\u1ed3 u\u1ed1ng:<\/strong> CO\u2082 trong n\u01b0\u1edbc ng\u1ecdt, N\u2082 \u0111\u00f3ng g\u00f3i<\/li>\n<li><strong>HVAC:<\/strong> h\u1ec7 th\u1ed1ng \u0111i\u1ec1u h\u00f2a, th\u00f4ng gi\u00f3 c\u00f4ng nghi\u1ec7p<\/li>\n<\/ul>","protected":false},"excerpt":{"rendered":"<p>&#8211; \u0110\u1ed9 ch\u00ednh x\u00e1c: \u00b1(1.5% RD + 0.3% FS), t\u00f9y ch\u1ecdn th\u00eam \u00b11% RD<br \/>\n&#8211; D\u1ea3i \u0111o: 0.06 \u2013 2171 Nm\u00b3\/h<br \/>\n&#8211; \u00c1p su\u1ea5t t\u1ed1i \u0111a: 63 bar<br \/>\n&#8211; Nhi\u1ec7t \u0111\u1ed9 m\u00f4i ch\u1ea5t: -40 \u0111\u1ebfn 80\u00b0C<br \/>\n&#8211; Ti\u00eau chu\u1ea9n ch\u1ed1ng ch\u00e1y n\u1ed5: Ex db IIC T6 Gb<\/p>","protected":false},"featured_media":7207,"template":"","meta":[],"product_cat":[497,501,416,444,484,488,509],"product_tag":[],"acf":[],"yoast_head":"<!-- This site is optimized with the Yoast SEO Premium plugin v18.4 (Yoast SEO v18.6) - https:\/\/yoast.com\/wordpress\/plugins\/seo\/ -->\n<title>\u0110\u1ed3ng h\u1ed3 \u0111o l\u01b0u l\u01b0\u1ee3ng kh\u00ed MT212x-Ex- Ti\u00eau chu\u1ea9n ch\u1ed1ng ch\u00e1y n\u1ed5 - QUANDO<\/title>\n<meta name=\"description\" content=\"\u0110\u1ed3ng h\u1ed3 \u0111o l\u01b0u l\u01b0\u1ee3ng kh\u00ed ch\u1ed1ng ch\u00e1y n\u1ed5 MT212x-Ex \u0111o kh\u00ed n\u00e9n, oxy, CO\u2082... D\u1ea3i \u0111o r\u1ed9ng 0.06\u20132171 Nm\u00b3\/h, \u0111\u1ea1t chu\u1ea9n Ex db IIC T6 Gb, IP67...\" \/>\n<meta name=\"robots\" content=\"index, follow, max-snippet:-1, max-image-preview:large, max-video-preview:-1\" \/>\n<link rel=\"canonical\" href=\"https:\/\/quando.com.vn\/en\/product\/dong-ho-do-luu-luong-khi-mt212x-ex-tieu-chuan-chong-chay-no\/\" \/>\n<meta property=\"og:locale\" content=\"en_US\" \/>\n<meta property=\"og:type\" content=\"article\" \/>\n<meta property=\"og:title\" content=\"\u0110\u1ed3ng h\u1ed3 \u0111o l\u01b0u l\u01b0\u1ee3ng kh\u00ed MT212x-Ex- Ti\u00eau chu\u1ea9n ch\u1ed1ng ch\u00e1y n\u1ed5\" \/>\n<meta property=\"og:description\" content=\"\u0110\u1ed3ng h\u1ed3 \u0111o l\u01b0u l\u01b0\u1ee3ng kh\u00ed ch\u1ed1ng ch\u00e1y n\u1ed5 MT212x-Ex \u0111o kh\u00ed n\u00e9n, oxy, CO\u2082... D\u1ea3i \u0111o r\u1ed9ng 0.06\u20132171 Nm\u00b3\/h, \u0111\u1ea1t chu\u1ea9n Ex db IIC T6 Gb, IP67...\" \/>\n<meta property=\"og:url\" content=\"https:\/\/quando.com.vn\/en\/product\/dong-ho-do-luu-luong-khi-mt212x-ex-tieu-chuan-chong-chay-no\/\" \/>\n<meta property=\"og:site_name\" content=\"QUANDO\" \/>\n<meta property=\"og:image\" content=\"https:\/\/quando.com.vn\/wp-content\/uploads\/2025\/07\/Explosion-proof-Thermal-Mass-Flowmeter-MT212x-Ex.jpg\" \/>\n\t<meta property=\"og:image:width\" content=\"800\" \/>\n\t<meta property=\"og:image:height\" content=\"800\" \/>\n\t<meta property=\"og:image:type\" content=\"image\/jpeg\" \/>\n<meta name=\"twitter:card\" content=\"summary_large_image\" \/>\n<meta name=\"twitter:label1\" content=\"Est. reading time\" \/>\n\t<meta name=\"twitter:data1\" content=\"2 minutes\" \/>\n<script type=\"application\/ld+json\" class=\"yoast-schema-graph\">{\"@context\":\"https:\/\/schema.org\",\"@graph\":[{\"@type\":\"WebSite\",\"@id\":\"https:\/\/quando.com.vn\/en\/#website\",\"url\":\"https:\/\/quando.com.vn\/en\/\",\"name\":\"QUANDO\",\"description\":\"\",\"potentialAction\":[{\"@type\":\"SearchAction\",\"target\":{\"@type\":\"EntryPoint\",\"urlTemplate\":\"https:\/\/quando.com.vn\/en\/?s={search_term_string}\"},\"query-input\":\"required name=search_term_string\"}],\"inLanguage\":\"en-US\"},{\"@type\":\"ImageObject\",\"@id\":\"https:\/\/quando.com.vn\/san-pham\/dong-ho-do-luu-luong-khi-mt212x-ex-tieu-chuan-chong-chay-no\/#primaryimage\",\"inLanguage\":\"en-US\",\"url\":\"https:\/\/quando.com.vn\/wp-content\/uploads\/2025\/07\/Explosion-proof-Thermal-Mass-Flowmeter-MT212x-Ex.jpg\",\"contentUrl\":\"https:\/\/quando.com.vn\/wp-content\/uploads\/2025\/07\/Explosion-proof-Thermal-Mass-Flowmeter-MT212x-Ex.jpg\",\"width\":800,\"height\":800,\"caption\":\"\u0110\u1ed3ng h\u1ed3 \u0111o l\u01b0u l\u01b0\u1ee3ng ki\u1ec3u truy\u1ec1n nhi\u1ec7t MT212x-Ex\"},{\"@type\":\"WebPage\",\"@id\":\"https:\/\/quando.com.vn\/san-pham\/dong-ho-do-luu-luong-khi-mt212x-ex-tieu-chuan-chong-chay-no\/#webpage\",\"url\":\"https:\/\/quando.com.vn\/san-pham\/dong-ho-do-luu-luong-khi-mt212x-ex-tieu-chuan-chong-chay-no\/\",\"name\":\"\u0110\u1ed3ng h\u1ed3 \u0111o l\u01b0u l\u01b0\u1ee3ng kh\u00ed MT212x-Ex- Ti\u00eau chu\u1ea9n ch\u1ed1ng ch\u00e1y n\u1ed5 - QUANDO\",\"isPartOf\":{\"@id\":\"https:\/\/quando.com.vn\/en\/#website\"},\"primaryImageOfPage\":{\"@id\":\"https:\/\/quando.com.vn\/san-pham\/dong-ho-do-luu-luong-khi-mt212x-ex-tieu-chuan-chong-chay-no\/#primaryimage\"},\"datePublished\":\"2025-07-02T07:22:32+00:00\",\"dateModified\":\"2025-07-02T07:22:32+00:00\",\"description\":\"\u0110\u1ed3ng h\u1ed3 \u0111o l\u01b0u l\u01b0\u1ee3ng kh\u00ed ch\u1ed1ng ch\u00e1y n\u1ed5 MT212x-Ex \u0111o kh\u00ed n\u00e9n, oxy, CO\u2082... D\u1ea3i \u0111o r\u1ed9ng 0.06\u20132171 Nm\u00b3\/h, \u0111\u1ea1t chu\u1ea9n Ex db IIC T6 Gb, IP67...\",\"breadcrumb\":{\"@id\":\"https:\/\/quando.com.vn\/san-pham\/dong-ho-do-luu-luong-khi-mt212x-ex-tieu-chuan-chong-chay-no\/#breadcrumb\"},\"inLanguage\":\"en-US\",\"potentialAction\":[{\"@type\":\"ReadAction\",\"target\":[\"https:\/\/quando.com.vn\/san-pham\/dong-ho-do-luu-luong-khi-mt212x-ex-tieu-chuan-chong-chay-no\/\"]}]},{\"@type\":\"BreadcrumbList\",\"@id\":\"https:\/\/quando.com.vn\/san-pham\/dong-ho-do-luu-luong-khi-mt212x-ex-tieu-chuan-chong-chay-no\/#breadcrumb\",\"itemListElement\":[{\"@type\":\"ListItem\",\"position\":1,\"name\":\"Trang ch\u1ee7\",\"item\":\"https:\/\/quando.com.vn\/\"},{\"@type\":\"ListItem\",\"position\":2,\"name\":\"S\u1ea3n ph\u1ea9m\",\"item\":\"https:\/\/quando.com.vn\/san-pham\/\"},{\"@type\":\"ListItem\",\"position\":3,\"name\":\"\u0110\u1ed3ng h\u1ed3 \u0111o l\u01b0u l\u01b0\u1ee3ng kh\u00ed MT212x-Ex- Ti\u00eau chu\u1ea9n ch\u1ed1ng ch\u00e1y n\u1ed5\"}]}]}<\/script>\n<!-- \/ Yoast SEO Premium plugin. -->","yoast_head_json":{"title":"\u0110\u1ed3ng h\u1ed3 \u0111o l\u01b0u l\u01b0\u1ee3ng kh\u00ed MT212x-Ex- Ti\u00eau chu\u1ea9n ch\u1ed1ng ch\u00e1y n\u1ed5 - QUANDO","description":"\u0110\u1ed3ng h\u1ed3 \u0111o l\u01b0u l\u01b0\u1ee3ng kh\u00ed ch\u1ed1ng ch\u00e1y n\u1ed5 MT212x-Ex \u0111o kh\u00ed n\u00e9n, oxy, CO\u2082... D\u1ea3i \u0111o r\u1ed9ng 0.06\u20132171 Nm\u00b3\/h, \u0111\u1ea1t chu\u1ea9n Ex db IIC T6 Gb, IP67...","robots":{"index":"index","follow":"follow","max-snippet":"max-snippet:-1","max-image-preview":"max-image-preview:large","max-video-preview":"max-video-preview:-1"},"canonical":"https:\/\/quando.com.vn\/en\/product\/dong-ho-do-luu-luong-khi-mt212x-ex-tieu-chuan-chong-chay-no\/","og_locale":"en_US","og_type":"article","og_title":"\u0110\u1ed3ng h\u1ed3 \u0111o l\u01b0u l\u01b0\u1ee3ng kh\u00ed MT212x-Ex- Ti\u00eau chu\u1ea9n ch\u1ed1ng ch\u00e1y n\u1ed5","og_description":"\u0110\u1ed3ng h\u1ed3 \u0111o l\u01b0u l\u01b0\u1ee3ng kh\u00ed ch\u1ed1ng ch\u00e1y n\u1ed5 MT212x-Ex \u0111o kh\u00ed n\u00e9n, oxy, CO\u2082... D\u1ea3i \u0111o r\u1ed9ng 0.06\u20132171 Nm\u00b3\/h, \u0111\u1ea1t chu\u1ea9n Ex db IIC T6 Gb, IP67...","og_url":"https:\/\/quando.com.vn\/en\/product\/dong-ho-do-luu-luong-khi-mt212x-ex-tieu-chuan-chong-chay-no\/","og_site_name":"QUANDO","og_image":[{"width":800,"height":800,"url":"https:\/\/quando.com.vn\/wp-content\/uploads\/2025\/07\/Explosion-proof-Thermal-Mass-Flowmeter-MT212x-Ex.jpg","type":"image\/jpeg"}],"twitter_card":"summary_large_image","twitter_misc":{"Est. reading time":"2 minutes"},"schema":{"@context":"https:\/\/schema.org","@graph":[{"@type":"WebSite","@id":"https:\/\/quando.com.vn\/en\/#website","url":"https:\/\/quando.com.vn\/en\/","name":"QUANDO","description":"","potentialAction":[{"@type":"SearchAction","target":{"@type":"EntryPoint","urlTemplate":"https:\/\/quando.com.vn\/en\/?s={search_term_string}"},"query-input":"required name=search_term_string"}],"inLanguage":"en-US"},{"@type":"ImageObject","@id":"https:\/\/quando.com.vn\/san-pham\/dong-ho-do-luu-luong-khi-mt212x-ex-tieu-chuan-chong-chay-no\/#primaryimage","inLanguage":"en-US","url":"https:\/\/quando.com.vn\/wp-content\/uploads\/2025\/07\/Explosion-proof-Thermal-Mass-Flowmeter-MT212x-Ex.jpg","contentUrl":"https:\/\/quando.com.vn\/wp-content\/uploads\/2025\/07\/Explosion-proof-Thermal-Mass-Flowmeter-MT212x-Ex.jpg","width":800,"height":800,"caption":"\u0110\u1ed3ng h\u1ed3 \u0111o l\u01b0u l\u01b0\u1ee3ng ki\u1ec3u truy\u1ec1n nhi\u1ec7t MT212x-Ex"},{"@type":"WebPage","@id":"https:\/\/quando.com.vn\/san-pham\/dong-ho-do-luu-luong-khi-mt212x-ex-tieu-chuan-chong-chay-no\/#webpage","url":"https:\/\/quando.com.vn\/san-pham\/dong-ho-do-luu-luong-khi-mt212x-ex-tieu-chuan-chong-chay-no\/","name":"\u0110\u1ed3ng h\u1ed3 \u0111o l\u01b0u l\u01b0\u1ee3ng kh\u00ed MT212x-Ex- Ti\u00eau chu\u1ea9n ch\u1ed1ng ch\u00e1y n\u1ed5 - QUANDO","isPartOf":{"@id":"https:\/\/quando.com.vn\/en\/#website"},"primaryImageOfPage":{"@id":"https:\/\/quando.com.vn\/san-pham\/dong-ho-do-luu-luong-khi-mt212x-ex-tieu-chuan-chong-chay-no\/#primaryimage"},"datePublished":"2025-07-02T07:22:32+00:00","dateModified":"2025-07-02T07:22:32+00:00","description":"\u0110\u1ed3ng h\u1ed3 \u0111o l\u01b0u l\u01b0\u1ee3ng kh\u00ed ch\u1ed1ng ch\u00e1y n\u1ed5 MT212x-Ex \u0111o kh\u00ed n\u00e9n, oxy, CO\u2082... D\u1ea3i \u0111o r\u1ed9ng 0.06\u20132171 Nm\u00b3\/h, \u0111\u1ea1t chu\u1ea9n Ex db IIC T6 Gb, IP67...","breadcrumb":{"@id":"https:\/\/quando.com.vn\/san-pham\/dong-ho-do-luu-luong-khi-mt212x-ex-tieu-chuan-chong-chay-no\/#breadcrumb"},"inLanguage":"en-US","potentialAction":[{"@type":"ReadAction","target":["https:\/\/quando.com.vn\/san-pham\/dong-ho-do-luu-luong-khi-mt212x-ex-tieu-chuan-chong-chay-no\/"]}]},{"@type":"BreadcrumbList","@id":"https:\/\/quando.com.vn\/san-pham\/dong-ho-do-luu-luong-khi-mt212x-ex-tieu-chuan-chong-chay-no\/#breadcrumb","itemListElement":[{"@type":"ListItem","position":1,"name":"Trang ch\u1ee7","item":"https:\/\/quando.com.vn\/"},{"@type":"ListItem","position":2,"name":"S\u1ea3n ph\u1ea9m","item":"https:\/\/quando.com.vn\/san-pham\/"},{"@type":"ListItem","position":3,"name":"\u0110\u1ed3ng h\u1ed3 \u0111o l\u01b0u l\u01b0\u1ee3ng kh\u00ed MT212x-Ex- Ti\u00eau chu\u1ea9n ch\u1ed1ng ch\u00e1y n\u1ed5"}]}]}},"_links":{"self":[{"href":"https:\/\/quando.com.vn\/en\/wp-json\/wp\/v2\/product\/7206"}],"collection":[{"href":"https:\/\/quando.com.vn\/en\/wp-json\/wp\/v2\/product"}],"about":[{"href":"https:\/\/quando.com.vn\/en\/wp-json\/wp\/v2\/types\/product"}],"wp:featuredmedia":[{"embeddable":true,"href":"https:\/\/quando.com.vn\/en\/wp-json\/wp\/v2\/media\/7207"}],"wp:attachment":[{"href":"https:\/\/quando.com.vn\/en\/wp-json\/wp\/v2\/media?parent=7206"}],"wp:term":[{"taxonomy":"product_cat","embeddable":true,"href":"https:\/\/quando.com.vn\/en\/wp-json\/wp\/v2\/product_cat?post=7206"},{"taxonomy":"product_tag","embeddable":true,"href":"https:\/\/quando.com.vn\/en\/wp-json\/wp\/v2\/product_tag?post=7206"}],"curies":[{"name":"wp","href":"https:\/\/api.w.org\/{rel}","templated":true}]}}